{"id":9441,"date":"2015-11-12T13:31:38","date_gmt":"2015-11-12T10:31:38","guid":{"rendered":"https:\/\/uzem.omu.edu.tr\/?page_id=9441"},"modified":"2026-03-09T15:02:26","modified_gmt":"2026-03-09T12:02:26","slug":"ortak-dersler-sinavlar","status":"publish","type":"page","link":"https:\/\/uzem.omu.edu.tr\/en\/ortak-dersler-sinavlar\/","title":{"rendered":"Ortak Dersler | S\u0131navlar"},"content":{"rendered":"<p>[vc_row css=&#8221;.vc_custom_1700037855791{margin-left: 0px !important;padding-left: 0px !important;}&#8221;][vc_column width=&#8221;2\/3&#8243; css=&#8221;.vc_custom_1700037860434{margin-left: 0px !important;padding-left: 0px !important;}&#8221;][vc_empty_space height=&#8221;15px&#8221;][vc_column_text]<strong>De\u011ferli \u00d6\u011frencilerimiz;<\/strong><\/p>\n<p><strong>Ortak Dersler Vize s\u0131navlar\u0131 &#8220;online&#8221; (\u00e7evrimi\u00e7i), Final ve B\u00fct\u00fcnleme S\u0131navlar\u0131 ise y\u00fcz y\u00fcze kamp\u00fcs i\u00e7inde bulunan okul binalar\u0131nda s\u0131n\u0131f ortam\u0131nda ger\u00e7ekle\u015ftirilecektir. <\/strong><\/p>\n<p><strong>S\u0131nav takvimleri a\u015fa\u011f\u0131daki gibidir. <\/strong><\/p>\n<p><strong>Y\u00fcz y\u00fcze s\u0131navlar i\u00e7in yan\u0131n\u0131zda bulundurmak zorunda oldu\u011funuz &#8220;<\/strong><strong>S\u0131nav Giri\u015f Belgesi&#8221;ni <a href=\"https:\/\/sinav.omu.edu.tr\/student\/session\/new\" target=\"_blank\" rel=\"noopener\">sinav.omu.edu.tr<\/a> adresinden alabilirsiniz.<\/strong>[\/vc_column_text][vc_column_text el_class=&#8221;menu-basligi&#8221;]<strong>V\u0130ZE SINAV TAKV\u0130M\u0130<\/strong>[\/vc_column_text][vc_column_text el_class=&#8221;ders-tablosu&#8221;]<\/p>\n<table width=\"470\">\n<tbody>\n<tr>\n<td width=\"252\">Ders<\/td>\n<td width=\"148\">Tarih<\/td>\n<td width=\"70\">Saat<\/td>\n<\/tr>\n<tr>\n<td>T\u00fcrk Dili II*<\/td>\n<td>15 Nisan 2026<\/td>\n<td>17:30<\/td>\n<\/tr>\n<tr>\n<td>T\u00fcrk Dili II**<\/td>\n<td>15 Nisan 2026<\/td>\n<td>18:15<\/td>\n<\/tr>\n<tr>\n<td>T\u00fcrk Dili II***<\/td>\n<td>15 Nisan 2026<\/td>\n<td>19:00<\/td>\n<\/tr>\n<tr>\n<td>T\u00fcrk Dili II****<\/td>\n<td>15 Nisan 2026<\/td>\n<td>19:45<\/td>\n<\/tr>\n<tr>\n<td>Atat\u00fcrk \u0130lkeleri ve \u0130nk\u0131lap Tarihi II*<\/td>\n<td>16 Nisan 2026<\/td>\n<td>17:30<\/td>\n<\/tr>\n<tr>\n<td>Atat\u00fcrk \u0130lkeleri ve \u0130nk\u0131lap Tarihi II**<\/td>\n<td>16 Nisan 2026<\/td>\n<td>18:15<\/td>\n<\/tr>\n<tr>\n<td>Atat\u00fcrk \u0130lkeleri ve \u0130nk\u0131lap Tarihi II***<\/td>\n<td>16 Nisan 2026<\/td>\n<td>19:00<\/td>\n<\/tr>\n<tr>\n<td>Atat\u00fcrk \u0130lkeleri ve \u0130nk\u0131lap Tarihi II****<\/td>\n<td>16 Nisan 2026<\/td>\n<td>19:45<\/td>\n<\/tr>\n<tr>\n<td>\u0130\u015f Sa\u011fl\u0131\u011f\u0131 ve G\u00fcvenli\u011fi II*<\/td>\n<td>17 Nisan 2026<\/td>\n<td>17:30<\/td>\n<\/tr>\n<tr>\n<td>\u0130\u015f Sa\u011fl\u0131\u011f\u0131 ve G\u00fcvenli\u011fi II**<\/td>\n<td>17 Nisan 2026<\/td>\n<td>18:15<\/td>\n<\/tr>\n<tr>\n<td>\u0130ngilizce II*<\/td>\n<td>17 Nisan 2026<\/td>\n<td>19:00<\/td>\n<\/tr>\n<tr>\n<td>\u0130ngilizce II**<\/td>\n<td>17 Nisan 2026<\/td>\n<td>19:45<\/td>\n<\/tr>\n<tr>\n<td>T\u00fcrk Dili II*****<\/td>\n<td>18 Nisan 2026<\/td>\n<td>13:00<\/td>\n<\/tr>\n<tr>\n<td>Atat\u00fcrk \u0130lkeleri ve \u0130nk\u0131lap Tarihi II*****<\/td>\n<td>18 Nisan 2026<\/td>\n<td>13:45<\/td>\n<\/tr>\n<tr>\n<td>\u0130ngilizce II***<\/td>\n<td>18 Nisan 2026<\/td>\n<td>14:30<\/td>\n<\/tr>\n<\/tbody>\n<\/table>\n<p>[\/vc_column_text][vc_column_text el_class=&#8221;menu-basligi&#8221;]<strong>F\u0130NAL SINAV TAKV\u0130M\u0130<\/strong>[\/vc_column_text][vc_column_text el_class=&#8221;ders-tablosu&#8221;]<\/p>\n<table width=\"563\">\n<tbody>\n<tr>\n<td width=\"252\">Dersler<\/td>\n<td width=\"148\">Final s\u0131nav tarihi<\/td>\n<td width=\"70\">Oturum<\/td>\n<td width=\"93\">Saat<\/td>\n<\/tr>\n<tr>\n<td>T\u00fcrk Dili-II<\/td>\n<td>7 Haziran 2026<\/td>\n<td>I.Oturum<\/td>\n<td>14:00<\/td>\n<\/tr>\n<tr>\n<td>Atat\u00fcrk \u0130lkeleri ve \u0130nk\u0131lap Tarihi-II<\/td>\n<td>7 Haziran 2026<\/td>\n<td>I.Oturum<\/td>\n<td>14:00<\/td>\n<\/tr>\n<tr>\n<td>\u0130ngilizce-II<\/td>\n<td>7 Haziran 2026<\/td>\n<td>I.Oturum<\/td>\n<td>14:00<\/td>\n<\/tr>\n<tr>\n<td>\u0130\u015f\u00a0Sa\u011fl\u0131\u011f\u0131\u00a0ve\u00a0G\u00fcvenli\u011fi-II<\/td>\n<td>7 Haziran 2026<\/td>\n<td>I.Oturum<\/td>\n<td>14:00<\/td>\n<\/tr>\n<tr>\n<td>T\u00fcrk Dili-II<\/td>\n<td>7 Haziran 2026<\/td>\n<td>II.Oturum<\/td>\n<td>16:00<\/td>\n<\/tr>\n<tr>\n<td>Atat\u00fcrk \u0130lkeleri ve \u0130nk\u0131lap Tarihi-II<\/td>\n<td>7 Haziran 2026<\/td>\n<td>II.Oturum<\/td>\n<td>16:00<\/td>\n<\/tr>\n<tr>\n<td>\u0130ngilizce-II<\/td>\n<td>7 Haziran 2026<\/td>\n<td>II.Oturum<\/td>\n<td>16:00<\/td>\n<\/tr>\n<\/tbody>\n<\/table>\n<p>[\/vc_column_text][vc_column_text el_class=&#8221;menu-basligi&#8221;]<strong>B\u00dcT\u00dcNLEME SINAV TAKV\u0130M\u0130<\/strong>[\/vc_column_text][vc_column_text el_class=&#8221;ders-tablosu&#8221;]<\/p>\n<table width=\"563\">\n<tbody>\n<tr>\n<td width=\"252\">Dersler<\/td>\n<td width=\"148\">B\u00fct\u00fcnleme s\u0131nav tarihi<\/td>\n<td width=\"70\">Oturum<\/td>\n<td width=\"93\">Saat<\/td>\n<\/tr>\n<tr>\n<td>T\u00fcrk Dili-II<\/td>\n<td>27 Haziran 2026<\/td>\n<td>I.Oturum<\/td>\n<td>11:30<\/td>\n<\/tr>\n<tr>\n<td>Atat\u00fcrk \u0130lkeleri ve \u0130nk\u0131lap Tarihi-II<\/td>\n<td>27 Haziran 2026<\/td>\n<td>I.Oturum<\/td>\n<td>11:30<\/td>\n<\/tr>\n<tr>\n<td>\u0130ngilizce-II<\/td>\n<td>27 Haziran 2026<\/td>\n<td>I.Oturum<\/td>\n<td>11:30<\/td>\n<\/tr>\n<tr>\n<td>\u0130\u015f\u00a0Sa\u011fl\u0131\u011f\u0131\u00a0ve\u00a0G\u00fcvenli\u011fi-II<\/td>\n<td>27 Haziran 2026<\/td>\n<td>I.Oturum<\/td>\n<td>11:30<\/td>\n<\/tr>\n<tr>\n<td>T\u00fcrk Dili-II<\/td>\n<td>27 Haziran 2026<\/td>\n<td>II.Oturum<\/td>\n<td>14:30<\/td>\n<\/tr>\n<tr>\n<td>Atat\u00fcrk \u0130lkeleri ve \u0130nk\u0131lap Tarihi-II<\/td>\n<td>27 Haziran 2026<\/td>\n<td>II.Oturum<\/td>\n<td>14:30<\/td>\n<\/tr>\n<tr>\n<td>\u0130ngilizce-II<\/td>\n<td>27 Haziran 2026<\/td>\n<td>II.Oturum<\/td>\n<td>14:30<\/td>\n<\/tr>\n<\/tbody>\n<\/table>\n<p>[\/vc_column_text][\/vc_column][vc_column width=&#8221;1\/3&#8243;][vc_widget_sidebar sidebar_id=&#8221;generated_sidebar-ortak-dersler&#8221;][\/vc_column][\/vc_row]<\/p>\n","protected":false},"excerpt":{"rendered":"<p>[vc_row css=&#8221;.vc_custom_1700037855791{margin-left: 0px !important;padding-left: 0px !important;}&#8221;][vc_column width=&#8221;2\/3&#8243; css=&#8221;.vc_custom_1700037860434{margin-left: 0px !important;padding-left: 0px !important;}&#8221;][vc_empty_space height=&#8221;15px&#8221;][vc_column_text]De\u011ferli \u00d6\u011frencilerimiz; Ortak Dersler Vize s\u0131navlar\u0131 &#8220;online&#8221; (\u00e7evrimi\u00e7i), Final ve B\u00fct\u00fcnleme S\u0131navlar\u0131 ise y\u00fcz y\u00fcze kamp\u00fcs i\u00e7inde bulunan okul binalar\u0131nda s\u0131n\u0131f ortam\u0131nda ger\u00e7ekle\u015ftirilecektir. S\u0131nav takvimleri a\u015fa\u011f\u0131daki gibidir. Y\u00fcz y\u00fcze s\u0131navlar i\u00e7in yan\u0131n\u0131zda bulundurmak zorunda oldu\u011funuz &#8220;S\u0131nav Giri\u015f Belgesi&#8221;ni sinav.omu.edu.tr adresinden alabilirsiniz.[\/vc_column_text][vc_column_text el_class=&#8221;menu-basligi&#8221;]V\u0130ZE SINAV TAKV\u0130M\u0130[\/vc_column_text][vc_column_text el_class=&#8221;ders-tablosu&#8221;] Ders Tarih Saat T\u00fcrk Dili II* 15 Nisan 2026 17:30 T\u00fcrk Dili II** 15 Nisan 2026 18:15 T\u00fcrk Dili II*** 15 Nisan 2026 19:00 T\u00fcrk Dili II**** 15 Nisan 2026 19:45 Atat\u00fcrk \u0130lkeleri ve \u0130nk\u0131lap Tarihi II* 16 Nisan 2026 17:30 Atat\u00fcrk \u0130lkeleri ve \u0130nk\u0131lap Tarihi II** 16 Nisan 2026 18:15 Atat\u00fcrk \u0130lkeleri ve \u0130nk\u0131lap Tarihi II*** 16 Nisan 2026 19:00 Atat\u00fcrk \u0130lkeleri ve \u0130nk\u0131lap Tarihi II**** 16 Nisan 2026 19:45 \u0130\u015f Sa\u011fl\u0131\u011f\u0131 ve G\u00fcvenli\u011fi II* 17 Nisan 2026 17:30 \u0130\u015f Sa\u011fl\u0131\u011f\u0131 ve G\u00fcvenli\u011fi II** 17 Nisan 2026 18:15 \u0130ngilizce II* 17 Nisan 2026 19:00 \u0130ngilizce II** 17 Nisan 2026 19:45 T\u00fcrk Dili II***** 18 Nisan 2026 13:00 Atat\u00fcrk \u0130lkeleri ve \u0130nk\u0131lap Tarihi II***** 18 Nisan 2026 13:45 \u0130ngilizce II*** 18 Nisan 2026 14:30 [\/vc_column_text][vc_column_text el_class=&#8221;menu-basligi&#8221;]F\u0130NAL SINAV TAKV\u0130M\u0130[\/vc_column_text][vc_column_text el_class=&#8221;ders-tablosu&#8221;] Dersler Final s\u0131nav tarihi Oturum Saat T\u00fcrk Dili-II 7 Haziran 2026 I.Oturum 14:00 Atat\u00fcrk \u0130lkeleri ve \u0130nk\u0131lap Tarihi-II 7 Haziran 2026 I.Oturum 14:00 \u0130ngilizce-II 7 Haziran 2026 I.Oturum 14:00 \u0130\u015f\u00a0Sa\u011fl\u0131\u011f\u0131\u00a0ve\u00a0G\u00fcvenli\u011fi-II 7 Haziran 2026 I.Oturum 14:00 T\u00fcrk Dili-II 7 Haziran 2026 II.Oturum 16:00 Atat\u00fcrk \u0130lkeleri ve \u0130nk\u0131lap Tarihi-II 7 Haziran 2026 II.Oturum 16:00 \u0130ngilizce-II 7 Haziran 2026 II.Oturum 16:00 [\/vc_column_text][vc_column_text el_class=&#8221;menu-basligi&#8221;]B\u00dcT\u00dcNLEME SINAV TAKV\u0130M\u0130[\/vc_column_text][vc_column_text el_class=&#8221;ders-tablosu&#8221;] Dersler [&hellip;]<\/p>\n","protected":false},"author":11,"featured_media":0,"parent":0,"menu_order":0,"comment_status":"closed","ping_status":"closed","template":"","meta":[],"translation":{"provider":"WPGlobus","version":"2.12.2","language":"en","enabled_languages":["tr","en"],"languages":{"tr":{"title":true,"content":true,"excerpt":false},"en":{"title":false,"content":false,"excerpt":false}}},"yoast_head":"<!-- This site is optimized with the Yoast SEO plugin v17.4 - https:\/\/yoast.com\/wordpress\/plugins\/seo\/ -->\n<meta name=\"robots\" content=\"index, follow, max-snippet:-1, max-image-preview:large, max-video-preview:-1\" \/>\n<link rel=\"canonical\" href=\"https:\/\/uzem.omu.edu.tr\/ortak-dersler-sinavlar\/\" \/>\n<meta property=\"og:locale\" content=\"en_US\" \/>\n<meta property=\"og:type\" content=\"article\" \/>\n<meta property=\"og:title\" content=\"Ortak Dersler | S\u0131navlar - OM\u00dc Uzaktan E\u011fitim Merkezi\" \/>\n<meta property=\"og:url\" content=\"https:\/\/uzem.omu.edu.tr\/ortak-dersler-sinavlar\/\" \/>\n<meta property=\"og:site_name\" content=\"OM\u00dc Uzaktan E\u011fitim Merkezi\" \/>\n<meta property=\"article:publisher\" content=\"https:\/\/www.facebook.com\/omu.uzem\" \/>\n<meta property=\"article:modified_time\" content=\"2026-03-09T12:02:26+00:00\" \/>\n<meta name=\"twitter:card\" content=\"summary_large_image\" \/>\n<meta name=\"twitter:site\" content=\"@omuuzem\" \/>\n<meta name=\"twitter:label1\" content=\"Est. reading time\" \/>\n\t<meta name=\"twitter:data1\" content=\"2 minutes\" \/>\n<script type=\"application\/ld+json\" class=\"yoast-schema-graph\">{\"@context\":\"https:\/\/schema.org\",\"@graph\":[{\"@type\":\"Organization\",\"@id\":\"https:\/\/uzem.omu.edu.tr\/#organization\",\"name\":\"UZEM\",\"url\":\"https:\/\/uzem.omu.edu.tr\/\",\"sameAs\":[\"https:\/\/www.facebook.com\/omu.uzem\",\"https:\/\/www.instagram.com\/omu.uzem\/\",\"https:\/\/www.youtube.com\/channel\/UCQ6c_wjaGQcIvBKTbPrOe2A\",\"https:\/\/twitter.com\/omuuzem\"],\"logo\":{\"@type\":\"ImageObject\",\"@id\":\"https:\/\/uzem.omu.edu.tr\/#logo\",\"inLanguage\":\"en-US\",\"url\":\"https:\/\/uzem.omu.edu.tr\/wp-content\/uploads\/ulogo-1.png\",\"contentUrl\":\"https:\/\/uzem.omu.edu.tr\/wp-content\/uploads\/ulogo-1.png\",\"width\":364,\"height\":39,\"caption\":\"UZEM\"},\"image\":{\"@id\":\"https:\/\/uzem.omu.edu.tr\/#logo\"}},{\"@type\":\"WebSite\",\"@id\":\"https:\/\/uzem.omu.edu.tr\/#website\",\"url\":\"https:\/\/uzem.omu.edu.tr\/\",\"name\":\"OM\\u00dc Uzaktan E\\u011fitim Merkezi\",\"description\":\"&quot;F\\u0131rsatlar Sunar&quot;\",\"publisher\":{\"@id\":\"https:\/\/uzem.omu.edu.tr\/#organization\"},\"potentialAction\":[{\"@type\":\"SearchAction\",\"target\":{\"@type\":\"EntryPoint\",\"urlTemplate\":\"https:\/\/uzem.omu.edu.tr\/?s={search_term_string}\"},\"query-input\":\"required name=search_term_string\"}],\"inLanguage\":\"en-US\"},{\"@type\":\"WebPage\",\"@id\":\"https:\/\/uzem.omu.edu.tr\/ortak-dersler-sinavlar\/#webpage\",\"url\":\"https:\/\/uzem.omu.edu.tr\/ortak-dersler-sinavlar\/\",\"name\":\"Ortak Dersler | S\\u0131navlar - OM\\u00dc Uzaktan E\\u011fitim Merkezi\",\"isPartOf\":{\"@id\":\"https:\/\/uzem.omu.edu.tr\/#website\"},\"datePublished\":\"2015-11-12T10:31:38+00:00\",\"dateModified\":\"2026-03-09T12:02:26+00:00\",\"breadcrumb\":{\"@id\":\"https:\/\/uzem.omu.edu.tr\/ortak-dersler-sinavlar\/#breadcrumb\"},\"inLanguage\":\"en-US\",\"potentialAction\":[{\"@type\":\"ReadAction\",\"target\":[\"https:\/\/uzem.omu.edu.tr\/ortak-dersler-sinavlar\/\"]}]},{\"@type\":\"BreadcrumbList\",\"@id\":\"https:\/\/uzem.omu.edu.tr\/ortak-dersler-sinavlar\/#breadcrumb\",\"itemListElement\":[{\"@type\":\"ListItem\",\"position\":1,\"name\":\"Home\",\"item\":\"https:\/\/uzem.omu.edu.tr\/\"},{\"@type\":\"ListItem\",\"position\":2,\"name\":\"Ortak Dersler | S\\u0131navlar\"}]}]}<\/script>\n<!-- \/ Yoast SEO plugin. -->","yoast_head_json":{"robots":{"index":"index","follow":"follow","max-snippet":"max-snippet:-1","max-image-preview":"max-image-preview:large","max-video-preview":"max-video-preview:-1"},"canonical":"https:\/\/uzem.omu.edu.tr\/ortak-dersler-sinavlar\/","og_locale":"en_US","og_type":"article","og_title":"Ortak Dersler | S\u0131navlar - OM\u00dc Uzaktan E\u011fitim Merkezi","og_url":"https:\/\/uzem.omu.edu.tr\/ortak-dersler-sinavlar\/","og_site_name":"OM\u00dc Uzaktan E\u011fitim Merkezi","article_publisher":"https:\/\/www.facebook.com\/omu.uzem","article_modified_time":"2026-03-09T12:02:26+00:00","twitter_card":"summary_large_image","twitter_site":"@omuuzem","twitter_misc":{"Est. reading time":"2 minutes"},"schema":{"@context":"https:\/\/schema.org","@graph":[{"@type":"Organization","@id":"https:\/\/uzem.omu.edu.tr\/#organization","name":"UZEM","url":"https:\/\/uzem.omu.edu.tr\/","sameAs":["https:\/\/www.facebook.com\/omu.uzem","https:\/\/www.instagram.com\/omu.uzem\/","https:\/\/www.youtube.com\/channel\/UCQ6c_wjaGQcIvBKTbPrOe2A","https:\/\/twitter.com\/omuuzem"],"logo":{"@type":"ImageObject","@id":"https:\/\/uzem.omu.edu.tr\/#logo","inLanguage":"en-US","url":"https:\/\/uzem.omu.edu.tr\/wp-content\/uploads\/ulogo-1.png","contentUrl":"https:\/\/uzem.omu.edu.tr\/wp-content\/uploads\/ulogo-1.png","width":364,"height":39,"caption":"UZEM"},"image":{"@id":"https:\/\/uzem.omu.edu.tr\/#logo"}},{"@type":"WebSite","@id":"https:\/\/uzem.omu.edu.tr\/#website","url":"https:\/\/uzem.omu.edu.tr\/","name":"OM\u00dc Uzaktan E\u011fitim Merkezi","description":"&quot;F\u0131rsatlar Sunar&quot;","publisher":{"@id":"https:\/\/uzem.omu.edu.tr\/#organization"},"potentialAction":[{"@type":"SearchAction","target":{"@type":"EntryPoint","urlTemplate":"https:\/\/uzem.omu.edu.tr\/?s={search_term_string}"},"query-input":"required name=search_term_string"}],"inLanguage":"en-US"},{"@type":"WebPage","@id":"https:\/\/uzem.omu.edu.tr\/ortak-dersler-sinavlar\/#webpage","url":"https:\/\/uzem.omu.edu.tr\/ortak-dersler-sinavlar\/","name":"Ortak Dersler | S\u0131navlar - OM\u00dc Uzaktan E\u011fitim Merkezi","isPartOf":{"@id":"https:\/\/uzem.omu.edu.tr\/#website"},"datePublished":"2015-11-12T10:31:38+00:00","dateModified":"2026-03-09T12:02:26+00:00","breadcrumb":{"@id":"https:\/\/uzem.omu.edu.tr\/ortak-dersler-sinavlar\/#breadcrumb"},"inLanguage":"en-US","potentialAction":[{"@type":"ReadAction","target":["https:\/\/uzem.omu.edu.tr\/ortak-dersler-sinavlar\/"]}]},{"@type":"BreadcrumbList","@id":"https:\/\/uzem.omu.edu.tr\/ortak-dersler-sinavlar\/#breadcrumb","itemListElement":[{"@type":"ListItem","position":1,"name":"Home","item":"https:\/\/uzem.omu.edu.tr\/"},{"@type":"ListItem","position":2,"name":"Ortak Dersler | S\u0131navlar"}]}]}},"_links":{"self":[{"href":"https:\/\/uzem.omu.edu.tr\/en\/wp-json\/wp\/v2\/pages\/9441"}],"collection":[{"href":"https:\/\/uzem.omu.edu.tr\/en\/wp-json\/wp\/v2\/pages"}],"about":[{"href":"https:\/\/uzem.omu.edu.tr\/en\/wp-json\/wp\/v2\/types\/page"}],"author":[{"embeddable":true,"href":"https:\/\/uzem.omu.edu.tr\/en\/wp-json\/wp\/v2\/users\/11"}],"replies":[{"embeddable":true,"href":"https:\/\/uzem.omu.edu.tr\/en\/wp-json\/wp\/v2\/comments?post=9441"}],"version-history":[{"count":124,"href":"https:\/\/uzem.omu.edu.tr\/en\/wp-json\/wp\/v2\/pages\/9441\/revisions"}],"predecessor-version":[{"id":27465,"href":"https:\/\/uzem.omu.edu.tr\/en\/wp-json\/wp\/v2\/pages\/9441\/revisions\/27465"}],"wp:attachment":[{"href":"https:\/\/uzem.omu.edu.tr\/en\/wp-json\/wp\/v2\/media?parent=9441"}],"curies":[{"name":"wp","href":"https:\/\/api.w.org\/{rel}","templated":true}]}}