{"id":9284,"date":"2015-11-12T08:03:46","date_gmt":"2015-11-12T05:03:46","guid":{"rendered":"https:\/\/uzem.omu.edu.tr\/?page_id=9284"},"modified":"2026-03-24T11:21:01","modified_gmt":"2026-03-24T08:21:01","slug":"bilgisayar-programciligi-sinavlar","status":"publish","type":"page","link":"https:\/\/uzem.omu.edu.tr\/en\/bilgisayar-programciligi-sinavlar\/","title":{"rendered":"Computer Prog. | Exams"},"content":{"rendered":"<p>[vc_row css=&#8221;.vc_custom_1427462343642{margin-top: -5px !important;margin-left: 0px !important;padding-left: 0px !important;}&#8221;][vc_column width=&#8221;3\/4&#8243; css=&#8221;.vc_custom_1450183164880{margin-top: 5px !important;margin-right: 0px !important;padding-right: 0px !important;padding-left: 0px !important;}&#8221;][vc_row_inner][vc_column_inner css=&#8221;.vc_custom_1451569505033{margin-bottom: 5px !important;padding-right: 0px !important;padding-left: 0px !important;}&#8221;][vc_widget_sidebar sidebar_id=&#8221;generated_sidebar-bilgisayar-programciligi-ust-menu&#8221;][vc_column_text el_class=&#8221;menu-basligi&#8221; css=&#8221;.vc_custom_1451569916017{margin-bottom: 5px !important;}&#8221;]<\/p>\n<p><strong>SINAVLAR<\/strong><\/p>\n<p>[\/vc_column_text][vc_column_text]<b>S\u0131navlar hakk\u0131nda bilgi ve S\u0131nav Giri\u015f Belgesi almak i\u00e7in l\u00fctfen <\/b><a href=\"https:\/\/sinav.omu.edu.tr\/student\/session\/new\"><b>sinav.omu.edu.tr<\/b><\/a><b> adresini ziyaret ediniz. S\u0131navlar, Ondokuz May\u0131s \u00dcniversitesi Kurupelit Kamp\u00fcs i\u00e7inde bulunan binalarda &#8220;y\u00fcz y\u00fcze&#8221; ger\u00e7ekle\u015ftirilecektir. 2.11.2023 tarihli senato karar\u0131 gere\u011fi Ders ba\u015far\u0131 puan\u0131, d\u00f6nem i\u00e7i de\u011ferlendirme puan\u0131n\u0131n %20\u2019si ile yar\u0131y\u0131l sonu veya b\u00fct\u00fcnleme puan\u0131n\u0131n %80\u2019inin toplam\u0131d\u0131r.<\/b>[\/vc_column_text][\/vc_column_inner][\/vc_row_inner][vc_column_text el_class=&#8221;menu-basligi&#8221; css=&#8221;.vc_custom_1520256248601{margin-bottom: 5px !important;}&#8221;]<strong>V\u0130ZE SINAVLARI<\/strong>[\/vc_column_text][vc_column_text el_class=&#8221;ders-tablosu&#8221;]<\/p>\n<table width=\"453\">\n<tbody>\n<tr>\n<td width=\"216\">Dersler<\/td>\n<td width=\"133\">Vize S\u0131nav tarihi<\/td>\n<td width=\"65\">Oturum<\/td>\n<td width=\"39\">Saat<\/td>\n<\/tr>\n<tr>\n<td>Veri Yap\u0131lar\u0131\u00a0ve Programlama<\/td>\n<td>4 Nisan 2026<\/td>\n<td>I.Oturum<\/td>\n<td>09:30<\/td>\n<\/tr>\n<tr>\n<td>T\u00fcrk Dili II<\/td>\n<td>4 Nisan 2026<\/td>\n<td>I.Oturum<\/td>\n<td>09:30<\/td>\n<\/tr>\n<tr>\n<td>G\u00f6rsel Programlama II<\/td>\n<td>4 Nisan 2026<\/td>\n<td>I.Oturum<\/td>\n<td>09:30<\/td>\n<\/tr>\n<tr>\n<td>\u0130nternet Programc\u0131l\u0131\u011f\u0131 II<\/td>\n<td>4 Nisan 2026<\/td>\n<td>I.Oturum<\/td>\n<td>09:30<\/td>\n<\/tr>\n<tr>\n<td>Bilgisayar Donan\u0131m\u0131<\/td>\n<td>4 Nisan 2026<\/td>\n<td>II.Oturum<\/td>\n<td>13:30<\/td>\n<\/tr>\n<tr>\n<td>Web Edit\u00f6r\u00fc<\/td>\n<td>4 Nisan 2026<\/td>\n<td>II.Oturum<\/td>\n<td>13:30<\/td>\n<\/tr>\n<tr>\n<td>Nesne Tabanl\u0131 Programlama II<\/td>\n<td>4 Nisan 2026<\/td>\n<td>II.Oturum<\/td>\n<td>13:30<\/td>\n<\/tr>\n<tr>\n<td>\u0130leti\u015fim<\/td>\n<td>4 Nisan 2026<\/td>\n<td>II.Oturum<\/td>\n<td>13:30<\/td>\n<\/tr>\n<tr>\n<td>Atat\u00fcrk \u0130lkeleri\u00a0ve \u0130nk\u0131lap Tarihi\u00a0II<\/td>\n<td>5 Nisan 2026<\/td>\n<td>III.Oturum<\/td>\n<td>14:30<\/td>\n<\/tr>\n<tr>\n<td>\u0130ngilizce II<\/td>\n<td>5 Nisan 2026<\/td>\n<td>III.Oturum<\/td>\n<td>14:30<\/td>\n<\/tr>\n<tr>\n<td>Sunucu \u0130\u015fletim Sistemi<\/td>\n<td>5 Nisan 2026<\/td>\n<td>III.Oturum<\/td>\n<td>14:30<\/td>\n<\/tr>\n<tr>\n<td>Ara\u015ft\u0131rma Y\u00f6ntem ve Teknikleri<\/td>\n<td>5 Nisan 2026<\/td>\n<td>III.Oturum<\/td>\n<td>14:30<\/td>\n<\/tr>\n<tr>\n<td>Veri Taban\u0131 I<\/td>\n<td>5 Nisan 2026<\/td>\n<td>\u00d6dev<\/td>\n<td>17:30<\/td>\n<\/tr>\n<tr>\n<td>Yaz\u0131l\u0131m Mimarileri<\/td>\n<td>5 Nisan 2026<\/td>\n<td>\u00d6dev<\/td>\n<td>17:30<\/td>\n<\/tr>\n<tr>\n<td>Sistem Analizi ve Tasar\u0131m\u0131<\/td>\n<td>5 Nisan 2026<\/td>\n<td>\u00d6dev<\/td>\n<td>17:30<\/td>\n<\/tr>\n<\/tbody>\n<\/table>\n<p>[\/vc_column_text][vc_column_text el_class=&#8221;menu-basligi&#8221; css=&#8221;.vc_custom_1520256261054{margin-bottom: 5px !important;}&#8221;]<strong>F\u0130NAL SINAVLARI<\/strong>[\/vc_column_text][vc_column_text el_class=&#8221;ders-tablosu&#8221;]<\/p>\n<table width=\"453\">\n<tbody>\n<tr>\n<td width=\"216\">Dersler<\/td>\n<td width=\"133\">Final S\u0131nav tarihi<\/td>\n<td width=\"65\">Oturum<\/td>\n<td width=\"39\">Saat<\/td>\n<\/tr>\n<tr>\n<td>Veri Yap\u0131lar\u0131\u00a0ve Programlama<\/td>\n<td>6 Haziran 2026<\/td>\n<td>I.Oturum<\/td>\n<td>09:30<\/td>\n<\/tr>\n<tr>\n<td>T\u00fcrk Dili II<\/td>\n<td>6 Haziran 2026<\/td>\n<td>I.Oturum<\/td>\n<td>09:30<\/td>\n<\/tr>\n<tr>\n<td>G\u00f6rsel Programlama II<\/td>\n<td>6 Haziran 2026<\/td>\n<td>I.Oturum<\/td>\n<td>09:30<\/td>\n<\/tr>\n<tr>\n<td>\u0130nternet Programc\u0131l\u0131\u011f\u0131 II<\/td>\n<td>6 Haziran 2026<\/td>\n<td>I.Oturum<\/td>\n<td>09:30<\/td>\n<\/tr>\n<tr>\n<td>Bilgisayar Donan\u0131m\u0131<\/td>\n<td>6 Haziran 2026<\/td>\n<td>II.Oturum<\/td>\n<td>13:30<\/td>\n<\/tr>\n<tr>\n<td>Web Edit\u00f6r\u00fc<\/td>\n<td>6 Haziran 2026<\/td>\n<td>II.Oturum<\/td>\n<td>13:30<\/td>\n<\/tr>\n<tr>\n<td>Nesne Tabanl\u0131 Programlama II<\/td>\n<td>6 Haziran 2026<\/td>\n<td>II.Oturum<\/td>\n<td>13:30<\/td>\n<\/tr>\n<tr>\n<td>\u0130leti\u015fim<\/td>\n<td>6 Haziran 2026<\/td>\n<td>II.Oturum<\/td>\n<td>13:30<\/td>\n<\/tr>\n<tr>\n<td>Atat\u00fcrk \u0130lkeleri\u00a0ve \u0130nk\u0131lap Tarihi\u00a0II<\/td>\n<td>7 Haziran 2026<\/td>\n<td>III.Oturum<\/td>\n<td>09:30<\/td>\n<\/tr>\n<tr>\n<td>\u0130ngilizce II<\/td>\n<td>7 Haziran 2026<\/td>\n<td>III.Oturum<\/td>\n<td>09:30<\/td>\n<\/tr>\n<tr>\n<td>Sunucu \u0130\u015fletim Sistemi<\/td>\n<td>7 Haziran 2026<\/td>\n<td>III.Oturum<\/td>\n<td>09:30<\/td>\n<\/tr>\n<tr>\n<td>Ara\u015ft\u0131rma Y\u00f6ntem ve Teknikleri<\/td>\n<td>7 Haziran 2026<\/td>\n<td>III.Oturum<\/td>\n<td>09:30<\/td>\n<\/tr>\n<tr>\n<td>Veri Taban\u0131 I<\/td>\n<td>7 Haziran 2026<\/td>\n<td>IV.Oturum<\/td>\n<td>13:30<\/td>\n<\/tr>\n<tr>\n<td>Yaz\u0131l\u0131m Mimarileri<\/td>\n<td>7 Haziran 2026<\/td>\n<td>IV.Oturum<\/td>\n<td>13:30<\/td>\n<\/tr>\n<tr>\n<td>Sistem Analizi ve Tasar\u0131m\u0131<\/td>\n<td>7 Haziran 2026<\/td>\n<td>IV.Oturum<\/td>\n<td>13:30<\/td>\n<\/tr>\n<\/tbody>\n<\/table>\n<p>[\/vc_column_text][vc_column_text el_class=&#8221;menu-basligi&#8221; css=&#8221;.vc_custom_1512458821749{margin-bottom: 5px !important;}&#8221;]<\/p>\n<p><strong>B\u00dcT\u00dcNLEME\u00a0SINAVLARI<\/strong><\/p>\n<p>[\/vc_column_text][vc_column_text el_class=&#8221;ders-tablosu&#8221;]<\/p>\n<table width=\"453\">\n<tbody>\n<tr>\n<td width=\"216\">Dersler<\/td>\n<td width=\"133\">B\u00fct\u00fcnleme S\u0131nav tarihi<\/td>\n<td width=\"65\">Oturum<\/td>\n<td width=\"39\">Saat<\/td>\n<\/tr>\n<tr>\n<td>Veri Yap\u0131lar\u0131\u00a0ve Programlama<\/td>\n<td>27 Haziran 2026<\/td>\n<td>I.Oturum<\/td>\n<td>09:30<\/td>\n<\/tr>\n<tr>\n<td>T\u00fcrk Dili II<\/td>\n<td>27 Haziran 2026<\/td>\n<td>I.Oturum<\/td>\n<td>09:30<\/td>\n<\/tr>\n<tr>\n<td>G\u00f6rsel Programlama II<\/td>\n<td>27 Haziran 2026<\/td>\n<td>I.Oturum<\/td>\n<td>09:30<\/td>\n<\/tr>\n<tr>\n<td>\u0130nternet Programc\u0131l\u0131\u011f\u0131 II<\/td>\n<td>27 Haziran 2026<\/td>\n<td>I.Oturum<\/td>\n<td>09:30<\/td>\n<\/tr>\n<tr>\n<td>Bilgisayar Donan\u0131m\u0131<\/td>\n<td>27 Haziran 2026<\/td>\n<td>II.Oturum<\/td>\n<td>13:30<\/td>\n<\/tr>\n<tr>\n<td>Web Edit\u00f6r\u00fc<\/td>\n<td>27 Haziran 2026<\/td>\n<td>II.Oturum<\/td>\n<td>13:30<\/td>\n<\/tr>\n<tr>\n<td>Nesne Tabanl\u0131 Programlama II<\/td>\n<td>27 Haziran 2026<\/td>\n<td>II.Oturum<\/td>\n<td>13:30<\/td>\n<\/tr>\n<tr>\n<td>\u0130leti\u015fim<\/td>\n<td>27 Haziran 2026<\/td>\n<td>II.Oturum<\/td>\n<td>13:30<\/td>\n<\/tr>\n<tr>\n<td>Atat\u00fcrk \u0130lkeleri\u00a0ve \u0130nk\u0131lap Tarihi\u00a0II<\/td>\n<td>28 Haziran 2026<\/td>\n<td>III.Oturum<\/td>\n<td>09:30<\/td>\n<\/tr>\n<tr>\n<td>\u0130ngilizce II<\/td>\n<td>28 Haziran 2026<\/td>\n<td>III.Oturum<\/td>\n<td>09:30<\/td>\n<\/tr>\n<tr>\n<td>Sunucu \u0130\u015fletim Sistemi<\/td>\n<td>28 Haziran 2026<\/td>\n<td>III.Oturum<\/td>\n<td>09:30<\/td>\n<\/tr>\n<tr>\n<td>Ara\u015ft\u0131rma Y\u00f6ntem ve Teknikleri<\/td>\n<td>28 Haziran 2026<\/td>\n<td>III.Oturum<\/td>\n<td>09:30<\/td>\n<\/tr>\n<tr>\n<td>Veri Taban\u0131 I<\/td>\n<td>28 Haziran 2026<\/td>\n<td>IV.Oturum<\/td>\n<td>13:30<\/td>\n<\/tr>\n<tr>\n<td>Yaz\u0131l\u0131m Mimarileri<\/td>\n<td>28 Haziran 2026<\/td>\n<td>IV.Oturum<\/td>\n<td>13:30<\/td>\n<\/tr>\n<tr>\n<td>Sistem Analizi ve Tasar\u0131m\u0131<\/td>\n<td>28 Haziran 2026<\/td>\n<td>IV.Oturum<\/td>\n<td>13:30<\/td>\n<\/tr>\n<\/tbody>\n<\/table>\n<p>[\/vc_column_text][\/vc_column][vc_column width=&#8221;1\/4&#8243; css=&#8221;.vc_custom_1433425226680{margin-top: 20px !important;padding-right: 0px !important;}&#8221;][vc_widget_sidebar sidebar_id=&#8221;generated_sidebar-bilgisayar-programciligi&#8221;][\/vc_column][\/vc_row]<\/p>\n","protected":false},"excerpt":{"rendered":"<p>[vc_row css=&#8221;.vc_custom_1427462343642{margin-top: -5px !important;margin-left: 0px !important;padding-left: 0px !important;}&#8221;][vc_column width=&#8221;3\/4&#8243; css=&#8221;.vc_custom_1450183164880{margin-top: 5px !important;margin-right: 0px !important;padding-right: 0px !important;padding-left: 0px !important;}&#8221;][vc_row_inner][vc_column_inner css=&#8221;.vc_custom_1451569505033{margin-bottom: 5px !important;padding-right: 0px !important;padding-left: 0px !important;}&#8221;][vc_widget_sidebar sidebar_id=&#8221;generated_sidebar-bilgisayar-programciligi-ust-menu&#8221;][vc_column_text el_class=&#8221;menu-basligi&#8221; css=&#8221;.vc_custom_1451569916017{margin-bottom: 5px !important;}&#8221;] SINAVLAR [\/vc_column_text][vc_column_text]S\u0131navlar hakk\u0131nda bilgi ve S\u0131nav Giri\u015f Belgesi almak i\u00e7in l\u00fctfen sinav.omu.edu.tr adresini ziyaret ediniz. S\u0131navlar, Ondokuz May\u0131s \u00dcniversitesi Kurupelit Kamp\u00fcs i\u00e7inde bulunan binalarda &#8220;y\u00fcz y\u00fcze&#8221; ger\u00e7ekle\u015ftirilecektir. 2.11.2023 tarihli senato karar\u0131 gere\u011fi Ders ba\u015far\u0131 puan\u0131, d\u00f6nem i\u00e7i de\u011ferlendirme puan\u0131n\u0131n %20\u2019si ile yar\u0131y\u0131l sonu veya b\u00fct\u00fcnleme puan\u0131n\u0131n %80\u2019inin toplam\u0131d\u0131r.[\/vc_column_text][\/vc_column_inner][\/vc_row_inner][vc_column_text el_class=&#8221;menu-basligi&#8221; css=&#8221;.vc_custom_1520256248601{margin-bottom: 5px !important;}&#8221;]V\u0130ZE SINAVLARI[\/vc_column_text][vc_column_text el_class=&#8221;ders-tablosu&#8221;] Dersler Vize S\u0131nav tarihi Oturum Saat Veri Yap\u0131lar\u0131\u00a0ve Programlama 4 Nisan 2026 I.Oturum 09:30 T\u00fcrk Dili II 4 Nisan 2026 I.Oturum 09:30 G\u00f6rsel Programlama II 4 Nisan 2026 I.Oturum 09:30 \u0130nternet Programc\u0131l\u0131\u011f\u0131 II 4 Nisan 2026 I.Oturum 09:30 Bilgisayar Donan\u0131m\u0131 4 Nisan 2026 II.Oturum 13:30 Web Edit\u00f6r\u00fc 4 Nisan 2026 II.Oturum 13:30 Nesne Tabanl\u0131 Programlama II 4 Nisan 2026 II.Oturum 13:30 \u0130leti\u015fim 4 Nisan 2026 II.Oturum 13:30 Atat\u00fcrk \u0130lkeleri\u00a0ve \u0130nk\u0131lap Tarihi\u00a0II 5 Nisan 2026 III.Oturum 14:30 \u0130ngilizce II 5 Nisan 2026 III.Oturum 14:30 Sunucu \u0130\u015fletim Sistemi 5 Nisan 2026 III.Oturum 14:30 Ara\u015ft\u0131rma Y\u00f6ntem ve Teknikleri 5 Nisan 2026 III.Oturum 14:30 Veri Taban\u0131 I 5 Nisan 2026 \u00d6dev 17:30 Yaz\u0131l\u0131m Mimarileri 5 Nisan 2026 \u00d6dev 17:30 Sistem Analizi ve Tasar\u0131m\u0131 5 Nisan 2026 \u00d6dev 17:30 [\/vc_column_text][vc_column_text el_class=&#8221;menu-basligi&#8221; css=&#8221;.vc_custom_1520256261054{margin-bottom: 5px !important;}&#8221;]F\u0130NAL SINAVLARI[\/vc_column_text][vc_column_text el_class=&#8221;ders-tablosu&#8221;] Dersler Final S\u0131nav tarihi Oturum Saat Veri Yap\u0131lar\u0131\u00a0ve Programlama 6 Haziran 2026 I.Oturum 09:30 T\u00fcrk Dili II 6 Haziran 2026 I.Oturum 09:30 G\u00f6rsel Programlama II 6 Haziran 2026 I.Oturum 09:30 \u0130nternet Programc\u0131l\u0131\u011f\u0131 II 6 Haziran [&hellip;]<\/p>\n","protected":false},"author":11,"featured_media":0,"parent":0,"menu_order":0,"comment_status":"closed","ping_status":"closed","template":"","meta":[],"translation":{"provider":"WPGlobus","version":"2.12.2","language":"en","enabled_languages":["tr","en"],"languages":{"tr":{"title":true,"content":true,"excerpt":false},"en":{"title":true,"content":false,"excerpt":false}}},"yoast_head":"<!-- This site is optimized with the Yoast SEO plugin v17.4 - https:\/\/yoast.com\/wordpress\/plugins\/seo\/ -->\n<meta name=\"robots\" content=\"index, follow, max-snippet:-1, max-image-preview:large, max-video-preview:-1\" \/>\n<link rel=\"canonical\" href=\"https:\/\/uzem.omu.edu.tr\/bilgisayar-programciligi-sinavlar\/\" \/>\n<meta property=\"og:locale\" content=\"en_US\" \/>\n<meta property=\"og:type\" content=\"article\" \/>\n<meta property=\"og:title\" content=\"Computer Prog. | Exams - OM\u00dc Uzaktan E\u011fitim Merkezi\" \/>\n<meta property=\"og:url\" content=\"https:\/\/uzem.omu.edu.tr\/bilgisayar-programciligi-sinavlar\/\" \/>\n<meta property=\"og:site_name\" content=\"OM\u00dc Uzaktan E\u011fitim Merkezi\" \/>\n<meta property=\"article:publisher\" content=\"https:\/\/www.facebook.com\/omu.uzem\" \/>\n<meta property=\"article:modified_time\" content=\"2026-03-24T08:21:01+00:00\" \/>\n<meta name=\"twitter:card\" content=\"summary_large_image\" \/>\n<meta name=\"twitter:site\" content=\"@omuuzem\" \/>\n<meta name=\"twitter:label1\" content=\"Est. reading time\" \/>\n\t<meta name=\"twitter:data1\" content=\"3 minutes\" \/>\n<script type=\"application\/ld+json\" class=\"yoast-schema-graph\">{\"@context\":\"https:\/\/schema.org\",\"@graph\":[{\"@type\":\"Organization\",\"@id\":\"https:\/\/uzem.omu.edu.tr\/#organization\",\"name\":\"UZEM\",\"url\":\"https:\/\/uzem.omu.edu.tr\/\",\"sameAs\":[\"https:\/\/www.facebook.com\/omu.uzem\",\"https:\/\/www.instagram.com\/omu.uzem\/\",\"https:\/\/www.youtube.com\/channel\/UCQ6c_wjaGQcIvBKTbPrOe2A\",\"https:\/\/twitter.com\/omuuzem\"],\"logo\":{\"@type\":\"ImageObject\",\"@id\":\"https:\/\/uzem.omu.edu.tr\/#logo\",\"inLanguage\":\"en-US\",\"url\":\"https:\/\/uzem.omu.edu.tr\/wp-content\/uploads\/ulogo-1.png\",\"contentUrl\":\"https:\/\/uzem.omu.edu.tr\/wp-content\/uploads\/ulogo-1.png\",\"width\":364,\"height\":39,\"caption\":\"UZEM\"},\"image\":{\"@id\":\"https:\/\/uzem.omu.edu.tr\/#logo\"}},{\"@type\":\"WebSite\",\"@id\":\"https:\/\/uzem.omu.edu.tr\/#website\",\"url\":\"https:\/\/uzem.omu.edu.tr\/\",\"name\":\"OM\\u00dc Uzaktan E\\u011fitim Merkezi\",\"description\":\"&quot;F\\u0131rsatlar Sunar&quot;\",\"publisher\":{\"@id\":\"https:\/\/uzem.omu.edu.tr\/#organization\"},\"potentialAction\":[{\"@type\":\"SearchAction\",\"target\":{\"@type\":\"EntryPoint\",\"urlTemplate\":\"https:\/\/uzem.omu.edu.tr\/?s={search_term_string}\"},\"query-input\":\"required name=search_term_string\"}],\"inLanguage\":\"en-US\"},{\"@type\":\"WebPage\",\"@id\":\"https:\/\/uzem.omu.edu.tr\/bilgisayar-programciligi-sinavlar\/#webpage\",\"url\":\"https:\/\/uzem.omu.edu.tr\/bilgisayar-programciligi-sinavlar\/\",\"name\":\"Computer Prog. | Exams - OM\\u00dc Uzaktan E\\u011fitim Merkezi\",\"isPartOf\":{\"@id\":\"https:\/\/uzem.omu.edu.tr\/#website\"},\"datePublished\":\"2015-11-12T05:03:46+00:00\",\"dateModified\":\"2026-03-24T08:21:01+00:00\",\"breadcrumb\":{\"@id\":\"https:\/\/uzem.omu.edu.tr\/bilgisayar-programciligi-sinavlar\/#breadcrumb\"},\"inLanguage\":\"en-US\",\"potentialAction\":[{\"@type\":\"ReadAction\",\"target\":[\"https:\/\/uzem.omu.edu.tr\/bilgisayar-programciligi-sinavlar\/\"]}]},{\"@type\":\"BreadcrumbList\",\"@id\":\"https:\/\/uzem.omu.edu.tr\/bilgisayar-programciligi-sinavlar\/#breadcrumb\",\"itemListElement\":[{\"@type\":\"ListItem\",\"position\":1,\"name\":\"Home\",\"item\":\"https:\/\/uzem.omu.edu.tr\/\"},{\"@type\":\"ListItem\",\"position\":2,\"name\":\"Bilgisayar Programc\\u0131l\\u0131\\u011f\\u0131 | S\\u0131navlar\"}]}]}<\/script>\n<!-- \/ Yoast SEO plugin. -->","yoast_head_json":{"robots":{"index":"index","follow":"follow","max-snippet":"max-snippet:-1","max-image-preview":"max-image-preview:large","max-video-preview":"max-video-preview:-1"},"canonical":"https:\/\/uzem.omu.edu.tr\/bilgisayar-programciligi-sinavlar\/","og_locale":"en_US","og_type":"article","og_title":"Computer Prog. | Exams - OM\u00dc Uzaktan E\u011fitim Merkezi","og_url":"https:\/\/uzem.omu.edu.tr\/bilgisayar-programciligi-sinavlar\/","og_site_name":"OM\u00dc Uzaktan E\u011fitim Merkezi","article_publisher":"https:\/\/www.facebook.com\/omu.uzem","article_modified_time":"2026-03-24T08:21:01+00:00","twitter_card":"summary_large_image","twitter_site":"@omuuzem","twitter_misc":{"Est. reading time":"3 minutes"},"schema":{"@context":"https:\/\/schema.org","@graph":[{"@type":"Organization","@id":"https:\/\/uzem.omu.edu.tr\/#organization","name":"UZEM","url":"https:\/\/uzem.omu.edu.tr\/","sameAs":["https:\/\/www.facebook.com\/omu.uzem","https:\/\/www.instagram.com\/omu.uzem\/","https:\/\/www.youtube.com\/channel\/UCQ6c_wjaGQcIvBKTbPrOe2A","https:\/\/twitter.com\/omuuzem"],"logo":{"@type":"ImageObject","@id":"https:\/\/uzem.omu.edu.tr\/#logo","inLanguage":"en-US","url":"https:\/\/uzem.omu.edu.tr\/wp-content\/uploads\/ulogo-1.png","contentUrl":"https:\/\/uzem.omu.edu.tr\/wp-content\/uploads\/ulogo-1.png","width":364,"height":39,"caption":"UZEM"},"image":{"@id":"https:\/\/uzem.omu.edu.tr\/#logo"}},{"@type":"WebSite","@id":"https:\/\/uzem.omu.edu.tr\/#website","url":"https:\/\/uzem.omu.edu.tr\/","name":"OM\u00dc Uzaktan E\u011fitim Merkezi","description":"&quot;F\u0131rsatlar Sunar&quot;","publisher":{"@id":"https:\/\/uzem.omu.edu.tr\/#organization"},"potentialAction":[{"@type":"SearchAction","target":{"@type":"EntryPoint","urlTemplate":"https:\/\/uzem.omu.edu.tr\/?s={search_term_string}"},"query-input":"required name=search_term_string"}],"inLanguage":"en-US"},{"@type":"WebPage","@id":"https:\/\/uzem.omu.edu.tr\/bilgisayar-programciligi-sinavlar\/#webpage","url":"https:\/\/uzem.omu.edu.tr\/bilgisayar-programciligi-sinavlar\/","name":"Computer Prog. | Exams - OM\u00dc Uzaktan E\u011fitim Merkezi","isPartOf":{"@id":"https:\/\/uzem.omu.edu.tr\/#website"},"datePublished":"2015-11-12T05:03:46+00:00","dateModified":"2026-03-24T08:21:01+00:00","breadcrumb":{"@id":"https:\/\/uzem.omu.edu.tr\/bilgisayar-programciligi-sinavlar\/#breadcrumb"},"inLanguage":"en-US","potentialAction":[{"@type":"ReadAction","target":["https:\/\/uzem.omu.edu.tr\/bilgisayar-programciligi-sinavlar\/"]}]},{"@type":"BreadcrumbList","@id":"https:\/\/uzem.omu.edu.tr\/bilgisayar-programciligi-sinavlar\/#breadcrumb","itemListElement":[{"@type":"ListItem","position":1,"name":"Home","item":"https:\/\/uzem.omu.edu.tr\/"},{"@type":"ListItem","position":2,"name":"Bilgisayar Programc\u0131l\u0131\u011f\u0131 | S\u0131navlar"}]}]}},"_links":{"self":[{"href":"https:\/\/uzem.omu.edu.tr\/en\/wp-json\/wp\/v2\/pages\/9284"}],"collection":[{"href":"https:\/\/uzem.omu.edu.tr\/en\/wp-json\/wp\/v2\/pages"}],"about":[{"href":"https:\/\/uzem.omu.edu.tr\/en\/wp-json\/wp\/v2\/types\/page"}],"author":[{"embeddable":true,"href":"https:\/\/uzem.omu.edu.tr\/en\/wp-json\/wp\/v2\/users\/11"}],"replies":[{"embeddable":true,"href":"https:\/\/uzem.omu.edu.tr\/en\/wp-json\/wp\/v2\/comments?post=9284"}],"version-history":[{"count":87,"href":"https:\/\/uzem.omu.edu.tr\/en\/wp-json\/wp\/v2\/pages\/9284\/revisions"}],"predecessor-version":[{"id":27478,"href":"https:\/\/uzem.omu.edu.tr\/en\/wp-json\/wp\/v2\/pages\/9284\/revisions\/27478"}],"wp:attachment":[{"href":"https:\/\/uzem.omu.edu.tr\/en\/wp-json\/wp\/v2\/media?parent=9284"}],"curies":[{"name":"wp","href":"https:\/\/api.w.org\/{rel}","templated":true}]}}