{"id":9279,"date":"2015-11-12T07:33:41","date_gmt":"2015-11-12T04:33:41","guid":{"rendered":"https:\/\/uzem.omu.edu.tr\/?page_id=9279"},"modified":"2026-03-09T14:56:01","modified_gmt":"2026-03-09T11:56:01","slug":"medya-ve-iletisim-sinavlar","status":"publish","type":"page","link":"https:\/\/uzem.omu.edu.tr\/en\/medya-ve-iletisim-sinavlar\/","title":{"rendered":"Medya ve \u0130leti\u015fim | S\u0131navlar"},"content":{"rendered":"<p>[vc_row css=&#8221;.vc_custom_1427462343642{margin-top: -5px !important;margin-left: 0px !important;padding-left: 0px !important;}&#8221;][vc_column width=&#8221;3\/4&#8243; css=&#8221;.vc_custom_1450177544735{margin-top: 5px !important;margin-right: 0px !important;padding-right: 0px !important;padding-left: 0px !important;}&#8221;][vc_row_inner][vc_column_inner css=&#8221;.vc_custom_1451569227494{margin-bottom: 5px !important;padding-right: 0px !important;padding-left: 0px !important;}&#8221;][vc_widget_sidebar sidebar_id=&#8221;generated_sidebar-medya-ve-iletisim-ust-menu&#8221;][vc_column_text el_class=&#8221;menu-basligi&#8221;]<\/p>\n<p><strong>SINAVLAR<\/strong><\/p>\n<p>[\/vc_column_text][vc_column_text]<b>S\u0131navlar hakk\u0131nda bilgi ve S\u0131nav Giri\u015f Belgesi almak i\u00e7in l\u00fctfen <\/b><a href=\"https:\/\/sinav.omu.edu.tr\/student\/session\/new\"><b>sinav.omu.edu.tr<\/b><\/a><b> adresini ziyaret ediniz. S\u0131navlar, Ondokuz May\u0131s \u00dcniversitesi Kurupelit Kamp\u00fcs i\u00e7inde bulunan binalarda &#8220;y\u00fcz y\u00fcze&#8221; ger\u00e7ekle\u015ftirilecektir. 2.11.2023 tarihli senato karar\u0131 gere\u011fi Ders ba\u015far\u0131 puan\u0131, d\u00f6nem i\u00e7i de\u011ferlendirme puan\u0131n\u0131n %20\u2019si ile yar\u0131y\u0131l sonu veya b\u00fct\u00fcnleme puan\u0131n\u0131n %80\u2019inin toplam\u0131d\u0131r.<\/b>[\/vc_column_text][vc_column_text el_class=&#8221;menu-basligi&#8221;]<strong>V\u0130ZE SINAVLARI<\/strong>[\/vc_column_text][vc_column_text el_class=&#8221;ders-tablosu&#8221;]<\/p>\n<table width=\"570\">\n<tbody>\n<tr>\n<td width=\"277\">Dersler<\/td>\n<td width=\"141\">Vize S\u0131nav tarihi<\/td>\n<td width=\"87\">Oturum<\/td>\n<td width=\"65\">Saat<\/td>\n<\/tr>\n<tr>\n<td>Haber Toplama ve Yazma Teknikleri<\/td>\n<td>4 Nisan 2026<\/td>\n<td>I.Oturum<\/td>\n<td>09:30<\/td>\n<\/tr>\n<tr>\n<td>Temel Foto\u011fraf\u00e7\u0131l\u0131k<\/td>\n<td>4 Nisan 2026<\/td>\n<td>I.Oturum<\/td>\n<td>09:30<\/td>\n<\/tr>\n<tr>\n<td>T\u00fcrk Dili II<\/td>\n<td>4 Nisan 2026<\/td>\n<td>I.Oturum<\/td>\n<td>09:30<\/td>\n<\/tr>\n<tr>\n<td>Radyo ve TV\u2019de Program Yap\u0131m ve Y\u00f6netim<\/td>\n<td>4 Nisan 2026<\/td>\n<td>I.Oturum<\/td>\n<td>09:30<\/td>\n<\/tr>\n<tr>\n<td>Halkla \u0130li\u015fkiler ve Reklamc\u0131l\u0131k<\/td>\n<td>4 Nisan 2026<\/td>\n<td>I.Oturum<\/td>\n<td>09:30<\/td>\n<\/tr>\n<tr>\n<td>\u0130leti\u015fim\u00a0Hukuku<\/td>\n<td>4 Nisan 2026<\/td>\n<td>II.Oturum<\/td>\n<td>13:30<\/td>\n<\/tr>\n<tr>\n<td>Reklamc\u0131l\u0131\u011fa Giri\u015f<\/td>\n<td>4 Nisan 2026<\/td>\n<td>II.Oturum<\/td>\n<td>13:30<\/td>\n<\/tr>\n<tr>\n<td>Medya Ekonomisi ve \u0130\u015fletmecili\u011fi<\/td>\n<td>4 Nisan 2026<\/td>\n<td>II.Oturum<\/td>\n<td>13:30<\/td>\n<\/tr>\n<tr>\n<td>Mesleki Yabanc\u0131 Dil II<\/td>\n<td>4 Nisan 2026<\/td>\n<td>II.Oturum<\/td>\n<td>13:30<\/td>\n<\/tr>\n<tr>\n<td>Atat\u00fcrk \u0130lkeleri ve \u0130nk\u0131lap Tarihi II<\/td>\n<td>5 Nisan 2026<\/td>\n<td>III.Oturum<\/td>\n<td>14:30<\/td>\n<\/tr>\n<tr>\n<td>\u0130ngilizce II<\/td>\n<td>5 Nisan 2026<\/td>\n<td>III.Oturum<\/td>\n<td>14:30<\/td>\n<\/tr>\n<tr>\n<td>Y\u00f6nlendirilmi\u015f \u00c7al\u0131\u015fmalar<\/td>\n<td>5 Nisan 2026<\/td>\n<td>III.Oturum<\/td>\n<td>14:30<\/td>\n<\/tr>\n<tr>\n<td>Yeni \u0130leti\u015fim Teknolojileri<\/td>\n<td>5 Nisan 2026<\/td>\n<td>III.Oturum<\/td>\n<td>14:30<\/td>\n<\/tr>\n<tr>\n<td>Medya Okur Yazarl\u0131\u011f\u0131<\/td>\n<td>5 Nisan 2026<\/td>\n<td>IV.Oturum<\/td>\n<td>17:30<\/td>\n<\/tr>\n<tr>\n<td>Kurumsal \u0130maj<\/td>\n<td>5 Nisan 2026<\/td>\n<td>IV.Oturum<\/td>\n<td>17:30<\/td>\n<\/tr>\n<tr>\n<td>Siyasal \u0130leti\u015fim<\/td>\n<td>5 Nisan 2026<\/td>\n<td>IV.Oturum<\/td>\n<td>17:30<\/td>\n<\/tr>\n<tr>\n<td>Medya Planlama<\/td>\n<td>5 Nisan 2026<\/td>\n<td>IV.Oturum<\/td>\n<td>17:30<\/td>\n<\/tr>\n<\/tbody>\n<\/table>\n<p>[\/vc_column_text][vc_column_text el_class=&#8221;menu-basligi&#8221;]<strong>F\u0130NAL SINAVLARI<\/strong>[\/vc_column_text][vc_column_text el_class=&#8221;ders-tablosu&#8221;]<\/p>\n<table width=\"570\">\n<tbody>\n<tr>\n<td width=\"277\">Dersler<\/td>\n<td width=\"141\">Final S\u0131nav tarihi<\/td>\n<td width=\"87\">Oturum<\/td>\n<td width=\"65\">Saat<\/td>\n<\/tr>\n<tr>\n<td>Haber Toplama ve Yazma Teknikleri<\/td>\n<td>6 Haziran 2026<\/td>\n<td>I.Oturum<\/td>\n<td>09:30<\/td>\n<\/tr>\n<tr>\n<td>Temel Foto\u011fraf\u00e7\u0131l\u0131k<\/td>\n<td>6 Haziran 2026<\/td>\n<td>I.Oturum<\/td>\n<td>09:30<\/td>\n<\/tr>\n<tr>\n<td>T\u00fcrk Dili II<\/td>\n<td>6 Haziran 2026<\/td>\n<td>I.Oturum<\/td>\n<td>09:30<\/td>\n<\/tr>\n<tr>\n<td>Radyo ve TV\u2019de Program Yap\u0131m ve Y\u00f6netim<\/td>\n<td>6 Haziran 2026<\/td>\n<td>I.Oturum<\/td>\n<td>09:30<\/td>\n<\/tr>\n<tr>\n<td>Halkla \u0130li\u015fkiler ve Reklamc\u0131l\u0131k<\/td>\n<td>6 Haziran 2026<\/td>\n<td>I.Oturum<\/td>\n<td>09:30<\/td>\n<\/tr>\n<tr>\n<td>\u0130leti\u015fim\u00a0Hukuku<\/td>\n<td>6 Haziran 2026<\/td>\n<td>II.Oturum<\/td>\n<td>13:30<\/td>\n<\/tr>\n<tr>\n<td>Reklamc\u0131l\u0131\u011fa Giri\u015f<\/td>\n<td>6 Haziran 2026<\/td>\n<td>II.Oturum<\/td>\n<td>13:30<\/td>\n<\/tr>\n<tr>\n<td>Medya Ekonomisi ve \u0130\u015fletmecili\u011fi<\/td>\n<td>6 Haziran 2026<\/td>\n<td>II.Oturum<\/td>\n<td>13:30<\/td>\n<\/tr>\n<tr>\n<td>Mesleki Yabanc\u0131 Dil II<\/td>\n<td>6 Haziran 2026<\/td>\n<td>II.Oturum<\/td>\n<td>13:30<\/td>\n<\/tr>\n<tr>\n<td>Atat\u00fcrk \u0130lkeleri ve \u0130nk\u0131lap Tarihi II<\/td>\n<td>7 Haziran 2026<\/td>\n<td>III.Oturum<\/td>\n<td>09:30<\/td>\n<\/tr>\n<tr>\n<td>\u0130ngilizce II<\/td>\n<td>7 Haziran 2026<\/td>\n<td>III.Oturum<\/td>\n<td>09:30<\/td>\n<\/tr>\n<tr>\n<td>Y\u00f6nlendirilmi\u015f \u00c7al\u0131\u015fmalar<\/td>\n<td>7 Haziran 2026<\/td>\n<td>III.Oturum<\/td>\n<td>09:30<\/td>\n<\/tr>\n<tr>\n<td>Yeni \u0130leti\u015fim Teknolojileri<\/td>\n<td>7 Haziran 2026<\/td>\n<td>III.Oturum<\/td>\n<td>09:30<\/td>\n<\/tr>\n<tr>\n<td>Medya Okur Yazarl\u0131\u011f\u0131<\/td>\n<td>7 Haziran 2026<\/td>\n<td>IV.Oturum<\/td>\n<td>13:30<\/td>\n<\/tr>\n<tr>\n<td>Kurumsal \u0130maj<\/td>\n<td>7 Haziran 2026<\/td>\n<td>IV.Oturum<\/td>\n<td>13:30<\/td>\n<\/tr>\n<tr>\n<td>Siyasal \u0130leti\u015fim<\/td>\n<td>7 Haziran 2026<\/td>\n<td>IV.Oturum<\/td>\n<td>13:30<\/td>\n<\/tr>\n<tr>\n<td>Medya Planlama<\/td>\n<td>7 Haziran 2026<\/td>\n<td>IV.Oturum<\/td>\n<td>13:30<\/td>\n<\/tr>\n<\/tbody>\n<\/table>\n<p>[\/vc_column_text][vc_column_text el_class=&#8221;menu-basligi&#8221;]<\/p>\n<p><strong>B\u00dcT\u00dcNLEME\u00a0SINAVLARI<\/strong><\/p>\n<p>[\/vc_column_text][vc_column_text el_class=&#8221;ders-tablosu&#8221;]<\/p>\n<table width=\"570\">\n<tbody>\n<tr>\n<td width=\"277\">Dersler<\/td>\n<td width=\"141\">B\u00fct\u00fcnleme S\u0131nav tarihi<\/td>\n<td width=\"87\">Oturum<\/td>\n<td width=\"65\">Saat<\/td>\n<\/tr>\n<tr>\n<td>Haber Toplama ve Yazma Teknikleri<\/td>\n<td>27 Haziran 2026<\/td>\n<td>I.Oturum<\/td>\n<td>09:30<\/td>\n<\/tr>\n<tr>\n<td>Temel Foto\u011fraf\u00e7\u0131l\u0131k<\/td>\n<td>27 Haziran 2026<\/td>\n<td>I.Oturum<\/td>\n<td>09:30<\/td>\n<\/tr>\n<tr>\n<td>T\u00fcrk Dili II<\/td>\n<td>27 Haziran 2026<\/td>\n<td>I.Oturum<\/td>\n<td>09:30<\/td>\n<\/tr>\n<tr>\n<td>Radyo ve TV\u2019de Program Yap\u0131m ve Y\u00f6netim<\/td>\n<td>27 Haziran 2026<\/td>\n<td>I.Oturum<\/td>\n<td>09:30<\/td>\n<\/tr>\n<tr>\n<td>Halkla \u0130li\u015fkiler ve Reklamc\u0131l\u0131k<\/td>\n<td>27 Haziran 2026<\/td>\n<td>I.Oturum<\/td>\n<td>09:30<\/td>\n<\/tr>\n<tr>\n<td>\u0130leti\u015fim\u00a0Hukuku<\/td>\n<td>27 Haziran 2026<\/td>\n<td>II.Oturum<\/td>\n<td>13:30<\/td>\n<\/tr>\n<tr>\n<td>Reklamc\u0131l\u0131\u011fa Giri\u015f<\/td>\n<td>27 Haziran 2026<\/td>\n<td>II.Oturum<\/td>\n<td>13:30<\/td>\n<\/tr>\n<tr>\n<td>Medya Ekonomisi ve \u0130\u015fletmecili\u011fi<\/td>\n<td>27 Haziran 2026<\/td>\n<td>II.Oturum<\/td>\n<td>13:30<\/td>\n<\/tr>\n<tr>\n<td>Mesleki Yabanc\u0131 Dil II<\/td>\n<td>27 Haziran 2026<\/td>\n<td>II.Oturum<\/td>\n<td>13:30<\/td>\n<\/tr>\n<tr>\n<td>Atat\u00fcrk \u0130lkeleri ve \u0130nk\u0131lap Tarihi II<\/td>\n<td>28 Haziran 2026<\/td>\n<td>III.Oturum<\/td>\n<td>09:30<\/td>\n<\/tr>\n<tr>\n<td>\u0130ngilizce II<\/td>\n<td>28 Haziran 2026<\/td>\n<td>III.Oturum<\/td>\n<td>09:30<\/td>\n<\/tr>\n<tr>\n<td>Y\u00f6nlendirilmi\u015f \u00c7al\u0131\u015fmalar<\/td>\n<td>28 Haziran 2026<\/td>\n<td>III.Oturum<\/td>\n<td>09:30<\/td>\n<\/tr>\n<tr>\n<td>Yeni \u0130leti\u015fim Teknolojileri<\/td>\n<td>28 Haziran 2026<\/td>\n<td>III.Oturum<\/td>\n<td>09:30<\/td>\n<\/tr>\n<tr>\n<td>Medya Okur Yazarl\u0131\u011f\u0131<\/td>\n<td>28 Haziran 2026<\/td>\n<td>IV.Oturum<\/td>\n<td>13:30<\/td>\n<\/tr>\n<tr>\n<td>Kurumsal \u0130maj<\/td>\n<td>28 Haziran 2026<\/td>\n<td>IV.Oturum<\/td>\n<td>13:30<\/td>\n<\/tr>\n<tr>\n<td>Siyasal \u0130leti\u015fim<\/td>\n<td>28 Haziran 2026<\/td>\n<td>IV.Oturum<\/td>\n<td>13:30<\/td>\n<\/tr>\n<tr>\n<td>Medya Planlama<\/td>\n<td>28 Haziran 2026<\/td>\n<td>IV.Oturum<\/td>\n<td>13:30<\/td>\n<\/tr>\n<\/tbody>\n<\/table>\n<p>[\/vc_column_text][\/vc_column_inner][\/vc_row_inner][\/vc_column][vc_column width=&#8221;1\/4&#8243; css=&#8221;.vc_custom_1433424759656{margin-top: 20px !important;padding-right: 0px !important;}&#8221;][vc_widget_sidebar sidebar_id=&#8221;generated_sidebar-medya-ve-iletisim&#8221;][\/vc_column][\/vc_row]<\/p>\n","protected":false},"excerpt":{"rendered":"<p>[vc_row css=&#8221;.vc_custom_1427462343642{margin-top: -5px !important;margin-left: 0px !important;padding-left: 0px !important;}&#8221;][vc_column width=&#8221;3\/4&#8243; css=&#8221;.vc_custom_1450177544735{margin-top: 5px !important;margin-right: 0px !important;padding-right: 0px !important;padding-left: 0px !important;}&#8221;][vc_row_inner][vc_column_inner css=&#8221;.vc_custom_1451569227494{margin-bottom: 5px !important;padding-right: 0px !important;padding-left: 0px !important;}&#8221;][vc_widget_sidebar sidebar_id=&#8221;generated_sidebar-medya-ve-iletisim-ust-menu&#8221;][vc_column_text el_class=&#8221;menu-basligi&#8221;] SINAVLAR [\/vc_column_text][vc_column_text]S\u0131navlar hakk\u0131nda bilgi ve S\u0131nav Giri\u015f Belgesi almak i\u00e7in l\u00fctfen sinav.omu.edu.tr adresini ziyaret ediniz. S\u0131navlar, Ondokuz May\u0131s \u00dcniversitesi Kurupelit Kamp\u00fcs i\u00e7inde bulunan binalarda &#8220;y\u00fcz y\u00fcze&#8221; ger\u00e7ekle\u015ftirilecektir. 2.11.2023 tarihli senato karar\u0131 gere\u011fi Ders ba\u015far\u0131 puan\u0131, d\u00f6nem i\u00e7i de\u011ferlendirme puan\u0131n\u0131n %20\u2019si ile yar\u0131y\u0131l sonu veya b\u00fct\u00fcnleme puan\u0131n\u0131n %80\u2019inin toplam\u0131d\u0131r.[\/vc_column_text][vc_column_text el_class=&#8221;menu-basligi&#8221;]V\u0130ZE SINAVLARI[\/vc_column_text][vc_column_text el_class=&#8221;ders-tablosu&#8221;] Dersler Vize S\u0131nav tarihi Oturum Saat Haber Toplama ve Yazma Teknikleri 4 Nisan 2026 I.Oturum 09:30 Temel Foto\u011fraf\u00e7\u0131l\u0131k 4 Nisan 2026 I.Oturum 09:30 T\u00fcrk Dili II 4 Nisan 2026 I.Oturum 09:30 Radyo ve TV\u2019de Program Yap\u0131m ve Y\u00f6netim 4 Nisan 2026 I.Oturum 09:30 Halkla \u0130li\u015fkiler ve Reklamc\u0131l\u0131k 4 Nisan 2026 I.Oturum 09:30 \u0130leti\u015fim\u00a0Hukuku 4 Nisan 2026 II.Oturum 13:30 Reklamc\u0131l\u0131\u011fa Giri\u015f 4 Nisan 2026 II.Oturum 13:30 Medya Ekonomisi ve \u0130\u015fletmecili\u011fi 4 Nisan 2026 II.Oturum 13:30 Mesleki Yabanc\u0131 Dil II 4 Nisan 2026 II.Oturum 13:30 Atat\u00fcrk \u0130lkeleri ve \u0130nk\u0131lap Tarihi II 5 Nisan 2026 III.Oturum 14:30 \u0130ngilizce II 5 Nisan 2026 III.Oturum 14:30 Y\u00f6nlendirilmi\u015f \u00c7al\u0131\u015fmalar 5 Nisan 2026 III.Oturum 14:30 Yeni \u0130leti\u015fim Teknolojileri 5 Nisan 2026 III.Oturum 14:30 Medya Okur Yazarl\u0131\u011f\u0131 5 Nisan 2026 IV.Oturum 17:30 Kurumsal \u0130maj 5 Nisan 2026 IV.Oturum 17:30 Siyasal \u0130leti\u015fim 5 Nisan 2026 IV.Oturum 17:30 Medya Planlama 5 Nisan 2026 IV.Oturum 17:30 [\/vc_column_text][vc_column_text el_class=&#8221;menu-basligi&#8221;]F\u0130NAL SINAVLARI[\/vc_column_text][vc_column_text el_class=&#8221;ders-tablosu&#8221;] Dersler Final S\u0131nav tarihi Oturum Saat Haber Toplama ve Yazma Teknikleri 6 Haziran 2026 I.Oturum 09:30 Temel Foto\u011fraf\u00e7\u0131l\u0131k 6 Haziran 2026 I.Oturum 09:30 [&hellip;]<\/p>\n","protected":false},"author":11,"featured_media":0,"parent":0,"menu_order":0,"comment_status":"closed","ping_status":"closed","template":"","meta":[],"translation":{"provider":"WPGlobus","version":"2.12.2","language":"en","enabled_languages":["tr","en"],"languages":{"tr":{"title":true,"content":true,"excerpt":false},"en":{"title":false,"content":false,"excerpt":false}}},"yoast_head":"<!-- This site is optimized with the Yoast SEO plugin v17.4 - https:\/\/yoast.com\/wordpress\/plugins\/seo\/ -->\n<meta name=\"robots\" content=\"index, follow, max-snippet:-1, max-image-preview:large, max-video-preview:-1\" \/>\n<link rel=\"canonical\" href=\"https:\/\/uzem.omu.edu.tr\/medya-ve-iletisim-sinavlar\/\" \/>\n<meta property=\"og:locale\" content=\"en_US\" \/>\n<meta property=\"og:type\" content=\"article\" \/>\n<meta property=\"og:title\" content=\"Medya ve \u0130leti\u015fim | S\u0131navlar - OM\u00dc Uzaktan E\u011fitim Merkezi\" \/>\n<meta property=\"og:url\" content=\"https:\/\/uzem.omu.edu.tr\/medya-ve-iletisim-sinavlar\/\" \/>\n<meta property=\"og:site_name\" content=\"OM\u00dc Uzaktan E\u011fitim Merkezi\" \/>\n<meta property=\"article:publisher\" content=\"https:\/\/www.facebook.com\/omu.uzem\" \/>\n<meta property=\"article:modified_time\" content=\"2026-03-09T11:56:01+00:00\" \/>\n<meta name=\"twitter:card\" content=\"summary_large_image\" \/>\n<meta name=\"twitter:site\" content=\"@omuuzem\" \/>\n<meta name=\"twitter:label1\" content=\"Est. reading time\" \/>\n\t<meta name=\"twitter:data1\" content=\"3 minutes\" \/>\n<script type=\"application\/ld+json\" class=\"yoast-schema-graph\">{\"@context\":\"https:\/\/schema.org\",\"@graph\":[{\"@type\":\"Organization\",\"@id\":\"https:\/\/uzem.omu.edu.tr\/#organization\",\"name\":\"UZEM\",\"url\":\"https:\/\/uzem.omu.edu.tr\/\",\"sameAs\":[\"https:\/\/www.facebook.com\/omu.uzem\",\"https:\/\/www.instagram.com\/omu.uzem\/\",\"https:\/\/www.youtube.com\/channel\/UCQ6c_wjaGQcIvBKTbPrOe2A\",\"https:\/\/twitter.com\/omuuzem\"],\"logo\":{\"@type\":\"ImageObject\",\"@id\":\"https:\/\/uzem.omu.edu.tr\/#logo\",\"inLanguage\":\"en-US\",\"url\":\"https:\/\/uzem.omu.edu.tr\/wp-content\/uploads\/ulogo-1.png\",\"contentUrl\":\"https:\/\/uzem.omu.edu.tr\/wp-content\/uploads\/ulogo-1.png\",\"width\":364,\"height\":39,\"caption\":\"UZEM\"},\"image\":{\"@id\":\"https:\/\/uzem.omu.edu.tr\/#logo\"}},{\"@type\":\"WebSite\",\"@id\":\"https:\/\/uzem.omu.edu.tr\/#website\",\"url\":\"https:\/\/uzem.omu.edu.tr\/\",\"name\":\"OM\\u00dc Uzaktan E\\u011fitim Merkezi\",\"description\":\"&quot;F\\u0131rsatlar Sunar&quot;\",\"publisher\":{\"@id\":\"https:\/\/uzem.omu.edu.tr\/#organization\"},\"potentialAction\":[{\"@type\":\"SearchAction\",\"target\":{\"@type\":\"EntryPoint\",\"urlTemplate\":\"https:\/\/uzem.omu.edu.tr\/?s={search_term_string}\"},\"query-input\":\"required name=search_term_string\"}],\"inLanguage\":\"en-US\"},{\"@type\":\"WebPage\",\"@id\":\"https:\/\/uzem.omu.edu.tr\/medya-ve-iletisim-sinavlar\/#webpage\",\"url\":\"https:\/\/uzem.omu.edu.tr\/medya-ve-iletisim-sinavlar\/\",\"name\":\"Medya ve \\u0130leti\\u015fim | S\\u0131navlar - OM\\u00dc Uzaktan E\\u011fitim Merkezi\",\"isPartOf\":{\"@id\":\"https:\/\/uzem.omu.edu.tr\/#website\"},\"datePublished\":\"2015-11-12T04:33:41+00:00\",\"dateModified\":\"2026-03-09T11:56:01+00:00\",\"breadcrumb\":{\"@id\":\"https:\/\/uzem.omu.edu.tr\/medya-ve-iletisim-sinavlar\/#breadcrumb\"},\"inLanguage\":\"en-US\",\"potentialAction\":[{\"@type\":\"ReadAction\",\"target\":[\"https:\/\/uzem.omu.edu.tr\/medya-ve-iletisim-sinavlar\/\"]}]},{\"@type\":\"BreadcrumbList\",\"@id\":\"https:\/\/uzem.omu.edu.tr\/medya-ve-iletisim-sinavlar\/#breadcrumb\",\"itemListElement\":[{\"@type\":\"ListItem\",\"position\":1,\"name\":\"Home\",\"item\":\"https:\/\/uzem.omu.edu.tr\/\"},{\"@type\":\"ListItem\",\"position\":2,\"name\":\"Medya ve \\u0130leti\\u015fim | S\\u0131navlar\"}]}]}<\/script>\n<!-- \/ Yoast SEO plugin. -->","yoast_head_json":{"robots":{"index":"index","follow":"follow","max-snippet":"max-snippet:-1","max-image-preview":"max-image-preview:large","max-video-preview":"max-video-preview:-1"},"canonical":"https:\/\/uzem.omu.edu.tr\/medya-ve-iletisim-sinavlar\/","og_locale":"en_US","og_type":"article","og_title":"Medya ve \u0130leti\u015fim | S\u0131navlar - OM\u00dc Uzaktan E\u011fitim Merkezi","og_url":"https:\/\/uzem.omu.edu.tr\/medya-ve-iletisim-sinavlar\/","og_site_name":"OM\u00dc Uzaktan E\u011fitim Merkezi","article_publisher":"https:\/\/www.facebook.com\/omu.uzem","article_modified_time":"2026-03-09T11:56:01+00:00","twitter_card":"summary_large_image","twitter_site":"@omuuzem","twitter_misc":{"Est. reading time":"3 minutes"},"schema":{"@context":"https:\/\/schema.org","@graph":[{"@type":"Organization","@id":"https:\/\/uzem.omu.edu.tr\/#organization","name":"UZEM","url":"https:\/\/uzem.omu.edu.tr\/","sameAs":["https:\/\/www.facebook.com\/omu.uzem","https:\/\/www.instagram.com\/omu.uzem\/","https:\/\/www.youtube.com\/channel\/UCQ6c_wjaGQcIvBKTbPrOe2A","https:\/\/twitter.com\/omuuzem"],"logo":{"@type":"ImageObject","@id":"https:\/\/uzem.omu.edu.tr\/#logo","inLanguage":"en-US","url":"https:\/\/uzem.omu.edu.tr\/wp-content\/uploads\/ulogo-1.png","contentUrl":"https:\/\/uzem.omu.edu.tr\/wp-content\/uploads\/ulogo-1.png","width":364,"height":39,"caption":"UZEM"},"image":{"@id":"https:\/\/uzem.omu.edu.tr\/#logo"}},{"@type":"WebSite","@id":"https:\/\/uzem.omu.edu.tr\/#website","url":"https:\/\/uzem.omu.edu.tr\/","name":"OM\u00dc Uzaktan E\u011fitim Merkezi","description":"&quot;F\u0131rsatlar Sunar&quot;","publisher":{"@id":"https:\/\/uzem.omu.edu.tr\/#organization"},"potentialAction":[{"@type":"SearchAction","target":{"@type":"EntryPoint","urlTemplate":"https:\/\/uzem.omu.edu.tr\/?s={search_term_string}"},"query-input":"required name=search_term_string"}],"inLanguage":"en-US"},{"@type":"WebPage","@id":"https:\/\/uzem.omu.edu.tr\/medya-ve-iletisim-sinavlar\/#webpage","url":"https:\/\/uzem.omu.edu.tr\/medya-ve-iletisim-sinavlar\/","name":"Medya ve \u0130leti\u015fim | S\u0131navlar - OM\u00dc Uzaktan E\u011fitim Merkezi","isPartOf":{"@id":"https:\/\/uzem.omu.edu.tr\/#website"},"datePublished":"2015-11-12T04:33:41+00:00","dateModified":"2026-03-09T11:56:01+00:00","breadcrumb":{"@id":"https:\/\/uzem.omu.edu.tr\/medya-ve-iletisim-sinavlar\/#breadcrumb"},"inLanguage":"en-US","potentialAction":[{"@type":"ReadAction","target":["https:\/\/uzem.omu.edu.tr\/medya-ve-iletisim-sinavlar\/"]}]},{"@type":"BreadcrumbList","@id":"https:\/\/uzem.omu.edu.tr\/medya-ve-iletisim-sinavlar\/#breadcrumb","itemListElement":[{"@type":"ListItem","position":1,"name":"Home","item":"https:\/\/uzem.omu.edu.tr\/"},{"@type":"ListItem","position":2,"name":"Medya ve \u0130leti\u015fim | S\u0131navlar"}]}]}},"_links":{"self":[{"href":"https:\/\/uzem.omu.edu.tr\/en\/wp-json\/wp\/v2\/pages\/9279"}],"collection":[{"href":"https:\/\/uzem.omu.edu.tr\/en\/wp-json\/wp\/v2\/pages"}],"about":[{"href":"https:\/\/uzem.omu.edu.tr\/en\/wp-json\/wp\/v2\/types\/page"}],"author":[{"embeddable":true,"href":"https:\/\/uzem.omu.edu.tr\/en\/wp-json\/wp\/v2\/users\/11"}],"replies":[{"embeddable":true,"href":"https:\/\/uzem.omu.edu.tr\/en\/wp-json\/wp\/v2\/comments?post=9279"}],"version-history":[{"count":68,"href":"https:\/\/uzem.omu.edu.tr\/en\/wp-json\/wp\/v2\/pages\/9279\/revisions"}],"predecessor-version":[{"id":27460,"href":"https:\/\/uzem.omu.edu.tr\/en\/wp-json\/wp\/v2\/pages\/9279\/revisions\/27460"}],"wp:attachment":[{"href":"https:\/\/uzem.omu.edu.tr\/en\/wp-json\/wp\/v2\/media?parent=9279"}],"curies":[{"name":"wp","href":"https:\/\/api.w.org\/{rel}","templated":true}]}}