{"id":9272,"date":"2015-11-12T07:17:53","date_gmt":"2015-11-12T04:17:53","guid":{"rendered":"https:\/\/uzem.omu.edu.tr\/?page_id=9272"},"modified":"2024-01-03T09:53:55","modified_gmt":"2024-01-03T06:53:55","slug":"ebelik-lisans-tamamlama-sinavlar-2","status":"publish","type":"page","link":"https:\/\/uzem.omu.edu.tr\/en\/ebelik-lisans-tamamlama-sinavlar-2\/","title":{"rendered":"Ebelik Lisans Tamamlama | S\u0131navlar"},"content":{"rendered":"<p>[vc_row bg_type=&#8221;no_bg&#8221; css=&#8221;.vc_custom_1430895424028{margin-top: -5px !important;margin-left: 0px !important;padding-left: 0px !important;}&#8221;][vc_column width=&#8221;3\/4&#8243; css=&#8221;.vc_custom_1450339137269{margin-top: 5px !important;margin-right: 0px !important;padding-right: 0px !important;padding-left: 0px !important;}&#8221;][vc_row_inner][vc_column_inner css=&#8221;.vc_custom_1451569434303{margin-bottom: 5px !important;padding-right: 0px !important;padding-left: 0px !important;}&#8221;][vc_widget_sidebar sidebar_id=&#8221;generated_sidebar-elt-ust-menu&#8221;][vc_column_text el_class=&#8221;menu-basligi&#8221;]<\/p>\n<p><strong>SINAVLAR<\/strong><\/p>\n<p>[\/vc_column_text][vc_column_text el_class=&#8221;ders-tablosu&#8221;]<\/p>\n<table width=\"607\">\n<tbody>\n<tr>\n<td width=\"88\"><strong>D\u00f6nem<\/strong><\/td>\n<td width=\"209\"><strong>Dersler<\/strong><\/td>\n<td width=\"150\"><strong>Vize S\u0131nav tarihi<\/strong><\/td>\n<td width=\"98\"><strong>Oturum<\/strong><\/td>\n<td width=\"62\"><strong>Saat<\/strong><\/td>\n<\/tr>\n<tr>\n<td>3. S\u0131n\u0131f G\u00fcz<\/td>\n<td>Yenido\u011fan Sa\u011fl\u0131\u011f\u0131 ve Hastal\u0131klar\u0131<\/td>\n<td>13 Ocak 2024<\/td>\n<td>Tek Oturum<\/td>\n<td>09:30<\/td>\n<\/tr>\n<tr>\n<td>4. S\u0131n\u0131f G\u00fcz<\/td>\n<td>Genetik<\/td>\n<td>13 Ocak 2024<\/td>\n<td>Tek Oturum<\/td>\n<td>09:30<\/td>\n<\/tr>\n<tr>\n<td>4. S\u0131n\u0131f G\u00fcz<\/td>\n<td>B\u00fcy\u00fcme ve Geli\u015fme<\/td>\n<td>13 Ocak 2024<\/td>\n<td>Tek Oturum<\/td>\n<td>09:30<\/td>\n<\/tr>\n<\/tbody>\n<\/table>\n<p>[\/vc_column_text][vc_column_text el_class=&#8221;ders-tablosu&#8221;]<\/p>\n<table width=\"628\">\n<tbody>\n<tr>\n<td width=\"97\"><strong>D\u00f6nem<\/strong><\/td>\n<td width=\"209\"><strong>Dersler<\/strong><\/td>\n<td width=\"150\"><strong>Final S\u0131nav tarihi<\/strong><\/td>\n<td width=\"110\"><strong>Oturum<\/strong><\/td>\n<td width=\"62\"><strong>Saat<\/strong><\/td>\n<\/tr>\n<tr>\n<td>3. S\u0131n\u0131f G\u00fcz<\/td>\n<td>Yenido\u011fan Sa\u011fl\u0131\u011f\u0131 ve Hastal\u0131klar\u0131<\/td>\n<td>23 Mart 2024<\/td>\n<td>Tek Oturum<\/td>\n<td>09:30<\/td>\n<\/tr>\n<tr>\n<td>4. S\u0131n\u0131f G\u00fcz<\/td>\n<td>Genetik<\/td>\n<td>23 Mart 2024<\/td>\n<td>Tek Oturum<\/td>\n<td>09:30<\/td>\n<\/tr>\n<tr>\n<td>4. S\u0131n\u0131f G\u00fcz<\/td>\n<td>B\u00fcy\u00fcme ve Geli\u015fme<\/td>\n<td>23 Mart 2024<\/td>\n<td>Tek Oturum<\/td>\n<td>09:30<\/td>\n<\/tr>\n<\/tbody>\n<\/table>\n<p>[\/vc_column_text][vc_column_text el_class=&#8221;ders-tablosu&#8221;]<\/p>\n<table width=\"607\">\n<tbody>\n<tr>\n<td width=\"88\"><strong>D\u00f6nem<\/strong><\/td>\n<td width=\"209\"><strong>Dersler<\/strong><\/td>\n<td width=\"150\"><strong>B\u00fct\u00fcnleme S\u0131nav tarihi<\/strong><\/td>\n<td width=\"98\"><strong>Oturum<\/strong><\/td>\n<td width=\"62\"><strong>Saat<\/strong><\/td>\n<\/tr>\n<tr>\n<td>3. S\u0131n\u0131f G\u00fcz<\/td>\n<td>Yenido\u011fan Sa\u011fl\u0131\u011f\u0131 ve Hastal\u0131klar\u0131<\/td>\n<td>6 Nisan 2024<\/td>\n<td>Tek Oturum<\/td>\n<td>09:30<\/td>\n<\/tr>\n<tr>\n<td>4. S\u0131n\u0131f G\u00fcz<\/td>\n<td>Genetik<\/td>\n<td>6 Nisan 2024<\/td>\n<td>Tek Oturum<\/td>\n<td>09:30<\/td>\n<\/tr>\n<tr>\n<td>4. S\u0131n\u0131f G\u00fcz<\/td>\n<td>B\u00fcy\u00fcme ve Geli\u015fme<\/td>\n<td>6 Nisan 2024<\/td>\n<td>Tek Oturum<\/td>\n<td>09:30<\/td>\n<\/tr>\n<\/tbody>\n<\/table>\n<p>[\/vc_column_text][\/vc_column_inner][\/vc_row_inner][\/vc_column][vc_column width=&#8221;1\/4&#8243; css=&#8221;.vc_custom_1433425647544{margin-top: 20px !important;padding-right: 0px !important;}&#8221;][vc_widget_sidebar sidebar_id=&#8221;generated_sidebar-elt&#8221;][\/vc_column][\/vc_row]<\/p>\n","protected":false},"excerpt":{"rendered":"<p>[vc_row bg_type=&#8221;no_bg&#8221; css=&#8221;.vc_custom_1430895424028{margin-top: -5px !important;margin-left: 0px !important;padding-left: 0px !important;}&#8221;][vc_column width=&#8221;3\/4&#8243; css=&#8221;.vc_custom_1450339137269{margin-top: 5px !important;margin-right: 0px !important;padding-right: 0px !important;padding-left: 0px !important;}&#8221;][vc_row_inner][vc_column_inner css=&#8221;.vc_custom_1451569434303{margin-bottom: 5px !important;padding-right: 0px !important;padding-left: 0px !important;}&#8221;][vc_widget_sidebar sidebar_id=&#8221;generated_sidebar-elt-ust-menu&#8221;][vc_column_text el_class=&#8221;menu-basligi&#8221;] SINAVLAR [\/vc_column_text][vc_column_text el_class=&#8221;ders-tablosu&#8221;] D\u00f6nem Dersler Vize S\u0131nav tarihi Oturum Saat 3. S\u0131n\u0131f G\u00fcz Yenido\u011fan Sa\u011fl\u0131\u011f\u0131 ve Hastal\u0131klar\u0131 13 Ocak 2024 Tek Oturum 09:30 4. S\u0131n\u0131f G\u00fcz Genetik 13 Ocak 2024 Tek Oturum 09:30 4. S\u0131n\u0131f G\u00fcz B\u00fcy\u00fcme ve Geli\u015fme 13 Ocak 2024 Tek Oturum 09:30 [\/vc_column_text][vc_column_text el_class=&#8221;ders-tablosu&#8221;] D\u00f6nem Dersler Final S\u0131nav tarihi Oturum Saat 3. S\u0131n\u0131f G\u00fcz Yenido\u011fan Sa\u011fl\u0131\u011f\u0131 ve Hastal\u0131klar\u0131 23 Mart 2024 Tek Oturum 09:30 4. S\u0131n\u0131f G\u00fcz Genetik 23 Mart 2024 Tek Oturum 09:30 4. S\u0131n\u0131f G\u00fcz B\u00fcy\u00fcme ve Geli\u015fme 23 Mart 2024 Tek Oturum 09:30 [\/vc_column_text][vc_column_text el_class=&#8221;ders-tablosu&#8221;] D\u00f6nem Dersler B\u00fct\u00fcnleme S\u0131nav tarihi Oturum Saat 3. S\u0131n\u0131f G\u00fcz Yenido\u011fan Sa\u011fl\u0131\u011f\u0131 ve Hastal\u0131klar\u0131 6 Nisan 2024 Tek Oturum 09:30 4. S\u0131n\u0131f G\u00fcz Genetik 6 Nisan 2024 Tek Oturum 09:30 4. S\u0131n\u0131f G\u00fcz B\u00fcy\u00fcme ve Geli\u015fme 6 Nisan 2024 Tek Oturum 09:30 [\/vc_column_text][\/vc_column_inner][\/vc_row_inner][\/vc_column][vc_column width=&#8221;1\/4&#8243; css=&#8221;.vc_custom_1433425647544{margin-top: 20px !important;padding-right: 0px !important;}&#8221;][vc_widget_sidebar sidebar_id=&#8221;generated_sidebar-elt&#8221;][\/vc_column][\/vc_row]<\/p>\n","protected":false},"author":11,"featured_media":0,"parent":0,"menu_order":0,"comment_status":"closed","ping_status":"closed","template":"","meta":[],"translation":{"provider":"WPGlobus","version":"2.12.2","language":"en","enabled_languages":["tr","en"],"languages":{"tr":{"title":true,"content":true,"excerpt":false},"en":{"title":false,"content":false,"excerpt":false}}},"yoast_head":"<!-- This site is optimized with the Yoast SEO plugin v17.4 - https:\/\/yoast.com\/wordpress\/plugins\/seo\/ -->\n<meta name=\"robots\" content=\"index, follow, max-snippet:-1, max-image-preview:large, max-video-preview:-1\" \/>\n<link rel=\"canonical\" href=\"https:\/\/uzem.omu.edu.tr\/ebelik-lisans-tamamlama-sinavlar-2\/\" \/>\n<meta property=\"og:locale\" content=\"en_US\" \/>\n<meta property=\"og:type\" content=\"article\" \/>\n<meta property=\"og:title\" content=\"Ebelik Lisans Tamamlama | S\u0131navlar - OM\u00dc Uzaktan E\u011fitim Merkezi\" \/>\n<meta property=\"og:url\" content=\"https:\/\/uzem.omu.edu.tr\/ebelik-lisans-tamamlama-sinavlar-2\/\" \/>\n<meta property=\"og:site_name\" content=\"OM\u00dc Uzaktan E\u011fitim Merkezi\" \/>\n<meta property=\"article:publisher\" content=\"https:\/\/www.facebook.com\/omu.uzem\" \/>\n<meta property=\"article:modified_time\" content=\"2024-01-03T06:53:55+00:00\" \/>\n<meta name=\"twitter:card\" content=\"summary_large_image\" \/>\n<meta name=\"twitter:site\" content=\"@omuuzem\" \/>\n<meta name=\"twitter:label1\" content=\"Est. reading time\" \/>\n\t<meta name=\"twitter:data1\" content=\"1 minute\" \/>\n<script type=\"application\/ld+json\" class=\"yoast-schema-graph\">{\"@context\":\"https:\/\/schema.org\",\"@graph\":[{\"@type\":\"Organization\",\"@id\":\"https:\/\/uzem.omu.edu.tr\/#organization\",\"name\":\"UZEM\",\"url\":\"https:\/\/uzem.omu.edu.tr\/\",\"sameAs\":[\"https:\/\/www.facebook.com\/omu.uzem\",\"https:\/\/www.instagram.com\/omu.uzem\/\",\"https:\/\/www.youtube.com\/channel\/UCQ6c_wjaGQcIvBKTbPrOe2A\",\"https:\/\/twitter.com\/omuuzem\"],\"logo\":{\"@type\":\"ImageObject\",\"@id\":\"https:\/\/uzem.omu.edu.tr\/#logo\",\"inLanguage\":\"en-US\",\"url\":\"https:\/\/uzem.omu.edu.tr\/wp-content\/uploads\/ulogo-1.png\",\"contentUrl\":\"https:\/\/uzem.omu.edu.tr\/wp-content\/uploads\/ulogo-1.png\",\"width\":364,\"height\":39,\"caption\":\"UZEM\"},\"image\":{\"@id\":\"https:\/\/uzem.omu.edu.tr\/#logo\"}},{\"@type\":\"WebSite\",\"@id\":\"https:\/\/uzem.omu.edu.tr\/#website\",\"url\":\"https:\/\/uzem.omu.edu.tr\/\",\"name\":\"OM\\u00dc Uzaktan E\\u011fitim Merkezi\",\"description\":\"&quot;F\\u0131rsatlar Sunar&quot;\",\"publisher\":{\"@id\":\"https:\/\/uzem.omu.edu.tr\/#organization\"},\"potentialAction\":[{\"@type\":\"SearchAction\",\"target\":{\"@type\":\"EntryPoint\",\"urlTemplate\":\"https:\/\/uzem.omu.edu.tr\/?s={search_term_string}\"},\"query-input\":\"required name=search_term_string\"}],\"inLanguage\":\"en-US\"},{\"@type\":\"WebPage\",\"@id\":\"https:\/\/uzem.omu.edu.tr\/ebelik-lisans-tamamlama-sinavlar-2\/#webpage\",\"url\":\"https:\/\/uzem.omu.edu.tr\/ebelik-lisans-tamamlama-sinavlar-2\/\",\"name\":\"Ebelik Lisans Tamamlama | S\\u0131navlar - OM\\u00dc Uzaktan E\\u011fitim Merkezi\",\"isPartOf\":{\"@id\":\"https:\/\/uzem.omu.edu.tr\/#website\"},\"datePublished\":\"2015-11-12T04:17:53+00:00\",\"dateModified\":\"2024-01-03T06:53:55+00:00\",\"breadcrumb\":{\"@id\":\"https:\/\/uzem.omu.edu.tr\/ebelik-lisans-tamamlama-sinavlar-2\/#breadcrumb\"},\"inLanguage\":\"en-US\",\"potentialAction\":[{\"@type\":\"ReadAction\",\"target\":[\"https:\/\/uzem.omu.edu.tr\/ebelik-lisans-tamamlama-sinavlar-2\/\"]}]},{\"@type\":\"BreadcrumbList\",\"@id\":\"https:\/\/uzem.omu.edu.tr\/ebelik-lisans-tamamlama-sinavlar-2\/#breadcrumb\",\"itemListElement\":[{\"@type\":\"ListItem\",\"position\":1,\"name\":\"Home\",\"item\":\"https:\/\/uzem.omu.edu.tr\/\"},{\"@type\":\"ListItem\",\"position\":2,\"name\":\"Ebelik Lisans Tamamlama | S\\u0131navlar\"}]}]}<\/script>\n<!-- \/ Yoast SEO plugin. -->","yoast_head_json":{"robots":{"index":"index","follow":"follow","max-snippet":"max-snippet:-1","max-image-preview":"max-image-preview:large","max-video-preview":"max-video-preview:-1"},"canonical":"https:\/\/uzem.omu.edu.tr\/ebelik-lisans-tamamlama-sinavlar-2\/","og_locale":"en_US","og_type":"article","og_title":"Ebelik Lisans Tamamlama | S\u0131navlar - OM\u00dc Uzaktan E\u011fitim Merkezi","og_url":"https:\/\/uzem.omu.edu.tr\/ebelik-lisans-tamamlama-sinavlar-2\/","og_site_name":"OM\u00dc Uzaktan E\u011fitim Merkezi","article_publisher":"https:\/\/www.facebook.com\/omu.uzem","article_modified_time":"2024-01-03T06:53:55+00:00","twitter_card":"summary_large_image","twitter_site":"@omuuzem","twitter_misc":{"Est. reading time":"1 minute"},"schema":{"@context":"https:\/\/schema.org","@graph":[{"@type":"Organization","@id":"https:\/\/uzem.omu.edu.tr\/#organization","name":"UZEM","url":"https:\/\/uzem.omu.edu.tr\/","sameAs":["https:\/\/www.facebook.com\/omu.uzem","https:\/\/www.instagram.com\/omu.uzem\/","https:\/\/www.youtube.com\/channel\/UCQ6c_wjaGQcIvBKTbPrOe2A","https:\/\/twitter.com\/omuuzem"],"logo":{"@type":"ImageObject","@id":"https:\/\/uzem.omu.edu.tr\/#logo","inLanguage":"en-US","url":"https:\/\/uzem.omu.edu.tr\/wp-content\/uploads\/ulogo-1.png","contentUrl":"https:\/\/uzem.omu.edu.tr\/wp-content\/uploads\/ulogo-1.png","width":364,"height":39,"caption":"UZEM"},"image":{"@id":"https:\/\/uzem.omu.edu.tr\/#logo"}},{"@type":"WebSite","@id":"https:\/\/uzem.omu.edu.tr\/#website","url":"https:\/\/uzem.omu.edu.tr\/","name":"OM\u00dc Uzaktan E\u011fitim Merkezi","description":"&quot;F\u0131rsatlar Sunar&quot;","publisher":{"@id":"https:\/\/uzem.omu.edu.tr\/#organization"},"potentialAction":[{"@type":"SearchAction","target":{"@type":"EntryPoint","urlTemplate":"https:\/\/uzem.omu.edu.tr\/?s={search_term_string}"},"query-input":"required name=search_term_string"}],"inLanguage":"en-US"},{"@type":"WebPage","@id":"https:\/\/uzem.omu.edu.tr\/ebelik-lisans-tamamlama-sinavlar-2\/#webpage","url":"https:\/\/uzem.omu.edu.tr\/ebelik-lisans-tamamlama-sinavlar-2\/","name":"Ebelik Lisans Tamamlama | S\u0131navlar - OM\u00dc Uzaktan E\u011fitim Merkezi","isPartOf":{"@id":"https:\/\/uzem.omu.edu.tr\/#website"},"datePublished":"2015-11-12T04:17:53+00:00","dateModified":"2024-01-03T06:53:55+00:00","breadcrumb":{"@id":"https:\/\/uzem.omu.edu.tr\/ebelik-lisans-tamamlama-sinavlar-2\/#breadcrumb"},"inLanguage":"en-US","potentialAction":[{"@type":"ReadAction","target":["https:\/\/uzem.omu.edu.tr\/ebelik-lisans-tamamlama-sinavlar-2\/"]}]},{"@type":"BreadcrumbList","@id":"https:\/\/uzem.omu.edu.tr\/ebelik-lisans-tamamlama-sinavlar-2\/#breadcrumb","itemListElement":[{"@type":"ListItem","position":1,"name":"Home","item":"https:\/\/uzem.omu.edu.tr\/"},{"@type":"ListItem","position":2,"name":"Ebelik Lisans Tamamlama | S\u0131navlar"}]}]}},"_links":{"self":[{"href":"https:\/\/uzem.omu.edu.tr\/en\/wp-json\/wp\/v2\/pages\/9272"}],"collection":[{"href":"https:\/\/uzem.omu.edu.tr\/en\/wp-json\/wp\/v2\/pages"}],"about":[{"href":"https:\/\/uzem.omu.edu.tr\/en\/wp-json\/wp\/v2\/types\/page"}],"author":[{"embeddable":true,"href":"https:\/\/uzem.omu.edu.tr\/en\/wp-json\/wp\/v2\/users\/11"}],"replies":[{"embeddable":true,"href":"https:\/\/uzem.omu.edu.tr\/en\/wp-json\/wp\/v2\/comments?post=9272"}],"version-history":[{"count":24,"href":"https:\/\/uzem.omu.edu.tr\/en\/wp-json\/wp\/v2\/pages\/9272\/revisions"}],"predecessor-version":[{"id":25610,"href":"https:\/\/uzem.omu.edu.tr\/en\/wp-json\/wp\/v2\/pages\/9272\/revisions\/25610"}],"wp:attachment":[{"href":"https:\/\/uzem.omu.edu.tr\/en\/wp-json\/wp\/v2\/media?parent=9272"}],"curies":[{"name":"wp","href":"https:\/\/api.w.org\/{rel}","templated":true}]}}