{"id":8985,"date":"2015-11-05T08:15:47","date_gmt":"2015-11-05T05:15:47","guid":{"rendered":"https:\/\/uzem.omu.edu.tr\/?page_id=8985"},"modified":"2024-11-18T12:05:24","modified_gmt":"2024-11-18T09:05:24","slug":"akademik-ve-idari-personel-icin-baglantilar","status":"publish","type":"page","link":"https:\/\/uzem.omu.edu.tr\/en\/akademik-ve-idari-personel-icin-baglantilar\/","title":{"rendered":"Links for Staff"},"content":{"rendered":"<p>[vc_row][vc_column width=&#8221;1\/1&#8243; css=&#8221;.vc_custom_1446709803024{margin-right: 0px !important;margin-left: 0px !important;padding-right: 0px !important;padding-left: 0px !important;}&#8221;][vc_message message_box_style=&#8221;solid&#8221; style=&#8221;square&#8221; message_box_color=&#8221;info&#8221; icon_type=&#8221;fontawesome&#8221; icon_fontawesome=&#8221;fa fa-info-circle&#8221; icon_openiconic=&#8221;vc-oi vc-oi-dial&#8221; icon_typicons=&#8221;typcn typcn-adjust-brightness&#8221; icon_entypo=&#8221;entypo-icon entypo-icon-note&#8221; icon_linecons=&#8221;vc_li vc_li-heart&#8221; icon_pixelicons=&#8221;vc_pixel_icon vc_pixel_icon-alert&#8221;]<\/p>\n<p>Bu sayfada Akademik ve \u0130dari kadrolarda g\u00f6rev yapan personelin ve s\u0131nav faalieylerimizde\u00a0g\u00f6rev almak isteyenlerin ihtiya\u00e7 duyaca\u011f\u0131 k\u0131lavuzlar, dok\u00fcmanlar ve y\u00f6nergeler yer almaktad\u0131r.<\/p>\n<p>[\/vc_message][vc_row_inner css=&#8221;.vc_custom_1446711146421{margin-top: -20px !important;}&#8221;][vc_column_inner width=&#8221;1\/3&#8243; css=&#8221;.vc_custom_1446710931389{padding-right: 0px !important;padding-left: 0px !important;background-color: #f2f2f2 !important;}&#8221;][vc_column_text el_class=&#8221;menu-basligi&#8221; css=&#8221;.vc_custom_1446710884416{padding-right: 0px !important;padding-left: 0px !important;}&#8221;]<\/p>\n<p>k\u0131lavuzlar<\/p>\n<p>[\/vc_column_text][vc_column_text css=&#8221;.vc_custom_1493885839844{padding-left: 10px !important;}&#8221;]<\/p>\n<p><i class=\"fa fa-file-pdf-o \" ><\/i> <a href=\"https:\/\/uzem.omu.edu.tr\/canli-ders-yardimi\/\" target=\"_blank\" rel=\"noopener\">Canl\u0131 Ders Yard\u0131m\u0131<\/a>\u00a0<i class=\"fa fa-external-link \" ><\/i><\/p>\n<p>[\/vc_column_text][vc_empty_space height=&#8221;1&#8243;][\/vc_column_inner][vc_column_inner width=&#8221;1\/3&#8243; css=&#8221;.vc_custom_1446710958139{padding-right: 0px !important;padding-left: 0px !important;background-color: #e8e8e8 !important;}&#8221;][vc_column_text el_class=&#8221;menu-basligi&#8221;]<\/p>\n<p>Ba\u011flant\u0131lar<\/p>\n<p>[\/vc_column_text][vc_column_text css=&#8221;.vc_custom_1446711536828{padding-left: 10px !important;}&#8221;]<i class=\"fa fa-link \" ><\/i>\u00a0<a href=\"http:\/\/sinav.omu.edu.tr\/attendant\/session\/new\" target=\"_blank\" rel=\"noopener\">G\u00f6revli \u0130\u015flemleri Sistemi (G\u0130S)<\/a>\u00a0<i class=\"fa fa-external-link \" ><\/i><br \/>\n<i class=\"fa fa-link \" ><\/i>\u00a0<a href=\"http:\/\/portal.uzem.omu.edu.tr\/\" target=\"_blank\" rel=\"noopener\">E\u011fitim Portal\u0131<\/a>\u00a0<i class=\"fa fa-external-link \" ><\/i>[\/vc_column_text][vc_empty_space height=&#8221;1&#8243;][\/vc_column_inner][vc_column_inner width=&#8221;1\/3&#8243; css=&#8221;.vc_custom_1446711011259{padding-right: 0px !important;padding-left: 0px !important;background-color: #f2f2f2 !important;}&#8221;][vc_column_text el_class=&#8221;menu-basligi&#8221;]<\/p>\n<p>Y\u00f6nergeler<\/p>\n<p>[\/vc_column_text][vc_column_text css=&#8221;.vc_custom_1446711484147{padding-left: 10px !important;}&#8221;]<i class=\"fa fa-file-pdf-o \" ><\/i> <a href=\"https:\/\/drive.google.com\/file\/d\/0Bw3r_cNzxuwidmtPZ3J2LTUyWnM\/view\" target=\"_blank\" rel=\"noopener\">S\u0131nav Uygulama Y\u00f6nergesi<\/a>\u00a0<i class=\"fa fa-external-link \" ><\/i><br \/>\n<i class=\"fa fa-file-pdf-o \" ><\/i> <a href=\"https:\/\/drive.google.com\/file\/d\/0B0VL2BehT0jcOEFEa3RxRk1WSms\/edit\" target=\"_blank\" rel=\"noopener\">S\u0131nav G\u00f6revi Hizmet S\u00f6zle\u015fmesi<\/a>\u00a0<i class=\"fa fa-external-link \" ><\/i><br \/>\n<i class=\"fa fa-file-pdf-o \" ><\/i> <a href=\"https:\/\/drive.google.com\/file\/d\/0B0VL2BehT0jca3oyY051RE9SaUE\/edit\" target=\"_blank\" rel=\"noopener\">G\u00f6revli Talimat\u0131<\/a>\u00a0<i class=\"fa fa-external-link \" ><\/i>[\/vc_column_text][vc_empty_space height=&#8221;1&#8243;][\/vc_column_inner][\/vc_row_inner][\/vc_column][\/vc_row]<\/p>\n","protected":false},"excerpt":{"rendered":"<p>[vc_row][vc_column width=&#8221;1\/1&#8243; css=&#8221;.vc_custom_1446709803024{margin-right: 0px !important;margin-left: 0px !important;padding-right: 0px !important;padding-left: 0px !important;}&#8221;][vc_message message_box_style=&#8221;solid&#8221; style=&#8221;square&#8221; message_box_color=&#8221;info&#8221; icon_type=&#8221;fontawesome&#8221; icon_fontawesome=&#8221;fa fa-info-circle&#8221; icon_openiconic=&#8221;vc-oi vc-oi-dial&#8221; icon_typicons=&#8221;typcn typcn-adjust-brightness&#8221; icon_entypo=&#8221;entypo-icon entypo-icon-note&#8221; icon_linecons=&#8221;vc_li vc_li-heart&#8221; icon_pixelicons=&#8221;vc_pixel_icon vc_pixel_icon-alert&#8221;] Bu sayfada Akademik ve \u0130dari kadrolarda g\u00f6rev yapan personelin ve s\u0131nav faalieylerimizde\u00a0g\u00f6rev almak isteyenlerin ihtiya\u00e7 duyaca\u011f\u0131 k\u0131lavuzlar, dok\u00fcmanlar ve y\u00f6nergeler yer almaktad\u0131r. [\/vc_message][vc_row_inner css=&#8221;.vc_custom_1446711146421{margin-top: -20px !important;}&#8221;][vc_column_inner width=&#8221;1\/3&#8243; css=&#8221;.vc_custom_1446710931389{padding-right: 0px !important;padding-left: 0px !important;background-color: #f2f2f2 !important;}&#8221;][vc_column_text el_class=&#8221;menu-basligi&#8221; css=&#8221;.vc_custom_1446710884416{padding-right: 0px !important;padding-left: 0px !important;}&#8221;] k\u0131lavuzlar [\/vc_column_text][vc_column_text css=&#8221;.vc_custom_1493885839844{padding-left: 10px !important;}&#8221;] Canl\u0131 Ders Yard\u0131m\u0131\u00a0 [\/vc_column_text][vc_empty_space height=&#8221;1&#8243;][\/vc_column_inner][vc_column_inner width=&#8221;1\/3&#8243; css=&#8221;.vc_custom_1446710958139{padding-right: 0px !important;padding-left: 0px !important;background-color: #e8e8e8 !important;}&#8221;][vc_column_text el_class=&#8221;menu-basligi&#8221;] Ba\u011flant\u0131lar [\/vc_column_text][vc_column_text css=&#8221;.vc_custom_1446711536828{padding-left: 10px !important;}&#8221;]\u00a0G\u00f6revli \u0130\u015flemleri Sistemi (G\u0130S)\u00a0 \u00a0E\u011fitim Portal\u0131\u00a0[\/vc_column_text][vc_empty_space height=&#8221;1&#8243;][\/vc_column_inner][vc_column_inner width=&#8221;1\/3&#8243; css=&#8221;.vc_custom_1446711011259{padding-right: 0px !important;padding-left: 0px !important;background-color: #f2f2f2 !important;}&#8221;][vc_column_text el_class=&#8221;menu-basligi&#8221;] Y\u00f6nergeler [\/vc_column_text][vc_column_text css=&#8221;.vc_custom_1446711484147{padding-left: 10px !important;}&#8221;] S\u0131nav Uygulama Y\u00f6nergesi\u00a0 S\u0131nav G\u00f6revi Hizmet S\u00f6zle\u015fmesi\u00a0 G\u00f6revli Talimat\u0131\u00a0[\/vc_column_text][vc_empty_space height=&#8221;1&#8243;][\/vc_column_inner][\/vc_row_inner][\/vc_column][\/vc_row]<\/p>\n","protected":false},"author":1,"featured_media":0,"parent":0,"menu_order":0,"comment_status":"closed","ping_status":"closed","template":"","meta":[],"translation":{"provider":"WPGlobus","version":"2.12.2","language":"en","enabled_languages":["tr","en"],"languages":{"tr":{"title":true,"content":true,"excerpt":false},"en":{"title":true,"content":false,"excerpt":false}}},"yoast_head":"<!-- This site is optimized with the Yoast SEO plugin v17.4 - https:\/\/yoast.com\/wordpress\/plugins\/seo\/ -->\n<meta name=\"robots\" content=\"index, follow, max-snippet:-1, max-image-preview:large, max-video-preview:-1\" \/>\n<link rel=\"canonical\" href=\"https:\/\/uzem.omu.edu.tr\/akademik-ve-idari-personel-icin-baglantilar\/\" \/>\n<meta property=\"og:locale\" content=\"en_US\" \/>\n<meta property=\"og:type\" content=\"article\" \/>\n<meta property=\"og:title\" content=\"Links for Staff - OM\u00dc Uzaktan E\u011fitim Merkezi\" \/>\n<meta property=\"og:url\" content=\"https:\/\/uzem.omu.edu.tr\/akademik-ve-idari-personel-icin-baglantilar\/\" \/>\n<meta property=\"og:site_name\" content=\"OM\u00dc Uzaktan E\u011fitim Merkezi\" \/>\n<meta property=\"article:publisher\" content=\"https:\/\/www.facebook.com\/omu.uzem\" \/>\n<meta property=\"article:modified_time\" content=\"2024-11-18T09:05:24+00:00\" \/>\n<meta name=\"twitter:card\" content=\"summary_large_image\" \/>\n<meta name=\"twitter:site\" content=\"@omuuzem\" \/>\n<meta name=\"twitter:label1\" content=\"Est. reading time\" \/>\n\t<meta name=\"twitter:data1\" content=\"2 minutes\" \/>\n<script type=\"application\/ld+json\" class=\"yoast-schema-graph\">{\"@context\":\"https:\/\/schema.org\",\"@graph\":[{\"@type\":\"Organization\",\"@id\":\"https:\/\/uzem.omu.edu.tr\/#organization\",\"name\":\"UZEM\",\"url\":\"https:\/\/uzem.omu.edu.tr\/\",\"sameAs\":[\"https:\/\/www.facebook.com\/omu.uzem\",\"https:\/\/www.instagram.com\/omu.uzem\/\",\"https:\/\/www.youtube.com\/channel\/UCQ6c_wjaGQcIvBKTbPrOe2A\",\"https:\/\/twitter.com\/omuuzem\"],\"logo\":{\"@type\":\"ImageObject\",\"@id\":\"https:\/\/uzem.omu.edu.tr\/#logo\",\"inLanguage\":\"en-US\",\"url\":\"https:\/\/uzem.omu.edu.tr\/wp-content\/uploads\/ulogo-1.png\",\"contentUrl\":\"https:\/\/uzem.omu.edu.tr\/wp-content\/uploads\/ulogo-1.png\",\"width\":364,\"height\":39,\"caption\":\"UZEM\"},\"image\":{\"@id\":\"https:\/\/uzem.omu.edu.tr\/#logo\"}},{\"@type\":\"WebSite\",\"@id\":\"https:\/\/uzem.omu.edu.tr\/#website\",\"url\":\"https:\/\/uzem.omu.edu.tr\/\",\"name\":\"OM\\u00dc Uzaktan E\\u011fitim Merkezi\",\"description\":\"&quot;F\\u0131rsatlar Sunar&quot;\",\"publisher\":{\"@id\":\"https:\/\/uzem.omu.edu.tr\/#organization\"},\"potentialAction\":[{\"@type\":\"SearchAction\",\"target\":{\"@type\":\"EntryPoint\",\"urlTemplate\":\"https:\/\/uzem.omu.edu.tr\/?s={search_term_string}\"},\"query-input\":\"required name=search_term_string\"}],\"inLanguage\":\"en-US\"},{\"@type\":\"WebPage\",\"@id\":\"https:\/\/uzem.omu.edu.tr\/akademik-ve-idari-personel-icin-baglantilar\/#webpage\",\"url\":\"https:\/\/uzem.omu.edu.tr\/akademik-ve-idari-personel-icin-baglantilar\/\",\"name\":\"Links for Staff - OM\\u00dc Uzaktan E\\u011fitim Merkezi\",\"isPartOf\":{\"@id\":\"https:\/\/uzem.omu.edu.tr\/#website\"},\"datePublished\":\"2015-11-05T05:15:47+00:00\",\"dateModified\":\"2024-11-18T09:05:24+00:00\",\"breadcrumb\":{\"@id\":\"https:\/\/uzem.omu.edu.tr\/akademik-ve-idari-personel-icin-baglantilar\/#breadcrumb\"},\"inLanguage\":\"en-US\",\"potentialAction\":[{\"@type\":\"ReadAction\",\"target\":[\"https:\/\/uzem.omu.edu.tr\/akademik-ve-idari-personel-icin-baglantilar\/\"]}]},{\"@type\":\"BreadcrumbList\",\"@id\":\"https:\/\/uzem.omu.edu.tr\/akademik-ve-idari-personel-icin-baglantilar\/#breadcrumb\",\"itemListElement\":[{\"@type\":\"ListItem\",\"position\":1,\"name\":\"Home\",\"item\":\"https:\/\/uzem.omu.edu.tr\/\"},{\"@type\":\"ListItem\",\"position\":2,\"name\":\"Akademik ve \\u0130dari Personel \\u0130\\u00e7in Ba\\u011flant\\u0131lar\"}]}]}<\/script>\n<!-- \/ Yoast SEO plugin. -->","yoast_head_json":{"robots":{"index":"index","follow":"follow","max-snippet":"max-snippet:-1","max-image-preview":"max-image-preview:large","max-video-preview":"max-video-preview:-1"},"canonical":"https:\/\/uzem.omu.edu.tr\/akademik-ve-idari-personel-icin-baglantilar\/","og_locale":"en_US","og_type":"article","og_title":"Links for Staff - OM\u00dc Uzaktan E\u011fitim Merkezi","og_url":"https:\/\/uzem.omu.edu.tr\/akademik-ve-idari-personel-icin-baglantilar\/","og_site_name":"OM\u00dc Uzaktan E\u011fitim Merkezi","article_publisher":"https:\/\/www.facebook.com\/omu.uzem","article_modified_time":"2024-11-18T09:05:24+00:00","twitter_card":"summary_large_image","twitter_site":"@omuuzem","twitter_misc":{"Est. reading time":"2 minutes"},"schema":{"@context":"https:\/\/schema.org","@graph":[{"@type":"Organization","@id":"https:\/\/uzem.omu.edu.tr\/#organization","name":"UZEM","url":"https:\/\/uzem.omu.edu.tr\/","sameAs":["https:\/\/www.facebook.com\/omu.uzem","https:\/\/www.instagram.com\/omu.uzem\/","https:\/\/www.youtube.com\/channel\/UCQ6c_wjaGQcIvBKTbPrOe2A","https:\/\/twitter.com\/omuuzem"],"logo":{"@type":"ImageObject","@id":"https:\/\/uzem.omu.edu.tr\/#logo","inLanguage":"en-US","url":"https:\/\/uzem.omu.edu.tr\/wp-content\/uploads\/ulogo-1.png","contentUrl":"https:\/\/uzem.omu.edu.tr\/wp-content\/uploads\/ulogo-1.png","width":364,"height":39,"caption":"UZEM"},"image":{"@id":"https:\/\/uzem.omu.edu.tr\/#logo"}},{"@type":"WebSite","@id":"https:\/\/uzem.omu.edu.tr\/#website","url":"https:\/\/uzem.omu.edu.tr\/","name":"OM\u00dc Uzaktan E\u011fitim Merkezi","description":"&quot;F\u0131rsatlar Sunar&quot;","publisher":{"@id":"https:\/\/uzem.omu.edu.tr\/#organization"},"potentialAction":[{"@type":"SearchAction","target":{"@type":"EntryPoint","urlTemplate":"https:\/\/uzem.omu.edu.tr\/?s={search_term_string}"},"query-input":"required name=search_term_string"}],"inLanguage":"en-US"},{"@type":"WebPage","@id":"https:\/\/uzem.omu.edu.tr\/akademik-ve-idari-personel-icin-baglantilar\/#webpage","url":"https:\/\/uzem.omu.edu.tr\/akademik-ve-idari-personel-icin-baglantilar\/","name":"Links for Staff - OM\u00dc Uzaktan E\u011fitim Merkezi","isPartOf":{"@id":"https:\/\/uzem.omu.edu.tr\/#website"},"datePublished":"2015-11-05T05:15:47+00:00","dateModified":"2024-11-18T09:05:24+00:00","breadcrumb":{"@id":"https:\/\/uzem.omu.edu.tr\/akademik-ve-idari-personel-icin-baglantilar\/#breadcrumb"},"inLanguage":"en-US","potentialAction":[{"@type":"ReadAction","target":["https:\/\/uzem.omu.edu.tr\/akademik-ve-idari-personel-icin-baglantilar\/"]}]},{"@type":"BreadcrumbList","@id":"https:\/\/uzem.omu.edu.tr\/akademik-ve-idari-personel-icin-baglantilar\/#breadcrumb","itemListElement":[{"@type":"ListItem","position":1,"name":"Home","item":"https:\/\/uzem.omu.edu.tr\/"},{"@type":"ListItem","position":2,"name":"Akademik ve \u0130dari Personel \u0130\u00e7in Ba\u011flant\u0131lar"}]}]}},"_links":{"self":[{"href":"https:\/\/uzem.omu.edu.tr\/en\/wp-json\/wp\/v2\/pages\/8985"}],"collection":[{"href":"https:\/\/uzem.omu.edu.tr\/en\/wp-json\/wp\/v2\/pages"}],"about":[{"href":"https:\/\/uzem.omu.edu.tr\/en\/wp-json\/wp\/v2\/types\/page"}],"author":[{"embeddable":true,"href":"https:\/\/uzem.omu.edu.tr\/en\/wp-json\/wp\/v2\/users\/1"}],"replies":[{"embeddable":true,"href":"https:\/\/uzem.omu.edu.tr\/en\/wp-json\/wp\/v2\/comments?post=8985"}],"version-history":[{"count":1,"href":"https:\/\/uzem.omu.edu.tr\/en\/wp-json\/wp\/v2\/pages\/8985\/revisions"}],"predecessor-version":[{"id":26540,"href":"https:\/\/uzem.omu.edu.tr\/en\/wp-json\/wp\/v2\/pages\/8985\/revisions\/26540"}],"wp:attachment":[{"href":"https:\/\/uzem.omu.edu.tr\/en\/wp-json\/wp\/v2\/media?parent=8985"}],"curies":[{"name":"wp","href":"https:\/\/api.w.org\/{rel}","templated":true}]}}