{"id":8679,"date":"2015-11-03T07:15:57","date_gmt":"2015-11-03T04:15:57","guid":{"rendered":"https:\/\/uzem.omu.edu.tr\/?page_id=8679"},"modified":"2021-06-14T11:12:11","modified_gmt":"2021-06-14T08:12:11","slug":"cevrimici-sinav-sistemi-yardim-rehberi","status":"publish","type":"page","link":"https:\/\/uzem.omu.edu.tr\/en\/cevrimici-sinav-sistemi-yardim-rehberi\/","title":{"rendered":"\u00c7evrimi\u00e7i S\u0131nav Sistemi Yard\u0131m Rehberi"},"content":{"rendered":"<p>[vc_row bg_type=&#8221;bg_color&#8221; bg_override=&#8221;0&#8243; bg_color_value=&#8221;#f2f2f2&#8243; css=&#8221;.vc_custom_1446531956598{margin-top: 0px !important;padding-top: 0px !important;background-color: #f2f2f2 !important;}&#8221;][vc_column css=&#8221;.vc_custom_1446540163665{margin-right: 0px !important;margin-left: 0px !important;padding-right: 0px !important;padding-left: 0px !important;}&#8221;][vc_cta_button2 h2=&#8221;S\u0131nav Sistemini Buradan A\u00e7\u0131n&#8221; style=&#8221;square&#8221; title=&#8221;\u00c7evrimi\u00e7i S\u0131nav Sistemini A\u00e7&#8221; btn_style=&#8221;square&#8221; color=&#8221;pink&#8221; position=&#8221;bottom&#8221; link=&#8221;url:http%3A%2F%2Fsinav.omu.edu.tr||target:%20_blank&#8221;]<\/p>\n<p>Sorunsuz bir s\u0131nav i\u00e7in a\u015fa\u011f\u0131daki sorulara\u00a0bakmay\u0131 unutmay\u0131n!<\/p>\n<p>[\/vc_cta_button2][\/vc_column][\/vc_row][vc_row bg_type=&#8221;bg_color&#8221; bg_override=&#8221;0&#8243; css=&#8221;.vc_custom_1461747859563{margin-top: -30px !important;margin-right: 0px !important;margin-bottom: 0px !important;margin-left: 0px !important;padding-top: 0px !important;padding-right: 0px !important;padding-bottom: 0px !important;padding-left: 0px !important;}&#8221; bg_color_value=&#8221;#4281bf&#8221;][vc_column css=&#8221;.vc_custom_1459431058770{margin-top: -5px !important;margin-right: 0px !important;margin-bottom: 30px !important;margin-left: 0px !important;padding-top: 0px !important;padding-right: 0px !important;padding-left: 0px !important;}&#8221;][vc_empty_space height=&#8221;15px&#8221;][vc_column_text]S\u0131nav g\u00fcvenli\u011fi tedbirleri ile ilgili Ondokuz May\u0131s \u00dcniversitesi Senatosu taraf\u0131ndan al\u0131nan <strong>03.06.2021 tarihli 2021-132 say\u0131l\u0131 karar do\u011frultusunda<\/strong> UZEM s\u0131nav sisteminde baz\u0131 g\u00fcncellemeler yap\u0131lm\u0131\u015ft\u0131r.[\/vc_column_text][vc_column_text el_class=&#8221;menu-basligi&#8221;]<\/p>\n<p><strong>\u00c7evrimi\u00e7i s\u0131nav sistemi hakk\u0131nda s\u0131k\u00e7a sorulan sorular<\/strong><\/p>\n<p>[\/vc_column_text][vc_empty_space height=&#8221;15&#8243;][vc_column_text]<\/p>\n<ul class=\"yardim-basliklari\">\n<li><a href=\"#sinav-tarihlerine-nereden-ulasabilirim\">S\u0131nav tarihlerine nereden ula\u015fabilirim?<\/a><\/li>\n<li><a href=\"#sinavlar-nasil-olacak\">S\u0131navlar nas\u0131l olacak?<\/a><\/li>\n<li><a href=\"#deneme-sinavi-yapilacak-mi\">Deneme s\u0131nav\u0131 yap\u0131lacak m\u0131?<\/a><\/li>\n<li><a href=\"#deneme-sinavinda-sorun-yasarsam-ne-yapmaliyim\">Deneme s\u0131nav\u0131nda sorun ya\u015farsam ne yapmal\u0131y\u0131m?<\/a><\/li>\n<li><a href=\"#sinavlarda-kacinci-uniteye-kadar-sorumluyum\">S\u0131navlarda ka\u00e7\u0131nc\u0131 \u00fcniteye kadar sorumluyum?<\/a><\/li>\n<li><a href=\"#sinav-esnasinda-elektrik-internet-baglantisi-kesilirse-ne-yapmaliyim\">S\u0131nav esnas\u0131nda elektrik\/internet ba\u011flant\u0131s\u0131 kesilirse ne yapmal\u0131y\u0131m?<\/a><\/li>\n<li><a href=\"#sinava-tabletten-cep-telefonundan-giris-yapabilirmiyim\">S\u0131nava tabletten\/cep telefonundan giri\u015f yapabilir miyim?<\/a><\/li>\n<li><a href=\"#sinavlara-saatinde-mi-girmemiz-gerekiyor\">S\u0131navlara saatinde mi girmemiz gerekiyor?<\/a><\/li>\n<li><a href=\"#mazeret-sinavlari-yapilmakta-midir\">Mazeret s\u0131navlar\u0131 yap\u0131lmakta m\u0131d\u0131r?<\/a><\/li>\n<li><a href=\"#sinavlarima-nereden-ulasabilirim\">S\u0131navlar\u0131ma nereden ula\u015fabilirim?<\/a><\/li>\n<li><a href=\"#cevrimici-sinav-sisteminde-bilgilerimi-nasil-guncellerim\">\u00c7evrimi\u00e7i s\u0131nav sisteminde bilgilerimi nas\u0131l g\u00fcncellerim?<\/a><\/li>\n<li><a href=\"#cevrimici-sinav-sisteminde-derslerimi-nereden-gorebilirim\">\u00c7evrimi\u00e7i s\u0131nav sisteminde derslerimi nereden g\u00f6rebilirim?<\/a><\/li>\n<li><a href=\"#cevrimici-sinav-sisteminde-duyurulara-nereden-ulasabilirim\">\u00c7evrimi\u00e7i s\u0131nav sisteminde duyurulara nereden ula\u015fabilirim?<\/a><\/li>\n<\/ul>\n<p>[\/vc_column_text][vc_text_separator title=&#8221;Cevaplar&#8221;][vc_column_text]<\/p>\n<ul id=\"sinav-tarihlerine-nereden-ulasabilirim\" class=\"yardim-aciklamalari\">S\u0131nav tarihlerine nereden ula\u015fabilirim?<\/ul>\n<p>Program sayfan\u0131zda bulunan men\u00fcde &#8220;B\u00f6l\u00fcm S\u0131navlar\u0131&#8221; butonuna t\u0131klayarak ula\u015fabilirsiniz.<br \/>\n<a href=\"https:\/\/uzem.omu.edu.tr\/wp-content\/uploads\/bolumsinavlari.png\"><img loading=\"lazy\" class=\"alignnone size-full wp-image-12561\" src=\"https:\/\/uzem.omu.edu.tr\/wp-content\/uploads\/bolumsinavlari.png\" alt=\"bolumsinavlari\" width=\"912\" height=\"92\" srcset=\"https:\/\/uzem.omu.edu.tr\/wp-content\/uploads\/bolumsinavlari.png 912w, https:\/\/uzem.omu.edu.tr\/wp-content\/uploads\/bolumsinavlari-300x30.png 300w, https:\/\/uzem.omu.edu.tr\/wp-content\/uploads\/bolumsinavlari-783x79.png 783w, https:\/\/uzem.omu.edu.tr\/wp-content\/uploads\/bolumsinavlari-575x58.png 575w\" sizes=\"(max-width: 912px) 100vw, 912px\" \/><\/a>[\/vc_column_text][vc_separator][vc_column_text]<\/p>\n<ul id=\"sinavlar-nasil-olacak\" class=\"yardim-aciklamalari\">S\u0131navlar nas\u0131l olacak?<\/ul>\n<p>Vize s\u0131navlar\u0131n\u0131z internet \u00fczerinden UZEM \u00c7evrimi\u00e7i S\u0131nav Sistemi vas\u0131tas\u0131yla ger\u00e7ekle\u015ftirilecektir.[\/vc_column_text][vc_separator][vc_column_text]<\/p>\n<ul id=\"deneme-sinavi-yapilacak-mi\" class=\"yardim-aciklamalari\">Deneme s\u0131nav\u0131 yap\u0131lacak m\u0131?<\/ul>\n<p>S\u0131nav g\u00fcn\u00fc sistem \u00fczerinde yabanc\u0131l\u0131k ya\u015famaman\u0131z i\u00e7in deneme s\u0131navlar\u0131 yap\u0131lacakt\u0131r. Deneme s\u0131navlar\u0131 b\u00f6l\u00fcm bazl\u0131 yap\u0131lacak olup s\u0131nav saati&amp;tarihi hakk\u0131nda sistemde kay\u0131tl\u0131 cep telefonunuza bilgilendirme mesaj\u0131 gelecektir. E\u011fer sisteme cep telefonunuz kay\u0131tl\u0131 de\u011fil ise duyurulardan deneme s\u0131nav\u0131 tarihlerini takip etmeniz gerekmektedir. \u0130leti\u015fim bilgilerinizi sisteme yine s\u0131nav otomasyonu \u00fczerinden kaydedebilirsiniz.[\/vc_column_text][vc_separator][vc_column_text]<\/p>\n<ul id=\"deneme-sinavinda-sorun-yasarsam-ne-yapmaliyim\" class=\"yardim-aciklamalari\">Deneme s\u0131nav\u0131nda sorun ya\u015farsam ne yapmal\u0131y\u0131m?<\/ul>\n<p>Ya\u015fad\u0131\u011f\u0131n\u0131z teknik sorunlar i\u00e7in <b><a href=\"https:\/\/uzem.omu.edu.tr\/destek-talebi\/\" target=\"_blank\" rel=\"noopener noreferrer\">destek talebi<\/a>\u00a0<i class=\"fa fa-external-link \" ><\/i><\/b>\u00a0sayfas\u0131ndan bildirimde bulunabilirsiniz.[\/vc_column_text][vc_separator][vc_column_text]<\/p>\n<ul id=\"sinavlarda-kacinci-uniteye-kadar-sorumluyum\" class=\"yardim-aciklamalari\">S\u0131navlarda ka\u00e7\u0131nc\u0131 \u00fcniteye kadar sorumluyum?<\/ul>\n<p>Dersin \u00f6\u011fretim eleman\u0131 aksi bir durum belirtmedi ise ilk 7 \u00fcniteden soru sorulacakt\u0131r.[\/vc_column_text][vc_separator][vc_column_text]<\/p>\n<ul id=\"sinav-esnasinda-elektrik-internet-baglantisi-kesilirse-ne-yapmaliyim\" class=\"yardim-aciklamalari\">S\u0131nav esnas\u0131nda elektrik\/internet ba\u011flant\u0131s\u0131 kesilirse ne yapmal\u0131y\u0131m?<\/ul>\n<p>S\u0131nav esnas\u0131nda elektrik kesintisi ya da internet ba\u011flant\u0131 sorunlar\u0131na kar\u015f\u0131 \u00f6nlemlerinizi alman\u0131z gerekmektedir. Bunun i\u00e7in \u015farj\u0131 tam dolu olan bir diz\u00fcst\u00fc bilgisayar ve 3G internet ba\u011flant\u0131s\u0131n\u0131 haz\u0131r etmenizi tavsiye etmekteyiz. Bunun d\u0131\u015f\u0131nda meydana gelen ba\u011flant\u0131 sorunlar\u0131nda UZEM\u2019in sorumlulu\u011fu yoktur. Gerekli tedbirleri almak \u00f6\u011frencinin sorumlulu\u011fundad\u0131r.<strong><br \/>\n<\/strong>[\/vc_column_text][vc_separator][vc_column_text]<\/p>\n<ul id=\"sinava-tabletten-cep-telefonundan-giris-yapabilirmiyim\" class=\"yardim-aciklamalari\">S\u0131nava tabletten\/cep telefonundan giri\u015f yapabilir miyim?<\/ul>\n<p>Tablet ve cep telefonlar\u0131n\u0131zdan s\u0131nava girebilirsiniz.[\/vc_column_text][vc_separator][vc_column_text]<\/p>\n<ul id=\"sinavlara-saatinde-mi-girmemiz-gerekiyor\" class=\"yardim-aciklamalari\">S\u0131navlara saatinde mi girmemiz gerekiyor?<\/ul>\n<p>S\u0131nav takvimine g\u00f6re her dersin s\u0131nav\u0131 belirlenmi\u015f zaman dilimleri aras\u0131nda yap\u0131lmaktad\u0131r. S\u0131nav\u0131n\u0131z\u0131 ka\u00e7\u0131rmamak ad\u0131na s\u0131navdan 10 dk \u00f6nce sistemde haz\u0131r bulunman\u0131z\u0131 tavsiye ediyoruz.[\/vc_column_text][vc_separator][vc_column_text]<\/p>\n<ul id=\"mazeret-sinavlari-yapilmakta-midir\" class=\"yardim-aciklamalari\">Mazeret s\u0131navlar\u0131 yap\u0131lmakta m\u0131d\u0131r?<\/ul>\n<p>Mazeretinizin kabul edilip edilmeyece\u011fi ba\u011fl\u0131 bulundu\u011funuz akademik birimin y\u00f6netim kurulunda g\u00f6r\u00fc\u015f\u00fclmektedir. Mazeretiniz kabul edilirse UZEM\u2019in belirleyece\u011fi bir tarihte \u00e7evrimi\u00e7i s\u0131nav sistemi ile s\u0131navlar\u0131n\u0131z\u0131 olabilirsiniz. S\u0131nav tarihi ve mazeretinizin kabul olup olmad\u0131\u011f\u0131 taraf\u0131n\u0131za telefonla bildirilecektir.[\/vc_column_text][vc_separator][vc_column_text]<\/p>\n<ul id=\"sinavlarima-nereden-ulasabilirim\" class=\"yardim-aciklamalari\">S\u0131navlar\u0131ma nereden ula\u015fabilirim?<\/ul>\n<p><b><a href=\"http:\/\/sinav.omu.edu.tr\" target=\"_blank\" rel=\"noopener noreferrer\">sinav.uzem.omu.edu.tr<\/a> <i class=\"fa fa-external-link \" ><\/i><\/b> adresinden giri\u015f yaparak &#8220;Duyurular&#8221; sayfas\u0131 alt\u0131ndaki &#8220;Online Vizeler&#8221; sekmesinden ula\u015fabilir ve yakla\u015fan s\u0131navlar\u0131n\u0131z\u0131 g\u00f6rebilirsiniz.[\/vc_column_text][vc_separator][vc_column_text]<\/p>\n<ul id=\"cevrimici-sinav-sisteminde-bilgilerimi-nasil-guncellerim\" class=\"yardim-aciklamalari\">\u00c7evrimi\u00e7i s\u0131nav sisteminde bilgilerimi nas\u0131l g\u00fcncellerim?<\/ul>\n<p><b><a href=\"http:\/\/sinav.omu.edu.tr\" target=\"_blank\" rel=\"noopener noreferrer\">sinav.uzem.omu.edu.tr<\/a> <i class=\"fa fa-external-link \" ><\/i><\/b> adresinden giri\u015f yapt\u0131ktan sonra \u00fcst men\u00fcden &#8220;Bilgilerim&#8221; butonuna t\u0131klay\u0131p a\u00e7\u0131lan sayfan\u0131n alt k\u0131sm\u0131ndaki &#8220;D\u00fczenle&#8221; butonuna t\u0131klayarak g\u00fcncelleyebilirsiniz.<br \/>\n<a href=\"https:\/\/uzem.omu.edu.tr\/wp-content\/uploads\/bilgiguncelleme.png\"><img loading=\"lazy\" class=\"alignnone size-full wp-image-12564\" src=\"https:\/\/uzem.omu.edu.tr\/wp-content\/uploads\/bilgiguncelleme.png\" alt=\"bilgiguncelleme\" width=\"437\" height=\"67\" srcset=\"https:\/\/uzem.omu.edu.tr\/wp-content\/uploads\/bilgiguncelleme.png 437w, https:\/\/uzem.omu.edu.tr\/wp-content\/uploads\/bilgiguncelleme-300x46.png 300w\" sizes=\"(max-width: 437px) 100vw, 437px\" \/><\/a>[\/vc_column_text][vc_separator][vc_column_text]<\/p>\n<ul id=\"cevrimici-sinav-sisteminde-derslerimi-nereden-gorebilirim\" class=\"yardim-aciklamalari\">\u00c7evrimi\u00e7i s\u0131nav sisteminde derslerimi nereden g\u00f6rebilirim?<\/ul>\n<p><b><a href=\"http:\/\/sinav.omu.edu.tr\" target=\"_blank\" rel=\"noopener noreferrer\">sinav.uzem.omu.edu.tr<\/a> <i class=\"fa fa-external-link \" ><\/i><\/b> adresinden giri\u015f yapt\u0131ktan sonra \u00fcst men\u00fcden &#8220;Derslerim&#8221; butonuna t\u0131klayarak derslerinizi g\u00f6rebilirsiniz.<\/p>\n<p><a href=\"https:\/\/uzem.omu.edu.tr\/wp-content\/uploads\/dersgoruntuleme.png\"><img loading=\"lazy\" class=\"alignnone size-full wp-image-12565\" src=\"https:\/\/uzem.omu.edu.tr\/wp-content\/uploads\/dersgoruntuleme.png\" alt=\"dersgoruntuleme\" width=\"432\" height=\"72\" srcset=\"https:\/\/uzem.omu.edu.tr\/wp-content\/uploads\/dersgoruntuleme.png 432w, https:\/\/uzem.omu.edu.tr\/wp-content\/uploads\/dersgoruntuleme-300x50.png 300w\" sizes=\"(max-width: 432px) 100vw, 432px\" \/><\/a>[\/vc_column_text][vc_separator][vc_column_text]<\/p>\n<ul id=\"cevrimici-sinav-sisteminde-duyurulara-nereden-ulasabilirim\" class=\"yardim-aciklamalari\">\u00c7evrimi\u00e7i s\u0131nav sisteminde duyurulara nereden ula\u015fabilirim?<\/ul>\n<p><b><a href=\"http:\/\/sinav.omu.edu.tr\" target=\"_blank\" rel=\"noopener noreferrer\">sinav.uzem.omu.edu.tr<\/a> <i class=\"fa fa-external-link \" ><\/i><\/b> adresinden giri\u015f yapt\u0131ktan sonra \u00fcst men\u00fcden &#8220;Duyurular&#8221; butonuna t\u0131klayarak a\u00e7\u0131lan sayfada duyurular\u0131 g\u00f6rebilirsiniz.[\/vc_column_text][\/vc_column][\/vc_row]<\/p>\n","protected":false},"excerpt":{"rendered":"<p>[vc_row bg_type=&#8221;bg_color&#8221; bg_override=&#8221;0&#8243; bg_color_value=&#8221;#f2f2f2&#8243; css=&#8221;.vc_custom_1446531956598{margin-top: 0px !important;padding-top: 0px !important;background-color: #f2f2f2 !important;}&#8221;][vc_column css=&#8221;.vc_custom_1446540163665{margin-right: 0px !important;margin-left: 0px !important;padding-right: 0px !important;padding-left: 0px !important;}&#8221;][vc_cta_button2 h2=&#8221;S\u0131nav Sistemini Buradan A\u00e7\u0131n&#8221; style=&#8221;square&#8221; title=&#8221;\u00c7evrimi\u00e7i S\u0131nav Sistemini A\u00e7&#8221; btn_style=&#8221;square&#8221; color=&#8221;pink&#8221; position=&#8221;bottom&#8221; link=&#8221;url:http%3A%2F%2Fsinav.omu.edu.tr||target:%20_blank&#8221;] Sorunsuz bir s\u0131nav i\u00e7in a\u015fa\u011f\u0131daki sorulara\u00a0bakmay\u0131 unutmay\u0131n! [\/vc_cta_button2][\/vc_column][\/vc_row][vc_row bg_type=&#8221;bg_color&#8221; bg_override=&#8221;0&#8243; css=&#8221;.vc_custom_1461747859563{margin-top: -30px !important;margin-right: 0px !important;margin-bottom: 0px !important;margin-left: 0px !important;padding-top: 0px !important;padding-right: 0px !important;padding-bottom: 0px !important;padding-left: 0px !important;}&#8221; bg_color_value=&#8221;#4281bf&#8221;][vc_column css=&#8221;.vc_custom_1459431058770{margin-top: -5px !important;margin-right: 0px !important;margin-bottom: 30px !important;margin-left: 0px !important;padding-top: 0px !important;padding-right: 0px !important;padding-left: 0px !important;}&#8221;][vc_empty_space height=&#8221;15px&#8221;][vc_column_text]S\u0131nav g\u00fcvenli\u011fi tedbirleri ile ilgili Ondokuz May\u0131s \u00dcniversitesi Senatosu taraf\u0131ndan al\u0131nan 03.06.2021 tarihli 2021-132 say\u0131l\u0131 karar do\u011frultusunda UZEM s\u0131nav sisteminde baz\u0131 g\u00fcncellemeler yap\u0131lm\u0131\u015ft\u0131r.[\/vc_column_text][vc_column_text el_class=&#8221;menu-basligi&#8221;] \u00c7evrimi\u00e7i s\u0131nav sistemi hakk\u0131nda s\u0131k\u00e7a sorulan sorular [\/vc_column_text][vc_empty_space height=&#8221;15&#8243;][vc_column_text] S\u0131nav tarihlerine nereden ula\u015fabilirim? S\u0131navlar nas\u0131l olacak? Deneme s\u0131nav\u0131 yap\u0131lacak m\u0131? Deneme s\u0131nav\u0131nda sorun ya\u015farsam ne yapmal\u0131y\u0131m? S\u0131navlarda ka\u00e7\u0131nc\u0131 \u00fcniteye kadar sorumluyum? S\u0131nav esnas\u0131nda elektrik\/internet ba\u011flant\u0131s\u0131 kesilirse ne yapmal\u0131y\u0131m? S\u0131nava tabletten\/cep telefonundan giri\u015f yapabilir miyim? S\u0131navlara saatinde mi girmemiz gerekiyor? Mazeret s\u0131navlar\u0131 yap\u0131lmakta m\u0131d\u0131r? S\u0131navlar\u0131ma nereden ula\u015fabilirim? \u00c7evrimi\u00e7i s\u0131nav sisteminde bilgilerimi nas\u0131l g\u00fcncellerim? \u00c7evrimi\u00e7i s\u0131nav sisteminde derslerimi nereden g\u00f6rebilirim? \u00c7evrimi\u00e7i s\u0131nav sisteminde duyurulara nereden ula\u015fabilirim? [\/vc_column_text][vc_text_separator title=&#8221;Cevaplar&#8221;][vc_column_text] S\u0131nav tarihlerine nereden ula\u015fabilirim? Program sayfan\u0131zda bulunan men\u00fcde &#8220;B\u00f6l\u00fcm S\u0131navlar\u0131&#8221; butonuna t\u0131klayarak ula\u015fabilirsiniz. [\/vc_column_text][vc_separator][vc_column_text] S\u0131navlar nas\u0131l olacak? Vize s\u0131navlar\u0131n\u0131z internet \u00fczerinden UZEM \u00c7evrimi\u00e7i S\u0131nav Sistemi vas\u0131tas\u0131yla ger\u00e7ekle\u015ftirilecektir.[\/vc_column_text][vc_separator][vc_column_text] Deneme s\u0131nav\u0131 yap\u0131lacak m\u0131? S\u0131nav g\u00fcn\u00fc sistem \u00fczerinde yabanc\u0131l\u0131k ya\u015famaman\u0131z i\u00e7in deneme s\u0131navlar\u0131 yap\u0131lacakt\u0131r. Deneme s\u0131navlar\u0131 b\u00f6l\u00fcm bazl\u0131 yap\u0131lacak olup s\u0131nav saati&amp;tarihi hakk\u0131nda sistemde kay\u0131tl\u0131 cep telefonunuza bilgilendirme mesaj\u0131 gelecektir. E\u011fer sisteme cep telefonunuz kay\u0131tl\u0131 de\u011fil ise duyurulardan deneme s\u0131nav\u0131 tarihlerini takip etmeniz gerekmektedir. \u0130leti\u015fim bilgilerinizi sisteme [&hellip;]<\/p>\n","protected":false},"author":11,"featured_media":0,"parent":0,"menu_order":0,"comment_status":"closed","ping_status":"closed","template":"","meta":[],"translation":{"provider":"WPGlobus","version":"2.12.2","language":"en","enabled_languages":["tr","en"],"languages":{"tr":{"title":true,"content":true,"excerpt":false},"en":{"title":false,"content":false,"excerpt":false}}},"yoast_head":"<!-- This site is optimized with the Yoast SEO plugin v17.4 - https:\/\/yoast.com\/wordpress\/plugins\/seo\/ -->\n<meta name=\"robots\" content=\"index, follow, max-snippet:-1, max-image-preview:large, max-video-preview:-1\" \/>\n<link rel=\"canonical\" href=\"https:\/\/uzem.omu.edu.tr\/cevrimici-sinav-sistemi-yardim-rehberi\/\" \/>\n<meta property=\"og:locale\" content=\"en_US\" \/>\n<meta property=\"og:type\" content=\"article\" \/>\n<meta property=\"og:title\" content=\"\u00c7evrimi\u00e7i S\u0131nav Sistemi Yard\u0131m Rehberi - OM\u00dc Uzaktan E\u011fitim Merkezi\" \/>\n<meta property=\"og:url\" content=\"https:\/\/uzem.omu.edu.tr\/cevrimici-sinav-sistemi-yardim-rehberi\/\" \/>\n<meta property=\"og:site_name\" content=\"OM\u00dc Uzaktan E\u011fitim Merkezi\" \/>\n<meta property=\"article:publisher\" content=\"https:\/\/www.facebook.com\/omu.uzem\" \/>\n<meta property=\"article:modified_time\" content=\"2021-06-14T08:12:11+00:00\" \/>\n<meta property=\"og:image\" content=\"https:\/\/uzem.omu.edu.tr\/wp-content\/uploads\/bolumsinavlari.png\" \/>\n<meta name=\"twitter:card\" content=\"summary_large_image\" \/>\n<meta name=\"twitter:site\" content=\"@omuuzem\" \/>\n<meta name=\"twitter:label1\" content=\"Est. reading time\" \/>\n\t<meta name=\"twitter:data1\" content=\"3 minutes\" \/>\n<script type=\"application\/ld+json\" class=\"yoast-schema-graph\">{\"@context\":\"https:\/\/schema.org\",\"@graph\":[{\"@type\":\"Organization\",\"@id\":\"https:\/\/uzem.omu.edu.tr\/#organization\",\"name\":\"UZEM\",\"url\":\"https:\/\/uzem.omu.edu.tr\/\",\"sameAs\":[\"https:\/\/www.facebook.com\/omu.uzem\",\"https:\/\/www.instagram.com\/omu.uzem\/\",\"https:\/\/www.youtube.com\/channel\/UCQ6c_wjaGQcIvBKTbPrOe2A\",\"https:\/\/twitter.com\/omuuzem\"],\"logo\":{\"@type\":\"ImageObject\",\"@id\":\"https:\/\/uzem.omu.edu.tr\/#logo\",\"inLanguage\":\"en-US\",\"url\":\"https:\/\/uzem.omu.edu.tr\/wp-content\/uploads\/ulogo-1.png\",\"contentUrl\":\"https:\/\/uzem.omu.edu.tr\/wp-content\/uploads\/ulogo-1.png\",\"width\":364,\"height\":39,\"caption\":\"UZEM\"},\"image\":{\"@id\":\"https:\/\/uzem.omu.edu.tr\/#logo\"}},{\"@type\":\"WebSite\",\"@id\":\"https:\/\/uzem.omu.edu.tr\/#website\",\"url\":\"https:\/\/uzem.omu.edu.tr\/\",\"name\":\"OM\\u00dc Uzaktan E\\u011fitim Merkezi\",\"description\":\"&quot;F\\u0131rsatlar Sunar&quot;\",\"publisher\":{\"@id\":\"https:\/\/uzem.omu.edu.tr\/#organization\"},\"potentialAction\":[{\"@type\":\"SearchAction\",\"target\":{\"@type\":\"EntryPoint\",\"urlTemplate\":\"https:\/\/uzem.omu.edu.tr\/?s={search_term_string}\"},\"query-input\":\"required name=search_term_string\"}],\"inLanguage\":\"en-US\"},{\"@type\":\"ImageObject\",\"@id\":\"https:\/\/uzem.omu.edu.tr\/cevrimici-sinav-sistemi-yardim-rehberi\/#primaryimage\",\"inLanguage\":\"en-US\",\"url\":\"https:\/\/uzem.omu.edu.tr\/wp-content\/uploads\/bolumsinavlari.png\",\"contentUrl\":\"https:\/\/uzem.omu.edu.tr\/wp-content\/uploads\/bolumsinavlari.png\",\"width\":912,\"height\":92},{\"@type\":\"WebPage\",\"@id\":\"https:\/\/uzem.omu.edu.tr\/cevrimici-sinav-sistemi-yardim-rehberi\/#webpage\",\"url\":\"https:\/\/uzem.omu.edu.tr\/cevrimici-sinav-sistemi-yardim-rehberi\/\",\"name\":\"\\u00c7evrimi\\u00e7i S\\u0131nav Sistemi Yard\\u0131m Rehberi - OM\\u00dc Uzaktan E\\u011fitim Merkezi\",\"isPartOf\":{\"@id\":\"https:\/\/uzem.omu.edu.tr\/#website\"},\"primaryImageOfPage\":{\"@id\":\"https:\/\/uzem.omu.edu.tr\/cevrimici-sinav-sistemi-yardim-rehberi\/#primaryimage\"},\"datePublished\":\"2015-11-03T04:15:57+00:00\",\"dateModified\":\"2021-06-14T08:12:11+00:00\",\"breadcrumb\":{\"@id\":\"https:\/\/uzem.omu.edu.tr\/cevrimici-sinav-sistemi-yardim-rehberi\/#breadcrumb\"},\"inLanguage\":\"en-US\",\"potentialAction\":[{\"@type\":\"ReadAction\",\"target\":[\"https:\/\/uzem.omu.edu.tr\/cevrimici-sinav-sistemi-yardim-rehberi\/\"]}]},{\"@type\":\"BreadcrumbList\",\"@id\":\"https:\/\/uzem.omu.edu.tr\/cevrimici-sinav-sistemi-yardim-rehberi\/#breadcrumb\",\"itemListElement\":[{\"@type\":\"ListItem\",\"position\":1,\"name\":\"Home\",\"item\":\"https:\/\/uzem.omu.edu.tr\/\"},{\"@type\":\"ListItem\",\"position\":2,\"name\":\"\\u00c7evrimi\\u00e7i S\\u0131nav Sistemi Yard\\u0131m Rehberi\"}]}]}<\/script>\n<!-- \/ Yoast SEO plugin. -->","yoast_head_json":{"robots":{"index":"index","follow":"follow","max-snippet":"max-snippet:-1","max-image-preview":"max-image-preview:large","max-video-preview":"max-video-preview:-1"},"canonical":"https:\/\/uzem.omu.edu.tr\/cevrimici-sinav-sistemi-yardim-rehberi\/","og_locale":"en_US","og_type":"article","og_title":"\u00c7evrimi\u00e7i S\u0131nav Sistemi Yard\u0131m Rehberi - OM\u00dc Uzaktan E\u011fitim Merkezi","og_url":"https:\/\/uzem.omu.edu.tr\/cevrimici-sinav-sistemi-yardim-rehberi\/","og_site_name":"OM\u00dc Uzaktan E\u011fitim Merkezi","article_publisher":"https:\/\/www.facebook.com\/omu.uzem","article_modified_time":"2021-06-14T08:12:11+00:00","og_image":[{"url":"https:\/\/uzem.omu.edu.tr\/wp-content\/uploads\/bolumsinavlari.png"}],"twitter_card":"summary_large_image","twitter_site":"@omuuzem","twitter_misc":{"Est. reading time":"3 minutes"},"schema":{"@context":"https:\/\/schema.org","@graph":[{"@type":"Organization","@id":"https:\/\/uzem.omu.edu.tr\/#organization","name":"UZEM","url":"https:\/\/uzem.omu.edu.tr\/","sameAs":["https:\/\/www.facebook.com\/omu.uzem","https:\/\/www.instagram.com\/omu.uzem\/","https:\/\/www.youtube.com\/channel\/UCQ6c_wjaGQcIvBKTbPrOe2A","https:\/\/twitter.com\/omuuzem"],"logo":{"@type":"ImageObject","@id":"https:\/\/uzem.omu.edu.tr\/#logo","inLanguage":"en-US","url":"https:\/\/uzem.omu.edu.tr\/wp-content\/uploads\/ulogo-1.png","contentUrl":"https:\/\/uzem.omu.edu.tr\/wp-content\/uploads\/ulogo-1.png","width":364,"height":39,"caption":"UZEM"},"image":{"@id":"https:\/\/uzem.omu.edu.tr\/#logo"}},{"@type":"WebSite","@id":"https:\/\/uzem.omu.edu.tr\/#website","url":"https:\/\/uzem.omu.edu.tr\/","name":"OM\u00dc Uzaktan E\u011fitim Merkezi","description":"&quot;F\u0131rsatlar Sunar&quot;","publisher":{"@id":"https:\/\/uzem.omu.edu.tr\/#organization"},"potentialAction":[{"@type":"SearchAction","target":{"@type":"EntryPoint","urlTemplate":"https:\/\/uzem.omu.edu.tr\/?s={search_term_string}"},"query-input":"required name=search_term_string"}],"inLanguage":"en-US"},{"@type":"ImageObject","@id":"https:\/\/uzem.omu.edu.tr\/cevrimici-sinav-sistemi-yardim-rehberi\/#primaryimage","inLanguage":"en-US","url":"https:\/\/uzem.omu.edu.tr\/wp-content\/uploads\/bolumsinavlari.png","contentUrl":"https:\/\/uzem.omu.edu.tr\/wp-content\/uploads\/bolumsinavlari.png","width":912,"height":92},{"@type":"WebPage","@id":"https:\/\/uzem.omu.edu.tr\/cevrimici-sinav-sistemi-yardim-rehberi\/#webpage","url":"https:\/\/uzem.omu.edu.tr\/cevrimici-sinav-sistemi-yardim-rehberi\/","name":"\u00c7evrimi\u00e7i S\u0131nav Sistemi Yard\u0131m Rehberi - OM\u00dc Uzaktan E\u011fitim Merkezi","isPartOf":{"@id":"https:\/\/uzem.omu.edu.tr\/#website"},"primaryImageOfPage":{"@id":"https:\/\/uzem.omu.edu.tr\/cevrimici-sinav-sistemi-yardim-rehberi\/#primaryimage"},"datePublished":"2015-11-03T04:15:57+00:00","dateModified":"2021-06-14T08:12:11+00:00","breadcrumb":{"@id":"https:\/\/uzem.omu.edu.tr\/cevrimici-sinav-sistemi-yardim-rehberi\/#breadcrumb"},"inLanguage":"en-US","potentialAction":[{"@type":"ReadAction","target":["https:\/\/uzem.omu.edu.tr\/cevrimici-sinav-sistemi-yardim-rehberi\/"]}]},{"@type":"BreadcrumbList","@id":"https:\/\/uzem.omu.edu.tr\/cevrimici-sinav-sistemi-yardim-rehberi\/#breadcrumb","itemListElement":[{"@type":"ListItem","position":1,"name":"Home","item":"https:\/\/uzem.omu.edu.tr\/"},{"@type":"ListItem","position":2,"name":"\u00c7evrimi\u00e7i S\u0131nav Sistemi Yard\u0131m Rehberi"}]}]}},"_links":{"self":[{"href":"https:\/\/uzem.omu.edu.tr\/en\/wp-json\/wp\/v2\/pages\/8679"}],"collection":[{"href":"https:\/\/uzem.omu.edu.tr\/en\/wp-json\/wp\/v2\/pages"}],"about":[{"href":"https:\/\/uzem.omu.edu.tr\/en\/wp-json\/wp\/v2\/types\/page"}],"author":[{"embeddable":true,"href":"https:\/\/uzem.omu.edu.tr\/en\/wp-json\/wp\/v2\/users\/11"}],"replies":[{"embeddable":true,"href":"https:\/\/uzem.omu.edu.tr\/en\/wp-json\/wp\/v2\/comments?post=8679"}],"version-history":[{"count":7,"href":"https:\/\/uzem.omu.edu.tr\/en\/wp-json\/wp\/v2\/pages\/8679\/revisions"}],"predecessor-version":[{"id":22219,"href":"https:\/\/uzem.omu.edu.tr\/en\/wp-json\/wp\/v2\/pages\/8679\/revisions\/22219"}],"wp:attachment":[{"href":"https:\/\/uzem.omu.edu.tr\/en\/wp-json\/wp\/v2\/media?parent=8679"}],"curies":[{"name":"wp","href":"https:\/\/api.w.org\/{rel}","templated":true}]}}