{"id":86,"date":"2015-02-14T13:53:19","date_gmt":"2015-02-14T13:53:19","guid":{"rendered":"http:\/\/localhost:8888\/uzem_yeni\/wp-tema\/?page_id=86"},"modified":"2015-12-03T16:27:04","modified_gmt":"2015-12-03T13:27:04","slug":"zorunlu-temel-dersler","status":"publish","type":"page","link":"https:\/\/uzem.omu.edu.tr\/en\/zorunlu-temel-dersler\/","title":{"rendered":"Zorunlu Temel Dersler"},"content":{"rendered":"<p>[vc_row css=&#8221;.vc_custom_1427462343642{margin-top: -5px !important;margin-left: 0px !important;padding-left: 0px !important;}&#8221; bg_parallax=&#8221;&#8221; inertia=&#8221;0.1&#8243;][vc_column width=&#8221;3\/4&#8243; css=&#8221;.vc_custom_1427887788875{padding-left: 0px !important;}&#8221;][vc_row_inner][vc_column_inner width=&#8221;1\/4&#8243; css=&#8221;.vc_custom_1427460122780{margin-top: 0px !important;margin-right: 0px !important;margin-bottom: 0px !important;margin-left: 0px !important;padding-top: 0px !important;padding-right: 0px !important;padding-bottom: 0px !important;padding-left: 0px !important;}&#8221;][vc_button2 1=&#8221;on&#8221; 2=&#8221;the&#8221; 3=&#8221;button&#8221; 4=&#8221;&lt;img&#8221; src=&#8221;&#8220;https:\/\/uzem.omu.edu.tr\/wp-content\/uploads\/ic_announcement_48px-32.png&#8220;&#8221; alt=&#8221;&#8221; align=&#8221;center&#8221; style=&#8221;square&#8221; color=&#8221;blue&#8221; size=&#8221;lg&#8221; link=&#8221;||&#8221; title=&#8221;E\u011fitim Portal\u0131&#8221; el_class=&#8221;b1&#8243;][\/vc_column_inner][vc_column_inner width=&#8221;1\/4&#8243; css=&#8221;.vc_custom_1427460131440{margin-top: 0px !important;margin-right: 0px !important;margin-bottom: 0px !important;margin-left: 0px !important;padding-top: 0px !important;padding-right: 0px !important;padding-bottom: 0px !important;padding-left: 0px !important;}&#8221;][vc_button2 title=&#8221;Canl\u0131 Dersler&#8221; align=&#8221;center&#8221; style=&#8221;square&#8221; color=&#8221;sky&#8221; size=&#8221;lg&#8221; link=&#8221;url:http%3A%2F%2Fuzem.omu.edu.tr%2Fzorunlu-temel-dersler-canli-dersler%2F|title:Zorunlu%20Temel%20Dersler%20%7C%20Canl%C4%B1%20Dersler|&#8221; el_class=&#8221;b2&#8243;][\/vc_column_inner][vc_column_inner width=&#8221;1\/4&#8243; css=&#8221;.vc_custom_1427460140203{margin-top: 0px !important;margin-right: 0px !important;margin-bottom: 0px !important;margin-left: 0px !important;padding-top: 0px !important;padding-right: 0px !important;padding-bottom: 0px !important;padding-left: 0px !important;}&#8221;][vc_button2 title=&#8221;Duyurular&#8221; align=&#8221;center&#8221; style=&#8221;square&#8221; color=&#8221;turquoise&#8221; size=&#8221;lg&#8221; link=&#8221;url:http%3A%2F%2Fuzem.omu.edu.tr%2Fzorunlu-temel-dersler-duyurular%2F|title:Zorunlu%20Temel%20Dersler%20%7C%20Duyurular|&#8221; el_class=&#8221;b3&#8243;][\/vc_column_inner][vc_column_inner width=&#8221;1\/4&#8243; css=&#8221;.vc_custom_1427460148427{margin-top: 0px !important;margin-right: 0px !important;margin-bottom: 0px !important;margin-left: 0px !important;padding-top: 0px !important;padding-right: 0px !important;padding-bottom: 0px !important;padding-left: 0px !important;}&#8221;][vc_button2 title=&#8221;Kay\u0131t &amp; Bilgi&#8221; align=&#8221;center&#8221; style=&#8221;square&#8221; color=&#8221;vista_blue&#8221; size=&#8221;lg&#8221; link=&#8221;url:http%3A%2F%2Fuzem.omu.edu.tr%2Fzorunlu-temel-dersler-kayit-ve-bilgi%2F|title:Zorunlu%20Temel%20Dersler%20%7C%20Kay%C4%B1t%20ve%20Bilgi|&#8221; el_class=&#8221;b4&#8243;][\/vc_column_inner][\/vc_row_inner][vc_row_inner][vc_column_inner width=&#8221;1\/1&#8243; css=&#8221;.vc_custom_1427788449533{padding-right: 0px !important;padding-left: 0px !important;}&#8221;][\/vc_column_inner][\/vc_row_inner][vc_row_inner css=&#8221;.vc_custom_1435125506219{margin-top: -60px !important;margin-bottom: -70px !important;}&#8221;][vc_column_inner width=&#8221;1\/2&#8243; css=&#8221;.vc_custom_1435230799894{padding-top: 0px !important;padding-right: 5px !important;padding-bottom: 0px !important;padding-left: 0px !important;}&#8221;]<div class=\"aio-icon-component    style_1\"><div id=\"Info-box-wrap-9105\" class=\"aio-icon-box default-icon\" style=\"\"  ><div class=\"aio-icon-default\"><div class=\"ult-just-icon-wrapper  \"><div class=\"align-icon\" style=\"text-align:center;\">\n<div class=\"aio-icon square \" data-animation=\"fadeIn\" data-animation-delay=\"03\" style=\"color:#c41435;background:#f2f2f2;font-size:32px;display:inline-block;\">\n\t<i class=\"Defaults-signal\"><\/i>\n<\/div><\/div><\/div><\/div><div class=\"aio-icon-header\" ><h3 class=\"aio-icon-title ult-responsive\"  data-ultimate-target='#Info-box-wrap-9105 .aio-icon-title'  data-responsive-json-new='{\"font-size\":\"desktop:16px;\",\"line-height\":\"\"}'  style=\"color:#7f8080;\">Merkezi S\u0131nav \u0130mkan\u0131<\/h3><\/div> <!-- header --><\/div> <!-- aio-icon-box --><\/div> <!-- aio-icon-component --><div class=\"aio-icon-component    style_1\"><div id=\"Info-box-wrap-7380\" class=\"aio-icon-box default-icon\" style=\"\"  ><div class=\"aio-icon-default\"><div class=\"ult-just-icon-wrapper  \"><div class=\"align-icon\" style=\"text-align:center;\">\n<div class=\"aio-icon square \" data-animation=\"fadeIn\" data-animation-delay=\"03\" style=\"color:#c41435;background:#f2f2f2;font-size:32px;display:inline-block;\">\n\t<i class=\"Defaults-arrow-circle-o-up\"><\/i>\n<\/div><\/div><\/div><\/div><div class=\"aio-icon-header\" ><h3 class=\"aio-icon-title ult-responsive\"  data-ultimate-target='#Info-box-wrap-7380 .aio-icon-title'  data-responsive-json-new='{\"font-size\":\"desktop:16px;\",\"line-height\":\"\"}'  style=\"color:#7f8080;\">Profesyonel S\u0131nav Organizasyonu<\/h3><\/div> <!-- header --><\/div> <!-- aio-icon-box --><\/div> <!-- aio-icon-component -->[\/vc_column_inner][vc_column_inner width=&#8221;1\/2&#8243; css=&#8221;.vc_custom_1435066273477{padding-top: 0px !important;padding-right: 0px !important;padding-bottom: 0px !important;padding-left: 0px !important;}&#8221;]<div class=\"aio-icon-component    style_1\"><div id=\"Info-box-wrap-4463\" class=\"aio-icon-box default-icon\" style=\"\"  ><div class=\"aio-icon-default\"><div class=\"ult-just-icon-wrapper  \"><div class=\"align-icon\" style=\"text-align:center;\">\n<div class=\"aio-icon square \" data-animation=\"fadeIn\" data-animation-delay=\"03\" style=\"color:#c41435;background:#f2f2f2;font-size:32px;display:inline-block;\">\n\t<i class=\"Defaults-flag-o\"><\/i>\n<\/div><\/div><\/div><\/div><div class=\"aio-icon-header\" ><h3 class=\"aio-icon-title ult-responsive\"  data-ultimate-target='#Info-box-wrap-4463 .aio-icon-title'  data-responsive-json-new='{\"font-size\":\"desktop:16px;\",\"line-height\":\"\"}'  style=\"color:#7f8080;\">Sistemli S\u0131nav Ar\u015fivi<\/h3><\/div> <!-- header --><\/div> <!-- aio-icon-box --><\/div> <!-- aio-icon-component --><div class=\"aio-icon-component    style_1\"><div id=\"Info-box-wrap-9524\" class=\"aio-icon-box default-icon\" style=\"\"  ><div class=\"aio-icon-default\"><div class=\"ult-just-icon-wrapper  \"><div class=\"align-icon\" style=\"text-align:center;\">\n<div class=\"aio-icon square \" data-animation=\"fadeIn\" data-animation-delay=\"03\" style=\"color:#c41435;background:#f2f2f2;font-size:32px;display:inline-block;\">\n\t<i class=\"Defaults-heart\"><\/i>\n<\/div><\/div><\/div><\/div><div class=\"aio-icon-header\" ><h3 class=\"aio-icon-title ult-responsive\"  data-ultimate-target='#Info-box-wrap-9524 .aio-icon-title'  data-responsive-json-new='{\"font-size\":\"desktop:16px;\",\"line-height\":\"\"}'  style=\"color:#7f8080;\">H\u0131zl\u0131 Sonu\u00e7<\/h3><\/div> <!-- header --><\/div> <!-- aio-icon-box --><\/div> <!-- aio-icon-component -->[\/vc_column_inner][\/vc_row_inner][vc_row_inner css=&#8221;.vc_custom_1429519947742{margin-top: 40px !important;}&#8221;][vc_column_inner width=&#8221;1\/1&#8243; css=&#8221;.vc_custom_1437466758147{padding-right: 0px !important;padding-left: 0px !important;}&#8221;][vc_text_separator title=&#8221;Haberler&#8221; title_align=&#8221;separator_align_center&#8221; align=&#8221;align_center&#8221; color=&#8221;custom&#8221; el_class=&#8221;ayrac&#8221; accent_color=&#8221;#ed1b24&#8243;][\/vc_column_inner][\/vc_row_inner][vc_row_inner][vc_column_inner width=&#8221;1\/1&#8243; css=&#8221;.vc_custom_1437466763354{margin-top: -30px !important;padding-right: 0px !important;padding-left: 0px !important;}&#8221;][vc_basic_grid post_type=&#8221;post&#8221; max_items=&#8221;10&#8243; style=&#8221;pagination&#8221; items_per_page=&#8221;1&#8243; show_filter=&#8221;&#8221; element_width=&#8221;12&#8243; gap=&#8221;0&#8243; orderby=&#8221;date&#8221; order=&#8221;DESC&#8221; filter_source=&#8221;category&#8221; filter_style=&#8221;default&#8221; filter_align=&#8221;center&#8221; filter_color=&#8221;grey&#8221; filter_size=&#8221;md&#8221; button_style=&#8221;rounded&#8221; button_color=&#8221;blue&#8221; button_size=&#8221;md&#8221; arrows_design=&#8221;vc_arrow-icon-arrow_09_left&#8221; arrows_position=&#8221;inside&#8221; arrows_color=&#8221;sky&#8221; paging_design=&#8221;pagination_stripes_dark&#8221; paging_color=&#8221;blue&#8221; loop=&#8221;yes&#8221; autoplay=&#8221;-1&#8243; item=&#8221;679&#8243; paging_animation_in=&#8221;none&#8221; taxonomies=&#8221;87&#8243;][\/vc_column_inner][\/vc_row_inner][\/vc_column][vc_column width=&#8221;1\/4&#8243; css=&#8221;.vc_custom_1433425842104{margin-top: 20px !important;padding-right: 0px !important;}&#8221;][vc_widget_sidebar sidebar_id=&#8221;generated_sidebar-zorunlu-temel-dersler&#8221;][\/vc_column][\/vc_row]<\/p>\n","protected":false},"excerpt":{"rendered":"<p>[vc_row css=&#8221;.vc_custom_1427462343642{margin-top: -5px !important;margin-left: 0px !important;padding-left: 0px !important;}&#8221; bg_parallax=&#8221;&#8221; inertia=&#8221;0.1&#8243;][vc_column width=&#8221;3\/4&#8243; css=&#8221;.vc_custom_1427887788875{padding-left: 0px !important;}&#8221;][vc_row_inner][vc_column_inner width=&#8221;1\/4&#8243; css=&#8221;.vc_custom_1427460122780{margin-top: 0px !important;margin-right: 0px !important;margin-bottom: 0px !important;margin-left: 0px !important;padding-top: 0px !important;padding-right: 0px !important;padding-bottom: 0px !important;padding-left: 0px !important;}&#8221;][vc_button2 1=&#8221;on&#8221; 2=&#8221;the&#8221; 3=&#8221;button&#8221; 4=&#8221;&lt;img&#8221; src=&#8221;&#8220;https:\/\/uzem.omu.edu.tr\/wp-content\/uploads\/ic_announcement_48px-32.png&#8220;&#8221; alt=&#8221;&#8221; align=&#8221;center&#8221; style=&#8221;square&#8221; color=&#8221;blue&#8221; size=&#8221;lg&#8221; link=&#8221;||&#8221; title=&#8221;E\u011fitim Portal\u0131&#8221; el_class=&#8221;b1&#8243;][\/vc_column_inner][vc_column_inner width=&#8221;1\/4&#8243; css=&#8221;.vc_custom_1427460131440{margin-top: 0px !important;margin-right: 0px !important;margin-bottom: 0px !important;margin-left: 0px !important;padding-top: 0px !important;padding-right: 0px !important;padding-bottom: 0px !important;padding-left: 0px !important;}&#8221;][vc_button2 title=&#8221;Canl\u0131 Dersler&#8221; align=&#8221;center&#8221; style=&#8221;square&#8221; color=&#8221;sky&#8221; size=&#8221;lg&#8221; link=&#8221;url:http%3A%2F%2Fuzem.omu.edu.tr%2Fzorunlu-temel-dersler-canli-dersler%2F|title:Zorunlu%20Temel%20Dersler%20%7C%20Canl%C4%B1%20Dersler|&#8221; el_class=&#8221;b2&#8243;][\/vc_column_inner][vc_column_inner width=&#8221;1\/4&#8243; css=&#8221;.vc_custom_1427460140203{margin-top: 0px !important;margin-right: 0px !important;margin-bottom: 0px !important;margin-left: 0px !important;padding-top: 0px !important;padding-right: 0px !important;padding-bottom: 0px !important;padding-left: 0px !important;}&#8221;][vc_button2 title=&#8221;Duyurular&#8221; align=&#8221;center&#8221; style=&#8221;square&#8221; color=&#8221;turquoise&#8221; size=&#8221;lg&#8221; link=&#8221;url:http%3A%2F%2Fuzem.omu.edu.tr%2Fzorunlu-temel-dersler-duyurular%2F|title:Zorunlu%20Temel%20Dersler%20%7C%20Duyurular|&#8221; el_class=&#8221;b3&#8243;][\/vc_column_inner][vc_column_inner width=&#8221;1\/4&#8243; css=&#8221;.vc_custom_1427460148427{margin-top: 0px !important;margin-right: 0px !important;margin-bottom: 0px !important;margin-left: 0px !important;padding-top: 0px !important;padding-right: 0px !important;padding-bottom: 0px !important;padding-left: 0px !important;}&#8221;][vc_button2 title=&#8221;Kay\u0131t &amp; Bilgi&#8221; align=&#8221;center&#8221; style=&#8221;square&#8221; color=&#8221;vista_blue&#8221; size=&#8221;lg&#8221; link=&#8221;url:http%3A%2F%2Fuzem.omu.edu.tr%2Fzorunlu-temel-dersler-kayit-ve-bilgi%2F|title:Zorunlu%20Temel%20Dersler%20%7C%20Kay%C4%B1t%20ve%20Bilgi|&#8221; el_class=&#8221;b4&#8243;][\/vc_column_inner][\/vc_row_inner][vc_row_inner][vc_column_inner width=&#8221;1\/1&#8243; css=&#8221;.vc_custom_1427788449533{padding-right: 0px !important;padding-left: 0px !important;}&#8221;][\/vc_column_inner][\/vc_row_inner][vc_row_inner css=&#8221;.vc_custom_1435125506219{margin-top: -60px !important;margin-bottom: -70px !important;}&#8221;][vc_column_inner width=&#8221;1\/2&#8243; css=&#8221;.vc_custom_1435230799894{padding-top: 0px !important;padding-right: 5px !important;padding-bottom: 0px !important;padding-left: 0px !important;}&#8221;][\/vc_column_inner][vc_column_inner width=&#8221;1\/2&#8243; css=&#8221;.vc_custom_1435066273477{padding-top: 0px !important;padding-right: 0px !important;padding-bottom: 0px !important;padding-left: 0px !important;}&#8221;][\/vc_column_inner][\/vc_row_inner][vc_row_inner css=&#8221;.vc_custom_1429519947742{margin-top: 40px !important;}&#8221;][vc_column_inner width=&#8221;1\/1&#8243; css=&#8221;.vc_custom_1437466758147{padding-right: 0px !important;padding-left: 0px !important;}&#8221;][vc_text_separator title=&#8221;Haberler&#8221; title_align=&#8221;separator_align_center&#8221; align=&#8221;align_center&#8221; color=&#8221;custom&#8221; el_class=&#8221;ayrac&#8221; accent_color=&#8221;#ed1b24&#8243;][\/vc_column_inner][\/vc_row_inner][vc_row_inner][vc_column_inner width=&#8221;1\/1&#8243; css=&#8221;.vc_custom_1437466763354{margin-top: -30px !important;padding-right: 0px !important;padding-left: 0px !important;}&#8221;][vc_basic_grid post_type=&#8221;post&#8221; max_items=&#8221;10&#8243; style=&#8221;pagination&#8221; items_per_page=&#8221;1&#8243; show_filter=&#8221;&#8221; element_width=&#8221;12&#8243; gap=&#8221;0&#8243; orderby=&#8221;date&#8221; order=&#8221;DESC&#8221; filter_source=&#8221;category&#8221; filter_style=&#8221;default&#8221; filter_align=&#8221;center&#8221; filter_color=&#8221;grey&#8221; filter_size=&#8221;md&#8221; button_style=&#8221;rounded&#8221; button_color=&#8221;blue&#8221; button_size=&#8221;md&#8221; arrows_design=&#8221;vc_arrow-icon-arrow_09_left&#8221; arrows_position=&#8221;inside&#8221; arrows_color=&#8221;sky&#8221; paging_design=&#8221;pagination_stripes_dark&#8221; paging_color=&#8221;blue&#8221; loop=&#8221;yes&#8221; autoplay=&#8221;-1&#8243; item=&#8221;679&#8243; paging_animation_in=&#8221;none&#8221; taxonomies=&#8221;87&#8243;][\/vc_column_inner][\/vc_row_inner][\/vc_column][vc_column width=&#8221;1\/4&#8243; css=&#8221;.vc_custom_1433425842104{margin-top: 20px !important;padding-right: 0px !important;}&#8221;][vc_widget_sidebar sidebar_id=&#8221;generated_sidebar-zorunlu-temel-dersler&#8221;][\/vc_column][\/vc_row]<\/p>\n","protected":false},"author":1,"featured_media":0,"parent":0,"menu_order":0,"comment_status":"closed","ping_status":"closed","template":"","meta":[],"translation":{"provider":"WPGlobus","version":"2.12.2","language":"en","enabled_languages":["tr","en"],"languages":{"tr":{"title":true,"content":true,"excerpt":false},"en":{"title":false,"content":false,"excerpt":false}}},"yoast_head":"<!-- This site is optimized with the Yoast SEO plugin v17.4 - https:\/\/yoast.com\/wordpress\/plugins\/seo\/ -->\n<meta name=\"robots\" content=\"index, follow, max-snippet:-1, max-image-preview:large, max-video-preview:-1\" \/>\n<link rel=\"canonical\" href=\"https:\/\/uzem.omu.edu.tr\/zorunlu-temel-dersler\/\" \/>\n<meta property=\"og:locale\" content=\"en_US\" \/>\n<meta property=\"og:type\" content=\"article\" \/>\n<meta property=\"og:title\" content=\"Zorunlu Temel Dersler - OM\u00dc Uzaktan E\u011fitim Merkezi\" \/>\n<meta property=\"og:url\" content=\"https:\/\/uzem.omu.edu.tr\/zorunlu-temel-dersler\/\" \/>\n<meta property=\"og:site_name\" content=\"OM\u00dc Uzaktan E\u011fitim Merkezi\" \/>\n<meta property=\"article:publisher\" content=\"https:\/\/www.facebook.com\/omu.uzem\" \/>\n<meta property=\"article:modified_time\" content=\"2015-12-03T13:27:04+00:00\" \/>\n<meta name=\"twitter:card\" content=\"summary_large_image\" \/>\n<meta name=\"twitter:site\" content=\"@omuuzem\" \/>\n<meta name=\"twitter:label1\" content=\"Est. reading time\" \/>\n\t<meta name=\"twitter:data1\" content=\"4 minutes\" \/>\n<script type=\"application\/ld+json\" class=\"yoast-schema-graph\">{\"@context\":\"https:\/\/schema.org\",\"@graph\":[{\"@type\":\"Organization\",\"@id\":\"https:\/\/uzem.omu.edu.tr\/#organization\",\"name\":\"UZEM\",\"url\":\"https:\/\/uzem.omu.edu.tr\/\",\"sameAs\":[\"https:\/\/www.facebook.com\/omu.uzem\",\"https:\/\/www.instagram.com\/omu.uzem\/\",\"https:\/\/www.youtube.com\/channel\/UCQ6c_wjaGQcIvBKTbPrOe2A\",\"https:\/\/twitter.com\/omuuzem\"],\"logo\":{\"@type\":\"ImageObject\",\"@id\":\"https:\/\/uzem.omu.edu.tr\/#logo\",\"inLanguage\":\"en-US\",\"url\":\"https:\/\/uzem.omu.edu.tr\/wp-content\/uploads\/ulogo-1.png\",\"contentUrl\":\"https:\/\/uzem.omu.edu.tr\/wp-content\/uploads\/ulogo-1.png\",\"width\":364,\"height\":39,\"caption\":\"UZEM\"},\"image\":{\"@id\":\"https:\/\/uzem.omu.edu.tr\/#logo\"}},{\"@type\":\"WebSite\",\"@id\":\"https:\/\/uzem.omu.edu.tr\/#website\",\"url\":\"https:\/\/uzem.omu.edu.tr\/\",\"name\":\"OM\\u00dc Uzaktan E\\u011fitim Merkezi\",\"description\":\"&quot;F\\u0131rsatlar Sunar&quot;\",\"publisher\":{\"@id\":\"https:\/\/uzem.omu.edu.tr\/#organization\"},\"potentialAction\":[{\"@type\":\"SearchAction\",\"target\":{\"@type\":\"EntryPoint\",\"urlTemplate\":\"https:\/\/uzem.omu.edu.tr\/?s={search_term_string}\"},\"query-input\":\"required name=search_term_string\"}],\"inLanguage\":\"en-US\"},{\"@type\":\"WebPage\",\"@id\":\"https:\/\/uzem.omu.edu.tr\/zorunlu-temel-dersler\/#webpage\",\"url\":\"https:\/\/uzem.omu.edu.tr\/zorunlu-temel-dersler\/\",\"name\":\"Zorunlu Temel Dersler - OM\\u00dc Uzaktan E\\u011fitim Merkezi\",\"isPartOf\":{\"@id\":\"https:\/\/uzem.omu.edu.tr\/#website\"},\"datePublished\":\"2015-02-14T13:53:19+00:00\",\"dateModified\":\"2015-12-03T13:27:04+00:00\",\"breadcrumb\":{\"@id\":\"https:\/\/uzem.omu.edu.tr\/zorunlu-temel-dersler\/#breadcrumb\"},\"inLanguage\":\"en-US\",\"potentialAction\":[{\"@type\":\"ReadAction\",\"target\":[\"https:\/\/uzem.omu.edu.tr\/zorunlu-temel-dersler\/\"]}]},{\"@type\":\"BreadcrumbList\",\"@id\":\"https:\/\/uzem.omu.edu.tr\/zorunlu-temel-dersler\/#breadcrumb\",\"itemListElement\":[{\"@type\":\"ListItem\",\"position\":1,\"name\":\"Home\",\"item\":\"https:\/\/uzem.omu.edu.tr\/\"},{\"@type\":\"ListItem\",\"position\":2,\"name\":\"Zorunlu Temel Dersler\"}]}]}<\/script>\n<!-- \/ Yoast SEO plugin. -->","yoast_head_json":{"robots":{"index":"index","follow":"follow","max-snippet":"max-snippet:-1","max-image-preview":"max-image-preview:large","max-video-preview":"max-video-preview:-1"},"canonical":"https:\/\/uzem.omu.edu.tr\/zorunlu-temel-dersler\/","og_locale":"en_US","og_type":"article","og_title":"Zorunlu Temel Dersler - OM\u00dc Uzaktan E\u011fitim Merkezi","og_url":"https:\/\/uzem.omu.edu.tr\/zorunlu-temel-dersler\/","og_site_name":"OM\u00dc Uzaktan E\u011fitim Merkezi","article_publisher":"https:\/\/www.facebook.com\/omu.uzem","article_modified_time":"2015-12-03T13:27:04+00:00","twitter_card":"summary_large_image","twitter_site":"@omuuzem","twitter_misc":{"Est. reading time":"4 minutes"},"schema":{"@context":"https:\/\/schema.org","@graph":[{"@type":"Organization","@id":"https:\/\/uzem.omu.edu.tr\/#organization","name":"UZEM","url":"https:\/\/uzem.omu.edu.tr\/","sameAs":["https:\/\/www.facebook.com\/omu.uzem","https:\/\/www.instagram.com\/omu.uzem\/","https:\/\/www.youtube.com\/channel\/UCQ6c_wjaGQcIvBKTbPrOe2A","https:\/\/twitter.com\/omuuzem"],"logo":{"@type":"ImageObject","@id":"https:\/\/uzem.omu.edu.tr\/#logo","inLanguage":"en-US","url":"https:\/\/uzem.omu.edu.tr\/wp-content\/uploads\/ulogo-1.png","contentUrl":"https:\/\/uzem.omu.edu.tr\/wp-content\/uploads\/ulogo-1.png","width":364,"height":39,"caption":"UZEM"},"image":{"@id":"https:\/\/uzem.omu.edu.tr\/#logo"}},{"@type":"WebSite","@id":"https:\/\/uzem.omu.edu.tr\/#website","url":"https:\/\/uzem.omu.edu.tr\/","name":"OM\u00dc Uzaktan E\u011fitim Merkezi","description":"&quot;F\u0131rsatlar Sunar&quot;","publisher":{"@id":"https:\/\/uzem.omu.edu.tr\/#organization"},"potentialAction":[{"@type":"SearchAction","target":{"@type":"EntryPoint","urlTemplate":"https:\/\/uzem.omu.edu.tr\/?s={search_term_string}"},"query-input":"required name=search_term_string"}],"inLanguage":"en-US"},{"@type":"WebPage","@id":"https:\/\/uzem.omu.edu.tr\/zorunlu-temel-dersler\/#webpage","url":"https:\/\/uzem.omu.edu.tr\/zorunlu-temel-dersler\/","name":"Zorunlu Temel Dersler - OM\u00dc Uzaktan E\u011fitim Merkezi","isPartOf":{"@id":"https:\/\/uzem.omu.edu.tr\/#website"},"datePublished":"2015-02-14T13:53:19+00:00","dateModified":"2015-12-03T13:27:04+00:00","breadcrumb":{"@id":"https:\/\/uzem.omu.edu.tr\/zorunlu-temel-dersler\/#breadcrumb"},"inLanguage":"en-US","potentialAction":[{"@type":"ReadAction","target":["https:\/\/uzem.omu.edu.tr\/zorunlu-temel-dersler\/"]}]},{"@type":"BreadcrumbList","@id":"https:\/\/uzem.omu.edu.tr\/zorunlu-temel-dersler\/#breadcrumb","itemListElement":[{"@type":"ListItem","position":1,"name":"Home","item":"https:\/\/uzem.omu.edu.tr\/"},{"@type":"ListItem","position":2,"name":"Zorunlu Temel Dersler"}]}]}},"_links":{"self":[{"href":"https:\/\/uzem.omu.edu.tr\/en\/wp-json\/wp\/v2\/pages\/86"}],"collection":[{"href":"https:\/\/uzem.omu.edu.tr\/en\/wp-json\/wp\/v2\/pages"}],"about":[{"href":"https:\/\/uzem.omu.edu.tr\/en\/wp-json\/wp\/v2\/types\/page"}],"author":[{"embeddable":true,"href":"https:\/\/uzem.omu.edu.tr\/en\/wp-json\/wp\/v2\/users\/1"}],"replies":[{"embeddable":true,"href":"https:\/\/uzem.omu.edu.tr\/en\/wp-json\/wp\/v2\/comments?post=86"}],"version-history":[{"count":0,"href":"https:\/\/uzem.omu.edu.tr\/en\/wp-json\/wp\/v2\/pages\/86\/revisions"}],"wp:attachment":[{"href":"https:\/\/uzem.omu.edu.tr\/en\/wp-json\/wp\/v2\/media?parent=86"}],"curies":[{"name":"wp","href":"https:\/\/api.w.org\/{rel}","templated":true}]}}