{"id":76,"date":"2015-02-14T13:52:22","date_gmt":"2015-02-14T13:52:22","guid":{"rendered":"http:\/\/localhost:8888\/uzem_yeni\/wp-tema\/?page_id=76"},"modified":"2024-02-13T13:48:03","modified_gmt":"2024-02-13T10:48:03","slug":"bilgisayar-programciligi","status":"publish","type":"page","link":"https:\/\/uzem.omu.edu.tr\/en\/bilgisayar-programciligi\/","title":{"rendered":"Bilgisayar Programc\u0131l\u0131\u011f\u0131"},"content":{"rendered":"<p><\/p>\n","protected":false},"excerpt":{"rendered":"{:tr}[vc_row css=\".vc_custom_1427462343642{margin-top: -5px !important;margin-left: 0px !important;padding-left: 0px !important;}\"][vc_column width=\"3\/4\" css=\".vc_custom_1450189654854{margin-top: 5px !important;margin-right: 0px !important;padding-right: 0px !important;padding-left: 0px !important;}\"][vc_row_inner][vc_column_inner css=\".vc_custom_1450189667944{margin-bottom: 5px !important;padding-right: 0px !important;padding-left: 0px !important;}\"][vc_widget_sidebar sidebar_id=\"generated_sidebar-bilgisayar-programciligi-ust-menu\"][\/vc_column_inner][\/vc_row_inner][vc_row_inner css=\".vc_custom_1636031135219{margin-top: 10px !important;}\"][vc_column_inner css=\".vc_custom_1434900586106{margin-top: -35px !important;margin-bottom: 20px !important;padding-right: 0px !important;padding-left: 0px !important;}\"][\/vc_column_inner][\/vc_row_inner][vc_row_inner css=\".vc_custom_1427799308437{margin-top: -40px !important;margin-bottom: -70px !important;}\"][vc_column_inner width=\"1\/2\" css=\".vc_custom_1435230738438{padding-top: 0px !important;padding-right: 5px !important;padding-bottom: 0px !important;padding-left: 0px !important;}\"] Geni\u015f \u0130\u015f \u0130mkanlar\u0131 ile Gelece\u011finizi G\u00fcvence Alt\u0131na Al\u0131n D\u00fczenli ve Temiz Ortamlar\u0131nda \u00c7al\u0131\u015fma \u0130mkan\u0131 [\/vc_column_inner][vc_column_inner width=\"1\/2\" css=\".vc_custom_1435062926702{padding-top: 0px !important;padding-right: 0px !important;padding-bottom: 0px !important;padding-left: 0px !important;}\"] Dikey Ge\u00e7i\u015f \u0130mkanlar\u0131 ile M\u00fchendislik Diplomas\u0131 Alabilme Olanaklar\u0131 Alan\u0131nda Uzman \u00d6\u011fretim \u00dcyeleri ile Birebir Ders \u0130mkan\u0131 [\/vc_column_inner][\/vc_row_inner][vc_row_inner css=\".vc_custom_1429519947742{margin-top: 40px !important;}\"][vc_column_inner css=\".vc_custom_1437464096491{padding-right: 0px !important;padding-left: 0px !important;}\"][vc_text_separator title=\"Haberler\" color=\"custom\" el_class=\"ayrac\" accent_color=\"#ed1b24\"][\/vc_column_inner][\/vc_row_inner][vc_row_inner css=\".vc_custom_1636027890575{margin-top: 10px !important;}\"][vc_column_inner css=\".vc_custom_1437464107850{margin-top: -30px !important;padding-right: 0px !important;padding-left: 0px !important;}\"][vc_basic_grid post_type=\"post\" max_items=\"10\" style=\"pagination\" items_per_page=\"1\" element_width=\"12\" gap=\"0\" arrows_design=\"vc_arrow-icon-arrow_09_left\" arrows_color=\"sky\" paging_design=\"pagination_stripes_dark\" paging_color=\"blue\" loop=\"yes\" item=\"679\" paging_animation_in=\"none\" taxonomies=\"82\" grid_id=\"vc_gid:1701241970147-8bd9022d-346f-4\"][\/vc_column_inner][\/vc_row_inner][\/vc_column][vc_column width=\"1\/4\" css=\".vc_custom_1433425079705{margin-top: 20px !important;padding-right: 0px !important;}\"][vc_widget_sidebar sidebar_id=\"generated_sidebar-bilgisayar-programciligi\"][\/vc_column][\/vc_row] {:}{:en} {:}","protected":false},"author":1,"featured_media":0,"parent":0,"menu_order":0,"comment_status":"closed","ping_status":"closed","template":"","meta":[],"translation":{"provider":"WPGlobus","version":"2.12.2","language":"en","enabled_languages":["tr","en"],"languages":{"tr":{"title":true,"content":true,"excerpt":false},"en":{"title":false,"content":true,"excerpt":false}}},"yoast_head":"<!-- This site is optimized with the Yoast SEO plugin v17.4 - https:\/\/yoast.com\/wordpress\/plugins\/seo\/ -->\n<meta name=\"robots\" content=\"index, follow, max-snippet:-1, max-image-preview:large, max-video-preview:-1\" \/>\n<link rel=\"canonical\" href=\"https:\/\/uzem.omu.edu.tr\/bilgisayar-programciligi\/\" \/>\n<meta property=\"og:locale\" content=\"en_US\" \/>\n<meta property=\"og:type\" content=\"article\" \/>\n<meta property=\"og:title\" content=\"Bilgisayar Programc\u0131l\u0131\u011f\u0131 - OM\u00dc Uzaktan E\u011fitim Merkezi\" \/>\n<meta property=\"og:url\" content=\"https:\/\/uzem.omu.edu.tr\/bilgisayar-programciligi\/\" \/>\n<meta property=\"og:site_name\" content=\"OM\u00dc Uzaktan E\u011fitim Merkezi\" \/>\n<meta property=\"article:publisher\" content=\"https:\/\/www.facebook.com\/omu.uzem\" \/>\n<meta property=\"article:modified_time\" content=\"2024-02-13T10:48:03+00:00\" \/>\n<meta name=\"twitter:card\" content=\"summary_large_image\" \/>\n<meta name=\"twitter:site\" content=\"@omuuzem\" \/>\n<meta name=\"twitter:label1\" content=\"Est. reading time\" \/>\n\t<meta name=\"twitter:data1\" content=\"1 minute\" \/>\n<script type=\"application\/ld+json\" class=\"yoast-schema-graph\">{\"@context\":\"https:\/\/schema.org\",\"@graph\":[{\"@type\":\"Organization\",\"@id\":\"https:\/\/uzem.omu.edu.tr\/#organization\",\"name\":\"UZEM\",\"url\":\"https:\/\/uzem.omu.edu.tr\/\",\"sameAs\":[\"https:\/\/www.facebook.com\/omu.uzem\",\"https:\/\/www.instagram.com\/omu.uzem\/\",\"https:\/\/www.youtube.com\/channel\/UCQ6c_wjaGQcIvBKTbPrOe2A\",\"https:\/\/twitter.com\/omuuzem\"],\"logo\":{\"@type\":\"ImageObject\",\"@id\":\"https:\/\/uzem.omu.edu.tr\/#logo\",\"inLanguage\":\"en-US\",\"url\":\"https:\/\/uzem.omu.edu.tr\/wp-content\/uploads\/ulogo-1.png\",\"contentUrl\":\"https:\/\/uzem.omu.edu.tr\/wp-content\/uploads\/ulogo-1.png\",\"width\":364,\"height\":39,\"caption\":\"UZEM\"},\"image\":{\"@id\":\"https:\/\/uzem.omu.edu.tr\/#logo\"}},{\"@type\":\"WebSite\",\"@id\":\"https:\/\/uzem.omu.edu.tr\/#website\",\"url\":\"https:\/\/uzem.omu.edu.tr\/\",\"name\":\"OM\\u00dc Uzaktan E\\u011fitim Merkezi\",\"description\":\"&quot;F\\u0131rsatlar Sunar&quot;\",\"publisher\":{\"@id\":\"https:\/\/uzem.omu.edu.tr\/#organization\"},\"potentialAction\":[{\"@type\":\"SearchAction\",\"target\":{\"@type\":\"EntryPoint\",\"urlTemplate\":\"https:\/\/uzem.omu.edu.tr\/?s={search_term_string}\"},\"query-input\":\"required name=search_term_string\"}],\"inLanguage\":\"en-US\"},{\"@type\":\"WebPage\",\"@id\":\"https:\/\/uzem.omu.edu.tr\/bilgisayar-programciligi\/#webpage\",\"url\":\"https:\/\/uzem.omu.edu.tr\/bilgisayar-programciligi\/\",\"name\":\"Bilgisayar Programc\\u0131l\\u0131\\u011f\\u0131 - OM\\u00dc Uzaktan E\\u011fitim Merkezi\",\"isPartOf\":{\"@id\":\"https:\/\/uzem.omu.edu.tr\/#website\"},\"datePublished\":\"2015-02-14T13:52:22+00:00\",\"dateModified\":\"2024-02-13T10:48:03+00:00\",\"breadcrumb\":{\"@id\":\"https:\/\/uzem.omu.edu.tr\/bilgisayar-programciligi\/#breadcrumb\"},\"inLanguage\":\"en-US\",\"potentialAction\":[{\"@type\":\"ReadAction\",\"target\":[\"https:\/\/uzem.omu.edu.tr\/bilgisayar-programciligi\/\"]}]},{\"@type\":\"BreadcrumbList\",\"@id\":\"https:\/\/uzem.omu.edu.tr\/bilgisayar-programciligi\/#breadcrumb\",\"itemListElement\":[{\"@type\":\"ListItem\",\"position\":1,\"name\":\"Home\",\"item\":\"https:\/\/uzem.omu.edu.tr\/\"},{\"@type\":\"ListItem\",\"position\":2,\"name\":\"Bilgisayar Programc\\u0131l\\u0131\\u011f\\u0131\"}]}]}<\/script>\n<!-- \/ Yoast SEO plugin. -->","yoast_head_json":{"robots":{"index":"index","follow":"follow","max-snippet":"max-snippet:-1","max-image-preview":"max-image-preview:large","max-video-preview":"max-video-preview:-1"},"canonical":"https:\/\/uzem.omu.edu.tr\/bilgisayar-programciligi\/","og_locale":"en_US","og_type":"article","og_title":"Bilgisayar Programc\u0131l\u0131\u011f\u0131 - OM\u00dc Uzaktan E\u011fitim Merkezi","og_url":"https:\/\/uzem.omu.edu.tr\/bilgisayar-programciligi\/","og_site_name":"OM\u00dc Uzaktan E\u011fitim Merkezi","article_publisher":"https:\/\/www.facebook.com\/omu.uzem","article_modified_time":"2024-02-13T10:48:03+00:00","twitter_card":"summary_large_image","twitter_site":"@omuuzem","twitter_misc":{"Est. reading time":"1 minute"},"schema":{"@context":"https:\/\/schema.org","@graph":[{"@type":"Organization","@id":"https:\/\/uzem.omu.edu.tr\/#organization","name":"UZEM","url":"https:\/\/uzem.omu.edu.tr\/","sameAs":["https:\/\/www.facebook.com\/omu.uzem","https:\/\/www.instagram.com\/omu.uzem\/","https:\/\/www.youtube.com\/channel\/UCQ6c_wjaGQcIvBKTbPrOe2A","https:\/\/twitter.com\/omuuzem"],"logo":{"@type":"ImageObject","@id":"https:\/\/uzem.omu.edu.tr\/#logo","inLanguage":"en-US","url":"https:\/\/uzem.omu.edu.tr\/wp-content\/uploads\/ulogo-1.png","contentUrl":"https:\/\/uzem.omu.edu.tr\/wp-content\/uploads\/ulogo-1.png","width":364,"height":39,"caption":"UZEM"},"image":{"@id":"https:\/\/uzem.omu.edu.tr\/#logo"}},{"@type":"WebSite","@id":"https:\/\/uzem.omu.edu.tr\/#website","url":"https:\/\/uzem.omu.edu.tr\/","name":"OM\u00dc Uzaktan E\u011fitim Merkezi","description":"&quot;F\u0131rsatlar Sunar&quot;","publisher":{"@id":"https:\/\/uzem.omu.edu.tr\/#organization"},"potentialAction":[{"@type":"SearchAction","target":{"@type":"EntryPoint","urlTemplate":"https:\/\/uzem.omu.edu.tr\/?s={search_term_string}"},"query-input":"required name=search_term_string"}],"inLanguage":"en-US"},{"@type":"WebPage","@id":"https:\/\/uzem.omu.edu.tr\/bilgisayar-programciligi\/#webpage","url":"https:\/\/uzem.omu.edu.tr\/bilgisayar-programciligi\/","name":"Bilgisayar Programc\u0131l\u0131\u011f\u0131 - OM\u00dc Uzaktan E\u011fitim Merkezi","isPartOf":{"@id":"https:\/\/uzem.omu.edu.tr\/#website"},"datePublished":"2015-02-14T13:52:22+00:00","dateModified":"2024-02-13T10:48:03+00:00","breadcrumb":{"@id":"https:\/\/uzem.omu.edu.tr\/bilgisayar-programciligi\/#breadcrumb"},"inLanguage":"en-US","potentialAction":[{"@type":"ReadAction","target":["https:\/\/uzem.omu.edu.tr\/bilgisayar-programciligi\/"]}]},{"@type":"BreadcrumbList","@id":"https:\/\/uzem.omu.edu.tr\/bilgisayar-programciligi\/#breadcrumb","itemListElement":[{"@type":"ListItem","position":1,"name":"Home","item":"https:\/\/uzem.omu.edu.tr\/"},{"@type":"ListItem","position":2,"name":"Bilgisayar Programc\u0131l\u0131\u011f\u0131"}]}]}},"_links":{"self":[{"href":"https:\/\/uzem.omu.edu.tr\/en\/wp-json\/wp\/v2\/pages\/76"}],"collection":[{"href":"https:\/\/uzem.omu.edu.tr\/en\/wp-json\/wp\/v2\/pages"}],"about":[{"href":"https:\/\/uzem.omu.edu.tr\/en\/wp-json\/wp\/v2\/types\/page"}],"author":[{"embeddable":true,"href":"https:\/\/uzem.omu.edu.tr\/en\/wp-json\/wp\/v2\/users\/1"}],"replies":[{"embeddable":true,"href":"https:\/\/uzem.omu.edu.tr\/en\/wp-json\/wp\/v2\/comments?post=76"}],"version-history":[{"count":8,"href":"https:\/\/uzem.omu.edu.tr\/en\/wp-json\/wp\/v2\/pages\/76\/revisions"}],"predecessor-version":[{"id":25816,"href":"https:\/\/uzem.omu.edu.tr\/en\/wp-json\/wp\/v2\/pages\/76\/revisions\/25816"}],"wp:attachment":[{"href":"https:\/\/uzem.omu.edu.tr\/en\/wp-json\/wp\/v2\/media?parent=76"}],"curies":[{"name":"wp","href":"https:\/\/api.w.org\/{rel}","templated":true}]}}