{"id":5657,"date":"2015-07-14T11:50:00","date_gmt":"2015-07-14T08:50:00","guid":{"rendered":"https:\/\/uzem.omu.edu.tr\/?page_id=5657"},"modified":"2018-06-25T17:07:25","modified_gmt":"2018-06-25T14:07:25","slug":"uzem-akademi-sponsorlar","status":"publish","type":"page","link":"https:\/\/uzem.omu.edu.tr\/en\/uzem-akademi-sponsorlar\/","title":{"rendered":"UZEM Akademi | Sponsorlar"},"content":{"rendered":"<p>[vc_row css=&#8221;.vc_custom_1529935634842{margin-top: -5px !important;margin-bottom: 20px !important;}&#8221;][vc_column width=&#8221;1\/6&#8243; css=&#8221;.vc_custom_1435924378746{margin-top: 0px !important;margin-bottom: 0px !important;padding-right: 0px !important;padding-left: 0px !important;}&#8221;][vc_button2 title=&#8221;Hakk\u0131nda&#8221; align=&#8221;center&#8221; style=&#8221;square&#8221; size=&#8221;lg&#8221; el_class=&#8221;b1&#8243; link=&#8221;url:%2Fuzem-akademi-hakkinda%2F|title:UZEM%20Akademi%20%7C%20Hakk%C4%B1nda|&#8221;][\/vc_column][vc_column width=&#8221;1\/6&#8243; css=&#8221;.vc_custom_1435924388745{margin-top: 0px !important;margin-bottom: 0px !important;padding-right: 0px !important;padding-left: 0px !important;}&#8221;][vc_button2 title=&#8221;Program&#8221; align=&#8221;center&#8221; style=&#8221;square&#8221; color=&#8221;sky&#8221; size=&#8221;lg&#8221; el_class=&#8221;b2&#8243; link=&#8221;url:%2Fuzem-akademi-program%2F|title:UZEM%20Akademi%20%7C%20Program|&#8221;][\/vc_column][vc_column width=&#8221;1\/6&#8243; css=&#8221;.vc_custom_1435924395312{margin-top: 0px !important;margin-bottom: 0px !important;padding-right: 0px !important;padding-left: 0px !important;}&#8221;][vc_button2 title=&#8221;E\u011fitmenler&#8221; align=&#8221;center&#8221; style=&#8221;square&#8221; color=&#8221;turquoise&#8221; size=&#8221;lg&#8221; el_class=&#8221;b3&#8243; link=&#8221;url:%2Fuzem-akademi-egitmenler%2F|title:UZEM%20Akademi%20%7C%20E%C4%9Fitmenler|&#8221;][\/vc_column][vc_column width=&#8221;1\/6&#8243; css=&#8221;.vc_custom_1435924401065{margin-top: 0px !important;margin-bottom: 0px !important;padding-right: 0px !important;padding-left: 0px !important;}&#8221;][vc_button2 title=&#8221;\u00dccreti&#8221; align=&#8221;center&#8221; style=&#8221;square&#8221; color=&#8221;vista_blue&#8221; size=&#8221;lg&#8221; el_class=&#8221;b4&#8243; link=&#8221;url:%2Fuzem-akademi-ucreti%2F|title:UZEM%20Akademi%20%7C%20%C3%9Ccreti|&#8221;][\/vc_column][vc_column width=&#8221;1\/6&#8243; css=&#8221;.vc_custom_1435924411985{margin-top: 0px !important;margin-bottom: 0px !important;padding-right: 0px !important;padding-left: 0px !important;}&#8221;][vc_button2 title=&#8221;Sponsorlar&#8221; align=&#8221;center&#8221; style=&#8221;square&#8221; color=&#8221;sandy_brown&#8221; size=&#8221;lg&#8221; el_class=&#8221;b5&#8243; link=&#8221;url:%2Fuzem-akademi-sponsorlar%2F|title:UZEM%20Akademi%20%7C%20Sponsorlar|&#8221;][\/vc_column][vc_column width=&#8221;1\/6&#8243; css=&#8221;.vc_custom_1435924420234{margin-top: 0px !important;margin-bottom: 0px !important;padding-right: 0px !important;padding-left: 0px !important;}&#8221;][vc_button2 title=&#8221;\u0130leti\u015fim&#8221; align=&#8221;center&#8221; style=&#8221;square&#8221; color=&#8221;orange&#8221; size=&#8221;lg&#8221; el_class=&#8221;b6&#8243; link=&#8221;url:%2Fuzem-akademi-iletisim%2F|title:UZEM%20Akademi%20%7C%20%C4%B0leti%C5%9Fim|&#8221;][\/vc_column][\/vc_row][vc_row][vc_column][\/vc_column][\/vc_row][vc_row css=&#8221;.vc_custom_1427462343642{margin-top: -5px !important;margin-left: 0px !important;padding-left: 0px !important;}&#8221;][vc_column width=&#8221;3\/4&#8243; css=&#8221;.vc_custom_1441611502079{margin-top: -25px !important;margin-bottom: -40px !important;padding-right: 0px !important;padding-left: 0px !important;background-color: #565656 !important;}&#8221;]<div class=\"ult-ih-container ult-adjust-bottom-margin  \" >\t<ul class=\"ult-ih-list \"  data-shape=\"circle\"  data-width=\"200\"  data-height=\"200\"  style=\"text-align:center; \"><li id=\"ult-ih-list-item-9241\" class=\"ult-ih-list-item\" style=\"height: 200px; width: 200px;  margin: 35px\"><div style=\"height: 200px; width: 200px; \" class=\"ult-ih-item ult-ih-effect3  ult-ih-bottom_to_top   \"><div class=\"ult-ih-image-block\" style=\"height: 200px; width: 200px; \">\t<div class=\"ult-ih-wrapper\" style=\"border-style: solid; border-color: rgba(255,255,255,0.2); border-width: 20px;\"><\/div>\t<img class=\"ult-ih-image\" src=\"https:\/\/uzem.omu.edu.tr\/wp-content\/uploads\/omulogo.jpg\" alt=\"image\"><\/div><div class=\"ult-ih-info\" style=\"background-color: #c41435; \">\t<div class=\"ult-ih-info-back\">\t<div class=\"ult-ih-content\">\t\t\t<div class=\"ult-ih-heading-block\" style=\"\">\t\t\t\t<h3 class=\"ult-ih-heading ult-responsive\" style=\"color:#ffffff;\"  data-ultimate-target='#ult-ih-list-item-9241 .ult-ih-heading'  data-responsive-json-new='{\"font-size\":\"desktop:22px;\",\"line-height\":\"desktop:28px;\"}' >OM\u00dc<\/h3>\t\t\t<\/div>\t\t\t<div class=\"ult-ih-divider-block\" style=\"height:1px;\">\t\t\t\t<span class=\"ult-ih-line\" style=\"border-style:solid;border-color:rgba(255,255,255,0.75);width:100px;border-width:1px;\"><\/span>\t\t\t<\/div>\t\t\t<div class=\"ult-ih-description-block\" style=\"\">\t\t\t\t<div class=\"ult-ih-description ult-responsive\" style=\"color:#e2e2e2;\"  data-ultimate-target='#ult-ih-list-item-9241 .ult-ih-description, #ult-ih-list-item-9241 .ult-ih-description p'  data-responsive-json-new='{\"font-size\":\"desktop:13px;\",\"line-height\":\"desktop:18px;\"}' ><p>Bilgi \u0130\u015flem Daire Ba\u015fkanl\u0131\u011f\u0131<\/p>\n\t\t\t\t<\/div>\t\t\t<\/div>\t<\/div>\t<\/div><\/div><\/div><\/li><li id=\"ult-ih-list-item-9336\" class=\"ult-ih-list-item\" style=\"height: 200px; width: 200px;  margin: 35px\"><div style=\"height: 200px; width: 200px; \" class=\"ult-ih-item ult-ih-effect3  ult-ih-bottom_to_top   \"><div class=\"ult-ih-image-block\" style=\"height: 200px; width: 200px; \">\t<div class=\"ult-ih-wrapper\" style=\"border-style: solid; border-color: rgba(255,255,255,0.2); border-width: 20px;\"><\/div>\t<img class=\"ult-ih-image\" src=\"https:\/\/uzem.omu.edu.tr\/wp-content\/uploads\/uzem-placeholder.jpg\" alt=\"image\"><\/div><div class=\"ult-ih-info\" style=\"background-color: #c41435; \">\t<div class=\"ult-ih-info-back\">\t<div class=\"ult-ih-content\">\t\t\t<div class=\"ult-ih-heading-block\" style=\"\">\t\t\t\t<h3 class=\"ult-ih-heading ult-responsive\" style=\"color:#ffffff;\"  data-ultimate-target='#ult-ih-list-item-9336 .ult-ih-heading'  data-responsive-json-new='{\"font-size\":\"desktop:22px;\",\"line-height\":\"desktop:28px;\"}' >OM\u00dc<\/h3>\t\t\t<\/div>\t\t\t<div class=\"ult-ih-divider-block\" style=\"height:1px;\">\t\t\t\t<span class=\"ult-ih-line\" style=\"border-style:solid;border-color:rgba(255,255,255,0.75);width:100px;border-width:1px;\"><\/span>\t\t\t<\/div>\t\t\t<div class=\"ult-ih-description-block\" style=\"\">\t\t\t\t<div class=\"ult-ih-description ult-responsive\" style=\"color:#e2e2e2;\"  data-ultimate-target='#ult-ih-list-item-9336 .ult-ih-description, #ult-ih-list-item-9336 .ult-ih-description p'  data-responsive-json-new='{\"font-size\":\"desktop:13px;\",\"line-height\":\"desktop:18px;\"}' ><p>Uzaktan E\u011fitim Merkezi<\/p>\n\t\t\t\t<\/div>\t\t\t<\/div>\t<\/div>\t<\/div><\/div><\/div><\/li><li id=\"ult-ih-list-item-5160\" class=\"ult-ih-list-item\" style=\"height: 200px; width: 200px;  margin: 35px\"><div style=\"height: 200px; width: 200px; \" class=\"ult-ih-item ult-ih-effect3  ult-ih-bottom_to_top   \"><div class=\"ult-ih-image-block\" style=\"height: 200px; width: 200px; \">\t<div class=\"ult-ih-wrapper\" style=\"border-style: solid; border-color: rgba(255,255,255,0.2); border-width: 20px;\"><\/div>\t<img class=\"ult-ih-image\" src=\"https:\/\/uzem.omu.edu.tr\/wp-content\/uploads\/logo-ce.jpg\" alt=\"image\"><\/div><div class=\"ult-ih-info\" style=\"background-color: #c41435; \">\t<div class=\"ult-ih-info-back\">\t<div class=\"ult-ih-content\">\t\t\t<div class=\"ult-ih-heading-block\" style=\"\">\t\t\t\t<h3 class=\"ult-ih-heading ult-responsive\" style=\"color:#ffffff;\"  data-ultimate-target='#ult-ih-list-item-5160 .ult-ih-heading'  data-responsive-json-new='{\"font-size\":\"desktop:22px;\",\"line-height\":\"desktop:28px;\"}' >OM\u00dc<\/h3>\t\t\t<\/div>\t\t\t<div class=\"ult-ih-divider-block\" style=\"height:1px;\">\t\t\t\t<span class=\"ult-ih-line\" style=\"border-style:solid;border-color:rgba(255,255,255,0.75);width:100px;border-width:1px;\"><\/span>\t\t\t<\/div>\t\t\t<div class=\"ult-ih-description-block\" style=\"\">\t\t\t\t<div class=\"ult-ih-description ult-responsive\" style=\"color:#e2e2e2;\"  data-ultimate-target='#ult-ih-list-item-5160 .ult-ih-description, #ult-ih-list-item-5160 .ult-ih-description p'  data-responsive-json-new='{\"font-size\":\"desktop:13px;\",\"line-height\":\"desktop:18px;\"}' ><p>Bilgisayar M\u00fchendisli\u011fi<\/p>\n\t\t\t\t<\/div>\t\t\t<\/div>\t<\/div>\t<\/div><\/div><\/div><\/li>\t<\/ul><\/div>[\/vc_column][vc_column width=&#8221;1\/4&#8243; css=&#8221;.vc_custom_1441611509349{margin-top: -25px !important;padding-right: 0px !important;}&#8221;][vc_widget_sidebar sidebar_id=&#8221;generated_sidebar-uzem-akademi&#8221;][\/vc_column][\/vc_row]<\/p>\n","protected":false},"excerpt":{"rendered":"<p>[vc_row css=&#8221;.vc_custom_1529935634842{margin-top: -5px !important;margin-bottom: 20px !important;}&#8221;][vc_column width=&#8221;1\/6&#8243; css=&#8221;.vc_custom_1435924378746{margin-top: 0px !important;margin-bottom: 0px !important;padding-right: 0px !important;padding-left: 0px !important;}&#8221;][vc_button2 title=&#8221;Hakk\u0131nda&#8221; align=&#8221;center&#8221; style=&#8221;square&#8221; size=&#8221;lg&#8221; el_class=&#8221;b1&#8243; link=&#8221;url:%2Fuzem-akademi-hakkinda%2F|title:UZEM%20Akademi%20%7C%20Hakk%C4%B1nda|&#8221;][\/vc_column][vc_column width=&#8221;1\/6&#8243; css=&#8221;.vc_custom_1435924388745{margin-top: 0px !important;margin-bottom: 0px !important;padding-right: 0px !important;padding-left: 0px !important;}&#8221;][vc_button2 title=&#8221;Program&#8221; align=&#8221;center&#8221; style=&#8221;square&#8221; color=&#8221;sky&#8221; size=&#8221;lg&#8221; el_class=&#8221;b2&#8243; link=&#8221;url:%2Fuzem-akademi-program%2F|title:UZEM%20Akademi%20%7C%20Program|&#8221;][\/vc_column][vc_column width=&#8221;1\/6&#8243; css=&#8221;.vc_custom_1435924395312{margin-top: 0px !important;margin-bottom: 0px !important;padding-right: 0px !important;padding-left: 0px !important;}&#8221;][vc_button2 title=&#8221;E\u011fitmenler&#8221; align=&#8221;center&#8221; style=&#8221;square&#8221; color=&#8221;turquoise&#8221; size=&#8221;lg&#8221; el_class=&#8221;b3&#8243; link=&#8221;url:%2Fuzem-akademi-egitmenler%2F|title:UZEM%20Akademi%20%7C%20E%C4%9Fitmenler|&#8221;][\/vc_column][vc_column width=&#8221;1\/6&#8243; css=&#8221;.vc_custom_1435924401065{margin-top: 0px !important;margin-bottom: 0px !important;padding-right: 0px !important;padding-left: 0px !important;}&#8221;][vc_button2 title=&#8221;\u00dccreti&#8221; align=&#8221;center&#8221; style=&#8221;square&#8221; color=&#8221;vista_blue&#8221; size=&#8221;lg&#8221; el_class=&#8221;b4&#8243; link=&#8221;url:%2Fuzem-akademi-ucreti%2F|title:UZEM%20Akademi%20%7C%20%C3%9Ccreti|&#8221;][\/vc_column][vc_column width=&#8221;1\/6&#8243; css=&#8221;.vc_custom_1435924411985{margin-top: 0px !important;margin-bottom: 0px !important;padding-right: 0px !important;padding-left: 0px !important;}&#8221;][vc_button2 title=&#8221;Sponsorlar&#8221; align=&#8221;center&#8221; style=&#8221;square&#8221; color=&#8221;sandy_brown&#8221; size=&#8221;lg&#8221; el_class=&#8221;b5&#8243; link=&#8221;url:%2Fuzem-akademi-sponsorlar%2F|title:UZEM%20Akademi%20%7C%20Sponsorlar|&#8221;][\/vc_column][vc_column width=&#8221;1\/6&#8243; css=&#8221;.vc_custom_1435924420234{margin-top: 0px !important;margin-bottom: 0px !important;padding-right: 0px !important;padding-left: 0px !important;}&#8221;][vc_button2 title=&#8221;\u0130leti\u015fim&#8221; align=&#8221;center&#8221; style=&#8221;square&#8221; color=&#8221;orange&#8221; size=&#8221;lg&#8221; el_class=&#8221;b6&#8243; link=&#8221;url:%2Fuzem-akademi-iletisim%2F|title:UZEM%20Akademi%20%7C%20%C4%B0leti%C5%9Fim|&#8221;][\/vc_column][\/vc_row][vc_row][vc_column][\/vc_column][\/vc_row][vc_row css=&#8221;.vc_custom_1427462343642{margin-top: -5px !important;margin-left: 0px !important;padding-left: 0px !important;}&#8221;][vc_column width=&#8221;3\/4&#8243; css=&#8221;.vc_custom_1441611502079{margin-top: -25px !important;margin-bottom: -40px !important;padding-right: 0px !important;padding-left: 0px !important;background-color: #565656 !important;}&#8221;][\/vc_column][vc_column width=&#8221;1\/4&#8243; css=&#8221;.vc_custom_1441611509349{margin-top: -25px !important;padding-right: 0px !important;}&#8221;][vc_widget_sidebar sidebar_id=&#8221;generated_sidebar-uzem-akademi&#8221;][\/vc_column][\/vc_row]<\/p>\n","protected":false},"author":5,"featured_media":0,"parent":0,"menu_order":0,"comment_status":"closed","ping_status":"closed","template":"","meta":[],"translation":{"provider":"WPGlobus","version":"2.12.2","language":"en","enabled_languages":["tr","en"],"languages":{"tr":{"title":true,"content":true,"excerpt":false},"en":{"title":false,"content":false,"excerpt":false}}},"yoast_head":"<!-- This site is optimized with the Yoast SEO plugin v17.4 - https:\/\/yoast.com\/wordpress\/plugins\/seo\/ -->\n<meta name=\"robots\" content=\"index, follow, max-snippet:-1, max-image-preview:large, max-video-preview:-1\" \/>\n<link rel=\"canonical\" href=\"https:\/\/uzem.omu.edu.tr\/uzem-akademi-sponsorlar\/\" \/>\n<meta property=\"og:locale\" content=\"en_US\" \/>\n<meta property=\"og:type\" content=\"article\" \/>\n<meta property=\"og:title\" content=\"UZEM Akademi | Sponsorlar - OM\u00dc Uzaktan E\u011fitim Merkezi\" \/>\n<meta property=\"og:url\" content=\"https:\/\/uzem.omu.edu.tr\/uzem-akademi-sponsorlar\/\" \/>\n<meta property=\"og:site_name\" content=\"OM\u00dc Uzaktan E\u011fitim Merkezi\" \/>\n<meta property=\"article:publisher\" content=\"https:\/\/www.facebook.com\/omu.uzem\" \/>\n<meta property=\"article:modified_time\" content=\"2018-06-25T14:07:25+00:00\" \/>\n<meta name=\"twitter:card\" content=\"summary_large_image\" \/>\n<meta name=\"twitter:site\" content=\"@omuuzem\" \/>\n<meta name=\"twitter:label1\" content=\"Est. reading time\" \/>\n\t<meta name=\"twitter:data1\" content=\"3 minutes\" \/>\n<script type=\"application\/ld+json\" class=\"yoast-schema-graph\">{\"@context\":\"https:\/\/schema.org\",\"@graph\":[{\"@type\":\"Organization\",\"@id\":\"https:\/\/uzem.omu.edu.tr\/#organization\",\"name\":\"UZEM\",\"url\":\"https:\/\/uzem.omu.edu.tr\/\",\"sameAs\":[\"https:\/\/www.facebook.com\/omu.uzem\",\"https:\/\/www.instagram.com\/omu.uzem\/\",\"https:\/\/www.youtube.com\/channel\/UCQ6c_wjaGQcIvBKTbPrOe2A\",\"https:\/\/twitter.com\/omuuzem\"],\"logo\":{\"@type\":\"ImageObject\",\"@id\":\"https:\/\/uzem.omu.edu.tr\/#logo\",\"inLanguage\":\"en-US\",\"url\":\"https:\/\/uzem.omu.edu.tr\/wp-content\/uploads\/ulogo-1.png\",\"contentUrl\":\"https:\/\/uzem.omu.edu.tr\/wp-content\/uploads\/ulogo-1.png\",\"width\":364,\"height\":39,\"caption\":\"UZEM\"},\"image\":{\"@id\":\"https:\/\/uzem.omu.edu.tr\/#logo\"}},{\"@type\":\"WebSite\",\"@id\":\"https:\/\/uzem.omu.edu.tr\/#website\",\"url\":\"https:\/\/uzem.omu.edu.tr\/\",\"name\":\"OM\\u00dc Uzaktan E\\u011fitim Merkezi\",\"description\":\"&quot;F\\u0131rsatlar Sunar&quot;\",\"publisher\":{\"@id\":\"https:\/\/uzem.omu.edu.tr\/#organization\"},\"potentialAction\":[{\"@type\":\"SearchAction\",\"target\":{\"@type\":\"EntryPoint\",\"urlTemplate\":\"https:\/\/uzem.omu.edu.tr\/?s={search_term_string}\"},\"query-input\":\"required name=search_term_string\"}],\"inLanguage\":\"en-US\"},{\"@type\":\"WebPage\",\"@id\":\"https:\/\/uzem.omu.edu.tr\/uzem-akademi-sponsorlar\/#webpage\",\"url\":\"https:\/\/uzem.omu.edu.tr\/uzem-akademi-sponsorlar\/\",\"name\":\"UZEM Akademi | Sponsorlar - OM\\u00dc Uzaktan E\\u011fitim Merkezi\",\"isPartOf\":{\"@id\":\"https:\/\/uzem.omu.edu.tr\/#website\"},\"datePublished\":\"2015-07-14T08:50:00+00:00\",\"dateModified\":\"2018-06-25T14:07:25+00:00\",\"breadcrumb\":{\"@id\":\"https:\/\/uzem.omu.edu.tr\/uzem-akademi-sponsorlar\/#breadcrumb\"},\"inLanguage\":\"en-US\",\"potentialAction\":[{\"@type\":\"ReadAction\",\"target\":[\"https:\/\/uzem.omu.edu.tr\/uzem-akademi-sponsorlar\/\"]}]},{\"@type\":\"BreadcrumbList\",\"@id\":\"https:\/\/uzem.omu.edu.tr\/uzem-akademi-sponsorlar\/#breadcrumb\",\"itemListElement\":[{\"@type\":\"ListItem\",\"position\":1,\"name\":\"Home\",\"item\":\"https:\/\/uzem.omu.edu.tr\/\"},{\"@type\":\"ListItem\",\"position\":2,\"name\":\"UZEM Akademi | Sponsorlar\"}]}]}<\/script>\n<!-- \/ Yoast SEO plugin. -->","yoast_head_json":{"robots":{"index":"index","follow":"follow","max-snippet":"max-snippet:-1","max-image-preview":"max-image-preview:large","max-video-preview":"max-video-preview:-1"},"canonical":"https:\/\/uzem.omu.edu.tr\/uzem-akademi-sponsorlar\/","og_locale":"en_US","og_type":"article","og_title":"UZEM Akademi | Sponsorlar - OM\u00dc Uzaktan E\u011fitim Merkezi","og_url":"https:\/\/uzem.omu.edu.tr\/uzem-akademi-sponsorlar\/","og_site_name":"OM\u00dc Uzaktan E\u011fitim Merkezi","article_publisher":"https:\/\/www.facebook.com\/omu.uzem","article_modified_time":"2018-06-25T14:07:25+00:00","twitter_card":"summary_large_image","twitter_site":"@omuuzem","twitter_misc":{"Est. reading time":"3 minutes"},"schema":{"@context":"https:\/\/schema.org","@graph":[{"@type":"Organization","@id":"https:\/\/uzem.omu.edu.tr\/#organization","name":"UZEM","url":"https:\/\/uzem.omu.edu.tr\/","sameAs":["https:\/\/www.facebook.com\/omu.uzem","https:\/\/www.instagram.com\/omu.uzem\/","https:\/\/www.youtube.com\/channel\/UCQ6c_wjaGQcIvBKTbPrOe2A","https:\/\/twitter.com\/omuuzem"],"logo":{"@type":"ImageObject","@id":"https:\/\/uzem.omu.edu.tr\/#logo","inLanguage":"en-US","url":"https:\/\/uzem.omu.edu.tr\/wp-content\/uploads\/ulogo-1.png","contentUrl":"https:\/\/uzem.omu.edu.tr\/wp-content\/uploads\/ulogo-1.png","width":364,"height":39,"caption":"UZEM"},"image":{"@id":"https:\/\/uzem.omu.edu.tr\/#logo"}},{"@type":"WebSite","@id":"https:\/\/uzem.omu.edu.tr\/#website","url":"https:\/\/uzem.omu.edu.tr\/","name":"OM\u00dc Uzaktan E\u011fitim Merkezi","description":"&quot;F\u0131rsatlar Sunar&quot;","publisher":{"@id":"https:\/\/uzem.omu.edu.tr\/#organization"},"potentialAction":[{"@type":"SearchAction","target":{"@type":"EntryPoint","urlTemplate":"https:\/\/uzem.omu.edu.tr\/?s={search_term_string}"},"query-input":"required name=search_term_string"}],"inLanguage":"en-US"},{"@type":"WebPage","@id":"https:\/\/uzem.omu.edu.tr\/uzem-akademi-sponsorlar\/#webpage","url":"https:\/\/uzem.omu.edu.tr\/uzem-akademi-sponsorlar\/","name":"UZEM Akademi | Sponsorlar - OM\u00dc Uzaktan E\u011fitim Merkezi","isPartOf":{"@id":"https:\/\/uzem.omu.edu.tr\/#website"},"datePublished":"2015-07-14T08:50:00+00:00","dateModified":"2018-06-25T14:07:25+00:00","breadcrumb":{"@id":"https:\/\/uzem.omu.edu.tr\/uzem-akademi-sponsorlar\/#breadcrumb"},"inLanguage":"en-US","potentialAction":[{"@type":"ReadAction","target":["https:\/\/uzem.omu.edu.tr\/uzem-akademi-sponsorlar\/"]}]},{"@type":"BreadcrumbList","@id":"https:\/\/uzem.omu.edu.tr\/uzem-akademi-sponsorlar\/#breadcrumb","itemListElement":[{"@type":"ListItem","position":1,"name":"Home","item":"https:\/\/uzem.omu.edu.tr\/"},{"@type":"ListItem","position":2,"name":"UZEM Akademi | Sponsorlar"}]}]}},"_links":{"self":[{"href":"https:\/\/uzem.omu.edu.tr\/en\/wp-json\/wp\/v2\/pages\/5657"}],"collection":[{"href":"https:\/\/uzem.omu.edu.tr\/en\/wp-json\/wp\/v2\/pages"}],"about":[{"href":"https:\/\/uzem.omu.edu.tr\/en\/wp-json\/wp\/v2\/types\/page"}],"author":[{"embeddable":true,"href":"https:\/\/uzem.omu.edu.tr\/en\/wp-json\/wp\/v2\/users\/5"}],"replies":[{"embeddable":true,"href":"https:\/\/uzem.omu.edu.tr\/en\/wp-json\/wp\/v2\/comments?post=5657"}],"version-history":[{"count":2,"href":"https:\/\/uzem.omu.edu.tr\/en\/wp-json\/wp\/v2\/pages\/5657\/revisions"}],"predecessor-version":[{"id":18138,"href":"https:\/\/uzem.omu.edu.tr\/en\/wp-json\/wp\/v2\/pages\/5657\/revisions\/18138"}],"wp:attachment":[{"href":"https:\/\/uzem.omu.edu.tr\/en\/wp-json\/wp\/v2\/media?parent=5657"}],"curies":[{"name":"wp","href":"https:\/\/api.w.org\/{rel}","templated":true}]}}