{"id":5516,"date":"2015-07-09T13:50:44","date_gmt":"2015-07-09T10:50:44","guid":{"rendered":"https:\/\/uzem.omu.edu.tr\/?page_id=5516"},"modified":"2026-04-14T11:27:17","modified_gmt":"2026-04-14T08:27:17","slug":"cagri-hizmetleri-ders-icerikleri","status":"publish","type":"page","link":"https:\/\/uzem.omu.edu.tr\/en\/cagri-hizmetleri-ders-icerikleri\/","title":{"rendered":"\u00c7a\u011fr\u0131 Merkezi Hizmetleri | Ders \u0130\u00e7erikleri"},"content":{"rendered":"<p>[vc_row css=&#8221;.vc_custom_1427462343642{margin-top: -5px !important;margin-left: 0px !important;padding-left: 0px !important;}&#8221;][vc_column width=&#8221;3\/4&#8243; css=&#8221;.vc_custom_1450333968701{margin-top: 5px !important;padding-right: 0px !important;padding-left: 0px !important;}&#8221;][vc_row_inner][vc_column_inner css=&#8221;.vc_custom_1450334014535{margin-bottom: -30px !important;padding-right: 0px !important;padding-left: 0px !important;}&#8221;][vc_widget_sidebar sidebar_id=&#8221;generated_sidebar-cagri-hizmetleri-ust-menu&#8221;][\/vc_column_inner][\/vc_row_inner][vc_column_text el_class=&#8221;menu-basligi&#8221; css=&#8221;.vc_custom_1536672008968{margin-top: 10px !important;padding-top: 10px !important;}&#8221;]<strong>Ders \u0130\u00e7erikleri<\/strong>[\/vc_column_text][vc_row_inner css=&#8221;.vc_custom_1443422679302{margin-top: 20px !important;margin-right: 0px !important;margin-bottom: 0px !important;margin-left: 0px !important;border-right-width: 0px !important;border-bottom-width: 0px !important;border-left-width: 0px !important;padding-right: 0px !important;padding-bottom: 0px !important;padding-left: 0px !important;}&#8221;][vc_column_inner css=&#8221;.vc_custom_1443422606574{margin-top: 5px !important;margin-right: 0px !important;margin-bottom: 0px !important;margin-left: 0px !important;border-top-width: 0px !important;border-right-width: 0px !important;border-bottom-width: 0px !important;border-left-width: 0px !important;padding-top: 0px !important;padding-right: 0px !important;padding-bottom: 0px !important;padding-left: 0px !important;}&#8221;][vc_column_text el_class=&#8221;menu-basligi&#8221; css=&#8221;.vc_custom_1536671984399{margin-top: -24px !important;}&#8221;]<strong>1. SINIF G\u00dcZ YARIYILI<\/strong>[\/vc_column_text][vc_column_text el_class=&#8221;ders-tablosu&#8221; css=&#8221;.vc_custom_1776155080457{margin-top: 5px !important;}&#8221;]<\/p>\n<table width=\"592\">\n<tbody>\n<tr>\n<td width=\"60\"><strong>Kodu<\/strong><\/td>\n<td width=\"238\"><strong>Ders Ad\u0131<\/strong><\/td>\n<td width=\"45\"><strong>D+U+L<\/strong><\/td>\n<td width=\"58\"><strong>Z\/S<\/strong><\/td>\n<td width=\"191\"><strong>\u00d6\u011fretim \u00dcyesi<\/strong><\/td>\n<\/tr>\n<tr>\n<td>A\u00c7M101<\/td>\n<td>Genel \u0130\u015fletme<\/td>\n<td width=\"45\">3+0+3<\/td>\n<td width=\"58\">Zorunlu<\/td>\n<td width=\"191\">\u00d6\u011fr. G\u00f6r. Sel\u00e7uk KAHVEC\u0130<\/td>\n<\/tr>\n<tr>\n<td>A\u00c7M103<\/td>\n<td>Temel Hukuk<\/td>\n<td>3+0+3<\/td>\n<td width=\"58\">Zorunlu<\/td>\n<td>\u00d6\u011fr. G\u00f6r. O\u011fuzhan KURU<\/td>\n<\/tr>\n<tr>\n<td>A\u00c7M121<\/td>\n<td>\u00c7a\u011fr\u0131 Merkezi Y\u00f6netimi -I<\/td>\n<td width=\"45\">3+0+3<\/td>\n<td width=\"58\">Zorunlu<\/td>\n<td width=\"191\">\u00d6\u011fr. G\u00f6r. Segah YE\u015e\u0130LYURT<\/td>\n<\/tr>\n<tr>\n<td>A\u00c7M107<\/td>\n<td>Matematik (Ortak)<\/td>\n<td width=\"45\">2+0+2<\/td>\n<td width=\"58\">Zorunlu<\/td>\n<td width=\"191\">Prof. Dr. \u015eenol EREN<\/td>\n<\/tr>\n<tr>\n<td>A\u00c7M133<\/td>\n<td>Protokol Ve G\u00f6rg\u00fc Kurallar\u0131<\/td>\n<td width=\"45\">2+0+2<\/td>\n<td width=\"58\">Zorunlu<\/td>\n<td width=\"191\">Prof. Dr. K\u00fcr\u015fat DEM\u0130RY\u00dcREK<\/td>\n<\/tr>\n<tr>\n<td>A\u00c7M131<\/td>\n<td>Ofis Programlar\u0131 -I<\/td>\n<td width=\"45\">2+0+2<\/td>\n<td width=\"58\">Zorunlu<\/td>\n<td>\u00d6\u011fr. G\u00f6r. Muhammed KARA<\/td>\n<\/tr>\n<tr>\n<td>A\u00c7M125<\/td>\n<td>\u0130leti\u015fim<\/td>\n<td width=\"45\">2+0+2<\/td>\n<td width=\"58\">Zorunlu<\/td>\n<td width=\"191\">\u00d6\u011fr. G\u00f6r. Sevda YAL\u00c7IN<\/td>\n<\/tr>\n<tr>\n<td>AT\u0130101<\/td>\n<td>Atat\u00fcrk \u0130lkeleri ve \u0130nk\u0131lap Tarihi -I<\/td>\n<td width=\"45\">2+0+2<\/td>\n<td width=\"58\">Zorunlu<\/td>\n<td width=\"191\">\u00d6\u011fr. G\u00f6r. Dr. Ercan YAL\u00c7IN<\/td>\n<\/tr>\n<tr>\n<td>TD\u0130101<\/td>\n<td>T\u00fcrk Dili -I-<\/td>\n<td width=\"45\">2+0+2<\/td>\n<td width=\"58\">Zorunlu<\/td>\n<td width=\"191\">\u00d6\u011fr. G\u00f6r. Efsun Kevser KAYA<\/td>\n<\/tr>\n<tr>\n<td>YD\u0130101<\/td>\n<td>Yabanc\u0131 Dil -I- (\u0130ngilizce)<\/td>\n<td width=\"45\">2+0+2<\/td>\n<td width=\"58\">Zorunlu<\/td>\n<td width=\"191\">\u00d6\u011fr. G\u00f6r. Havva Nur YE\u015e\u0130LDA\u011e<\/td>\n<\/tr>\n<tr>\n<td>A\u00c7M119<\/td>\n<td>Telefonla \u0130leti\u015fim\u00a0ve Tele Sat\u0131\u015f<\/td>\n<td>3+0+3<\/td>\n<td>Zorunlu<\/td>\n<td>\u00d6\u011fr. G\u00f6r. Cemile AVCI AKAN<\/td>\n<\/tr>\n<\/tbody>\n<\/table>\n<p>[\/vc_column_text][vc_column_text el_class=&#8221;menu-basligi&#8221; css=&#8221;.vc_custom_1536672770401{margin-bottom: 5px !important;}&#8221;]<strong>1. SINIF BAHAR YARIYILI<\/strong>[\/vc_column_text][vc_column_text el_class=&#8221;ders-tablosu&#8221;]<\/p>\n<table width=\"592\">\n<tbody>\n<tr>\n<td width=\"60\"><strong>Kodu<\/strong><\/td>\n<td width=\"238\"><strong>Ders Ad\u0131<\/strong><\/td>\n<td width=\"45\"><strong>D+U+L<\/strong><\/td>\n<td width=\"58\"><strong>Z\/S<\/strong><\/td>\n<td width=\"191\"><strong>\u00d6\u011fretim \u00dcyesi<\/strong><\/td>\n<\/tr>\n<tr>\n<td>A\u00c7M102<\/td>\n<td>Pazarlama \u0130lkeleri<\/td>\n<td width=\"45\">3+0+3<\/td>\n<td width=\"58\">Zorunlu<\/td>\n<td width=\"191\">\u00d6\u011fr. G\u00f6r. Tansu \u00d6ZBAYSAL<\/td>\n<\/tr>\n<tr>\n<td>A\u00c7M104<\/td>\n<td>M\u00fc\u015fteri \u0130li\u015fkileri Y\u00f6netimi<\/td>\n<td>3+0+3<\/td>\n<td width=\"58\">Zorunlu<\/td>\n<td>\u00d6\u011fr. G\u00f6r. Cemile AVCI AKAN<\/td>\n<\/tr>\n<tr>\n<td>A\u00c7M106<\/td>\n<td>\u00c7a\u011fr\u0131 Merkezi Y\u00f6netimi II<\/td>\n<td width=\"45\">3+0+3<\/td>\n<td width=\"58\">Zorunlu<\/td>\n<td width=\"191\">\u00d6\u011fr. G\u00f6r. Segah YE\u015e\u0130LYURT<\/td>\n<\/tr>\n<tr>\n<td>A\u00c7M108<\/td>\n<td>Ofis Programlar\u0131 II<\/td>\n<td width=\"45\">2+0+2<\/td>\n<td width=\"58\">Zorunlu<\/td>\n<td width=\"191\">\u00d6\u011fr. G\u00f6r. Muhammed KARA<\/td>\n<\/tr>\n<tr>\n<td>A\u00c7M110<\/td>\n<td>Genel Ekonomi<\/td>\n<td width=\"45\">2+0+2<\/td>\n<td width=\"58\">Zorunlu<\/td>\n<td>\u00d6\u011fr. G\u00f6r. \u015eenol DO\u011eAN<\/td>\n<\/tr>\n<tr>\n<td>AT\u0130102<\/td>\n<td>Atat\u00fcrk \u0130lk. ve \u0130nk\u0131lap Tarihi II<\/td>\n<td width=\"45\">2+0+2<\/td>\n<td width=\"58\">Zorunlu<\/td>\n<td width=\"191\">\u00d6\u011fr. G\u00f6r. Dr. Ercan YAL\u00c7IN<\/td>\n<\/tr>\n<tr>\n<td>TD\u0130102<\/td>\n<td>T\u00fcrk Dili II<\/td>\n<td width=\"45\">2+0+2<\/td>\n<td width=\"58\">Zorunlu<\/td>\n<td width=\"191\">\u00d6\u011fr. G\u00f6r. Efsun Kevser KAYA<\/td>\n<\/tr>\n<tr>\n<td>YD\u0130102<\/td>\n<td>Yabanc\u0131 Dil II<\/td>\n<td width=\"45\">2+0+2<\/td>\n<td width=\"58\">Zorunlu<\/td>\n<td width=\"191\">\u00d6\u011fr. G\u00f6r. Havva Nur YE\u015e\u0130LDA\u011e<\/td>\n<\/tr>\n<tr>\n<td>STJ102<\/td>\n<td>Staj<\/td>\n<td width=\"45\"><\/td>\n<td width=\"58\">Zorunlu<\/td>\n<td width=\"191\">\u00d6\u011fr. G\u00f6r.\u00a0\u015eenol DO\u011eAN<\/td>\n<\/tr>\n<tr>\n<td>A\u00c7M140<\/td>\n<td>Giri\u015fimcilik ve Yenilik\u00e7ilik<\/td>\n<td>\u00a03+0+3<\/td>\n<td>Zorunlu<\/td>\n<td>Do\u00e7. Dr. Z\u00fcmral G\u00dcLTEK\u0130N<\/td>\n<\/tr>\n<\/tbody>\n<\/table>\n<p>[\/vc_column_text][vc_column_text el_class=&#8221;menu-basligi&#8221;]<\/p>\n<p><strong>2. SINIF G\u00dcZ\u00a0YARIYILI<\/strong><\/p>\n<p>[\/vc_column_text][vc_column_text el_class=&#8221;ders-tablosu&#8221;]<\/p>\n<table width=\"592\">\n<tbody>\n<tr>\n<td width=\"60\"><strong>Kodu<\/strong><\/td>\n<td width=\"238\"><strong>Ders Ad\u0131<\/strong><\/td>\n<td width=\"45\"><strong>D+U+L<\/strong><\/td>\n<td width=\"58\"><strong>Z\/S<\/strong><\/td>\n<td width=\"191\"><strong>\u00d6\u011fretim \u00dcyesi<\/strong><\/td>\n<\/tr>\n<tr>\n<td>A\u00c7M201<\/td>\n<td>\u00c7a\u011fr\u0131 Merkezlerinde \u00d6l\u00e7me ve De\u011ferlendirme<\/td>\n<td width=\"45\">3+0+3<\/td>\n<td width=\"58\">Zorunlu<\/td>\n<td width=\"191\">\u00d6\u011fr. G\u00f6r.\u00a0Tayfun \u015e\u0130M\u015eEK<\/td>\n<\/tr>\n<tr>\n<td>A\u00c7M203<\/td>\n<td>\u00c7a\u011fr\u0131 Merkezlerinde Temel Sat\u0131\u015f Teknikleri<\/td>\n<td>3+0+3<\/td>\n<td width=\"58\">Zorunlu<\/td>\n<td>\u00d6\u011fr. G\u00f6r. Sevda YAL\u00c7IN<\/td>\n<\/tr>\n<tr>\n<td>A\u00c7M223<\/td>\n<td>\u0130kna ve \u0130kna Psikolojisi<\/td>\n<td width=\"45\">3+0+3<\/td>\n<td width=\"58\">Zorunlu<\/td>\n<td width=\"191\">\u00d6\u011fr. G\u00f6r. Muazzez \u00d6ZDEM\u0130R<\/td>\n<\/tr>\n<tr>\n<td>A\u00c7M225<\/td>\n<td>\u0130\u015f ve Sosyal G\u00fcvenlik Hukuku<\/td>\n<td width=\"45\">3+0+3<\/td>\n<td width=\"58\">Zorunlu<\/td>\n<td width=\"191\">\u00d6\u011fr. G\u00f6r. \u015eenol DO\u011eAN<\/td>\n<\/tr>\n<tr>\n<td>A\u00c7M209<\/td>\n<td>Halkla \u0130li\u015fkiler<\/td>\n<td width=\"45\">2+0+2<\/td>\n<td width=\"58\">Zorunlu<\/td>\n<td>\u00d6\u011fr. G\u00f6r. Segah YE\u015e\u0130LYURT<\/td>\n<\/tr>\n<tr>\n<td>A\u00c7M213<\/td>\n<td>Hizmet Pazarlamas\u0131<\/td>\n<td width=\"45\">3+0+3<\/td>\n<td width=\"58\">Se\u00e7meli<\/td>\n<td width=\"191\">\u00d6\u011fr. G\u00f6r.\u00a0Muazzez \u00d6ZDEM\u0130R<\/td>\n<\/tr>\n<tr>\n<td>A\u00c7M229<\/td>\n<td>Davran\u0131\u015f Bilimleri<\/td>\n<td width=\"45\">2+0+2<\/td>\n<td width=\"58\">Se\u00e7meli<\/td>\n<td width=\"191\">\u00d6\u011fr. G\u00f6r. Cemile AVCI AKAN<\/td>\n<\/tr>\n<tr>\n<td>A\u00c7M231<\/td>\n<td>T\u00fcketici Haklar\u0131 ve T\u00fcketici Davran\u0131\u015flar\u0131<\/td>\n<td width=\"45\">2+0+2<\/td>\n<td width=\"58\">Se\u00e7meli<\/td>\n<td width=\"191\">\u00d6\u011fr. G\u00f6r.\u00a0Tayfun \u015e\u0130M\u015eEK<\/td>\n<\/tr>\n<\/tbody>\n<\/table>\n<p>[\/vc_column_text][vc_column_text el_class=&#8221;menu-basligi&#8221;]<\/p>\n<p><strong>2. SINIF BAHAR\u00a0YARIYILI<\/strong><\/p>\n<p>[\/vc_column_text][vc_column_text el_class=&#8221;ders-tablosu&#8221;]<\/p>\n<table width=\"592\">\n<tbody>\n<tr>\n<td width=\"60\"><strong>Kodu<\/strong><\/td>\n<td width=\"238\"><strong>Ders Ad\u0131<\/strong><\/td>\n<td width=\"45\"><strong>D+U+L<\/strong><\/td>\n<td width=\"58\"><strong>Z\/S<\/strong><\/td>\n<td width=\"191\"><strong>\u00d6\u011fretim \u00dcyesi<\/strong><\/td>\n<\/tr>\n<tr>\n<td>A\u00c7M\u00a0202<\/td>\n<td>\u0130leti\u015fimde Hedef Kitle<\/td>\n<td width=\"45\">3+0+3<\/td>\n<td width=\"58\">Zorunlu<\/td>\n<td width=\"191\">\u00d6\u011fr. G\u00f6r. Muazzez \u00d6ZDEM\u0130R<\/td>\n<\/tr>\n<tr>\n<td>A\u00c7M\u00a0204<\/td>\n<td>Kurumsal \u0130leti\u015fim Y\u00f6ntemi<\/td>\n<td>3+0+3<\/td>\n<td width=\"58\">Zorunlu<\/td>\n<td>\u00d6\u011fr. G\u00f6r. Tayfun \u015e\u0130M\u015eEK<\/td>\n<\/tr>\n<tr>\n<td>A\u00c7M\u00a0206<\/td>\n<td>\u00c7a\u011fr\u0131 Merkezi Sekt\u00f6r\u00fc<\/td>\n<td width=\"45\">3+0+3<\/td>\n<td width=\"58\">Zorunlu<\/td>\n<td width=\"191\">\u00d6\u011fr. G\u00f6r. Segah YE\u015e\u0130LYURT<\/td>\n<\/tr>\n<tr>\n<td>A\u00c7M\u00a0208<\/td>\n<td>\u00c7a\u011fr\u0131 Merkezlerinde Stratejik Y\u00f6netim<\/td>\n<td width=\"45\">3+0+3<\/td>\n<td width=\"58\">Zorunlu<\/td>\n<td width=\"191\">\u00d6\u011fr. G\u00f6r.\u00a0O\u011fuzhan KURU<\/td>\n<\/tr>\n<tr>\n<td>A\u00c7M\u00a0210<\/td>\n<td>\u00c7a\u011fr\u0131 Merkezlerinde Tak\u0131m Y\u00f6netimi<\/td>\n<td width=\"45\">2+0+2<\/td>\n<td width=\"58\">Zorunlu<\/td>\n<td>\u00d6\u011fr. G\u00f6r. Tayfun \u015e\u0130M\u015eEK<\/td>\n<\/tr>\n<tr>\n<td>A\u00c7M\u00a0212<\/td>\n<td>Toplant\u0131 ve Zaman Y\u00f6netimi<\/td>\n<td width=\"45\">3+0+3<\/td>\n<td width=\"58\">Se\u00e7meli<\/td>\n<td width=\"191\">\u00d6\u011fr. G\u00f6r. \u00dcnzile \u00c7ARKACI<br \/>\n\u00d6\u011fr. G\u00f6r. Dr. F\u0131rat G\u00dcLTEK\u0130N<\/td>\n<\/tr>\n<tr>\n<td>A\u00c7M\u00a0214<\/td>\n<td>\u00c7al\u0131\u015fma Psikolojisi<\/td>\n<td width=\"45\">3+0+3<\/td>\n<td width=\"58\">Se\u00e7meli<\/td>\n<td width=\"191\">Do\u00e7. Dr. Z\u00fcmral G\u00dcLTEK\u0130N<\/td>\n<\/tr>\n<tr>\n<td>A\u00c7M\u00a0220<\/td>\n<td>B\u00fcro Y\u00f6netimi<\/td>\n<td width=\"45\">2+0+2<\/td>\n<td width=\"58\">Se\u00e7meli<\/td>\n<td width=\"191\">\u00d6\u011fr. G\u00f6r. Cemile AVCI AKAN<\/td>\n<\/tr>\n<\/tbody>\n<\/table>\n<p>[\/vc_column_text][\/vc_column_inner][\/vc_row_inner][\/vc_column][vc_column width=&#8221;1\/4&#8243; css=&#8221;.vc_custom_1433425842104{margin-top: 20px !important;padding-right: 0px !important;}&#8221;][vc_widget_sidebar sidebar_id=&#8221;generated_sidebar-cagri-hizmetleri&#8221;][\/vc_column][\/vc_row]<\/p>\n","protected":false},"excerpt":{"rendered":"<p>[vc_row css=&#8221;.vc_custom_1427462343642{margin-top: -5px !important;margin-left: 0px !important;padding-left: 0px !important;}&#8221;][vc_column width=&#8221;3\/4&#8243; css=&#8221;.vc_custom_1450333968701{margin-top: 5px !important;padding-right: 0px !important;padding-left: 0px !important;}&#8221;][vc_row_inner][vc_column_inner css=&#8221;.vc_custom_1450334014535{margin-bottom: -30px !important;padding-right: 0px !important;padding-left: 0px !important;}&#8221;][vc_widget_sidebar sidebar_id=&#8221;generated_sidebar-cagri-hizmetleri-ust-menu&#8221;][\/vc_column_inner][\/vc_row_inner][vc_column_text el_class=&#8221;menu-basligi&#8221; css=&#8221;.vc_custom_1536672008968{margin-top: 10px !important;padding-top: 10px !important;}&#8221;]Ders \u0130\u00e7erikleri[\/vc_column_text][vc_row_inner css=&#8221;.vc_custom_1443422679302{margin-top: 20px !important;margin-right: 0px !important;margin-bottom: 0px !important;margin-left: 0px !important;border-right-width: 0px !important;border-bottom-width: 0px !important;border-left-width: 0px !important;padding-right: 0px !important;padding-bottom: 0px !important;padding-left: 0px !important;}&#8221;][vc_column_inner css=&#8221;.vc_custom_1443422606574{margin-top: 5px !important;margin-right: 0px !important;margin-bottom: 0px !important;margin-left: 0px !important;border-top-width: 0px !important;border-right-width: 0px !important;border-bottom-width: 0px !important;border-left-width: 0px !important;padding-top: 0px !important;padding-right: 0px !important;padding-bottom: 0px !important;padding-left: 0px !important;}&#8221;][vc_column_text el_class=&#8221;menu-basligi&#8221; css=&#8221;.vc_custom_1536671984399{margin-top: -24px !important;}&#8221;]1. SINIF G\u00dcZ YARIYILI[\/vc_column_text][vc_column_text el_class=&#8221;ders-tablosu&#8221; css=&#8221;.vc_custom_1776155080457{margin-top: 5px !important;}&#8221;] Kodu Ders Ad\u0131 D+U+L Z\/S \u00d6\u011fretim \u00dcyesi A\u00c7M101 Genel \u0130\u015fletme 3+0+3 Zorunlu \u00d6\u011fr. G\u00f6r. Sel\u00e7uk KAHVEC\u0130 A\u00c7M103 Temel Hukuk 3+0+3 Zorunlu \u00d6\u011fr. G\u00f6r. O\u011fuzhan KURU A\u00c7M121 \u00c7a\u011fr\u0131 Merkezi Y\u00f6netimi -I 3+0+3 Zorunlu \u00d6\u011fr. G\u00f6r. Segah YE\u015e\u0130LYURT A\u00c7M107 Matematik (Ortak) 2+0+2 Zorunlu Prof. Dr. \u015eenol EREN A\u00c7M133 Protokol Ve G\u00f6rg\u00fc Kurallar\u0131 2+0+2 Zorunlu Prof. Dr. K\u00fcr\u015fat DEM\u0130RY\u00dcREK A\u00c7M131 Ofis Programlar\u0131 -I 2+0+2 Zorunlu \u00d6\u011fr. G\u00f6r. Muhammed KARA A\u00c7M125 \u0130leti\u015fim 2+0+2 Zorunlu \u00d6\u011fr. G\u00f6r. Sevda YAL\u00c7IN AT\u0130101 Atat\u00fcrk \u0130lkeleri ve \u0130nk\u0131lap Tarihi -I 2+0+2 Zorunlu \u00d6\u011fr. G\u00f6r. Dr. Ercan YAL\u00c7IN TD\u0130101 T\u00fcrk Dili -I- 2+0+2 Zorunlu \u00d6\u011fr. G\u00f6r. Efsun Kevser KAYA YD\u0130101 Yabanc\u0131 Dil -I- (\u0130ngilizce) 2+0+2 Zorunlu \u00d6\u011fr. G\u00f6r. Havva Nur YE\u015e\u0130LDA\u011e A\u00c7M119 Telefonla \u0130leti\u015fim\u00a0ve Tele Sat\u0131\u015f 3+0+3 Zorunlu \u00d6\u011fr. G\u00f6r. Cemile AVCI AKAN [\/vc_column_text][vc_column_text el_class=&#8221;menu-basligi&#8221; css=&#8221;.vc_custom_1536672770401{margin-bottom: 5px !important;}&#8221;]1. SINIF BAHAR YARIYILI[\/vc_column_text][vc_column_text el_class=&#8221;ders-tablosu&#8221;] Kodu Ders Ad\u0131 D+U+L Z\/S \u00d6\u011fretim \u00dcyesi A\u00c7M102 Pazarlama \u0130lkeleri 3+0+3 Zorunlu \u00d6\u011fr. G\u00f6r. Tansu \u00d6ZBAYSAL A\u00c7M104 M\u00fc\u015fteri \u0130li\u015fkileri Y\u00f6netimi 3+0+3 Zorunlu \u00d6\u011fr. G\u00f6r. Cemile AVCI AKAN A\u00c7M106 \u00c7a\u011fr\u0131 Merkezi [&hellip;]<\/p>\n","protected":false},"author":5,"featured_media":0,"parent":0,"menu_order":0,"comment_status":"closed","ping_status":"closed","template":"","meta":[],"translation":{"provider":"WPGlobus","version":"2.12.2","language":"en","enabled_languages":["tr","en"],"languages":{"tr":{"title":true,"content":true,"excerpt":false},"en":{"title":false,"content":false,"excerpt":false}}},"yoast_head":"<!-- This site is optimized with the Yoast SEO plugin v17.4 - https:\/\/yoast.com\/wordpress\/plugins\/seo\/ -->\n<meta name=\"robots\" content=\"index, follow, max-snippet:-1, max-image-preview:large, max-video-preview:-1\" \/>\n<link rel=\"canonical\" href=\"https:\/\/uzem.omu.edu.tr\/cagri-hizmetleri-ders-icerikleri\/\" \/>\n<meta property=\"og:locale\" content=\"en_US\" \/>\n<meta property=\"og:type\" content=\"article\" \/>\n<meta property=\"og:title\" content=\"\u00c7a\u011fr\u0131 Merkezi Hizmetleri | Ders \u0130\u00e7erikleri - OM\u00dc Uzaktan E\u011fitim Merkezi\" \/>\n<meta property=\"og:url\" content=\"https:\/\/uzem.omu.edu.tr\/cagri-hizmetleri-ders-icerikleri\/\" \/>\n<meta property=\"og:site_name\" content=\"OM\u00dc Uzaktan E\u011fitim Merkezi\" \/>\n<meta property=\"article:publisher\" content=\"https:\/\/www.facebook.com\/omu.uzem\" \/>\n<meta property=\"article:modified_time\" content=\"2026-04-14T08:27:17+00:00\" \/>\n<meta name=\"twitter:card\" content=\"summary_large_image\" \/>\n<meta name=\"twitter:site\" content=\"@omuuzem\" \/>\n<meta name=\"twitter:label1\" content=\"Est. reading time\" \/>\n\t<meta name=\"twitter:data1\" content=\"3 minutes\" \/>\n<script type=\"application\/ld+json\" class=\"yoast-schema-graph\">{\"@context\":\"https:\/\/schema.org\",\"@graph\":[{\"@type\":\"Organization\",\"@id\":\"https:\/\/uzem.omu.edu.tr\/#organization\",\"name\":\"UZEM\",\"url\":\"https:\/\/uzem.omu.edu.tr\/\",\"sameAs\":[\"https:\/\/www.facebook.com\/omu.uzem\",\"https:\/\/www.instagram.com\/omu.uzem\/\",\"https:\/\/www.youtube.com\/channel\/UCQ6c_wjaGQcIvBKTbPrOe2A\",\"https:\/\/twitter.com\/omuuzem\"],\"logo\":{\"@type\":\"ImageObject\",\"@id\":\"https:\/\/uzem.omu.edu.tr\/#logo\",\"inLanguage\":\"en-US\",\"url\":\"https:\/\/uzem.omu.edu.tr\/wp-content\/uploads\/ulogo-1.png\",\"contentUrl\":\"https:\/\/uzem.omu.edu.tr\/wp-content\/uploads\/ulogo-1.png\",\"width\":364,\"height\":39,\"caption\":\"UZEM\"},\"image\":{\"@id\":\"https:\/\/uzem.omu.edu.tr\/#logo\"}},{\"@type\":\"WebSite\",\"@id\":\"https:\/\/uzem.omu.edu.tr\/#website\",\"url\":\"https:\/\/uzem.omu.edu.tr\/\",\"name\":\"OM\\u00dc Uzaktan E\\u011fitim Merkezi\",\"description\":\"&quot;F\\u0131rsatlar Sunar&quot;\",\"publisher\":{\"@id\":\"https:\/\/uzem.omu.edu.tr\/#organization\"},\"potentialAction\":[{\"@type\":\"SearchAction\",\"target\":{\"@type\":\"EntryPoint\",\"urlTemplate\":\"https:\/\/uzem.omu.edu.tr\/?s={search_term_string}\"},\"query-input\":\"required name=search_term_string\"}],\"inLanguage\":\"en-US\"},{\"@type\":\"WebPage\",\"@id\":\"https:\/\/uzem.omu.edu.tr\/cagri-hizmetleri-ders-icerikleri\/#webpage\",\"url\":\"https:\/\/uzem.omu.edu.tr\/cagri-hizmetleri-ders-icerikleri\/\",\"name\":\"\\u00c7a\\u011fr\\u0131 Merkezi Hizmetleri | Ders \\u0130\\u00e7erikleri - OM\\u00dc Uzaktan E\\u011fitim Merkezi\",\"isPartOf\":{\"@id\":\"https:\/\/uzem.omu.edu.tr\/#website\"},\"datePublished\":\"2015-07-09T10:50:44+00:00\",\"dateModified\":\"2026-04-14T08:27:17+00:00\",\"breadcrumb\":{\"@id\":\"https:\/\/uzem.omu.edu.tr\/cagri-hizmetleri-ders-icerikleri\/#breadcrumb\"},\"inLanguage\":\"en-US\",\"potentialAction\":[{\"@type\":\"ReadAction\",\"target\":[\"https:\/\/uzem.omu.edu.tr\/cagri-hizmetleri-ders-icerikleri\/\"]}]},{\"@type\":\"BreadcrumbList\",\"@id\":\"https:\/\/uzem.omu.edu.tr\/cagri-hizmetleri-ders-icerikleri\/#breadcrumb\",\"itemListElement\":[{\"@type\":\"ListItem\",\"position\":1,\"name\":\"Home\",\"item\":\"https:\/\/uzem.omu.edu.tr\/\"},{\"@type\":\"ListItem\",\"position\":2,\"name\":\"\\u00c7a\\u011fr\\u0131 Merkezi Hizmetleri | Ders \\u0130\\u00e7erikleri\"}]}]}<\/script>\n<!-- \/ Yoast SEO plugin. -->","yoast_head_json":{"robots":{"index":"index","follow":"follow","max-snippet":"max-snippet:-1","max-image-preview":"max-image-preview:large","max-video-preview":"max-video-preview:-1"},"canonical":"https:\/\/uzem.omu.edu.tr\/cagri-hizmetleri-ders-icerikleri\/","og_locale":"en_US","og_type":"article","og_title":"\u00c7a\u011fr\u0131 Merkezi Hizmetleri | Ders \u0130\u00e7erikleri - OM\u00dc Uzaktan E\u011fitim Merkezi","og_url":"https:\/\/uzem.omu.edu.tr\/cagri-hizmetleri-ders-icerikleri\/","og_site_name":"OM\u00dc Uzaktan E\u011fitim Merkezi","article_publisher":"https:\/\/www.facebook.com\/omu.uzem","article_modified_time":"2026-04-14T08:27:17+00:00","twitter_card":"summary_large_image","twitter_site":"@omuuzem","twitter_misc":{"Est. reading time":"3 minutes"},"schema":{"@context":"https:\/\/schema.org","@graph":[{"@type":"Organization","@id":"https:\/\/uzem.omu.edu.tr\/#organization","name":"UZEM","url":"https:\/\/uzem.omu.edu.tr\/","sameAs":["https:\/\/www.facebook.com\/omu.uzem","https:\/\/www.instagram.com\/omu.uzem\/","https:\/\/www.youtube.com\/channel\/UCQ6c_wjaGQcIvBKTbPrOe2A","https:\/\/twitter.com\/omuuzem"],"logo":{"@type":"ImageObject","@id":"https:\/\/uzem.omu.edu.tr\/#logo","inLanguage":"en-US","url":"https:\/\/uzem.omu.edu.tr\/wp-content\/uploads\/ulogo-1.png","contentUrl":"https:\/\/uzem.omu.edu.tr\/wp-content\/uploads\/ulogo-1.png","width":364,"height":39,"caption":"UZEM"},"image":{"@id":"https:\/\/uzem.omu.edu.tr\/#logo"}},{"@type":"WebSite","@id":"https:\/\/uzem.omu.edu.tr\/#website","url":"https:\/\/uzem.omu.edu.tr\/","name":"OM\u00dc Uzaktan E\u011fitim Merkezi","description":"&quot;F\u0131rsatlar Sunar&quot;","publisher":{"@id":"https:\/\/uzem.omu.edu.tr\/#organization"},"potentialAction":[{"@type":"SearchAction","target":{"@type":"EntryPoint","urlTemplate":"https:\/\/uzem.omu.edu.tr\/?s={search_term_string}"},"query-input":"required name=search_term_string"}],"inLanguage":"en-US"},{"@type":"WebPage","@id":"https:\/\/uzem.omu.edu.tr\/cagri-hizmetleri-ders-icerikleri\/#webpage","url":"https:\/\/uzem.omu.edu.tr\/cagri-hizmetleri-ders-icerikleri\/","name":"\u00c7a\u011fr\u0131 Merkezi Hizmetleri | Ders \u0130\u00e7erikleri - OM\u00dc Uzaktan E\u011fitim Merkezi","isPartOf":{"@id":"https:\/\/uzem.omu.edu.tr\/#website"},"datePublished":"2015-07-09T10:50:44+00:00","dateModified":"2026-04-14T08:27:17+00:00","breadcrumb":{"@id":"https:\/\/uzem.omu.edu.tr\/cagri-hizmetleri-ders-icerikleri\/#breadcrumb"},"inLanguage":"en-US","potentialAction":[{"@type":"ReadAction","target":["https:\/\/uzem.omu.edu.tr\/cagri-hizmetleri-ders-icerikleri\/"]}]},{"@type":"BreadcrumbList","@id":"https:\/\/uzem.omu.edu.tr\/cagri-hizmetleri-ders-icerikleri\/#breadcrumb","itemListElement":[{"@type":"ListItem","position":1,"name":"Home","item":"https:\/\/uzem.omu.edu.tr\/"},{"@type":"ListItem","position":2,"name":"\u00c7a\u011fr\u0131 Merkezi Hizmetleri | Ders \u0130\u00e7erikleri"}]}]}},"_links":{"self":[{"href":"https:\/\/uzem.omu.edu.tr\/en\/wp-json\/wp\/v2\/pages\/5516"}],"collection":[{"href":"https:\/\/uzem.omu.edu.tr\/en\/wp-json\/wp\/v2\/pages"}],"about":[{"href":"https:\/\/uzem.omu.edu.tr\/en\/wp-json\/wp\/v2\/types\/page"}],"author":[{"embeddable":true,"href":"https:\/\/uzem.omu.edu.tr\/en\/wp-json\/wp\/v2\/users\/5"}],"replies":[{"embeddable":true,"href":"https:\/\/uzem.omu.edu.tr\/en\/wp-json\/wp\/v2\/comments?post=5516"}],"version-history":[{"count":16,"href":"https:\/\/uzem.omu.edu.tr\/en\/wp-json\/wp\/v2\/pages\/5516\/revisions"}],"predecessor-version":[{"id":27529,"href":"https:\/\/uzem.omu.edu.tr\/en\/wp-json\/wp\/v2\/pages\/5516\/revisions\/27529"}],"wp:attachment":[{"href":"https:\/\/uzem.omu.edu.tr\/en\/wp-json\/wp\/v2\/media?parent=5516"}],"curies":[{"name":"wp","href":"https:\/\/api.w.org\/{rel}","templated":true}]}}