{"id":5285,"date":"2015-07-13T16:04:17","date_gmt":"2015-07-13T13:04:17","guid":{"rendered":"https:\/\/uzem.omu.edu.tr\/?page_id=5285"},"modified":"2018-06-25T17:10:28","modified_gmt":"2018-06-25T14:10:28","slug":"uzem-akademi-hakkinda","status":"publish","type":"page","link":"https:\/\/uzem.omu.edu.tr\/en\/uzem-akademi-hakkinda\/","title":{"rendered":"UZEM Akademi | Hakk\u0131nda"},"content":{"rendered":"<p>[vc_row css=&#8221;.vc_custom_1529935768246{margin-top: -5px !important;margin-bottom: 40px !important;}&#8221;][vc_column width=&#8221;1\/6&#8243; css=&#8221;.vc_custom_1435924378746{margin-top: 0px !important;margin-bottom: 0px !important;padding-right: 0px !important;padding-left: 0px !important;}&#8221;][vc_button2 title=&#8221;Hakk\u0131nda&#8221; align=&#8221;center&#8221; style=&#8221;square&#8221; size=&#8221;lg&#8221; el_class=&#8221;b1&#8243; link=&#8221;url:%2Fuzem-akademi-hakkinda%2F|title:UZEM%20Akademi%20%7C%20Hakk%C4%B1nda|&#8221;][\/vc_column][vc_column width=&#8221;1\/6&#8243; css=&#8221;.vc_custom_1435924388745{margin-top: 0px !important;margin-bottom: 0px !important;padding-right: 0px !important;padding-left: 0px !important;}&#8221;][vc_button2 title=&#8221;Program&#8221; align=&#8221;center&#8221; style=&#8221;square&#8221; color=&#8221;sky&#8221; size=&#8221;lg&#8221; el_class=&#8221;b2&#8243; link=&#8221;url:%2Fuzem-akademi-program%2F|title:UZEM%20Akademi%20%7C%20Program|&#8221;][\/vc_column][vc_column width=&#8221;1\/6&#8243; css=&#8221;.vc_custom_1435924395312{margin-top: 0px !important;margin-bottom: 0px !important;padding-right: 0px !important;padding-left: 0px !important;}&#8221;][vc_button2 title=&#8221;E\u011fitmenler&#8221; align=&#8221;center&#8221; style=&#8221;square&#8221; color=&#8221;turquoise&#8221; size=&#8221;lg&#8221; el_class=&#8221;b3&#8243; link=&#8221;url:%2Fuzem-akademi-egitmenler%2F|title:UZEM%20Akademi%20%7C%20E%C4%9Fitmenler|&#8221;][\/vc_column][vc_column width=&#8221;1\/6&#8243; css=&#8221;.vc_custom_1435924401065{margin-top: 0px !important;margin-bottom: 0px !important;padding-right: 0px !important;padding-left: 0px !important;}&#8221;][vc_button2 title=&#8221;\u00dccreti&#8221; align=&#8221;center&#8221; style=&#8221;square&#8221; color=&#8221;vista_blue&#8221; size=&#8221;lg&#8221; el_class=&#8221;b4&#8243; link=&#8221;url:%2Fuzem-akademi-ucreti%2F|title:UZEM%20Akademi%20%7C%20%C3%9Ccreti|&#8221;][\/vc_column][vc_column width=&#8221;1\/6&#8243; css=&#8221;.vc_custom_1435924411985{margin-top: 0px !important;margin-bottom: 0px !important;padding-right: 0px !important;padding-left: 0px !important;}&#8221;][vc_button2 title=&#8221;Sponsorlar&#8221; align=&#8221;center&#8221; style=&#8221;square&#8221; color=&#8221;sandy_brown&#8221; size=&#8221;lg&#8221; el_class=&#8221;b5&#8243; link=&#8221;url:%2Fuzem-akademi-sponsorlar%2F|title:UZEM%20Akademi%20%7C%20Sponsorlar|&#8221;][\/vc_column][vc_column width=&#8221;1\/6&#8243; css=&#8221;.vc_custom_1435924420234{margin-top: 0px !important;margin-bottom: 0px !important;padding-right: 0px !important;padding-left: 0px !important;}&#8221;][vc_button2 title=&#8221;\u0130leti\u015fim&#8221; align=&#8221;center&#8221; style=&#8221;square&#8221; color=&#8221;orange&#8221; size=&#8221;lg&#8221; el_class=&#8221;b6&#8243; link=&#8221;url:%2Fuzem-akademi-iletisim%2F|title:UZEM%20Akademi%20%7C%20%C4%B0leti%C5%9Fim|&#8221;][\/vc_column][\/vc_row][vc_row][vc_column][\/vc_column][\/vc_row][vc_row css=&#8221;.vc_custom_1529935789308{margin-top: 20px !important;margin-left: 0px !important;padding-left: 0px !important;}&#8221;][vc_column width=&#8221;3\/4&#8243; css=&#8221;.vc_custom_1441611127821{margin-top: -25px !important;margin-bottom: -40px !important;padding-right: 0px !important;padding-left: 0px !important;}&#8221;]<div class=\"cq-tabs \" style=\"width:\" data-tabsstyle=\"style2\" data-titlebg=\"#00c1cf\" data-titlecolor=\"#ffffff\" data-titlehoverbg=\"#f2f2f2\" data-titlehovercolor=\"#c41435\" data-rotatetabs=\"0\"><ul class=\"cq-tabmenu style2\"><\/ul><div class=\"cq-tabcontent style2\" style=\"background:#f2f2f2;\">[tabitem]<br \/>\n<img loading=\"lazy\" class=\" wp-image-5749 aligncenter\" src=\"\/wp-content\/uploads\/code.jpg\" alt=\"code\" width=\"850\" height=\"200\" srcset=\"https:\/\/uzem.omu.edu.tr\/wp-content\/uploads\/code.jpg 850w, https:\/\/uzem.omu.edu.tr\/wp-content\/uploads\/code-300x71.jpg 300w, https:\/\/uzem.omu.edu.tr\/wp-content\/uploads\/code-783x184.jpg 783w, https:\/\/uzem.omu.edu.tr\/wp-content\/uploads\/code-575x135.jpg 575w\" sizes=\"(max-width: 850px) 100vw, 850px\" \/><\/p>\n<p><strong style=\"color: #c41435; font-size: 18px;\">Bu Kamptan Neler Bekleyebiliriz?<\/strong><\/p>\n<p>Yaz\u0131l\u0131m kamp\u0131 teknoloji d\u00fcnyas\u0131na ilgi duyan merakl\u0131lar\u0131 bir araya toplamay\u0131 ama\u00e7lad\u0131\u011f\u0131m\u0131z bir etkinliktir. B\u00f6yle bir etkinli\u011fin e\u011fitimden \u00e7ok daha fazlas\u0131 oldu\u011funa inan\u0131yoruz.<\/p>\n<p>UZEM Yaz\u0131l\u0131m Kamp\u0131&#8217;n\u0131n bu y\u0131l ikincisini d\u00fczenledik. Bu kamp\u0131 e\u011fitim ve yaz\u0131l\u0131m d\u00fcnyas\u0131na katk\u0131da bulunacak bir sorumluluk projesi olarak g\u00f6rmekteyiz.<\/p>\n<p>UZEM Yaz\u0131l\u0131m Kamp\u0131&#8217;na kat\u0131lan ki\u015filer birebir \u00e7al\u0131\u015fanlarla etkile\u015fim halinde olarak i\u015fi yerinde \u00f6\u011frenme imkan\u0131na sahiptir.<br \/>\n[\/tabitem]<br \/>\n[tabitem]<br \/>\n<img loading=\"lazy\" class=\" wp-image-5750 aligncenter\" src=\"\/wp-content\/uploads\/amac.jpg\" alt=\"\" width=\"850\" height=\"200\" srcset=\"https:\/\/uzem.omu.edu.tr\/wp-content\/uploads\/amac.jpg 850w, https:\/\/uzem.omu.edu.tr\/wp-content\/uploads\/amac-300x71.jpg 300w, https:\/\/uzem.omu.edu.tr\/wp-content\/uploads\/amac-783x184.jpg 783w, https:\/\/uzem.omu.edu.tr\/wp-content\/uploads\/amac-575x135.jpg 575w\" sizes=\"(max-width: 850px) 100vw, 850px\" \/><\/p>\n<p><i class=\"fa fa-check-square-o\" style=\"color: #c41435;\"><\/i> Ondokuz May\u0131s \u00dcniversitesi\u2019nde ileti\u015fim ve bilgi teknolojilerine dayal\u0131 \u00f6\u011fretim faaliyetlerinin verimli ve etkin bir \u015fekilde y\u00fcr\u00fct\u00fclmesini sa\u011flamak<\/p>\n<p><i class=\"fa fa-check-square-o\" style=\"color: #c41435;\"><\/i> Uzaktan e\u011fitim ile ilgili ara\u015ft\u0131rma-geli\u015ftirme ve uygulama \u00e7al\u0131\u015fmalar\u0131 yapmak. UZEM e\u011fitimde modern ileti\u015fim ve bilgi teknolojilerinden yararlanmay\u0131 m\u00fcmk\u00fcn k\u0131lmakta, \u00f6rg\u00fcn e\u011fitim modelinde \u00e7e\u015fitli sebeplerle yararlan\u0131lamayan metot ve y\u00f6ntemlerin e\u011fitimde kullan\u0131lmas\u0131n\u0131 sa\u011flar.<\/p>\n<p><i class=\"fa fa-check-square-o\" style=\"color: #c41435;\"><\/i> Uzaktan e\u011fitim sistemlerinin geli\u015ftirilmesine katk\u0131da bulunmak<br \/>\n[\/tabitem]<br \/>\n[tabitem]<br \/>\n<img loading=\"lazy\" class=\"wp-image-5753 aligncenter\" src=\"\/wp-content\/uploads\/motivasyonumuz.jpg\" alt=\"\" width=\"850\" height=\"200\" srcset=\"https:\/\/uzem.omu.edu.tr\/wp-content\/uploads\/motivasyonumuz.jpg 850w, https:\/\/uzem.omu.edu.tr\/wp-content\/uploads\/motivasyonumuz-300x71.jpg 300w, https:\/\/uzem.omu.edu.tr\/wp-content\/uploads\/motivasyonumuz-783x184.jpg 783w, https:\/\/uzem.omu.edu.tr\/wp-content\/uploads\/motivasyonumuz-575x135.jpg 575w\" sizes=\"(max-width: 850px) 100vw, 850px\" \/><\/p>\n<p><a href=\"\/kadromuz\/\">UZEM Sistem Y\u00f6netimi Birimi<\/a> olarak hayat\u0131m\u0131z\u0131 yaz\u0131l\u0131mla ge\u00e7irmekten keyif alan bir ekibiz! Bulundu\u011fumuz sekt\u00f6rde de kaliteli i\u015f yapmak i\u00e7in yaz\u0131l\u0131mc\u0131lar\u0131n s\u00fcrekli kendilerini geli\u015ftirmesi gerekti\u011fine inan\u0131yoruz.<\/p>\n<p>Ondokuz May\u0131s \u00dcniversitesi b\u00fcnyesinde faaliyet g\u00f6steren merkezimiz; kurulu\u015fundan bu yana i\u015fini severek yapan ekibiyle d\u00fcnyada ula\u015fabildi\u011fi her noktaya ula\u015ft\u0131 ve e\u011fitim imkan\u0131 sundu. Bir\u00e7ok farkl\u0131 bran\u015fta sertifika ve e\u011fitimler verdi. K\u0131sa bir zaman diliminde uzaktan e\u011fitimde bir marka haline geldi.<\/p>\n<p>Ekibimizi b\u00fcy\u00fcterek geli\u015fen teknoloji \u0131\u015f\u0131\u011f\u0131nda daha b\u00fcy\u00fck ve daha g\u00fczel projelere imza atmay\u0131 hedefledik.<br \/>\n[\/tabitem]<\/div><\/div>[\/vc_column][vc_column width=&#8221;1\/4&#8243; css=&#8221;.vc_custom_1441611135045{margin-top: -25px !important;padding-right: 0px !important;}&#8221;][vc_widget_sidebar sidebar_id=&#8221;generated_sidebar-uzem-akademi&#8221;][\/vc_column][\/vc_row]<\/p>\n","protected":false},"excerpt":{"rendered":"<p>[vc_row css=&#8221;.vc_custom_1529935768246{margin-top: -5px !important;margin-bottom: 40px !important;}&#8221;][vc_column width=&#8221;1\/6&#8243; css=&#8221;.vc_custom_1435924378746{margin-top: 0px !important;margin-bottom: 0px !important;padding-right: 0px !important;padding-left: 0px !important;}&#8221;][vc_button2 title=&#8221;Hakk\u0131nda&#8221; align=&#8221;center&#8221; style=&#8221;square&#8221; size=&#8221;lg&#8221; el_class=&#8221;b1&#8243; link=&#8221;url:%2Fuzem-akademi-hakkinda%2F|title:UZEM%20Akademi%20%7C%20Hakk%C4%B1nda|&#8221;][\/vc_column][vc_column width=&#8221;1\/6&#8243; css=&#8221;.vc_custom_1435924388745{margin-top: 0px !important;margin-bottom: 0px !important;padding-right: 0px !important;padding-left: 0px !important;}&#8221;][vc_button2 title=&#8221;Program&#8221; align=&#8221;center&#8221; style=&#8221;square&#8221; color=&#8221;sky&#8221; size=&#8221;lg&#8221; el_class=&#8221;b2&#8243; link=&#8221;url:%2Fuzem-akademi-program%2F|title:UZEM%20Akademi%20%7C%20Program|&#8221;][\/vc_column][vc_column width=&#8221;1\/6&#8243; css=&#8221;.vc_custom_1435924395312{margin-top: 0px !important;margin-bottom: 0px !important;padding-right: 0px !important;padding-left: 0px !important;}&#8221;][vc_button2 title=&#8221;E\u011fitmenler&#8221; align=&#8221;center&#8221; style=&#8221;square&#8221; color=&#8221;turquoise&#8221; size=&#8221;lg&#8221; el_class=&#8221;b3&#8243; link=&#8221;url:%2Fuzem-akademi-egitmenler%2F|title:UZEM%20Akademi%20%7C%20E%C4%9Fitmenler|&#8221;][\/vc_column][vc_column width=&#8221;1\/6&#8243; css=&#8221;.vc_custom_1435924401065{margin-top: 0px !important;margin-bottom: 0px !important;padding-right: 0px !important;padding-left: 0px !important;}&#8221;][vc_button2 title=&#8221;\u00dccreti&#8221; align=&#8221;center&#8221; style=&#8221;square&#8221; color=&#8221;vista_blue&#8221; size=&#8221;lg&#8221; el_class=&#8221;b4&#8243; link=&#8221;url:%2Fuzem-akademi-ucreti%2F|title:UZEM%20Akademi%20%7C%20%C3%9Ccreti|&#8221;][\/vc_column][vc_column width=&#8221;1\/6&#8243; css=&#8221;.vc_custom_1435924411985{margin-top: 0px !important;margin-bottom: 0px !important;padding-right: 0px !important;padding-left: 0px !important;}&#8221;][vc_button2 title=&#8221;Sponsorlar&#8221; align=&#8221;center&#8221; style=&#8221;square&#8221; color=&#8221;sandy_brown&#8221; size=&#8221;lg&#8221; el_class=&#8221;b5&#8243; link=&#8221;url:%2Fuzem-akademi-sponsorlar%2F|title:UZEM%20Akademi%20%7C%20Sponsorlar|&#8221;][\/vc_column][vc_column width=&#8221;1\/6&#8243; css=&#8221;.vc_custom_1435924420234{margin-top: 0px !important;margin-bottom: 0px !important;padding-right: 0px !important;padding-left: 0px !important;}&#8221;][vc_button2 title=&#8221;\u0130leti\u015fim&#8221; align=&#8221;center&#8221; style=&#8221;square&#8221; color=&#8221;orange&#8221; size=&#8221;lg&#8221; el_class=&#8221;b6&#8243; link=&#8221;url:%2Fuzem-akademi-iletisim%2F|title:UZEM%20Akademi%20%7C%20%C4%B0leti%C5%9Fim|&#8221;][\/vc_column][\/vc_row][vc_row][vc_column][\/vc_column][\/vc_row][vc_row css=&#8221;.vc_custom_1529935789308{margin-top: 20px !important;margin-left: 0px !important;padding-left: 0px !important;}&#8221;][vc_column width=&#8221;3\/4&#8243; css=&#8221;.vc_custom_1441611127821{margin-top: -25px !important;margin-bottom: -40px !important;padding-right: 0px !important;padding-left: 0px !important;}&#8221;][\/vc_column][vc_column width=&#8221;1\/4&#8243; css=&#8221;.vc_custom_1441611135045{margin-top: -25px !important;padding-right: 0px !important;}&#8221;][vc_widget_sidebar sidebar_id=&#8221;generated_sidebar-uzem-akademi&#8221;][\/vc_column][\/vc_row]<\/p>\n","protected":false},"author":5,"featured_media":0,"parent":0,"menu_order":0,"comment_status":"closed","ping_status":"closed","template":"","meta":[],"translation":{"provider":"WPGlobus","version":"2.12.2","language":"en","enabled_languages":["tr","en"],"languages":{"tr":{"title":true,"content":true,"excerpt":false},"en":{"title":false,"content":false,"excerpt":false}}},"yoast_head":"<!-- This site is optimized with the Yoast SEO plugin v17.4 - https:\/\/yoast.com\/wordpress\/plugins\/seo\/ -->\n<meta name=\"robots\" content=\"index, follow, max-snippet:-1, max-image-preview:large, max-video-preview:-1\" \/>\n<link rel=\"canonical\" href=\"https:\/\/uzem.omu.edu.tr\/uzem-akademi-hakkinda\/\" \/>\n<meta property=\"og:locale\" content=\"en_US\" \/>\n<meta property=\"og:type\" content=\"article\" \/>\n<meta property=\"og:title\" content=\"UZEM Akademi | Hakk\u0131nda - OM\u00dc Uzaktan E\u011fitim Merkezi\" \/>\n<meta property=\"og:url\" content=\"https:\/\/uzem.omu.edu.tr\/uzem-akademi-hakkinda\/\" \/>\n<meta property=\"og:site_name\" content=\"OM\u00dc Uzaktan E\u011fitim Merkezi\" \/>\n<meta property=\"article:publisher\" content=\"https:\/\/www.facebook.com\/omu.uzem\" \/>\n<meta property=\"article:modified_time\" content=\"2018-06-25T14:10:28+00:00\" \/>\n<meta property=\"og:image\" content=\"https:\/\/uzem.omu.edu.tr\/wp-content\/uploads\/code.jpg\" \/>\n<meta name=\"twitter:card\" content=\"summary_large_image\" \/>\n<meta name=\"twitter:site\" content=\"@omuuzem\" \/>\n<meta name=\"twitter:label1\" content=\"Est. reading time\" \/>\n\t<meta name=\"twitter:data1\" content=\"4 minutes\" \/>\n<script type=\"application\/ld+json\" class=\"yoast-schema-graph\">{\"@context\":\"https:\/\/schema.org\",\"@graph\":[{\"@type\":\"Organization\",\"@id\":\"https:\/\/uzem.omu.edu.tr\/#organization\",\"name\":\"UZEM\",\"url\":\"https:\/\/uzem.omu.edu.tr\/\",\"sameAs\":[\"https:\/\/www.facebook.com\/omu.uzem\",\"https:\/\/www.instagram.com\/omu.uzem\/\",\"https:\/\/www.youtube.com\/channel\/UCQ6c_wjaGQcIvBKTbPrOe2A\",\"https:\/\/twitter.com\/omuuzem\"],\"logo\":{\"@type\":\"ImageObject\",\"@id\":\"https:\/\/uzem.omu.edu.tr\/#logo\",\"inLanguage\":\"en-US\",\"url\":\"https:\/\/uzem.omu.edu.tr\/wp-content\/uploads\/ulogo-1.png\",\"contentUrl\":\"https:\/\/uzem.omu.edu.tr\/wp-content\/uploads\/ulogo-1.png\",\"width\":364,\"height\":39,\"caption\":\"UZEM\"},\"image\":{\"@id\":\"https:\/\/uzem.omu.edu.tr\/#logo\"}},{\"@type\":\"WebSite\",\"@id\":\"https:\/\/uzem.omu.edu.tr\/#website\",\"url\":\"https:\/\/uzem.omu.edu.tr\/\",\"name\":\"OM\\u00dc Uzaktan E\\u011fitim Merkezi\",\"description\":\"&quot;F\\u0131rsatlar Sunar&quot;\",\"publisher\":{\"@id\":\"https:\/\/uzem.omu.edu.tr\/#organization\"},\"potentialAction\":[{\"@type\":\"SearchAction\",\"target\":{\"@type\":\"EntryPoint\",\"urlTemplate\":\"https:\/\/uzem.omu.edu.tr\/?s={search_term_string}\"},\"query-input\":\"required name=search_term_string\"}],\"inLanguage\":\"en-US\"},{\"@type\":\"ImageObject\",\"@id\":\"https:\/\/uzem.omu.edu.tr\/uzem-akademi-hakkinda\/#primaryimage\",\"inLanguage\":\"en-US\",\"url\":\"\/wp-content\/uploads\/code.jpg\",\"contentUrl\":\"\/wp-content\/uploads\/code.jpg\"},{\"@type\":\"WebPage\",\"@id\":\"https:\/\/uzem.omu.edu.tr\/uzem-akademi-hakkinda\/#webpage\",\"url\":\"https:\/\/uzem.omu.edu.tr\/uzem-akademi-hakkinda\/\",\"name\":\"UZEM Akademi | Hakk\\u0131nda - OM\\u00dc Uzaktan E\\u011fitim Merkezi\",\"isPartOf\":{\"@id\":\"https:\/\/uzem.omu.edu.tr\/#website\"},\"primaryImageOfPage\":{\"@id\":\"https:\/\/uzem.omu.edu.tr\/uzem-akademi-hakkinda\/#primaryimage\"},\"datePublished\":\"2015-07-13T13:04:17+00:00\",\"dateModified\":\"2018-06-25T14:10:28+00:00\",\"breadcrumb\":{\"@id\":\"https:\/\/uzem.omu.edu.tr\/uzem-akademi-hakkinda\/#breadcrumb\"},\"inLanguage\":\"en-US\",\"potentialAction\":[{\"@type\":\"ReadAction\",\"target\":[\"https:\/\/uzem.omu.edu.tr\/uzem-akademi-hakkinda\/\"]}]},{\"@type\":\"BreadcrumbList\",\"@id\":\"https:\/\/uzem.omu.edu.tr\/uzem-akademi-hakkinda\/#breadcrumb\",\"itemListElement\":[{\"@type\":\"ListItem\",\"position\":1,\"name\":\"Home\",\"item\":\"https:\/\/uzem.omu.edu.tr\/\"},{\"@type\":\"ListItem\",\"position\":2,\"name\":\"UZEM Akademi | Hakk\\u0131nda\"}]}]}<\/script>\n<!-- \/ Yoast SEO plugin. -->","yoast_head_json":{"robots":{"index":"index","follow":"follow","max-snippet":"max-snippet:-1","max-image-preview":"max-image-preview:large","max-video-preview":"max-video-preview:-1"},"canonical":"https:\/\/uzem.omu.edu.tr\/uzem-akademi-hakkinda\/","og_locale":"en_US","og_type":"article","og_title":"UZEM Akademi | Hakk\u0131nda - OM\u00dc Uzaktan E\u011fitim Merkezi","og_url":"https:\/\/uzem.omu.edu.tr\/uzem-akademi-hakkinda\/","og_site_name":"OM\u00dc Uzaktan E\u011fitim Merkezi","article_publisher":"https:\/\/www.facebook.com\/omu.uzem","article_modified_time":"2018-06-25T14:10:28+00:00","og_image":[{"url":"https:\/\/uzem.omu.edu.tr\/wp-content\/uploads\/code.jpg"}],"twitter_card":"summary_large_image","twitter_site":"@omuuzem","twitter_misc":{"Est. reading time":"4 minutes"},"schema":{"@context":"https:\/\/schema.org","@graph":[{"@type":"Organization","@id":"https:\/\/uzem.omu.edu.tr\/#organization","name":"UZEM","url":"https:\/\/uzem.omu.edu.tr\/","sameAs":["https:\/\/www.facebook.com\/omu.uzem","https:\/\/www.instagram.com\/omu.uzem\/","https:\/\/www.youtube.com\/channel\/UCQ6c_wjaGQcIvBKTbPrOe2A","https:\/\/twitter.com\/omuuzem"],"logo":{"@type":"ImageObject","@id":"https:\/\/uzem.omu.edu.tr\/#logo","inLanguage":"en-US","url":"https:\/\/uzem.omu.edu.tr\/wp-content\/uploads\/ulogo-1.png","contentUrl":"https:\/\/uzem.omu.edu.tr\/wp-content\/uploads\/ulogo-1.png","width":364,"height":39,"caption":"UZEM"},"image":{"@id":"https:\/\/uzem.omu.edu.tr\/#logo"}},{"@type":"WebSite","@id":"https:\/\/uzem.omu.edu.tr\/#website","url":"https:\/\/uzem.omu.edu.tr\/","name":"OM\u00dc Uzaktan E\u011fitim Merkezi","description":"&quot;F\u0131rsatlar Sunar&quot;","publisher":{"@id":"https:\/\/uzem.omu.edu.tr\/#organization"},"potentialAction":[{"@type":"SearchAction","target":{"@type":"EntryPoint","urlTemplate":"https:\/\/uzem.omu.edu.tr\/?s={search_term_string}"},"query-input":"required name=search_term_string"}],"inLanguage":"en-US"},{"@type":"ImageObject","@id":"https:\/\/uzem.omu.edu.tr\/uzem-akademi-hakkinda\/#primaryimage","inLanguage":"en-US","url":"\/wp-content\/uploads\/code.jpg","contentUrl":"\/wp-content\/uploads\/code.jpg"},{"@type":"WebPage","@id":"https:\/\/uzem.omu.edu.tr\/uzem-akademi-hakkinda\/#webpage","url":"https:\/\/uzem.omu.edu.tr\/uzem-akademi-hakkinda\/","name":"UZEM Akademi | Hakk\u0131nda - OM\u00dc Uzaktan E\u011fitim Merkezi","isPartOf":{"@id":"https:\/\/uzem.omu.edu.tr\/#website"},"primaryImageOfPage":{"@id":"https:\/\/uzem.omu.edu.tr\/uzem-akademi-hakkinda\/#primaryimage"},"datePublished":"2015-07-13T13:04:17+00:00","dateModified":"2018-06-25T14:10:28+00:00","breadcrumb":{"@id":"https:\/\/uzem.omu.edu.tr\/uzem-akademi-hakkinda\/#breadcrumb"},"inLanguage":"en-US","potentialAction":[{"@type":"ReadAction","target":["https:\/\/uzem.omu.edu.tr\/uzem-akademi-hakkinda\/"]}]},{"@type":"BreadcrumbList","@id":"https:\/\/uzem.omu.edu.tr\/uzem-akademi-hakkinda\/#breadcrumb","itemListElement":[{"@type":"ListItem","position":1,"name":"Home","item":"https:\/\/uzem.omu.edu.tr\/"},{"@type":"ListItem","position":2,"name":"UZEM Akademi | Hakk\u0131nda"}]}]}},"_links":{"self":[{"href":"https:\/\/uzem.omu.edu.tr\/en\/wp-json\/wp\/v2\/pages\/5285"}],"collection":[{"href":"https:\/\/uzem.omu.edu.tr\/en\/wp-json\/wp\/v2\/pages"}],"about":[{"href":"https:\/\/uzem.omu.edu.tr\/en\/wp-json\/wp\/v2\/types\/page"}],"author":[{"embeddable":true,"href":"https:\/\/uzem.omu.edu.tr\/en\/wp-json\/wp\/v2\/users\/5"}],"replies":[{"embeddable":true,"href":"https:\/\/uzem.omu.edu.tr\/en\/wp-json\/wp\/v2\/comments?post=5285"}],"version-history":[{"count":2,"href":"https:\/\/uzem.omu.edu.tr\/en\/wp-json\/wp\/v2\/pages\/5285\/revisions"}],"predecessor-version":[{"id":18144,"href":"https:\/\/uzem.omu.edu.tr\/en\/wp-json\/wp\/v2\/pages\/5285\/revisions\/18144"}],"wp:attachment":[{"href":"https:\/\/uzem.omu.edu.tr\/en\/wp-json\/wp\/v2\/media?parent=5285"}],"curies":[{"name":"wp","href":"https:\/\/api.w.org\/{rel}","templated":true}]}}