{"id":5274,"date":"2015-07-09T15:36:59","date_gmt":"2015-07-09T12:36:59","guid":{"rendered":"https:\/\/uzem.omu.edu.tr\/?page_id=5274"},"modified":"2018-10-31T08:18:49","modified_gmt":"2018-10-31T05:18:49","slug":"uzem-akademi-akademik-kadr","status":"publish","type":"page","link":"https:\/\/uzem.omu.edu.tr\/en\/uzem-akademi-akademik-kadr\/","title":{"rendered":"UZEM Akademi | Akademik Kadro"},"content":{"rendered":"<p>[vc_row bg_type=&#8221;no_bg&#8221; css=&#8221;.vc_custom_1435924570332{margin-top: -5px !important;margin-bottom: -5px !important;}&#8221;][vc_column width=&#8221;1\/6&#8243; css=&#8221;.vc_custom_1435924378746{margin-top: 0px !important;margin-bottom: 0px !important;padding-right: 0px !important;padding-left: 0px !important;}&#8221;][vc_button2 title=&#8221;Hakk\u0131nda&#8221; align=&#8221;center&#8221; style=&#8221;square&#8221; size=&#8221;lg&#8221; el_class=&#8221;b1&#8243; link=&#8221;url:%2Fuzem-akademi-hakkinda%2F|title:UZEM%20Akademi%20%7C%20Hakk%C4%B1nda|&#8221;][\/vc_column][vc_column width=&#8221;1\/6&#8243; css=&#8221;.vc_custom_1435924388745{margin-top: 0px !important;margin-bottom: 0px !important;padding-right: 0px !important;padding-left: 0px !important;}&#8221;][vc_button2 title=&#8221;Program&#8221; align=&#8221;center&#8221; style=&#8221;square&#8221; color=&#8221;sky&#8221; size=&#8221;lg&#8221; el_class=&#8221;b2&#8243; link=&#8221;url:%2Fuzem-akademi-program%2F|title:UZEM%20Akademi%20%7C%20Program|&#8221;][\/vc_column][vc_column width=&#8221;1\/6&#8243; css=&#8221;.vc_custom_1435924395312{margin-top: 0px !important;margin-bottom: 0px !important;padding-right: 0px !important;padding-left: 0px !important;}&#8221;][vc_button2 title=&#8221;E\u011fitmenler&#8221; align=&#8221;center&#8221; style=&#8221;square&#8221; color=&#8221;turquoise&#8221; size=&#8221;lg&#8221; el_class=&#8221;b3&#8243; link=&#8221;url:%2Fuzem-akademi-egitmenler%2F|title:UZEM%20Akademi%20%7C%20E%C4%9Fitmenler|&#8221;][\/vc_column][vc_column width=&#8221;1\/6&#8243; css=&#8221;.vc_custom_1435924401065{margin-top: 0px !important;margin-bottom: 0px !important;padding-right: 0px !important;padding-left: 0px !important;}&#8221;][vc_button2 title=&#8221;\u00dccreti&#8221; align=&#8221;center&#8221; style=&#8221;square&#8221; color=&#8221;vista_blue&#8221; size=&#8221;lg&#8221; el_class=&#8221;b4&#8243; link=&#8221;url:%2Fuzem-akademi-ucreti%2F|title:UZEM%20Akademi%20%7C%20%C3%9Ccreti|&#8221;][\/vc_column][vc_column width=&#8221;1\/6&#8243; css=&#8221;.vc_custom_1435924411985{margin-top: 0px !important;margin-bottom: 0px !important;padding-right: 0px !important;padding-left: 0px !important;}&#8221;][vc_button2 title=&#8221;Sponsorlar&#8221; align=&#8221;center&#8221; style=&#8221;square&#8221; color=&#8221;sandy_brown&#8221; size=&#8221;lg&#8221; el_class=&#8221;b5&#8243; link=&#8221;url:%2Fuzem-akademi-sponsorlar%2F|title:UZEM%20Akademi%20%7C%20Sponsorlar|&#8221;][\/vc_column][vc_column width=&#8221;1\/6&#8243; css=&#8221;.vc_custom_1435924420234{margin-top: 0px !important;margin-bottom: 0px !important;padding-right: 0px !important;padding-left: 0px !important;}&#8221;][vc_button2 title=&#8221;\u0130leti\u015fim&#8221; align=&#8221;center&#8221; style=&#8221;square&#8221; color=&#8221;orange&#8221; size=&#8221;lg&#8221; el_class=&#8221;b6&#8243; link=&#8221;url:%2Fuzem-akademi-iletisim%2F|title:UZEM%20Akademi%20%7C%20%C4%B0leti%C5%9Fim|&#8221;][\/vc_column][\/vc_row][vc_row][vc_column][vc_column_text]<br \/>\n[\/vc_column_text][\/vc_column][\/vc_row][vc_row css=&#8221;.vc_custom_1427462343642{margin-top: -5px !important;margin-left: 0px !important;padding-left: 0px !important;}&#8221;][vc_column width=&#8221;3\/4&#8243; css=&#8221;.vc_custom_1441611568630{margin-top: -25px !important;margin-bottom: -40px !important;padding-right: 0px !important;padding-left: 0px !important;}&#8221;][vc_row_inner][vc_column_inner width=&#8221;1\/2&#8243; css=&#8221;.vc_custom_1436336815427{padding-right: 0px !important;padding-left: 0px !important;}&#8221;]<div class=\"cq-profilepanel cq-profilepanel-shadow cq-profilepanel-shapesquare kadro-tablo-bg-2\" data-headerheight=\"150\" data-headerimage=\"https:\/\/uzem.omu.edu.tr\/wp-content\/uploads\/samsun3.jpg\" data-avatartype=\"image\" data-avatarimage=\"\" data-avatarposition=\"middle\" data-avatarsize=\"\" data-headerheight=\"150\" data-avataroffset=\"\" data-avatariconsize=\"\" data-contentpadding=\"30\" data-contentcolor=\"#494949\" data-avatariconcolor=\"\" data-avatarbackgroundcolor=\"\" data-panelbackground=\"#f2f2f2\" data-contentmargin=\"24px 0 -24px 0\" data-titlesize=\"\" data-contentsize=\"0.9em\"><div class=\"cq-profilepanel-header\"><\/div><div class=\"cq-profilepanel-avatar cq-profilepanel-iconmiddle\" title=\"\"><\/div><div class=\"cq-profilepanel-text\"><h3 class=\"cq-profilepanel-title\">\u00d6\u011fr. G\u00f6r. \u0130smail CAN<\/h3><div class=\"cq-profilepanel-content\">Bilgi \u0130\u015flem Daire Ba\u015fkanl\u0131\u011f\u0131 Daire Ba\u015fkan\u0131<\/p>\n<p><i class=\"fa fa-phone-square\"><\/i> 0505 216-6249 (Dahili: 1958)<br \/>\n<i class=\"fa fa-envelope-square\"><\/i> can@omu.edu.tr<\/p>\n<p><i class=\"fa fa-magic\"><\/i> &#8211;<br \/>\n<i class=\"fa fa-magic\"><\/i> &#8211;<br \/>\n<i class=\"fa fa-magic\"><\/i> &#8211;<\/div><\/div><\/div>[\/vc_column_inner][vc_column_inner width=&#8221;1\/2&#8243; css=&#8221;.vc_custom_1436336834266{padding-right: 0px !important;padding-left: 10px !important;}&#8221;][\/vc_column_inner][\/vc_row_inner][\/vc_column][vc_column width=&#8221;1\/4&#8243; css=&#8221;.vc_custom_1441611578292{margin-top: -25px !important;padding-right: 0px !important;}&#8221;][vc_widget_sidebar sidebar_id=&#8221;generated_sidebar-uzem-akademi&#8221;][\/vc_column][\/vc_row]<\/p>\n","protected":false},"excerpt":{"rendered":"<p>[vc_row bg_type=&#8221;no_bg&#8221; css=&#8221;.vc_custom_1435924570332{margin-top: -5px !important;margin-bottom: -5px !important;}&#8221;][vc_column width=&#8221;1\/6&#8243; css=&#8221;.vc_custom_1435924378746{margin-top: 0px !important;margin-bottom: 0px !important;padding-right: 0px !important;padding-left: 0px !important;}&#8221;][vc_button2 title=&#8221;Hakk\u0131nda&#8221; align=&#8221;center&#8221; style=&#8221;square&#8221; size=&#8221;lg&#8221; el_class=&#8221;b1&#8243; link=&#8221;url:%2Fuzem-akademi-hakkinda%2F|title:UZEM%20Akademi%20%7C%20Hakk%C4%B1nda|&#8221;][\/vc_column][vc_column width=&#8221;1\/6&#8243; css=&#8221;.vc_custom_1435924388745{margin-top: 0px !important;margin-bottom: 0px !important;padding-right: 0px !important;padding-left: 0px !important;}&#8221;][vc_button2 title=&#8221;Program&#8221; align=&#8221;center&#8221; style=&#8221;square&#8221; color=&#8221;sky&#8221; size=&#8221;lg&#8221; el_class=&#8221;b2&#8243; link=&#8221;url:%2Fuzem-akademi-program%2F|title:UZEM%20Akademi%20%7C%20Program|&#8221;][\/vc_column][vc_column width=&#8221;1\/6&#8243; css=&#8221;.vc_custom_1435924395312{margin-top: 0px !important;margin-bottom: 0px !important;padding-right: 0px !important;padding-left: 0px !important;}&#8221;][vc_button2 title=&#8221;E\u011fitmenler&#8221; align=&#8221;center&#8221; style=&#8221;square&#8221; color=&#8221;turquoise&#8221; size=&#8221;lg&#8221; el_class=&#8221;b3&#8243; link=&#8221;url:%2Fuzem-akademi-egitmenler%2F|title:UZEM%20Akademi%20%7C%20E%C4%9Fitmenler|&#8221;][\/vc_column][vc_column width=&#8221;1\/6&#8243; css=&#8221;.vc_custom_1435924401065{margin-top: 0px !important;margin-bottom: 0px !important;padding-right: 0px !important;padding-left: 0px !important;}&#8221;][vc_button2 title=&#8221;\u00dccreti&#8221; align=&#8221;center&#8221; style=&#8221;square&#8221; color=&#8221;vista_blue&#8221; size=&#8221;lg&#8221; el_class=&#8221;b4&#8243; link=&#8221;url:%2Fuzem-akademi-ucreti%2F|title:UZEM%20Akademi%20%7C%20%C3%9Ccreti|&#8221;][\/vc_column][vc_column width=&#8221;1\/6&#8243; css=&#8221;.vc_custom_1435924411985{margin-top: 0px !important;margin-bottom: 0px !important;padding-right: 0px !important;padding-left: 0px !important;}&#8221;][vc_button2 title=&#8221;Sponsorlar&#8221; align=&#8221;center&#8221; style=&#8221;square&#8221; color=&#8221;sandy_brown&#8221; size=&#8221;lg&#8221; el_class=&#8221;b5&#8243; link=&#8221;url:%2Fuzem-akademi-sponsorlar%2F|title:UZEM%20Akademi%20%7C%20Sponsorlar|&#8221;][\/vc_column][vc_column width=&#8221;1\/6&#8243; css=&#8221;.vc_custom_1435924420234{margin-top: 0px !important;margin-bottom: 0px !important;padding-right: 0px !important;padding-left: 0px !important;}&#8221;][vc_button2 title=&#8221;\u0130leti\u015fim&#8221; align=&#8221;center&#8221; style=&#8221;square&#8221; color=&#8221;orange&#8221; size=&#8221;lg&#8221; el_class=&#8221;b6&#8243; link=&#8221;url:%2Fuzem-akademi-iletisim%2F|title:UZEM%20Akademi%20%7C%20%C4%B0leti%C5%9Fim|&#8221;][\/vc_column][\/vc_row][vc_row][vc_column][vc_column_text] [\/vc_column_text][\/vc_column][\/vc_row][vc_row css=&#8221;.vc_custom_1427462343642{margin-top: -5px !important;margin-left: 0px !important;padding-left: 0px !important;}&#8221;][vc_column width=&#8221;3\/4&#8243; css=&#8221;.vc_custom_1441611568630{margin-top: -25px !important;margin-bottom: -40px !important;padding-right: 0px !important;padding-left: 0px !important;}&#8221;][vc_row_inner][vc_column_inner width=&#8221;1\/2&#8243; css=&#8221;.vc_custom_1436336815427{padding-right: 0px !important;padding-left: 0px !important;}&#8221;][\/vc_column_inner][vc_column_inner width=&#8221;1\/2&#8243; css=&#8221;.vc_custom_1436336834266{padding-right: 0px !important;padding-left: 10px !important;}&#8221;][\/vc_column_inner][\/vc_row_inner][\/vc_column][vc_column width=&#8221;1\/4&#8243; css=&#8221;.vc_custom_1441611578292{margin-top: -25px !important;padding-right: 0px !important;}&#8221;][vc_widget_sidebar sidebar_id=&#8221;generated_sidebar-uzem-akademi&#8221;][\/vc_column][\/vc_row]<\/p>\n","protected":false},"author":5,"featured_media":0,"parent":0,"menu_order":0,"comment_status":"closed","ping_status":"closed","template":"","meta":[],"translation":{"provider":"WPGlobus","version":"2.12.2","language":"en","enabled_languages":["tr","en"],"languages":{"tr":{"title":true,"content":true,"excerpt":false},"en":{"title":false,"content":false,"excerpt":false}}},"yoast_head":"<!-- This site is optimized with the Yoast SEO plugin v17.4 - https:\/\/yoast.com\/wordpress\/plugins\/seo\/ -->\n<meta name=\"robots\" content=\"index, follow, max-snippet:-1, max-image-preview:large, max-video-preview:-1\" \/>\n<link rel=\"canonical\" href=\"https:\/\/uzem.omu.edu.tr\/uzem-akademi-akademik-kadr\/\" \/>\n<meta property=\"og:locale\" content=\"en_US\" \/>\n<meta property=\"og:type\" content=\"article\" \/>\n<meta property=\"og:title\" content=\"UZEM Akademi | Akademik Kadro - OM\u00dc Uzaktan E\u011fitim Merkezi\" \/>\n<meta property=\"og:url\" content=\"https:\/\/uzem.omu.edu.tr\/uzem-akademi-akademik-kadr\/\" \/>\n<meta property=\"og:site_name\" content=\"OM\u00dc Uzaktan E\u011fitim Merkezi\" \/>\n<meta property=\"article:publisher\" content=\"https:\/\/www.facebook.com\/omu.uzem\" \/>\n<meta property=\"article:modified_time\" content=\"2018-10-31T05:18:49+00:00\" \/>\n<meta name=\"twitter:card\" content=\"summary_large_image\" \/>\n<meta name=\"twitter:site\" content=\"@omuuzem\" \/>\n<meta name=\"twitter:label1\" content=\"Est. reading time\" \/>\n\t<meta name=\"twitter:data1\" content=\"2 minutes\" \/>\n<script type=\"application\/ld+json\" class=\"yoast-schema-graph\">{\"@context\":\"https:\/\/schema.org\",\"@graph\":[{\"@type\":\"Organization\",\"@id\":\"https:\/\/uzem.omu.edu.tr\/#organization\",\"name\":\"UZEM\",\"url\":\"https:\/\/uzem.omu.edu.tr\/\",\"sameAs\":[\"https:\/\/www.facebook.com\/omu.uzem\",\"https:\/\/www.instagram.com\/omu.uzem\/\",\"https:\/\/www.youtube.com\/channel\/UCQ6c_wjaGQcIvBKTbPrOe2A\",\"https:\/\/twitter.com\/omuuzem\"],\"logo\":{\"@type\":\"ImageObject\",\"@id\":\"https:\/\/uzem.omu.edu.tr\/#logo\",\"inLanguage\":\"en-US\",\"url\":\"https:\/\/uzem.omu.edu.tr\/wp-content\/uploads\/ulogo-1.png\",\"contentUrl\":\"https:\/\/uzem.omu.edu.tr\/wp-content\/uploads\/ulogo-1.png\",\"width\":364,\"height\":39,\"caption\":\"UZEM\"},\"image\":{\"@id\":\"https:\/\/uzem.omu.edu.tr\/#logo\"}},{\"@type\":\"WebSite\",\"@id\":\"https:\/\/uzem.omu.edu.tr\/#website\",\"url\":\"https:\/\/uzem.omu.edu.tr\/\",\"name\":\"OM\\u00dc Uzaktan E\\u011fitim Merkezi\",\"description\":\"&quot;F\\u0131rsatlar Sunar&quot;\",\"publisher\":{\"@id\":\"https:\/\/uzem.omu.edu.tr\/#organization\"},\"potentialAction\":[{\"@type\":\"SearchAction\",\"target\":{\"@type\":\"EntryPoint\",\"urlTemplate\":\"https:\/\/uzem.omu.edu.tr\/?s={search_term_string}\"},\"query-input\":\"required name=search_term_string\"}],\"inLanguage\":\"en-US\"},{\"@type\":\"WebPage\",\"@id\":\"https:\/\/uzem.omu.edu.tr\/uzem-akademi-akademik-kadr\/#webpage\",\"url\":\"https:\/\/uzem.omu.edu.tr\/uzem-akademi-akademik-kadr\/\",\"name\":\"UZEM Akademi | Akademik Kadro - OM\\u00dc Uzaktan E\\u011fitim Merkezi\",\"isPartOf\":{\"@id\":\"https:\/\/uzem.omu.edu.tr\/#website\"},\"datePublished\":\"2015-07-09T12:36:59+00:00\",\"dateModified\":\"2018-10-31T05:18:49+00:00\",\"breadcrumb\":{\"@id\":\"https:\/\/uzem.omu.edu.tr\/uzem-akademi-akademik-kadr\/#breadcrumb\"},\"inLanguage\":\"en-US\",\"potentialAction\":[{\"@type\":\"ReadAction\",\"target\":[\"https:\/\/uzem.omu.edu.tr\/uzem-akademi-akademik-kadr\/\"]}]},{\"@type\":\"BreadcrumbList\",\"@id\":\"https:\/\/uzem.omu.edu.tr\/uzem-akademi-akademik-kadr\/#breadcrumb\",\"itemListElement\":[{\"@type\":\"ListItem\",\"position\":1,\"name\":\"Home\",\"item\":\"https:\/\/uzem.omu.edu.tr\/\"},{\"@type\":\"ListItem\",\"position\":2,\"name\":\"UZEM Akademi | Akademik Kadro\"}]}]}<\/script>\n<!-- \/ Yoast SEO plugin. -->","yoast_head_json":{"robots":{"index":"index","follow":"follow","max-snippet":"max-snippet:-1","max-image-preview":"max-image-preview:large","max-video-preview":"max-video-preview:-1"},"canonical":"https:\/\/uzem.omu.edu.tr\/uzem-akademi-akademik-kadr\/","og_locale":"en_US","og_type":"article","og_title":"UZEM Akademi | Akademik Kadro - OM\u00dc Uzaktan E\u011fitim Merkezi","og_url":"https:\/\/uzem.omu.edu.tr\/uzem-akademi-akademik-kadr\/","og_site_name":"OM\u00dc Uzaktan E\u011fitim Merkezi","article_publisher":"https:\/\/www.facebook.com\/omu.uzem","article_modified_time":"2018-10-31T05:18:49+00:00","twitter_card":"summary_large_image","twitter_site":"@omuuzem","twitter_misc":{"Est. reading time":"2 minutes"},"schema":{"@context":"https:\/\/schema.org","@graph":[{"@type":"Organization","@id":"https:\/\/uzem.omu.edu.tr\/#organization","name":"UZEM","url":"https:\/\/uzem.omu.edu.tr\/","sameAs":["https:\/\/www.facebook.com\/omu.uzem","https:\/\/www.instagram.com\/omu.uzem\/","https:\/\/www.youtube.com\/channel\/UCQ6c_wjaGQcIvBKTbPrOe2A","https:\/\/twitter.com\/omuuzem"],"logo":{"@type":"ImageObject","@id":"https:\/\/uzem.omu.edu.tr\/#logo","inLanguage":"en-US","url":"https:\/\/uzem.omu.edu.tr\/wp-content\/uploads\/ulogo-1.png","contentUrl":"https:\/\/uzem.omu.edu.tr\/wp-content\/uploads\/ulogo-1.png","width":364,"height":39,"caption":"UZEM"},"image":{"@id":"https:\/\/uzem.omu.edu.tr\/#logo"}},{"@type":"WebSite","@id":"https:\/\/uzem.omu.edu.tr\/#website","url":"https:\/\/uzem.omu.edu.tr\/","name":"OM\u00dc Uzaktan E\u011fitim Merkezi","description":"&quot;F\u0131rsatlar Sunar&quot;","publisher":{"@id":"https:\/\/uzem.omu.edu.tr\/#organization"},"potentialAction":[{"@type":"SearchAction","target":{"@type":"EntryPoint","urlTemplate":"https:\/\/uzem.omu.edu.tr\/?s={search_term_string}"},"query-input":"required name=search_term_string"}],"inLanguage":"en-US"},{"@type":"WebPage","@id":"https:\/\/uzem.omu.edu.tr\/uzem-akademi-akademik-kadr\/#webpage","url":"https:\/\/uzem.omu.edu.tr\/uzem-akademi-akademik-kadr\/","name":"UZEM Akademi | Akademik Kadro - OM\u00dc Uzaktan E\u011fitim Merkezi","isPartOf":{"@id":"https:\/\/uzem.omu.edu.tr\/#website"},"datePublished":"2015-07-09T12:36:59+00:00","dateModified":"2018-10-31T05:18:49+00:00","breadcrumb":{"@id":"https:\/\/uzem.omu.edu.tr\/uzem-akademi-akademik-kadr\/#breadcrumb"},"inLanguage":"en-US","potentialAction":[{"@type":"ReadAction","target":["https:\/\/uzem.omu.edu.tr\/uzem-akademi-akademik-kadr\/"]}]},{"@type":"BreadcrumbList","@id":"https:\/\/uzem.omu.edu.tr\/uzem-akademi-akademik-kadr\/#breadcrumb","itemListElement":[{"@type":"ListItem","position":1,"name":"Home","item":"https:\/\/uzem.omu.edu.tr\/"},{"@type":"ListItem","position":2,"name":"UZEM Akademi | Akademik Kadro"}]}]}},"_links":{"self":[{"href":"https:\/\/uzem.omu.edu.tr\/en\/wp-json\/wp\/v2\/pages\/5274"}],"collection":[{"href":"https:\/\/uzem.omu.edu.tr\/en\/wp-json\/wp\/v2\/pages"}],"about":[{"href":"https:\/\/uzem.omu.edu.tr\/en\/wp-json\/wp\/v2\/types\/page"}],"author":[{"embeddable":true,"href":"https:\/\/uzem.omu.edu.tr\/en\/wp-json\/wp\/v2\/users\/5"}],"replies":[{"embeddable":true,"href":"https:\/\/uzem.omu.edu.tr\/en\/wp-json\/wp\/v2\/comments?post=5274"}],"version-history":[{"count":1,"href":"https:\/\/uzem.omu.edu.tr\/en\/wp-json\/wp\/v2\/pages\/5274\/revisions"}],"predecessor-version":[{"id":18839,"href":"https:\/\/uzem.omu.edu.tr\/en\/wp-json\/wp\/v2\/pages\/5274\/revisions\/18839"}],"wp:attachment":[{"href":"https:\/\/uzem.omu.edu.tr\/en\/wp-json\/wp\/v2\/media?parent=5274"}],"curies":[{"name":"wp","href":"https:\/\/api.w.org\/{rel}","templated":true}]}}