{"id":5100,"date":"2015-06-26T12:39:22","date_gmt":"2015-06-26T12:39:22","guid":{"rendered":"https:\/\/uzem.omu.edu.tr\/?page_id=5100"},"modified":"2025-10-20T09:53:49","modified_gmt":"2025-10-20T06:53:49","slug":"idari-isler-birimi","status":"publish","type":"page","link":"https:\/\/uzem.omu.edu.tr\/en\/idari-isler-birimi\/","title":{"rendered":"Administrative Affairs"},"content":{"rendered":"<p>[vc_row css=&#8221;.vc_custom_1427462343642{margin-top: -5px !important;margin-left: 0px !important;padding-left: 0px !important;}&#8221;][vc_column width=&#8221;3\/4&#8243; css=&#8221;.vc_custom_1427887788875{padding-left: 0px !important;}&#8221;][vc_empty_space height=&#8221;5&#8243;][vc_column_text el_class=&#8221;menu-basligi&#8221;]<strong>Administrative Affairs Unit<\/strong>[\/vc_column_text][vc_column_text]<i class=\"fa fa-bookmark \" ><\/i> Follows and controls the purchasing processes of the Center and performs the purchasing processes.<br \/>\n<i class=\"fa fa-bookmark \" ><\/i> Manages the expenses related to the exams held at the Center.<br \/>\n<i class=\"fa fa-bookmark \" ><\/i> Responsible for the procurement of goods, materials and services of the Center.<br \/>\n<i class=\"fa fa-bookmark \" ><\/i> Responsible for the accrual, movable registration and control processes of the Center.<br \/>\n<i class=\"fa fa-bookmark \" ><\/i> Conducts price research in order to procure the goods, materials and services needed by the Center by considering the public interest.<br \/>\n<i class=\"fa fa-bookmark \" ><\/i> Prepares the protocols to be made with external examination centers for the exams to be conducted by the Center, inspects and examines the examination centers and determines their suitability for the exam.<br \/>\n<i class=\"fa fa-bookmark \" ><\/i> Assigns officials for the exams to be conducted by the Center.<br \/>\n<i class=\"fa fa-bookmark \" ><\/i> Carries out the studies for the procurement of the goods, materials and service needs of the center from the director, assistant directors and technical advisor.<br \/>\n<i class=\"fa fa-bookmark \" ><\/i> Carries out all other works and duties reported by the center managers.[\/vc_column_text][vc_row_inner][vc_column_inner width=&#8221;1\/2&#8243; css=&#8221;.vc_custom_1434804092970{padding-right: 10px !important;padding-left: 0px !important;}&#8221;][vc_column_text]<\/p>\n<div class=\"personel-container\">\n<div class=\"personel-foto\"><img src=\"https:\/\/uzem.omu.edu.tr\/wp-content\/uploads\/orhan-uzem.jpg\" alt=\"emrah-altun\" \/><\/div>\n<div class=\"personel-bilgileri\">\n<div class=\"personel-ad-soyad-blogu\">\n<div class=\"personel-ad-soyad-blogu-baslik\">Name Surname:<\/div>\n<div class=\"personel-ad-soyad-blogu-isim\">Orhan AKTA\u015e<\/div>\n<\/div>\n<div class=\"personel-dahili-blogu\">\n<div class=\"personel-dahili-blogu-baslik\">Extension No:<\/div>\n<div class=\"personel-dahili-blogu-dahili\">1951<\/div>\n<\/div>\n<div class=\"personel-eposta-blogu\">\n<div class=\"personel-eposta-blogu-baslik\">Email:<\/div>\n<div class=\"personel-eposta-blogu-eposta\">orhan.aktas@uzem.omu.edu.tr<\/div>\n<\/div>\n<div class=\"personel-gorev-blogu\">\n<div class=\"personel-gorev-blogu-baslik\">Accrual<\/div>\n<\/div>\n<\/div>\n<\/div>\n<p>[\/vc_column_text][\/vc_column_inner][vc_column_inner width=&#8221;1\/2&#8243; css=&#8221;.vc_custom_1434804125960{padding-right: 0px !important;padding-left: 0px !important;}&#8221;][vc_column_text]<\/p>\n<div class=\"personel-container\">\n<div class=\"personel-foto\"><img src=\"https:\/\/uzem.omu.edu.tr\/wp-content\/uploads\/ihsan_son_uzem.jpg\" alt=\"emrah-altun\" \/><\/div>\n<div class=\"personel-bilgileri\">\n<div class=\"personel-ad-soyad-blogu\">\n<div class=\"personel-ad-soyad-blogu-baslik\">Name Surname:<\/div>\n<div class=\"personel-ad-soyad-blogu-isim\">\u0130hsan M\u00dcJDE<\/div>\n<\/div>\n<div class=\"personel-dahili-blogu\">\n<div class=\"personel-dahili-blogu-baslik\">Extension No:<\/div>\n<div class=\"personel-dahili-blogu-dahili\">1950<\/div>\n<\/div>\n<div class=\"personel-eposta-blogu\">\n<div class=\"personel-eposta-blogu-baslik\">Email:<\/div>\n<div class=\"personel-eposta-blogu-eposta\">ihsan.mujde@uzem.omu.edu.tr<\/div>\n<\/div>\n<div class=\"personel-gorev-blogu\">\n<div class=\"personel-gorev-blogu-baslik\">Purchasing<\/div>\n<\/div>\n<\/div>\n<\/div>\n<p>[\/vc_column_text][vc_column_text]<\/p>\n<div class=\"personel-container\">\n<div class=\"personel-foto\"><img src=\"https:\/\/uzem.omu.edu.tr\/wp-content\/uploads\/unnamed.jpg\" \/><\/div>\n<div class=\"personel-bilgileri\">\n<div class=\"personel-ad-soyad-blogu\">\n<div class=\"personel-ad-soyad-blogu-baslik\">Name Surname:<\/div>\n<div class=\"personel-ad-soyad-blogu-isim\">Zeliha DENL\u0130<\/div>\n<\/div>\n<div class=\"personel-dahili-blogu\">\n<div class=\"personel-dahili-blogu-baslik\">Extension No:<\/div>\n<div class=\"personel-dahili-blogu-dahili\">&#8211;<\/div>\n<\/div>\n<div class=\"personel-eposta-blogu\">\n<div class=\"personel-eposta-blogu-baslik\">Email:<\/div>\n<div class=\"personel-eposta-blogu-eposta\">zeliha.denli@uzem.omu.edu.tr<\/div>\n<\/div>\n<div class=\"personel-gorev-blogu\">\n<div class=\"personel-gorev-blogu-baslik\">Auxiliary Services<\/div>\n<\/div>\n<\/div>\n<\/div>\n<p>[\/vc_column_text][\/vc_column_inner][\/vc_row_inner][\/vc_column][vc_column width=&#8221;1\/4&#8243; css=&#8221;.vc_custom_1510996817771{margin-top: 5px !important;padding-right: 0px !important;}&#8221;][vc_widget_sidebar sidebar_id=&#8221;generated_sidebar-kadromuz&#8221;][\/vc_column][\/vc_row]<\/p>\n","protected":false},"excerpt":{"rendered":"<p>[vc_row css=&#8221;.vc_custom_1427462343642{margin-top: -5px !important;margin-left: 0px !important;padding-left: 0px !important;}&#8221;][vc_column width=&#8221;3\/4&#8243; css=&#8221;.vc_custom_1427887788875{padding-left: 0px !important;}&#8221;][vc_empty_space height=&#8221;5&#8243;][vc_column_text el_class=&#8221;menu-basligi&#8221;]Administrative Affairs Unit[\/vc_column_text][vc_column_text] Follows and controls the purchasing processes of the Center and performs the purchasing processes. Manages the expenses related to the exams held at the Center. Responsible for the procurement of goods, materials and services of the Center. Responsible for the accrual, movable registration and control processes of the Center. Conducts price research in order to procure the goods, materials and services needed by the Center by considering the public interest. Prepares the protocols to be made with external examination centers for the exams to be conducted by the Center, inspects and examines the examination centers and determines their suitability for the exam. Assigns officials for the exams to be conducted by the Center. Carries out the studies for the procurement of the goods, materials and service needs of the center from the director, assistant directors and technical advisor. Carries out all other works and duties reported by the center managers.[\/vc_column_text][vc_row_inner][vc_column_inner width=&#8221;1\/2&#8243; css=&#8221;.vc_custom_1434804092970{padding-right: 10px !important;padding-left: 0px !important;}&#8221;][vc_column_text] Name Surname: Orhan AKTA\u015e Extension No: 1951 Email: orhan.aktas@uzem.omu.edu.tr Accrual [\/vc_column_text][\/vc_column_inner][vc_column_inner width=&#8221;1\/2&#8243; css=&#8221;.vc_custom_1434804125960{padding-right: 0px !important;padding-left: 0px !important;}&#8221;][vc_column_text] Name Surname: \u0130hsan M\u00dcJDE Extension No: 1950 Email: ihsan.mujde@uzem.omu.edu.tr Purchasing [\/vc_column_text][vc_column_text] Name Surname: Zeliha DENL\u0130 Extension No: &#8211; Email: zeliha.denli@uzem.omu.edu.tr Auxiliary Services [\/vc_column_text][\/vc_column_inner][\/vc_row_inner][\/vc_column][vc_column width=&#8221;1\/4&#8243; css=&#8221;.vc_custom_1510996817771{margin-top: 5px !important;padding-right: 0px !important;}&#8221;][vc_widget_sidebar sidebar_id=&#8221;generated_sidebar-kadromuz&#8221;][\/vc_column][\/vc_row]<\/p>\n","protected":false},"author":5,"featured_media":0,"parent":0,"menu_order":0,"comment_status":"closed","ping_status":"closed","template":"","meta":[],"translation":{"provider":"WPGlobus","version":"2.12.2","language":"en","enabled_languages":["tr","en"],"languages":{"tr":{"title":true,"content":true,"excerpt":false},"en":{"title":true,"content":true,"excerpt":false}}},"yoast_head":"<!-- This site is optimized with the Yoast SEO plugin v17.4 - https:\/\/yoast.com\/wordpress\/plugins\/seo\/ -->\n<meta name=\"robots\" content=\"index, follow, max-snippet:-1, max-image-preview:large, max-video-preview:-1\" \/>\n<link rel=\"canonical\" href=\"https:\/\/uzem.omu.edu.tr\/idari-isler-birimi\/\" \/>\n<meta property=\"og:locale\" content=\"en_US\" \/>\n<meta property=\"og:type\" content=\"article\" \/>\n<meta property=\"og:title\" content=\"Administrative Affairs - OM\u00dc Uzaktan E\u011fitim Merkezi\" \/>\n<meta property=\"og:url\" content=\"https:\/\/uzem.omu.edu.tr\/idari-isler-birimi\/\" \/>\n<meta property=\"og:site_name\" content=\"OM\u00dc Uzaktan E\u011fitim Merkezi\" \/>\n<meta property=\"article:publisher\" content=\"https:\/\/www.facebook.com\/omu.uzem\" \/>\n<meta property=\"article:modified_time\" content=\"2025-10-20T06:53:49+00:00\" \/>\n<meta property=\"og:image\" content=\"https:\/\/uzem.omu.edu.tr\/wp-content\/uploads\/orhan-uzem.jpg\" \/>\n<meta name=\"twitter:card\" content=\"summary_large_image\" \/>\n<meta name=\"twitter:site\" content=\"@omuuzem\" \/>\n<meta name=\"twitter:label1\" content=\"Est. reading time\" \/>\n\t<meta name=\"twitter:data1\" content=\"2 minutes\" \/>\n<script type=\"application\/ld+json\" class=\"yoast-schema-graph\">{\"@context\":\"https:\/\/schema.org\",\"@graph\":[{\"@type\":\"Organization\",\"@id\":\"https:\/\/uzem.omu.edu.tr\/#organization\",\"name\":\"UZEM\",\"url\":\"https:\/\/uzem.omu.edu.tr\/\",\"sameAs\":[\"https:\/\/www.facebook.com\/omu.uzem\",\"https:\/\/www.instagram.com\/omu.uzem\/\",\"https:\/\/www.youtube.com\/channel\/UCQ6c_wjaGQcIvBKTbPrOe2A\",\"https:\/\/twitter.com\/omuuzem\"],\"logo\":{\"@type\":\"ImageObject\",\"@id\":\"https:\/\/uzem.omu.edu.tr\/#logo\",\"inLanguage\":\"en-US\",\"url\":\"https:\/\/uzem.omu.edu.tr\/wp-content\/uploads\/ulogo-1.png\",\"contentUrl\":\"https:\/\/uzem.omu.edu.tr\/wp-content\/uploads\/ulogo-1.png\",\"width\":364,\"height\":39,\"caption\":\"UZEM\"},\"image\":{\"@id\":\"https:\/\/uzem.omu.edu.tr\/#logo\"}},{\"@type\":\"WebSite\",\"@id\":\"https:\/\/uzem.omu.edu.tr\/#website\",\"url\":\"https:\/\/uzem.omu.edu.tr\/\",\"name\":\"OM\\u00dc Uzaktan E\\u011fitim Merkezi\",\"description\":\"&quot;F\\u0131rsatlar Sunar&quot;\",\"publisher\":{\"@id\":\"https:\/\/uzem.omu.edu.tr\/#organization\"},\"potentialAction\":[{\"@type\":\"SearchAction\",\"target\":{\"@type\":\"EntryPoint\",\"urlTemplate\":\"https:\/\/uzem.omu.edu.tr\/?s={search_term_string}\"},\"query-input\":\"required name=search_term_string\"}],\"inLanguage\":\"en-US\"},{\"@type\":\"ImageObject\",\"@id\":\"https:\/\/uzem.omu.edu.tr\/idari-isler-birimi\/#primaryimage\",\"inLanguage\":\"en-US\",\"url\":\"https:\/\/uzem.omu.edu.tr\/wp-content\/uploads\/orhan-uzem.jpg\",\"contentUrl\":\"https:\/\/uzem.omu.edu.tr\/wp-content\/uploads\/orhan-uzem.jpg\",\"width\":200,\"height\":200},{\"@type\":\"WebPage\",\"@id\":\"https:\/\/uzem.omu.edu.tr\/idari-isler-birimi\/#webpage\",\"url\":\"https:\/\/uzem.omu.edu.tr\/idari-isler-birimi\/\",\"name\":\"Administrative Affairs - OM\\u00dc Uzaktan E\\u011fitim Merkezi\",\"isPartOf\":{\"@id\":\"https:\/\/uzem.omu.edu.tr\/#website\"},\"primaryImageOfPage\":{\"@id\":\"https:\/\/uzem.omu.edu.tr\/idari-isler-birimi\/#primaryimage\"},\"datePublished\":\"2015-06-26T12:39:22+00:00\",\"dateModified\":\"2025-10-20T06:53:49+00:00\",\"breadcrumb\":{\"@id\":\"https:\/\/uzem.omu.edu.tr\/idari-isler-birimi\/#breadcrumb\"},\"inLanguage\":\"en-US\",\"potentialAction\":[{\"@type\":\"ReadAction\",\"target\":[\"https:\/\/uzem.omu.edu.tr\/idari-isler-birimi\/\"]}]},{\"@type\":\"BreadcrumbList\",\"@id\":\"https:\/\/uzem.omu.edu.tr\/idari-isler-birimi\/#breadcrumb\",\"itemListElement\":[{\"@type\":\"ListItem\",\"position\":1,\"name\":\"Home\",\"item\":\"https:\/\/uzem.omu.edu.tr\/\"},{\"@type\":\"ListItem\",\"position\":2,\"name\":\"\\u0130dari ve Mali \\u0130\\u015fler\"}]}]}<\/script>\n<!-- \/ Yoast SEO plugin. -->","yoast_head_json":{"robots":{"index":"index","follow":"follow","max-snippet":"max-snippet:-1","max-image-preview":"max-image-preview:large","max-video-preview":"max-video-preview:-1"},"canonical":"https:\/\/uzem.omu.edu.tr\/idari-isler-birimi\/","og_locale":"en_US","og_type":"article","og_title":"Administrative Affairs - OM\u00dc Uzaktan E\u011fitim Merkezi","og_url":"https:\/\/uzem.omu.edu.tr\/idari-isler-birimi\/","og_site_name":"OM\u00dc Uzaktan E\u011fitim Merkezi","article_publisher":"https:\/\/www.facebook.com\/omu.uzem","article_modified_time":"2025-10-20T06:53:49+00:00","og_image":[{"url":"https:\/\/uzem.omu.edu.tr\/wp-content\/uploads\/orhan-uzem.jpg"}],"twitter_card":"summary_large_image","twitter_site":"@omuuzem","twitter_misc":{"Est. reading time":"2 minutes"},"schema":{"@context":"https:\/\/schema.org","@graph":[{"@type":"Organization","@id":"https:\/\/uzem.omu.edu.tr\/#organization","name":"UZEM","url":"https:\/\/uzem.omu.edu.tr\/","sameAs":["https:\/\/www.facebook.com\/omu.uzem","https:\/\/www.instagram.com\/omu.uzem\/","https:\/\/www.youtube.com\/channel\/UCQ6c_wjaGQcIvBKTbPrOe2A","https:\/\/twitter.com\/omuuzem"],"logo":{"@type":"ImageObject","@id":"https:\/\/uzem.omu.edu.tr\/#logo","inLanguage":"en-US","url":"https:\/\/uzem.omu.edu.tr\/wp-content\/uploads\/ulogo-1.png","contentUrl":"https:\/\/uzem.omu.edu.tr\/wp-content\/uploads\/ulogo-1.png","width":364,"height":39,"caption":"UZEM"},"image":{"@id":"https:\/\/uzem.omu.edu.tr\/#logo"}},{"@type":"WebSite","@id":"https:\/\/uzem.omu.edu.tr\/#website","url":"https:\/\/uzem.omu.edu.tr\/","name":"OM\u00dc Uzaktan E\u011fitim Merkezi","description":"&quot;F\u0131rsatlar Sunar&quot;","publisher":{"@id":"https:\/\/uzem.omu.edu.tr\/#organization"},"potentialAction":[{"@type":"SearchAction","target":{"@type":"EntryPoint","urlTemplate":"https:\/\/uzem.omu.edu.tr\/?s={search_term_string}"},"query-input":"required name=search_term_string"}],"inLanguage":"en-US"},{"@type":"ImageObject","@id":"https:\/\/uzem.omu.edu.tr\/idari-isler-birimi\/#primaryimage","inLanguage":"en-US","url":"https:\/\/uzem.omu.edu.tr\/wp-content\/uploads\/orhan-uzem.jpg","contentUrl":"https:\/\/uzem.omu.edu.tr\/wp-content\/uploads\/orhan-uzem.jpg","width":200,"height":200},{"@type":"WebPage","@id":"https:\/\/uzem.omu.edu.tr\/idari-isler-birimi\/#webpage","url":"https:\/\/uzem.omu.edu.tr\/idari-isler-birimi\/","name":"Administrative Affairs - OM\u00dc Uzaktan E\u011fitim Merkezi","isPartOf":{"@id":"https:\/\/uzem.omu.edu.tr\/#website"},"primaryImageOfPage":{"@id":"https:\/\/uzem.omu.edu.tr\/idari-isler-birimi\/#primaryimage"},"datePublished":"2015-06-26T12:39:22+00:00","dateModified":"2025-10-20T06:53:49+00:00","breadcrumb":{"@id":"https:\/\/uzem.omu.edu.tr\/idari-isler-birimi\/#breadcrumb"},"inLanguage":"en-US","potentialAction":[{"@type":"ReadAction","target":["https:\/\/uzem.omu.edu.tr\/idari-isler-birimi\/"]}]},{"@type":"BreadcrumbList","@id":"https:\/\/uzem.omu.edu.tr\/idari-isler-birimi\/#breadcrumb","itemListElement":[{"@type":"ListItem","position":1,"name":"Home","item":"https:\/\/uzem.omu.edu.tr\/"},{"@type":"ListItem","position":2,"name":"\u0130dari ve Mali \u0130\u015fler"}]}]}},"_links":{"self":[{"href":"https:\/\/uzem.omu.edu.tr\/en\/wp-json\/wp\/v2\/pages\/5100"}],"collection":[{"href":"https:\/\/uzem.omu.edu.tr\/en\/wp-json\/wp\/v2\/pages"}],"about":[{"href":"https:\/\/uzem.omu.edu.tr\/en\/wp-json\/wp\/v2\/types\/page"}],"author":[{"embeddable":true,"href":"https:\/\/uzem.omu.edu.tr\/en\/wp-json\/wp\/v2\/users\/5"}],"replies":[{"embeddable":true,"href":"https:\/\/uzem.omu.edu.tr\/en\/wp-json\/wp\/v2\/comments?post=5100"}],"version-history":[{"count":12,"href":"https:\/\/uzem.omu.edu.tr\/en\/wp-json\/wp\/v2\/pages\/5100\/revisions"}],"predecessor-version":[{"id":27267,"href":"https:\/\/uzem.omu.edu.tr\/en\/wp-json\/wp\/v2\/pages\/5100\/revisions\/27267"}],"wp:attachment":[{"href":"https:\/\/uzem.omu.edu.tr\/en\/wp-json\/wp\/v2\/media?parent=5100"}],"curies":[{"name":"wp","href":"https:\/\/api.w.org\/{rel}","templated":true}]}}