{"id":4763,"date":"2015-06-24T08:14:26","date_gmt":"2015-06-24T08:14:26","guid":{"rendered":"https:\/\/uzem.omu.edu.tr\/?page_id=4763"},"modified":"2016-12-07T13:25:36","modified_gmt":"2016-12-07T10:25:36","slug":"pedagojik-formasyon-iletisim","status":"publish","type":"page","link":"https:\/\/uzem.omu.edu.tr\/en\/pedagojik-formasyon-iletisim\/","title":{"rendered":"Pedagojik Formasyon | \u0130leti\u015fim"},"content":{"rendered":"<p>[vc_row css=&#8221;.vc_custom_1427462343642{margin-top: -5px !important;margin-left: 0px !important;padding-left: 0px !important;}&#8221; bg_parallax=&#8221;&#8221; inertia=&#8221;0.1&#8243;][vc_column width=&#8221;3\/4&#8243; css=&#8221;.vc_custom_1450344808246{margin-top: 5px !important;margin-right: 0px !important;padding-right: 0px !important;padding-left: 0px !important;}&#8221;][vc_row_inner][vc_column_inner width=&#8221;1\/1&#8243; css=&#8221;.vc_custom_1450344835981{margin-bottom: 5px !important;padding-right: 0px !important;padding-left: 0px !important;}&#8221;][vc_widget_sidebar sidebar_id=&#8221;generated_sidebar-formasyon-ust-menu&#8221;][\/vc_column_inner][\/vc_row_inner][vc_column_text el_class=&#8221;.menu-basligi&#8221;]<\/p>\n<p><strong>\u0130LET\u0130\u015e\u0130M B\u0130LG\u0130LER\u0130<\/strong><\/p>\n<p>[\/vc_column_text][vc_column_text css=&#8221;.vc_custom_1444303839932{padding-left: 10px !important;}&#8221;]Bu program ile ilgili e\u011fitimler ve s\u0131navlar UZEM taraf\u0131ndan yap\u0131lmaktad\u0131r.<\/p>\n<ul>\n<li>Kay\u0131t<\/li>\n<li>Diploma<\/li>\n<li>Mezuniyet<\/li>\n<li>Transkript<\/li>\n<li>Askerlik tecil i\u015flemleri<\/li>\n<li>Not sistemi giri\u015fleri i\u00e7in \u015fifre i\u015flemleri<\/li>\n<li>Staj<\/li>\n<li>Yaz okulu<\/li>\n<\/ul>\n<p>gibi e\u011fitim ve s\u0131navlar haricinde kalan konular i\u00e7in a\u015fa\u011f\u0131daki ileti\u015fim kanallar\u0131n\u0131 kullanarak ilgili enstit\u00fcye\/birime ula\u015f\u0131n\u0131z.[\/vc_column_text]<div class=\"iconBox icon\"><i class=\"fa fa-phone\"><\/i><div class=\"textContent\"><h2 class=\"iconBoxTitle\">\u0130leti\u015fim<\/h2><div class=\"theText\">Tel: 0 362.312 19 19\/5300 |\u00a00 362.312 19 19 \/ 2944 &#8211; 2947<br \/>\nE-mail:\u00a0egitimfakultesi@omu.edu.tr<br \/>\nAdres:\u00a0OM\u00dc E\u011fitim Fak\u00fcltesi Kurupelit Kamp\u00fcs\u00fc Atakum \/ SAMSUN<\/div><\/div><\/div>[\/vc_column][vc_column width=&#8221;1\/4&#8243; css=&#8221;.vc_custom_1433426155624{margin-top: 20px !important;padding-right: 0px !important;}&#8221;][vc_widget_sidebar sidebar_id=&#8221;generated_sidebar-formasyon&#8221;][\/vc_column][\/vc_row]<\/p>\n","protected":false},"excerpt":{"rendered":"<p>[vc_row css=&#8221;.vc_custom_1427462343642{margin-top: -5px !important;margin-left: 0px !important;padding-left: 0px !important;}&#8221; bg_parallax=&#8221;&#8221; inertia=&#8221;0.1&#8243;][vc_column width=&#8221;3\/4&#8243; css=&#8221;.vc_custom_1450344808246{margin-top: 5px !important;margin-right: 0px !important;padding-right: 0px !important;padding-left: 0px !important;}&#8221;][vc_row_inner][vc_column_inner width=&#8221;1\/1&#8243; css=&#8221;.vc_custom_1450344835981{margin-bottom: 5px !important;padding-right: 0px !important;padding-left: 0px !important;}&#8221;][vc_widget_sidebar sidebar_id=&#8221;generated_sidebar-formasyon-ust-menu&#8221;][\/vc_column_inner][\/vc_row_inner][vc_column_text el_class=&#8221;.menu-basligi&#8221;] \u0130LET\u0130\u015e\u0130M B\u0130LG\u0130LER\u0130 [\/vc_column_text][vc_column_text css=&#8221;.vc_custom_1444303839932{padding-left: 10px !important;}&#8221;]Bu program ile ilgili e\u011fitimler ve s\u0131navlar UZEM taraf\u0131ndan yap\u0131lmaktad\u0131r. Kay\u0131t Diploma Mezuniyet Transkript Askerlik tecil i\u015flemleri Not sistemi giri\u015fleri i\u00e7in \u015fifre i\u015flemleri Staj Yaz okulu gibi e\u011fitim ve s\u0131navlar haricinde kalan konular i\u00e7in a\u015fa\u011f\u0131daki ileti\u015fim kanallar\u0131n\u0131 kullanarak ilgili enstit\u00fcye\/birime ula\u015f\u0131n\u0131z.[\/vc_column_text][\/vc_column][vc_column width=&#8221;1\/4&#8243; css=&#8221;.vc_custom_1433426155624{margin-top: 20px !important;padding-right: 0px !important;}&#8221;][vc_widget_sidebar sidebar_id=&#8221;generated_sidebar-formasyon&#8221;][\/vc_column][\/vc_row]<\/p>\n","protected":false},"author":11,"featured_media":0,"parent":0,"menu_order":0,"comment_status":"closed","ping_status":"closed","template":"","meta":[],"translation":{"provider":"WPGlobus","version":"2.12.2","language":"en","enabled_languages":["tr","en"],"languages":{"tr":{"title":true,"content":true,"excerpt":false},"en":{"title":false,"content":false,"excerpt":false}}},"yoast_head":"<!-- This site is optimized with the Yoast SEO plugin v17.4 - https:\/\/yoast.com\/wordpress\/plugins\/seo\/ -->\n<meta name=\"robots\" content=\"index, follow, max-snippet:-1, max-image-preview:large, max-video-preview:-1\" \/>\n<link rel=\"canonical\" href=\"https:\/\/uzem.omu.edu.tr\/pedagojik-formasyon-iletisim\/\" \/>\n<meta property=\"og:locale\" content=\"en_US\" \/>\n<meta property=\"og:type\" content=\"article\" \/>\n<meta property=\"og:title\" content=\"Pedagojik Formasyon | \u0130leti\u015fim - OM\u00dc Uzaktan E\u011fitim Merkezi\" \/>\n<meta property=\"og:url\" content=\"https:\/\/uzem.omu.edu.tr\/pedagojik-formasyon-iletisim\/\" \/>\n<meta property=\"og:site_name\" content=\"OM\u00dc Uzaktan E\u011fitim Merkezi\" \/>\n<meta property=\"article:publisher\" content=\"https:\/\/www.facebook.com\/omu.uzem\" \/>\n<meta property=\"article:modified_time\" content=\"2016-12-07T10:25:36+00:00\" \/>\n<meta name=\"twitter:card\" content=\"summary_large_image\" \/>\n<meta name=\"twitter:site\" content=\"@omuuzem\" \/>\n<meta name=\"twitter:label1\" content=\"Est. reading time\" \/>\n\t<meta name=\"twitter:data1\" content=\"1 minute\" \/>\n<script type=\"application\/ld+json\" class=\"yoast-schema-graph\">{\"@context\":\"https:\/\/schema.org\",\"@graph\":[{\"@type\":\"Organization\",\"@id\":\"https:\/\/uzem.omu.edu.tr\/#organization\",\"name\":\"UZEM\",\"url\":\"https:\/\/uzem.omu.edu.tr\/\",\"sameAs\":[\"https:\/\/www.facebook.com\/omu.uzem\",\"https:\/\/www.instagram.com\/omu.uzem\/\",\"https:\/\/www.youtube.com\/channel\/UCQ6c_wjaGQcIvBKTbPrOe2A\",\"https:\/\/twitter.com\/omuuzem\"],\"logo\":{\"@type\":\"ImageObject\",\"@id\":\"https:\/\/uzem.omu.edu.tr\/#logo\",\"inLanguage\":\"en-US\",\"url\":\"https:\/\/uzem.omu.edu.tr\/wp-content\/uploads\/ulogo-1.png\",\"contentUrl\":\"https:\/\/uzem.omu.edu.tr\/wp-content\/uploads\/ulogo-1.png\",\"width\":364,\"height\":39,\"caption\":\"UZEM\"},\"image\":{\"@id\":\"https:\/\/uzem.omu.edu.tr\/#logo\"}},{\"@type\":\"WebSite\",\"@id\":\"https:\/\/uzem.omu.edu.tr\/#website\",\"url\":\"https:\/\/uzem.omu.edu.tr\/\",\"name\":\"OM\\u00dc Uzaktan E\\u011fitim Merkezi\",\"description\":\"&quot;F\\u0131rsatlar Sunar&quot;\",\"publisher\":{\"@id\":\"https:\/\/uzem.omu.edu.tr\/#organization\"},\"potentialAction\":[{\"@type\":\"SearchAction\",\"target\":{\"@type\":\"EntryPoint\",\"urlTemplate\":\"https:\/\/uzem.omu.edu.tr\/?s={search_term_string}\"},\"query-input\":\"required name=search_term_string\"}],\"inLanguage\":\"en-US\"},{\"@type\":\"WebPage\",\"@id\":\"https:\/\/uzem.omu.edu.tr\/pedagojik-formasyon-iletisim\/#webpage\",\"url\":\"https:\/\/uzem.omu.edu.tr\/pedagojik-formasyon-iletisim\/\",\"name\":\"Pedagojik Formasyon | \\u0130leti\\u015fim - OM\\u00dc Uzaktan E\\u011fitim Merkezi\",\"isPartOf\":{\"@id\":\"https:\/\/uzem.omu.edu.tr\/#website\"},\"datePublished\":\"2015-06-24T08:14:26+00:00\",\"dateModified\":\"2016-12-07T10:25:36+00:00\",\"breadcrumb\":{\"@id\":\"https:\/\/uzem.omu.edu.tr\/pedagojik-formasyon-iletisim\/#breadcrumb\"},\"inLanguage\":\"en-US\",\"potentialAction\":[{\"@type\":\"ReadAction\",\"target\":[\"https:\/\/uzem.omu.edu.tr\/pedagojik-formasyon-iletisim\/\"]}]},{\"@type\":\"BreadcrumbList\",\"@id\":\"https:\/\/uzem.omu.edu.tr\/pedagojik-formasyon-iletisim\/#breadcrumb\",\"itemListElement\":[{\"@type\":\"ListItem\",\"position\":1,\"name\":\"Home\",\"item\":\"https:\/\/uzem.omu.edu.tr\/\"},{\"@type\":\"ListItem\",\"position\":2,\"name\":\"Pedagojik Formasyon | \\u0130leti\\u015fim\"}]}]}<\/script>\n<!-- \/ Yoast SEO plugin. -->","yoast_head_json":{"robots":{"index":"index","follow":"follow","max-snippet":"max-snippet:-1","max-image-preview":"max-image-preview:large","max-video-preview":"max-video-preview:-1"},"canonical":"https:\/\/uzem.omu.edu.tr\/pedagojik-formasyon-iletisim\/","og_locale":"en_US","og_type":"article","og_title":"Pedagojik Formasyon | \u0130leti\u015fim - OM\u00dc Uzaktan E\u011fitim Merkezi","og_url":"https:\/\/uzem.omu.edu.tr\/pedagojik-formasyon-iletisim\/","og_site_name":"OM\u00dc Uzaktan E\u011fitim Merkezi","article_publisher":"https:\/\/www.facebook.com\/omu.uzem","article_modified_time":"2016-12-07T10:25:36+00:00","twitter_card":"summary_large_image","twitter_site":"@omuuzem","twitter_misc":{"Est. reading time":"1 minute"},"schema":{"@context":"https:\/\/schema.org","@graph":[{"@type":"Organization","@id":"https:\/\/uzem.omu.edu.tr\/#organization","name":"UZEM","url":"https:\/\/uzem.omu.edu.tr\/","sameAs":["https:\/\/www.facebook.com\/omu.uzem","https:\/\/www.instagram.com\/omu.uzem\/","https:\/\/www.youtube.com\/channel\/UCQ6c_wjaGQcIvBKTbPrOe2A","https:\/\/twitter.com\/omuuzem"],"logo":{"@type":"ImageObject","@id":"https:\/\/uzem.omu.edu.tr\/#logo","inLanguage":"en-US","url":"https:\/\/uzem.omu.edu.tr\/wp-content\/uploads\/ulogo-1.png","contentUrl":"https:\/\/uzem.omu.edu.tr\/wp-content\/uploads\/ulogo-1.png","width":364,"height":39,"caption":"UZEM"},"image":{"@id":"https:\/\/uzem.omu.edu.tr\/#logo"}},{"@type":"WebSite","@id":"https:\/\/uzem.omu.edu.tr\/#website","url":"https:\/\/uzem.omu.edu.tr\/","name":"OM\u00dc Uzaktan E\u011fitim Merkezi","description":"&quot;F\u0131rsatlar Sunar&quot;","publisher":{"@id":"https:\/\/uzem.omu.edu.tr\/#organization"},"potentialAction":[{"@type":"SearchAction","target":{"@type":"EntryPoint","urlTemplate":"https:\/\/uzem.omu.edu.tr\/?s={search_term_string}"},"query-input":"required name=search_term_string"}],"inLanguage":"en-US"},{"@type":"WebPage","@id":"https:\/\/uzem.omu.edu.tr\/pedagojik-formasyon-iletisim\/#webpage","url":"https:\/\/uzem.omu.edu.tr\/pedagojik-formasyon-iletisim\/","name":"Pedagojik Formasyon | \u0130leti\u015fim - OM\u00dc Uzaktan E\u011fitim Merkezi","isPartOf":{"@id":"https:\/\/uzem.omu.edu.tr\/#website"},"datePublished":"2015-06-24T08:14:26+00:00","dateModified":"2016-12-07T10:25:36+00:00","breadcrumb":{"@id":"https:\/\/uzem.omu.edu.tr\/pedagojik-formasyon-iletisim\/#breadcrumb"},"inLanguage":"en-US","potentialAction":[{"@type":"ReadAction","target":["https:\/\/uzem.omu.edu.tr\/pedagojik-formasyon-iletisim\/"]}]},{"@type":"BreadcrumbList","@id":"https:\/\/uzem.omu.edu.tr\/pedagojik-formasyon-iletisim\/#breadcrumb","itemListElement":[{"@type":"ListItem","position":1,"name":"Home","item":"https:\/\/uzem.omu.edu.tr\/"},{"@type":"ListItem","position":2,"name":"Pedagojik Formasyon | \u0130leti\u015fim"}]}]}},"_links":{"self":[{"href":"https:\/\/uzem.omu.edu.tr\/en\/wp-json\/wp\/v2\/pages\/4763"}],"collection":[{"href":"https:\/\/uzem.omu.edu.tr\/en\/wp-json\/wp\/v2\/pages"}],"about":[{"href":"https:\/\/uzem.omu.edu.tr\/en\/wp-json\/wp\/v2\/types\/page"}],"author":[{"embeddable":true,"href":"https:\/\/uzem.omu.edu.tr\/en\/wp-json\/wp\/v2\/users\/11"}],"replies":[{"embeddable":true,"href":"https:\/\/uzem.omu.edu.tr\/en\/wp-json\/wp\/v2\/comments?post=4763"}],"version-history":[{"count":0,"href":"https:\/\/uzem.omu.edu.tr\/en\/wp-json\/wp\/v2\/pages\/4763\/revisions"}],"wp:attachment":[{"href":"https:\/\/uzem.omu.edu.tr\/en\/wp-json\/wp\/v2\/media?parent=4763"}],"curies":[{"name":"wp","href":"https:\/\/api.w.org\/{rel}","templated":true}]}}