{"id":4734,"date":"2015-06-24T07:47:12","date_gmt":"2015-06-24T07:47:12","guid":{"rendered":"https:\/\/uzem.omu.edu.tr\/?page_id=4734"},"modified":"2022-08-31T13:08:15","modified_gmt":"2022-08-31T10:08:15","slug":"siyaset-bilimi-ve-kamu-yonetimi-iletisim","status":"publish","type":"page","link":"https:\/\/uzem.omu.edu.tr\/en\/siyaset-bilimi-ve-kamu-yonetimi-iletisim\/","title":{"rendered":"Siyaset Bilimi ve Kamu Y\u00f6netimi | \u0130leti\u015fim"},"content":{"rendered":"<p>[vc_row css=&#8221;.vc_custom_1427462343642{margin-top: -5px !important;margin-left: 0px !important;padding-left: 0px !important;}&#8221;][vc_column width=&#8221;3\/4&#8243; css=&#8221;.vc_custom_1449842202972{margin-top: 5px !important;margin-right: 0px !important;padding-right: 0px !important;padding-left: 0px !important;}&#8221;][vc_row_inner][vc_column_inner css=&#8221;.vc_custom_1661940494990{margin-bottom: -15px !important;padding-right: 0px !important;padding-left: 0px !important;}&#8221;][vc_widget_sidebar sidebar_id=&#8221;generated_sidebar-siyaset-bilimi-ve-kamu-yonetimi-ust-menu&#8221;][\/vc_column_inner][\/vc_row_inner][vc_column_text el_class=&#8221;.menu-basligi&#8221;]<\/p>\n<p><strong>\u0130LET\u0130\u015e\u0130M B\u0130LG\u0130LER\u0130<\/strong><\/p>\n<p>[\/vc_column_text][vc_column_text css=&#8221;.vc_custom_1661940471920{padding-left: 10px !important;}&#8221;]Bu program ile ilgili e\u011fitim ve s\u0131navlar UZEM taraf\u0131ndan ger\u00e7ekle\u015ftirilmektedir.<\/p>\n<p>Ancak;<\/p>\n<ul>\n<li><em>Kay\u0131t,<\/em><\/li>\n<li><em>Diploma,<\/em><\/li>\n<li><em>Mezuniyet,<\/em><\/li>\n<li><em>Transkript,<\/em><\/li>\n<li><em>Askerlik tecil i\u015flemleri,<\/em><\/li>\n<li><em>Not sistemi giri\u015fleri \u015fifre talep ve de\u011fi\u015fiklikleri,<\/em><\/li>\n<li><em>Staj,<\/em><\/li>\n<li><em>Yaz okulu,<\/em><\/li>\n<\/ul>\n<p>gibi konular i\u00e7in <a href=\"https:\/\/unikys.omu.edu.tr\/tr\/feedbacks\/new\" target=\"_blank\" rel=\"noopener\"><strong>\u00dcniversite<\/strong> <strong>Kalite Y\u00f6netim Sistemini<\/strong><\/a> kullanmal\u0131s\u0131n\u0131z:<br \/>\n[\/vc_column_text]<div class=\"iconBox icon\"><i class=\"fa fa-question-circle\"><\/i><div class=\"textContent\"><h2 class=\"iconBoxTitle\">\u015eikayet\/Memnuniyet\/\u00d6nerileriniz \u0130\u00e7in;<\/h2><div class=\"theText\"><\/p>\n<ol>\n<li>Yukar\u0131da belirtilen adrese t\u0131klad\u0131\u011f\u0131n\u0131zda kar\u015f\u0131n\u0131za &#8220;<strong>Geri Bildirim Olu\u015ftur&#8221; <\/strong>sayfas\u0131 gelecektir: \u0130lgili alanlara sizden istenen bilgileri eksiksiz belirtiniz.<\/li>\n<li>Bildirimde bulunurken <strong>&#8220;\u0130letilece\u011fi Birim&#8221;<\/strong> alan\u0131na <em>Y\u00fcksekokul<\/em>, <em>Fak\u00fclte<\/em> ve <em>Enstit\u00fc<\/em> bilgisini belirtmeyi unutmay\u0131n\u0131z.<\/li>\n<li>Taraf\u0131n\u0131za yap\u0131lan bilgilendirmeyi sistemde yer alan &#8220;<strong>Geri Bildirim Durumunu Sorgula<\/strong>&#8221; sekmesinden size \u00f6zel \u00fcretilmi\u015f <em>id<\/em> numaras\u0131yla takip edebilirsiniz.<\/li>\n<\/ol>\n<p><\/div><\/div><\/div>[\/vc_column][vc_column width=&#8221;1\/4&#8243; css=&#8221;.vc_custom_1433423462887{margin-top: 20px !important;padding-right: 0px !important;}&#8221;][vc_widget_sidebar sidebar_id=&#8221;generated_sidebar-siyaset-bilimi-ve-kamu-yonetimi&#8221;][\/vc_column][\/vc_row]<\/p>\n","protected":false},"excerpt":{"rendered":"<p>[vc_row css=&#8221;.vc_custom_1427462343642{margin-top: -5px !important;margin-left: 0px !important;padding-left: 0px !important;}&#8221;][vc_column width=&#8221;3\/4&#8243; css=&#8221;.vc_custom_1449842202972{margin-top: 5px !important;margin-right: 0px !important;padding-right: 0px !important;padding-left: 0px !important;}&#8221;][vc_row_inner][vc_column_inner css=&#8221;.vc_custom_1661940494990{margin-bottom: -15px !important;padding-right: 0px !important;padding-left: 0px !important;}&#8221;][vc_widget_sidebar sidebar_id=&#8221;generated_sidebar-siyaset-bilimi-ve-kamu-yonetimi-ust-menu&#8221;][\/vc_column_inner][\/vc_row_inner][vc_column_text el_class=&#8221;.menu-basligi&#8221;] \u0130LET\u0130\u015e\u0130M B\u0130LG\u0130LER\u0130 [\/vc_column_text][vc_column_text css=&#8221;.vc_custom_1661940471920{padding-left: 10px !important;}&#8221;]Bu program ile ilgili e\u011fitim ve s\u0131navlar UZEM taraf\u0131ndan ger\u00e7ekle\u015ftirilmektedir. Ancak; Kay\u0131t, Diploma, Mezuniyet, Transkript, Askerlik tecil i\u015flemleri, Not sistemi giri\u015fleri \u015fifre talep ve de\u011fi\u015fiklikleri, Staj, Yaz okulu, gibi konular i\u00e7in \u00dcniversite Kalite Y\u00f6netim Sistemini kullanmal\u0131s\u0131n\u0131z: [\/vc_column_text][\/vc_column][vc_column width=&#8221;1\/4&#8243; css=&#8221;.vc_custom_1433423462887{margin-top: 20px !important;padding-right: 0px !important;}&#8221;][vc_widget_sidebar sidebar_id=&#8221;generated_sidebar-siyaset-bilimi-ve-kamu-yonetimi&#8221;][\/vc_column][\/vc_row]<\/p>\n","protected":false},"author":11,"featured_media":0,"parent":0,"menu_order":0,"comment_status":"closed","ping_status":"closed","template":"","meta":[],"translation":{"provider":"WPGlobus","version":"2.12.2","language":"en","enabled_languages":["tr","en"],"languages":{"tr":{"title":true,"content":true,"excerpt":false},"en":{"title":false,"content":false,"excerpt":false}}},"yoast_head":"<!-- This site is optimized with the Yoast SEO plugin v17.4 - https:\/\/yoast.com\/wordpress\/plugins\/seo\/ -->\n<meta name=\"robots\" content=\"index, follow, max-snippet:-1, max-image-preview:large, max-video-preview:-1\" \/>\n<link rel=\"canonical\" href=\"https:\/\/uzem.omu.edu.tr\/siyaset-bilimi-ve-kamu-yonetimi-iletisim\/\" \/>\n<meta property=\"og:locale\" content=\"en_US\" \/>\n<meta property=\"og:type\" content=\"article\" \/>\n<meta property=\"og:title\" content=\"Siyaset Bilimi ve Kamu Y\u00f6netimi | \u0130leti\u015fim - OM\u00dc Uzaktan E\u011fitim Merkezi\" \/>\n<meta property=\"og:url\" content=\"https:\/\/uzem.omu.edu.tr\/siyaset-bilimi-ve-kamu-yonetimi-iletisim\/\" \/>\n<meta property=\"og:site_name\" content=\"OM\u00dc Uzaktan E\u011fitim Merkezi\" \/>\n<meta property=\"article:publisher\" content=\"https:\/\/www.facebook.com\/omu.uzem\" \/>\n<meta property=\"article:modified_time\" content=\"2022-08-31T10:08:15+00:00\" \/>\n<meta name=\"twitter:card\" content=\"summary_large_image\" \/>\n<meta name=\"twitter:site\" content=\"@omuuzem\" \/>\n<meta name=\"twitter:label1\" content=\"Est. reading time\" \/>\n\t<meta name=\"twitter:data1\" content=\"1 minute\" \/>\n<script type=\"application\/ld+json\" class=\"yoast-schema-graph\">{\"@context\":\"https:\/\/schema.org\",\"@graph\":[{\"@type\":\"Organization\",\"@id\":\"https:\/\/uzem.omu.edu.tr\/#organization\",\"name\":\"UZEM\",\"url\":\"https:\/\/uzem.omu.edu.tr\/\",\"sameAs\":[\"https:\/\/www.facebook.com\/omu.uzem\",\"https:\/\/www.instagram.com\/omu.uzem\/\",\"https:\/\/www.youtube.com\/channel\/UCQ6c_wjaGQcIvBKTbPrOe2A\",\"https:\/\/twitter.com\/omuuzem\"],\"logo\":{\"@type\":\"ImageObject\",\"@id\":\"https:\/\/uzem.omu.edu.tr\/#logo\",\"inLanguage\":\"en-US\",\"url\":\"https:\/\/uzem.omu.edu.tr\/wp-content\/uploads\/ulogo-1.png\",\"contentUrl\":\"https:\/\/uzem.omu.edu.tr\/wp-content\/uploads\/ulogo-1.png\",\"width\":364,\"height\":39,\"caption\":\"UZEM\"},\"image\":{\"@id\":\"https:\/\/uzem.omu.edu.tr\/#logo\"}},{\"@type\":\"WebSite\",\"@id\":\"https:\/\/uzem.omu.edu.tr\/#website\",\"url\":\"https:\/\/uzem.omu.edu.tr\/\",\"name\":\"OM\\u00dc Uzaktan E\\u011fitim Merkezi\",\"description\":\"&quot;F\\u0131rsatlar Sunar&quot;\",\"publisher\":{\"@id\":\"https:\/\/uzem.omu.edu.tr\/#organization\"},\"potentialAction\":[{\"@type\":\"SearchAction\",\"target\":{\"@type\":\"EntryPoint\",\"urlTemplate\":\"https:\/\/uzem.omu.edu.tr\/?s={search_term_string}\"},\"query-input\":\"required name=search_term_string\"}],\"inLanguage\":\"en-US\"},{\"@type\":\"WebPage\",\"@id\":\"https:\/\/uzem.omu.edu.tr\/siyaset-bilimi-ve-kamu-yonetimi-iletisim\/#webpage\",\"url\":\"https:\/\/uzem.omu.edu.tr\/siyaset-bilimi-ve-kamu-yonetimi-iletisim\/\",\"name\":\"Siyaset Bilimi ve Kamu Y\\u00f6netimi | \\u0130leti\\u015fim - OM\\u00dc Uzaktan E\\u011fitim Merkezi\",\"isPartOf\":{\"@id\":\"https:\/\/uzem.omu.edu.tr\/#website\"},\"datePublished\":\"2015-06-24T07:47:12+00:00\",\"dateModified\":\"2022-08-31T10:08:15+00:00\",\"breadcrumb\":{\"@id\":\"https:\/\/uzem.omu.edu.tr\/siyaset-bilimi-ve-kamu-yonetimi-iletisim\/#breadcrumb\"},\"inLanguage\":\"en-US\",\"potentialAction\":[{\"@type\":\"ReadAction\",\"target\":[\"https:\/\/uzem.omu.edu.tr\/siyaset-bilimi-ve-kamu-yonetimi-iletisim\/\"]}]},{\"@type\":\"BreadcrumbList\",\"@id\":\"https:\/\/uzem.omu.edu.tr\/siyaset-bilimi-ve-kamu-yonetimi-iletisim\/#breadcrumb\",\"itemListElement\":[{\"@type\":\"ListItem\",\"position\":1,\"name\":\"Home\",\"item\":\"https:\/\/uzem.omu.edu.tr\/\"},{\"@type\":\"ListItem\",\"position\":2,\"name\":\"Siyaset Bilimi ve Kamu Y\\u00f6netimi | \\u0130leti\\u015fim\"}]}]}<\/script>\n<!-- \/ Yoast SEO plugin. -->","yoast_head_json":{"robots":{"index":"index","follow":"follow","max-snippet":"max-snippet:-1","max-image-preview":"max-image-preview:large","max-video-preview":"max-video-preview:-1"},"canonical":"https:\/\/uzem.omu.edu.tr\/siyaset-bilimi-ve-kamu-yonetimi-iletisim\/","og_locale":"en_US","og_type":"article","og_title":"Siyaset Bilimi ve Kamu Y\u00f6netimi | \u0130leti\u015fim - OM\u00dc Uzaktan E\u011fitim Merkezi","og_url":"https:\/\/uzem.omu.edu.tr\/siyaset-bilimi-ve-kamu-yonetimi-iletisim\/","og_site_name":"OM\u00dc Uzaktan E\u011fitim Merkezi","article_publisher":"https:\/\/www.facebook.com\/omu.uzem","article_modified_time":"2022-08-31T10:08:15+00:00","twitter_card":"summary_large_image","twitter_site":"@omuuzem","twitter_misc":{"Est. reading time":"1 minute"},"schema":{"@context":"https:\/\/schema.org","@graph":[{"@type":"Organization","@id":"https:\/\/uzem.omu.edu.tr\/#organization","name":"UZEM","url":"https:\/\/uzem.omu.edu.tr\/","sameAs":["https:\/\/www.facebook.com\/omu.uzem","https:\/\/www.instagram.com\/omu.uzem\/","https:\/\/www.youtube.com\/channel\/UCQ6c_wjaGQcIvBKTbPrOe2A","https:\/\/twitter.com\/omuuzem"],"logo":{"@type":"ImageObject","@id":"https:\/\/uzem.omu.edu.tr\/#logo","inLanguage":"en-US","url":"https:\/\/uzem.omu.edu.tr\/wp-content\/uploads\/ulogo-1.png","contentUrl":"https:\/\/uzem.omu.edu.tr\/wp-content\/uploads\/ulogo-1.png","width":364,"height":39,"caption":"UZEM"},"image":{"@id":"https:\/\/uzem.omu.edu.tr\/#logo"}},{"@type":"WebSite","@id":"https:\/\/uzem.omu.edu.tr\/#website","url":"https:\/\/uzem.omu.edu.tr\/","name":"OM\u00dc Uzaktan E\u011fitim Merkezi","description":"&quot;F\u0131rsatlar Sunar&quot;","publisher":{"@id":"https:\/\/uzem.omu.edu.tr\/#organization"},"potentialAction":[{"@type":"SearchAction","target":{"@type":"EntryPoint","urlTemplate":"https:\/\/uzem.omu.edu.tr\/?s={search_term_string}"},"query-input":"required name=search_term_string"}],"inLanguage":"en-US"},{"@type":"WebPage","@id":"https:\/\/uzem.omu.edu.tr\/siyaset-bilimi-ve-kamu-yonetimi-iletisim\/#webpage","url":"https:\/\/uzem.omu.edu.tr\/siyaset-bilimi-ve-kamu-yonetimi-iletisim\/","name":"Siyaset Bilimi ve Kamu Y\u00f6netimi | \u0130leti\u015fim - OM\u00dc Uzaktan E\u011fitim Merkezi","isPartOf":{"@id":"https:\/\/uzem.omu.edu.tr\/#website"},"datePublished":"2015-06-24T07:47:12+00:00","dateModified":"2022-08-31T10:08:15+00:00","breadcrumb":{"@id":"https:\/\/uzem.omu.edu.tr\/siyaset-bilimi-ve-kamu-yonetimi-iletisim\/#breadcrumb"},"inLanguage":"en-US","potentialAction":[{"@type":"ReadAction","target":["https:\/\/uzem.omu.edu.tr\/siyaset-bilimi-ve-kamu-yonetimi-iletisim\/"]}]},{"@type":"BreadcrumbList","@id":"https:\/\/uzem.omu.edu.tr\/siyaset-bilimi-ve-kamu-yonetimi-iletisim\/#breadcrumb","itemListElement":[{"@type":"ListItem","position":1,"name":"Home","item":"https:\/\/uzem.omu.edu.tr\/"},{"@type":"ListItem","position":2,"name":"Siyaset Bilimi ve Kamu Y\u00f6netimi | \u0130leti\u015fim"}]}]}},"_links":{"self":[{"href":"https:\/\/uzem.omu.edu.tr\/en\/wp-json\/wp\/v2\/pages\/4734"}],"collection":[{"href":"https:\/\/uzem.omu.edu.tr\/en\/wp-json\/wp\/v2\/pages"}],"about":[{"href":"https:\/\/uzem.omu.edu.tr\/en\/wp-json\/wp\/v2\/types\/page"}],"author":[{"embeddable":true,"href":"https:\/\/uzem.omu.edu.tr\/en\/wp-json\/wp\/v2\/users\/11"}],"replies":[{"embeddable":true,"href":"https:\/\/uzem.omu.edu.tr\/en\/wp-json\/wp\/v2\/comments?post=4734"}],"version-history":[{"count":4,"href":"https:\/\/uzem.omu.edu.tr\/en\/wp-json\/wp\/v2\/pages\/4734\/revisions"}],"predecessor-version":[{"id":23595,"href":"https:\/\/uzem.omu.edu.tr\/en\/wp-json\/wp\/v2\/pages\/4734\/revisions\/23595"}],"wp:attachment":[{"href":"https:\/\/uzem.omu.edu.tr\/en\/wp-json\/wp\/v2\/media?parent=4734"}],"curies":[{"name":"wp","href":"https:\/\/api.w.org\/{rel}","templated":true}]}}