{"id":4184,"date":"2015-06-21T12:41:18","date_gmt":"2015-06-21T12:41:18","guid":{"rendered":"https:\/\/uzem.omu.edu.tr\/?page_id=4184"},"modified":"2024-09-02T09:13:23","modified_gmt":"2024-09-02T06:13:23","slug":"uzemde-kayitlar-basladi","status":"publish","type":"page","link":"https:\/\/uzem.omu.edu.tr\/en\/uzemde-kayitlar-basladi\/","title":{"rendered":"UZEM Registration Processes"},"content":{"rendered":"<p>[vc_row bg_type=&#8221;no_bg&#8221; css=&#8221;.vc_custom_1434899248760{background-position: 0 0 !important;background-repeat: repeat !important;}&#8221;][vc_column css=&#8221;.vc_custom_1434899404190{margin-top: 20px !important;margin-bottom: 20px !important;padding-left: 0px !important;background-position: 0 0 !important;background-repeat: repeat !important;}&#8221;][vc_column_text]<div class=\"ult-ih-container ult-adjust-bottom-margin  \" >\t<ul class=\"ult-ih-list \"  data-shape=\"square\"  data-width=\"300\"  data-height=\"300\"  style=\"text-align:center; \"><li id=\"ult-ih-list-item-3968\" class=\"ult-ih-list-item\" style=\"height: 300px; width: 300px;  margin: 0px\"><div style=\"height: 300px; width: 300px; \" class=\"ult-ih-item ult-ih-effect18  ult-ih-right_to_left   \"><div class=\"ult-ih-image-block\" style=\"height: 300px; width: 300px; \">\t<div class=\"ult-ih-wrapper\" style=\"border-style: solid; border-color: rgba(255,255,255,0.2); border-width: 20px;\"><\/div>\t<img class=\"ult-ih-image\" src=\"https:\/\/uzem.omu.edu.tr\/wp-content\/uploads\/davetiye-2.jpg\" alt=\"image\"><\/div><div class=\"ult-ih-info\" >\t<div class=\"ult-ih-info-back\" style=\"background-color: rgba(0, 0,0,0. 75); \">\t<div class=\"ult-ih-content\">\t\t\t<div class=\"ult-ih-heading-block\" style=\"\">\t\t\t\t<h3 class=\"ult-ih-heading ult-responsive\" style=\"color:#ffffff;\"  data-ultimate-target='#ult-ih-list-item-3968 .ult-ih-heading'  data-responsive-json-new='{\"font-size\":\"desktop:22px;\",\"line-height\":\"desktop:28px;\"}' >You are Invited to UZEM<\/h3>\t\t\t<\/div>\t\t\t<div class=\"ult-ih-divider-block\" style=\"height:1px;\">\t\t\t\t<span class=\"ult-ih-line\" style=\"border-style:solid;border-color:rgba(255,255,255,0. 75);width:100px;border-width:1px;\"><\/span>\t\t\t<\/div>\t\t\t<div class=\"ult-ih-description-block\" style=\"\">\t\t\t\t<div class=\"ult-ih-description ult-responsive\" style=\"color:#bbbbbb;\"  data-ultimate-target='#ult-ih-list-item-3968 .ult-ih-description, #ult-ih-list-item-3968 .ult-ih-description p'  data-responsive-json-new='{\"font-size\":\"desktop:12px;\",\"line-height\":\"desktop:18px;\"}' ><i class=\"fa fa-heart \" ><\/i>\n<p>UZEM is looking forward to welcoming you to its training programs.<br \/>\nScroll this page for details.<\/p>\n\t\t\t\t<\/div>\t\t\t<\/div>\t<\/div>\t<\/div><\/div><\/div><\/li>\t<\/ul><\/div>[\/vc_column_text][\/vc_column][\/vc_row][vc_row][vc_column css=&#8221;.vc_custom_1435042583291{margin-top: -20px !important;padding-left: 0px !important;}&#8221;][vc_empty_space height=&#8221;5&#8243;][vc_column_text]<\/p>\n<ul>\n<li style=\"text-align: justify;\"><strong>IT IS VERY EASY TO REGISTER FOR UZEM PROGRAMS<\/strong>Hello! We look forward to welcoming you. We are in the registration period for the programs within UZEM. We have prepared this page to guide you to register for UZEM programs. You can use the contact form for any questions you may have. Our support team will get back to you as soon as possible.Click for Associate Degree \u00d6SYM preference codes.<a href=\"https:\/\/uzem.omu.edu.tr\/osym-tercih-kilavuzu-yayinlandi\/\">\u00d6nlisans \u00d6SYM tercih kodlar\u0131 i\u00e7in t\u0131klay\u0131n.<\/a><\/li>\n<\/ul>\n<p>[\/vc_column_text][\/vc_column][\/vc_row][vc_row][vc_column css=&#8221;.vc_custom_1435060181649{margin-top: -20px !important;padding-right: 0px !important;padding-left: 0px !important;}&#8221;][vc_column_text el_class=&#8221;menu-basligi&#8221; css=&#8221;.vc_custom_1709629198851{margin-bottom: 10px !important;}&#8221;]APPLICATION GUIDE FOR MASTER&#8217;S PROGRAMS[\/vc_column_text][vc_row_inner][vc_column_inner width=&#8221;1\/4&#8243; css=&#8221;.vc_custom_1434964112893{padding-left: 0px !important;}&#8221;][vc_message style=&#8221;square&#8221;]<span style=\"font-size: 14px;\">Click on the programs for details.<br \/>\nScroll the timeline for application steps.<\/span>[\/vc_message][\/vc_column_inner][vc_column_inner width=&#8221;3\/4&#8243;][vc_empty_space height=&#8221;20px&#8221;]<div class=\"cq-draggable-container application-process\" data-draggingbarbgcolor=\"rgba(0, 0, 0, 0.5)\" data-defaultbarbgcolor=\"\" data-avatarstyle=\"text\" data-activeiconcolor=\"\" data-autoplay=\"no\" data-autoplayspeed=\"\" data-labelcolor=\"\" data-dragbuttonwidth=\"\" data-contaienrwidth=\"\"><div class=\"cq-draggable-slider\"><div class=\"cq-draggable-stripe\"><div class=\"cq-draggable-handle\"><div class=\"cq-infobox blue\"><div class=\"cq-titlecontainer\"><div class=\"cq-titlebar\">Prerequisites for Application<\/div><div class=\"cq-titlebar\">Documents<\/div><div class=\"cq-titlebar\">Announcement of Winners<\/div><div class=\"cq-titlebar\">Training and Process<\/div><\/div><div class=\"cq-innerbox\"><div class=\"cq-carouselcontainer\"><div class=\"cq-carouselcontent\">Graduate from any degree program* and apply online here. Print the form you created as a result of your application.<br \/>\n&#8211; There are no ALES and language requirements for application.<br \/>\n&#8211; Applications are made only with transcript grade.<br \/>\n&#8211; For the Educational Administration program, it is obligatory to have worked in the Ministry of National Education for 1 year.<br \/>\nSubmit the following documents by hand or by mail to the student affairs of the institute you are applying to<br \/>\n&#8211; The form you received in the previous step<br \/>\n&#8211; Transcript<br \/>\n&#8211; Diploma<br \/>\nFollow the announcement of the winners on the website of the institute you applied to. If you are eligible to apply, pay your tuition fee.<br \/>\nStart your education.<br \/>\nWhen the trainings start, information about the course system will be published on the UZEM website.\n<p><\/div><\/div><\/div><\/div><div class=\"cq-menu-square\">\n                            <span class=\"value\"><\/span>\n                            <span class=\"cq-menu-line\"><\/span>\n                            <span class=\"cq-menu-line\"><\/span>\n                            <span class=\"cq-menu-line\"><\/span>\n                      <\/div><\/div><\/div><div class=\"cq-barcontainer\"><div class=\"cq-highlight-container text\"><span class=\"cq-highlight-label\">Step 1<\/span><\/div><div class=\"cq-highlight-container text\"><span class=\"cq-highlight-label\">Step 2<\/span><\/div><div class=\"cq-highlight-container text\"><span class=\"cq-highlight-label\">Step 3<\/span><\/div><div class=\"cq-highlight-container text\"><span class=\"cq-highlight-label\">Step 4<\/span><\/div><\/div><\/div><\/div>[\/vc_column_inner][\/vc_row_inner][\/vc_column][\/vc_row][vc_row][vc_column css=&#8221;.vc_custom_1435062985785{margin-top: -40px !important;padding-right: 0px !important;padding-left: 0px !important;}&#8221;][vc_column_text el_class=&#8221;menu-basligi&#8221; css=&#8221;.vc_custom_1709629422058{margin-bottom: 10px !important;}&#8221;]APPLICATION GUIDE FOR DEGREE COMPLETION PROGRAMS[\/vc_column_text][vc_row_inner][vc_column_inner width=&#8221;1\/4&#8243; css=&#8221;.vc_custom_1434964112893{padding-left: 0px !important;}&#8221;][vc_message style=&#8221;square&#8221;]<span style=\"font-size: 14px;\">Click on the programs for details.<br \/>\nScroll the timeline for application steps.<\/span>[\/vc_message][vc_message style=&#8221;square&#8221;]There are no students in the Midwifery Undergraduate Completion program.[\/vc_message][\/vc_column_inner][vc_column_inner width=&#8221;3\/4&#8243;][vc_empty_space height=&#8221;20px&#8221;]<div class=\"cq-draggable-container application-process\" data-draggingbarbgcolor=\"rgba(0, 0, 0, 0.5)\" data-defaultbarbgcolor=\"\" data-avatarstyle=\"text\" data-activeiconcolor=\"\" data-autoplay=\"no\" data-autoplayspeed=\"\" data-labelcolor=\"\" data-dragbuttonwidth=\"\" data-contaienrwidth=\"\"><div class=\"cq-draggable-slider\"><div class=\"cq-draggable-stripe\"><div class=\"cq-draggable-handle\"><div class=\"cq-infobox blue\"><div class=\"cq-titlecontainer\"><div class=\"cq-titlebar\">Prerequisites for Application<\/div><div class=\"cq-titlebar\">Preference and Placement<\/div><div class=\"cq-titlebar\">Documents Submission<\/div><div class=\"cq-titlebar\">Education and Process<\/div><\/div><div class=\"cq-innerbox\"><div class=\"cq-carouselcontainer\"><div class=\"cq-carouselcontent\">Graduate from theology associate degree program<br \/>\nTake the DGS exam and get your score and prefer UZEM \u0130L\u0130TAM pgoram during the preference period.<br \/>\nCheck the placement results on the OMU Faculty of Theology website.<br \/>\nIf you are placed in the program, make your tuition payment and submit the necessary documents to OMU Faculty of Theology student affairs.<br \/>\nRequired documents;<br \/>\n&#8211; Associate degree diploma or temporary graduation certificate<br \/>\n&#8211; Photocopy of identity card<br \/>\n&#8211; Photo.<br \/>\nStart the training.<br \/>\nWhen the trainings start, information about the course system will be published on the UZEM website.\n<p><\/div><\/div><\/div><\/div><div class=\"cq-menu-square\">\n                            <span class=\"value\"><\/span>\n                            <span class=\"cq-menu-line\"><\/span>\n                            <span class=\"cq-menu-line\"><\/span>\n                            <span class=\"cq-menu-line\"><\/span>\n                      <\/div><\/div><\/div><div class=\"cq-barcontainer\"><div class=\"cq-highlight-container text\"><span class=\"cq-highlight-label\">Step 1<\/span><\/div><div class=\"cq-highlight-container text\"><span class=\"cq-highlight-label\">Step 2<\/span><\/div><div class=\"cq-highlight-container text\"><span class=\"cq-highlight-label\">Step 3<\/span><\/div><div class=\"cq-highlight-container text\"><span class=\"cq-highlight-label\">Step 4<\/span><\/div><\/div><\/div><\/div>[\/vc_column_inner][\/vc_row_inner][\/vc_column][\/vc_row][vc_row][vc_column css=&#8221;.vc_custom_1435062998272{margin-top: -40px !important;padding-right: 0px !important;padding-left: 0px !important;}&#8221;][vc_column_text el_class=&#8221;menu-basligi&#8221; css=&#8221;.vc_custom_1709629438867{margin-bottom: 10px !important;}&#8221;]APPLICATION GUIDE FOR ASSOCIATE DEGREE PROGRAMS[\/vc_column_text][vc_row_inner][vc_column_inner width=&#8221;1\/4&#8243; css=&#8221;.vc_custom_1434964112893{padding-left: 0px !important;}&#8221;][vc_message style=&#8221;square&#8221;]<span style=\"font-size: 14px;\">Click on the programs for details.<br \/>\nScroll the timeline for application steps.<\/span>[\/vc_message][\/vc_column_inner][vc_column_inner width=&#8221;3\/4&#8243;][vc_empty_space height=&#8221;20px&#8221;]<div class=\"cq-draggable-container basvuru-sureci\" data-draggingbarbgcolor=\"rgba(0, 0, 0, 0.5)\" data-defaultbarbgcolor=\"\" data-avatarstyle=\"text\" data-activeiconcolor=\"\" data-autoplay=\"no\" data-autoplayspeed=\"\" data-labelcolor=\"\" data-dragbuttonwidth=\"\" data-contaienrwidth=\"\"><div class=\"cq-draggable-slider\"><div class=\"cq-draggable-stripe\"><div class=\"cq-draggable-handle\"><div class=\"cq-infobox blue\"><div class=\"cq-titlecontainer\"><div class=\"cq-titlebar\">Prerequisites for Application<\/div><div class=\"cq-titlebar\">Preference and Placement<\/div><div class=\"cq-titlebar\">Documents Submission<\/div><div class=\"cq-titlebar\">Education and Process<\/div><\/div><div class=\"cq-innerbox\"><div class=\"cq-carouselcontainer\"><div class=\"cq-carouselcontent\">Take the YGS exam. Get your score according to the score type of the program you want to apply for.<br \/>\nIf you have the right to pass without an exam, you can also use this right. Please refer to the \u00d6SYM preference guide about the departments that take students without an exam.<br \/>\nDuring the preference period, prefer the departments with the phrase Distance Education from \u00d6SYM Preference Guide<br \/>\nIf you are eligible to be placed in the program, start the registration process and submit the necessary documents to the student affairs of the Vocational School you are affiliated with.<br \/>\nDocuments Required for In Person Application;<br \/>\n&#8211; High school diploma<br \/>\n&#8211; Photocopy of identity card<br \/>\n&#8211; Photo.<br \/>\nNote: Please ask your enrollment school about the documents required for e-government enrollment.<br \/>\nStart the training.<br \/>\nWhen the trainings start, information about the course system will be published on the UZEM website.\n<p><\/div><\/div><\/div><\/div><div class=\"cq-menu-square\">\n                            <span class=\"value\"><\/span>\n                            <span class=\"cq-menu-line\"><\/span>\n                            <span class=\"cq-menu-line\"><\/span>\n                            <span class=\"cq-menu-line\"><\/span>\n                      <\/div><\/div><\/div><div class=\"cq-barcontainer\"><div class=\"cq-highlight-container text\"><span class=\"cq-highlight-label\">1. Ad\u0131m<\/span><\/div><div class=\"cq-highlight-container text\"><span class=\"cq-highlight-label\">2. Ad\u0131m<\/span><\/div><div class=\"cq-highlight-container text\"><span class=\"cq-highlight-label\">3. Ad\u0131m<\/span><\/div><div class=\"cq-highlight-container text\"><span class=\"cq-highlight-label\">4. Ad\u0131m<\/span><\/div><\/div><\/div><\/div>[\/vc_column_inner][\/vc_row_inner][\/vc_column][\/vc_row][vc_row][vc_column css=&#8221;.vc_custom_1435063008564{margin-top: -40px !important;padding-right: 0px !important;padding-left: 0px !important;}&#8221;][vc_column_text el_class=&#8221;menu-basligi&#8221; css=&#8221;.vc_custom_1709629478258{margin-bottom: 10px !important;}&#8221;]COMMON COURSES, EXAMS and FORMATION CERTIFICATE[\/vc_column_text][vc_row_inner][vc_column_inner width=&#8221;1\/4&#8243; css=&#8221;.vc_custom_1434964112893{padding-left: 0px !important;}&#8221;][vc_message style=&#8221;square&#8221;]Click on the programs for details[\/vc_message][\/vc_column_inner][vc_column_inner width=&#8221;3\/4&#8243;][vc_column_text]The courses offered within the scope of Common Courses and Compulsory Basic Courses are courses for students studying on OMU Campuses and information about registration for these courses is provided during the course registration period.<\/p>\n<p>The Foreign National Student Selection Exam is held once every semester and is coordinated by OMU International Relations Unit. For details, you can check the IAS website.<\/p>\n<p>Pedagogical Formation education is coordinated by OMU Faculty of Education. The Faculty of Education conducts the program itself. For details, you can check the OMU Faculty of Education website. If this program is offered again with UZEM infrastructure, an announcement will be made on the UZEM website.[\/vc_column_text][\/vc_column_inner][\/vc_row_inner][\/vc_column][\/vc_row]<\/p>\n","protected":false},"excerpt":{"rendered":"<p>[vc_row bg_type=&#8221;no_bg&#8221; css=&#8221;.vc_custom_1434899248760{background-position: 0 0 !important;background-repeat: repeat !important;}&#8221;][vc_column css=&#8221;.vc_custom_1434899404190{margin-top: 20px !important;margin-bottom: 20px !important;padding-left: 0px !important;background-position: 0 0 !important;background-repeat: repeat !important;}&#8221;][vc_column_text][\/vc_column_text][\/vc_column][\/vc_row][vc_row][vc_column css=&#8221;.vc_custom_1435042583291{margin-top: -20px !important;padding-left: 0px !important;}&#8221;][vc_empty_space height=&#8221;5&#8243;][vc_column_text] IT IS VERY EASY TO REGISTER FOR UZEM PROGRAMSHello! We look forward to welcoming you. We are in the registration period for the programs within UZEM. We have prepared this page to guide you to register for UZEM programs. You can use the contact form for any questions you may have. Our support team will get back to you as soon as possible.Click for Associate Degree \u00d6SYM preference codes.\u00d6nlisans \u00d6SYM tercih kodlar\u0131 i\u00e7in t\u0131klay\u0131n. [\/vc_column_text][\/vc_column][\/vc_row][vc_row][vc_column css=&#8221;.vc_custom_1435060181649{margin-top: -20px !important;padding-right: 0px !important;padding-left: 0px !important;}&#8221;][vc_column_text el_class=&#8221;menu-basligi&#8221; css=&#8221;.vc_custom_1709629198851{margin-bottom: 10px !important;}&#8221;]APPLICATION GUIDE FOR MASTER&#8217;S PROGRAMS[\/vc_column_text][vc_row_inner][vc_column_inner width=&#8221;1\/4&#8243; css=&#8221;.vc_custom_1434964112893{padding-left: 0px !important;}&#8221;][vc_message style=&#8221;square&#8221;]Click on the programs for details. Scroll the timeline for application steps.[\/vc_message][\/vc_column_inner][vc_column_inner width=&#8221;3\/4&#8243;][vc_empty_space height=&#8221;20px&#8221;][\/vc_column_inner][\/vc_row_inner][\/vc_column][\/vc_row][vc_row][vc_column css=&#8221;.vc_custom_1435062985785{margin-top: -40px !important;padding-right: 0px !important;padding-left: 0px !important;}&#8221;][vc_column_text el_class=&#8221;menu-basligi&#8221; css=&#8221;.vc_custom_1709629422058{margin-bottom: 10px !important;}&#8221;]APPLICATION GUIDE FOR DEGREE COMPLETION PROGRAMS[\/vc_column_text][vc_row_inner][vc_column_inner width=&#8221;1\/4&#8243; css=&#8221;.vc_custom_1434964112893{padding-left: 0px !important;}&#8221;][vc_message style=&#8221;square&#8221;]Click on the programs for details. Scroll the timeline for application steps.[\/vc_message][vc_message style=&#8221;square&#8221;]There are no students in the Midwifery Undergraduate Completion program.[\/vc_message][\/vc_column_inner][vc_column_inner width=&#8221;3\/4&#8243;][vc_empty_space height=&#8221;20px&#8221;][\/vc_column_inner][\/vc_row_inner][\/vc_column][\/vc_row][vc_row][vc_column css=&#8221;.vc_custom_1435062998272{margin-top: -40px !important;padding-right: 0px !important;padding-left: 0px !important;}&#8221;][vc_column_text el_class=&#8221;menu-basligi&#8221; css=&#8221;.vc_custom_1709629438867{margin-bottom: 10px !important;}&#8221;]APPLICATION GUIDE FOR ASSOCIATE DEGREE PROGRAMS[\/vc_column_text][vc_row_inner][vc_column_inner width=&#8221;1\/4&#8243; css=&#8221;.vc_custom_1434964112893{padding-left: 0px !important;}&#8221;][vc_message style=&#8221;square&#8221;]Click on the programs for details. Scroll the timeline for application steps.[\/vc_message][\/vc_column_inner][vc_column_inner width=&#8221;3\/4&#8243;][vc_empty_space height=&#8221;20px&#8221;][\/vc_column_inner][\/vc_row_inner][\/vc_column][\/vc_row][vc_row][vc_column css=&#8221;.vc_custom_1435063008564{margin-top: -40px !important;padding-right: 0px !important;padding-left: 0px !important;}&#8221;][vc_column_text el_class=&#8221;menu-basligi&#8221; css=&#8221;.vc_custom_1709629478258{margin-bottom: 10px !important;}&#8221;]COMMON COURSES, EXAMS and FORMATION CERTIFICATE[\/vc_column_text][vc_row_inner][vc_column_inner width=&#8221;1\/4&#8243; css=&#8221;.vc_custom_1434964112893{padding-left: 0px !important;}&#8221;][vc_message style=&#8221;square&#8221;]Click on the programs for details[\/vc_message][\/vc_column_inner][vc_column_inner width=&#8221;3\/4&#8243;][vc_column_text]The courses offered within the scope of Common Courses and Compulsory Basic [&hellip;]<\/p>\n","protected":false},"author":1,"featured_media":0,"parent":0,"menu_order":0,"comment_status":"closed","ping_status":"closed","template":"","meta":[],"translation":{"provider":"WPGlobus","version":"2.12.2","language":"en","enabled_languages":["tr","en"],"languages":{"tr":{"title":true,"content":true,"excerpt":false},"en":{"title":true,"content":true,"excerpt":false}}},"yoast_head":"<!-- This site is optimized with the Yoast SEO plugin v17.4 - https:\/\/yoast.com\/wordpress\/plugins\/seo\/ -->\n<meta name=\"robots\" content=\"index, follow, max-snippet:-1, max-image-preview:large, max-video-preview:-1\" \/>\n<link rel=\"canonical\" href=\"https:\/\/uzem.omu.edu.tr\/uzemde-kayitlar-basladi\/\" \/>\n<meta property=\"og:locale\" content=\"en_US\" \/>\n<meta property=\"og:type\" content=\"article\" \/>\n<meta property=\"og:title\" content=\"UZEM Registration Processes - OM\u00dc Uzaktan E\u011fitim Merkezi\" \/>\n<meta property=\"og:url\" content=\"https:\/\/uzem.omu.edu.tr\/uzemde-kayitlar-basladi\/\" \/>\n<meta property=\"og:site_name\" content=\"OM\u00dc Uzaktan E\u011fitim Merkezi\" \/>\n<meta property=\"article:publisher\" content=\"https:\/\/www.facebook.com\/omu.uzem\" \/>\n<meta property=\"article:modified_time\" content=\"2024-09-02T06:13:23+00:00\" \/>\n<meta name=\"twitter:card\" content=\"summary_large_image\" \/>\n<meta name=\"twitter:site\" content=\"@omuuzem\" \/>\n<meta name=\"twitter:label1\" content=\"Est. reading time\" \/>\n\t<meta name=\"twitter:data1\" content=\"3 minutes\" \/>\n<script type=\"application\/ld+json\" class=\"yoast-schema-graph\">{\"@context\":\"https:\/\/schema.org\",\"@graph\":[{\"@type\":\"Organization\",\"@id\":\"https:\/\/uzem.omu.edu.tr\/#organization\",\"name\":\"UZEM\",\"url\":\"https:\/\/uzem.omu.edu.tr\/\",\"sameAs\":[\"https:\/\/www.facebook.com\/omu.uzem\",\"https:\/\/www.instagram.com\/omu.uzem\/\",\"https:\/\/www.youtube.com\/channel\/UCQ6c_wjaGQcIvBKTbPrOe2A\",\"https:\/\/twitter.com\/omuuzem\"],\"logo\":{\"@type\":\"ImageObject\",\"@id\":\"https:\/\/uzem.omu.edu.tr\/#logo\",\"inLanguage\":\"en-US\",\"url\":\"https:\/\/uzem.omu.edu.tr\/wp-content\/uploads\/ulogo-1.png\",\"contentUrl\":\"https:\/\/uzem.omu.edu.tr\/wp-content\/uploads\/ulogo-1.png\",\"width\":364,\"height\":39,\"caption\":\"UZEM\"},\"image\":{\"@id\":\"https:\/\/uzem.omu.edu.tr\/#logo\"}},{\"@type\":\"WebSite\",\"@id\":\"https:\/\/uzem.omu.edu.tr\/#website\",\"url\":\"https:\/\/uzem.omu.edu.tr\/\",\"name\":\"OM\\u00dc Uzaktan E\\u011fitim Merkezi\",\"description\":\"&quot;F\\u0131rsatlar Sunar&quot;\",\"publisher\":{\"@id\":\"https:\/\/uzem.omu.edu.tr\/#organization\"},\"potentialAction\":[{\"@type\":\"SearchAction\",\"target\":{\"@type\":\"EntryPoint\",\"urlTemplate\":\"https:\/\/uzem.omu.edu.tr\/?s={search_term_string}\"},\"query-input\":\"required name=search_term_string\"}],\"inLanguage\":\"en-US\"},{\"@type\":\"WebPage\",\"@id\":\"https:\/\/uzem.omu.edu.tr\/uzemde-kayitlar-basladi\/#webpage\",\"url\":\"https:\/\/uzem.omu.edu.tr\/uzemde-kayitlar-basladi\/\",\"name\":\"UZEM Registration Processes - OM\\u00dc Uzaktan E\\u011fitim Merkezi\",\"isPartOf\":{\"@id\":\"https:\/\/uzem.omu.edu.tr\/#website\"},\"datePublished\":\"2015-06-21T12:41:18+00:00\",\"dateModified\":\"2024-09-02T06:13:23+00:00\",\"breadcrumb\":{\"@id\":\"https:\/\/uzem.omu.edu.tr\/uzemde-kayitlar-basladi\/#breadcrumb\"},\"inLanguage\":\"en-US\",\"potentialAction\":[{\"@type\":\"ReadAction\",\"target\":[\"https:\/\/uzem.omu.edu.tr\/uzemde-kayitlar-basladi\/\"]}]},{\"@type\":\"BreadcrumbList\",\"@id\":\"https:\/\/uzem.omu.edu.tr\/uzemde-kayitlar-basladi\/#breadcrumb\",\"itemListElement\":[{\"@type\":\"ListItem\",\"position\":1,\"name\":\"Home\",\"item\":\"https:\/\/uzem.omu.edu.tr\/\"},{\"@type\":\"ListItem\",\"position\":2,\"name\":\"UZEM Kay\\u0131t \\u0130\\u015flemleri\"}]}]}<\/script>\n<!-- \/ Yoast SEO plugin. -->","yoast_head_json":{"robots":{"index":"index","follow":"follow","max-snippet":"max-snippet:-1","max-image-preview":"max-image-preview:large","max-video-preview":"max-video-preview:-1"},"canonical":"https:\/\/uzem.omu.edu.tr\/uzemde-kayitlar-basladi\/","og_locale":"en_US","og_type":"article","og_title":"UZEM Registration Processes - OM\u00dc Uzaktan E\u011fitim Merkezi","og_url":"https:\/\/uzem.omu.edu.tr\/uzemde-kayitlar-basladi\/","og_site_name":"OM\u00dc Uzaktan E\u011fitim Merkezi","article_publisher":"https:\/\/www.facebook.com\/omu.uzem","article_modified_time":"2024-09-02T06:13:23+00:00","twitter_card":"summary_large_image","twitter_site":"@omuuzem","twitter_misc":{"Est. reading time":"3 minutes"},"schema":{"@context":"https:\/\/schema.org","@graph":[{"@type":"Organization","@id":"https:\/\/uzem.omu.edu.tr\/#organization","name":"UZEM","url":"https:\/\/uzem.omu.edu.tr\/","sameAs":["https:\/\/www.facebook.com\/omu.uzem","https:\/\/www.instagram.com\/omu.uzem\/","https:\/\/www.youtube.com\/channel\/UCQ6c_wjaGQcIvBKTbPrOe2A","https:\/\/twitter.com\/omuuzem"],"logo":{"@type":"ImageObject","@id":"https:\/\/uzem.omu.edu.tr\/#logo","inLanguage":"en-US","url":"https:\/\/uzem.omu.edu.tr\/wp-content\/uploads\/ulogo-1.png","contentUrl":"https:\/\/uzem.omu.edu.tr\/wp-content\/uploads\/ulogo-1.png","width":364,"height":39,"caption":"UZEM"},"image":{"@id":"https:\/\/uzem.omu.edu.tr\/#logo"}},{"@type":"WebSite","@id":"https:\/\/uzem.omu.edu.tr\/#website","url":"https:\/\/uzem.omu.edu.tr\/","name":"OM\u00dc Uzaktan E\u011fitim Merkezi","description":"&quot;F\u0131rsatlar Sunar&quot;","publisher":{"@id":"https:\/\/uzem.omu.edu.tr\/#organization"},"potentialAction":[{"@type":"SearchAction","target":{"@type":"EntryPoint","urlTemplate":"https:\/\/uzem.omu.edu.tr\/?s={search_term_string}"},"query-input":"required name=search_term_string"}],"inLanguage":"en-US"},{"@type":"WebPage","@id":"https:\/\/uzem.omu.edu.tr\/uzemde-kayitlar-basladi\/#webpage","url":"https:\/\/uzem.omu.edu.tr\/uzemde-kayitlar-basladi\/","name":"UZEM Registration Processes - OM\u00dc Uzaktan E\u011fitim Merkezi","isPartOf":{"@id":"https:\/\/uzem.omu.edu.tr\/#website"},"datePublished":"2015-06-21T12:41:18+00:00","dateModified":"2024-09-02T06:13:23+00:00","breadcrumb":{"@id":"https:\/\/uzem.omu.edu.tr\/uzemde-kayitlar-basladi\/#breadcrumb"},"inLanguage":"en-US","potentialAction":[{"@type":"ReadAction","target":["https:\/\/uzem.omu.edu.tr\/uzemde-kayitlar-basladi\/"]}]},{"@type":"BreadcrumbList","@id":"https:\/\/uzem.omu.edu.tr\/uzemde-kayitlar-basladi\/#breadcrumb","itemListElement":[{"@type":"ListItem","position":1,"name":"Home","item":"https:\/\/uzem.omu.edu.tr\/"},{"@type":"ListItem","position":2,"name":"UZEM Kay\u0131t \u0130\u015flemleri"}]}]}},"_links":{"self":[{"href":"https:\/\/uzem.omu.edu.tr\/en\/wp-json\/wp\/v2\/pages\/4184"}],"collection":[{"href":"https:\/\/uzem.omu.edu.tr\/en\/wp-json\/wp\/v2\/pages"}],"about":[{"href":"https:\/\/uzem.omu.edu.tr\/en\/wp-json\/wp\/v2\/types\/page"}],"author":[{"embeddable":true,"href":"https:\/\/uzem.omu.edu.tr\/en\/wp-json\/wp\/v2\/users\/1"}],"replies":[{"embeddable":true,"href":"https:\/\/uzem.omu.edu.tr\/en\/wp-json\/wp\/v2\/comments?post=4184"}],"version-history":[{"count":8,"href":"https:\/\/uzem.omu.edu.tr\/en\/wp-json\/wp\/v2\/pages\/4184\/revisions"}],"predecessor-version":[{"id":26298,"href":"https:\/\/uzem.omu.edu.tr\/en\/wp-json\/wp\/v2\/pages\/4184\/revisions\/26298"}],"wp:attachment":[{"href":"https:\/\/uzem.omu.edu.tr\/en\/wp-json\/wp\/v2\/media?parent=4184"}],"curies":[{"name":"wp","href":"https:\/\/api.w.org\/{rel}","templated":true}]}}