{"id":3623,"date":"2015-06-20T08:03:10","date_gmt":"2015-06-20T08:03:10","guid":{"rendered":"https:\/\/uzem.omu.edu.tr\/?page_id=3623"},"modified":"2024-03-04T16:11:41","modified_gmt":"2024-03-04T13:11:41","slug":"halkla-iliskiler-ve-destek-birimi","status":"publish","type":"page","link":"https:\/\/uzem.omu.edu.tr\/en\/halkla-iliskiler-ve-destek-birimi\/","title":{"rendered":"Public Relations Support Unit"},"content":{"rendered":"<p>[vc_row css=&#8221;.vc_custom_1427462343642{margin-top: -5px !important;margin-left: 0px !important;padding-left: 0px !important;}&#8221;][vc_column width=&#8221;3\/4&#8243; css=&#8221;.vc_custom_1427887788875{padding-left: 0px !important;}&#8221;][vc_empty_space height=&#8221;5&#8243;][vc_column_text el_class=&#8221;menu-basligi&#8221;]<strong>Public Relations Support Un\u0131t<\/strong>[\/vc_column_text][vc_column_text]<i class=\"fa fa-bookmark \" ><\/i> Manages all corporate communications of the Center.<br \/>\n<i class=\"fa fa-bookmark \" ><\/i> Organizes messages and calls coming to the Center managers through various communication channels.<br \/>\n<i class=\"fa fa-bookmark \" ><\/i> Reviews and responds to all kinds of comments, suggestions and complaints about the activities of the Center.<br \/>\n<i class=\"fa fa-bookmark \" ><\/i> Responsible for the communication activities of the Center with other institutions and units.<br \/>\n<i class=\"fa fa-bookmark \" ><\/i> Transfers the opinions, suggestions and complaints received on issues concerning the units of the Center to the coordinator of the relevant unit.<br \/>\n<i class=\"fa fa-bookmark \" ><\/i> Researches activities to improve the quality of the center&#8217;s corporate communication and makes suggestions to center managers to improve quality.<br \/>\n<i class=\"fa fa-bookmark \" ><\/i> Performs all other tasks and duties assigned by the center managers or unit coordinator.<br \/>\n<i class=\"fa fa-bookmark \" ><\/i> Follows the leave procedures of the personnel.<br \/>\n<i class=\"fa fa-bookmark \" ><\/i> Carries out the application and correspondence procedures of part-time students.<br \/>\n<i class=\"fa fa-bookmark \" ><\/i> Writes the decisions of the Board of Directors and directs the board decisions to the relevant units.[\/vc_column_text][vc_column_text el_class=&#8221;menu-basligi&#8221;]<strong>DEPARTMENT STAFF<\/strong>[\/vc_column_text][vc_row_inner][vc_column_inner width=&#8221;1\/2&#8243; css=&#8221;.vc_custom_1434804092970{padding-right: 10px !important;padding-left: 0px !important;}&#8221;][vc_column_text]<\/p>\n<div class=\"personel-container\">\n<div class=\"personel-foto\"><img src=\"https:\/\/uzem.omu.edu.tr\/wp-content\/uploads\/dilek-uzem.jpg\" alt=\"emrah-altun\" \/><\/div>\n<div class=\"personel-bilgileri\">\n<div class=\"personel-ad-soyad-blogu\">\n<div class=\"personel-ad-soyad-blogu-baslik\">Name Surname:<\/div>\n<div class=\"personel-ad-soyad-blogu-isim\">Dilek \u00d6ZCAN<\/div>\n<\/div>\n<div class=\"personel-dahili-blogu\">\n<div class=\"personel-dahili-blogu-baslik\">Extension No:<\/div>\n<div class=\"personel-dahili-blogu-dahili\">1921<\/div>\n<\/div>\n<div class=\"personel-eposta-blogu\">\n<div class=\"personel-eposta-blogu-baslik\">Email:<\/div>\n<div class=\"personel-eposta-blogu-eposta\">dilek.ozcan@uzem.omu.edu.tr<\/div>\n<\/div>\n<div class=\"personel-gorev-blogu\">\n<div class=\"personel-gorev-blogu-baslik\">Unit Coordinator<\/div>\n<\/div>\n<\/div>\n<\/div>\n<p>[\/vc_column_text][\/vc_column_inner][vc_column_inner width=&#8221;1\/2&#8243; css=&#8221;.vc_custom_1434804125960{padding-right: 0px !important;padding-left: 0px !important;}&#8221;][vc_column_text]<\/p>\n<div class=\"personel-container\">\n<div class=\"personel-foto\"><img src=\"https:\/\/uzem.omu.edu.tr\/wp-content\/uploads\/seda-uzem.jpg\" alt=\"emrah-altun\" \/><\/div>\n<div class=\"personel-bilgileri\">\n<div class=\"personel-ad-soyad-blogu\">\n<div class=\"personel-ad-soyad-blogu-baslik\">Name Surname:<\/div>\n<div class=\"personel-ad-soyad-blogu-isim\">Sedanur KIRAN BAYRAKTAR<\/div>\n<\/div>\n<div class=\"personel-dahili-blogu\">\n<div class=\"personel-dahili-blogu-baslik\">Extension No:<\/div>\n<div class=\"personel-dahili-blogu-dahili\">1920<\/div>\n<\/div>\n<div class=\"personel-eposta-blogu\">\n<div class=\"personel-eposta-blogu-baslik\">Email:<\/div>\n<div class=\"personel-eposta-blogu-eposta\">sedanur.kiran@uzem.omu.edu.tr<\/div>\n<\/div>\n<\/div>\n<\/div>\n<p>[\/vc_column_text][\/vc_column_inner][\/vc_row_inner][\/vc_column][vc_column width=&#8221;1\/4&#8243; css=&#8221;.vc_custom_1510997106374{margin-top: 5px !important;padding-right: 0px !important;}&#8221;][vc_widget_sidebar sidebar_id=&#8221;generated_sidebar-kadromuz&#8221;][\/vc_column][\/vc_row]<\/p>\n","protected":false},"excerpt":{"rendered":"<p>[vc_row css=&#8221;.vc_custom_1427462343642{margin-top: -5px !important;margin-left: 0px !important;padding-left: 0px !important;}&#8221;][vc_column width=&#8221;3\/4&#8243; css=&#8221;.vc_custom_1427887788875{padding-left: 0px !important;}&#8221;][vc_empty_space height=&#8221;5&#8243;][vc_column_text el_class=&#8221;menu-basligi&#8221;]Public Relations Support Un\u0131t[\/vc_column_text][vc_column_text] Manages all corporate communications of the Center. Organizes messages and calls coming to the Center managers through various communication channels. Reviews and responds to all kinds of comments, suggestions and complaints about the activities of the Center. Responsible for the communication activities of the Center with other institutions and units. Transfers the opinions, suggestions and complaints received on issues concerning the units of the Center to the coordinator of the relevant unit. Researches activities to improve the quality of the center&#8217;s corporate communication and makes suggestions to center managers to improve quality. Performs all other tasks and duties assigned by the center managers or unit coordinator. Follows the leave procedures of the personnel. Carries out the application and correspondence procedures of part-time students. Writes the decisions of the Board of Directors and directs the board decisions to the relevant units.[\/vc_column_text][vc_column_text el_class=&#8221;menu-basligi&#8221;]DEPARTMENT STAFF[\/vc_column_text][vc_row_inner][vc_column_inner width=&#8221;1\/2&#8243; css=&#8221;.vc_custom_1434804092970{padding-right: 10px !important;padding-left: 0px !important;}&#8221;][vc_column_text] Name Surname: Dilek \u00d6ZCAN Extension No: 1921 Email: dilek.ozcan@uzem.omu.edu.tr Unit Coordinator [\/vc_column_text][\/vc_column_inner][vc_column_inner width=&#8221;1\/2&#8243; css=&#8221;.vc_custom_1434804125960{padding-right: 0px !important;padding-left: 0px !important;}&#8221;][vc_column_text] Name Surname: Sedanur KIRAN BAYRAKTAR Extension No: 1920 Email: sedanur.kiran@uzem.omu.edu.tr [\/vc_column_text][\/vc_column_inner][\/vc_row_inner][\/vc_column][vc_column width=&#8221;1\/4&#8243; css=&#8221;.vc_custom_1510997106374{margin-top: 5px !important;padding-right: 0px !important;}&#8221;][vc_widget_sidebar sidebar_id=&#8221;generated_sidebar-kadromuz&#8221;][\/vc_column][\/vc_row]<\/p>\n","protected":false},"author":5,"featured_media":0,"parent":0,"menu_order":0,"comment_status":"closed","ping_status":"closed","template":"","meta":[],"translation":{"provider":"WPGlobus","version":"2.12.2","language":"en","enabled_languages":["tr","en"],"languages":{"tr":{"title":true,"content":true,"excerpt":false},"en":{"title":true,"content":true,"excerpt":false}}},"yoast_head":"<!-- This site is optimized with the Yoast SEO plugin v17.4 - https:\/\/yoast.com\/wordpress\/plugins\/seo\/ -->\n<meta name=\"robots\" content=\"index, follow, max-snippet:-1, max-image-preview:large, max-video-preview:-1\" \/>\n<link rel=\"canonical\" href=\"https:\/\/uzem.omu.edu.tr\/halkla-iliskiler-ve-destek-birimi\/\" \/>\n<meta property=\"og:locale\" content=\"en_US\" \/>\n<meta property=\"og:type\" content=\"article\" \/>\n<meta property=\"og:title\" content=\"Public Relations Support Unit - OM\u00dc Uzaktan E\u011fitim Merkezi\" \/>\n<meta property=\"og:url\" content=\"https:\/\/uzem.omu.edu.tr\/halkla-iliskiler-ve-destek-birimi\/\" \/>\n<meta property=\"og:site_name\" content=\"OM\u00dc Uzaktan E\u011fitim Merkezi\" \/>\n<meta property=\"article:publisher\" content=\"https:\/\/www.facebook.com\/omu.uzem\" \/>\n<meta property=\"article:modified_time\" content=\"2024-03-04T13:11:41+00:00\" \/>\n<meta property=\"og:image\" content=\"https:\/\/uzem.omu.edu.tr\/wp-content\/uploads\/dilek-uzem.jpg\" \/>\n<meta name=\"twitter:card\" content=\"summary_large_image\" \/>\n<meta name=\"twitter:site\" content=\"@omuuzem\" \/>\n<meta name=\"twitter:label1\" content=\"Est. reading time\" \/>\n\t<meta name=\"twitter:data1\" content=\"2 minutes\" \/>\n<script type=\"application\/ld+json\" class=\"yoast-schema-graph\">{\"@context\":\"https:\/\/schema.org\",\"@graph\":[{\"@type\":\"Organization\",\"@id\":\"https:\/\/uzem.omu.edu.tr\/#organization\",\"name\":\"UZEM\",\"url\":\"https:\/\/uzem.omu.edu.tr\/\",\"sameAs\":[\"https:\/\/www.facebook.com\/omu.uzem\",\"https:\/\/www.instagram.com\/omu.uzem\/\",\"https:\/\/www.youtube.com\/channel\/UCQ6c_wjaGQcIvBKTbPrOe2A\",\"https:\/\/twitter.com\/omuuzem\"],\"logo\":{\"@type\":\"ImageObject\",\"@id\":\"https:\/\/uzem.omu.edu.tr\/#logo\",\"inLanguage\":\"en-US\",\"url\":\"https:\/\/uzem.omu.edu.tr\/wp-content\/uploads\/ulogo-1.png\",\"contentUrl\":\"https:\/\/uzem.omu.edu.tr\/wp-content\/uploads\/ulogo-1.png\",\"width\":364,\"height\":39,\"caption\":\"UZEM\"},\"image\":{\"@id\":\"https:\/\/uzem.omu.edu.tr\/#logo\"}},{\"@type\":\"WebSite\",\"@id\":\"https:\/\/uzem.omu.edu.tr\/#website\",\"url\":\"https:\/\/uzem.omu.edu.tr\/\",\"name\":\"OM\\u00dc Uzaktan E\\u011fitim Merkezi\",\"description\":\"&quot;F\\u0131rsatlar Sunar&quot;\",\"publisher\":{\"@id\":\"https:\/\/uzem.omu.edu.tr\/#organization\"},\"potentialAction\":[{\"@type\":\"SearchAction\",\"target\":{\"@type\":\"EntryPoint\",\"urlTemplate\":\"https:\/\/uzem.omu.edu.tr\/?s={search_term_string}\"},\"query-input\":\"required name=search_term_string\"}],\"inLanguage\":\"en-US\"},{\"@type\":\"ImageObject\",\"@id\":\"https:\/\/uzem.omu.edu.tr\/halkla-iliskiler-ve-destek-birimi\/#primaryimage\",\"inLanguage\":\"en-US\",\"url\":\"https:\/\/uzem.omu.edu.tr\/wp-content\/uploads\/dilek-uzem.jpg\",\"contentUrl\":\"https:\/\/uzem.omu.edu.tr\/wp-content\/uploads\/dilek-uzem.jpg\",\"width\":200,\"height\":200},{\"@type\":\"WebPage\",\"@id\":\"https:\/\/uzem.omu.edu.tr\/halkla-iliskiler-ve-destek-birimi\/#webpage\",\"url\":\"https:\/\/uzem.omu.edu.tr\/halkla-iliskiler-ve-destek-birimi\/\",\"name\":\"Public Relations Support Unit - OM\\u00dc Uzaktan E\\u011fitim Merkezi\",\"isPartOf\":{\"@id\":\"https:\/\/uzem.omu.edu.tr\/#website\"},\"primaryImageOfPage\":{\"@id\":\"https:\/\/uzem.omu.edu.tr\/halkla-iliskiler-ve-destek-birimi\/#primaryimage\"},\"datePublished\":\"2015-06-20T08:03:10+00:00\",\"dateModified\":\"2024-03-04T13:11:41+00:00\",\"breadcrumb\":{\"@id\":\"https:\/\/uzem.omu.edu.tr\/halkla-iliskiler-ve-destek-birimi\/#breadcrumb\"},\"inLanguage\":\"en-US\",\"potentialAction\":[{\"@type\":\"ReadAction\",\"target\":[\"https:\/\/uzem.omu.edu.tr\/halkla-iliskiler-ve-destek-birimi\/\"]}]},{\"@type\":\"BreadcrumbList\",\"@id\":\"https:\/\/uzem.omu.edu.tr\/halkla-iliskiler-ve-destek-birimi\/#breadcrumb\",\"itemListElement\":[{\"@type\":\"ListItem\",\"position\":1,\"name\":\"Home\",\"item\":\"https:\/\/uzem.omu.edu.tr\/\"},{\"@type\":\"ListItem\",\"position\":2,\"name\":\"Halkla \\u0130li\\u015fkiler ve \\u00d6\\u011frenci \\u0130\\u015fleri Destek Birimi\"}]}]}<\/script>\n<!-- \/ Yoast SEO plugin. -->","yoast_head_json":{"robots":{"index":"index","follow":"follow","max-snippet":"max-snippet:-1","max-image-preview":"max-image-preview:large","max-video-preview":"max-video-preview:-1"},"canonical":"https:\/\/uzem.omu.edu.tr\/halkla-iliskiler-ve-destek-birimi\/","og_locale":"en_US","og_type":"article","og_title":"Public Relations Support Unit - OM\u00dc Uzaktan E\u011fitim Merkezi","og_url":"https:\/\/uzem.omu.edu.tr\/halkla-iliskiler-ve-destek-birimi\/","og_site_name":"OM\u00dc Uzaktan E\u011fitim Merkezi","article_publisher":"https:\/\/www.facebook.com\/omu.uzem","article_modified_time":"2024-03-04T13:11:41+00:00","og_image":[{"url":"https:\/\/uzem.omu.edu.tr\/wp-content\/uploads\/dilek-uzem.jpg"}],"twitter_card":"summary_large_image","twitter_site":"@omuuzem","twitter_misc":{"Est. reading time":"2 minutes"},"schema":{"@context":"https:\/\/schema.org","@graph":[{"@type":"Organization","@id":"https:\/\/uzem.omu.edu.tr\/#organization","name":"UZEM","url":"https:\/\/uzem.omu.edu.tr\/","sameAs":["https:\/\/www.facebook.com\/omu.uzem","https:\/\/www.instagram.com\/omu.uzem\/","https:\/\/www.youtube.com\/channel\/UCQ6c_wjaGQcIvBKTbPrOe2A","https:\/\/twitter.com\/omuuzem"],"logo":{"@type":"ImageObject","@id":"https:\/\/uzem.omu.edu.tr\/#logo","inLanguage":"en-US","url":"https:\/\/uzem.omu.edu.tr\/wp-content\/uploads\/ulogo-1.png","contentUrl":"https:\/\/uzem.omu.edu.tr\/wp-content\/uploads\/ulogo-1.png","width":364,"height":39,"caption":"UZEM"},"image":{"@id":"https:\/\/uzem.omu.edu.tr\/#logo"}},{"@type":"WebSite","@id":"https:\/\/uzem.omu.edu.tr\/#website","url":"https:\/\/uzem.omu.edu.tr\/","name":"OM\u00dc Uzaktan E\u011fitim Merkezi","description":"&quot;F\u0131rsatlar Sunar&quot;","publisher":{"@id":"https:\/\/uzem.omu.edu.tr\/#organization"},"potentialAction":[{"@type":"SearchAction","target":{"@type":"EntryPoint","urlTemplate":"https:\/\/uzem.omu.edu.tr\/?s={search_term_string}"},"query-input":"required name=search_term_string"}],"inLanguage":"en-US"},{"@type":"ImageObject","@id":"https:\/\/uzem.omu.edu.tr\/halkla-iliskiler-ve-destek-birimi\/#primaryimage","inLanguage":"en-US","url":"https:\/\/uzem.omu.edu.tr\/wp-content\/uploads\/dilek-uzem.jpg","contentUrl":"https:\/\/uzem.omu.edu.tr\/wp-content\/uploads\/dilek-uzem.jpg","width":200,"height":200},{"@type":"WebPage","@id":"https:\/\/uzem.omu.edu.tr\/halkla-iliskiler-ve-destek-birimi\/#webpage","url":"https:\/\/uzem.omu.edu.tr\/halkla-iliskiler-ve-destek-birimi\/","name":"Public Relations Support Unit - OM\u00dc Uzaktan E\u011fitim Merkezi","isPartOf":{"@id":"https:\/\/uzem.omu.edu.tr\/#website"},"primaryImageOfPage":{"@id":"https:\/\/uzem.omu.edu.tr\/halkla-iliskiler-ve-destek-birimi\/#primaryimage"},"datePublished":"2015-06-20T08:03:10+00:00","dateModified":"2024-03-04T13:11:41+00:00","breadcrumb":{"@id":"https:\/\/uzem.omu.edu.tr\/halkla-iliskiler-ve-destek-birimi\/#breadcrumb"},"inLanguage":"en-US","potentialAction":[{"@type":"ReadAction","target":["https:\/\/uzem.omu.edu.tr\/halkla-iliskiler-ve-destek-birimi\/"]}]},{"@type":"BreadcrumbList","@id":"https:\/\/uzem.omu.edu.tr\/halkla-iliskiler-ve-destek-birimi\/#breadcrumb","itemListElement":[{"@type":"ListItem","position":1,"name":"Home","item":"https:\/\/uzem.omu.edu.tr\/"},{"@type":"ListItem","position":2,"name":"Halkla \u0130li\u015fkiler ve \u00d6\u011frenci \u0130\u015fleri Destek Birimi"}]}]}},"_links":{"self":[{"href":"https:\/\/uzem.omu.edu.tr\/en\/wp-json\/wp\/v2\/pages\/3623"}],"collection":[{"href":"https:\/\/uzem.omu.edu.tr\/en\/wp-json\/wp\/v2\/pages"}],"about":[{"href":"https:\/\/uzem.omu.edu.tr\/en\/wp-json\/wp\/v2\/types\/page"}],"author":[{"embeddable":true,"href":"https:\/\/uzem.omu.edu.tr\/en\/wp-json\/wp\/v2\/users\/5"}],"replies":[{"embeddable":true,"href":"https:\/\/uzem.omu.edu.tr\/en\/wp-json\/wp\/v2\/comments?post=3623"}],"version-history":[{"count":10,"href":"https:\/\/uzem.omu.edu.tr\/en\/wp-json\/wp\/v2\/pages\/3623\/revisions"}],"predecessor-version":[{"id":26015,"href":"https:\/\/uzem.omu.edu.tr\/en\/wp-json\/wp\/v2\/pages\/3623\/revisions\/26015"}],"wp:attachment":[{"href":"https:\/\/uzem.omu.edu.tr\/en\/wp-json\/wp\/v2\/media?parent=3623"}],"curies":[{"name":"wp","href":"https:\/\/api.w.org\/{rel}","templated":true}]}}