{"id":3620,"date":"2015-06-20T08:02:32","date_gmt":"2015-06-20T08:02:32","guid":{"rendered":"https:\/\/uzem.omu.edu.tr\/?page_id=3620"},"modified":"2025-10-03T15:02:16","modified_gmt":"2025-10-03T12:02:16","slug":"icerik-gelistirme","status":"publish","type":"page","link":"https:\/\/uzem.omu.edu.tr\/en\/icerik-gelistirme\/","title":{"rendered":"Content Development"},"content":{"rendered":"<p>[vc_row css=&#8221;.vc_custom_1427462343642{margin-top: -5px !important;margin-left: 0px !important;padding-left: 0px !important;}&#8221;][vc_column width=&#8221;3\/4&#8243; css=&#8221;.vc_custom_1427887788875{padding-left: 0px !important;}&#8221;][vc_column_text el_class=&#8221;menu-basligi&#8221; css=&#8221;.vc_custom_1709558010387{margin-top: 5px !important;padding-top: 5px !important;}&#8221;]<strong>Content Development Unit<\/strong>[\/vc_column_text][vc_column_text]<i class=\"fa fa-bookmark \" ><\/i> Responsible for the preparation of course materials for the education programs offered within the Center.<br \/>\n<i class=\"fa fa-bookmark \" ><\/i> Develops teaching materials such as text, audio, video, animation, etc. to be used in the courses and ensures that these components are presented in the course in line with the requests from the course instructors.<br \/>\n<i class=\"fa fa-bookmark \" ><\/i> He\/she is responsible for the preparation and presentation of a distance education course from start to finish, such as organizing the lecturers for the shooting of offline course videos, making the necessary appointments, creating the studio calendar, preparing the teaching material to be used in the studio, processing the video footage and making it available to students over the internet.<br \/>\n<i class=\"fa fa-bookmark \" ><\/i> Responsible for keeping the Center&#8217;s education portal up-to-date and presenting the courses to students in accordance with the academic calendar.<br \/>\n<i class=\"fa fa-bookmark \" ><\/i> Responsible for keeping the Center&#8217;s website up-to-date and announcing new events and news on the website.<br \/>\n<i class=\"fa fa-bookmark \" ><\/i> In activities such as conferences, panels, workshops, corporate meetings, in-service trainings to be held in the conference hall of the center; It is responsible for preparing the conference hall, video shooting of the event and live broadcasting of the event.<br \/>\n<i class=\"fa fa-bookmark \" ><\/i> Researches activities to improve the quality of the studio and education portal and makes suggestions to the center managers to improve quality.<br \/>\n<i class=\"fa fa-bookmark \" ><\/i> Performs all other tasks and duties as assigned by the center managers or unit coordinator.[\/vc_column_text][vc_column_text el_class=&#8221;menu-basligi&#8221;]<strong>Unit Personnel<\/strong>[\/vc_column_text][vc_row_inner][vc_column_inner width=&#8221;1\/2&#8243; css=&#8221;.vc_custom_1511001416130{padding-right: 10px !important;padding-left: 0px !important;}&#8221;][vc_column_text el_class=&#8221;personel-karti&#8221;]<\/p>\n<div class=\"personel-container\">\n<div class=\"personel-foto\"><img src=\"https:\/\/uzem.omu.edu.tr\/wp-content\/uploads\/emrah-altun-200.jpg\" alt=\"emrah-altun\" \/><\/div>\n<div class=\"personel-bilgileri\">\n<div class=\"personel-ad-soyad-blogu\">\n<div class=\"personel-ad-soyad-blogu-baslik\">Name Surname:<\/div>\n<div class=\"personel-ad-soyad-blogu-isim\">Lecturer Emrah ALTUN<\/div>\n<\/div>\n<div class=\"personel-dahili-blogu\">\n<div class=\"personel-dahili-blogu-baslik\">Extension No:<\/div>\n<div class=\"personel-dahili-blogu-dahili\">1960<\/div>\n<\/div>\n<div class=\"personel-eposta-blogu\">\n<div class=\"personel-eposta-blogu-baslik\">Email:<\/div>\n<div class=\"personel-eposta-blogu-eposta\">emrah.altun@uzem.omu.edu.tr<\/div>\n<\/div>\n<div class=\"personel-gorev-blogu\">\n<div class=\"personel-gorev-blogu-baslik\">Unit Coordinator<\/div>\n<\/div>\n<\/div>\n<\/div>\n<p>[\/vc_column_text][vc_column_text el_class=&#8221;personel-karti&#8221;]<\/p>\n<div class=\"personel-container\">\n<div class=\"personel-foto\"><img loading=\"lazy\" class=\"alignnone size-full wp-image-17184\" src=\"https:\/\/uzem.omu.edu.tr\/wp-content\/uploads\/can-uzem.jpg\" alt=\"can-murat-demir\" width=\"200\" height=\"200\" \/><\/div>\n<div class=\"personel-bilgileri\">\n<div class=\"personel-ad-soyad-blogu\">\n<div class=\"personel-ad-soyad-blogu-baslik\">Name Surname:<\/div>\n<div class=\"personel-ad-soyad-blogu-isim\">Can Murat DEM\u0130R<\/div>\n<\/div>\n<div class=\"personel-dahili-blogu\">\n<div class=\"personel-dahili-blogu-baslik\">Extension No:<\/div>\n<div class=\"personel-dahili-blogu-dahili\">1966<\/div>\n<\/div>\n<div class=\"personel-eposta-blogu\">\n<div class=\"personel-eposta-blogu-baslik\">Email:<\/div>\n<div class=\"personel-eposta-blogu-eposta\">can.murat@uzem.omu.edu.tr<\/div>\n<\/div>\n<\/div>\n<\/div>\n<p>[\/vc_column_text][vc_column_text el_class=&#8221;personel-karti&#8221;]<\/p>\n<div class=\"personel-container\">\n<div class=\"personel-foto\"><img loading=\"lazy\" class=\"alignnone size-full wp-image-17188\" src=\"https:\/\/uzem.omu.edu.tr\/wp-content\/uploads\/busra_uzem.jpg\" alt=\"sahire.uzem\" width=\"200\" height=\"200\" \/><\/div>\n<div class=\"personel-bilgileri\">\n<div class=\"personel-ad-soyad-blogu\">\n<div class=\"personel-ad-soyad-blogu-baslik\">Name Surname:<\/div>\n<div class=\"personel-ad-soyad-blogu-isim\">Bu\u015fra CABA<\/div>\n<\/div>\n<div class=\"personel-dahili-blogu\">\n<div class=\"personel-dahili-blogu-baslik\">Extension No:<\/div>\n<div class=\"personel-dahili-blogu-dahili\">1953<\/div>\n<\/div>\n<div class=\"personel-eposta-blogu\">\n<div class=\"personel-eposta-blogu-baslik\">Email:<\/div>\n<div class=\"personel-eposta-blogu-eposta\">busra.caba@uzem.omu.edu.tr<\/div>\n<\/div>\n<\/div>\n<\/div>\n<p>[\/vc_column_text][\/vc_column_inner][vc_column_inner width=&#8221;1\/2&#8243; css=&#8221;.vc_custom_1511001445761{padding-right: 10px !important;padding-left: 0px !important;}&#8221;][vc_column_text el_class=&#8221;personel-karti&#8221;]<\/p>\n<div class=\"personel-container\">\n<div class=\"personel-foto\"><img loading=\"lazy\" class=\"alignnone size-full wp-image-4001\" src=\"https:\/\/uzem.omu.edu.tr\/wp-content\/uploads\/halil_web-e1511002978928.jpg\" alt=\"halil_web\" width=\"200\" height=\"200\" srcset=\"https:\/\/uzem.omu.edu.tr\/wp-content\/uploads\/halil_web-e1511002978928.jpg 200w, https:\/\/uzem.omu.edu.tr\/wp-content\/uploads\/halil_web-e1511002978928-150x150.jpg 150w\" sizes=\"(max-width: 200px) 100vw, 200px\" \/><\/div>\n<div class=\"personel-bilgileri\">\n<div class=\"personel-ad-soyad-blogu\">\n<div class=\"personel-ad-soyad-blogu-baslik\">Name Surname:<\/div>\n<div class=\"personel-ad-soyad-blogu-isim\">Halil KARAKAYA<\/div>\n<\/div>\n<div class=\"personel-dahili-blogu\">\n<div class=\"personel-dahili-blogu-baslik\">Extension No:<\/div>\n<div class=\"personel-dahili-blogu-dahili\">1969<\/div>\n<\/div>\n<div class=\"personel-eposta-blogu\">\n<div class=\"personel-eposta-blogu-baslik\">Email:<\/div>\n<div class=\"personel-eposta-blogu-eposta\">halil.karakaya@uzem.omu.edu.tr<\/div>\n<\/div>\n<\/div>\n<\/div>\n<p>[\/vc_column_text][vc_column_text el_class=&#8221;personel-karti&#8221;]<\/p>\n<div class=\"personel-container\">\n<div class=\"personel-foto\"><img loading=\"lazy\" class=\"alignnone size-full wp-image-17186\" src=\"https:\/\/uzem.omu.edu.tr\/wp-content\/uploads\/ercan.bayak_.jpg\" alt=\"ercan.bayak\" width=\"200\" height=\"200\" srcset=\"https:\/\/uzem.omu.edu.tr\/wp-content\/uploads\/ercan.bayak_.jpg 200w, https:\/\/uzem.omu.edu.tr\/wp-content\/uploads\/ercan.bayak_-150x150.jpg 150w\" sizes=\"(max-width: 200px) 100vw, 200px\" \/><\/div>\n<div class=\"personel-bilgileri\">\n<div class=\"personel-ad-soyad-blogu\">\n<div class=\"personel-ad-soyad-blogu-baslik\">Name Surname:<\/div>\n<div class=\"personel-ad-soyad-blogu-isim\">Ercan BAYAK<\/div>\n<\/div>\n<div class=\"personel-dahili-blogu\">\n<div class=\"personel-dahili-blogu-baslik\">Extension No:<\/div>\n<div class=\"personel-dahili-blogu-dahili\">1962<\/div>\n<\/div>\n<div class=\"personel-eposta-blogu\">\n<div class=\"personel-eposta-blogu-baslik\">Email:<\/div>\n<div class=\"personel-eposta-blogu-eposta\">ercan.bayak@uzem.omu.edu.tr<\/div>\n<\/div>\n<\/div>\n<\/div>\n<p>[\/vc_column_text][vc_column_text el_class=&#8221;personel-karti&#8221;]<\/p>\n<div class=\"personel-container\">\n<div class=\"personel-foto\"><img loading=\"lazy\" class=\"alignnone size-full wp-image-17188\" src=\"https:\/\/uzem.omu.edu.tr\/wp-content\/uploads\/sahire.uzem_.jpg\" alt=\"sahire.uzem\" width=\"200\" height=\"200\" srcset=\"https:\/\/uzem.omu.edu.tr\/wp-content\/uploads\/sahire.uzem_.jpg 200w, https:\/\/uzem.omu.edu.tr\/wp-content\/uploads\/sahire.uzem_-150x150.jpg 150w\" sizes=\"(max-width: 200px) 100vw, 200px\" \/><\/div>\n<div class=\"personel-bilgileri\">\n<div class=\"personel-ad-soyad-blogu\">\n<div class=\"personel-ad-soyad-blogu-baslik\">Name Surname:<\/div>\n<div class=\"personel-ad-soyad-blogu-isim\">Sahire\u00a0DO\u011eRU<\/div>\n<\/div>\n<div class=\"personel-dahili-blogu\">\n<div class=\"personel-dahili-blogu-baslik\">Extension No:<\/div>\n<div class=\"personel-dahili-blogu-dahili\">1933<\/div>\n<\/div>\n<div class=\"personel-eposta-blogu\">\n<div class=\"personel-eposta-blogu-baslik\">Email:<\/div>\n<div class=\"personel-eposta-blogu-eposta\">sahire.dogru@uzem.omu.edu.tr<\/div>\n<\/div>\n<\/div>\n<\/div>\n<p>[\/vc_column_text][vc_column_text]<\/p>\n<div class=\"personel-container\">\n<div class=\"personel-foto\"><img loading=\"lazy\" class=\"alignnone size-full wp-image-17189\" src=\"https:\/\/uzem.omu.edu.tr\/wp-content\/uploads\/elif.karamustafa.jpg\" alt=\"elif.karamustafa\" width=\"200\" height=\"200\" srcset=\"https:\/\/uzem.omu.edu.tr\/wp-content\/uploads\/elif.karamustafa.jpg 200w, https:\/\/uzem.omu.edu.tr\/wp-content\/uploads\/elif.karamustafa-150x150.jpg 150w\" sizes=\"(max-width: 200px) 100vw, 200px\" \/><\/div>\n<div class=\"personel-bilgileri\">\n<div class=\"personel-ad-soyad-blogu\">\n<div class=\"personel-ad-soyad-blogu-baslik\">Name Surname:<\/div>\n<div class=\"personel-ad-soyad-blogu-isim\">Elif KARAMUSTAFA<\/div>\n<\/div>\n<div class=\"personel-dahili-blogu\">\n<div class=\"personel-dahili-blogu-baslik\">Extension No:<\/div>\n<div class=\"personel-dahili-blogu-dahili\">1965<\/div>\n<\/div>\n<div class=\"personel-eposta-blogu\">\n<div class=\"personel-eposta-blogu-baslik\">Email:<\/div>\n<div class=\"personel-eposta-blogu-eposta\">elif.karamustafa@uzem.omu.edu.tr<\/div>\n<\/div>\n<\/div>\n<\/div>\n<p>[\/vc_column_text][\/vc_column_inner][\/vc_row_inner][\/vc_column][vc_column width=&#8221;1\/4&#8243; css=&#8221;.vc_custom_1510997021437{margin-top: 5px !important;padding-right: 0px !important;}&#8221;][vc_widget_sidebar sidebar_id=&#8221;generated_sidebar-kadromuz&#8221;][\/vc_column][\/vc_row]<\/p>\n","protected":false},"excerpt":{"rendered":"<p>[vc_row css=&#8221;.vc_custom_1427462343642{margin-top: -5px !important;margin-left: 0px !important;padding-left: 0px !important;}&#8221;][vc_column width=&#8221;3\/4&#8243; css=&#8221;.vc_custom_1427887788875{padding-left: 0px !important;}&#8221;][vc_column_text el_class=&#8221;menu-basligi&#8221; css=&#8221;.vc_custom_1709558010387{margin-top: 5px !important;padding-top: 5px !important;}&#8221;]Content Development Unit[\/vc_column_text][vc_column_text] Responsible for the preparation of course materials for the education programs offered within the Center. Develops teaching materials such as text, audio, video, animation, etc. to be used in the courses and ensures that these components are presented in the course in line with the requests from the course instructors. He\/she is responsible for the preparation and presentation of a distance education course from start to finish, such as organizing the lecturers for the shooting of offline course videos, making the necessary appointments, creating the studio calendar, preparing the teaching material to be used in the studio, processing the video footage and making it available to students over the internet. Responsible for keeping the Center&#8217;s education portal up-to-date and presenting the courses to students in accordance with the academic calendar. Responsible for keeping the Center&#8217;s website up-to-date and announcing new events and news on the website. In activities such as conferences, panels, workshops, corporate meetings, in-service trainings to be held in the conference hall of the center; It is responsible for preparing the conference hall, video shooting of the event and live broadcasting of the event. Researches activities to improve the quality of the studio and education portal and makes suggestions to the center managers to improve quality. Performs all other tasks and duties as assigned by the center managers or unit coordinator.[\/vc_column_text][vc_column_text el_class=&#8221;menu-basligi&#8221;]Unit Personnel[\/vc_column_text][vc_row_inner][vc_column_inner width=&#8221;1\/2&#8243; css=&#8221;.vc_custom_1511001416130{padding-right: 10px !important;padding-left: 0px [&hellip;]<\/p>\n","protected":false},"author":5,"featured_media":0,"parent":0,"menu_order":0,"comment_status":"closed","ping_status":"closed","template":"","meta":[],"translation":{"provider":"WPGlobus","version":"2.12.2","language":"en","enabled_languages":["tr","en"],"languages":{"tr":{"title":true,"content":true,"excerpt":false},"en":{"title":true,"content":true,"excerpt":false}}},"yoast_head":"<!-- This site is optimized with the Yoast SEO plugin v17.4 - https:\/\/yoast.com\/wordpress\/plugins\/seo\/ -->\n<meta name=\"robots\" content=\"index, follow, max-snippet:-1, max-image-preview:large, max-video-preview:-1\" \/>\n<link rel=\"canonical\" href=\"https:\/\/uzem.omu.edu.tr\/icerik-gelistirme\/\" \/>\n<meta property=\"og:locale\" content=\"en_US\" \/>\n<meta property=\"og:type\" content=\"article\" \/>\n<meta property=\"og:title\" content=\"Content Development - OM\u00dc Uzaktan E\u011fitim Merkezi\" \/>\n<meta property=\"og:url\" content=\"https:\/\/uzem.omu.edu.tr\/icerik-gelistirme\/\" \/>\n<meta property=\"og:site_name\" content=\"OM\u00dc Uzaktan E\u011fitim Merkezi\" \/>\n<meta property=\"article:publisher\" content=\"https:\/\/www.facebook.com\/omu.uzem\" \/>\n<meta property=\"article:modified_time\" content=\"2025-10-03T12:02:16+00:00\" \/>\n<meta property=\"og:image\" content=\"https:\/\/uzem.omu.edu.tr\/wp-content\/uploads\/emrah-altun-200.jpg\" \/>\n<meta name=\"twitter:card\" content=\"summary_large_image\" \/>\n<meta name=\"twitter:site\" content=\"@omuuzem\" \/>\n<meta name=\"twitter:label1\" content=\"Est. reading time\" \/>\n\t<meta name=\"twitter:data1\" content=\"4 minutes\" \/>\n<script type=\"application\/ld+json\" class=\"yoast-schema-graph\">{\"@context\":\"https:\/\/schema.org\",\"@graph\":[{\"@type\":\"Organization\",\"@id\":\"https:\/\/uzem.omu.edu.tr\/#organization\",\"name\":\"UZEM\",\"url\":\"https:\/\/uzem.omu.edu.tr\/\",\"sameAs\":[\"https:\/\/www.facebook.com\/omu.uzem\",\"https:\/\/www.instagram.com\/omu.uzem\/\",\"https:\/\/www.youtube.com\/channel\/UCQ6c_wjaGQcIvBKTbPrOe2A\",\"https:\/\/twitter.com\/omuuzem\"],\"logo\":{\"@type\":\"ImageObject\",\"@id\":\"https:\/\/uzem.omu.edu.tr\/#logo\",\"inLanguage\":\"en-US\",\"url\":\"https:\/\/uzem.omu.edu.tr\/wp-content\/uploads\/ulogo-1.png\",\"contentUrl\":\"https:\/\/uzem.omu.edu.tr\/wp-content\/uploads\/ulogo-1.png\",\"width\":364,\"height\":39,\"caption\":\"UZEM\"},\"image\":{\"@id\":\"https:\/\/uzem.omu.edu.tr\/#logo\"}},{\"@type\":\"WebSite\",\"@id\":\"https:\/\/uzem.omu.edu.tr\/#website\",\"url\":\"https:\/\/uzem.omu.edu.tr\/\",\"name\":\"OM\\u00dc Uzaktan E\\u011fitim Merkezi\",\"description\":\"&quot;F\\u0131rsatlar Sunar&quot;\",\"publisher\":{\"@id\":\"https:\/\/uzem.omu.edu.tr\/#organization\"},\"potentialAction\":[{\"@type\":\"SearchAction\",\"target\":{\"@type\":\"EntryPoint\",\"urlTemplate\":\"https:\/\/uzem.omu.edu.tr\/?s={search_term_string}\"},\"query-input\":\"required name=search_term_string\"}],\"inLanguage\":\"en-US\"},{\"@type\":\"ImageObject\",\"@id\":\"https:\/\/uzem.omu.edu.tr\/icerik-gelistirme\/#primaryimage\",\"inLanguage\":\"en-US\",\"url\":\"https:\/\/uzem.omu.edu.tr\/wp-content\/uploads\/emrah-altun-200.jpg\",\"contentUrl\":\"https:\/\/uzem.omu.edu.tr\/wp-content\/uploads\/emrah-altun-200.jpg\",\"width\":200,\"height\":200},{\"@type\":\"WebPage\",\"@id\":\"https:\/\/uzem.omu.edu.tr\/icerik-gelistirme\/#webpage\",\"url\":\"https:\/\/uzem.omu.edu.tr\/icerik-gelistirme\/\",\"name\":\"Content Development - OM\\u00dc Uzaktan E\\u011fitim Merkezi\",\"isPartOf\":{\"@id\":\"https:\/\/uzem.omu.edu.tr\/#website\"},\"primaryImageOfPage\":{\"@id\":\"https:\/\/uzem.omu.edu.tr\/icerik-gelistirme\/#primaryimage\"},\"datePublished\":\"2015-06-20T08:02:32+00:00\",\"dateModified\":\"2025-10-03T12:02:16+00:00\",\"breadcrumb\":{\"@id\":\"https:\/\/uzem.omu.edu.tr\/icerik-gelistirme\/#breadcrumb\"},\"inLanguage\":\"en-US\",\"potentialAction\":[{\"@type\":\"ReadAction\",\"target\":[\"https:\/\/uzem.omu.edu.tr\/icerik-gelistirme\/\"]}]},{\"@type\":\"BreadcrumbList\",\"@id\":\"https:\/\/uzem.omu.edu.tr\/icerik-gelistirme\/#breadcrumb\",\"itemListElement\":[{\"@type\":\"ListItem\",\"position\":1,\"name\":\"Home\",\"item\":\"https:\/\/uzem.omu.edu.tr\/\"},{\"@type\":\"ListItem\",\"position\":2,\"name\":\"\\u0130\\u00e7erik Geli\\u015ftirme\"}]}]}<\/script>\n<!-- \/ Yoast SEO plugin. -->","yoast_head_json":{"robots":{"index":"index","follow":"follow","max-snippet":"max-snippet:-1","max-image-preview":"max-image-preview:large","max-video-preview":"max-video-preview:-1"},"canonical":"https:\/\/uzem.omu.edu.tr\/icerik-gelistirme\/","og_locale":"en_US","og_type":"article","og_title":"Content Development - OM\u00dc Uzaktan E\u011fitim Merkezi","og_url":"https:\/\/uzem.omu.edu.tr\/icerik-gelistirme\/","og_site_name":"OM\u00dc Uzaktan E\u011fitim Merkezi","article_publisher":"https:\/\/www.facebook.com\/omu.uzem","article_modified_time":"2025-10-03T12:02:16+00:00","og_image":[{"url":"https:\/\/uzem.omu.edu.tr\/wp-content\/uploads\/emrah-altun-200.jpg"}],"twitter_card":"summary_large_image","twitter_site":"@omuuzem","twitter_misc":{"Est. reading time":"4 minutes"},"schema":{"@context":"https:\/\/schema.org","@graph":[{"@type":"Organization","@id":"https:\/\/uzem.omu.edu.tr\/#organization","name":"UZEM","url":"https:\/\/uzem.omu.edu.tr\/","sameAs":["https:\/\/www.facebook.com\/omu.uzem","https:\/\/www.instagram.com\/omu.uzem\/","https:\/\/www.youtube.com\/channel\/UCQ6c_wjaGQcIvBKTbPrOe2A","https:\/\/twitter.com\/omuuzem"],"logo":{"@type":"ImageObject","@id":"https:\/\/uzem.omu.edu.tr\/#logo","inLanguage":"en-US","url":"https:\/\/uzem.omu.edu.tr\/wp-content\/uploads\/ulogo-1.png","contentUrl":"https:\/\/uzem.omu.edu.tr\/wp-content\/uploads\/ulogo-1.png","width":364,"height":39,"caption":"UZEM"},"image":{"@id":"https:\/\/uzem.omu.edu.tr\/#logo"}},{"@type":"WebSite","@id":"https:\/\/uzem.omu.edu.tr\/#website","url":"https:\/\/uzem.omu.edu.tr\/","name":"OM\u00dc Uzaktan E\u011fitim Merkezi","description":"&quot;F\u0131rsatlar Sunar&quot;","publisher":{"@id":"https:\/\/uzem.omu.edu.tr\/#organization"},"potentialAction":[{"@type":"SearchAction","target":{"@type":"EntryPoint","urlTemplate":"https:\/\/uzem.omu.edu.tr\/?s={search_term_string}"},"query-input":"required name=search_term_string"}],"inLanguage":"en-US"},{"@type":"ImageObject","@id":"https:\/\/uzem.omu.edu.tr\/icerik-gelistirme\/#primaryimage","inLanguage":"en-US","url":"https:\/\/uzem.omu.edu.tr\/wp-content\/uploads\/emrah-altun-200.jpg","contentUrl":"https:\/\/uzem.omu.edu.tr\/wp-content\/uploads\/emrah-altun-200.jpg","width":200,"height":200},{"@type":"WebPage","@id":"https:\/\/uzem.omu.edu.tr\/icerik-gelistirme\/#webpage","url":"https:\/\/uzem.omu.edu.tr\/icerik-gelistirme\/","name":"Content Development - OM\u00dc Uzaktan E\u011fitim Merkezi","isPartOf":{"@id":"https:\/\/uzem.omu.edu.tr\/#website"},"primaryImageOfPage":{"@id":"https:\/\/uzem.omu.edu.tr\/icerik-gelistirme\/#primaryimage"},"datePublished":"2015-06-20T08:02:32+00:00","dateModified":"2025-10-03T12:02:16+00:00","breadcrumb":{"@id":"https:\/\/uzem.omu.edu.tr\/icerik-gelistirme\/#breadcrumb"},"inLanguage":"en-US","potentialAction":[{"@type":"ReadAction","target":["https:\/\/uzem.omu.edu.tr\/icerik-gelistirme\/"]}]},{"@type":"BreadcrumbList","@id":"https:\/\/uzem.omu.edu.tr\/icerik-gelistirme\/#breadcrumb","itemListElement":[{"@type":"ListItem","position":1,"name":"Home","item":"https:\/\/uzem.omu.edu.tr\/"},{"@type":"ListItem","position":2,"name":"\u0130\u00e7erik Geli\u015ftirme"}]}]}},"_links":{"self":[{"href":"https:\/\/uzem.omu.edu.tr\/en\/wp-json\/wp\/v2\/pages\/3620"}],"collection":[{"href":"https:\/\/uzem.omu.edu.tr\/en\/wp-json\/wp\/v2\/pages"}],"about":[{"href":"https:\/\/uzem.omu.edu.tr\/en\/wp-json\/wp\/v2\/types\/page"}],"author":[{"embeddable":true,"href":"https:\/\/uzem.omu.edu.tr\/en\/wp-json\/wp\/v2\/users\/5"}],"replies":[{"embeddable":true,"href":"https:\/\/uzem.omu.edu.tr\/en\/wp-json\/wp\/v2\/comments?post=3620"}],"version-history":[{"count":18,"href":"https:\/\/uzem.omu.edu.tr\/en\/wp-json\/wp\/v2\/pages\/3620\/revisions"}],"predecessor-version":[{"id":27083,"href":"https:\/\/uzem.omu.edu.tr\/en\/wp-json\/wp\/v2\/pages\/3620\/revisions\/27083"}],"wp:attachment":[{"href":"https:\/\/uzem.omu.edu.tr\/en\/wp-json\/wp\/v2\/media?parent=3620"}],"curies":[{"name":"wp","href":"https:\/\/api.w.org\/{rel}","templated":true}]}}