{"id":3618,"date":"2015-06-20T08:01:58","date_gmt":"2015-06-20T08:01:58","guid":{"rendered":"https:\/\/uzem.omu.edu.tr\/?page_id=3618"},"modified":"2024-03-04T16:42:27","modified_gmt":"2024-03-04T13:42:27","slug":"olcme-ve-degerlendirme","status":"publish","type":"page","link":"https:\/\/uzem.omu.edu.tr\/en\/olcme-ve-degerlendirme\/","title":{"rendered":"Measurement and Evaluation"},"content":{"rendered":"<p>[vc_row css=&#8221;.vc_custom_1427462343642{margin-top: -5px !important;margin-left: 0px !important;padding-left: 0px !important;}&#8221;][vc_column width=&#8221;3\/4&#8243; css=&#8221;.vc_custom_1709559625227{margin-top: 2px !important;margin-left: 0px !important;padding-top: 2px !important;padding-left: 0px !important;}&#8221;][vc_column_text el_class=&#8221;menu-basligi&#8221;]<strong>Measurement and Evaluation Unit<\/strong>[\/vc_column_text][vc_column_text]<i class=\"fa fa-bookmark \" ><\/i> Responsible for organizing and conducting internal and external exams for which the Center is responsible.<br \/>\n<i class=\"fa fa-bookmark \" ><\/i> Responsible for all exam processes such as organizing exam centers for the exams to be held by the Center, providing exam questions, printing booklets and answer keys, evaluating exams, announcing exam results.<br \/>\n<i class=\"fa fa-bookmark \" ><\/i> Responsible for the security of the exams for which the Center is responsible and for the healthy implementation of the exam from start to finish.<br \/>\n<i class=\"fa fa-bookmark \" ><\/i> Responsible for the physical security of the places related to the exam activities such as the printing room, question preparation rooms and evaluation room within the center.<br \/>\n<i class=\"fa fa-bookmark \" ><\/i> Responsible for the announcement of the results of the exams to be conducted by the Center after the evaluation and the accuracy of the announced results.<br \/>\n<i class=\"fa fa-bookmark \" ><\/i> Conducts research to improve the quality of the Center&#8217;s examination processes and makes suggestions to the managers to improve the activities of the unit.<br \/>\n<i class=\"fa fa-bookmark \" ><\/i> Performs all other tasks and duties assigned by the center managers or unit coordinator.[\/vc_column_text][vc_column_text el_class=&#8221;menu-basligi&#8221;]<strong>DEPARTMENT STAFF<\/strong>[\/vc_column_text][vc_row_inner][vc_column_inner width=&#8221;1\/2&#8243; css=&#8221;.vc_custom_1434804125960{padding-right: 0px !important;padding-left: 0px !important;}&#8221;][vc_column_text]<\/p>\n<div class=\"personel-container\">\n<div class=\"personel-foto\"><img src=\"https:\/\/uzem.omu.edu.tr\/wp-content\/uploads\/ertugrul-uzem.jpg\" alt=\"emrah-altun\" \/><\/div>\n<div class=\"personel-bilgileri\">\n<div class=\"personel-ad-soyad-blogu\">\n<div class=\"personel-ad-soyad-blogu-baslik\">Name Surname:<\/div>\n<div class=\"personel-ad-soyad-blogu-isim\">Ertu\u011frul DURAN<\/div>\n<\/div>\n<div class=\"personel-dahili-blogu\">\n<div class=\"personel-dahili-blogu-baslik\">Extension No:<\/div>\n<div class=\"personel-dahili-blogu-dahili\">1941<\/div>\n<\/div>\n<div class=\"personel-eposta-blogu\">\n<div class=\"personel-eposta-blogu-baslik\">Email:<\/div>\n<div class=\"personel-eposta-blogu-eposta\">ertugrul.duran@uzem.omu.edu.tr<\/div>\n<\/div>\n<div class=\"personel-gorev-blogu\">\n<div class=\"personel-gorev-blogu-baslik\">Unit Coordinator<\/div>\n<\/div>\n<\/div>\n<\/div>\n<p>[\/vc_column_text][vc_column_text]<\/p>\n<div class=\"personel-container\">\n<div class=\"personel-foto\"><img src=\"https:\/\/uzem.omu.edu.tr\/wp-content\/uploads\/sezen-uzem.jpg\" alt=\"emrah-altun\" \/><\/div>\n<div class=\"personel-bilgileri\">\n<div class=\"personel-ad-soyad-blogu\">\n<div class=\"personel-ad-soyad-blogu-baslik\">Name Surname:<\/div>\n<div class=\"personel-ad-soyad-blogu-isim\">Sezen AKSU<\/div>\n<\/div>\n<div class=\"personel-dahili-blogu\">\n<div class=\"personel-dahili-blogu-baslik\">Extension No:<\/div>\n<div class=\"personel-dahili-blogu-dahili\">1945<\/div>\n<\/div>\n<div class=\"personel-eposta-blogu\">\n<div class=\"personel-eposta-blogu-baslik\">Email:<\/div>\n<div class=\"personel-eposta-blogu-eposta\">sezen.aksu@uzem.omu.edu.tr<\/div>\n<\/div>\n<\/div>\n<\/div>\n<p>[\/vc_column_text][vc_column_text]<\/p>\n<div class=\"personel-container\">\n<div class=\"personel-foto\"><img src=\"https:\/\/uzem.omu.edu.tr\/wp-content\/uploads\/hakki-uzem.jpg\" alt=\"emrah-altun\" \/><\/div>\n<div class=\"personel-bilgileri\">\n<div class=\"personel-ad-soyad-blogu\">\n<div class=\"personel-ad-soyad-blogu-baslik\">Name Surname:<\/div>\n<div class=\"personel-ad-soyad-blogu-isim\">Hakk\u0131 G\u00d6Z\u00dcTOK<\/div>\n<\/div>\n<div class=\"personel-dahili-blogu\">\n<div class=\"personel-dahili-blogu-baslik\">Extension No:<\/div>\n<div class=\"personel-dahili-blogu-dahili\">1942<\/div>\n<\/div>\n<div class=\"personel-eposta-blogu\">\n<div class=\"personel-eposta-blogu-baslik\">Email:<\/div>\n<div class=\"personel-eposta-blogu-eposta\">hakki.gozutok@uzem.omu.edu.tr<\/div>\n<\/div>\n<\/div>\n<\/div>\n<p>[\/vc_column_text][\/vc_column_inner][vc_column_inner width=&#8221;1\/2&#8243;][vc_column_text]<\/p>\n<div class=\"personel-container\">\n<div class=\"personel-foto\"><img src=\"https:\/\/uzem.omu.edu.tr\/wp-content\/uploads\/yasemin-cetin.jpg\" alt=\"emrah-altun\" \/><\/div>\n<div class=\"personel-bilgileri\">\n<div class=\"personel-ad-soyad-blogu\">\n<div class=\"personel-ad-soyad-blogu-baslik\">Name Surname:<\/div>\n<div class=\"personel-ad-soyad-blogu-isim\">Yasemin \u00c7ET\u0130N<\/div>\n<\/div>\n<div class=\"personel-dahili-blogu\">\n<div class=\"personel-dahili-blogu-baslik\">Extension No<\/div>\n<div class=\"personel-dahili-blogu-dahili\">1944<\/div>\n<\/div>\n<div class=\"personel-eposta-blogu\">\n<div class=\"personel-eposta-blogu-baslik\">Email:<\/div>\n<div class=\"personel-eposta-blogu-eposta\">yasemin.yilmaz@uzem.omu.edu.tr<\/div>\n<\/div>\n<\/div>\n<\/div>\n<p>[\/vc_column_text][vc_column_text]<\/p>\n<div class=\"personel-container\">\n<div class=\"personel-foto\"><img src=\"https:\/\/uzem.omu.edu.tr\/wp-content\/uploads\/emrullah-uzem.jpg\" alt=\"emrah-altun\" \/><\/div>\n<div class=\"personel-bilgileri\">\n<div class=\"personel-ad-soyad-blogu\">\n<div class=\"personel-ad-soyad-blogu-baslik\">Name Surname:<\/div>\n<div class=\"personel-ad-soyad-blogu-isim\">Emrullah AKY\u00dcZ<\/div>\n<\/div>\n<div class=\"personel-dahili-blogu\">\n<div class=\"personel-dahili-blogu-baslik\">Extension No:<\/div>\n<div class=\"personel-dahili-blogu-dahili\">1947<\/div>\n<\/div>\n<div class=\"personel-eposta-blogu\">\n<div class=\"personel-eposta-blogu-baslik\">Email:<\/div>\n<div class=\"personel-eposta-blogu-eposta\">emrullah.akyuz@uzem.omu.edu.tr<\/div>\n<\/div>\n<\/div>\n<\/div>\n<p>[\/vc_column_text][\/vc_column_inner][\/vc_row_inner][\/vc_column][vc_column width=&#8221;1\/4&#8243; css=&#8221;.vc_custom_1510996936024{margin-top: 5px !important;padding-right: 0px !important;}&#8221;][vc_widget_sidebar sidebar_id=&#8221;generated_sidebar-kadromuz&#8221;][\/vc_column][\/vc_row]<\/p>\n","protected":false},"excerpt":{"rendered":"<p>[vc_row css=&#8221;.vc_custom_1427462343642{margin-top: -5px !important;margin-left: 0px !important;padding-left: 0px !important;}&#8221;][vc_column width=&#8221;3\/4&#8243; css=&#8221;.vc_custom_1709559625227{margin-top: 2px !important;margin-left: 0px !important;padding-top: 2px !important;padding-left: 0px !important;}&#8221;][vc_column_text el_class=&#8221;menu-basligi&#8221;]Measurement and Evaluation Unit[\/vc_column_text][vc_column_text] Responsible for organizing and conducting internal and external exams for which the Center is responsible. Responsible for all exam processes such as organizing exam centers for the exams to be held by the Center, providing exam questions, printing booklets and answer keys, evaluating exams, announcing exam results. Responsible for the security of the exams for which the Center is responsible and for the healthy implementation of the exam from start to finish. Responsible for the physical security of the places related to the exam activities such as the printing room, question preparation rooms and evaluation room within the center. Responsible for the announcement of the results of the exams to be conducted by the Center after the evaluation and the accuracy of the announced results. Conducts research to improve the quality of the Center&#8217;s examination processes and makes suggestions to the managers to improve the activities of the unit. Performs all other tasks and duties assigned by the center managers or unit coordinator.[\/vc_column_text][vc_column_text el_class=&#8221;menu-basligi&#8221;]DEPARTMENT STAFF[\/vc_column_text][vc_row_inner][vc_column_inner width=&#8221;1\/2&#8243; css=&#8221;.vc_custom_1434804125960{padding-right: 0px !important;padding-left: 0px !important;}&#8221;][vc_column_text] Name Surname: Ertu\u011frul DURAN Extension No: 1941 Email: ertugrul.duran@uzem.omu.edu.tr Unit Coordinator [\/vc_column_text][vc_column_text] Name Surname: Sezen AKSU Extension No: 1945 Email: sezen.aksu@uzem.omu.edu.tr [\/vc_column_text][vc_column_text] Name Surname: Hakk\u0131 G\u00d6Z\u00dcTOK Extension No: 1942 Email: hakki.gozutok@uzem.omu.edu.tr [\/vc_column_text][\/vc_column_inner][vc_column_inner width=&#8221;1\/2&#8243;][vc_column_text] Name Surname: Yasemin \u00c7ET\u0130N Extension No 1944 Email: yasemin.yilmaz@uzem.omu.edu.tr [\/vc_column_text][vc_column_text] Name Surname: Emrullah AKY\u00dcZ Extension No: 1947 Email: emrullah.akyuz@uzem.omu.edu.tr [\/vc_column_text][\/vc_column_inner][\/vc_row_inner][\/vc_column][vc_column width=&#8221;1\/4&#8243; css=&#8221;.vc_custom_1510996936024{margin-top: 5px !important;padding-right: [&hellip;]<\/p>\n","protected":false},"author":5,"featured_media":0,"parent":0,"menu_order":0,"comment_status":"closed","ping_status":"closed","template":"","meta":[],"translation":{"provider":"WPGlobus","version":"2.12.2","language":"en","enabled_languages":["tr","en"],"languages":{"tr":{"title":true,"content":true,"excerpt":false},"en":{"title":true,"content":true,"excerpt":false}}},"yoast_head":"<!-- This site is optimized with the Yoast SEO plugin v17.4 - https:\/\/yoast.com\/wordpress\/plugins\/seo\/ -->\n<meta name=\"robots\" content=\"index, follow, max-snippet:-1, max-image-preview:large, max-video-preview:-1\" \/>\n<link rel=\"canonical\" href=\"https:\/\/uzem.omu.edu.tr\/olcme-ve-degerlendirme\/\" \/>\n<meta property=\"og:locale\" content=\"en_US\" \/>\n<meta property=\"og:type\" content=\"article\" \/>\n<meta property=\"og:title\" content=\"Measurement and Evaluation - OM\u00dc Uzaktan E\u011fitim Merkezi\" \/>\n<meta property=\"og:url\" content=\"https:\/\/uzem.omu.edu.tr\/olcme-ve-degerlendirme\/\" \/>\n<meta property=\"og:site_name\" content=\"OM\u00dc Uzaktan E\u011fitim Merkezi\" \/>\n<meta property=\"article:publisher\" content=\"https:\/\/www.facebook.com\/omu.uzem\" \/>\n<meta property=\"article:modified_time\" content=\"2024-03-04T13:42:27+00:00\" \/>\n<meta property=\"og:image\" content=\"https:\/\/uzem.omu.edu.tr\/wp-content\/uploads\/ertugrul-uzem.jpg\" \/>\n<meta name=\"twitter:card\" content=\"summary_large_image\" \/>\n<meta name=\"twitter:site\" content=\"@omuuzem\" \/>\n<meta name=\"twitter:label1\" content=\"Est. reading time\" \/>\n\t<meta name=\"twitter:data1\" content=\"5 minutes\" \/>\n<script type=\"application\/ld+json\" class=\"yoast-schema-graph\">{\"@context\":\"https:\/\/schema.org\",\"@graph\":[{\"@type\":\"Organization\",\"@id\":\"https:\/\/uzem.omu.edu.tr\/#organization\",\"name\":\"UZEM\",\"url\":\"https:\/\/uzem.omu.edu.tr\/\",\"sameAs\":[\"https:\/\/www.facebook.com\/omu.uzem\",\"https:\/\/www.instagram.com\/omu.uzem\/\",\"https:\/\/www.youtube.com\/channel\/UCQ6c_wjaGQcIvBKTbPrOe2A\",\"https:\/\/twitter.com\/omuuzem\"],\"logo\":{\"@type\":\"ImageObject\",\"@id\":\"https:\/\/uzem.omu.edu.tr\/#logo\",\"inLanguage\":\"en-US\",\"url\":\"https:\/\/uzem.omu.edu.tr\/wp-content\/uploads\/ulogo-1.png\",\"contentUrl\":\"https:\/\/uzem.omu.edu.tr\/wp-content\/uploads\/ulogo-1.png\",\"width\":364,\"height\":39,\"caption\":\"UZEM\"},\"image\":{\"@id\":\"https:\/\/uzem.omu.edu.tr\/#logo\"}},{\"@type\":\"WebSite\",\"@id\":\"https:\/\/uzem.omu.edu.tr\/#website\",\"url\":\"https:\/\/uzem.omu.edu.tr\/\",\"name\":\"OM\\u00dc Uzaktan E\\u011fitim Merkezi\",\"description\":\"&quot;F\\u0131rsatlar Sunar&quot;\",\"publisher\":{\"@id\":\"https:\/\/uzem.omu.edu.tr\/#organization\"},\"potentialAction\":[{\"@type\":\"SearchAction\",\"target\":{\"@type\":\"EntryPoint\",\"urlTemplate\":\"https:\/\/uzem.omu.edu.tr\/?s={search_term_string}\"},\"query-input\":\"required name=search_term_string\"}],\"inLanguage\":\"en-US\"},{\"@type\":\"ImageObject\",\"@id\":\"https:\/\/uzem.omu.edu.tr\/olcme-ve-degerlendirme\/#primaryimage\",\"inLanguage\":\"en-US\",\"url\":\"https:\/\/uzem.omu.edu.tr\/wp-content\/uploads\/ertugrul-uzem.jpg\",\"contentUrl\":\"https:\/\/uzem.omu.edu.tr\/wp-content\/uploads\/ertugrul-uzem.jpg\",\"width\":200,\"height\":200},{\"@type\":\"WebPage\",\"@id\":\"https:\/\/uzem.omu.edu.tr\/olcme-ve-degerlendirme\/#webpage\",\"url\":\"https:\/\/uzem.omu.edu.tr\/olcme-ve-degerlendirme\/\",\"name\":\"Measurement and Evaluation - OM\\u00dc Uzaktan E\\u011fitim Merkezi\",\"isPartOf\":{\"@id\":\"https:\/\/uzem.omu.edu.tr\/#website\"},\"primaryImageOfPage\":{\"@id\":\"https:\/\/uzem.omu.edu.tr\/olcme-ve-degerlendirme\/#primaryimage\"},\"datePublished\":\"2015-06-20T08:01:58+00:00\",\"dateModified\":\"2024-03-04T13:42:27+00:00\",\"breadcrumb\":{\"@id\":\"https:\/\/uzem.omu.edu.tr\/olcme-ve-degerlendirme\/#breadcrumb\"},\"inLanguage\":\"en-US\",\"potentialAction\":[{\"@type\":\"ReadAction\",\"target\":[\"https:\/\/uzem.omu.edu.tr\/olcme-ve-degerlendirme\/\"]}]},{\"@type\":\"BreadcrumbList\",\"@id\":\"https:\/\/uzem.omu.edu.tr\/olcme-ve-degerlendirme\/#breadcrumb\",\"itemListElement\":[{\"@type\":\"ListItem\",\"position\":1,\"name\":\"Home\",\"item\":\"https:\/\/uzem.omu.edu.tr\/\"},{\"@type\":\"ListItem\",\"position\":2,\"name\":\"\\u00d6l\\u00e7me ve De\\u011ferlendirme\"}]}]}<\/script>\n<!-- \/ Yoast SEO plugin. -->","yoast_head_json":{"robots":{"index":"index","follow":"follow","max-snippet":"max-snippet:-1","max-image-preview":"max-image-preview:large","max-video-preview":"max-video-preview:-1"},"canonical":"https:\/\/uzem.omu.edu.tr\/olcme-ve-degerlendirme\/","og_locale":"en_US","og_type":"article","og_title":"Measurement and Evaluation - OM\u00dc Uzaktan E\u011fitim Merkezi","og_url":"https:\/\/uzem.omu.edu.tr\/olcme-ve-degerlendirme\/","og_site_name":"OM\u00dc Uzaktan E\u011fitim Merkezi","article_publisher":"https:\/\/www.facebook.com\/omu.uzem","article_modified_time":"2024-03-04T13:42:27+00:00","og_image":[{"url":"https:\/\/uzem.omu.edu.tr\/wp-content\/uploads\/ertugrul-uzem.jpg"}],"twitter_card":"summary_large_image","twitter_site":"@omuuzem","twitter_misc":{"Est. reading time":"5 minutes"},"schema":{"@context":"https:\/\/schema.org","@graph":[{"@type":"Organization","@id":"https:\/\/uzem.omu.edu.tr\/#organization","name":"UZEM","url":"https:\/\/uzem.omu.edu.tr\/","sameAs":["https:\/\/www.facebook.com\/omu.uzem","https:\/\/www.instagram.com\/omu.uzem\/","https:\/\/www.youtube.com\/channel\/UCQ6c_wjaGQcIvBKTbPrOe2A","https:\/\/twitter.com\/omuuzem"],"logo":{"@type":"ImageObject","@id":"https:\/\/uzem.omu.edu.tr\/#logo","inLanguage":"en-US","url":"https:\/\/uzem.omu.edu.tr\/wp-content\/uploads\/ulogo-1.png","contentUrl":"https:\/\/uzem.omu.edu.tr\/wp-content\/uploads\/ulogo-1.png","width":364,"height":39,"caption":"UZEM"},"image":{"@id":"https:\/\/uzem.omu.edu.tr\/#logo"}},{"@type":"WebSite","@id":"https:\/\/uzem.omu.edu.tr\/#website","url":"https:\/\/uzem.omu.edu.tr\/","name":"OM\u00dc Uzaktan E\u011fitim Merkezi","description":"&quot;F\u0131rsatlar Sunar&quot;","publisher":{"@id":"https:\/\/uzem.omu.edu.tr\/#organization"},"potentialAction":[{"@type":"SearchAction","target":{"@type":"EntryPoint","urlTemplate":"https:\/\/uzem.omu.edu.tr\/?s={search_term_string}"},"query-input":"required name=search_term_string"}],"inLanguage":"en-US"},{"@type":"ImageObject","@id":"https:\/\/uzem.omu.edu.tr\/olcme-ve-degerlendirme\/#primaryimage","inLanguage":"en-US","url":"https:\/\/uzem.omu.edu.tr\/wp-content\/uploads\/ertugrul-uzem.jpg","contentUrl":"https:\/\/uzem.omu.edu.tr\/wp-content\/uploads\/ertugrul-uzem.jpg","width":200,"height":200},{"@type":"WebPage","@id":"https:\/\/uzem.omu.edu.tr\/olcme-ve-degerlendirme\/#webpage","url":"https:\/\/uzem.omu.edu.tr\/olcme-ve-degerlendirme\/","name":"Measurement and Evaluation - OM\u00dc Uzaktan E\u011fitim Merkezi","isPartOf":{"@id":"https:\/\/uzem.omu.edu.tr\/#website"},"primaryImageOfPage":{"@id":"https:\/\/uzem.omu.edu.tr\/olcme-ve-degerlendirme\/#primaryimage"},"datePublished":"2015-06-20T08:01:58+00:00","dateModified":"2024-03-04T13:42:27+00:00","breadcrumb":{"@id":"https:\/\/uzem.omu.edu.tr\/olcme-ve-degerlendirme\/#breadcrumb"},"inLanguage":"en-US","potentialAction":[{"@type":"ReadAction","target":["https:\/\/uzem.omu.edu.tr\/olcme-ve-degerlendirme\/"]}]},{"@type":"BreadcrumbList","@id":"https:\/\/uzem.omu.edu.tr\/olcme-ve-degerlendirme\/#breadcrumb","itemListElement":[{"@type":"ListItem","position":1,"name":"Home","item":"https:\/\/uzem.omu.edu.tr\/"},{"@type":"ListItem","position":2,"name":"\u00d6l\u00e7me ve De\u011ferlendirme"}]}]}},"_links":{"self":[{"href":"https:\/\/uzem.omu.edu.tr\/en\/wp-json\/wp\/v2\/pages\/3618"}],"collection":[{"href":"https:\/\/uzem.omu.edu.tr\/en\/wp-json\/wp\/v2\/pages"}],"about":[{"href":"https:\/\/uzem.omu.edu.tr\/en\/wp-json\/wp\/v2\/types\/page"}],"author":[{"embeddable":true,"href":"https:\/\/uzem.omu.edu.tr\/en\/wp-json\/wp\/v2\/users\/5"}],"replies":[{"embeddable":true,"href":"https:\/\/uzem.omu.edu.tr\/en\/wp-json\/wp\/v2\/comments?post=3618"}],"version-history":[{"count":13,"href":"https:\/\/uzem.omu.edu.tr\/en\/wp-json\/wp\/v2\/pages\/3618\/revisions"}],"predecessor-version":[{"id":26024,"href":"https:\/\/uzem.omu.edu.tr\/en\/wp-json\/wp\/v2\/pages\/3618\/revisions\/26024"}],"wp:attachment":[{"href":"https:\/\/uzem.omu.edu.tr\/en\/wp-json\/wp\/v2\/media?parent=3618"}],"curies":[{"name":"wp","href":"https:\/\/api.w.org\/{rel}","templated":true}]}}