{"id":3539,"date":"2015-06-19T12:14:54","date_gmt":"2015-06-19T12:14:54","guid":{"rendered":"https:\/\/uzem.omu.edu.tr\/?page_id=3539"},"modified":"2024-03-04T14:33:35","modified_gmt":"2024-03-04T11:33:35","slug":"iletisim","status":"publish","type":"page","link":"https:\/\/uzem.omu.edu.tr\/en\/iletisim\/","title":{"rendered":"CREATING FEEDBACK"},"content":{"rendered":"<p>[vc_row bg_type=&#8221;no_bg&#8221; css=&#8221;.vc_custom_1434804752094{margin-bottom: 0px !important;padding-right: 0px !important;padding-left: 0px !important;}&#8221;][vc_column css=&#8221;.vc_custom_1434721101325{padding-right: 0px !important;padding-left: 0px !important;}&#8221;][vc_column_text el_class=&#8221;menu-basligi&#8221; css=&#8221;.vc_custom_1709552016683{margin-bottom: 10px !important;padding-right: 0px !important;}&#8221;]FEEDBACK FORM[\/vc_column_text][vc_column_text]<iframe loading=\"lazy\" src=\"https:\/\/kalem.omu.edu.tr\/tr\/feedbacks\/new?embed=true&amp;unit_ids=790\" width=\"100%\" height=\"1150px\" frameborder=\"0\" scrolling=\"no\" seamless=\"seamless\" allowfullscreen=\"allowfullscreen\"><br \/>\n<\/iframe>[\/vc_column_text][vc_gmaps link=&#8221;#E-8_JTNDaWZyYW1lJTIwc3JjJTNEJTIyaHR0cHMlM0ElMkYlMkZ3d3cuZ29vZ2xlLmNvbSUyRm1hcHMlMkZlbWJlZCUzRnBiJTNEJTIxMW0xOCUyMTFtMTIlMjExbTMlMjExZDI5OTQuMjI1NzQwMjM0MjkzNCUyMTJkMzYuMTk1ODcwMzE2MjI1Mzk1JTIxM2Q0MS4zNjkxNzk5NzkyNjU3NyUyMTJtMyUyMTFmMCUyMTJmMCUyMTNmMCUyMTNtMiUyMTFpMTAyNCUyMTJpNzY4JTIxNGYxMy4xJTIxM20zJTIxMW0yJTIxMXMweDQwODg3ZWYxOGQwMGI2ZDMlMjUzQTB4NGQyZTRlMTNiZWM1NThhOSUyMTJzT00lMjVDMyUyNTlDJTJCVXpha3RhbiUyQkUlMjVDNCUyNTlGaXRpbSUyQk1lcmtlemklMkIlMjhPTSUyNUMzJTI1OUMlMkJVWkVNJTI5JTIxNWUwJTIxM20yJTIxMXN0ciUyMTJzdHIlMjE0djE0NjEyNDc0Nzc4NDUlMjIlMjB3aWR0aCUzRCUyMjgwMCUyMiUyMGhlaWdodCUzRCUyMjYwMCUyMiUyMGZyYW1lYm9yZGVyJTNEJTIyMCUyMiUyMHN0eWxlJTNEJTIyYm9yZGVyJTNBMCUyMiUyMGFsbG93ZnVsbHNjcmVlbiUzRSUzQyUyRmlmcmFtZSUzRQ==&#8221; size=&#8221;250&#8243; el_class=&#8221;harita&#8221;][\/vc_column][\/vc_row][vc_row bg_type=&#8221;no_bg&#8221; css=&#8221;.vc_custom_1434800353774{margin-bottom: 0px !important;}&#8221;][vc_column width=&#8221;1\/2&#8243; css=&#8221;.vc_custom_1434793496835{padding-left: 0px !important;}&#8221;][vc_column_text el_class=&#8221;menu-basligi&#8221; css=&#8221;.vc_custom_1434793805870{margin-bottom: 10px !important;padding-right: 0px !important;}&#8221;]\u0130LET\u0130\u015e\u0130M B\u0130LG\u0130LER\u0130M\u0130Z[\/vc_column_text][vc_column_text el_class=&#8221;iletisim-bilgilerimiz&#8221; css=&#8221;.vc_custom_1606306339177{padding-left: 10px !important;}&#8221;]<i class=\"fa fa-map-marker \" ><\/i> Ondokuzmay\u0131s \u00dc. Kurupelit Kamp. Uzaktan E\u011fitim Merkezi Atakum\/SAMSUN<br \/>\n<i class=\"fa fa-phone \" ><\/i> 0362 312 1940, Kamp\u00fcs i\u00e7i dahili: 1920<br \/>\n<i class=\"fa fa-fax \" ><\/i> 0362 457 5806[\/vc_column_text][vc_empty_space height=&#8221;10px&#8221;][vc_raw_html]JTNDJTIxLS0lMjBCdSUyMGV0aWtldGklMkMlMjB3aWRnZXQlMjBhZGwlQzQlQjElMjB3aWRnZXQlMjclQzQlQjFuJTIwb2x1JUM1JTlGdHVydWxtYXMlQzQlQjFuJUM0JUIxJTIwaXN0ZWRpJUM0JTlGaW5peiUyMHllcmUlMjBla2xleWluLiUyMC0tJTNFJTBBJTNDZGl2JTIwY2xhc3MlM0QlMjJnLXBhZ2UlMjIlMjBkYXRhLXdpZHRoJTNEJTIyMzQwJTIyJTIwZGF0YS1ocmVmJTNEJTIyaHR0cHMlM0ElMkYlMkZwbHVzLmdvb2dsZS5jb20lMkYxMDU4Njc2OTc5MTQ1MTA0NzczOTglMjIlMjBkYXRhLWxheW91dCUzRCUyMmxhbmRzY2FwZSUyMiUyMGRhdGEtcmVsJTNEJTIycHVibGlzaGVyJTIyJTNFJTNDJTJGZGl2JTNFJTBBJTBBJTNDJTIxLS0lMjBCdSUyMGV0aWtldGklMjBzb24lMjB3aWRnZXQlMjBldGlrZXRpbmluJTIwYXJrYXMlQzQlQjFuYSUyMGVrbGV5aW4uJTIwLS0lM0UlMEElM0NzY3JpcHQlMjB0eXBlJTNEJTIydGV4dCUyRmphdmFzY3JpcHQlMjIlM0UlMEElMjAlMjB3aW5kb3cuX19fZ2NmZyUyMCUzRCUyMCU3QmxhbmclM0ElMjAlMjd0ciUyNyU3RCUzQiUwQSUwQSUyMCUyMCUyOGZ1bmN0aW9uJTI4JTI5JTIwJTdCJTBBJTIwJTIwJTIwJTIwdmFyJTIwcG8lMjAlM0QlMjBkb2N1bWVudC5jcmVhdGVFbGVtZW50JTI4JTI3c2NyaXB0JTI3JTI5JTNCJTIwcG8udHlwZSUyMCUzRCUyMCUyN3RleHQlMkZqYXZhc2NyaXB0JTI3JTNCJTIwcG8uYXN5bmMlMjAlM0QlMjB0cnVlJTNCJTBBJTIwJTIwJTIwJTIwcG8uc3JjJTIwJTNEJTIwJTI3aHR0cHMlM0ElMkYlMkZhcGlzLmdvb2dsZS5jb20lMkZqcyUyRnBsYXRmb3JtLmpzJTI3JTNCJTBBJTIwJTIwJTIwJTIwdmFyJTIwcyUyMCUzRCUyMGRvY3VtZW50LmdldEVsZW1lbnRzQnlUYWdOYW1lJTI4JTI3c2NyaXB0JTI3JTI5JTVCMCU1RCUzQiUyMHMucGFyZW50Tm9kZS5pbnNlcnRCZWZvcmUlMjhwbyUyQyUyMHMlMjklM0IlMEElMjAlMjAlN0QlMjklMjglMjklM0IlMEElM0MlMkZzY3JpcHQlM0U=[\/vc_raw_html][\/vc_column][vc_column width=&#8221;1\/2&#8243; css=&#8221;.vc_custom_1434799413234{padding-right: 0px !important;padding-left: 0px !important;}&#8221;][vc_column_text el_class=&#8221;menu-basligi&#8221; css=&#8221;.vc_custom_1606302428432{margin-bottom: 10px !important;padding-right: 0px !important;}&#8221;]SOSYAL MEDYA[\/vc_column_text][vc_raw_js]JTNDZGl2JTIwaWQlM0QlMjJmYi1yb290JTIyJTNFJTNDJTJGZGl2JTNFJTBBJTNDc2NyaXB0JTNFJTI4ZnVuY3Rpb24lMjhkJTJDJTIwcyUyQyUyMGlkJTI5JTIwJTdCJTBBJTIwJTIwdmFyJTIwanMlMkMlMjBmanMlMjAlM0QlMjBkLmdldEVsZW1lbnRzQnlUYWdOYW1lJTI4cyUyOSU1QjAlNUQlM0IlMEElMjAlMjBpZiUyMCUyOGQuZ2V0RWxlbWVudEJ5SWQlMjhpZCUyOSUyOSUyMHJldHVybiUzQiUwQSUyMCUyMGpzJTIwJTNEJTIwZC5jcmVhdGVFbGVtZW50JTI4cyUyOSUzQiUyMGpzLmlkJTIwJTNEJTIwaWQlM0IlMEElMjAlMjBqcy5zcmMlMjAlM0QlMjAlMjIlMkYlMkZjb25uZWN0LmZhY2Vib29rLm5ldCUyRnRyX1RSJTJGc2RrLmpzJTIzeGZibWwlM0QxJTI2dmVyc2lvbiUzRHYyLjMlMjZhcHBJZCUzRDE5NDYwMjU5MDczMzMxOCUyMiUzQiUwQSUyMCUyMGZqcy5wYXJlbnROb2RlLmluc2VydEJlZm9yZSUyOGpzJTJDJTIwZmpzJTI5JTNCJTBBJTdEJTI4ZG9jdW1lbnQlMkMlMjAlMjdzY3JpcHQlMjclMkMlMjAlMjdmYWNlYm9vay1qc3NkayUyNyUyOSUyOSUzQiUzQyUyRnNjcmlwdCUzRQ==[\/vc_raw_js][vc_raw_html]JTNDZGl2JTIwY2xhc3MlM0QlMjJmYi1wYWdlJTIyJTIwZGF0YS1ocmVmJTNEJTIyaHR0cHMlM0ElMkYlMkZ3d3cuZmFjZWJvb2suY29tJTJGb211LnV6ZW0lMjIlMjBkYXRhLXNtYWxsLWhlYWRlciUzRCUyMnRydWUlMjIlMjBkYXRhLWFkYXB0LWNvbnRhaW5lci13aWR0aCUzRCUyMnRydWUlMjIlMjBkYXRhLWhpZGUtY292ZXIlM0QlMjJ0cnVlJTIyJTIwZGF0YS1zaG93LWZhY2VwaWxlJTNEJTIyZmFsc2UlMjIlMjBkYXRhLXNob3ctcG9zdHMlM0QlMjJmYWxzZSUyMiUzRSUzQ2RpdiUyMGNsYXNzJTNEJTIyZmIteGZibWwtcGFyc2UtaWdub3JlJTIyJTNFJTNDYmxvY2txdW90ZSUyMGNpdGUlM0QlMjJodHRwcyUzQSUyRiUyRnd3dy5mYWNlYm9vay5jb20lMkZvbXUudXplbSUyMiUzRSUzQ2ElMjBocmVmJTNEJTIyaHR0cHMlM0ElMkYlMkZ3d3cuZmFjZWJvb2suY29tJTJGb211LnV6ZW0lMjIlM0VPTSVDMyU5QyUyMFV6YWt0YW4lMjBFJUM0JTlGaXRpbSUyMFV5Z3VsYW1hJTIwdmUlMjBBcmElQzUlOUZ0JUM0JUIxcm1hJTIwTWVya2V6aSUzQyUyRmElM0UlM0MlMkZibG9ja3F1b3RlJTNFJTNDJTJGZGl2JTNFJTNDJTJGZGl2JTNF[\/vc_raw_html][vc_empty_space height=&#8221;10px&#8221;][vc_raw_html]JTNDYSUyMGhyZWYlM0QlMjJodHRwcyUzQSUyRiUyRnR3aXR0ZXIuY29tJTJGb211dXplbSUyMiUyMGNsYXNzJTNEJTIydHdpdHRlci1mb2xsb3ctYnV0dG9uJTIyJTIwZGF0YS1zaG93LWNvdW50JTNEJTIydHJ1ZSUyMiUyMGRhdGEtc2l6ZSUzRCUyMmxhcmdlJTIyJTIwZGF0YS1kbnQlM0QlMjJ0cnVlJTIyJTNFRm9sbG93JTIwJTQwb211dXplbSUzQyUyRmElM0UlMEElM0NzY3JpcHQlM0UlMjFmdW5jdGlvbiUyOGQlMkNzJTJDaWQlMjklN0J2YXIlMjBqcyUyQ2ZqcyUzRGQuZ2V0RWxlbWVudHNCeVRhZ05hbWUlMjhzJTI5JTVCMCU1RCUyQ3AlM0QlMkYlNUVodHRwJTNBJTJGLnRlc3QlMjhkLmxvY2F0aW9uJTI5JTNGJTI3aHR0cCUyNyUzQSUyN2h0dHBzJTI3JTNCaWYlMjglMjFkLmdldEVsZW1lbnRCeUlkJTI4aWQlMjklMjklN0JqcyUzRGQuY3JlYXRlRWxlbWVudCUyOHMlMjklM0Jqcy5pZCUzRGlkJTNCanMuc3JjJTNEcCUyQiUyNyUzQSUyRiUyRnBsYXRmb3JtLnR3aXR0ZXIuY29tJTJGd2lkZ2V0cy5qcyUyNyUzQmZqcy5wYXJlbnROb2RlLmluc2VydEJlZm9yZSUyOGpzJTJDZmpzJTI5JTNCJTdEJTdEJTI4ZG9jdW1lbnQlMkMlMjAlMjdzY3JpcHQlMjclMkMlMjAlMjd0d2l0dGVyLXdqcyUyNyUyOSUzQiUzQyUyRnNjcmlwdCUzRQ==[\/vc_raw_html][\/vc_column][\/vc_row][vc_row][vc_column css=&#8221;.vc_custom_1606302542376{margin-left: 0px !important;padding-left: 0px !important;}&#8221;][\/vc_column][\/vc_row]<\/p>\n","protected":false},"excerpt":{"rendered":"<p>[vc_row bg_type=&#8221;no_bg&#8221; css=&#8221;.vc_custom_1434804752094{margin-bottom: 0px !important;padding-right: 0px !important;padding-left: 0px !important;}&#8221;][vc_column css=&#8221;.vc_custom_1434721101325{padding-right: 0px !important;padding-left: 0px !important;}&#8221;][vc_column_text el_class=&#8221;menu-basligi&#8221; css=&#8221;.vc_custom_1709552016683{margin-bottom: 10px !important;padding-right: 0px !important;}&#8221;]FEEDBACK FORM[\/vc_column_text][vc_column_text] [\/vc_column_text][vc_gmaps link=&#8221;#E-8_JTNDaWZyYW1lJTIwc3JjJTNEJTIyaHR0cHMlM0ElMkYlMkZ3d3cuZ29vZ2xlLmNvbSUyRm1hcHMlMkZlbWJlZCUzRnBiJTNEJTIxMW0xOCUyMTFtMTIlMjExbTMlMjExZDI5OTQuMjI1NzQwMjM0MjkzNCUyMTJkMzYuMTk1ODcwMzE2MjI1Mzk1JTIxM2Q0MS4zNjkxNzk5NzkyNjU3NyUyMTJtMyUyMTFmMCUyMTJmMCUyMTNmMCUyMTNtMiUyMTFpMTAyNCUyMTJpNzY4JTIxNGYxMy4xJTIxM20zJTIxMW0yJTIxMXMweDQwODg3ZWYxOGQwMGI2ZDMlMjUzQTB4NGQyZTRlMTNiZWM1NThhOSUyMTJzT00lMjVDMyUyNTlDJTJCVXpha3RhbiUyQkUlMjVDNCUyNTlGaXRpbSUyQk1lcmtlemklMkIlMjhPTSUyNUMzJTI1OUMlMkJVWkVNJTI5JTIxNWUwJTIxM20yJTIxMXN0ciUyMTJzdHIlMjE0djE0NjEyNDc0Nzc4NDUlMjIlMjB3aWR0aCUzRCUyMjgwMCUyMiUyMGhlaWdodCUzRCUyMjYwMCUyMiUyMGZyYW1lYm9yZGVyJTNEJTIyMCUyMiUyMHN0eWxlJTNEJTIyYm9yZGVyJTNBMCUyMiUyMGFsbG93ZnVsbHNjcmVlbiUzRSUzQyUyRmlmcmFtZSUzRQ==&#8221; size=&#8221;250&#8243; el_class=&#8221;harita&#8221;][\/vc_column][\/vc_row][vc_row bg_type=&#8221;no_bg&#8221; css=&#8221;.vc_custom_1434800353774{margin-bottom: 0px !important;}&#8221;][vc_column width=&#8221;1\/2&#8243; css=&#8221;.vc_custom_1434793496835{padding-left: 0px !important;}&#8221;][vc_column_text el_class=&#8221;menu-basligi&#8221; css=&#8221;.vc_custom_1434793805870{margin-bottom: 10px !important;padding-right: 0px !important;}&#8221;]\u0130LET\u0130\u015e\u0130M B\u0130LG\u0130LER\u0130M\u0130Z[\/vc_column_text][vc_column_text el_class=&#8221;iletisim-bilgilerimiz&#8221; css=&#8221;.vc_custom_1606306339177{padding-left: 10px !important;}&#8221;] Ondokuzmay\u0131s \u00dc. Kurupelit Kamp. Uzaktan E\u011fitim Merkezi Atakum\/SAMSUN 0362 312 1940, Kamp\u00fcs i\u00e7i dahili: 1920 0362 457 5806[\/vc_column_text][vc_empty_space height=&#8221;10px&#8221;][vc_raw_html]JTNDJTIxLS0lMjBCdSUyMGV0aWtldGklMkMlMjB3aWRnZXQlMjBhZGwlQzQlQjElMjB3aWRnZXQlMjclQzQlQjFuJTIwb2x1JUM1JTlGdHVydWxtYXMlQzQlQjFuJUM0JUIxJTIwaXN0ZWRpJUM0JTlGaW5peiUyMHllcmUlMjBla2xleWluLiUyMC0tJTNFJTBBJTNDZGl2JTIwY2xhc3MlM0QlMjJnLXBhZ2UlMjIlMjBkYXRhLXdpZHRoJTNEJTIyMzQwJTIyJTIwZGF0YS1ocmVmJTNEJTIyaHR0cHMlM0ElMkYlMkZwbHVzLmdvb2dsZS5jb20lMkYxMDU4Njc2OTc5MTQ1MTA0NzczOTglMjIlMjBkYXRhLWxheW91dCUzRCUyMmxhbmRzY2FwZSUyMiUyMGRhdGEtcmVsJTNEJTIycHVibGlzaGVyJTIyJTNFJTNDJTJGZGl2JTNFJTBBJTBBJTNDJTIxLS0lMjBCdSUyMGV0aWtldGklMjBzb24lMjB3aWRnZXQlMjBldGlrZXRpbmluJTIwYXJrYXMlQzQlQjFuYSUyMGVrbGV5aW4uJTIwLS0lM0UlMEElM0NzY3JpcHQlMjB0eXBlJTNEJTIydGV4dCUyRmphdmFzY3JpcHQlMjIlM0UlMEElMjAlMjB3aW5kb3cuX19fZ2NmZyUyMCUzRCUyMCU3QmxhbmclM0ElMjAlMjd0ciUyNyU3RCUzQiUwQSUwQSUyMCUyMCUyOGZ1bmN0aW9uJTI4JTI5JTIwJTdCJTBBJTIwJTIwJTIwJTIwdmFyJTIwcG8lMjAlM0QlMjBkb2N1bWVudC5jcmVhdGVFbGVtZW50JTI4JTI3c2NyaXB0JTI3JTI5JTNCJTIwcG8udHlwZSUyMCUzRCUyMCUyN3RleHQlMkZqYXZhc2NyaXB0JTI3JTNCJTIwcG8uYXN5bmMlMjAlM0QlMjB0cnVlJTNCJTBBJTIwJTIwJTIwJTIwcG8uc3JjJTIwJTNEJTIwJTI3aHR0cHMlM0ElMkYlMkZhcGlzLmdvb2dsZS5jb20lMkZqcyUyRnBsYXRmb3JtLmpzJTI3JTNCJTBBJTIwJTIwJTIwJTIwdmFyJTIwcyUyMCUzRCUyMGRvY3VtZW50LmdldEVsZW1lbnRzQnlUYWdOYW1lJTI4JTI3c2NyaXB0JTI3JTI5JTVCMCU1RCUzQiUyMHMucGFyZW50Tm9kZS5pbnNlcnRCZWZvcmUlMjhwbyUyQyUyMHMlMjklM0IlMEElMjAlMjAlN0QlMjklMjglMjklM0IlMEElM0MlMkZzY3JpcHQlM0U=[\/vc_raw_html][\/vc_column][vc_column width=&#8221;1\/2&#8243; css=&#8221;.vc_custom_1434799413234{padding-right: 0px !important;padding-left: 0px !important;}&#8221;][vc_column_text el_class=&#8221;menu-basligi&#8221; css=&#8221;.vc_custom_1606302428432{margin-bottom: 10px !important;padding-right: 0px !important;}&#8221;]SOSYAL MEDYA[\/vc_column_text][vc_raw_js]JTNDZGl2JTIwaWQlM0QlMjJmYi1yb290JTIyJTNFJTNDJTJGZGl2JTNFJTBBJTNDc2NyaXB0JTNFJTI4ZnVuY3Rpb24lMjhkJTJDJTIwcyUyQyUyMGlkJTI5JTIwJTdCJTBBJTIwJTIwdmFyJTIwanMlMkMlMjBmanMlMjAlM0QlMjBkLmdldEVsZW1lbnRzQnlUYWdOYW1lJTI4cyUyOSU1QjAlNUQlM0IlMEElMjAlMjBpZiUyMCUyOGQuZ2V0RWxlbWVudEJ5SWQlMjhpZCUyOSUyOSUyMHJldHVybiUzQiUwQSUyMCUyMGpzJTIwJTNEJTIwZC5jcmVhdGVFbGVtZW50JTI4cyUyOSUzQiUyMGpzLmlkJTIwJTNEJTIwaWQlM0IlMEElMjAlMjBqcy5zcmMlMjAlM0QlMjAlMjIlMkYlMkZjb25uZWN0LmZhY2Vib29rLm5ldCUyRnRyX1RSJTJGc2RrLmpzJTIzeGZibWwlM0QxJTI2dmVyc2lvbiUzRHYyLjMlMjZhcHBJZCUzRDE5NDYwMjU5MDczMzMxOCUyMiUzQiUwQSUyMCUyMGZqcy5wYXJlbnROb2RlLmluc2VydEJlZm9yZSUyOGpzJTJDJTIwZmpzJTI5JTNCJTBBJTdEJTI4ZG9jdW1lbnQlMkMlMjAlMjdzY3JpcHQlMjclMkMlMjAlMjdmYWNlYm9vay1qc3NkayUyNyUyOSUyOSUzQiUzQyUyRnNjcmlwdCUzRQ==[\/vc_raw_js][vc_raw_html]JTNDZGl2JTIwY2xhc3MlM0QlMjJmYi1wYWdlJTIyJTIwZGF0YS1ocmVmJTNEJTIyaHR0cHMlM0ElMkYlMkZ3d3cuZmFjZWJvb2suY29tJTJGb211LnV6ZW0lMjIlMjBkYXRhLXNtYWxsLWhlYWRlciUzRCUyMnRydWUlMjIlMjBkYXRhLWFkYXB0LWNvbnRhaW5lci13aWR0aCUzRCUyMnRydWUlMjIlMjBkYXRhLWhpZGUtY292ZXIlM0QlMjJ0cnVlJTIyJTIwZGF0YS1zaG93LWZhY2VwaWxlJTNEJTIyZmFsc2UlMjIlMjBkYXRhLXNob3ctcG9zdHMlM0QlMjJmYWxzZSUyMiUzRSUzQ2RpdiUyMGNsYXNzJTNEJTIyZmIteGZibWwtcGFyc2UtaWdub3JlJTIyJTNFJTNDYmxvY2txdW90ZSUyMGNpdGUlM0QlMjJodHRwcyUzQSUyRiUyRnd3dy5mYWNlYm9vay5jb20lMkZvbXUudXplbSUyMiUzRSUzQ2ElMjBocmVmJTNEJTIyaHR0cHMlM0ElMkYlMkZ3d3cuZmFjZWJvb2suY29tJTJGb211LnV6ZW0lMjIlM0VPTSVDMyU5QyUyMFV6YWt0YW4lMjBFJUM0JTlGaXRpbSUyMFV5Z3VsYW1hJTIwdmUlMjBBcmElQzUlOUZ0JUM0JUIxcm1hJTIwTWVya2V6aSUzQyUyRmElM0UlM0MlMkZibG9ja3F1b3RlJTNFJTNDJTJGZGl2JTNFJTNDJTJGZGl2JTNF[\/vc_raw_html][vc_empty_space height=&#8221;10px&#8221;][vc_raw_html]JTNDYSUyMGhyZWYlM0QlMjJodHRwcyUzQSUyRiUyRnR3aXR0ZXIuY29tJTJGb211dXplbSUyMiUyMGNsYXNzJTNEJTIydHdpdHRlci1mb2xsb3ctYnV0dG9uJTIyJTIwZGF0YS1zaG93LWNvdW50JTNEJTIydHJ1ZSUyMiUyMGRhdGEtc2l6ZSUzRCUyMmxhcmdlJTIyJTIwZGF0YS1kbnQlM0QlMjJ0cnVlJTIyJTNFRm9sbG93JTIwJTQwb211dXplbSUzQyUyRmElM0UlMEElM0NzY3JpcHQlM0UlMjFmdW5jdGlvbiUyOGQlMkNzJTJDaWQlMjklN0J2YXIlMjBqcyUyQ2ZqcyUzRGQuZ2V0RWxlbWVudHNCeVRhZ05hbWUlMjhzJTI5JTVCMCU1RCUyQ3AlM0QlMkYlNUVodHRwJTNBJTJGLnRlc3QlMjhkLmxvY2F0aW9uJTI5JTNGJTI3aHR0cCUyNyUzQSUyN2h0dHBzJTI3JTNCaWYlMjglMjFkLmdldEVsZW1lbnRCeUlkJTI4aWQlMjklMjklN0JqcyUzRGQuY3JlYXRlRWxlbWVudCUyOHMlMjklM0Jqcy5pZCUzRGlkJTNCanMuc3JjJTNEcCUyQiUyNyUzQSUyRiUyRnBsYXRmb3JtLnR3aXR0ZXIuY29tJTJGd2lkZ2V0cy5qcyUyNyUzQmZqcy5wYXJlbnROb2RlLmluc2VydEJlZm9yZSUyOGpzJTJDZmpzJTI5JTNCJTdEJTdEJTI4ZG9jdW1lbnQlMkMlMjAlMjdzY3JpcHQlMjclMkMlMjAlMjd0d2l0dGVyLXdqcyUyNyUyOSUzQiUzQyUyRnNjcmlwdCUzRQ==[\/vc_raw_html][\/vc_column][\/vc_row][vc_row][vc_column css=&#8221;.vc_custom_1606302542376{margin-left: 0px !important;padding-left: 0px !important;}&#8221;][\/vc_column][\/vc_row]<\/p>\n","protected":false},"author":1,"featured_media":0,"parent":0,"menu_order":0,"comment_status":"closed","ping_status":"closed","template":"","meta":[],"translation":{"provider":"WPGlobus","version":"2.12.2","language":"en","enabled_languages":["tr","en"],"languages":{"tr":{"title":true,"content":true,"excerpt":false},"en":{"title":true,"content":true,"excerpt":false}}},"yoast_head":"<!-- This site is optimized with the Yoast SEO plugin v17.4 - https:\/\/yoast.com\/wordpress\/plugins\/seo\/ -->\n<meta name=\"robots\" content=\"index, follow, max-snippet:-1, max-image-preview:large, max-video-preview:-1\" \/>\n<link rel=\"canonical\" href=\"https:\/\/uzem.omu.edu.tr\/iletisim\/\" \/>\n<meta property=\"og:locale\" content=\"en_US\" \/>\n<meta property=\"og:type\" content=\"article\" \/>\n<meta property=\"og:title\" content=\"CREATING FEEDBACK - OM\u00dc Uzaktan E\u011fitim Merkezi\" \/>\n<meta property=\"og:url\" content=\"https:\/\/uzem.omu.edu.tr\/iletisim\/\" \/>\n<meta property=\"og:site_name\" content=\"OM\u00dc Uzaktan E\u011fitim Merkezi\" \/>\n<meta property=\"article:publisher\" content=\"https:\/\/www.facebook.com\/omu.uzem\" \/>\n<meta property=\"article:modified_time\" content=\"2024-03-04T11:33:35+00:00\" \/>\n<meta name=\"twitter:card\" content=\"summary_large_image\" \/>\n<meta name=\"twitter:site\" content=\"@omuuzem\" \/>\n<meta name=\"twitter:label1\" content=\"Est. reading time\" \/>\n\t<meta name=\"twitter:data1\" content=\"1 minute\" \/>\n<script type=\"application\/ld+json\" class=\"yoast-schema-graph\">{\"@context\":\"https:\/\/schema.org\",\"@graph\":[{\"@type\":\"Organization\",\"@id\":\"https:\/\/uzem.omu.edu.tr\/#organization\",\"name\":\"UZEM\",\"url\":\"https:\/\/uzem.omu.edu.tr\/\",\"sameAs\":[\"https:\/\/www.facebook.com\/omu.uzem\",\"https:\/\/www.instagram.com\/omu.uzem\/\",\"https:\/\/www.youtube.com\/channel\/UCQ6c_wjaGQcIvBKTbPrOe2A\",\"https:\/\/twitter.com\/omuuzem\"],\"logo\":{\"@type\":\"ImageObject\",\"@id\":\"https:\/\/uzem.omu.edu.tr\/#logo\",\"inLanguage\":\"en-US\",\"url\":\"https:\/\/uzem.omu.edu.tr\/wp-content\/uploads\/ulogo-1.png\",\"contentUrl\":\"https:\/\/uzem.omu.edu.tr\/wp-content\/uploads\/ulogo-1.png\",\"width\":364,\"height\":39,\"caption\":\"UZEM\"},\"image\":{\"@id\":\"https:\/\/uzem.omu.edu.tr\/#logo\"}},{\"@type\":\"WebSite\",\"@id\":\"https:\/\/uzem.omu.edu.tr\/#website\",\"url\":\"https:\/\/uzem.omu.edu.tr\/\",\"name\":\"OM\\u00dc Uzaktan E\\u011fitim Merkezi\",\"description\":\"&quot;F\\u0131rsatlar Sunar&quot;\",\"publisher\":{\"@id\":\"https:\/\/uzem.omu.edu.tr\/#organization\"},\"potentialAction\":[{\"@type\":\"SearchAction\",\"target\":{\"@type\":\"EntryPoint\",\"urlTemplate\":\"https:\/\/uzem.omu.edu.tr\/?s={search_term_string}\"},\"query-input\":\"required name=search_term_string\"}],\"inLanguage\":\"en-US\"},{\"@type\":\"WebPage\",\"@id\":\"https:\/\/uzem.omu.edu.tr\/iletisim\/#webpage\",\"url\":\"https:\/\/uzem.omu.edu.tr\/iletisim\/\",\"name\":\"CREATING FEEDBACK - OM\\u00dc Uzaktan E\\u011fitim Merkezi\",\"isPartOf\":{\"@id\":\"https:\/\/uzem.omu.edu.tr\/#website\"},\"datePublished\":\"2015-06-19T12:14:54+00:00\",\"dateModified\":\"2024-03-04T11:33:35+00:00\",\"breadcrumb\":{\"@id\":\"https:\/\/uzem.omu.edu.tr\/iletisim\/#breadcrumb\"},\"inLanguage\":\"en-US\",\"potentialAction\":[{\"@type\":\"ReadAction\",\"target\":[\"https:\/\/uzem.omu.edu.tr\/iletisim\/\"]}]},{\"@type\":\"BreadcrumbList\",\"@id\":\"https:\/\/uzem.omu.edu.tr\/iletisim\/#breadcrumb\",\"itemListElement\":[{\"@type\":\"ListItem\",\"position\":1,\"name\":\"Home\",\"item\":\"https:\/\/uzem.omu.edu.tr\/\"},{\"@type\":\"ListItem\",\"position\":2,\"name\":\"Geri Bildirim Olu\\u015ftur\"}]}]}<\/script>\n<!-- \/ Yoast SEO plugin. -->","yoast_head_json":{"robots":{"index":"index","follow":"follow","max-snippet":"max-snippet:-1","max-image-preview":"max-image-preview:large","max-video-preview":"max-video-preview:-1"},"canonical":"https:\/\/uzem.omu.edu.tr\/iletisim\/","og_locale":"en_US","og_type":"article","og_title":"CREATING FEEDBACK - OM\u00dc Uzaktan E\u011fitim Merkezi","og_url":"https:\/\/uzem.omu.edu.tr\/iletisim\/","og_site_name":"OM\u00dc Uzaktan E\u011fitim Merkezi","article_publisher":"https:\/\/www.facebook.com\/omu.uzem","article_modified_time":"2024-03-04T11:33:35+00:00","twitter_card":"summary_large_image","twitter_site":"@omuuzem","twitter_misc":{"Est. reading time":"1 minute"},"schema":{"@context":"https:\/\/schema.org","@graph":[{"@type":"Organization","@id":"https:\/\/uzem.omu.edu.tr\/#organization","name":"UZEM","url":"https:\/\/uzem.omu.edu.tr\/","sameAs":["https:\/\/www.facebook.com\/omu.uzem","https:\/\/www.instagram.com\/omu.uzem\/","https:\/\/www.youtube.com\/channel\/UCQ6c_wjaGQcIvBKTbPrOe2A","https:\/\/twitter.com\/omuuzem"],"logo":{"@type":"ImageObject","@id":"https:\/\/uzem.omu.edu.tr\/#logo","inLanguage":"en-US","url":"https:\/\/uzem.omu.edu.tr\/wp-content\/uploads\/ulogo-1.png","contentUrl":"https:\/\/uzem.omu.edu.tr\/wp-content\/uploads\/ulogo-1.png","width":364,"height":39,"caption":"UZEM"},"image":{"@id":"https:\/\/uzem.omu.edu.tr\/#logo"}},{"@type":"WebSite","@id":"https:\/\/uzem.omu.edu.tr\/#website","url":"https:\/\/uzem.omu.edu.tr\/","name":"OM\u00dc Uzaktan E\u011fitim Merkezi","description":"&quot;F\u0131rsatlar Sunar&quot;","publisher":{"@id":"https:\/\/uzem.omu.edu.tr\/#organization"},"potentialAction":[{"@type":"SearchAction","target":{"@type":"EntryPoint","urlTemplate":"https:\/\/uzem.omu.edu.tr\/?s={search_term_string}"},"query-input":"required name=search_term_string"}],"inLanguage":"en-US"},{"@type":"WebPage","@id":"https:\/\/uzem.omu.edu.tr\/iletisim\/#webpage","url":"https:\/\/uzem.omu.edu.tr\/iletisim\/","name":"CREATING FEEDBACK - OM\u00dc Uzaktan E\u011fitim Merkezi","isPartOf":{"@id":"https:\/\/uzem.omu.edu.tr\/#website"},"datePublished":"2015-06-19T12:14:54+00:00","dateModified":"2024-03-04T11:33:35+00:00","breadcrumb":{"@id":"https:\/\/uzem.omu.edu.tr\/iletisim\/#breadcrumb"},"inLanguage":"en-US","potentialAction":[{"@type":"ReadAction","target":["https:\/\/uzem.omu.edu.tr\/iletisim\/"]}]},{"@type":"BreadcrumbList","@id":"https:\/\/uzem.omu.edu.tr\/iletisim\/#breadcrumb","itemListElement":[{"@type":"ListItem","position":1,"name":"Home","item":"https:\/\/uzem.omu.edu.tr\/"},{"@type":"ListItem","position":2,"name":"Geri Bildirim Olu\u015ftur"}]}]}},"_links":{"self":[{"href":"https:\/\/uzem.omu.edu.tr\/en\/wp-json\/wp\/v2\/pages\/3539"}],"collection":[{"href":"https:\/\/uzem.omu.edu.tr\/en\/wp-json\/wp\/v2\/pages"}],"about":[{"href":"https:\/\/uzem.omu.edu.tr\/en\/wp-json\/wp\/v2\/types\/page"}],"author":[{"embeddable":true,"href":"https:\/\/uzem.omu.edu.tr\/en\/wp-json\/wp\/v2\/users\/1"}],"replies":[{"embeddable":true,"href":"https:\/\/uzem.omu.edu.tr\/en\/wp-json\/wp\/v2\/comments?post=3539"}],"version-history":[{"count":8,"href":"https:\/\/uzem.omu.edu.tr\/en\/wp-json\/wp\/v2\/pages\/3539\/revisions"}],"predecessor-version":[{"id":25993,"href":"https:\/\/uzem.omu.edu.tr\/en\/wp-json\/wp\/v2\/pages\/3539\/revisions\/25993"}],"wp:attachment":[{"href":"https:\/\/uzem.omu.edu.tr\/en\/wp-json\/wp\/v2\/media?parent=3539"}],"curies":[{"name":"wp","href":"https:\/\/api.w.org\/{rel}","templated":true}]}}