{"id":3101,"date":"2015-06-12T08:07:14","date_gmt":"2015-06-12T08:07:14","guid":{"rendered":"https:\/\/uzem.omu.edu.tr\/?page_id=3101"},"modified":"2025-09-24T14:42:03","modified_gmt":"2025-09-24T11:42:03","slug":"ortak-dersler-kayit-ve-bilgi","status":"publish","type":"page","link":"https:\/\/uzem.omu.edu.tr\/en\/ortak-dersler-kayit-ve-bilgi\/","title":{"rendered":"Ortak Dersler | Kay\u0131t ve Bilgi"},"content":{"rendered":"<p>[vc_row css=&#8221;.vc_custom_1427462343642{margin-top: -5px !important;margin-left: 0px !important;padding-left: 0px !important;}&#8221;][vc_column width=&#8221;3\/4&#8243; css=&#8221;.vc_custom_1450342788362{margin-top: 5px !important;margin-right: 0px !important;padding-right: 0px !important;padding-left: 0px !important;}&#8221;][vc_row_inner][vc_column_inner css=&#8221;.vc_custom_1450342898069{margin-bottom: 5px !important;padding-right: 0px !important;padding-left: 0px !important;}&#8221;][vc_widget_sidebar sidebar_id=&#8221;generated_sidebar-ortak-dersler-ust-menu&#8221;][\/vc_column_inner][\/vc_row_inner][vc_row_inner css=&#8221;.vc_custom_1435825098230{margin-top: -35px !important;margin-bottom: 10px !important;}&#8221;][vc_column_inner width=&#8221;9\/12&#8243; css=&#8221;.vc_custom_1435825118444{padding-right: 0px !important;padding-left: 0px !important;}&#8221;][vc_column_text el_class=&#8221;.menu-basligi&#8221;]<\/p>\n<p><strong>KAYIT VE B\u0130LG\u0130<\/strong><\/p>\n<p>[\/vc_column_text][\/vc_column_inner][vc_column_inner width=&#8221;3\/12&#8243; css=&#8221;.vc_custom_1435825127012{padding-right: 0px !important;padding-left: 0px !important;}&#8221;]<div class=\" ubtn-ctn-left aday-btn\"><a class=\"ubtn-link ult-adjust-bottom-margin ubtn-left ubtn-block aday-btn\" href=\"\/uzemde-kayitlar-basladi\/\" title=\"Aday \u00d6\u011frenci \u0130\u015flemleri\" ><button type=\"button\" id=\"ubtn-7626\"  class=\"ubtn ult-adjust-bottom-margin ult-responsive ubtn-block ubtn-no-hover-bg  none  ubtn-sep-icon ubtn-sep-icon-top-push  ubtn-left   tooltip-69e2f0aa15a4a ubtn-block\"  data-hover=\"\" data-border-color=\"\" data-bg=\"#c41435\" data-hover-bg=\"#00c1cf\" data-border-hover=\"\" data-shadow-hover=\"\" data-shadow-click=\"none\" data-shadow=\"\" data-shd-shadow=\"\"  data-ultimate-target='#ubtn-7626'  data-responsive-json-new='{\"font-size\":\"\",\"line-height\":\"\"}'  style=\"font-weight:normal;border:none;background: #c41435;color: #ffffff;\"><span class=\"ubtn-data ubtn-icon\"><i class=\"Defaults-floppy-o\" style=\"font-size:32px;color:;\"><\/i><\/span><span class=\"ubtn-hover\" style=\"background-color:#00c1cf\"><\/span><span class=\"ubtn-data ubtn-text \" >Aday \u00d6\u011frenci \u0130\u015flemleri<\/span><\/button><\/a><\/div>[\/vc_column_inner][\/vc_row_inner][vc_column_text]<\/p>\n<h1>Programa Kimler Kay\u0131t Yapt\u0131rabilir?<\/h1>\n<p>Programa OM\u00dc kamp\u00fcs alan\u0131nda \u00f6\u011frenim g\u00f6ren \u00f6\u011frencilerimiz ders se\u00e7im s\u00fcrecinde tercih ettikleri takdirde kay\u0131t olabilirler.[\/vc_column_text][vc_column_text]<\/p>\n<h1>Bu Program\u0131n Amac\u0131 Nedir?<\/h1>\n<p>Program\u0131n amac\u0131 Ortak Dersleri (Atat\u00fcrk \u0130lkeleri ve \u0130nk\u0131lap Tarihi ve T\u00fcrk Dili, \u0130ngilizce) uzaktan e\u011fitim teknolojileriyle t\u00fcm kamp\u00fcs \u00f6\u011frencilerinin hizmetine sunmakt\u0131r.[\/vc_column_text][vc_column_text]<\/p>\n<h1>Programa Nas\u0131l Ba\u015fvuru Yap\u0131l\u0131r?<\/h1>\n<p>\u00d6\u011frenci ders se\u00e7me s\u00fcrecinde\u00a0Atat\u00fcrk \u0130lkeleri ve \u0130nk\u0131lap Tarihi, T\u00fcrk Dili\u00a0ve\u00a0\u0130ngilizce derslerinden birini ya da birka\u00e7\u0131n\u0131 Uzaktan E\u011fitimle almak isterse, ubs.omu.edu.tr adresi \u00fczerinden bu y\u00f6nde tercihte bulunur ve derslerini internet \u00fczerinden takip etmeye ba\u015flar.[\/vc_column_text][vc_column_text]<\/p>\n<h1>Mezuniyet \u015eartlar\u0131 Nelerdir?<\/h1>\n<p>Programda\u00a0\u201cDers Ge\u00e7me Notu\u201d\u00a0<a href=\"http:\/\/www.omu.edu.tr\/sites\/default\/files\/files\/3-2015-29512%20OM%C3%9C%20E%C4%9E%C4%B0T%C4%B0M-%C3%96%C4%9ERET%C4%B0M%20VE%20SINAV%20Y%C3%96NETMEL%C4%B0%C4%9E%C4%B0.pdf\" target=\"_blank\" rel=\"noopener\">OM\u00dc Ba\u011f\u0131l De\u011ferlendirme Y\u00f6nergesine<\/a> g\u00f6re d\u00fczenlenmektedir.[\/vc_column_text][vc_column_text]<\/p>\n<h1>Ba\u015fvuru Tarihleri Nedir?<\/h1>\n<p>\u00d6\u011frenci her d\u00f6nemin ba\u015f\u0131nda ders se\u00e7me a\u015famas\u0131nda UZEM&#8217;i tercih etmelidir. Ders ekleme b\u0131rakma tarih aral\u0131\u011f\u0131 ilgili d\u00f6nemin akademik takviminde belirtilmi\u015ftir.[\/vc_column_text][vc_column_text]<\/p>\n<h1>\u00d6demeler Nereye, Nas\u0131l ve Ne Zaman Yap\u0131l\u0131yor?<\/h1>\n<p>\u00d6demeler ders kay\u0131tlar\u0131 akabinde \u00f6\u011frenci numaras\u0131yla <b>Ziraat Bankas\u0131 <\/b>\u015fubelerine yap\u0131l\u0131r. Tahsil edilecek tutar\u0131n <b>Ziraat Bankas\u0131 <\/b><strong>haricinde di\u011fer bankalara yat\u0131r\u0131lmamas\u0131 gerekmektedir<\/strong>. Di\u011fer bankalara yap\u0131lan \u00f6demelerden UZEM sorumlu de\u011fildir. Ola\u011fan\u00fcst\u00fc durumlar haricinde \u00f6demelerde EFT ve Havale yoluyla tahsilat yap\u0131lmayacakt\u0131r.[\/vc_column_text][vc_column_text]<\/p>\n<h1>E\u011fitim Ka\u00e7 D\u00f6nem S\u00fcrmektedir?<\/h1>\n<p>E\u011fitim \u00f6\u011fretim s\u00fcresi \u00f6\u011frencinin dersi alttan alma veya ilk kez alma durumuna g\u00f6re de\u011fi\u015fmektedir.[\/vc_column_text][vc_column_text]<\/p>\n<h1>Di\u011fer Hususlar<\/h1>\n<p>Dersler di\u011fer programlardan farkl\u0131 olarak\u00a0http:\/\/eders.omu.edu.tr\/ adresinden y\u00fcr\u00fct\u00fclmektedir.[\/vc_column_text][\/vc_column][vc_column width=&#8221;1\/4&#8243; css=&#8221;.vc_custom_1433425724662{margin-top: 20px !important;padding-right: 0px !important;}&#8221;][vc_widget_sidebar sidebar_id=&#8221;generated_sidebar-ortak-dersler&#8221;][\/vc_column][\/vc_row]<\/p>\n","protected":false},"excerpt":{"rendered":"<p>[vc_row css=&#8221;.vc_custom_1427462343642{margin-top: -5px !important;margin-left: 0px !important;padding-left: 0px !important;}&#8221;][vc_column width=&#8221;3\/4&#8243; css=&#8221;.vc_custom_1450342788362{margin-top: 5px !important;margin-right: 0px !important;padding-right: 0px !important;padding-left: 0px !important;}&#8221;][vc_row_inner][vc_column_inner css=&#8221;.vc_custom_1450342898069{margin-bottom: 5px !important;padding-right: 0px !important;padding-left: 0px !important;}&#8221;][vc_widget_sidebar sidebar_id=&#8221;generated_sidebar-ortak-dersler-ust-menu&#8221;][\/vc_column_inner][\/vc_row_inner][vc_row_inner css=&#8221;.vc_custom_1435825098230{margin-top: -35px !important;margin-bottom: 10px !important;}&#8221;][vc_column_inner width=&#8221;9\/12&#8243; css=&#8221;.vc_custom_1435825118444{padding-right: 0px !important;padding-left: 0px !important;}&#8221;][vc_column_text el_class=&#8221;.menu-basligi&#8221;] KAYIT VE B\u0130LG\u0130 [\/vc_column_text][\/vc_column_inner][vc_column_inner width=&#8221;3\/12&#8243; css=&#8221;.vc_custom_1435825127012{padding-right: 0px !important;padding-left: 0px !important;}&#8221;][\/vc_column_inner][\/vc_row_inner][vc_column_text] Programa Kimler Kay\u0131t Yapt\u0131rabilir? Programa OM\u00dc kamp\u00fcs alan\u0131nda \u00f6\u011frenim g\u00f6ren \u00f6\u011frencilerimiz ders se\u00e7im s\u00fcrecinde tercih ettikleri takdirde kay\u0131t olabilirler.[\/vc_column_text][vc_column_text] Bu Program\u0131n Amac\u0131 Nedir? Program\u0131n amac\u0131 Ortak Dersleri (Atat\u00fcrk \u0130lkeleri ve \u0130nk\u0131lap Tarihi ve T\u00fcrk Dili, \u0130ngilizce) uzaktan e\u011fitim teknolojileriyle t\u00fcm kamp\u00fcs \u00f6\u011frencilerinin hizmetine sunmakt\u0131r.[\/vc_column_text][vc_column_text] Programa Nas\u0131l Ba\u015fvuru Yap\u0131l\u0131r? \u00d6\u011frenci ders se\u00e7me s\u00fcrecinde\u00a0Atat\u00fcrk \u0130lkeleri ve \u0130nk\u0131lap Tarihi, T\u00fcrk Dili\u00a0ve\u00a0\u0130ngilizce derslerinden birini ya da birka\u00e7\u0131n\u0131 Uzaktan E\u011fitimle almak isterse, ubs.omu.edu.tr adresi \u00fczerinden bu y\u00f6nde tercihte bulunur ve derslerini internet \u00fczerinden takip etmeye ba\u015flar.[\/vc_column_text][vc_column_text] Mezuniyet \u015eartlar\u0131 Nelerdir? Programda\u00a0\u201cDers Ge\u00e7me Notu\u201d\u00a0OM\u00dc Ba\u011f\u0131l De\u011ferlendirme Y\u00f6nergesine g\u00f6re d\u00fczenlenmektedir.[\/vc_column_text][vc_column_text] Ba\u015fvuru Tarihleri Nedir? \u00d6\u011frenci her d\u00f6nemin ba\u015f\u0131nda ders se\u00e7me a\u015famas\u0131nda UZEM&#8217;i tercih etmelidir. Ders ekleme b\u0131rakma tarih aral\u0131\u011f\u0131 ilgili d\u00f6nemin akademik takviminde belirtilmi\u015ftir.[\/vc_column_text][vc_column_text] \u00d6demeler Nereye, Nas\u0131l ve Ne Zaman Yap\u0131l\u0131yor? \u00d6demeler ders kay\u0131tlar\u0131 akabinde \u00f6\u011frenci numaras\u0131yla Ziraat Bankas\u0131 \u015fubelerine yap\u0131l\u0131r. Tahsil edilecek tutar\u0131n Ziraat Bankas\u0131 haricinde di\u011fer bankalara yat\u0131r\u0131lmamas\u0131 gerekmektedir. Di\u011fer bankalara yap\u0131lan \u00f6demelerden UZEM sorumlu de\u011fildir. Ola\u011fan\u00fcst\u00fc durumlar haricinde \u00f6demelerde EFT ve Havale yoluyla tahsilat yap\u0131lmayacakt\u0131r.[\/vc_column_text][vc_column_text] E\u011fitim Ka\u00e7 D\u00f6nem S\u00fcrmektedir? E\u011fitim \u00f6\u011fretim s\u00fcresi \u00f6\u011frencinin dersi alttan alma veya ilk kez alma durumuna g\u00f6re de\u011fi\u015fmektedir.[\/vc_column_text][vc_column_text] Di\u011fer Hususlar Dersler di\u011fer programlardan farkl\u0131 olarak\u00a0http:\/\/eders.omu.edu.tr\/ adresinden y\u00fcr\u00fct\u00fclmektedir.[\/vc_column_text][\/vc_column][vc_column width=&#8221;1\/4&#8243; css=&#8221;.vc_custom_1433425724662{margin-top: 20px !important;padding-right: 0px !important;}&#8221;][vc_widget_sidebar sidebar_id=&#8221;generated_sidebar-ortak-dersler&#8221;][\/vc_column][\/vc_row]<\/p>\n","protected":false},"author":5,"featured_media":0,"parent":0,"menu_order":0,"comment_status":"closed","ping_status":"closed","template":"","meta":[],"translation":{"provider":"WPGlobus","version":"2.12.2","language":"en","enabled_languages":["tr","en"],"languages":{"tr":{"title":true,"content":true,"excerpt":false},"en":{"title":false,"content":false,"excerpt":false}}},"yoast_head":"<!-- This site is optimized with the Yoast SEO plugin v17.4 - https:\/\/yoast.com\/wordpress\/plugins\/seo\/ -->\n<meta name=\"robots\" content=\"index, follow, max-snippet:-1, max-image-preview:large, max-video-preview:-1\" \/>\n<link rel=\"canonical\" href=\"https:\/\/uzem.omu.edu.tr\/ortak-dersler-kayit-ve-bilgi\/\" \/>\n<meta property=\"og:locale\" content=\"en_US\" \/>\n<meta property=\"og:type\" content=\"article\" \/>\n<meta property=\"og:title\" content=\"Ortak Dersler | Kay\u0131t ve Bilgi - OM\u00dc Uzaktan E\u011fitim Merkezi\" \/>\n<meta property=\"og:url\" content=\"https:\/\/uzem.omu.edu.tr\/ortak-dersler-kayit-ve-bilgi\/\" \/>\n<meta property=\"og:site_name\" content=\"OM\u00dc Uzaktan E\u011fitim Merkezi\" \/>\n<meta property=\"article:publisher\" content=\"https:\/\/www.facebook.com\/omu.uzem\" \/>\n<meta property=\"article:modified_time\" content=\"2025-09-24T11:42:03+00:00\" \/>\n<meta name=\"twitter:card\" content=\"summary_large_image\" \/>\n<meta name=\"twitter:site\" content=\"@omuuzem\" \/>\n<meta name=\"twitter:label1\" content=\"Est. reading time\" \/>\n\t<meta name=\"twitter:data1\" content=\"3 minutes\" \/>\n<script type=\"application\/ld+json\" class=\"yoast-schema-graph\">{\"@context\":\"https:\/\/schema.org\",\"@graph\":[{\"@type\":\"Organization\",\"@id\":\"https:\/\/uzem.omu.edu.tr\/#organization\",\"name\":\"UZEM\",\"url\":\"https:\/\/uzem.omu.edu.tr\/\",\"sameAs\":[\"https:\/\/www.facebook.com\/omu.uzem\",\"https:\/\/www.instagram.com\/omu.uzem\/\",\"https:\/\/www.youtube.com\/channel\/UCQ6c_wjaGQcIvBKTbPrOe2A\",\"https:\/\/twitter.com\/omuuzem\"],\"logo\":{\"@type\":\"ImageObject\",\"@id\":\"https:\/\/uzem.omu.edu.tr\/#logo\",\"inLanguage\":\"en-US\",\"url\":\"https:\/\/uzem.omu.edu.tr\/wp-content\/uploads\/ulogo-1.png\",\"contentUrl\":\"https:\/\/uzem.omu.edu.tr\/wp-content\/uploads\/ulogo-1.png\",\"width\":364,\"height\":39,\"caption\":\"UZEM\"},\"image\":{\"@id\":\"https:\/\/uzem.omu.edu.tr\/#logo\"}},{\"@type\":\"WebSite\",\"@id\":\"https:\/\/uzem.omu.edu.tr\/#website\",\"url\":\"https:\/\/uzem.omu.edu.tr\/\",\"name\":\"OM\\u00dc Uzaktan E\\u011fitim Merkezi\",\"description\":\"&quot;F\\u0131rsatlar Sunar&quot;\",\"publisher\":{\"@id\":\"https:\/\/uzem.omu.edu.tr\/#organization\"},\"potentialAction\":[{\"@type\":\"SearchAction\",\"target\":{\"@type\":\"EntryPoint\",\"urlTemplate\":\"https:\/\/uzem.omu.edu.tr\/?s={search_term_string}\"},\"query-input\":\"required name=search_term_string\"}],\"inLanguage\":\"en-US\"},{\"@type\":\"WebPage\",\"@id\":\"https:\/\/uzem.omu.edu.tr\/ortak-dersler-kayit-ve-bilgi\/#webpage\",\"url\":\"https:\/\/uzem.omu.edu.tr\/ortak-dersler-kayit-ve-bilgi\/\",\"name\":\"Ortak Dersler | Kay\\u0131t ve Bilgi - OM\\u00dc Uzaktan E\\u011fitim Merkezi\",\"isPartOf\":{\"@id\":\"https:\/\/uzem.omu.edu.tr\/#website\"},\"datePublished\":\"2015-06-12T08:07:14+00:00\",\"dateModified\":\"2025-09-24T11:42:03+00:00\",\"breadcrumb\":{\"@id\":\"https:\/\/uzem.omu.edu.tr\/ortak-dersler-kayit-ve-bilgi\/#breadcrumb\"},\"inLanguage\":\"en-US\",\"potentialAction\":[{\"@type\":\"ReadAction\",\"target\":[\"https:\/\/uzem.omu.edu.tr\/ortak-dersler-kayit-ve-bilgi\/\"]}]},{\"@type\":\"BreadcrumbList\",\"@id\":\"https:\/\/uzem.omu.edu.tr\/ortak-dersler-kayit-ve-bilgi\/#breadcrumb\",\"itemListElement\":[{\"@type\":\"ListItem\",\"position\":1,\"name\":\"Home\",\"item\":\"https:\/\/uzem.omu.edu.tr\/\"},{\"@type\":\"ListItem\",\"position\":2,\"name\":\"Ortak Dersler | Kay\\u0131t ve Bilgi\"}]}]}<\/script>\n<!-- \/ Yoast SEO plugin. -->","yoast_head_json":{"robots":{"index":"index","follow":"follow","max-snippet":"max-snippet:-1","max-image-preview":"max-image-preview:large","max-video-preview":"max-video-preview:-1"},"canonical":"https:\/\/uzem.omu.edu.tr\/ortak-dersler-kayit-ve-bilgi\/","og_locale":"en_US","og_type":"article","og_title":"Ortak Dersler | Kay\u0131t ve Bilgi - OM\u00dc Uzaktan E\u011fitim Merkezi","og_url":"https:\/\/uzem.omu.edu.tr\/ortak-dersler-kayit-ve-bilgi\/","og_site_name":"OM\u00dc Uzaktan E\u011fitim Merkezi","article_publisher":"https:\/\/www.facebook.com\/omu.uzem","article_modified_time":"2025-09-24T11:42:03+00:00","twitter_card":"summary_large_image","twitter_site":"@omuuzem","twitter_misc":{"Est. reading time":"3 minutes"},"schema":{"@context":"https:\/\/schema.org","@graph":[{"@type":"Organization","@id":"https:\/\/uzem.omu.edu.tr\/#organization","name":"UZEM","url":"https:\/\/uzem.omu.edu.tr\/","sameAs":["https:\/\/www.facebook.com\/omu.uzem","https:\/\/www.instagram.com\/omu.uzem\/","https:\/\/www.youtube.com\/channel\/UCQ6c_wjaGQcIvBKTbPrOe2A","https:\/\/twitter.com\/omuuzem"],"logo":{"@type":"ImageObject","@id":"https:\/\/uzem.omu.edu.tr\/#logo","inLanguage":"en-US","url":"https:\/\/uzem.omu.edu.tr\/wp-content\/uploads\/ulogo-1.png","contentUrl":"https:\/\/uzem.omu.edu.tr\/wp-content\/uploads\/ulogo-1.png","width":364,"height":39,"caption":"UZEM"},"image":{"@id":"https:\/\/uzem.omu.edu.tr\/#logo"}},{"@type":"WebSite","@id":"https:\/\/uzem.omu.edu.tr\/#website","url":"https:\/\/uzem.omu.edu.tr\/","name":"OM\u00dc Uzaktan E\u011fitim Merkezi","description":"&quot;F\u0131rsatlar Sunar&quot;","publisher":{"@id":"https:\/\/uzem.omu.edu.tr\/#organization"},"potentialAction":[{"@type":"SearchAction","target":{"@type":"EntryPoint","urlTemplate":"https:\/\/uzem.omu.edu.tr\/?s={search_term_string}"},"query-input":"required name=search_term_string"}],"inLanguage":"en-US"},{"@type":"WebPage","@id":"https:\/\/uzem.omu.edu.tr\/ortak-dersler-kayit-ve-bilgi\/#webpage","url":"https:\/\/uzem.omu.edu.tr\/ortak-dersler-kayit-ve-bilgi\/","name":"Ortak Dersler | Kay\u0131t ve Bilgi - OM\u00dc Uzaktan E\u011fitim Merkezi","isPartOf":{"@id":"https:\/\/uzem.omu.edu.tr\/#website"},"datePublished":"2015-06-12T08:07:14+00:00","dateModified":"2025-09-24T11:42:03+00:00","breadcrumb":{"@id":"https:\/\/uzem.omu.edu.tr\/ortak-dersler-kayit-ve-bilgi\/#breadcrumb"},"inLanguage":"en-US","potentialAction":[{"@type":"ReadAction","target":["https:\/\/uzem.omu.edu.tr\/ortak-dersler-kayit-ve-bilgi\/"]}]},{"@type":"BreadcrumbList","@id":"https:\/\/uzem.omu.edu.tr\/ortak-dersler-kayit-ve-bilgi\/#breadcrumb","itemListElement":[{"@type":"ListItem","position":1,"name":"Home","item":"https:\/\/uzem.omu.edu.tr\/"},{"@type":"ListItem","position":2,"name":"Ortak Dersler | Kay\u0131t ve Bilgi"}]}]}},"_links":{"self":[{"href":"https:\/\/uzem.omu.edu.tr\/en\/wp-json\/wp\/v2\/pages\/3101"}],"collection":[{"href":"https:\/\/uzem.omu.edu.tr\/en\/wp-json\/wp\/v2\/pages"}],"about":[{"href":"https:\/\/uzem.omu.edu.tr\/en\/wp-json\/wp\/v2\/types\/page"}],"author":[{"embeddable":true,"href":"https:\/\/uzem.omu.edu.tr\/en\/wp-json\/wp\/v2\/users\/5"}],"replies":[{"embeddable":true,"href":"https:\/\/uzem.omu.edu.tr\/en\/wp-json\/wp\/v2\/comments?post=3101"}],"version-history":[{"count":1,"href":"https:\/\/uzem.omu.edu.tr\/en\/wp-json\/wp\/v2\/pages\/3101\/revisions"}],"predecessor-version":[{"id":27026,"href":"https:\/\/uzem.omu.edu.tr\/en\/wp-json\/wp\/v2\/pages\/3101\/revisions\/27026"}],"wp:attachment":[{"href":"https:\/\/uzem.omu.edu.tr\/en\/wp-json\/wp\/v2\/media?parent=3101"}],"curies":[{"name":"wp","href":"https:\/\/api.w.org\/{rel}","templated":true}]}}