{"id":2842,"date":"2015-06-05T13:15:08","date_gmt":"2015-06-05T13:15:08","guid":{"rendered":"https:\/\/uzem.omu.edu.tr\/?page_id=2842"},"modified":"2025-11-26T14:35:05","modified_gmt":"2025-11-26T11:35:05","slug":"canli-ders-yardimi","status":"publish","type":"page","link":"https:\/\/uzem.omu.edu.tr\/en\/canli-ders-yardimi\/","title":{"rendered":"UZEM Help Videos (Educator &#038; Student)"},"content":{"rendered":"<p>[vc_row][vc_column width=&#8221;1\/2&#8243;][vc_column_text el_class=&#8221;menu-basligi&#8221;]<strong>Help Videos For Educators<\/strong>[\/vc_column_text][vc_column_text css=&#8221;.vc_custom_1764156691414{margin-left: 0px !important;padding-left: 0px !important;}&#8221;]<strong>How to Join Live Classes? <i class=\"fa fa-angle-double-down \" ><\/i><\/strong><br \/>\n<iframe loading=\"lazy\" src=\"https:\/\/www.youtube.com\/embed\/fXWOk1-RRRQ\" width=\"560\" height=\"315\" frameborder=\"0\" allowfullscreen=\"allowfullscreen\"><\/iframe>[\/vc_column_text][vc_column_text css=&#8221;.vc_custom_1764156724548{margin-left: 0px !important;padding-left: 0px !important;}&#8221;]<strong>Where can I access recordings of live classes? <i class=\"fa fa-angle-double-down \" ><\/i><\/strong><br \/>\n<iframe loading=\"lazy\" src=\"https:\/\/www.youtube.com\/embed\/DCUyqD4a0Co\" width=\"560\" height=\"315\" frameborder=\"0\" allowfullscreen=\"allowfullscreen\"><\/iframe>[\/vc_column_text][vc_column_text css=&#8221;.vc_custom_1764156740975{margin-left: 0px !important;padding-left: 0px !important;}&#8221;]<strong>How to Record a Live Class? <i class=\"fa fa-angle-double-down \" ><\/i><\/strong><br \/>\n<iframe loading=\"lazy\" src=\"https:\/\/www.youtube.com\/embed\/AlO9I8uAT7A\" width=\"560\" height=\"315\" frameborder=\"0\" allowfullscreen=\"allowfullscreen\"><\/iframe>[\/vc_column_text][vc_column_text]<strong>How to Use Virtual Classroom Tools? <i class=\"fa fa-angle-double-down \" ><\/i><\/strong><br \/>\n<iframe loading=\"lazy\" src=\"https:\/\/www.youtube.com\/embed\/7x68UrA7Af4\" width=\"560\" height=\"315\" frameborder=\"0\" allowfullscreen=\"allowfullscreen\"><\/iframe>[\/vc_column_text][vc_column_text css=&#8221;.vc_custom_1764156774245{margin-left: 0px !important;padding-left: 0px !important;}&#8221;]<strong>How to Share Your Microphone and Webcam? <i class=\"fa fa-angle-double-down \" ><\/i><\/strong><br \/>\n<iframe loading=\"lazy\" src=\"https:\/\/www.youtube.com\/embed\/_ZY7knKwOWc\" width=\"560\" height=\"315\" frameborder=\"0\" allowfullscreen=\"allowfullscreen\"><\/iframe>[\/vc_column_text][vc_column_text css=&#8221;.vc_custom_1764156790052{margin-left: 0px !important;padding-left: 0px !important;}&#8221;]<strong>How to Upload Documents? <i class=\"fa fa-angle-double-down \" ><\/i><\/strong><br \/>\n<iframe loading=\"lazy\" src=\"https:\/\/www.youtube.com\/embed\/BbCQg42ShAM\" width=\"560\" height=\"315\" frameborder=\"0\" allowfullscreen=\"allowfullscreen\"><\/iframe>[\/vc_column_text][\/vc_column][vc_column width=&#8221;1\/2&#8243; css=&#8221;.vc_custom_1433753083889{padding-right: 0px !important;padding-left: 10px !important;}&#8221;][vc_column_text el_class=&#8221;menu-basligi&#8221;]<strong>Help Videos for Students<\/strong>[\/vc_column_text][vc_column_text css=&#8221;.vc_custom_1764156910413{margin-left: 0px !important;padding-left: 0px !important;}&#8221;]<strong>How do I access course materials? <i class=\"fa fa-angle-double-down \" ><\/i><\/strong><br \/>\n<iframe loading=\"lazy\" src=\"https:\/\/www.youtube.com\/embed\/RncJDI1T6Gw\" width=\"560\" height=\"315\" frameborder=\"0\" allowfullscreen=\"allowfullscreen\"><\/iframe>[\/vc_column_text][vc_column_text css=&#8221;.vc_custom_1764156928141{margin-left: 0px !important;padding-left: 0px !important;}&#8221;]<strong>How to Join Live Classes? <i class=\"fa fa-angle-double-down \" ><\/i><\/strong><br \/>\n<iframe loading=\"lazy\" src=\"https:\/\/www.youtube.com\/embed\/YU2KB7ZaDmU\" width=\"560\" height=\"315\" frameborder=\"0\" allowfullscreen=\"allowfullscreen\"><\/iframe>[\/vc_column_text][vc_column_text css=&#8221;.vc_custom_1764156945265{margin-left: 0px !important;padding-left: 0px !important;}&#8221;]<strong>Where can I access recordings of live classes? <i class=\"fa fa-angle-double-down \" ><\/i><\/strong><br \/>\n<iframe loading=\"lazy\" src=\"https:\/\/www.youtube.com\/embed\/DCUyqD4a0Co\" width=\"560\" height=\"315\" frameborder=\"0\" allowfullscreen=\"allowfullscreen\"><\/iframe>[\/vc_column_text][vc_column_text]To access live classes from your phone or tablet, simply log in to portal.uzem.omu.edu.tr from your mobile device&#8217;s internet browser, just as you would on a desktop computer, and follow the same steps.[\/vc_column_text][\/vc_column][\/vc_row][vc_row][vc_column][vc_column_text][\/vc_column_text][\/vc_column][\/vc_row]<\/p>\n","protected":false},"excerpt":{"rendered":"<p>[vc_row][vc_column width=&#8221;1\/2&#8243;][vc_column_text el_class=&#8221;menu-basligi&#8221;]Help Videos For Educators[\/vc_column_text][vc_column_text css=&#8221;.vc_custom_1764156691414{margin-left: 0px !important;padding-left: 0px !important;}&#8221;]How to Join Live Classes? [\/vc_column_text][vc_column_text css=&#8221;.vc_custom_1764156724548{margin-left: 0px !important;padding-left: 0px !important;}&#8221;]Where can I access recordings of live classes? [\/vc_column_text][vc_column_text css=&#8221;.vc_custom_1764156740975{margin-left: 0px !important;padding-left: 0px !important;}&#8221;]How to Record a Live Class? [\/vc_column_text][vc_column_text]How to Use Virtual Classroom Tools? [\/vc_column_text][vc_column_text css=&#8221;.vc_custom_1764156774245{margin-left: 0px !important;padding-left: 0px !important;}&#8221;]How to Share Your Microphone and Webcam? [\/vc_column_text][vc_column_text css=&#8221;.vc_custom_1764156790052{margin-left: 0px !important;padding-left: 0px !important;}&#8221;]How to Upload Documents? [\/vc_column_text][\/vc_column][vc_column width=&#8221;1\/2&#8243; css=&#8221;.vc_custom_1433753083889{padding-right: 0px !important;padding-left: 10px !important;}&#8221;][vc_column_text el_class=&#8221;menu-basligi&#8221;]Help Videos for Students[\/vc_column_text][vc_column_text css=&#8221;.vc_custom_1764156910413{margin-left: 0px !important;padding-left: 0px !important;}&#8221;]How do I access course materials? [\/vc_column_text][vc_column_text css=&#8221;.vc_custom_1764156928141{margin-left: 0px !important;padding-left: 0px !important;}&#8221;]How to Join Live Classes? [\/vc_column_text][vc_column_text css=&#8221;.vc_custom_1764156945265{margin-left: 0px !important;padding-left: 0px !important;}&#8221;]Where can I access recordings of live classes? [\/vc_column_text][vc_column_text]To access live classes from your phone or tablet, simply log in to portal.uzem.omu.edu.tr from your mobile device&#8217;s internet browser, just as you would on a desktop computer, and follow the same steps.[\/vc_column_text][\/vc_column][\/vc_row][vc_row][vc_column][vc_column_text][\/vc_column_text][\/vc_column][\/vc_row]<\/p>\n","protected":false},"author":1,"featured_media":0,"parent":0,"menu_order":0,"comment_status":"closed","ping_status":"closed","template":"","meta":[],"translation":{"provider":"WPGlobus","version":"2.12.2","language":"en","enabled_languages":["tr","en"],"languages":{"tr":{"title":true,"content":true,"excerpt":false},"en":{"title":true,"content":true,"excerpt":false}}},"yoast_head":"<!-- This site is optimized with the Yoast SEO plugin v17.4 - https:\/\/yoast.com\/wordpress\/plugins\/seo\/ -->\n<meta name=\"robots\" content=\"index, follow, max-snippet:-1, max-image-preview:large, max-video-preview:-1\" \/>\n<link rel=\"canonical\" href=\"https:\/\/uzem.omu.edu.tr\/canli-ders-yardimi\/\" \/>\n<meta property=\"og:locale\" content=\"en_US\" \/>\n<meta property=\"og:type\" content=\"article\" \/>\n<meta property=\"og:title\" content=\"UZEM Help Videos (Educator &amp; Student) - OM\u00dc Uzaktan E\u011fitim Merkezi\" \/>\n<meta property=\"og:url\" content=\"https:\/\/uzem.omu.edu.tr\/canli-ders-yardimi\/\" \/>\n<meta property=\"og:site_name\" content=\"OM\u00dc Uzaktan E\u011fitim Merkezi\" \/>\n<meta property=\"article:publisher\" content=\"https:\/\/www.facebook.com\/omu.uzem\" \/>\n<meta property=\"article:modified_time\" content=\"2025-11-26T11:35:05+00:00\" \/>\n<meta name=\"twitter:card\" content=\"summary_large_image\" \/>\n<meta name=\"twitter:site\" content=\"@omuuzem\" \/>\n<meta name=\"twitter:label1\" content=\"Est. reading time\" \/>\n\t<meta name=\"twitter:data1\" content=\"1 minute\" \/>\n<script type=\"application\/ld+json\" class=\"yoast-schema-graph\">{\"@context\":\"https:\/\/schema.org\",\"@graph\":[{\"@type\":\"Organization\",\"@id\":\"https:\/\/uzem.omu.edu.tr\/#organization\",\"name\":\"UZEM\",\"url\":\"https:\/\/uzem.omu.edu.tr\/\",\"sameAs\":[\"https:\/\/www.facebook.com\/omu.uzem\",\"https:\/\/www.instagram.com\/omu.uzem\/\",\"https:\/\/www.youtube.com\/channel\/UCQ6c_wjaGQcIvBKTbPrOe2A\",\"https:\/\/twitter.com\/omuuzem\"],\"logo\":{\"@type\":\"ImageObject\",\"@id\":\"https:\/\/uzem.omu.edu.tr\/#logo\",\"inLanguage\":\"en-US\",\"url\":\"https:\/\/uzem.omu.edu.tr\/wp-content\/uploads\/ulogo-1.png\",\"contentUrl\":\"https:\/\/uzem.omu.edu.tr\/wp-content\/uploads\/ulogo-1.png\",\"width\":364,\"height\":39,\"caption\":\"UZEM\"},\"image\":{\"@id\":\"https:\/\/uzem.omu.edu.tr\/#logo\"}},{\"@type\":\"WebSite\",\"@id\":\"https:\/\/uzem.omu.edu.tr\/#website\",\"url\":\"https:\/\/uzem.omu.edu.tr\/\",\"name\":\"OM\\u00dc Uzaktan E\\u011fitim Merkezi\",\"description\":\"&quot;F\\u0131rsatlar Sunar&quot;\",\"publisher\":{\"@id\":\"https:\/\/uzem.omu.edu.tr\/#organization\"},\"potentialAction\":[{\"@type\":\"SearchAction\",\"target\":{\"@type\":\"EntryPoint\",\"urlTemplate\":\"https:\/\/uzem.omu.edu.tr\/?s={search_term_string}\"},\"query-input\":\"required name=search_term_string\"}],\"inLanguage\":\"en-US\"},{\"@type\":\"WebPage\",\"@id\":\"https:\/\/uzem.omu.edu.tr\/canli-ders-yardimi\/#webpage\",\"url\":\"https:\/\/uzem.omu.edu.tr\/canli-ders-yardimi\/\",\"name\":\"UZEM Help Videos (Educator & Student) - OM\\u00dc Uzaktan E\\u011fitim Merkezi\",\"isPartOf\":{\"@id\":\"https:\/\/uzem.omu.edu.tr\/#website\"},\"datePublished\":\"2015-06-05T13:15:08+00:00\",\"dateModified\":\"2025-11-26T11:35:05+00:00\",\"breadcrumb\":{\"@id\":\"https:\/\/uzem.omu.edu.tr\/canli-ders-yardimi\/#breadcrumb\"},\"inLanguage\":\"en-US\",\"potentialAction\":[{\"@type\":\"ReadAction\",\"target\":[\"https:\/\/uzem.omu.edu.tr\/canli-ders-yardimi\/\"]}]},{\"@type\":\"BreadcrumbList\",\"@id\":\"https:\/\/uzem.omu.edu.tr\/canli-ders-yardimi\/#breadcrumb\",\"itemListElement\":[{\"@type\":\"ListItem\",\"position\":1,\"name\":\"Home\",\"item\":\"https:\/\/uzem.omu.edu.tr\/\"},{\"@type\":\"ListItem\",\"position\":2,\"name\":\"UZEM Yard\\u0131m Videolar\\u0131 (E\\u011fitimci &#038; \\u00d6\\u011frenci)\"}]}]}<\/script>\n<!-- \/ Yoast SEO plugin. -->","yoast_head_json":{"robots":{"index":"index","follow":"follow","max-snippet":"max-snippet:-1","max-image-preview":"max-image-preview:large","max-video-preview":"max-video-preview:-1"},"canonical":"https:\/\/uzem.omu.edu.tr\/canli-ders-yardimi\/","og_locale":"en_US","og_type":"article","og_title":"UZEM Help Videos (Educator & Student) - OM\u00dc Uzaktan E\u011fitim Merkezi","og_url":"https:\/\/uzem.omu.edu.tr\/canli-ders-yardimi\/","og_site_name":"OM\u00dc Uzaktan E\u011fitim Merkezi","article_publisher":"https:\/\/www.facebook.com\/omu.uzem","article_modified_time":"2025-11-26T11:35:05+00:00","twitter_card":"summary_large_image","twitter_site":"@omuuzem","twitter_misc":{"Est. reading time":"1 minute"},"schema":{"@context":"https:\/\/schema.org","@graph":[{"@type":"Organization","@id":"https:\/\/uzem.omu.edu.tr\/#organization","name":"UZEM","url":"https:\/\/uzem.omu.edu.tr\/","sameAs":["https:\/\/www.facebook.com\/omu.uzem","https:\/\/www.instagram.com\/omu.uzem\/","https:\/\/www.youtube.com\/channel\/UCQ6c_wjaGQcIvBKTbPrOe2A","https:\/\/twitter.com\/omuuzem"],"logo":{"@type":"ImageObject","@id":"https:\/\/uzem.omu.edu.tr\/#logo","inLanguage":"en-US","url":"https:\/\/uzem.omu.edu.tr\/wp-content\/uploads\/ulogo-1.png","contentUrl":"https:\/\/uzem.omu.edu.tr\/wp-content\/uploads\/ulogo-1.png","width":364,"height":39,"caption":"UZEM"},"image":{"@id":"https:\/\/uzem.omu.edu.tr\/#logo"}},{"@type":"WebSite","@id":"https:\/\/uzem.omu.edu.tr\/#website","url":"https:\/\/uzem.omu.edu.tr\/","name":"OM\u00dc Uzaktan E\u011fitim Merkezi","description":"&quot;F\u0131rsatlar Sunar&quot;","publisher":{"@id":"https:\/\/uzem.omu.edu.tr\/#organization"},"potentialAction":[{"@type":"SearchAction","target":{"@type":"EntryPoint","urlTemplate":"https:\/\/uzem.omu.edu.tr\/?s={search_term_string}"},"query-input":"required name=search_term_string"}],"inLanguage":"en-US"},{"@type":"WebPage","@id":"https:\/\/uzem.omu.edu.tr\/canli-ders-yardimi\/#webpage","url":"https:\/\/uzem.omu.edu.tr\/canli-ders-yardimi\/","name":"UZEM Help Videos (Educator & Student) - OM\u00dc Uzaktan E\u011fitim Merkezi","isPartOf":{"@id":"https:\/\/uzem.omu.edu.tr\/#website"},"datePublished":"2015-06-05T13:15:08+00:00","dateModified":"2025-11-26T11:35:05+00:00","breadcrumb":{"@id":"https:\/\/uzem.omu.edu.tr\/canli-ders-yardimi\/#breadcrumb"},"inLanguage":"en-US","potentialAction":[{"@type":"ReadAction","target":["https:\/\/uzem.omu.edu.tr\/canli-ders-yardimi\/"]}]},{"@type":"BreadcrumbList","@id":"https:\/\/uzem.omu.edu.tr\/canli-ders-yardimi\/#breadcrumb","itemListElement":[{"@type":"ListItem","position":1,"name":"Home","item":"https:\/\/uzem.omu.edu.tr\/"},{"@type":"ListItem","position":2,"name":"UZEM Yard\u0131m Videolar\u0131 (E\u011fitimci &#038; \u00d6\u011frenci)"}]}]}},"_links":{"self":[{"href":"https:\/\/uzem.omu.edu.tr\/en\/wp-json\/wp\/v2\/pages\/2842"}],"collection":[{"href":"https:\/\/uzem.omu.edu.tr\/en\/wp-json\/wp\/v2\/pages"}],"about":[{"href":"https:\/\/uzem.omu.edu.tr\/en\/wp-json\/wp\/v2\/types\/page"}],"author":[{"embeddable":true,"href":"https:\/\/uzem.omu.edu.tr\/en\/wp-json\/wp\/v2\/users\/1"}],"replies":[{"embeddable":true,"href":"https:\/\/uzem.omu.edu.tr\/en\/wp-json\/wp\/v2\/comments?post=2842"}],"version-history":[{"count":39,"href":"https:\/\/uzem.omu.edu.tr\/en\/wp-json\/wp\/v2\/pages\/2842\/revisions"}],"predecessor-version":[{"id":27324,"href":"https:\/\/uzem.omu.edu.tr\/en\/wp-json\/wp\/v2\/pages\/2842\/revisions\/27324"}],"wp:attachment":[{"href":"https:\/\/uzem.omu.edu.tr\/en\/wp-json\/wp\/v2\/media?parent=2842"}],"curies":[{"name":"wp","href":"https:\/\/api.w.org\/{rel}","templated":true}]}}