{"id":28,"date":"2015-02-14T12:59:03","date_gmt":"2015-02-14T12:59:03","guid":{"rendered":"http:\/\/localhost:8888\/uzem_yeni\/wp-tema\/?page_id=28"},"modified":"2025-05-26T10:31:27","modified_gmt":"2025-05-26T07:31:27","slug":"sistem-yonetimi","status":"publish","type":"page","link":"https:\/\/uzem.omu.edu.tr\/en\/sistem-yonetimi\/","title":{"rendered":"System Management"},"content":{"rendered":"<p>[vc_row css=&#8221;.vc_custom_1427462343642{margin-top: -5px !important;margin-left: 0px !important;padding-left: 0px !important;}&#8221;][vc_column width=&#8221;3\/4&#8243; css=&#8221;.vc_custom_1638856337295{margin-top: 2px !important;margin-left: 0px !important;padding-top: 2px !important;padding-left: 0px !important;}&#8221;][vc_column_text el_class=&#8221;menu-basligi&#8221;]<strong>System Management Unit<\/strong>[\/vc_column_text][vc_column_text]<i class=\"fa fa-bookmark \" ><\/i> Provides software development solutions for the needs of the center. It implements software development projects coming from other units of the university and deemed appropriate by the center management.<br \/>\n<i class=\"fa fa-bookmark \" ><\/i> Installs, manages and maintains the Center&#8217;s servers, databases and web applications.<br \/>\n<i class=\"fa fa-bookmark \" ><\/i> Responsible for the development, maintenance and improvement of the Center&#8217;s technical infrastructure.<br \/>\n<i class=\"fa fa-bookmark \" ><\/i> Responsible for server installation and maintenance, software development and maintenance activities, management of software services and services, information security processes of the Center.<br \/>\n<i class=\"fa fa-bookmark \" ><\/i> It realizes the opening and follow-up of the IT accounts of the personnel working in the center.<br \/>\n<i class=\"fa fa-bookmark \" ><\/i> Responsible for meeting the technological needs of the Center and developing solutions to meet these needs.<br \/>\n<i class=\"fa fa-bookmark \" ><\/i> Performs all other tasks and duties as assigned by the center managers or unit coordinator.[\/vc_column_text][vc_column_text el_class=&#8221;menu-basligi&#8221;]<strong>Unit Personnel<\/strong>[\/vc_column_text][vc_row_inner][vc_column_inner width=&#8221;1\/2&#8243; css=&#8221;.vc_custom_1436511730290{padding-right: 10px !important;padding-left: 0px !important;}&#8221;][vc_column_text]<\/p>\n<div class=\"personel-container\">\n<div class=\"personel-foto\"><img src=\"https:\/\/uzem.omu.edu.tr\/wp-content\/uploads\/irfan.jpeg\" alt=\"emrah-altun\" \/><\/div>\n<div class=\"personel-bilgileri\">\n<div class=\"personel-ad-soyad-blogu\">\n<div class=\"personel-ad-soyad-blogu-baslik\">Name Surname:<\/div>\n<div class=\"personel-ad-soyad-blogu-isim\">Lecturer \u0130rfan SUBA\u015e<\/div>\n<\/div>\n<div class=\"personel-dahili-blogu\">\n<div class=\"personel-dahili-blogu-baslik\">Extension No:<\/div>\n<div class=\"personel-dahili-blogu-dahili\">1930<\/div>\n<\/div>\n<div class=\"personel-eposta-blogu\">\n<div class=\"personel-eposta-blogu-baslik\">Email:<\/div>\n<div class=\"personel-eposta-blogu-eposta\">irfan.subas@uzem.omu.edu.tr<\/div>\n<\/div>\n<div class=\"personel-gorev-blogu\">\n<div class=\"personel-gorev-blogu-baslik\">Unit Coordinator<\/div>\n<\/div>\n<\/div>\n<\/div>\n<p>[\/vc_column_text][\/vc_column_inner][vc_column_inner width=&#8221;1\/2&#8243; css=&#8221;.vc_custom_1434804125960{padding-right: 0px !important;padding-left: 0px !important;}&#8221;][\/vc_column_inner][\/vc_row_inner][\/vc_column][vc_column width=&#8221;1\/4&#8243; css=&#8221;.vc_custom_1510996895679{margin-top: 5px !important;padding-right: 0px !important;}&#8221;][vc_widget_sidebar sidebar_id=&#8221;generated_sidebar-kadromuz&#8221;][\/vc_column][\/vc_row]<\/p>\n","protected":false},"excerpt":{"rendered":"<p>[vc_row css=&#8221;.vc_custom_1427462343642{margin-top: -5px !important;margin-left: 0px !important;padding-left: 0px !important;}&#8221;][vc_column width=&#8221;3\/4&#8243; css=&#8221;.vc_custom_1638856337295{margin-top: 2px !important;margin-left: 0px !important;padding-top: 2px !important;padding-left: 0px !important;}&#8221;][vc_column_text el_class=&#8221;menu-basligi&#8221;]System Management Unit[\/vc_column_text][vc_column_text] Provides software development solutions for the needs of the center. It implements software development projects coming from other units of the university and deemed appropriate by the center management. Installs, manages and maintains the Center&#8217;s servers, databases and web applications. Responsible for the development, maintenance and improvement of the Center&#8217;s technical infrastructure. Responsible for server installation and maintenance, software development and maintenance activities, management of software services and services, information security processes of the Center. It realizes the opening and follow-up of the IT accounts of the personnel working in the center. Responsible for meeting the technological needs of the Center and developing solutions to meet these needs. Performs all other tasks and duties as assigned by the center managers or unit coordinator.[\/vc_column_text][vc_column_text el_class=&#8221;menu-basligi&#8221;]Unit Personnel[\/vc_column_text][vc_row_inner][vc_column_inner width=&#8221;1\/2&#8243; css=&#8221;.vc_custom_1436511730290{padding-right: 10px !important;padding-left: 0px !important;}&#8221;][vc_column_text] Name Surname: Lecturer \u0130rfan SUBA\u015e Extension No: 1930 Email: irfan.subas@uzem.omu.edu.tr Unit Coordinator [\/vc_column_text][\/vc_column_inner][vc_column_inner width=&#8221;1\/2&#8243; css=&#8221;.vc_custom_1434804125960{padding-right: 0px !important;padding-left: 0px !important;}&#8221;][\/vc_column_inner][\/vc_row_inner][\/vc_column][vc_column width=&#8221;1\/4&#8243; css=&#8221;.vc_custom_1510996895679{margin-top: 5px !important;padding-right: 0px !important;}&#8221;][vc_widget_sidebar sidebar_id=&#8221;generated_sidebar-kadromuz&#8221;][\/vc_column][\/vc_row]<\/p>\n","protected":false},"author":1,"featured_media":0,"parent":0,"menu_order":0,"comment_status":"closed","ping_status":"closed","template":"","meta":[],"translation":{"provider":"WPGlobus","version":"2.12.2","language":"en","enabled_languages":["tr","en"],"languages":{"tr":{"title":true,"content":true,"excerpt":false},"en":{"title":true,"content":true,"excerpt":false}}},"yoast_head":"<!-- This site is optimized with the Yoast SEO plugin v17.4 - https:\/\/yoast.com\/wordpress\/plugins\/seo\/ -->\n<meta name=\"robots\" content=\"index, follow, max-snippet:-1, max-image-preview:large, max-video-preview:-1\" \/>\n<link rel=\"canonical\" href=\"https:\/\/uzem.omu.edu.tr\/sistem-yonetimi\/\" \/>\n<meta property=\"og:locale\" content=\"en_US\" \/>\n<meta property=\"og:type\" content=\"article\" \/>\n<meta property=\"og:title\" content=\"System Management - OM\u00dc Uzaktan E\u011fitim Merkezi\" \/>\n<meta property=\"og:url\" content=\"https:\/\/uzem.omu.edu.tr\/sistem-yonetimi\/\" \/>\n<meta property=\"og:site_name\" content=\"OM\u00dc Uzaktan E\u011fitim Merkezi\" \/>\n<meta property=\"article:publisher\" content=\"https:\/\/www.facebook.com\/omu.uzem\" \/>\n<meta property=\"article:modified_time\" content=\"2025-05-26T07:31:27+00:00\" \/>\n<meta property=\"og:image\" content=\"https:\/\/uzem.omu.edu.tr\/wp-content\/uploads\/irfan.jpeg\" \/>\n<meta name=\"twitter:card\" content=\"summary_large_image\" \/>\n<meta name=\"twitter:site\" content=\"@omuuzem\" \/>\n<meta name=\"twitter:label1\" content=\"Est. reading time\" \/>\n\t<meta name=\"twitter:data1\" content=\"1 minute\" \/>\n<script type=\"application\/ld+json\" class=\"yoast-schema-graph\">{\"@context\":\"https:\/\/schema.org\",\"@graph\":[{\"@type\":\"Organization\",\"@id\":\"https:\/\/uzem.omu.edu.tr\/#organization\",\"name\":\"UZEM\",\"url\":\"https:\/\/uzem.omu.edu.tr\/\",\"sameAs\":[\"https:\/\/www.facebook.com\/omu.uzem\",\"https:\/\/www.instagram.com\/omu.uzem\/\",\"https:\/\/www.youtube.com\/channel\/UCQ6c_wjaGQcIvBKTbPrOe2A\",\"https:\/\/twitter.com\/omuuzem\"],\"logo\":{\"@type\":\"ImageObject\",\"@id\":\"https:\/\/uzem.omu.edu.tr\/#logo\",\"inLanguage\":\"en-US\",\"url\":\"https:\/\/uzem.omu.edu.tr\/wp-content\/uploads\/ulogo-1.png\",\"contentUrl\":\"https:\/\/uzem.omu.edu.tr\/wp-content\/uploads\/ulogo-1.png\",\"width\":364,\"height\":39,\"caption\":\"UZEM\"},\"image\":{\"@id\":\"https:\/\/uzem.omu.edu.tr\/#logo\"}},{\"@type\":\"WebSite\",\"@id\":\"https:\/\/uzem.omu.edu.tr\/#website\",\"url\":\"https:\/\/uzem.omu.edu.tr\/\",\"name\":\"OM\\u00dc Uzaktan E\\u011fitim Merkezi\",\"description\":\"&quot;F\\u0131rsatlar Sunar&quot;\",\"publisher\":{\"@id\":\"https:\/\/uzem.omu.edu.tr\/#organization\"},\"potentialAction\":[{\"@type\":\"SearchAction\",\"target\":{\"@type\":\"EntryPoint\",\"urlTemplate\":\"https:\/\/uzem.omu.edu.tr\/?s={search_term_string}\"},\"query-input\":\"required name=search_term_string\"}],\"inLanguage\":\"en-US\"},{\"@type\":\"ImageObject\",\"@id\":\"https:\/\/uzem.omu.edu.tr\/sistem-yonetimi\/#primaryimage\",\"inLanguage\":\"en-US\",\"url\":\"https:\/\/uzem.omu.edu.tr\/wp-content\/uploads\/irfan.jpeg\",\"contentUrl\":\"https:\/\/uzem.omu.edu.tr\/wp-content\/uploads\/irfan.jpeg\",\"width\":200,\"height\":200},{\"@type\":\"WebPage\",\"@id\":\"https:\/\/uzem.omu.edu.tr\/sistem-yonetimi\/#webpage\",\"url\":\"https:\/\/uzem.omu.edu.tr\/sistem-yonetimi\/\",\"name\":\"System Management - OM\\u00dc Uzaktan E\\u011fitim Merkezi\",\"isPartOf\":{\"@id\":\"https:\/\/uzem.omu.edu.tr\/#website\"},\"primaryImageOfPage\":{\"@id\":\"https:\/\/uzem.omu.edu.tr\/sistem-yonetimi\/#primaryimage\"},\"datePublished\":\"2015-02-14T12:59:03+00:00\",\"dateModified\":\"2025-05-26T07:31:27+00:00\",\"breadcrumb\":{\"@id\":\"https:\/\/uzem.omu.edu.tr\/sistem-yonetimi\/#breadcrumb\"},\"inLanguage\":\"en-US\",\"potentialAction\":[{\"@type\":\"ReadAction\",\"target\":[\"https:\/\/uzem.omu.edu.tr\/sistem-yonetimi\/\"]}]},{\"@type\":\"BreadcrumbList\",\"@id\":\"https:\/\/uzem.omu.edu.tr\/sistem-yonetimi\/#breadcrumb\",\"itemListElement\":[{\"@type\":\"ListItem\",\"position\":1,\"name\":\"Home\",\"item\":\"https:\/\/uzem.omu.edu.tr\/\"},{\"@type\":\"ListItem\",\"position\":2,\"name\":\"Sistem Y\\u00f6netimi\"}]}]}<\/script>\n<!-- \/ Yoast SEO plugin. -->","yoast_head_json":{"robots":{"index":"index","follow":"follow","max-snippet":"max-snippet:-1","max-image-preview":"max-image-preview:large","max-video-preview":"max-video-preview:-1"},"canonical":"https:\/\/uzem.omu.edu.tr\/sistem-yonetimi\/","og_locale":"en_US","og_type":"article","og_title":"System Management - OM\u00dc Uzaktan E\u011fitim Merkezi","og_url":"https:\/\/uzem.omu.edu.tr\/sistem-yonetimi\/","og_site_name":"OM\u00dc Uzaktan E\u011fitim Merkezi","article_publisher":"https:\/\/www.facebook.com\/omu.uzem","article_modified_time":"2025-05-26T07:31:27+00:00","og_image":[{"url":"https:\/\/uzem.omu.edu.tr\/wp-content\/uploads\/irfan.jpeg"}],"twitter_card":"summary_large_image","twitter_site":"@omuuzem","twitter_misc":{"Est. reading time":"1 minute"},"schema":{"@context":"https:\/\/schema.org","@graph":[{"@type":"Organization","@id":"https:\/\/uzem.omu.edu.tr\/#organization","name":"UZEM","url":"https:\/\/uzem.omu.edu.tr\/","sameAs":["https:\/\/www.facebook.com\/omu.uzem","https:\/\/www.instagram.com\/omu.uzem\/","https:\/\/www.youtube.com\/channel\/UCQ6c_wjaGQcIvBKTbPrOe2A","https:\/\/twitter.com\/omuuzem"],"logo":{"@type":"ImageObject","@id":"https:\/\/uzem.omu.edu.tr\/#logo","inLanguage":"en-US","url":"https:\/\/uzem.omu.edu.tr\/wp-content\/uploads\/ulogo-1.png","contentUrl":"https:\/\/uzem.omu.edu.tr\/wp-content\/uploads\/ulogo-1.png","width":364,"height":39,"caption":"UZEM"},"image":{"@id":"https:\/\/uzem.omu.edu.tr\/#logo"}},{"@type":"WebSite","@id":"https:\/\/uzem.omu.edu.tr\/#website","url":"https:\/\/uzem.omu.edu.tr\/","name":"OM\u00dc Uzaktan E\u011fitim Merkezi","description":"&quot;F\u0131rsatlar Sunar&quot;","publisher":{"@id":"https:\/\/uzem.omu.edu.tr\/#organization"},"potentialAction":[{"@type":"SearchAction","target":{"@type":"EntryPoint","urlTemplate":"https:\/\/uzem.omu.edu.tr\/?s={search_term_string}"},"query-input":"required name=search_term_string"}],"inLanguage":"en-US"},{"@type":"ImageObject","@id":"https:\/\/uzem.omu.edu.tr\/sistem-yonetimi\/#primaryimage","inLanguage":"en-US","url":"https:\/\/uzem.omu.edu.tr\/wp-content\/uploads\/irfan.jpeg","contentUrl":"https:\/\/uzem.omu.edu.tr\/wp-content\/uploads\/irfan.jpeg","width":200,"height":200},{"@type":"WebPage","@id":"https:\/\/uzem.omu.edu.tr\/sistem-yonetimi\/#webpage","url":"https:\/\/uzem.omu.edu.tr\/sistem-yonetimi\/","name":"System Management - OM\u00dc Uzaktan E\u011fitim Merkezi","isPartOf":{"@id":"https:\/\/uzem.omu.edu.tr\/#website"},"primaryImageOfPage":{"@id":"https:\/\/uzem.omu.edu.tr\/sistem-yonetimi\/#primaryimage"},"datePublished":"2015-02-14T12:59:03+00:00","dateModified":"2025-05-26T07:31:27+00:00","breadcrumb":{"@id":"https:\/\/uzem.omu.edu.tr\/sistem-yonetimi\/#breadcrumb"},"inLanguage":"en-US","potentialAction":[{"@type":"ReadAction","target":["https:\/\/uzem.omu.edu.tr\/sistem-yonetimi\/"]}]},{"@type":"BreadcrumbList","@id":"https:\/\/uzem.omu.edu.tr\/sistem-yonetimi\/#breadcrumb","itemListElement":[{"@type":"ListItem","position":1,"name":"Home","item":"https:\/\/uzem.omu.edu.tr\/"},{"@type":"ListItem","position":2,"name":"Sistem Y\u00f6netimi"}]}]}},"_links":{"self":[{"href":"https:\/\/uzem.omu.edu.tr\/en\/wp-json\/wp\/v2\/pages\/28"}],"collection":[{"href":"https:\/\/uzem.omu.edu.tr\/en\/wp-json\/wp\/v2\/pages"}],"about":[{"href":"https:\/\/uzem.omu.edu.tr\/en\/wp-json\/wp\/v2\/types\/page"}],"author":[{"embeddable":true,"href":"https:\/\/uzem.omu.edu.tr\/en\/wp-json\/wp\/v2\/users\/1"}],"replies":[{"embeddable":true,"href":"https:\/\/uzem.omu.edu.tr\/en\/wp-json\/wp\/v2\/comments?post=28"}],"version-history":[{"count":16,"href":"https:\/\/uzem.omu.edu.tr\/en\/wp-json\/wp\/v2\/pages\/28\/revisions"}],"predecessor-version":[{"id":26901,"href":"https:\/\/uzem.omu.edu.tr\/en\/wp-json\/wp\/v2\/pages\/28\/revisions\/26901"}],"wp:attachment":[{"href":"https:\/\/uzem.omu.edu.tr\/en\/wp-json\/wp\/v2\/media?parent=28"}],"curies":[{"name":"wp","href":"https:\/\/api.w.org\/{rel}","templated":true}]}}