{"id":27212,"date":"2025-10-08T10:01:29","date_gmt":"2025-10-08T07:01:29","guid":{"rendered":"https:\/\/uzem.omu.edu.tr\/?page_id=27212"},"modified":"2025-10-08T10:18:11","modified_gmt":"2025-10-08T07:18:11","slug":"sinif-egitimi-kayit-ve-bilgi","status":"publish","type":"page","link":"https:\/\/uzem.omu.edu.tr\/en\/sinif-egitimi-kayit-ve-bilgi\/","title":{"rendered":"S\u0131n\u0131f E\u011fitimi | Kay\u0131t ve Bilgi"},"content":{"rendered":"<p>[vc_row css=&#8221;.vc_custom_1427462343642{margin-top: -5px !important;margin-left: 0px !important;padding-left: 0px !important;}&#8221;][vc_column width=&#8221;3\/4&#8243; css=&#8221;.vc_custom_1486021294862{margin-top: 5px !important;margin-right: 0px !important;margin-left: 0px !important;padding-right: 0px !important;padding-left: 0px !important;}&#8221;][vc_row_inner][vc_column_inner css=&#8221;.vc_custom_1449844802522{margin-bottom: 5px !important;padding-right: 0px !important;padding-left: 0px !important;}&#8221;][\/vc_column_inner][\/vc_row_inner][vc_column_text]<strong>Program\u0131n Amac\u0131 Nedir?<\/strong><\/p>\n<p>Akademik kariyer yapmak isteyen adaylar\u0131n ilgi alanlar\u0131 y\u00f6n\u00fcnde herhangi bir doktora program\u0131na ba\u015flayabilecek olgunlu\u011fa gelmelerini sa\u011flamakt\u0131r.<\/p>\n<p><strong>Ba\u015fvuru Tarihleri Nedir?<\/strong><\/p>\n<p>G\u00fcz ve Bahar d\u00f6nemi olmak \u00fczere iki d\u00f6nem halinde ilgili Enstit\u00fc taraf\u0131ndan ba\u015fvuru ve kay\u0131tlar al\u0131nmaktad\u0131r. Ba\u015fvuru ve Kay\u0131t tarihlerini ba\u015fvuru yapaca\u011f\u0131n\u0131z ilgili Enstit\u00fc web sayfas\u0131ndan \u00f6\u011frenebilirsiniz.<\/p>\n<p><strong>Programa Kimler Kay\u0131t Yapt\u0131rabilir?<\/strong><\/p>\n<p>Programa lisans mezuniyeti bulunan her aday kay\u0131t yapt\u0131rabilir.<\/p>\n<p><strong>Programa Nas\u0131l Ba\u015fvuru Yap\u0131l\u0131r?<\/strong><\/p>\n<p>Lisans\u00fcst\u00fc programlara ba\u015fvurular, ilanda belirtilen ba\u015fvuru s\u00fcresi i\u00e7erisinde enstit\u00fc m\u00fcd\u00fcrl\u00fcklerine internet \u00fczerinden online olarak yap\u0131l\u0131r. Askerlik durumu ve adli sicil kayd\u0131na ili\u015fkin olarak ise aday\u0131n beyan\u0131na dayan\u0131larak i\u015flem yap\u0131l\u0131r. Kesin kay\u0131t i\u00e7in hak kazanan adaylar bu sistemden alacaklar\u0131 \u00e7\u0131kt\u0131 ve a\u015fa\u011f\u0131da yazan\u00a0belgelerle birlikte ilgili enstit\u00fc m\u00fcd\u00fcrl\u00fcklerine elden ya da posta yolu ile ba\u015fvurmalar\u0131 gerekmektedir. Adaylardan ba\u015fvuru \u00fccreti al\u0131nmayacakt\u0131r.<\/p>\n<p><strong><u>Kay\u0131t \u0130\u00e7in Gerekli Evraklar<\/u><\/strong><\/p>\n<ul>\n<li>Lisans Transkripti<\/li>\n<li>Mezuniyet Belgesi (Ge\u00e7ici Mezuniyet Belgesi yada Diploma)<\/li>\n<li>Son alt\u0131 ay i\u00e7inde \u00e7ekilmi\u015f 4,5\u00d76 ebad\u0131nda (1 adet) vesikal\u0131k foto\u011fraf<\/li>\n<\/ul>\n<p><strong>\u00d6demeler Nereye, Nas\u0131l ve Ne Zaman Yap\u0131l\u0131yor?<\/strong><\/p>\n<p>\u00d6\u011frenim \u00dccreti ve Uzaktan \u00d6\u011fretim Materyal \u00dccreti\u00a0<strong>Halkbank\u00a0<\/strong>\u015fubeleri taraf\u0131ndan\u00a0<strong>\u00f6\u011frenci numaran\u0131z<\/strong>\u00a0ile tahsil edilecektir. Tahsil edilecek tutar\u0131n\u00a0<strong>Halkbank\u00a0haricinde di\u011fer bankalara yat\u0131r\u0131lmamas\u0131 gerekmektedir<\/strong>. Di\u011fer bankalara yap\u0131lan \u00f6demelerden UZEM sorumlu de\u011fildir. Ola\u011fan\u00fcst\u00fc durumlar haricinde \u00f6demelerde EFT ve Havale yoluyla tahsilat yap\u0131lmayacakt\u0131r. Tarihler her kay\u0131t d\u00f6neminde hem enstit\u00fc hem de UZEM web sayfas\u0131ndan duyurulacakt\u0131r.<\/p>\n<p><strong>Ders Se\u00e7imi Nas\u0131l Yap\u0131l\u0131yor? Dersler Nas\u0131l \u0130\u015fleniyor?<\/strong><\/p>\n<ul>\n<li><strong>\u00d6\u011frencilerin ders se\u00e7imi yapabilmesi i\u00e7in ilk \u00f6nce kay\u0131tl\u0131 olunan programa ait t\u00fcm \u00f6demeleri yapmalar\u0131 gerekmektedir.<\/strong>Y\u00fcksek lisans program \u00f6demeleri ders kredileri \u00fczerinden al\u0131nmaktad\u0131r.<\/li>\n<li>Programlara ait \u201c\u00d6deme Takvimleri\u201d hem akademik birim hem de UZEM\u2019in web sayfas\u0131ndan (uzem.omu.edu.tr) duyurulmaktad\u0131r.<\/li>\n<li>Programa ait t\u00fcm \u00fccretleri yat\u0131ran \u00f6\u011frenci, ilgili d\u00f6neme ait akademik takvimi takip ederek ders ekleme ve b\u0131rakma i\u015flemi i\u00e7in belirtilen tarih aral\u0131\u011f\u0131nda derslerini\u00a0<strong>edu.tr<\/strong>adresi \u00fczerinden se\u00e7erek dan\u0131\u015fman\u0131n\u0131n onay\u0131na g\u00f6nderir.<\/li>\n<\/ul>\n<p>UZEM\u2019 de dersler online \u015fekilde y\u00fcr\u00fct\u00fclmektedir. Her \u00f6\u011frenci kendisine tahsis edilen \u00f6\u011frenci numaras\u0131 ve \u015fifresiyle Ders Portal\u0131na giri\u015f yaparak, g\u00fcn\u00fcn 24 saati derslerini internet \u00fczerinden takip edebilmektedir.<\/p>\n<p><strong>S\u0131navlar nas\u0131l ger\u00e7ekle\u015fiyor?<\/strong><\/p>\n<ul>\n<li><strong>Y\u00fcksek lisans programlar\u0131nda Vize s\u0131navlar\u0131 \u00f6dev, proje, portf\u00f6y vb. alternatif (\u00e7evrimi\u00e7i) de\u011ferlendirme y\u00f6ntemleri ile ger\u00e7ekle\u015ftirilir. Final ve b\u00fct\u00fcnleme s\u0131navlar\u0131 ise \u00fcniversitemizde y\u00fcz y\u00fcze ger\u00e7ekle\u015ftirilir.<\/strong><\/li>\n<\/ul>\n<p><strong>E\u011fitim Ka\u00e7 D\u00f6nem S\u00fcrmektedir?<\/strong><\/p>\n<p>T\u00fcm tezsiz y\u00fcksek lisans programlar\u0131nda e\u011fitim \u00f6\u011fretim 3 yar\u0131y\u0131ldan olu\u015fmaktad\u0131r.<\/p>\n<p><strong>Mezuniyet \u015eartlar\u0131 Nelerdir?<\/strong><\/p>\n<p>Tezsiz y\u00fcksek lisans \u00f6\u011frencileri i\u00e7in ders a\u015famas\u0131n\u0131 tamamlaman\u0131n \u00f6n ko\u015fulu t\u00fcm derslerden asgari ge\u00e7me notu olan 65 puan\u0131 alm\u0131\u015f olmas\u0131 gerekmektedir. Bunun yan\u0131 s\u0131ra mezuniyet i\u00e7in proje\/tez\u00a0\u00e7al\u0131\u015fmas\u0131n\u0131n tamamlanmas\u0131 gerekmektedir.<\/p>\n<p><strong>Di\u011fer Hususlar<\/strong><\/p>\n<ul>\n<li>Program dili \u201cT\u00fcrk\u00e7e\u201d dir.<\/li>\n<li>\u00d6\u011frenciler mezun olabilmek i\u00e7in normal ders y\u00fck\u00fcne ek olarak \u201cY\u00fcksek Lisans Projesi\u201d haz\u0131rlar.<\/li>\n<li><strong>ALES skoru istenmemektedir.<\/strong><\/li>\n<\/ul>\n<p>[\/vc_column_text][\/vc_column][vc_column width=&#8221;1\/4&#8243; css=&#8221;.vc_custom_1433423740488{margin-top: 20px !important;padding-right: 0px !important;}&#8221;][vc_widget_sidebar sidebar_id=&#8221;generated_sidebar-sinif-egitimi-yan-menu&#8221;][\/vc_column][\/vc_row]<\/p>\n","protected":false},"excerpt":{"rendered":"<p>[vc_row css=&#8221;.vc_custom_1427462343642{margin-top: -5px !important;margin-left: 0px !important;padding-left: 0px !important;}&#8221;][vc_column width=&#8221;3\/4&#8243; css=&#8221;.vc_custom_1486021294862{margin-top: 5px !important;margin-right: 0px !important;margin-left: 0px !important;padding-right: 0px !important;padding-left: 0px !important;}&#8221;][vc_row_inner][vc_column_inner css=&#8221;.vc_custom_1449844802522{margin-bottom: 5px !important;padding-right: 0px !important;padding-left: 0px !important;}&#8221;][\/vc_column_inner][\/vc_row_inner][vc_column_text]Program\u0131n Amac\u0131 Nedir? Akademik kariyer yapmak isteyen adaylar\u0131n ilgi alanlar\u0131 y\u00f6n\u00fcnde herhangi bir doktora program\u0131na ba\u015flayabilecek olgunlu\u011fa gelmelerini sa\u011flamakt\u0131r. Ba\u015fvuru Tarihleri Nedir? G\u00fcz ve Bahar d\u00f6nemi olmak \u00fczere iki d\u00f6nem halinde ilgili Enstit\u00fc taraf\u0131ndan ba\u015fvuru ve kay\u0131tlar al\u0131nmaktad\u0131r. Ba\u015fvuru ve Kay\u0131t tarihlerini ba\u015fvuru yapaca\u011f\u0131n\u0131z ilgili Enstit\u00fc web sayfas\u0131ndan \u00f6\u011frenebilirsiniz. Programa Kimler Kay\u0131t Yapt\u0131rabilir? Programa lisans mezuniyeti bulunan her aday kay\u0131t yapt\u0131rabilir. Programa Nas\u0131l Ba\u015fvuru Yap\u0131l\u0131r? Lisans\u00fcst\u00fc programlara ba\u015fvurular, ilanda belirtilen ba\u015fvuru s\u00fcresi i\u00e7erisinde enstit\u00fc m\u00fcd\u00fcrl\u00fcklerine internet \u00fczerinden online olarak yap\u0131l\u0131r. Askerlik durumu ve adli sicil kayd\u0131na ili\u015fkin olarak ise aday\u0131n beyan\u0131na dayan\u0131larak i\u015flem yap\u0131l\u0131r. Kesin kay\u0131t i\u00e7in hak kazanan adaylar bu sistemden alacaklar\u0131 \u00e7\u0131kt\u0131 ve a\u015fa\u011f\u0131da yazan\u00a0belgelerle birlikte ilgili enstit\u00fc m\u00fcd\u00fcrl\u00fcklerine elden ya da posta yolu ile ba\u015fvurmalar\u0131 gerekmektedir. Adaylardan ba\u015fvuru \u00fccreti al\u0131nmayacakt\u0131r. Kay\u0131t \u0130\u00e7in Gerekli Evraklar Lisans Transkripti Mezuniyet Belgesi (Ge\u00e7ici Mezuniyet Belgesi yada Diploma) Son alt\u0131 ay i\u00e7inde \u00e7ekilmi\u015f 4,5\u00d76 ebad\u0131nda (1 adet) vesikal\u0131k foto\u011fraf \u00d6demeler Nereye, Nas\u0131l ve Ne Zaman Yap\u0131l\u0131yor? \u00d6\u011frenim \u00dccreti ve Uzaktan \u00d6\u011fretim Materyal \u00dccreti\u00a0Halkbank\u00a0\u015fubeleri taraf\u0131ndan\u00a0\u00f6\u011frenci numaran\u0131z\u00a0ile tahsil edilecektir. Tahsil edilecek tutar\u0131n\u00a0Halkbank\u00a0haricinde di\u011fer bankalara yat\u0131r\u0131lmamas\u0131 gerekmektedir. Di\u011fer bankalara yap\u0131lan \u00f6demelerden UZEM sorumlu de\u011fildir. Ola\u011fan\u00fcst\u00fc durumlar haricinde \u00f6demelerde EFT ve Havale yoluyla tahsilat yap\u0131lmayacakt\u0131r. Tarihler her kay\u0131t d\u00f6neminde hem enstit\u00fc hem de UZEM web sayfas\u0131ndan duyurulacakt\u0131r. Ders Se\u00e7imi Nas\u0131l Yap\u0131l\u0131yor? Dersler Nas\u0131l \u0130\u015fleniyor? \u00d6\u011frencilerin ders se\u00e7imi yapabilmesi i\u00e7in ilk \u00f6nce kay\u0131tl\u0131 olunan programa ait t\u00fcm \u00f6demeleri yapmalar\u0131 gerekmektedir.Y\u00fcksek lisans [&hellip;]<\/p>\n","protected":false},"author":11,"featured_media":0,"parent":0,"menu_order":0,"comment_status":"closed","ping_status":"closed","template":"","meta":[],"translation":{"provider":"WPGlobus","version":"2.12.2","language":"en","enabled_languages":["tr","en"],"languages":{"tr":{"title":true,"content":true,"excerpt":false},"en":{"title":false,"content":false,"excerpt":false}}},"yoast_head":"<!-- This site is optimized with the Yoast SEO plugin v17.4 - https:\/\/yoast.com\/wordpress\/plugins\/seo\/ -->\n<meta name=\"robots\" content=\"index, follow, max-snippet:-1, max-image-preview:large, max-video-preview:-1\" \/>\n<link rel=\"canonical\" href=\"https:\/\/uzem.omu.edu.tr\/sinif-egitimi-kayit-ve-bilgi\/\" \/>\n<meta property=\"og:locale\" content=\"en_US\" \/>\n<meta property=\"og:type\" content=\"article\" \/>\n<meta property=\"og:title\" content=\"S\u0131n\u0131f E\u011fitimi | Kay\u0131t ve Bilgi - OM\u00dc Uzaktan E\u011fitim Merkezi\" \/>\n<meta property=\"og:url\" content=\"https:\/\/uzem.omu.edu.tr\/sinif-egitimi-kayit-ve-bilgi\/\" \/>\n<meta property=\"og:site_name\" content=\"OM\u00dc Uzaktan E\u011fitim Merkezi\" \/>\n<meta property=\"article:publisher\" content=\"https:\/\/www.facebook.com\/omu.uzem\" \/>\n<meta property=\"article:modified_time\" content=\"2025-10-08T07:18:11+00:00\" \/>\n<meta name=\"twitter:card\" content=\"summary_large_image\" \/>\n<meta name=\"twitter:site\" content=\"@omuuzem\" \/>\n<meta name=\"twitter:label1\" content=\"Est. reading time\" \/>\n\t<meta name=\"twitter:data1\" content=\"3 minutes\" \/>\n<script type=\"application\/ld+json\" class=\"yoast-schema-graph\">{\"@context\":\"https:\/\/schema.org\",\"@graph\":[{\"@type\":\"Organization\",\"@id\":\"https:\/\/uzem.omu.edu.tr\/#organization\",\"name\":\"UZEM\",\"url\":\"https:\/\/uzem.omu.edu.tr\/\",\"sameAs\":[\"https:\/\/www.facebook.com\/omu.uzem\",\"https:\/\/www.instagram.com\/omu.uzem\/\",\"https:\/\/www.youtube.com\/channel\/UCQ6c_wjaGQcIvBKTbPrOe2A\",\"https:\/\/twitter.com\/omuuzem\"],\"logo\":{\"@type\":\"ImageObject\",\"@id\":\"https:\/\/uzem.omu.edu.tr\/#logo\",\"inLanguage\":\"en-US\",\"url\":\"https:\/\/uzem.omu.edu.tr\/wp-content\/uploads\/ulogo-1.png\",\"contentUrl\":\"https:\/\/uzem.omu.edu.tr\/wp-content\/uploads\/ulogo-1.png\",\"width\":364,\"height\":39,\"caption\":\"UZEM\"},\"image\":{\"@id\":\"https:\/\/uzem.omu.edu.tr\/#logo\"}},{\"@type\":\"WebSite\",\"@id\":\"https:\/\/uzem.omu.edu.tr\/#website\",\"url\":\"https:\/\/uzem.omu.edu.tr\/\",\"name\":\"OM\\u00dc Uzaktan E\\u011fitim Merkezi\",\"description\":\"&quot;F\\u0131rsatlar Sunar&quot;\",\"publisher\":{\"@id\":\"https:\/\/uzem.omu.edu.tr\/#organization\"},\"potentialAction\":[{\"@type\":\"SearchAction\",\"target\":{\"@type\":\"EntryPoint\",\"urlTemplate\":\"https:\/\/uzem.omu.edu.tr\/?s={search_term_string}\"},\"query-input\":\"required name=search_term_string\"}],\"inLanguage\":\"en-US\"},{\"@type\":\"WebPage\",\"@id\":\"https:\/\/uzem.omu.edu.tr\/sinif-egitimi-kayit-ve-bilgi\/#webpage\",\"url\":\"https:\/\/uzem.omu.edu.tr\/sinif-egitimi-kayit-ve-bilgi\/\",\"name\":\"S\\u0131n\\u0131f E\\u011fitimi | Kay\\u0131t ve Bilgi - OM\\u00dc Uzaktan E\\u011fitim Merkezi\",\"isPartOf\":{\"@id\":\"https:\/\/uzem.omu.edu.tr\/#website\"},\"datePublished\":\"2025-10-08T07:01:29+00:00\",\"dateModified\":\"2025-10-08T07:18:11+00:00\",\"breadcrumb\":{\"@id\":\"https:\/\/uzem.omu.edu.tr\/sinif-egitimi-kayit-ve-bilgi\/#breadcrumb\"},\"inLanguage\":\"en-US\",\"potentialAction\":[{\"@type\":\"ReadAction\",\"target\":[\"https:\/\/uzem.omu.edu.tr\/sinif-egitimi-kayit-ve-bilgi\/\"]}]},{\"@type\":\"BreadcrumbList\",\"@id\":\"https:\/\/uzem.omu.edu.tr\/sinif-egitimi-kayit-ve-bilgi\/#breadcrumb\",\"itemListElement\":[{\"@type\":\"ListItem\",\"position\":1,\"name\":\"Home\",\"item\":\"https:\/\/uzem.omu.edu.tr\/\"},{\"@type\":\"ListItem\",\"position\":2,\"name\":\"S\\u0131n\\u0131f E\\u011fitimi | Kay\\u0131t ve Bilgi\"}]}]}<\/script>\n<!-- \/ Yoast SEO plugin. -->","yoast_head_json":{"robots":{"index":"index","follow":"follow","max-snippet":"max-snippet:-1","max-image-preview":"max-image-preview:large","max-video-preview":"max-video-preview:-1"},"canonical":"https:\/\/uzem.omu.edu.tr\/sinif-egitimi-kayit-ve-bilgi\/","og_locale":"en_US","og_type":"article","og_title":"S\u0131n\u0131f E\u011fitimi | Kay\u0131t ve Bilgi - OM\u00dc Uzaktan E\u011fitim Merkezi","og_url":"https:\/\/uzem.omu.edu.tr\/sinif-egitimi-kayit-ve-bilgi\/","og_site_name":"OM\u00dc Uzaktan E\u011fitim Merkezi","article_publisher":"https:\/\/www.facebook.com\/omu.uzem","article_modified_time":"2025-10-08T07:18:11+00:00","twitter_card":"summary_large_image","twitter_site":"@omuuzem","twitter_misc":{"Est. reading time":"3 minutes"},"schema":{"@context":"https:\/\/schema.org","@graph":[{"@type":"Organization","@id":"https:\/\/uzem.omu.edu.tr\/#organization","name":"UZEM","url":"https:\/\/uzem.omu.edu.tr\/","sameAs":["https:\/\/www.facebook.com\/omu.uzem","https:\/\/www.instagram.com\/omu.uzem\/","https:\/\/www.youtube.com\/channel\/UCQ6c_wjaGQcIvBKTbPrOe2A","https:\/\/twitter.com\/omuuzem"],"logo":{"@type":"ImageObject","@id":"https:\/\/uzem.omu.edu.tr\/#logo","inLanguage":"en-US","url":"https:\/\/uzem.omu.edu.tr\/wp-content\/uploads\/ulogo-1.png","contentUrl":"https:\/\/uzem.omu.edu.tr\/wp-content\/uploads\/ulogo-1.png","width":364,"height":39,"caption":"UZEM"},"image":{"@id":"https:\/\/uzem.omu.edu.tr\/#logo"}},{"@type":"WebSite","@id":"https:\/\/uzem.omu.edu.tr\/#website","url":"https:\/\/uzem.omu.edu.tr\/","name":"OM\u00dc Uzaktan E\u011fitim Merkezi","description":"&quot;F\u0131rsatlar Sunar&quot;","publisher":{"@id":"https:\/\/uzem.omu.edu.tr\/#organization"},"potentialAction":[{"@type":"SearchAction","target":{"@type":"EntryPoint","urlTemplate":"https:\/\/uzem.omu.edu.tr\/?s={search_term_string}"},"query-input":"required name=search_term_string"}],"inLanguage":"en-US"},{"@type":"WebPage","@id":"https:\/\/uzem.omu.edu.tr\/sinif-egitimi-kayit-ve-bilgi\/#webpage","url":"https:\/\/uzem.omu.edu.tr\/sinif-egitimi-kayit-ve-bilgi\/","name":"S\u0131n\u0131f E\u011fitimi | Kay\u0131t ve Bilgi - OM\u00dc Uzaktan E\u011fitim Merkezi","isPartOf":{"@id":"https:\/\/uzem.omu.edu.tr\/#website"},"datePublished":"2025-10-08T07:01:29+00:00","dateModified":"2025-10-08T07:18:11+00:00","breadcrumb":{"@id":"https:\/\/uzem.omu.edu.tr\/sinif-egitimi-kayit-ve-bilgi\/#breadcrumb"},"inLanguage":"en-US","potentialAction":[{"@type":"ReadAction","target":["https:\/\/uzem.omu.edu.tr\/sinif-egitimi-kayit-ve-bilgi\/"]}]},{"@type":"BreadcrumbList","@id":"https:\/\/uzem.omu.edu.tr\/sinif-egitimi-kayit-ve-bilgi\/#breadcrumb","itemListElement":[{"@type":"ListItem","position":1,"name":"Home","item":"https:\/\/uzem.omu.edu.tr\/"},{"@type":"ListItem","position":2,"name":"S\u0131n\u0131f E\u011fitimi | Kay\u0131t ve Bilgi"}]}]}},"_links":{"self":[{"href":"https:\/\/uzem.omu.edu.tr\/en\/wp-json\/wp\/v2\/pages\/27212"}],"collection":[{"href":"https:\/\/uzem.omu.edu.tr\/en\/wp-json\/wp\/v2\/pages"}],"about":[{"href":"https:\/\/uzem.omu.edu.tr\/en\/wp-json\/wp\/v2\/types\/page"}],"author":[{"embeddable":true,"href":"https:\/\/uzem.omu.edu.tr\/en\/wp-json\/wp\/v2\/users\/11"}],"replies":[{"embeddable":true,"href":"https:\/\/uzem.omu.edu.tr\/en\/wp-json\/wp\/v2\/comments?post=27212"}],"version-history":[{"count":6,"href":"https:\/\/uzem.omu.edu.tr\/en\/wp-json\/wp\/v2\/pages\/27212\/revisions"}],"predecessor-version":[{"id":27229,"href":"https:\/\/uzem.omu.edu.tr\/en\/wp-json\/wp\/v2\/pages\/27212\/revisions\/27229"}],"wp:attachment":[{"href":"https:\/\/uzem.omu.edu.tr\/en\/wp-json\/wp\/v2\/media?parent=27212"}],"curies":[{"name":"wp","href":"https:\/\/api.w.org\/{rel}","templated":true}]}}