{"id":27124,"date":"2025-10-07T08:21:18","date_gmt":"2025-10-07T05:21:18","guid":{"rendered":"https:\/\/uzem.omu.edu.tr\/?page_id=27124"},"modified":"2025-10-07T10:05:25","modified_gmt":"2025-10-07T07:05:25","slug":"sinif-egitimi-ust-menu-kayit-ve-bilgi","status":"publish","type":"page","link":"https:\/\/uzem.omu.edu.tr\/en\/sinif-egitimi-ust-menu-kayit-ve-bilgi\/","title":{"rendered":"S\u0131n\u0131f E\u011fitimi | Kay\u0131t ve Bilgi"},"content":{"rendered":"<p>[vc_row css=&#8221;.vc_custom_1427462343642{margin-top: -5px !important;margin-left: 0px !important;padding-left: 0px !important;}&#8221;][vc_column width=&#8221;3\/4&#8243; css=&#8221;.vc_custom_1449844790627{margin-top: 5px !important;margin-right: 0px !important;padding-right: 0px !important;padding-left: 0px !important;}&#8221;][vc_row_inner][vc_column_inner css=&#8221;.vc_custom_1449844802522{margin-bottom: 5px !important;padding-right: 0px !important;padding-left: 0px !important;}&#8221;][vc_widget_sidebar sidebar_id=&#8221;generated_sidebar-saglik-yonetimi-ust-menu&#8221;][\/vc_column_inner][\/vc_row_inner][vc_row_inner css=&#8221;.vc_custom_1435822690126{margin-top: -35px !important;margin-bottom: 30px !important;}&#8221;][vc_column_inner width=&#8221;9\/12&#8243; css=&#8221;.vc_custom_1435822697596{padding-right: 0px !important;padding-left: 0px !important;}&#8221;][vc_column_text el_class=&#8221;menu-basligi&#8221;]<\/p>\n<p><strong>KAYIT VE B\u0130LG\u0130<\/strong><\/p>\n<p>[\/vc_column_text][\/vc_column_inner][vc_column_inner width=&#8221;3\/12&#8243; css=&#8221;.vc_custom_1435822702371{padding-right: 0px !important;padding-left: 0px !important;}&#8221;]<div class=\" ubtn-ctn-left aday-btn\"><a class=\"ubtn-link ult-adjust-bottom-margin ubtn-left ubtn-block aday-btn\" href=\"\/uzemde-kayitlar-basladi\/\" title=\"Aday \u00d6\u011frenci \u0130\u015flemleri\" ><button type=\"button\" id=\"ubtn-8074\"  class=\"ubtn ult-adjust-bottom-margin ult-responsive ubtn-block ubtn-no-hover-bg  none  ubtn-sep-icon ubtn-sep-icon-top-push  ubtn-left   tooltip-69d2869f0ccc0 ubtn-block\"  data-hover=\"\" data-border-color=\"\" data-bg=\"#c41435\" data-hover-bg=\"#00c1cf\" data-border-hover=\"\" data-shadow-hover=\"\" data-shadow-click=\"none\" data-shadow=\"\" data-shd-shadow=\"\"  data-ultimate-target='#ubtn-8074'  data-responsive-json-new='{\"font-size\":\"\",\"line-height\":\"\"}'  style=\"font-weight:normal;border:none;background: #c41435;color: #ffffff;\"><span class=\"ubtn-data ubtn-icon\"><i class=\"Defaults-floppy-o\" style=\"font-size:32px;color:;\"><\/i><\/span><span class=\"ubtn-hover\" style=\"background-color:#00c1cf\"><\/span><span class=\"ubtn-data ubtn-text \" >Aday \u00d6\u011frenci \u0130\u015flemleri<\/span><\/button><\/a><\/div>[\/vc_column_inner][\/vc_row_inner]<div class=\"cq-draggable-container basvuru-sureci\" data-draggingbarbgcolor=\"rgba(0, 0, 0, 0.5)\" data-defaultbarbgcolor=\"\" data-avatarstyle=\"text\" data-activeiconcolor=\"\" data-autoplay=\"no\" data-autoplayspeed=\"\" data-labelcolor=\"\" data-dragbuttonwidth=\"\" data-contaienrwidth=\"\"><div class=\"cq-draggable-slider\"><div class=\"cq-draggable-stripe\"><div class=\"cq-draggable-handle\"><div class=\"cq-infobox blue\"><div class=\"cq-titlecontainer\"><div class=\"cq-titlebar\">Ba\u015fvuru \u0130\u00e7in \u00d6n Ko\u015fullar<\/div><div class=\"cq-titlebar\">Evraklar<\/div><div class=\"cq-titlebar\">Kazananlar\u0131n \u0130lan\u0131<\/div><div class=\"cq-titlebar\">E\u011fitim ve S\u00fcre\u00e7<\/div><\/div><div class=\"cq-innerbox\"><div class=\"cq-carouselcontainer\"><div class=\"cq-carouselcontent\">Her hangi bir lisans program\u0131ndan mezun olun* ve <a href=\"https:\/\/ubs.omu.edu.tr\/Ogrenci\/Ogr0207\/Default.aspx?lang=tr-TR\" target=\"_blank\" rel=\"noopener\">buradan<\/a> \u00e7evrimi\u00e7i ba\u015fvuru yap\u0131n. Ba\u015fvuru sonucunda olu\u015fturdu\u011funuz formu yazd\u0131r\u0131n.<br \/>\n&#8211; Ba\u015fvuru i\u00e7in ALES ve dil \u015fart\u0131 bulunmamaktad\u0131r.<br \/>\n&#8211; Ba\u015fvurular sadece transkript notu ile yap\u0131lmaktad\u0131r.<br \/>\n&#8211; *E\u011fitim y\u00f6netimi ve tefti\u015fi program\u0131 i\u00e7in MEB&#8217;de 3 y\u0131l g\u00f6rev yapm\u0131\u015f olma zorunlulu\u011fu vard\u0131r.\n<\/div><div class=\"cq-carouselcontent\">A\u015fa\u011f\u0131daki evraklar\u0131 elden veya posta yoluyla ba\u015fvuru yapt\u0131\u011f\u0131n\u0131z Sosyal Bilimler Enstit\u00fcs\u00fc \u00f6\u011frenci i\u015flerine ula\u015ft\u0131r\u0131n<br \/>\n&#8211; Bir \u00f6nceki ad\u0131mda ald\u0131\u011f\u0131n\u0131z form<br \/>\n&#8211; Transkript<br \/>\n&#8211; Diploma\n<\/div><div class=\"cq-carouselcontent\">Ba\u015fvurdu\u011funuz enstit\u00fcn\u00fcn internet sitesinden kazananlar\u0131n ilan\u0131n\u0131 takip edin. Ba\u015fvuru yapmaya hak kazanm\u0131\u015fsan\u0131z har\u00e7 \u00f6demenizi yap\u0131n.\n<\/div><div class=\"cq-carouselcontent\">E\u011fitime ba\u015flay\u0131n.<br \/>\nE\u011fitimler ba\u015flad\u0131\u011f\u0131 zaman UZEM internet sitesinde ders sistemi hakk\u0131nda bilgiler yay\u0131nlanacakt\u0131r.\n<p><\/div><\/div><\/div><\/div><div class=\"cq-menu-square\">\n                            <span class=\"value\"><\/span>\n                            <span class=\"cq-menu-line\"><\/span>\n                            <span class=\"cq-menu-line\"><\/span>\n                            <span class=\"cq-menu-line\"><\/span>\n                      <\/div><\/div><\/div><div class=\"cq-barcontainer\"><div class=\"cq-highlight-container text\"><span class=\"cq-highlight-label\">1. Ad\u0131m<\/span><\/div><div class=\"cq-highlight-container text\"><span class=\"cq-highlight-label\">2. Ad\u0131m<\/span><\/div><div class=\"cq-highlight-container text\"><span class=\"cq-highlight-label\">3. Ad\u0131m<\/span><\/div><div class=\"cq-highlight-container text\"><span class=\"cq-highlight-label\">4. Ad\u0131m<\/span><\/div><\/div><\/div><\/div>[vc_column_text]<\/p>\n<h1>Program\u0131n Amac\u0131 Nedir?<\/h1>\n<p>Bilim Dal\u0131&#8217;n\u0131n amac\u0131, devlet veya \u00f6zel sekt\u00f6rde sa\u011fl\u0131k alan\u0131nda hizmet veren kurumlara y\u00f6nelik y\u00f6netici yeti\u015ftirmektir.[\/vc_column_text][vc_column_text]<\/p>\n<h1>Ba\u015fvuru Tarihleri Nedir?<\/h1>\n<p>G\u00fcz ve Bahar d\u00f6nemi olmak \u00fczere iki d\u00f6nem halinde ilgili Enstit\u00fc taraf\u0131ndan ba\u015fvuru ve kay\u0131tlar al\u0131nmaktad\u0131r. Ba\u015fvuru ve Kay\u0131t tarihlerini ba\u015fvuru yapaca\u011f\u0131n\u0131z ilgili Enstit\u00fc web sayfas\u0131ndan \u00f6\u011frenebilirsiniz.[\/vc_column_text][vc_column_text]<\/p>\n<h1>Programa Kimler Kay\u0131t Yapt\u0131rabilir?<\/h1>\n<p>Programa lisans mezuniyeti bulunan her aday kay\u0131t yapt\u0131rabilir.[\/vc_column_text][vc_column_text]<\/p>\n<h1>Programa Nas\u0131l Ba\u015fvuru Yap\u0131l\u0131r?<\/h1>\n<p>Lisans\u00fcst\u00fc programlara ba\u015fvurular, ilanda belirtilen ba\u015fvuru s\u00fcresi i\u00e7erisinde enstit\u00fc m\u00fcd\u00fcrl\u00fcklerine internet \u00fczerinden online olarak yap\u0131l\u0131r. Askerlik durumu ve adli sicil kayd\u0131na ili\u015fkin olarak ise aday\u0131n beyan\u0131na dayan\u0131larak i\u015flem yap\u0131l\u0131r.<br \/>\nAdaylar,<a href=\"https:\/\/ubs.omu.edu.tr\/Ogrenci\/Ogr0207\/Default.aspx?lang=tr-TR\"> https:\/\/ubs.omu.edu.tr\/Ogrenci\/Ogr0207\/Default.aspx?lang=tr-TR<\/a> adresinden ula\u015facaklar\u0131 ba\u015fvuru formuna kendilerine ait bilgileri girip, \u201c\u00d6n kay\u0131t Ba\u015fvurumu Kaydet\u201d butonuyla online ba\u015fvuruyu tamamlayarak aday numaras\u0131 almal\u0131d\u0131rlar. Kesin kay\u0131t i\u00e7in hak kazanan adaylar bu sistemden alacaklar\u0131 \u00e7\u0131kt\u0131 ve a\u015fa\u011f\u0131da yazan\u00a0belgelerle birlikte ilgili enstit\u00fc m\u00fcd\u00fcrl\u00fcklerine elden ya da posta yolu ile ba\u015fvurmalar\u0131 gerekmektedir. Adaylardan ba\u015fvuru \u00fccreti al\u0131nmayacakt\u0131r.<\/p>\n<p><span style=\"text-decoration: underline;\"><strong>Kay\u0131t \u0130\u00e7in Gerekli Evraklar<\/strong><\/span><\/p>\n<ul>\n<li>Lisans Transkripti<\/li>\n<li>Mezuniyet Belgesi (Ge\u00e7ici Mezuniyet Belgesi yada Diploma)<\/li>\n<li>Son alt\u0131 ay i\u00e7inde \u00e7ekilmi\u015f 4,5\u00d76 ebad\u0131nda (1 adet) vesikal\u0131k foto\u011fraf<\/li>\n<\/ul>\n<p>[\/vc_column_text][vc_column_text]<\/p>\n<h1>\u00d6demeler Nereye, Nas\u0131l ve Ne Zaman Yap\u0131l\u0131yor?<\/h1>\n<p>\u00d6\u011frenim \u00dccreti ve Uzaktan \u00d6\u011fretim Materyal \u00dccreti <b>Ziraat Bankas\u0131 <\/b>\u015fubeleri taraf\u0131ndan\u00a0<strong>\u00f6\u011frenci numaran\u0131z<\/strong> ile tahsil edilecektir. Tahsil edilecek tutar\u0131n <b>Ziraat Bankas\u0131<\/b><strong>\u00a0haricinde di\u011fer bankalara yat\u0131r\u0131lmamas\u0131 gerekmektedir<\/strong>. Di\u011fer bankalara yap\u0131lan \u00f6demelerden UZEM sorumlu de\u011fildir. Ola\u011fan\u00fcst\u00fc durumlar haricinde \u00f6demelerde EFT ve Havale yoluyla tahsilat yap\u0131lmayacakt\u0131r. Tarihler her kay\u0131t d\u00f6neminde hem enstit\u00fc hem de UZEM web sayfas\u0131ndan duyurulacakt\u0131r.<\/p>\n<p>\u00d6deme bilgileri i\u00e7in <a href=\"https:\/\/uzem.omu.edu.tr\/saglik-yonetimi-odeme-bilgileri\" target=\"_blank\" rel=\"noopener\">t\u0131klay\u0131n.<\/a>[\/vc_column_text][vc_column_text]<\/p>\n<h1>Ders Se\u00e7imi Nas\u0131l Yap\u0131l\u0131yor? Dersler Nas\u0131l \u0130\u015fleniyor?<\/h1>\n<ul>\n<li><strong>\u00d6\u011frencilerin ders se\u00e7imi yapabilmesi i\u00e7in ilk \u00f6nce kay\u0131tl\u0131 olunan programa ait t\u00fcm \u00f6demeleri yapmalar\u0131 gerekmektedir.<\/strong> Y\u00fcksek lisans program \u00f6demeleri ders kredileri \u00fczerinden al\u0131nmaktad\u0131r.<\/li>\n<li>Programlara ait \u201c\u00d6deme Takvimleri\u201d hem akademik birim hem de UZEM\u2019in web sayfas\u0131ndan (uzem.omu.edu.tr) duyurulmaktad\u0131r.<\/li>\n<li>Programa ait t\u00fcm \u00fccretleri yat\u0131ran \u00f6\u011frenci, ilgili d\u00f6neme ait akademik takvimi takip ederek ders ekleme ve b\u0131rakma i\u015flemi i\u00e7in belirtilen tarih aral\u0131\u011f\u0131nda derslerini <strong>omu.edu.tr<\/strong> adresi \u00fczerinden se\u00e7erek dan\u0131\u015fman\u0131n\u0131n onay\u0131na g\u00f6nderir.<\/li>\n<\/ul>\n<p>UZEM&#8217; de dersler online \u015fekilde y\u00fcr\u00fct\u00fclmektedir. Her \u00f6\u011frenci kendisine tahsis edilen \u00f6\u011frenci numaras\u0131 ve \u015fifresiyle Ders Portal\u0131na giri\u015f yaparak, g\u00fcn\u00fcn 24 saati derslerini internet \u00fczerinden takip edebilmektedir.[\/vc_column_text][vc_column_text]<\/p>\n<h1>S\u0131navlar nas\u0131l ger\u00e7ekle\u015fiyor?<\/h1>\n<ul>\n<li><strong>Y\u00fcksek lisans programlar\u0131nda Vize s\u0131navlar\u0131 \u00f6dev, proje, portf\u00f6y vb. alternatif (\u00e7evrimi\u00e7i) de\u011ferlendirme y\u00f6ntemleri ile ger\u00e7ekle\u015ftirilir. Final ve b\u00fct\u00fcnleme s\u0131navlar\u0131 ise \u00fcniversitemizde y\u00fcz y\u00fcze ger\u00e7ekle\u015ftirilir.<\/strong><\/li>\n<\/ul>\n<p>[\/vc_column_text][vc_column_text]<\/p>\n<h1>E\u011fitim Ka\u00e7 D\u00f6nem S\u00fcrmektedir?<\/h1>\n<p>T\u00fcm tezsiz y\u00fcksek lisans programlar\u0131nda e\u011fitim \u00f6\u011fretim 3 yar\u0131y\u0131ldan olu\u015fmaktad\u0131r.[\/vc_column_text][vc_column_text]<\/p>\n<h1>Mezuniyet \u015eartlar\u0131 Nelerdir?<\/h1>\n<p>Tezsiz y\u00fcksek lisans \u00f6\u011frencileri i\u00e7in ders a\u015famas\u0131n\u0131 tamamlaman\u0131n \u00f6n ko\u015fulu t\u00fcm derslerden asgari ge\u00e7me notu olan 65 puan\u0131 alm\u0131\u015f olmas\u0131 gerekmektedir. Bunun yan\u0131 s\u0131ra mezuniyet i\u00e7in proje\/tez\u00a0\u00e7al\u0131\u015fmas\u0131n\u0131n tamamlanmas\u0131 gerekmektedir.[\/vc_column_text][vc_column_text]<\/p>\n<h1>Di\u011fer Hususlar<\/h1>\n<ul>\n<li>Program dili &#8220;T\u00fcrk\u00e7e&#8221; dir.<\/li>\n<li>\u00d6\u011frenciler mezun olabilmek i\u00e7in normal ders y\u00fck\u00fcne ek olarak \u201cY\u00fcksek Lisans Projesi\u201d haz\u0131rlar.<\/li>\n<li><strong>ALES skoru istenmemektedir.<\/strong><\/li>\n<\/ul>\n<p>[\/vc_column_text][\/vc_column][vc_column width=&#8221;1\/4&#8243; css=&#8221;.vc_custom_1433423740488{margin-top: 20px !important;padding-right: 0px !important;}&#8221;][vc_widget_sidebar sidebar_id=&#8221;generated_sidebar-saglik-yonetimi&#8221;][\/vc_column][\/vc_row]<\/p>\n","protected":false},"excerpt":{"rendered":"<p>[vc_row css=&#8221;.vc_custom_1427462343642{margin-top: -5px !important;margin-left: 0px !important;padding-left: 0px !important;}&#8221;][vc_column width=&#8221;3\/4&#8243; css=&#8221;.vc_custom_1449844790627{margin-top: 5px !important;margin-right: 0px !important;padding-right: 0px !important;padding-left: 0px !important;}&#8221;][vc_row_inner][vc_column_inner css=&#8221;.vc_custom_1449844802522{margin-bottom: 5px !important;padding-right: 0px !important;padding-left: 0px !important;}&#8221;][vc_widget_sidebar sidebar_id=&#8221;generated_sidebar-saglik-yonetimi-ust-menu&#8221;][\/vc_column_inner][\/vc_row_inner][vc_row_inner css=&#8221;.vc_custom_1435822690126{margin-top: -35px !important;margin-bottom: 30px !important;}&#8221;][vc_column_inner width=&#8221;9\/12&#8243; css=&#8221;.vc_custom_1435822697596{padding-right: 0px !important;padding-left: 0px !important;}&#8221;][vc_column_text el_class=&#8221;menu-basligi&#8221;] KAYIT VE B\u0130LG\u0130 [\/vc_column_text][\/vc_column_inner][vc_column_inner width=&#8221;3\/12&#8243; css=&#8221;.vc_custom_1435822702371{padding-right: 0px !important;padding-left: 0px !important;}&#8221;][\/vc_column_inner][\/vc_row_inner][vc_column_text] Program\u0131n Amac\u0131 Nedir? Bilim Dal\u0131&#8217;n\u0131n amac\u0131, devlet veya \u00f6zel sekt\u00f6rde sa\u011fl\u0131k alan\u0131nda hizmet veren kurumlara y\u00f6nelik y\u00f6netici yeti\u015ftirmektir.[\/vc_column_text][vc_column_text] Ba\u015fvuru Tarihleri Nedir? G\u00fcz ve Bahar d\u00f6nemi olmak \u00fczere iki d\u00f6nem halinde ilgili Enstit\u00fc taraf\u0131ndan ba\u015fvuru ve kay\u0131tlar al\u0131nmaktad\u0131r. Ba\u015fvuru ve Kay\u0131t tarihlerini ba\u015fvuru yapaca\u011f\u0131n\u0131z ilgili Enstit\u00fc web sayfas\u0131ndan \u00f6\u011frenebilirsiniz.[\/vc_column_text][vc_column_text] Programa Kimler Kay\u0131t Yapt\u0131rabilir? Programa lisans mezuniyeti bulunan her aday kay\u0131t yapt\u0131rabilir.[\/vc_column_text][vc_column_text] Programa Nas\u0131l Ba\u015fvuru Yap\u0131l\u0131r? Lisans\u00fcst\u00fc programlara ba\u015fvurular, ilanda belirtilen ba\u015fvuru s\u00fcresi i\u00e7erisinde enstit\u00fc m\u00fcd\u00fcrl\u00fcklerine internet \u00fczerinden online olarak yap\u0131l\u0131r. Askerlik durumu ve adli sicil kayd\u0131na ili\u015fkin olarak ise aday\u0131n beyan\u0131na dayan\u0131larak i\u015flem yap\u0131l\u0131r. Adaylar, https:\/\/ubs.omu.edu.tr\/Ogrenci\/Ogr0207\/Default.aspx?lang=tr-TR adresinden ula\u015facaklar\u0131 ba\u015fvuru formuna kendilerine ait bilgileri girip, \u201c\u00d6n kay\u0131t Ba\u015fvurumu Kaydet\u201d butonuyla online ba\u015fvuruyu tamamlayarak aday numaras\u0131 almal\u0131d\u0131rlar. Kesin kay\u0131t i\u00e7in hak kazanan adaylar bu sistemden alacaklar\u0131 \u00e7\u0131kt\u0131 ve a\u015fa\u011f\u0131da yazan\u00a0belgelerle birlikte ilgili enstit\u00fc m\u00fcd\u00fcrl\u00fcklerine elden ya da posta yolu ile ba\u015fvurmalar\u0131 gerekmektedir. Adaylardan ba\u015fvuru \u00fccreti al\u0131nmayacakt\u0131r. Kay\u0131t \u0130\u00e7in Gerekli Evraklar Lisans Transkripti Mezuniyet Belgesi (Ge\u00e7ici Mezuniyet Belgesi yada Diploma) Son alt\u0131 ay i\u00e7inde \u00e7ekilmi\u015f 4,5\u00d76 ebad\u0131nda (1 adet) vesikal\u0131k foto\u011fraf [\/vc_column_text][vc_column_text] \u00d6demeler Nereye, Nas\u0131l ve Ne Zaman Yap\u0131l\u0131yor? \u00d6\u011frenim \u00dccreti ve Uzaktan \u00d6\u011fretim Materyal \u00dccreti Ziraat Bankas\u0131 \u015fubeleri taraf\u0131ndan\u00a0\u00f6\u011frenci numaran\u0131z ile tahsil edilecektir. Tahsil edilecek tutar\u0131n Ziraat Bankas\u0131\u00a0haricinde di\u011fer bankalara yat\u0131r\u0131lmamas\u0131 gerekmektedir. Di\u011fer bankalara yap\u0131lan [&hellip;]<\/p>\n","protected":false},"author":11,"featured_media":0,"parent":0,"menu_order":0,"comment_status":"closed","ping_status":"closed","template":"","meta":[],"translation":{"provider":"WPGlobus","version":"2.12.2","language":"en","enabled_languages":["tr","en"],"languages":{"tr":{"title":true,"content":true,"excerpt":false},"en":{"title":false,"content":false,"excerpt":false}}},"yoast_head":"<!-- This site is optimized with the Yoast SEO plugin v17.4 - https:\/\/yoast.com\/wordpress\/plugins\/seo\/ -->\n<meta name=\"robots\" content=\"index, follow, max-snippet:-1, max-image-preview:large, max-video-preview:-1\" \/>\n<link rel=\"canonical\" href=\"https:\/\/uzem.omu.edu.tr\/sinif-egitimi-ust-menu-kayit-ve-bilgi\/\" \/>\n<meta property=\"og:locale\" content=\"en_US\" \/>\n<meta property=\"og:type\" content=\"article\" \/>\n<meta property=\"og:title\" content=\"S\u0131n\u0131f E\u011fitimi | Kay\u0131t ve Bilgi - OM\u00dc Uzaktan E\u011fitim Merkezi\" \/>\n<meta property=\"og:url\" content=\"https:\/\/uzem.omu.edu.tr\/sinif-egitimi-ust-menu-kayit-ve-bilgi\/\" \/>\n<meta property=\"og:site_name\" content=\"OM\u00dc Uzaktan E\u011fitim Merkezi\" \/>\n<meta property=\"article:publisher\" content=\"https:\/\/www.facebook.com\/omu.uzem\" \/>\n<meta property=\"article:modified_time\" content=\"2025-10-07T07:05:25+00:00\" \/>\n<meta name=\"twitter:card\" content=\"summary_large_image\" \/>\n<meta name=\"twitter:site\" content=\"@omuuzem\" \/>\n<meta name=\"twitter:label1\" content=\"Est. reading time\" \/>\n\t<meta name=\"twitter:data1\" content=\"3 minutes\" \/>\n<script type=\"application\/ld+json\" class=\"yoast-schema-graph\">{\"@context\":\"https:\/\/schema.org\",\"@graph\":[{\"@type\":\"Organization\",\"@id\":\"https:\/\/uzem.omu.edu.tr\/#organization\",\"name\":\"UZEM\",\"url\":\"https:\/\/uzem.omu.edu.tr\/\",\"sameAs\":[\"https:\/\/www.facebook.com\/omu.uzem\",\"https:\/\/www.instagram.com\/omu.uzem\/\",\"https:\/\/www.youtube.com\/channel\/UCQ6c_wjaGQcIvBKTbPrOe2A\",\"https:\/\/twitter.com\/omuuzem\"],\"logo\":{\"@type\":\"ImageObject\",\"@id\":\"https:\/\/uzem.omu.edu.tr\/#logo\",\"inLanguage\":\"en-US\",\"url\":\"https:\/\/uzem.omu.edu.tr\/wp-content\/uploads\/ulogo-1.png\",\"contentUrl\":\"https:\/\/uzem.omu.edu.tr\/wp-content\/uploads\/ulogo-1.png\",\"width\":364,\"height\":39,\"caption\":\"UZEM\"},\"image\":{\"@id\":\"https:\/\/uzem.omu.edu.tr\/#logo\"}},{\"@type\":\"WebSite\",\"@id\":\"https:\/\/uzem.omu.edu.tr\/#website\",\"url\":\"https:\/\/uzem.omu.edu.tr\/\",\"name\":\"OM\\u00dc Uzaktan E\\u011fitim Merkezi\",\"description\":\"&quot;F\\u0131rsatlar Sunar&quot;\",\"publisher\":{\"@id\":\"https:\/\/uzem.omu.edu.tr\/#organization\"},\"potentialAction\":[{\"@type\":\"SearchAction\",\"target\":{\"@type\":\"EntryPoint\",\"urlTemplate\":\"https:\/\/uzem.omu.edu.tr\/?s={search_term_string}\"},\"query-input\":\"required name=search_term_string\"}],\"inLanguage\":\"en-US\"},{\"@type\":\"WebPage\",\"@id\":\"https:\/\/uzem.omu.edu.tr\/sinif-egitimi-ust-menu-kayit-ve-bilgi\/#webpage\",\"url\":\"https:\/\/uzem.omu.edu.tr\/sinif-egitimi-ust-menu-kayit-ve-bilgi\/\",\"name\":\"S\\u0131n\\u0131f E\\u011fitimi | Kay\\u0131t ve Bilgi - OM\\u00dc Uzaktan E\\u011fitim Merkezi\",\"isPartOf\":{\"@id\":\"https:\/\/uzem.omu.edu.tr\/#website\"},\"datePublished\":\"2025-10-07T05:21:18+00:00\",\"dateModified\":\"2025-10-07T07:05:25+00:00\",\"breadcrumb\":{\"@id\":\"https:\/\/uzem.omu.edu.tr\/sinif-egitimi-ust-menu-kayit-ve-bilgi\/#breadcrumb\"},\"inLanguage\":\"en-US\",\"potentialAction\":[{\"@type\":\"ReadAction\",\"target\":[\"https:\/\/uzem.omu.edu.tr\/sinif-egitimi-ust-menu-kayit-ve-bilgi\/\"]}]},{\"@type\":\"BreadcrumbList\",\"@id\":\"https:\/\/uzem.omu.edu.tr\/sinif-egitimi-ust-menu-kayit-ve-bilgi\/#breadcrumb\",\"itemListElement\":[{\"@type\":\"ListItem\",\"position\":1,\"name\":\"Home\",\"item\":\"https:\/\/uzem.omu.edu.tr\/\"},{\"@type\":\"ListItem\",\"position\":2,\"name\":\"S\\u0131n\\u0131f E\\u011fitimi | Kay\\u0131t ve Bilgi\"}]}]}<\/script>\n<!-- \/ Yoast SEO plugin. -->","yoast_head_json":{"robots":{"index":"index","follow":"follow","max-snippet":"max-snippet:-1","max-image-preview":"max-image-preview:large","max-video-preview":"max-video-preview:-1"},"canonical":"https:\/\/uzem.omu.edu.tr\/sinif-egitimi-ust-menu-kayit-ve-bilgi\/","og_locale":"en_US","og_type":"article","og_title":"S\u0131n\u0131f E\u011fitimi | Kay\u0131t ve Bilgi - OM\u00dc Uzaktan E\u011fitim Merkezi","og_url":"https:\/\/uzem.omu.edu.tr\/sinif-egitimi-ust-menu-kayit-ve-bilgi\/","og_site_name":"OM\u00dc Uzaktan E\u011fitim Merkezi","article_publisher":"https:\/\/www.facebook.com\/omu.uzem","article_modified_time":"2025-10-07T07:05:25+00:00","twitter_card":"summary_large_image","twitter_site":"@omuuzem","twitter_misc":{"Est. reading time":"3 minutes"},"schema":{"@context":"https:\/\/schema.org","@graph":[{"@type":"Organization","@id":"https:\/\/uzem.omu.edu.tr\/#organization","name":"UZEM","url":"https:\/\/uzem.omu.edu.tr\/","sameAs":["https:\/\/www.facebook.com\/omu.uzem","https:\/\/www.instagram.com\/omu.uzem\/","https:\/\/www.youtube.com\/channel\/UCQ6c_wjaGQcIvBKTbPrOe2A","https:\/\/twitter.com\/omuuzem"],"logo":{"@type":"ImageObject","@id":"https:\/\/uzem.omu.edu.tr\/#logo","inLanguage":"en-US","url":"https:\/\/uzem.omu.edu.tr\/wp-content\/uploads\/ulogo-1.png","contentUrl":"https:\/\/uzem.omu.edu.tr\/wp-content\/uploads\/ulogo-1.png","width":364,"height":39,"caption":"UZEM"},"image":{"@id":"https:\/\/uzem.omu.edu.tr\/#logo"}},{"@type":"WebSite","@id":"https:\/\/uzem.omu.edu.tr\/#website","url":"https:\/\/uzem.omu.edu.tr\/","name":"OM\u00dc Uzaktan E\u011fitim Merkezi","description":"&quot;F\u0131rsatlar Sunar&quot;","publisher":{"@id":"https:\/\/uzem.omu.edu.tr\/#organization"},"potentialAction":[{"@type":"SearchAction","target":{"@type":"EntryPoint","urlTemplate":"https:\/\/uzem.omu.edu.tr\/?s={search_term_string}"},"query-input":"required name=search_term_string"}],"inLanguage":"en-US"},{"@type":"WebPage","@id":"https:\/\/uzem.omu.edu.tr\/sinif-egitimi-ust-menu-kayit-ve-bilgi\/#webpage","url":"https:\/\/uzem.omu.edu.tr\/sinif-egitimi-ust-menu-kayit-ve-bilgi\/","name":"S\u0131n\u0131f E\u011fitimi | Kay\u0131t ve Bilgi - OM\u00dc Uzaktan E\u011fitim Merkezi","isPartOf":{"@id":"https:\/\/uzem.omu.edu.tr\/#website"},"datePublished":"2025-10-07T05:21:18+00:00","dateModified":"2025-10-07T07:05:25+00:00","breadcrumb":{"@id":"https:\/\/uzem.omu.edu.tr\/sinif-egitimi-ust-menu-kayit-ve-bilgi\/#breadcrumb"},"inLanguage":"en-US","potentialAction":[{"@type":"ReadAction","target":["https:\/\/uzem.omu.edu.tr\/sinif-egitimi-ust-menu-kayit-ve-bilgi\/"]}]},{"@type":"BreadcrumbList","@id":"https:\/\/uzem.omu.edu.tr\/sinif-egitimi-ust-menu-kayit-ve-bilgi\/#breadcrumb","itemListElement":[{"@type":"ListItem","position":1,"name":"Home","item":"https:\/\/uzem.omu.edu.tr\/"},{"@type":"ListItem","position":2,"name":"S\u0131n\u0131f E\u011fitimi | Kay\u0131t ve Bilgi"}]}]}},"_links":{"self":[{"href":"https:\/\/uzem.omu.edu.tr\/en\/wp-json\/wp\/v2\/pages\/27124"}],"collection":[{"href":"https:\/\/uzem.omu.edu.tr\/en\/wp-json\/wp\/v2\/pages"}],"about":[{"href":"https:\/\/uzem.omu.edu.tr\/en\/wp-json\/wp\/v2\/types\/page"}],"author":[{"embeddable":true,"href":"https:\/\/uzem.omu.edu.tr\/en\/wp-json\/wp\/v2\/users\/11"}],"replies":[{"embeddable":true,"href":"https:\/\/uzem.omu.edu.tr\/en\/wp-json\/wp\/v2\/comments?post=27124"}],"version-history":[{"count":2,"href":"https:\/\/uzem.omu.edu.tr\/en\/wp-json\/wp\/v2\/pages\/27124\/revisions"}],"predecessor-version":[{"id":27152,"href":"https:\/\/uzem.omu.edu.tr\/en\/wp-json\/wp\/v2\/pages\/27124\/revisions\/27152"}],"wp:attachment":[{"href":"https:\/\/uzem.omu.edu.tr\/en\/wp-json\/wp\/v2\/media?parent=27124"}],"curies":[{"name":"wp","href":"https:\/\/api.w.org\/{rel}","templated":true}]}}