{"id":26,"date":"2015-02-14T12:58:54","date_gmt":"2015-02-14T12:58:54","guid":{"rendered":"http:\/\/localhost:8888\/uzem_yeni\/wp-tema\/?page_id=26"},"modified":"2025-02-17T14:03:25","modified_gmt":"2025-02-17T11:03:25","slug":"yonetim-kurulu","status":"publish","type":"page","link":"https:\/\/uzem.omu.edu.tr\/en\/yonetim-kurulu\/","title":{"rendered":"Board of Directors"},"content":{"rendered":"<p>[vc_row bg_type=&#8221;no_bg&#8221; css=&#8221;.vc_custom_1475741279806{margin-top: 0px !important;margin-left: 0px !important;padding-top: 0px !important;padding-left: 0px !important;}&#8221;][vc_column css=&#8221;.vc_custom_1475741270334{margin-bottom: 0px !important;margin-left: 0px !important;padding-bottom: 0px !important;padding-left: 0px !important;}&#8221;][vc_column_text css=&#8221;.vc_custom_1608031653266{margin-bottom: 0px !important;padding-bottom: 0px !important;}&#8221;][\/vc_column_text][vc_raw_html]JTVCY2FwdGlvbiUyMGlkJTNEJTIyYXR0YWNobWVudF8yNDY3NSUyMiUyMGFsaWduJTNEJTIyYWxpZ25jZW50ZXIlMjIlMjB3aWR0aCUzRCUyMjEzMCUyMiU1RCUzQ2ltZyUyMGNsYXNzJTNEJTIyd3AtaW1hZ2UtMjQ2NzUlMjBzaXplLWZ1bGwlMjIlMjBzcmMlM0QlMjJodHRwcyUzQSUyRiUyRnV6ZW0ub211LmVkdS50ciUyRndwLWNvbnRlbnQlMkZ1cGxvYWRzJTJGZHIuaGFzYW4tYXRzaXoucG5nJTIyJTIwYWx0JTNEJTIyJTIyJTIwd2lkdGglM0QlMjIxMzAlMjIlMjBoZWlnaHQlM0QlMjIxNTYlMjIlMjAlMkYlM0UlMjBEci4lMjAlQzMlOTYlQzQlOUZyLiUyMCVDMyU5Q3llc2klMjBIYXNhbiUyMEFUU0laJTIwJTI4TSVDMyVCQ2QlQzMlQkNyJTI5JTVCJTJGY2FwdGlvbiU1RCUwQSUwQSU1QmNhcHRpb24lMjBpZCUzRCUyMmF0dGFjaG1lbnRfMjE1MjQlMjIlMjBhbGlnbiUzRCUyMmFsaWdubGVmdCUyMiUyMHdpZHRoJTNEJTIyMTMwJTIyJTVEJTNDaW1nJTIwY2xhc3MlM0QlMjJ3cC1pbWFnZS0yMTUyNCUyMHNpemUtZnVsbCUyMiUyMHNyYyUzRCUyMmh0dHBzJTNBJTJGJTJGdXplbS5vbXUuZWR1LnRyJTJGd3AtY29udGVudCUyRnVwbG9hZHMlMkZwb2xhdC5zZW5kdXJ1ci5qcGclMjIlMjBhbHQlM0QlMjIlMjIlMjB3aWR0aCUzRCUyMjEzMCUyMiUyMGhlaWdodCUzRCUyMjE1NiUyMiUyMCUyRiUzRSUyMERvJUMzJUE3LiUyMERyLiUyMFBvbGF0JTIwJUM1JTlFRU5EVVJVUiUyMCUyOE0lQzMlQkNkLiUyMFlyZC4lMjklNUIlMkZjYXB0aW9uJTVEJTBBJTBBJTVCY2FwdGlvbiUyMGlkJTNEJTIyYXR0YWNobWVudF8yMTUyNSUyMiUyMGFsaWduJTNEJTIyYWxpZ25sZWZ0JTIyJTIwd2lkdGglM0QlMjIxMzAlMjIlNUQlM0NpbWclMjBjbGFzcyUzRCUyMndwLWltYWdlLTIxNTI1JTIwc2l6ZS1mdWxsJTIyJTIwc3JjJTNEJTIyaHR0cHMlM0ElMkYlMkZ1emVtLm9tdS5lZHUudHIlMkZ3cC1jb250ZW50JTJGdXBsb2FkcyUyRnJlY2FpLm9rdGFzXy5qcGclMjIlMjBhbHQlM0QlMjIlMjIlMjB3aWR0aCUzRCUyMjEzMCUyMiUyMGhlaWdodCUzRCUyMjE1NiUyMiUyMCUyRiUzRSUyMERyLiUyMCVDMyU5NiVDNCU5RnIuJTIwJUMzJTlDeWVzaSUyMFJlY2FpJTIwT0tUQSVDNSU5RSUyMCUyOE0lQzMlQkNkLiUyMFlyZC4lMjklNUIlMkZjYXB0aW9uJTVEJTBBJTBBJTVCY2FwdGlvbiUyMGlkJTNEJTIyYXR0YWNobWVudF8yMTUyNiUyMiUyMGFsaWduJTNEJTIyYWxpZ25sZWZ0JTIyJTIwd2lkdGglM0QlMjIxMzAlMjIlNUQlM0NhJTIwaHJlZiUzRCUyMmh0dHBzJTNBJTJGJTJGdXplbS5vbXUuZWR1LnRyJTJGd3AtY29udGVudCUyRnVwbG9hZHMlMkZzYWlkLmt1cnN1bm9nbHUuanBnJTIyJTNFJTNDaW1nJTIwY2xhc3MlM0QlMjJ3cC1pbWFnZS0yMTUyNiUyMiUyMHNyYyUzRCUyMmh0dHBzJTNBJTJGJTJGdXplbS5vbXUuZWR1LnRyJTJGd3AtY29udGVudCUyRnVwbG9hZHMlMkZzYWlkLmt1cnN1bm9nbHUtMTM4eDE1MC5qcGclMjIlMjBhbHQlM0QlMjIlMjIlMjB3aWR0aCUzRCUyMjEzMCUyMiUyMGhlaWdodCUzRCUyMjE1NiUyMiUyMCUyRiUzRSUzQyUyRmElM0UlMjBQcm9mLiUyMERyLiUyMFNhaWQlMjBLVVIlQzUlOUVVTk8lQzQlOUVMVSUyMCUyOCVDMyU5Q3llJTI5JTVCJTJGY2FwdGlvbiU1RCUwQSUwQSU1QmNhcHRpb24lMjBpZCUzRCUyMmF0dGFjaG1lbnRfMjQ2MDklMjIlMjBhbGlnbiUzRCUyMmFsaWdubGVmdCUyMiUyMHdpZHRoJTNEJTIyMTMwJTIyJTVEJTNDaW1nJTIwY2xhc3MlM0QlMjJ3cC1pbWFnZS0yNDYwOSUyMHNpemUtZnVsbCUyMiUyMHNyYyUzRCUyMmh0dHBzJTNBJTJGJTJGdXplbS5vbXUuZWR1LnRyJTJGd3AtY29udGVudCUyRnVwbG9hZHMlMkZ1emVtLXlrLm96dWRvZ3J1LnBuZyUyMiUyMGFsdCUzRCUyMiUyMiUyMHdpZHRoJTNEJTIyMTMwJTIyJTIwaGVpZ2h0JTNEJTIyMTU2JTIyJTIwJTJGJTNFJTIwRG8lQzMlQTcuJTIwRHIuJTIwQmVraXIlMjAlQzMlOTZaJUMzJTlDRE8lQzQlOUVSVSUyMCUyOCVDMyU5Q3llJTI5JTVCJTJGY2FwdGlvbiU1RCUwQSUwQSU1QmNhcHRpb24lMjBpZCUzRCUyMmF0dGFjaG1lbnRfMjE1MjIlMjIlMjBhbGlnbiUzRCUyMmFsaWdubGVmdCUyMiUyMHdpZHRoJTNEJTIyMTMwJTIyJTVEJTNDYSUyMGhyZWYlM0QlMjJodHRwcyUzQSUyRiUyRnV6ZW0ub211LmVkdS50ciUyRndwLWNvbnRlbnQlMkZ1cGxvYWRzJTJGa2VtYWwub3pjYW5fLmpwZyUyMiUzRSUzQ2ltZyUyMGNsYXNzJTNEJTIyd3AtaW1hZ2UtMjE1MjIlMjIlMjBzcmMlM0QlMjJodHRwcyUzQSUyRiUyRnV6ZW0ub211LmVkdS50ciUyRndwLWNvbnRlbnQlMkZ1cGxvYWRzJTJGa2VtYWwub3pjYW5fLTEzOHgxNTAuanBnJTIyJTIwYWx0JTNEJTIyJTIyJTIwd2lkdGglM0QlMjIxMzAlMjIlMjBoZWlnaHQlM0QlMjIxNTYlMjIlMjAlMkYlM0UlM0MlMkZhJTNFJTIwRHIuJTIwJUMzJTk2JUM0JTlGci4lMjAlQzMlOUN5ZXNpJTIwS2VtYWwlMjAlQzMlOTZaQ0FOJTIwJTI4JUMzJTlDeWUlMjklNUIlMkZjYXB0aW9uJTVEJTBBJTBBJTVCY2FwdGlvbiUyMGlkJTNEJTIyYXR0YWNobWVudF8yMTUyMCUyMiUyMGFsaWduJTNEJTIyYWxpZ25sZWZ0JTIyJTIwd2lkdGglM0QlMjIxMzAlMjIlNUQlM0NhJTIwaHJlZiUzRCUyMmh0dHBzJTNBJTJGJTJGdXplbS5vbXUuZWR1LnRyJTJGd3AtY29udGVudCUyRnVwbG9hZHMlMkZlbGlmLmJ1bHV0Xy5qcGclMjIlM0UlM0NpbWclMjBjbGFzcyUzRCUyMndwLWltYWdlLTIxNTIwJTIyJTIwc3JjJTNEJTIyaHR0cHMlM0ElMkYlMkZ1emVtLm9tdS5lZHUudHIlMkZ3cC1jb250ZW50JTJGdXBsb2FkcyUyRmVsaWYuYnVsdXRfLTEzOHgxNTAuanBnJTIyJTIwYWx0JTNEJTIyJTIyJTIwd2lkdGglM0QlMjIxMzAlMjIlMjBoZWlnaHQlM0QlMjIxNTYlMjIlMjAlMkYlM0UlM0MlMkZhJTNFJTIwRHIuJTIwJUMzJTk2JUM0JTlGci4lMjAlQzMlOUN5ZXNpJTIwRWxpZiUyMEJVTFVUJTIwJTI4JUMzJTlDeWUlMjklNUIlMkZjYXB0aW9uJTVEJTBBJTBBJTVCY2FwdGlvbiUyMGlkJTNEJTIyYXR0YWNobWVudF8yMTUyOSUyMiUyMGFsaWduJTNEJTIyYWxpZ25sZWZ0JTIyJTIwd2lkdGglM0QlMjIxMzAlMjIlNUQlM0NhJTIwaHJlZiUzRCUyMmh0dHBzJTNBJTJGJTJGdXplbS5vbXUuZWR1LnRyJTJGd3AtY29udGVudCUyRnVwbG9hZHMlMkZvbXVfc2VyY2FuLmRlbWlyY2kuanBnJTIyJTNFJTNDaW1nJTIwY2xhc3MlM0QlMjJ3cC1pbWFnZS0yMTUyOSUyMiUyMHNyYyUzRCUyMmh0dHBzJTNBJTJGJTJGdXplbS5vbXUuZWR1LnRyJTJGd3AtY29udGVudCUyRnVwbG9hZHMlMkZvbXVfc2VyY2FuLmRlbWlyY2ktMTM4eDE1MC5qcGclMjIlMjBhbHQlM0QlMjIlMjIlMjB3aWR0aCUzRCUyMjEzMCUyMiUyMGhlaWdodCUzRCUyMjE1NiUyMiUyMCUyRiUzRSUzQyUyRmElM0UlMjBEci4lMjAlQzMlOTYlQzQlOUZyLiUyMCVDMyU5Q3llc2klMjBTZXJjYW4lMjBERU0lQzQlQjBSQyVDNCVCMCUyMCUyOCVDMyU5Q3llJTI5JTVCJTJGY2FwdGlvbiU1RCUwQSUwQSU1QmNhcHRpb24lMjBpZCUzRCUyMmF0dGFjaG1lbnRfMjY2ODUlMjIlMjBhbGlnbiUzRCUyMmFsaWdubGVmdCUyMiUyMHdpZHRoJTNEJTIyMTM3JTIyJTVEJTNDaW1nJTIwY2xhc3MlM0QlMjJ3cC1pbWFnZS0yNjY4NSUyMCUyMiUyMHNyYyUzRCUyMmh0dHBzJTNBJTJGJTJGdXplbS5vbXUuZWR1LnRyJTJGd3AtY29udGVudCUyRnVwbG9hZHMlMkZvemd1ci1hdGFrYW4uanBnJTIyJTIwYWx0JTNEJTIyJTIyJTIwd2lkdGglM0QlMjIxMzclMjIlMjBoZWlnaHQlM0QlMjIxNTElMjIlMjAlMkYlM0UlMjBEci4lMjAlQzMlOTYlQzQlOUZyLiUyMCVDMyU5Q3llc2klMjAlQzMlOTZ6ZyVDMyVCQ3IlMjBBVEFLQU4lMjAlMjglQzMlOUN5ZSUyOSU1QiUyRmNhcHRpb24lNUQlMEElMEE=[\/vc_raw_html][\/vc_column][\/vc_row]<\/p>\n","protected":false},"excerpt":{"rendered":"<p>[vc_row bg_type=&#8221;no_bg&#8221; css=&#8221;.vc_custom_1475741279806{margin-top: 0px !important;margin-left: 0px !important;padding-top: 0px !important;padding-left: 0px !important;}&#8221;][vc_column css=&#8221;.vc_custom_1475741270334{margin-bottom: 0px !important;margin-left: 0px !important;padding-bottom: 0px !important;padding-left: 0px !important;}&#8221;][vc_column_text css=&#8221;.vc_custom_1608031653266{margin-bottom: 0px !important;padding-bottom: 0px !important;}&#8221;][\/vc_column_text][vc_raw_html]JTVCY2FwdGlvbiUyMGlkJTNEJTIyYXR0YWNobWVudF8yNDY3NSUyMiUyMGFsaWduJTNEJTIyYWxpZ25jZW50ZXIlMjIlMjB3aWR0aCUzRCUyMjEzMCUyMiU1RCUzQ2ltZyUyMGNsYXNzJTNEJTIyd3AtaW1hZ2UtMjQ2NzUlMjBzaXplLWZ1bGwlMjIlMjBzcmMlM0QlMjJodHRwcyUzQSUyRiUyRnV6ZW0ub211LmVkdS50ciUyRndwLWNvbnRlbnQlMkZ1cGxvYWRzJTJGZHIuaGFzYW4tYXRzaXoucG5nJTIyJTIwYWx0JTNEJTIyJTIyJTIwd2lkdGglM0QlMjIxMzAlMjIlMjBoZWlnaHQlM0QlMjIxNTYlMjIlMjAlMkYlM0UlMjBEci4lMjAlQzMlOTYlQzQlOUZyLiUyMCVDMyU5Q3llc2klMjBIYXNhbiUyMEFUU0laJTIwJTI4TSVDMyVCQ2QlQzMlQkNyJTI5JTVCJTJGY2FwdGlvbiU1RCUwQSUwQSU1QmNhcHRpb24lMjBpZCUzRCUyMmF0dGFjaG1lbnRfMjE1MjQlMjIlMjBhbGlnbiUzRCUyMmFsaWdubGVmdCUyMiUyMHdpZHRoJTNEJTIyMTMwJTIyJTVEJTNDaW1nJTIwY2xhc3MlM0QlMjJ3cC1pbWFnZS0yMTUyNCUyMHNpemUtZnVsbCUyMiUyMHNyYyUzRCUyMmh0dHBzJTNBJTJGJTJGdXplbS5vbXUuZWR1LnRyJTJGd3AtY29udGVudCUyRnVwbG9hZHMlMkZwb2xhdC5zZW5kdXJ1ci5qcGclMjIlMjBhbHQlM0QlMjIlMjIlMjB3aWR0aCUzRCUyMjEzMCUyMiUyMGhlaWdodCUzRCUyMjE1NiUyMiUyMCUyRiUzRSUyMERvJUMzJUE3LiUyMERyLiUyMFBvbGF0JTIwJUM1JTlFRU5EVVJVUiUyMCUyOE0lQzMlQkNkLiUyMFlyZC4lMjklNUIlMkZjYXB0aW9uJTVEJTBBJTBBJTVCY2FwdGlvbiUyMGlkJTNEJTIyYXR0YWNobWVudF8yMTUyNSUyMiUyMGFsaWduJTNEJTIyYWxpZ25sZWZ0JTIyJTIwd2lkdGglM0QlMjIxMzAlMjIlNUQlM0NpbWclMjBjbGFzcyUzRCUyMndwLWltYWdlLTIxNTI1JTIwc2l6ZS1mdWxsJTIyJTIwc3JjJTNEJTIyaHR0cHMlM0ElMkYlMkZ1emVtLm9tdS5lZHUudHIlMkZ3cC1jb250ZW50JTJGdXBsb2FkcyUyRnJlY2FpLm9rdGFzXy5qcGclMjIlMjBhbHQlM0QlMjIlMjIlMjB3aWR0aCUzRCUyMjEzMCUyMiUyMGhlaWdodCUzRCUyMjE1NiUyMiUyMCUyRiUzRSUyMERyLiUyMCVDMyU5NiVDNCU5RnIuJTIwJUMzJTlDeWVzaSUyMFJlY2FpJTIwT0tUQSVDNSU5RSUyMCUyOE0lQzMlQkNkLiUyMFlyZC4lMjklNUIlMkZjYXB0aW9uJTVEJTBBJTBBJTVCY2FwdGlvbiUyMGlkJTNEJTIyYXR0YWNobWVudF8yMTUyNiUyMiUyMGFsaWduJTNEJTIyYWxpZ25sZWZ0JTIyJTIwd2lkdGglM0QlMjIxMzAlMjIlNUQlM0NhJTIwaHJlZiUzRCUyMmh0dHBzJTNBJTJGJTJGdXplbS5vbXUuZWR1LnRyJTJGd3AtY29udGVudCUyRnVwbG9hZHMlMkZzYWlkLmt1cnN1bm9nbHUuanBnJTIyJTNFJTNDaW1nJTIwY2xhc3MlM0QlMjJ3cC1pbWFnZS0yMTUyNiUyMiUyMHNyYyUzRCUyMmh0dHBzJTNBJTJGJTJGdXplbS5vbXUuZWR1LnRyJTJGd3AtY29udGVudCUyRnVwbG9hZHMlMkZzYWlkLmt1cnN1bm9nbHUtMTM4eDE1MC5qcGclMjIlMjBhbHQlM0QlMjIlMjIlMjB3aWR0aCUzRCUyMjEzMCUyMiUyMGhlaWdodCUzRCUyMjE1NiUyMiUyMCUyRiUzRSUzQyUyRmElM0UlMjBQcm9mLiUyMERyLiUyMFNhaWQlMjBLVVIlQzUlOUVVTk8lQzQlOUVMVSUyMCUyOCVDMyU5Q3llJTI5JTVCJTJGY2FwdGlvbiU1RCUwQSUwQSU1QmNhcHRpb24lMjBpZCUzRCUyMmF0dGFjaG1lbnRfMjQ2MDklMjIlMjBhbGlnbiUzRCUyMmFsaWdubGVmdCUyMiUyMHdpZHRoJTNEJTIyMTMwJTIyJTVEJTNDaW1nJTIwY2xhc3MlM0QlMjJ3cC1pbWFnZS0yNDYwOSUyMHNpemUtZnVsbCUyMiUyMHNyYyUzRCUyMmh0dHBzJTNBJTJGJTJGdXplbS5vbXUuZWR1LnRyJTJGd3AtY29udGVudCUyRnVwbG9hZHMlMkZ1emVtLXlrLm96dWRvZ3J1LnBuZyUyMiUyMGFsdCUzRCUyMiUyMiUyMHdpZHRoJTNEJTIyMTMwJTIyJTIwaGVpZ2h0JTNEJTIyMTU2JTIyJTIwJTJGJTNFJTIwRG8lQzMlQTcuJTIwRHIuJTIwQmVraXIlMjAlQzMlOTZaJUMzJTlDRE8lQzQlOUVSVSUyMCUyOCVDMyU5Q3llJTI5JTVCJTJGY2FwdGlvbiU1RCUwQSUwQSU1QmNhcHRpb24lMjBpZCUzRCUyMmF0dGFjaG1lbnRfMjE1MjIlMjIlMjBhbGlnbiUzRCUyMmFsaWdubGVmdCUyMiUyMHdpZHRoJTNEJTIyMTMwJTIyJTVEJTNDYSUyMGhyZWYlM0QlMjJodHRwcyUzQSUyRiUyRnV6ZW0ub211LmVkdS50ciUyRndwLWNvbnRlbnQlMkZ1cGxvYWRzJTJGa2VtYWwub3pjYW5fLmpwZyUyMiUzRSUzQ2ltZyUyMGNsYXNzJTNEJTIyd3AtaW1hZ2UtMjE1MjIlMjIlMjBzcmMlM0QlMjJodHRwcyUzQSUyRiUyRnV6ZW0ub211LmVkdS50ciUyRndwLWNvbnRlbnQlMkZ1cGxvYWRzJTJGa2VtYWwub3pjYW5fLTEzOHgxNTAuanBnJTIyJTIwYWx0JTNEJTIyJTIyJTIwd2lkdGglM0QlMjIxMzAlMjIlMjBoZWlnaHQlM0QlMjIxNTYlMjIlMjAlMkYlM0UlM0MlMkZhJTNFJTIwRHIuJTIwJUMzJTk2JUM0JTlGci4lMjAlQzMlOUN5ZXNpJTIwS2VtYWwlMjAlQzMlOTZaQ0FOJTIwJTI4JUMzJTlDeWUlMjklNUIlMkZjYXB0aW9uJTVEJTBBJTBBJTVCY2FwdGlvbiUyMGlkJTNEJTIyYXR0YWNobWVudF8yMTUyMCUyMiUyMGFsaWduJTNEJTIyYWxpZ25sZWZ0JTIyJTIwd2lkdGglM0QlMjIxMzAlMjIlNUQlM0NhJTIwaHJlZiUzRCUyMmh0dHBzJTNBJTJGJTJGdXplbS5vbXUuZWR1LnRyJTJGd3AtY29udGVudCUyRnVwbG9hZHMlMkZlbGlmLmJ1bHV0Xy5qcGclMjIlM0UlM0NpbWclMjBjbGFzcyUzRCUyMndwLWltYWdlLTIxNTIwJTIyJTIwc3JjJTNEJTIyaHR0cHMlM0ElMkYlMkZ1emVtLm9tdS5lZHUudHIlMkZ3cC1jb250ZW50JTJGdXBsb2FkcyUyRmVsaWYuYnVsdXRfLTEzOHgxNTAuanBnJTIyJTIwYWx0JTNEJTIyJTIyJTIwd2lkdGglM0QlMjIxMzAlMjIlMjBoZWlnaHQlM0QlMjIxNTYlMjIlMjAlMkYlM0UlM0MlMkZhJTNFJTIwRHIuJTIwJUMzJTk2JUM0JTlGci4lMjAlQzMlOUN5ZXNpJTIwRWxpZiUyMEJVTFVUJTIwJTI4JUMzJTlDeWUlMjklNUIlMkZjYXB0aW9uJTVEJTBBJTBBJTVCY2FwdGlvbiUyMGlkJTNEJTIyYXR0YWNobWVudF8yMTUyOSUyMiUyMGFsaWduJTNEJTIyYWxpZ25sZWZ0JTIyJTIwd2lkdGglM0QlMjIxMzAlMjIlNUQlM0NhJTIwaHJlZiUzRCUyMmh0dHBzJTNBJTJGJTJGdXplbS5vbXUuZWR1LnRyJTJGd3AtY29udGVudCUyRnVwbG9hZHMlMkZvbXVfc2VyY2FuLmRlbWlyY2kuanBnJTIyJTNFJTNDaW1nJTIwY2xhc3MlM0QlMjJ3cC1pbWFnZS0yMTUyOSUyMiUyMHNyYyUzRCUyMmh0dHBzJTNBJTJGJTJGdXplbS5vbXUuZWR1LnRyJTJGd3AtY29udGVudCUyRnVwbG9hZHMlMkZvbXVfc2VyY2FuLmRlbWlyY2ktMTM4eDE1MC5qcGclMjIlMjBhbHQlM0QlMjIlMjIlMjB3aWR0aCUzRCUyMjEzMCUyMiUyMGhlaWdodCUzRCUyMjE1NiUyMiUyMCUyRiUzRSUzQyUyRmElM0UlMjBEci4lMjAlQzMlOTYlQzQlOUZyLiUyMCVDMyU5Q3llc2klMjBTZXJjYW4lMjBERU0lQzQlQjBSQyVDNCVCMCUyMCUyOCVDMyU5Q3llJTI5JTVCJTJGY2FwdGlvbiU1RCUwQSUwQSU1QmNhcHRpb24lMjBpZCUzRCUyMmF0dGFjaG1lbnRfMjY2ODUlMjIlMjBhbGlnbiUzRCUyMmFsaWdubGVmdCUyMiUyMHdpZHRoJTNEJTIyMTM3JTIyJTVEJTNDaW1nJTIwY2xhc3MlM0QlMjJ3cC1pbWFnZS0yNjY4NSUyMCUyMiUyMHNyYyUzRCUyMmh0dHBzJTNBJTJGJTJGdXplbS5vbXUuZWR1LnRyJTJGd3AtY29udGVudCUyRnVwbG9hZHMlMkZvemd1ci1hdGFrYW4uanBnJTIyJTIwYWx0JTNEJTIyJTIyJTIwd2lkdGglM0QlMjIxMzclMjIlMjBoZWlnaHQlM0QlMjIxNTElMjIlMjAlMkYlM0UlMjBEci4lMjAlQzMlOTYlQzQlOUZyLiUyMCVDMyU5Q3llc2klMjAlQzMlOTZ6ZyVDMyVCQ3IlMjBBVEFLQU4lMjAlMjglQzMlOUN5ZSUyOSU1QiUyRmNhcHRpb24lNUQlMEElMEE=[\/vc_raw_html][\/vc_column][\/vc_row]<\/p>\n","protected":false},"author":1,"featured_media":0,"parent":0,"menu_order":0,"comment_status":"closed","ping_status":"closed","template":"","meta":[],"translation":{"provider":"WPGlobus","version":"2.12.2","language":"en","enabled_languages":["tr","en"],"languages":{"tr":{"title":true,"content":true,"excerpt":false},"en":{"title":true,"content":true,"excerpt":false}}},"yoast_head":"<!-- This site is optimized with the Yoast SEO plugin v17.4 - https:\/\/yoast.com\/wordpress\/plugins\/seo\/ -->\n<meta name=\"robots\" content=\"index, follow, max-snippet:-1, max-image-preview:large, max-video-preview:-1\" \/>\n<link rel=\"canonical\" href=\"https:\/\/uzem.omu.edu.tr\/yonetim-kurulu\/\" \/>\n<meta property=\"og:locale\" content=\"en_US\" \/>\n<meta property=\"og:type\" content=\"article\" \/>\n<meta property=\"og:title\" content=\"Board of Directors - OM\u00dc Uzaktan E\u011fitim Merkezi\" \/>\n<meta property=\"og:url\" content=\"https:\/\/uzem.omu.edu.tr\/yonetim-kurulu\/\" \/>\n<meta property=\"og:site_name\" content=\"OM\u00dc Uzaktan E\u011fitim Merkezi\" \/>\n<meta property=\"article:publisher\" content=\"https:\/\/www.facebook.com\/omu.uzem\" \/>\n<meta property=\"article:modified_time\" content=\"2025-02-17T11:03:25+00:00\" \/>\n<meta name=\"twitter:card\" content=\"summary_large_image\" \/>\n<meta name=\"twitter:site\" content=\"@omuuzem\" \/>\n<meta name=\"twitter:label1\" content=\"Est. reading time\" \/>\n\t<meta name=\"twitter:data1\" content=\"4 minutes\" \/>\n<script type=\"application\/ld+json\" class=\"yoast-schema-graph\">{\"@context\":\"https:\/\/schema.org\",\"@graph\":[{\"@type\":\"Organization\",\"@id\":\"https:\/\/uzem.omu.edu.tr\/#organization\",\"name\":\"UZEM\",\"url\":\"https:\/\/uzem.omu.edu.tr\/\",\"sameAs\":[\"https:\/\/www.facebook.com\/omu.uzem\",\"https:\/\/www.instagram.com\/omu.uzem\/\",\"https:\/\/www.youtube.com\/channel\/UCQ6c_wjaGQcIvBKTbPrOe2A\",\"https:\/\/twitter.com\/omuuzem\"],\"logo\":{\"@type\":\"ImageObject\",\"@id\":\"https:\/\/uzem.omu.edu.tr\/#logo\",\"inLanguage\":\"en-US\",\"url\":\"https:\/\/uzem.omu.edu.tr\/wp-content\/uploads\/ulogo-1.png\",\"contentUrl\":\"https:\/\/uzem.omu.edu.tr\/wp-content\/uploads\/ulogo-1.png\",\"width\":364,\"height\":39,\"caption\":\"UZEM\"},\"image\":{\"@id\":\"https:\/\/uzem.omu.edu.tr\/#logo\"}},{\"@type\":\"WebSite\",\"@id\":\"https:\/\/uzem.omu.edu.tr\/#website\",\"url\":\"https:\/\/uzem.omu.edu.tr\/\",\"name\":\"OM\\u00dc Uzaktan E\\u011fitim Merkezi\",\"description\":\"&quot;F\\u0131rsatlar Sunar&quot;\",\"publisher\":{\"@id\":\"https:\/\/uzem.omu.edu.tr\/#organization\"},\"potentialAction\":[{\"@type\":\"SearchAction\",\"target\":{\"@type\":\"EntryPoint\",\"urlTemplate\":\"https:\/\/uzem.omu.edu.tr\/?s={search_term_string}\"},\"query-input\":\"required name=search_term_string\"}],\"inLanguage\":\"en-US\"},{\"@type\":\"WebPage\",\"@id\":\"https:\/\/uzem.omu.edu.tr\/yonetim-kurulu\/#webpage\",\"url\":\"https:\/\/uzem.omu.edu.tr\/yonetim-kurulu\/\",\"name\":\"Board of Directors - OM\\u00dc Uzaktan E\\u011fitim Merkezi\",\"isPartOf\":{\"@id\":\"https:\/\/uzem.omu.edu.tr\/#website\"},\"datePublished\":\"2015-02-14T12:58:54+00:00\",\"dateModified\":\"2025-02-17T11:03:25+00:00\",\"breadcrumb\":{\"@id\":\"https:\/\/uzem.omu.edu.tr\/yonetim-kurulu\/#breadcrumb\"},\"inLanguage\":\"en-US\",\"potentialAction\":[{\"@type\":\"ReadAction\",\"target\":[\"https:\/\/uzem.omu.edu.tr\/yonetim-kurulu\/\"]}]},{\"@type\":\"BreadcrumbList\",\"@id\":\"https:\/\/uzem.omu.edu.tr\/yonetim-kurulu\/#breadcrumb\",\"itemListElement\":[{\"@type\":\"ListItem\",\"position\":1,\"name\":\"Home\",\"item\":\"https:\/\/uzem.omu.edu.tr\/\"},{\"@type\":\"ListItem\",\"position\":2,\"name\":\"Y\\u00f6netim Kurulu\"}]}]}<\/script>\n<!-- \/ Yoast SEO plugin. -->","yoast_head_json":{"robots":{"index":"index","follow":"follow","max-snippet":"max-snippet:-1","max-image-preview":"max-image-preview:large","max-video-preview":"max-video-preview:-1"},"canonical":"https:\/\/uzem.omu.edu.tr\/yonetim-kurulu\/","og_locale":"en_US","og_type":"article","og_title":"Board of Directors - OM\u00dc Uzaktan E\u011fitim Merkezi","og_url":"https:\/\/uzem.omu.edu.tr\/yonetim-kurulu\/","og_site_name":"OM\u00dc Uzaktan E\u011fitim Merkezi","article_publisher":"https:\/\/www.facebook.com\/omu.uzem","article_modified_time":"2025-02-17T11:03:25+00:00","twitter_card":"summary_large_image","twitter_site":"@omuuzem","twitter_misc":{"Est. reading time":"4 minutes"},"schema":{"@context":"https:\/\/schema.org","@graph":[{"@type":"Organization","@id":"https:\/\/uzem.omu.edu.tr\/#organization","name":"UZEM","url":"https:\/\/uzem.omu.edu.tr\/","sameAs":["https:\/\/www.facebook.com\/omu.uzem","https:\/\/www.instagram.com\/omu.uzem\/","https:\/\/www.youtube.com\/channel\/UCQ6c_wjaGQcIvBKTbPrOe2A","https:\/\/twitter.com\/omuuzem"],"logo":{"@type":"ImageObject","@id":"https:\/\/uzem.omu.edu.tr\/#logo","inLanguage":"en-US","url":"https:\/\/uzem.omu.edu.tr\/wp-content\/uploads\/ulogo-1.png","contentUrl":"https:\/\/uzem.omu.edu.tr\/wp-content\/uploads\/ulogo-1.png","width":364,"height":39,"caption":"UZEM"},"image":{"@id":"https:\/\/uzem.omu.edu.tr\/#logo"}},{"@type":"WebSite","@id":"https:\/\/uzem.omu.edu.tr\/#website","url":"https:\/\/uzem.omu.edu.tr\/","name":"OM\u00dc Uzaktan E\u011fitim Merkezi","description":"&quot;F\u0131rsatlar Sunar&quot;","publisher":{"@id":"https:\/\/uzem.omu.edu.tr\/#organization"},"potentialAction":[{"@type":"SearchAction","target":{"@type":"EntryPoint","urlTemplate":"https:\/\/uzem.omu.edu.tr\/?s={search_term_string}"},"query-input":"required name=search_term_string"}],"inLanguage":"en-US"},{"@type":"WebPage","@id":"https:\/\/uzem.omu.edu.tr\/yonetim-kurulu\/#webpage","url":"https:\/\/uzem.omu.edu.tr\/yonetim-kurulu\/","name":"Board of Directors - OM\u00dc Uzaktan E\u011fitim Merkezi","isPartOf":{"@id":"https:\/\/uzem.omu.edu.tr\/#website"},"datePublished":"2015-02-14T12:58:54+00:00","dateModified":"2025-02-17T11:03:25+00:00","breadcrumb":{"@id":"https:\/\/uzem.omu.edu.tr\/yonetim-kurulu\/#breadcrumb"},"inLanguage":"en-US","potentialAction":[{"@type":"ReadAction","target":["https:\/\/uzem.omu.edu.tr\/yonetim-kurulu\/"]}]},{"@type":"BreadcrumbList","@id":"https:\/\/uzem.omu.edu.tr\/yonetim-kurulu\/#breadcrumb","itemListElement":[{"@type":"ListItem","position":1,"name":"Home","item":"https:\/\/uzem.omu.edu.tr\/"},{"@type":"ListItem","position":2,"name":"Y\u00f6netim Kurulu"}]}]}},"_links":{"self":[{"href":"https:\/\/uzem.omu.edu.tr\/en\/wp-json\/wp\/v2\/pages\/26"}],"collection":[{"href":"https:\/\/uzem.omu.edu.tr\/en\/wp-json\/wp\/v2\/pages"}],"about":[{"href":"https:\/\/uzem.omu.edu.tr\/en\/wp-json\/wp\/v2\/types\/page"}],"author":[{"embeddable":true,"href":"https:\/\/uzem.omu.edu.tr\/en\/wp-json\/wp\/v2\/users\/1"}],"replies":[{"embeddable":true,"href":"https:\/\/uzem.omu.edu.tr\/en\/wp-json\/wp\/v2\/comments?post=26"}],"version-history":[{"count":36,"href":"https:\/\/uzem.omu.edu.tr\/en\/wp-json\/wp\/v2\/pages\/26\/revisions"}],"predecessor-version":[{"id":26690,"href":"https:\/\/uzem.omu.edu.tr\/en\/wp-json\/wp\/v2\/pages\/26\/revisions\/26690"}],"wp:attachment":[{"href":"https:\/\/uzem.omu.edu.tr\/en\/wp-json\/wp\/v2\/media?parent=26"}],"curies":[{"name":"wp","href":"https:\/\/api.w.org\/{rel}","templated":true}]}}