{"id":25540,"date":"2023-12-11T15:05:18","date_gmt":"2023-12-11T12:05:18","guid":{"rendered":"https:\/\/uzem.omu.edu.tr\/?page_id=25540"},"modified":"2025-05-22T11:22:13","modified_gmt":"2025-05-22T08:22:13","slug":"birim-kalite-komisyonu","status":"publish","type":"page","link":"https:\/\/uzem.omu.edu.tr\/en\/birim-kalite-komisyonu\/","title":{"rendered":"Unit Quality Commission"},"content":{"rendered":"<p>[vc_row][vc_column css=&#8221;.vc_custom_1702297277183{margin-left: 0px !important;padding-left: 0px !important;}&#8221;][vc_single_image image=&#8221;22246&#8243; img_size=&#8221;1185*400&#8243; alignment=&#8221;center&#8221; style=&#8221;vc_box_rounded&#8221; css_animation=&#8221;bounceInDown&#8221;][\/vc_column][\/vc_row][vc_row css=&#8221;.vc_custom_1702296732692{margin-left: 0px !important;padding-left: 0px !important;}&#8221;][vc_column width=&#8221;1\/3&#8243; css=&#8221;.vc_custom_1702297177972{margin-left: 0px !important;padding-left: 0px !important;}&#8221;][vc_column_text el_class=&#8221;menu-basligi&#8221;]Process Management[\/vc_column_text][vc_column_text]<strong>Dr. \u00d6\u011fr. \u00dcyesi Hasan ATSIZ<\/strong>[\/vc_column_text][\/vc_column][vc_column width=&#8221;1\/3&#8243;][vc_column_text el_class=&#8221;menu-basligi&#8221;]Quality Officer[\/vc_column_text][vc_column_text]<strong>Do\u00e7. Dr. Polat \u015eENDURUR<br \/>\nSahire DO\u011eRU<\/strong>[\/vc_column_text][\/vc_column][vc_column width=&#8221;1\/3&#8243;][vc_column_text el_class=&#8221;menu-basligi&#8221;]Stakeholder Contact Officer[\/vc_column_text][vc_column_text]<strong>Abdullah \u00d6ZY\u00dcREK<br \/>\n<\/strong>[\/vc_column_text][\/vc_column][\/vc_row]<\/p>\n","protected":false},"excerpt":{"rendered":"<p>[vc_row][vc_column css=&#8221;.vc_custom_1702297277183{margin-left: 0px !important;padding-left: 0px !important;}&#8221;][vc_single_image image=&#8221;22246&#8243; img_size=&#8221;1185*400&#8243; alignment=&#8221;center&#8221; style=&#8221;vc_box_rounded&#8221; css_animation=&#8221;bounceInDown&#8221;][\/vc_column][\/vc_row][vc_row css=&#8221;.vc_custom_1702296732692{margin-left: 0px !important;padding-left: 0px !important;}&#8221;][vc_column width=&#8221;1\/3&#8243; css=&#8221;.vc_custom_1702297177972{margin-left: 0px !important;padding-left: 0px !important;}&#8221;][vc_column_text el_class=&#8221;menu-basligi&#8221;]Process Management[\/vc_column_text][vc_column_text]Dr. \u00d6\u011fr. \u00dcyesi Hasan ATSIZ[\/vc_column_text][\/vc_column][vc_column width=&#8221;1\/3&#8243;][vc_column_text el_class=&#8221;menu-basligi&#8221;]Quality Officer[\/vc_column_text][vc_column_text]Do\u00e7. Dr. Polat \u015eENDURUR Sahire DO\u011eRU[\/vc_column_text][\/vc_column][vc_column width=&#8221;1\/3&#8243;][vc_column_text el_class=&#8221;menu-basligi&#8221;]Stakeholder Contact Officer[\/vc_column_text][vc_column_text]Abdullah \u00d6ZY\u00dcREK [\/vc_column_text][\/vc_column][\/vc_row]<\/p>\n","protected":false},"author":11,"featured_media":0,"parent":0,"menu_order":0,"comment_status":"closed","ping_status":"closed","template":"","meta":[],"translation":{"provider":"WPGlobus","version":"2.12.2","language":"en","enabled_languages":["tr","en"],"languages":{"tr":{"title":true,"content":true,"excerpt":false},"en":{"title":true,"content":true,"excerpt":false}}},"yoast_head":"<!-- This site is optimized with the Yoast SEO plugin v17.4 - https:\/\/yoast.com\/wordpress\/plugins\/seo\/ -->\n<meta name=\"robots\" content=\"index, follow, max-snippet:-1, max-image-preview:large, max-video-preview:-1\" \/>\n<link rel=\"canonical\" href=\"https:\/\/uzem.omu.edu.tr\/birim-kalite-komisyonu\/\" \/>\n<meta property=\"og:locale\" content=\"en_US\" \/>\n<meta property=\"og:type\" content=\"article\" \/>\n<meta property=\"og:title\" content=\"Unit Quality Commission - OM\u00dc Uzaktan E\u011fitim Merkezi\" \/>\n<meta property=\"og:url\" content=\"https:\/\/uzem.omu.edu.tr\/birim-kalite-komisyonu\/\" \/>\n<meta property=\"og:site_name\" content=\"OM\u00dc Uzaktan E\u011fitim Merkezi\" \/>\n<meta property=\"article:publisher\" content=\"https:\/\/www.facebook.com\/omu.uzem\" \/>\n<meta property=\"article:modified_time\" content=\"2025-05-22T08:22:13+00:00\" \/>\n<meta name=\"twitter:card\" content=\"summary_large_image\" \/>\n<meta name=\"twitter:site\" content=\"@omuuzem\" \/>\n<meta name=\"twitter:label1\" content=\"Est. reading time\" \/>\n\t<meta name=\"twitter:data1\" content=\"1 minute\" \/>\n<script type=\"application\/ld+json\" class=\"yoast-schema-graph\">{\"@context\":\"https:\/\/schema.org\",\"@graph\":[{\"@type\":\"Organization\",\"@id\":\"https:\/\/uzem.omu.edu.tr\/#organization\",\"name\":\"UZEM\",\"url\":\"https:\/\/uzem.omu.edu.tr\/\",\"sameAs\":[\"https:\/\/www.facebook.com\/omu.uzem\",\"https:\/\/www.instagram.com\/omu.uzem\/\",\"https:\/\/www.youtube.com\/channel\/UCQ6c_wjaGQcIvBKTbPrOe2A\",\"https:\/\/twitter.com\/omuuzem\"],\"logo\":{\"@type\":\"ImageObject\",\"@id\":\"https:\/\/uzem.omu.edu.tr\/#logo\",\"inLanguage\":\"en-US\",\"url\":\"https:\/\/uzem.omu.edu.tr\/wp-content\/uploads\/ulogo-1.png\",\"contentUrl\":\"https:\/\/uzem.omu.edu.tr\/wp-content\/uploads\/ulogo-1.png\",\"width\":364,\"height\":39,\"caption\":\"UZEM\"},\"image\":{\"@id\":\"https:\/\/uzem.omu.edu.tr\/#logo\"}},{\"@type\":\"WebSite\",\"@id\":\"https:\/\/uzem.omu.edu.tr\/#website\",\"url\":\"https:\/\/uzem.omu.edu.tr\/\",\"name\":\"OM\\u00dc Uzaktan E\\u011fitim Merkezi\",\"description\":\"&quot;F\\u0131rsatlar Sunar&quot;\",\"publisher\":{\"@id\":\"https:\/\/uzem.omu.edu.tr\/#organization\"},\"potentialAction\":[{\"@type\":\"SearchAction\",\"target\":{\"@type\":\"EntryPoint\",\"urlTemplate\":\"https:\/\/uzem.omu.edu.tr\/?s={search_term_string}\"},\"query-input\":\"required name=search_term_string\"}],\"inLanguage\":\"en-US\"},{\"@type\":\"WebPage\",\"@id\":\"https:\/\/uzem.omu.edu.tr\/birim-kalite-komisyonu\/#webpage\",\"url\":\"https:\/\/uzem.omu.edu.tr\/birim-kalite-komisyonu\/\",\"name\":\"Unit Quality Commission - OM\\u00dc Uzaktan E\\u011fitim Merkezi\",\"isPartOf\":{\"@id\":\"https:\/\/uzem.omu.edu.tr\/#website\"},\"datePublished\":\"2023-12-11T12:05:18+00:00\",\"dateModified\":\"2025-05-22T08:22:13+00:00\",\"breadcrumb\":{\"@id\":\"https:\/\/uzem.omu.edu.tr\/birim-kalite-komisyonu\/#breadcrumb\"},\"inLanguage\":\"en-US\",\"potentialAction\":[{\"@type\":\"ReadAction\",\"target\":[\"https:\/\/uzem.omu.edu.tr\/birim-kalite-komisyonu\/\"]}]},{\"@type\":\"BreadcrumbList\",\"@id\":\"https:\/\/uzem.omu.edu.tr\/birim-kalite-komisyonu\/#breadcrumb\",\"itemListElement\":[{\"@type\":\"ListItem\",\"position\":1,\"name\":\"Home\",\"item\":\"https:\/\/uzem.omu.edu.tr\/\"},{\"@type\":\"ListItem\",\"position\":2,\"name\":\"Birim Kalite Komisyonu\"}]}]}<\/script>\n<!-- \/ Yoast SEO plugin. -->","yoast_head_json":{"robots":{"index":"index","follow":"follow","max-snippet":"max-snippet:-1","max-image-preview":"max-image-preview:large","max-video-preview":"max-video-preview:-1"},"canonical":"https:\/\/uzem.omu.edu.tr\/birim-kalite-komisyonu\/","og_locale":"en_US","og_type":"article","og_title":"Unit Quality Commission - OM\u00dc Uzaktan E\u011fitim Merkezi","og_url":"https:\/\/uzem.omu.edu.tr\/birim-kalite-komisyonu\/","og_site_name":"OM\u00dc Uzaktan E\u011fitim Merkezi","article_publisher":"https:\/\/www.facebook.com\/omu.uzem","article_modified_time":"2025-05-22T08:22:13+00:00","twitter_card":"summary_large_image","twitter_site":"@omuuzem","twitter_misc":{"Est. reading time":"1 minute"},"schema":{"@context":"https:\/\/schema.org","@graph":[{"@type":"Organization","@id":"https:\/\/uzem.omu.edu.tr\/#organization","name":"UZEM","url":"https:\/\/uzem.omu.edu.tr\/","sameAs":["https:\/\/www.facebook.com\/omu.uzem","https:\/\/www.instagram.com\/omu.uzem\/","https:\/\/www.youtube.com\/channel\/UCQ6c_wjaGQcIvBKTbPrOe2A","https:\/\/twitter.com\/omuuzem"],"logo":{"@type":"ImageObject","@id":"https:\/\/uzem.omu.edu.tr\/#logo","inLanguage":"en-US","url":"https:\/\/uzem.omu.edu.tr\/wp-content\/uploads\/ulogo-1.png","contentUrl":"https:\/\/uzem.omu.edu.tr\/wp-content\/uploads\/ulogo-1.png","width":364,"height":39,"caption":"UZEM"},"image":{"@id":"https:\/\/uzem.omu.edu.tr\/#logo"}},{"@type":"WebSite","@id":"https:\/\/uzem.omu.edu.tr\/#website","url":"https:\/\/uzem.omu.edu.tr\/","name":"OM\u00dc Uzaktan E\u011fitim Merkezi","description":"&quot;F\u0131rsatlar Sunar&quot;","publisher":{"@id":"https:\/\/uzem.omu.edu.tr\/#organization"},"potentialAction":[{"@type":"SearchAction","target":{"@type":"EntryPoint","urlTemplate":"https:\/\/uzem.omu.edu.tr\/?s={search_term_string}"},"query-input":"required name=search_term_string"}],"inLanguage":"en-US"},{"@type":"WebPage","@id":"https:\/\/uzem.omu.edu.tr\/birim-kalite-komisyonu\/#webpage","url":"https:\/\/uzem.omu.edu.tr\/birim-kalite-komisyonu\/","name":"Unit Quality Commission - OM\u00dc Uzaktan E\u011fitim Merkezi","isPartOf":{"@id":"https:\/\/uzem.omu.edu.tr\/#website"},"datePublished":"2023-12-11T12:05:18+00:00","dateModified":"2025-05-22T08:22:13+00:00","breadcrumb":{"@id":"https:\/\/uzem.omu.edu.tr\/birim-kalite-komisyonu\/#breadcrumb"},"inLanguage":"en-US","potentialAction":[{"@type":"ReadAction","target":["https:\/\/uzem.omu.edu.tr\/birim-kalite-komisyonu\/"]}]},{"@type":"BreadcrumbList","@id":"https:\/\/uzem.omu.edu.tr\/birim-kalite-komisyonu\/#breadcrumb","itemListElement":[{"@type":"ListItem","position":1,"name":"Home","item":"https:\/\/uzem.omu.edu.tr\/"},{"@type":"ListItem","position":2,"name":"Birim Kalite Komisyonu"}]}]}},"_links":{"self":[{"href":"https:\/\/uzem.omu.edu.tr\/en\/wp-json\/wp\/v2\/pages\/25540"}],"collection":[{"href":"https:\/\/uzem.omu.edu.tr\/en\/wp-json\/wp\/v2\/pages"}],"about":[{"href":"https:\/\/uzem.omu.edu.tr\/en\/wp-json\/wp\/v2\/types\/page"}],"author":[{"embeddable":true,"href":"https:\/\/uzem.omu.edu.tr\/en\/wp-json\/wp\/v2\/users\/11"}],"replies":[{"embeddable":true,"href":"https:\/\/uzem.omu.edu.tr\/en\/wp-json\/wp\/v2\/comments?post=25540"}],"version-history":[{"count":11,"href":"https:\/\/uzem.omu.edu.tr\/en\/wp-json\/wp\/v2\/pages\/25540\/revisions"}],"predecessor-version":[{"id":26880,"href":"https:\/\/uzem.omu.edu.tr\/en\/wp-json\/wp\/v2\/pages\/25540\/revisions\/26880"}],"wp:attachment":[{"href":"https:\/\/uzem.omu.edu.tr\/en\/wp-json\/wp\/v2\/media?parent=25540"}],"curies":[{"name":"wp","href":"https:\/\/api.w.org\/{rel}","templated":true}]}}