{"id":25513,"date":"2023-11-28T19:15:29","date_gmt":"2023-11-28T16:15:29","guid":{"rendered":"https:\/\/uzem.omu.edu.tr\/?page_id=25513"},"modified":"2024-03-05T08:54:25","modified_gmt":"2024-03-05T05:54:25","slug":"paydas-iletisim-gorevlisi","status":"publish","type":"page","link":"https:\/\/uzem.omu.edu.tr\/en\/paydas-iletisim-gorevlisi\/","title":{"rendered":"Stakeholder Communication"},"content":{"rendered":"<p>[vc_row css=&#8221;.vc_custom_1701186920985{margin-left: 0px !important;padding-left: 0px !important;}&#8221;][vc_column width=&#8221;2\/3&#8243; css=&#8221;.vc_custom_1701186926106{margin-left: 0px !important;padding-left: 0px !important;}&#8221;][vc_column_text el_class=&#8221;menu-basligi&#8221;]<strong>Stakeholder Communication Officer<\/strong>[\/vc_column_text][vc_column_text]<i class=\"fa fa-bookmark \" ><\/i> To act in accordance with the Code of Ethics, to fulfill their duties.<br \/>\n<i class=\"fa fa-bookmark \" ><\/i> To follow the legislation, to inform the senior management of the unit about the changes and to fulfill the relevant work and transactions.<br \/>\n<i class=\"fa fa-bookmark \" ><\/i> To ensure that all activities related to his\/her duty are carried out in accordance with the definitions and regulations of quality development and internal control system.<br \/>\n<i class=\"fa fa-bookmark \" ><\/i> To fulfill the works and actions to be performed within the understanding of transparency, accountability and participation and in a way to use public resources efficiently.<br \/>\n<i class=\"fa fa-bookmark \" ><\/i> To comply with the measures related to occupational health and safety.<br \/>\n<i class=\"fa fa-bookmark \" ><\/i> To make accurate and timely information entries to the automation systems used in their duties.<br \/>\n<i class=\"fa fa-bookmark \" ><\/i> To be aware of quality policies and procedures and contribute to updating them when necessary.<br \/>\n<i class=\"fa fa-bookmark \" ><\/i> PP.5.3.PRS.0001 To communicate with stakeholders in a courteous manner in accordance with OMU STAKEHOLDER FEEDBACK MANAGEMENT PROCEDURE, to forward the stakeholder feedback received from feedback sources to the unit stakeholder communication officer.<br \/>\n<i class=\"fa fa-bookmark \" ><\/i> To participate in the internal and external audit\/evaluation processes of the institution.[\/vc_column_text][vc_column_text]<\/p>\n<div class=\"personel-container\">\n<div class=\"personel-foto\"><img src=\"https:\/\/uzem.omu.edu.tr\/wp-content\/uploads\/abdullah-uzem.jpg\" alt=\"emrah-altun\" \/><\/div>\n<div class=\"personel-bilgileri\">\n<div class=\"personel-ad-soyad-blogu\">\n<div class=\"personel-ad-soyad-blogu-baslik\">Name Surname:<\/div>\n<div class=\"personel-ad-soyad-blogu-isim\">Abdullah \u00d6ZY\u00dcREK<\/div>\n<\/div>\n<div class=\"personel-dahili-blogu\">\n<div class=\"personel-dahili-blogu-baslik\">Extension No:<\/div>\n<div class=\"personel-dahili-blogu-dahili\">1936<\/div>\n<\/div>\n<div class=\"personel-eposta-blogu\">\n<div class=\"personel-eposta-blogu-baslik\">Email:<\/div>\n<div class=\"personel-eposta-blogu-eposta\">abdullah.ozyurek@uzem.omu.edu.tr<\/div>\n<\/div>\n<div class=\"personel-gorev-blogu\">\n<div class=\"personel-gorev-blogu-baslik\">Unit Coordinator<\/div>\n<\/div>\n<\/div>\n<\/div>\n<p>[\/vc_column_text][\/vc_column][vc_column width=&#8221;1\/3&#8243;][vc_widget_sidebar sidebar_id=&#8221;generated_sidebar-kadromuz&#8221;][\/vc_column][\/vc_row]<\/p>\n","protected":false},"excerpt":{"rendered":"<p>[vc_row css=&#8221;.vc_custom_1701186920985{margin-left: 0px !important;padding-left: 0px !important;}&#8221;][vc_column width=&#8221;2\/3&#8243; css=&#8221;.vc_custom_1701186926106{margin-left: 0px !important;padding-left: 0px !important;}&#8221;][vc_column_text el_class=&#8221;menu-basligi&#8221;]Stakeholder Communication Officer[\/vc_column_text][vc_column_text] To act in accordance with the Code of Ethics, to fulfill their duties. To follow the legislation, to inform the senior management of the unit about the changes and to fulfill the relevant work and transactions. To ensure that all activities related to his\/her duty are carried out in accordance with the definitions and regulations of quality development and internal control system. To fulfill the works and actions to be performed within the understanding of transparency, accountability and participation and in a way to use public resources efficiently. To comply with the measures related to occupational health and safety. To make accurate and timely information entries to the automation systems used in their duties. To be aware of quality policies and procedures and contribute to updating them when necessary. PP.5.3.PRS.0001 To communicate with stakeholders in a courteous manner in accordance with OMU STAKEHOLDER FEEDBACK MANAGEMENT PROCEDURE, to forward the stakeholder feedback received from feedback sources to the unit stakeholder communication officer. To participate in the internal and external audit\/evaluation processes of the institution.[\/vc_column_text][vc_column_text] Name Surname: Abdullah \u00d6ZY\u00dcREK Extension No: 1936 Email: abdullah.ozyurek@uzem.omu.edu.tr Unit Coordinator [\/vc_column_text][\/vc_column][vc_column width=&#8221;1\/3&#8243;][vc_widget_sidebar sidebar_id=&#8221;generated_sidebar-kadromuz&#8221;][\/vc_column][\/vc_row]<\/p>\n","protected":false},"author":11,"featured_media":0,"parent":0,"menu_order":0,"comment_status":"closed","ping_status":"closed","template":"","meta":[],"translation":{"provider":"WPGlobus","version":"2.12.2","language":"en","enabled_languages":["tr","en"],"languages":{"tr":{"title":true,"content":true,"excerpt":false},"en":{"title":true,"content":true,"excerpt":false}}},"yoast_head":"<!-- This site is optimized with the Yoast SEO plugin v17.4 - https:\/\/yoast.com\/wordpress\/plugins\/seo\/ -->\n<meta name=\"robots\" content=\"index, follow, max-snippet:-1, max-image-preview:large, max-video-preview:-1\" \/>\n<link rel=\"canonical\" href=\"https:\/\/uzem.omu.edu.tr\/paydas-iletisim-gorevlisi\/\" \/>\n<meta property=\"og:locale\" content=\"en_US\" \/>\n<meta property=\"og:type\" content=\"article\" \/>\n<meta property=\"og:title\" content=\"Stakeholder Communication - OM\u00dc Uzaktan E\u011fitim Merkezi\" \/>\n<meta property=\"og:url\" content=\"https:\/\/uzem.omu.edu.tr\/paydas-iletisim-gorevlisi\/\" \/>\n<meta property=\"og:site_name\" content=\"OM\u00dc Uzaktan E\u011fitim Merkezi\" \/>\n<meta property=\"article:publisher\" content=\"https:\/\/www.facebook.com\/omu.uzem\" \/>\n<meta property=\"article:modified_time\" content=\"2024-03-05T05:54:25+00:00\" \/>\n<meta property=\"og:image\" content=\"https:\/\/uzem.omu.edu.tr\/wp-content\/uploads\/abdullah-uzem.jpg\" \/>\n<meta name=\"twitter:card\" content=\"summary_large_image\" \/>\n<meta name=\"twitter:site\" content=\"@omuuzem\" \/>\n<meta name=\"twitter:label1\" content=\"Est. reading time\" \/>\n\t<meta name=\"twitter:data1\" content=\"2 minutes\" \/>\n<script type=\"application\/ld+json\" class=\"yoast-schema-graph\">{\"@context\":\"https:\/\/schema.org\",\"@graph\":[{\"@type\":\"Organization\",\"@id\":\"https:\/\/uzem.omu.edu.tr\/#organization\",\"name\":\"UZEM\",\"url\":\"https:\/\/uzem.omu.edu.tr\/\",\"sameAs\":[\"https:\/\/www.facebook.com\/omu.uzem\",\"https:\/\/www.instagram.com\/omu.uzem\/\",\"https:\/\/www.youtube.com\/channel\/UCQ6c_wjaGQcIvBKTbPrOe2A\",\"https:\/\/twitter.com\/omuuzem\"],\"logo\":{\"@type\":\"ImageObject\",\"@id\":\"https:\/\/uzem.omu.edu.tr\/#logo\",\"inLanguage\":\"en-US\",\"url\":\"https:\/\/uzem.omu.edu.tr\/wp-content\/uploads\/ulogo-1.png\",\"contentUrl\":\"https:\/\/uzem.omu.edu.tr\/wp-content\/uploads\/ulogo-1.png\",\"width\":364,\"height\":39,\"caption\":\"UZEM\"},\"image\":{\"@id\":\"https:\/\/uzem.omu.edu.tr\/#logo\"}},{\"@type\":\"WebSite\",\"@id\":\"https:\/\/uzem.omu.edu.tr\/#website\",\"url\":\"https:\/\/uzem.omu.edu.tr\/\",\"name\":\"OM\\u00dc Uzaktan E\\u011fitim Merkezi\",\"description\":\"&quot;F\\u0131rsatlar Sunar&quot;\",\"publisher\":{\"@id\":\"https:\/\/uzem.omu.edu.tr\/#organization\"},\"potentialAction\":[{\"@type\":\"SearchAction\",\"target\":{\"@type\":\"EntryPoint\",\"urlTemplate\":\"https:\/\/uzem.omu.edu.tr\/?s={search_term_string}\"},\"query-input\":\"required name=search_term_string\"}],\"inLanguage\":\"en-US\"},{\"@type\":\"ImageObject\",\"@id\":\"https:\/\/uzem.omu.edu.tr\/paydas-iletisim-gorevlisi\/#primaryimage\",\"inLanguage\":\"en-US\",\"url\":\"https:\/\/uzem.omu.edu.tr\/wp-content\/uploads\/abdullah-uzem.jpg\",\"contentUrl\":\"https:\/\/uzem.omu.edu.tr\/wp-content\/uploads\/abdullah-uzem.jpg\",\"width\":200,\"height\":200},{\"@type\":\"WebPage\",\"@id\":\"https:\/\/uzem.omu.edu.tr\/paydas-iletisim-gorevlisi\/#webpage\",\"url\":\"https:\/\/uzem.omu.edu.tr\/paydas-iletisim-gorevlisi\/\",\"name\":\"Stakeholder Communication - OM\\u00dc Uzaktan E\\u011fitim Merkezi\",\"isPartOf\":{\"@id\":\"https:\/\/uzem.omu.edu.tr\/#website\"},\"primaryImageOfPage\":{\"@id\":\"https:\/\/uzem.omu.edu.tr\/paydas-iletisim-gorevlisi\/#primaryimage\"},\"datePublished\":\"2023-11-28T16:15:29+00:00\",\"dateModified\":\"2024-03-05T05:54:25+00:00\",\"breadcrumb\":{\"@id\":\"https:\/\/uzem.omu.edu.tr\/paydas-iletisim-gorevlisi\/#breadcrumb\"},\"inLanguage\":\"en-US\",\"potentialAction\":[{\"@type\":\"ReadAction\",\"target\":[\"https:\/\/uzem.omu.edu.tr\/paydas-iletisim-gorevlisi\/\"]}]},{\"@type\":\"BreadcrumbList\",\"@id\":\"https:\/\/uzem.omu.edu.tr\/paydas-iletisim-gorevlisi\/#breadcrumb\",\"itemListElement\":[{\"@type\":\"ListItem\",\"position\":1,\"name\":\"Home\",\"item\":\"https:\/\/uzem.omu.edu.tr\/\"},{\"@type\":\"ListItem\",\"position\":2,\"name\":\"Payda\\u015f \\u0130leti\\u015fim G\\u00f6revlisi\"}]}]}<\/script>\n<!-- \/ Yoast SEO plugin. -->","yoast_head_json":{"robots":{"index":"index","follow":"follow","max-snippet":"max-snippet:-1","max-image-preview":"max-image-preview:large","max-video-preview":"max-video-preview:-1"},"canonical":"https:\/\/uzem.omu.edu.tr\/paydas-iletisim-gorevlisi\/","og_locale":"en_US","og_type":"article","og_title":"Stakeholder Communication - OM\u00dc Uzaktan E\u011fitim Merkezi","og_url":"https:\/\/uzem.omu.edu.tr\/paydas-iletisim-gorevlisi\/","og_site_name":"OM\u00dc Uzaktan E\u011fitim Merkezi","article_publisher":"https:\/\/www.facebook.com\/omu.uzem","article_modified_time":"2024-03-05T05:54:25+00:00","og_image":[{"url":"https:\/\/uzem.omu.edu.tr\/wp-content\/uploads\/abdullah-uzem.jpg"}],"twitter_card":"summary_large_image","twitter_site":"@omuuzem","twitter_misc":{"Est. reading time":"2 minutes"},"schema":{"@context":"https:\/\/schema.org","@graph":[{"@type":"Organization","@id":"https:\/\/uzem.omu.edu.tr\/#organization","name":"UZEM","url":"https:\/\/uzem.omu.edu.tr\/","sameAs":["https:\/\/www.facebook.com\/omu.uzem","https:\/\/www.instagram.com\/omu.uzem\/","https:\/\/www.youtube.com\/channel\/UCQ6c_wjaGQcIvBKTbPrOe2A","https:\/\/twitter.com\/omuuzem"],"logo":{"@type":"ImageObject","@id":"https:\/\/uzem.omu.edu.tr\/#logo","inLanguage":"en-US","url":"https:\/\/uzem.omu.edu.tr\/wp-content\/uploads\/ulogo-1.png","contentUrl":"https:\/\/uzem.omu.edu.tr\/wp-content\/uploads\/ulogo-1.png","width":364,"height":39,"caption":"UZEM"},"image":{"@id":"https:\/\/uzem.omu.edu.tr\/#logo"}},{"@type":"WebSite","@id":"https:\/\/uzem.omu.edu.tr\/#website","url":"https:\/\/uzem.omu.edu.tr\/","name":"OM\u00dc Uzaktan E\u011fitim Merkezi","description":"&quot;F\u0131rsatlar Sunar&quot;","publisher":{"@id":"https:\/\/uzem.omu.edu.tr\/#organization"},"potentialAction":[{"@type":"SearchAction","target":{"@type":"EntryPoint","urlTemplate":"https:\/\/uzem.omu.edu.tr\/?s={search_term_string}"},"query-input":"required name=search_term_string"}],"inLanguage":"en-US"},{"@type":"ImageObject","@id":"https:\/\/uzem.omu.edu.tr\/paydas-iletisim-gorevlisi\/#primaryimage","inLanguage":"en-US","url":"https:\/\/uzem.omu.edu.tr\/wp-content\/uploads\/abdullah-uzem.jpg","contentUrl":"https:\/\/uzem.omu.edu.tr\/wp-content\/uploads\/abdullah-uzem.jpg","width":200,"height":200},{"@type":"WebPage","@id":"https:\/\/uzem.omu.edu.tr\/paydas-iletisim-gorevlisi\/#webpage","url":"https:\/\/uzem.omu.edu.tr\/paydas-iletisim-gorevlisi\/","name":"Stakeholder Communication - OM\u00dc Uzaktan E\u011fitim Merkezi","isPartOf":{"@id":"https:\/\/uzem.omu.edu.tr\/#website"},"primaryImageOfPage":{"@id":"https:\/\/uzem.omu.edu.tr\/paydas-iletisim-gorevlisi\/#primaryimage"},"datePublished":"2023-11-28T16:15:29+00:00","dateModified":"2024-03-05T05:54:25+00:00","breadcrumb":{"@id":"https:\/\/uzem.omu.edu.tr\/paydas-iletisim-gorevlisi\/#breadcrumb"},"inLanguage":"en-US","potentialAction":[{"@type":"ReadAction","target":["https:\/\/uzem.omu.edu.tr\/paydas-iletisim-gorevlisi\/"]}]},{"@type":"BreadcrumbList","@id":"https:\/\/uzem.omu.edu.tr\/paydas-iletisim-gorevlisi\/#breadcrumb","itemListElement":[{"@type":"ListItem","position":1,"name":"Home","item":"https:\/\/uzem.omu.edu.tr\/"},{"@type":"ListItem","position":2,"name":"Payda\u015f \u0130leti\u015fim G\u00f6revlisi"}]}]}},"_links":{"self":[{"href":"https:\/\/uzem.omu.edu.tr\/en\/wp-json\/wp\/v2\/pages\/25513"}],"collection":[{"href":"https:\/\/uzem.omu.edu.tr\/en\/wp-json\/wp\/v2\/pages"}],"about":[{"href":"https:\/\/uzem.omu.edu.tr\/en\/wp-json\/wp\/v2\/types\/page"}],"author":[{"embeddable":true,"href":"https:\/\/uzem.omu.edu.tr\/en\/wp-json\/wp\/v2\/users\/11"}],"replies":[{"embeddable":true,"href":"https:\/\/uzem.omu.edu.tr\/en\/wp-json\/wp\/v2\/comments?post=25513"}],"version-history":[{"count":4,"href":"https:\/\/uzem.omu.edu.tr\/en\/wp-json\/wp\/v2\/pages\/25513\/revisions"}],"predecessor-version":[{"id":26027,"href":"https:\/\/uzem.omu.edu.tr\/en\/wp-json\/wp\/v2\/pages\/25513\/revisions\/26027"}],"wp:attachment":[{"href":"https:\/\/uzem.omu.edu.tr\/en\/wp-json\/wp\/v2\/media?parent=25513"}],"curies":[{"name":"wp","href":"https:\/\/api.w.org\/{rel}","templated":true}]}}