{"id":24404,"date":"2023-01-23T11:22:36","date_gmt":"2023-01-23T08:22:36","guid":{"rendered":"https:\/\/uzem.omu.edu.tr\/?page_id=24404"},"modified":"2023-08-29T13:23:28","modified_gmt":"2023-08-29T10:23:28","slug":"fizik-ders-icerikleri","status":"publish","type":"page","link":"https:\/\/uzem.omu.edu.tr\/en\/fizik-ders-icerikleri\/","title":{"rendered":"Fizik | Ders \u0130\u00e7erikleri"},"content":{"rendered":"<p>[vc_row css=&#8221;.vc_custom_1427462343642{margin-top: -5px !important;margin-left: 0px !important;padding-left: 0px !important;}&#8221;][vc_column width=&#8221;3\/4&#8243; css=&#8221;.vc_custom_1449844260141{margin-top: 5px !important;margin-right: 0px !important;padding-right: 0px !important;padding-left: 0px !important;}&#8221;][vc_row_inner][vc_column_inner css=&#8221;.vc_custom_1449844273436{margin-bottom: 5px !important;padding-right: 0px !important;padding-left: 0px !important;}&#8221;][vc_widget_sidebar sidebar_id=&#8221;generated_sidebar-fizik-header&#8221;][\/vc_column_inner][\/vc_row_inner][vc_column_text el_class=&#8221;menu-basligi&#8221;]<strong>DERS \u0130\u00c7ER\u0130KLER\u0130<\/strong>[\/vc_column_text][vc_column_text el_class=&#8221;menu-basligi&#8221;]<strong>I. YARIYIL DERSLER\u0130<\/strong>[\/vc_column_text][vc_empty_space height=&#8221;10px&#8221;][vc_column_text el_class=&#8221;ders-tablosu&#8221; css=&#8221;.vc_custom_1693304604517{margin-top: -15px !important;padding-top: -15px !important;}&#8221;]<\/p>\n<table width=\"468\">\n<tbody>\n<tr>\n<td width=\"52\">Kodu<\/td>\n<td width=\"143\">Ders Ad\u0131<\/td>\n<td width=\"56\">D + U + L<\/td>\n<td width=\"49\">Z \/ S<\/td>\n<td width=\"168\">\u00d6\u011fretim \u00dcyesi<\/td>\n<\/tr>\n<tr>\n<td>UFF\u0130 601<\/td>\n<td>Fizikte Matematik Y\u00f6ntemler I<\/td>\n<td>3 + 0 + 3<\/td>\n<td>Zorunlu<\/td>\n<td>Do\u00e7. Dr. Halil Mutuk<\/td>\n<\/tr>\n<tr>\n<td>UFF\u0130 603<\/td>\n<td>Kuantum Mekani\u011fi I<\/td>\n<td>3 + 0 + 3<\/td>\n<td>Zorunlu<\/td>\n<td>Prof. Dr. Emin \u00d6ZTEK\u0130N<\/td>\n<\/tr>\n<tr>\n<td>UFF\u0130 607<\/td>\n<td>N\u00fckleer Fizik I<\/td>\n<td>3 + 0 + 3<\/td>\n<td>Zorunlu<\/td>\n<td>Prof. M. \u00c7a\u011fatay TUFAN<\/td>\n<\/tr>\n<tr>\n<td>UFF\u0130 609<\/td>\n<td>Kat\u0131hal Fizi\u011fi I<\/td>\n<td>3 + 0 + 3<\/td>\n<td>Zorunlu<\/td>\n<td>Prof. Dr. Ufuk \u00c7ORUH<\/td>\n<\/tr>\n<tr>\n<td>UFF\u0130 638<\/td>\n<td>Kuantum Bilgi Teorisi<\/td>\n<td>3 + 0 + 3<\/td>\n<td>Zorunlu<\/td>\n<td>Prof. Dr. Azmi GEN\u00c7TEN<\/td>\n<\/tr>\n<\/tbody>\n<\/table>\n<p>[\/vc_column_text][vc_column_text el_class=&#8221;menu-basligi&#8221;]<strong>II. YARIYIL DERSLER\u0130<\/strong>[\/vc_column_text][vc_empty_space height=&#8221;10px&#8221;][vc_column_text el_class=&#8221;menu-basligi&#8221;]<strong>II. ve III. YARIYIL DERSLER\u0130<\/strong>[\/vc_column_text][vc_empty_space height=&#8221;10px&#8221;][\/vc_column][vc_column width=&#8221;1\/4&#8243; css=&#8221;.vc_custom_1433423696704{margin-top: 20px !important;padding-right: 0px !important;}&#8221;][vc_widget_sidebar sidebar_id=&#8221;generated_sidebar-fizik-sidebar&#8221;][\/vc_column][\/vc_row]<\/p>\n","protected":false},"excerpt":{"rendered":"<p>[vc_row css=&#8221;.vc_custom_1427462343642{margin-top: -5px !important;margin-left: 0px !important;padding-left: 0px !important;}&#8221;][vc_column width=&#8221;3\/4&#8243; css=&#8221;.vc_custom_1449844260141{margin-top: 5px !important;margin-right: 0px !important;padding-right: 0px !important;padding-left: 0px !important;}&#8221;][vc_row_inner][vc_column_inner css=&#8221;.vc_custom_1449844273436{margin-bottom: 5px !important;padding-right: 0px !important;padding-left: 0px !important;}&#8221;][vc_widget_sidebar sidebar_id=&#8221;generated_sidebar-fizik-header&#8221;][\/vc_column_inner][\/vc_row_inner][vc_column_text el_class=&#8221;menu-basligi&#8221;]DERS \u0130\u00c7ER\u0130KLER\u0130[\/vc_column_text][vc_column_text el_class=&#8221;menu-basligi&#8221;]I. YARIYIL DERSLER\u0130[\/vc_column_text][vc_empty_space height=&#8221;10px&#8221;][vc_column_text el_class=&#8221;ders-tablosu&#8221; css=&#8221;.vc_custom_1693304604517{margin-top: -15px !important;padding-top: -15px !important;}&#8221;] Kodu Ders Ad\u0131 D + U + L Z \/ S \u00d6\u011fretim \u00dcyesi UFF\u0130 601 Fizikte Matematik Y\u00f6ntemler I 3 + 0 + 3 Zorunlu Do\u00e7. Dr. Halil Mutuk UFF\u0130 603 Kuantum Mekani\u011fi I 3 + 0 + 3 Zorunlu Prof. Dr. Emin \u00d6ZTEK\u0130N UFF\u0130 607 N\u00fckleer Fizik I 3 + 0 + 3 Zorunlu Prof. M. \u00c7a\u011fatay TUFAN UFF\u0130 609 Kat\u0131hal Fizi\u011fi I 3 + 0 + 3 Zorunlu Prof. Dr. Ufuk \u00c7ORUH UFF\u0130 638 Kuantum Bilgi Teorisi 3 + 0 + 3 Zorunlu Prof. Dr. Azmi GEN\u00c7TEN [\/vc_column_text][vc_column_text el_class=&#8221;menu-basligi&#8221;]II. YARIYIL DERSLER\u0130[\/vc_column_text][vc_empty_space height=&#8221;10px&#8221;][vc_column_text el_class=&#8221;menu-basligi&#8221;]II. ve III. YARIYIL DERSLER\u0130[\/vc_column_text][vc_empty_space height=&#8221;10px&#8221;][\/vc_column][vc_column width=&#8221;1\/4&#8243; css=&#8221;.vc_custom_1433423696704{margin-top: 20px !important;padding-right: 0px !important;}&#8221;][vc_widget_sidebar sidebar_id=&#8221;generated_sidebar-fizik-sidebar&#8221;][\/vc_column][\/vc_row]<\/p>\n","protected":false},"author":11,"featured_media":0,"parent":0,"menu_order":0,"comment_status":"closed","ping_status":"closed","template":"","meta":[],"translation":{"provider":"WPGlobus","version":"2.12.2","language":"en","enabled_languages":["tr","en"],"languages":{"tr":{"title":true,"content":true,"excerpt":false},"en":{"title":false,"content":false,"excerpt":false}}},"yoast_head":"<!-- This site is optimized with the Yoast SEO plugin v17.4 - https:\/\/yoast.com\/wordpress\/plugins\/seo\/ -->\n<meta name=\"robots\" content=\"index, follow, max-snippet:-1, max-image-preview:large, max-video-preview:-1\" \/>\n<link rel=\"canonical\" href=\"https:\/\/uzem.omu.edu.tr\/fizik-ders-icerikleri\/\" \/>\n<meta property=\"og:locale\" content=\"en_US\" \/>\n<meta property=\"og:type\" content=\"article\" \/>\n<meta property=\"og:title\" content=\"Fizik | Ders \u0130\u00e7erikleri - OM\u00dc Uzaktan E\u011fitim Merkezi\" \/>\n<meta property=\"og:url\" content=\"https:\/\/uzem.omu.edu.tr\/fizik-ders-icerikleri\/\" \/>\n<meta property=\"og:site_name\" content=\"OM\u00dc Uzaktan E\u011fitim Merkezi\" \/>\n<meta property=\"article:publisher\" content=\"https:\/\/www.facebook.com\/omu.uzem\" \/>\n<meta property=\"article:modified_time\" content=\"2023-08-29T10:23:28+00:00\" \/>\n<meta name=\"twitter:card\" content=\"summary_large_image\" \/>\n<meta name=\"twitter:site\" content=\"@omuuzem\" \/>\n<meta name=\"twitter:label1\" content=\"Est. reading time\" \/>\n\t<meta name=\"twitter:data1\" content=\"1 minute\" \/>\n<script type=\"application\/ld+json\" class=\"yoast-schema-graph\">{\"@context\":\"https:\/\/schema.org\",\"@graph\":[{\"@type\":\"Organization\",\"@id\":\"https:\/\/uzem.omu.edu.tr\/#organization\",\"name\":\"UZEM\",\"url\":\"https:\/\/uzem.omu.edu.tr\/\",\"sameAs\":[\"https:\/\/www.facebook.com\/omu.uzem\",\"https:\/\/www.instagram.com\/omu.uzem\/\",\"https:\/\/www.youtube.com\/channel\/UCQ6c_wjaGQcIvBKTbPrOe2A\",\"https:\/\/twitter.com\/omuuzem\"],\"logo\":{\"@type\":\"ImageObject\",\"@id\":\"https:\/\/uzem.omu.edu.tr\/#logo\",\"inLanguage\":\"en-US\",\"url\":\"https:\/\/uzem.omu.edu.tr\/wp-content\/uploads\/ulogo-1.png\",\"contentUrl\":\"https:\/\/uzem.omu.edu.tr\/wp-content\/uploads\/ulogo-1.png\",\"width\":364,\"height\":39,\"caption\":\"UZEM\"},\"image\":{\"@id\":\"https:\/\/uzem.omu.edu.tr\/#logo\"}},{\"@type\":\"WebSite\",\"@id\":\"https:\/\/uzem.omu.edu.tr\/#website\",\"url\":\"https:\/\/uzem.omu.edu.tr\/\",\"name\":\"OM\\u00dc Uzaktan E\\u011fitim Merkezi\",\"description\":\"&quot;F\\u0131rsatlar Sunar&quot;\",\"publisher\":{\"@id\":\"https:\/\/uzem.omu.edu.tr\/#organization\"},\"potentialAction\":[{\"@type\":\"SearchAction\",\"target\":{\"@type\":\"EntryPoint\",\"urlTemplate\":\"https:\/\/uzem.omu.edu.tr\/?s={search_term_string}\"},\"query-input\":\"required name=search_term_string\"}],\"inLanguage\":\"en-US\"},{\"@type\":\"WebPage\",\"@id\":\"https:\/\/uzem.omu.edu.tr\/fizik-ders-icerikleri\/#webpage\",\"url\":\"https:\/\/uzem.omu.edu.tr\/fizik-ders-icerikleri\/\",\"name\":\"Fizik | Ders \\u0130\\u00e7erikleri - OM\\u00dc Uzaktan E\\u011fitim Merkezi\",\"isPartOf\":{\"@id\":\"https:\/\/uzem.omu.edu.tr\/#website\"},\"datePublished\":\"2023-01-23T08:22:36+00:00\",\"dateModified\":\"2023-08-29T10:23:28+00:00\",\"breadcrumb\":{\"@id\":\"https:\/\/uzem.omu.edu.tr\/fizik-ders-icerikleri\/#breadcrumb\"},\"inLanguage\":\"en-US\",\"potentialAction\":[{\"@type\":\"ReadAction\",\"target\":[\"https:\/\/uzem.omu.edu.tr\/fizik-ders-icerikleri\/\"]}]},{\"@type\":\"BreadcrumbList\",\"@id\":\"https:\/\/uzem.omu.edu.tr\/fizik-ders-icerikleri\/#breadcrumb\",\"itemListElement\":[{\"@type\":\"ListItem\",\"position\":1,\"name\":\"Home\",\"item\":\"https:\/\/uzem.omu.edu.tr\/\"},{\"@type\":\"ListItem\",\"position\":2,\"name\":\"Fizik | Ders \\u0130\\u00e7erikleri\"}]}]}<\/script>\n<!-- \/ Yoast SEO plugin. -->","yoast_head_json":{"robots":{"index":"index","follow":"follow","max-snippet":"max-snippet:-1","max-image-preview":"max-image-preview:large","max-video-preview":"max-video-preview:-1"},"canonical":"https:\/\/uzem.omu.edu.tr\/fizik-ders-icerikleri\/","og_locale":"en_US","og_type":"article","og_title":"Fizik | Ders \u0130\u00e7erikleri - OM\u00dc Uzaktan E\u011fitim Merkezi","og_url":"https:\/\/uzem.omu.edu.tr\/fizik-ders-icerikleri\/","og_site_name":"OM\u00dc Uzaktan E\u011fitim Merkezi","article_publisher":"https:\/\/www.facebook.com\/omu.uzem","article_modified_time":"2023-08-29T10:23:28+00:00","twitter_card":"summary_large_image","twitter_site":"@omuuzem","twitter_misc":{"Est. reading time":"1 minute"},"schema":{"@context":"https:\/\/schema.org","@graph":[{"@type":"Organization","@id":"https:\/\/uzem.omu.edu.tr\/#organization","name":"UZEM","url":"https:\/\/uzem.omu.edu.tr\/","sameAs":["https:\/\/www.facebook.com\/omu.uzem","https:\/\/www.instagram.com\/omu.uzem\/","https:\/\/www.youtube.com\/channel\/UCQ6c_wjaGQcIvBKTbPrOe2A","https:\/\/twitter.com\/omuuzem"],"logo":{"@type":"ImageObject","@id":"https:\/\/uzem.omu.edu.tr\/#logo","inLanguage":"en-US","url":"https:\/\/uzem.omu.edu.tr\/wp-content\/uploads\/ulogo-1.png","contentUrl":"https:\/\/uzem.omu.edu.tr\/wp-content\/uploads\/ulogo-1.png","width":364,"height":39,"caption":"UZEM"},"image":{"@id":"https:\/\/uzem.omu.edu.tr\/#logo"}},{"@type":"WebSite","@id":"https:\/\/uzem.omu.edu.tr\/#website","url":"https:\/\/uzem.omu.edu.tr\/","name":"OM\u00dc Uzaktan E\u011fitim Merkezi","description":"&quot;F\u0131rsatlar Sunar&quot;","publisher":{"@id":"https:\/\/uzem.omu.edu.tr\/#organization"},"potentialAction":[{"@type":"SearchAction","target":{"@type":"EntryPoint","urlTemplate":"https:\/\/uzem.omu.edu.tr\/?s={search_term_string}"},"query-input":"required name=search_term_string"}],"inLanguage":"en-US"},{"@type":"WebPage","@id":"https:\/\/uzem.omu.edu.tr\/fizik-ders-icerikleri\/#webpage","url":"https:\/\/uzem.omu.edu.tr\/fizik-ders-icerikleri\/","name":"Fizik | Ders \u0130\u00e7erikleri - OM\u00dc Uzaktan E\u011fitim Merkezi","isPartOf":{"@id":"https:\/\/uzem.omu.edu.tr\/#website"},"datePublished":"2023-01-23T08:22:36+00:00","dateModified":"2023-08-29T10:23:28+00:00","breadcrumb":{"@id":"https:\/\/uzem.omu.edu.tr\/fizik-ders-icerikleri\/#breadcrumb"},"inLanguage":"en-US","potentialAction":[{"@type":"ReadAction","target":["https:\/\/uzem.omu.edu.tr\/fizik-ders-icerikleri\/"]}]},{"@type":"BreadcrumbList","@id":"https:\/\/uzem.omu.edu.tr\/fizik-ders-icerikleri\/#breadcrumb","itemListElement":[{"@type":"ListItem","position":1,"name":"Home","item":"https:\/\/uzem.omu.edu.tr\/"},{"@type":"ListItem","position":2,"name":"Fizik | Ders \u0130\u00e7erikleri"}]}]}},"_links":{"self":[{"href":"https:\/\/uzem.omu.edu.tr\/en\/wp-json\/wp\/v2\/pages\/24404"}],"collection":[{"href":"https:\/\/uzem.omu.edu.tr\/en\/wp-json\/wp\/v2\/pages"}],"about":[{"href":"https:\/\/uzem.omu.edu.tr\/en\/wp-json\/wp\/v2\/types\/page"}],"author":[{"embeddable":true,"href":"https:\/\/uzem.omu.edu.tr\/en\/wp-json\/wp\/v2\/users\/11"}],"replies":[{"embeddable":true,"href":"https:\/\/uzem.omu.edu.tr\/en\/wp-json\/wp\/v2\/comments?post=24404"}],"version-history":[{"count":4,"href":"https:\/\/uzem.omu.edu.tr\/en\/wp-json\/wp\/v2\/pages\/24404\/revisions"}],"predecessor-version":[{"id":25178,"href":"https:\/\/uzem.omu.edu.tr\/en\/wp-json\/wp\/v2\/pages\/24404\/revisions\/25178"}],"wp:attachment":[{"href":"https:\/\/uzem.omu.edu.tr\/en\/wp-json\/wp\/v2\/media?parent=24404"}],"curies":[{"name":"wp","href":"https:\/\/api.w.org\/{rel}","templated":true}]}}