{"id":24,"date":"2015-02-14T12:58:43","date_gmt":"2015-02-14T12:58:43","guid":{"rendered":"http:\/\/localhost:8888\/uzem_yeni\/wp-tema\/?page_id=24"},"modified":"2024-03-04T11:05:25","modified_gmt":"2024-03-04T08:05:25","slug":"mudur-yardimcilari","status":"publish","type":"page","link":"https:\/\/uzem.omu.edu.tr\/en\/mudur-yardimcilari\/","title":{"rendered":"Assistant Directors"},"content":{"rendered":"<p>[vc_row][vc_column css=&#8221;.vc_custom_1510988816864{margin-top: 5px !important;margin-left: 0px !important;padding-left: 0px !important;}&#8221;][vc_column_text el_class=&#8221;menu-basligi&#8221;]DUTIES &amp; AUTHORIZATIONS[\/vc_column_text][vc_column_text]<i class=\"fa fa-bookmark \" ><\/i> They fulfill the duties assigned to them by the Director. Assists the center director.<br \/>\n<i class=\"fa fa-bookmark \" ><\/i> Supervises the activities of the units (if any) for which he\/she is responsible and takes decisions to improve the activities.<br \/>\n<i class=\"fa fa-bookmark \" ><\/i> Provides suggestions for the procurement of goods, materials and services to be carried out by the Center.<br \/>\n<i class=\"fa fa-bookmark \" ><\/i> Assigns tasks to the units he\/she is responsible for, assigns the responsibilities of the personnel within the units.[\/vc_column_text][\/vc_column][\/vc_row][vc_row css=&#8221;.vc_custom_1600068266239{margin-left: 0px !important;padding-left: 0px !important;}&#8221;][vc_column width=&#8221;1\/2&#8243; css=&#8221;.vc_custom_1600068258305{margin-left: 0px !important;padding-left: 0px !important;}&#8221;][vc_column_text el_class=&#8221;menu-basligi&#8221;]ASSOCIATE PROFESSOR DR. POLAT SENDURUR[\/vc_column_text][vc_column_text]<a href=\"https:\/\/uzem.omu.edu.tr\/wp-content\/uploads\/polat_hoca_son-scaled.jpg\"><img loading=\"lazy\" class=\"alignnone size-large wp-image-21389\" src=\"https:\/\/uzem.omu.edu.tr\/wp-content\/uploads\/polat_hoca_son-1024x714.jpg\" alt=\"\" width=\"783\" height=\"546\" srcset=\"https:\/\/uzem.omu.edu.tr\/wp-content\/uploads\/polat_hoca_son-1024x714.jpg 1024w, https:\/\/uzem.omu.edu.tr\/wp-content\/uploads\/polat_hoca_son-300x209.jpg 300w, https:\/\/uzem.omu.edu.tr\/wp-content\/uploads\/polat_hoca_son-768x535.jpg 768w, https:\/\/uzem.omu.edu.tr\/wp-content\/uploads\/polat_hoca_son-1536x1071.jpg 1536w, https:\/\/uzem.omu.edu.tr\/wp-content\/uploads\/polat_hoca_son-2048x1428.jpg 2048w, https:\/\/uzem.omu.edu.tr\/wp-content\/uploads\/polat_hoca_son-783x546.jpg 783w, https:\/\/uzem.omu.edu.tr\/wp-content\/uploads\/polat_hoca_son-575x401.jpg 575w, https:\/\/uzem.omu.edu.tr\/wp-content\/uploads\/polat_hoca_son-1200x836.jpg 1200w\" sizes=\"(max-width: 783px) 100vw, 783px\" \/><\/a>[\/vc_column_text][\/vc_column][vc_column width=&#8221;1\/2&#8243;][vc_column_text el_class=&#8221;menu-basligi&#8221;]ASSISTANT PROFESSOR RECAI OKTAS[\/vc_column_text][vc_column_text]<a href=\"https:\/\/uzem.omu.edu.tr\/wp-content\/uploads\/mudur-yrd-oktas-recai.jpg\"><img loading=\"lazy\" class=\"alignnone size-large wp-image-17137\" src=\"https:\/\/uzem.omu.edu.tr\/wp-content\/uploads\/mudur-yrd-oktas-recai-1024x714.jpg\" alt=\"\" width=\"783\" height=\"546\" srcset=\"https:\/\/uzem.omu.edu.tr\/wp-content\/uploads\/mudur-yrd-oktas-recai-1024x714.jpg 1024w, https:\/\/uzem.omu.edu.tr\/wp-content\/uploads\/mudur-yrd-oktas-recai-300x209.jpg 300w, https:\/\/uzem.omu.edu.tr\/wp-content\/uploads\/mudur-yrd-oktas-recai-768x535.jpg 768w, https:\/\/uzem.omu.edu.tr\/wp-content\/uploads\/mudur-yrd-oktas-recai-783x546.jpg 783w, https:\/\/uzem.omu.edu.tr\/wp-content\/uploads\/mudur-yrd-oktas-recai-575x401.jpg 575w, https:\/\/uzem.omu.edu.tr\/wp-content\/uploads\/mudur-yrd-oktas-recai-1200x836.jpg 1200w\" sizes=\"(max-width: 783px) 100vw, 783px\" \/><\/a>[\/vc_column_text][\/vc_column][\/vc_row]<\/p>\n","protected":false},"excerpt":{"rendered":"<p>[vc_row][vc_column css=&#8221;.vc_custom_1510988816864{margin-top: 5px !important;margin-left: 0px !important;padding-left: 0px !important;}&#8221;][vc_column_text el_class=&#8221;menu-basligi&#8221;]DUTIES &amp; AUTHORIZATIONS[\/vc_column_text][vc_column_text] They fulfill the duties assigned to them by the Director. Assists the center director. Supervises the activities of the units (if any) for which he\/she is responsible and takes decisions to improve the activities. Provides suggestions for the procurement of goods, materials and services to be carried out by the Center. Assigns tasks to the units he\/she is responsible for, assigns the responsibilities of the personnel within the units.[\/vc_column_text][\/vc_column][\/vc_row][vc_row css=&#8221;.vc_custom_1600068266239{margin-left: 0px !important;padding-left: 0px !important;}&#8221;][vc_column width=&#8221;1\/2&#8243; css=&#8221;.vc_custom_1600068258305{margin-left: 0px !important;padding-left: 0px !important;}&#8221;][vc_column_text el_class=&#8221;menu-basligi&#8221;]ASSOCIATE PROFESSOR DR. POLAT SENDURUR[\/vc_column_text][vc_column_text][\/vc_column_text][\/vc_column][vc_column width=&#8221;1\/2&#8243;][vc_column_text el_class=&#8221;menu-basligi&#8221;]ASSISTANT PROFESSOR RECAI OKTAS[\/vc_column_text][vc_column_text][\/vc_column_text][\/vc_column][\/vc_row]<\/p>\n","protected":false},"author":1,"featured_media":0,"parent":0,"menu_order":0,"comment_status":"closed","ping_status":"closed","template":"","meta":[],"translation":{"provider":"WPGlobus","version":"2.12.2","language":"en","enabled_languages":["tr","en"],"languages":{"tr":{"title":true,"content":true,"excerpt":false},"en":{"title":true,"content":true,"excerpt":false}}},"yoast_head":"<!-- This site is optimized with the Yoast SEO plugin v17.4 - https:\/\/yoast.com\/wordpress\/plugins\/seo\/ -->\n<meta name=\"robots\" content=\"index, follow, max-snippet:-1, max-image-preview:large, max-video-preview:-1\" \/>\n<link rel=\"canonical\" href=\"https:\/\/uzem.omu.edu.tr\/mudur-yardimcilari\/\" \/>\n<meta property=\"og:locale\" content=\"en_US\" \/>\n<meta property=\"og:type\" content=\"article\" \/>\n<meta property=\"og:title\" content=\"Assistant Directors - OM\u00dc Uzaktan E\u011fitim Merkezi\" \/>\n<meta property=\"og:url\" content=\"https:\/\/uzem.omu.edu.tr\/mudur-yardimcilari\/\" \/>\n<meta property=\"og:site_name\" content=\"OM\u00dc Uzaktan E\u011fitim Merkezi\" \/>\n<meta property=\"article:publisher\" content=\"https:\/\/www.facebook.com\/omu.uzem\" \/>\n<meta property=\"article:modified_time\" content=\"2024-03-04T08:05:25+00:00\" \/>\n<meta property=\"og:image\" content=\"https:\/\/uzem.omu.edu.tr\/wp-content\/uploads\/polat_hoca_son-1024x714.jpg\" \/>\n<meta name=\"twitter:card\" content=\"summary_large_image\" \/>\n<meta name=\"twitter:site\" content=\"@omuuzem\" \/>\n<meta name=\"twitter:label1\" content=\"Est. reading time\" \/>\n\t<meta name=\"twitter:data1\" content=\"1 minute\" \/>\n<script type=\"application\/ld+json\" class=\"yoast-schema-graph\">{\"@context\":\"https:\/\/schema.org\",\"@graph\":[{\"@type\":\"Organization\",\"@id\":\"https:\/\/uzem.omu.edu.tr\/#organization\",\"name\":\"UZEM\",\"url\":\"https:\/\/uzem.omu.edu.tr\/\",\"sameAs\":[\"https:\/\/www.facebook.com\/omu.uzem\",\"https:\/\/www.instagram.com\/omu.uzem\/\",\"https:\/\/www.youtube.com\/channel\/UCQ6c_wjaGQcIvBKTbPrOe2A\",\"https:\/\/twitter.com\/omuuzem\"],\"logo\":{\"@type\":\"ImageObject\",\"@id\":\"https:\/\/uzem.omu.edu.tr\/#logo\",\"inLanguage\":\"en-US\",\"url\":\"https:\/\/uzem.omu.edu.tr\/wp-content\/uploads\/ulogo-1.png\",\"contentUrl\":\"https:\/\/uzem.omu.edu.tr\/wp-content\/uploads\/ulogo-1.png\",\"width\":364,\"height\":39,\"caption\":\"UZEM\"},\"image\":{\"@id\":\"https:\/\/uzem.omu.edu.tr\/#logo\"}},{\"@type\":\"WebSite\",\"@id\":\"https:\/\/uzem.omu.edu.tr\/#website\",\"url\":\"https:\/\/uzem.omu.edu.tr\/\",\"name\":\"OM\\u00dc Uzaktan E\\u011fitim Merkezi\",\"description\":\"&quot;F\\u0131rsatlar Sunar&quot;\",\"publisher\":{\"@id\":\"https:\/\/uzem.omu.edu.tr\/#organization\"},\"potentialAction\":[{\"@type\":\"SearchAction\",\"target\":{\"@type\":\"EntryPoint\",\"urlTemplate\":\"https:\/\/uzem.omu.edu.tr\/?s={search_term_string}\"},\"query-input\":\"required name=search_term_string\"}],\"inLanguage\":\"en-US\"},{\"@type\":\"ImageObject\",\"@id\":\"https:\/\/uzem.omu.edu.tr\/mudur-yardimcilari\/#primaryimage\",\"inLanguage\":\"en-US\",\"url\":\"https:\/\/uzem.omu.edu.tr\/wp-content\/uploads\/polat_hoca_son-1024x714.jpg\",\"contentUrl\":\"https:\/\/uzem.omu.edu.tr\/wp-content\/uploads\/polat_hoca_son-1024x714.jpg\"},{\"@type\":\"WebPage\",\"@id\":\"https:\/\/uzem.omu.edu.tr\/mudur-yardimcilari\/#webpage\",\"url\":\"https:\/\/uzem.omu.edu.tr\/mudur-yardimcilari\/\",\"name\":\"Assistant Directors - OM\\u00dc Uzaktan E\\u011fitim Merkezi\",\"isPartOf\":{\"@id\":\"https:\/\/uzem.omu.edu.tr\/#website\"},\"primaryImageOfPage\":{\"@id\":\"https:\/\/uzem.omu.edu.tr\/mudur-yardimcilari\/#primaryimage\"},\"datePublished\":\"2015-02-14T12:58:43+00:00\",\"dateModified\":\"2024-03-04T08:05:25+00:00\",\"breadcrumb\":{\"@id\":\"https:\/\/uzem.omu.edu.tr\/mudur-yardimcilari\/#breadcrumb\"},\"inLanguage\":\"en-US\",\"potentialAction\":[{\"@type\":\"ReadAction\",\"target\":[\"https:\/\/uzem.omu.edu.tr\/mudur-yardimcilari\/\"]}]},{\"@type\":\"BreadcrumbList\",\"@id\":\"https:\/\/uzem.omu.edu.tr\/mudur-yardimcilari\/#breadcrumb\",\"itemListElement\":[{\"@type\":\"ListItem\",\"position\":1,\"name\":\"Home\",\"item\":\"https:\/\/uzem.omu.edu.tr\/\"},{\"@type\":\"ListItem\",\"position\":2,\"name\":\"M\\u00fcd\\u00fcr Yard\\u0131mc\\u0131lar\\u0131\"}]}]}<\/script>\n<!-- \/ Yoast SEO plugin. -->","yoast_head_json":{"robots":{"index":"index","follow":"follow","max-snippet":"max-snippet:-1","max-image-preview":"max-image-preview:large","max-video-preview":"max-video-preview:-1"},"canonical":"https:\/\/uzem.omu.edu.tr\/mudur-yardimcilari\/","og_locale":"en_US","og_type":"article","og_title":"Assistant Directors - OM\u00dc Uzaktan E\u011fitim Merkezi","og_url":"https:\/\/uzem.omu.edu.tr\/mudur-yardimcilari\/","og_site_name":"OM\u00dc Uzaktan E\u011fitim Merkezi","article_publisher":"https:\/\/www.facebook.com\/omu.uzem","article_modified_time":"2024-03-04T08:05:25+00:00","og_image":[{"url":"https:\/\/uzem.omu.edu.tr\/wp-content\/uploads\/polat_hoca_son-1024x714.jpg"}],"twitter_card":"summary_large_image","twitter_site":"@omuuzem","twitter_misc":{"Est. reading time":"1 minute"},"schema":{"@context":"https:\/\/schema.org","@graph":[{"@type":"Organization","@id":"https:\/\/uzem.omu.edu.tr\/#organization","name":"UZEM","url":"https:\/\/uzem.omu.edu.tr\/","sameAs":["https:\/\/www.facebook.com\/omu.uzem","https:\/\/www.instagram.com\/omu.uzem\/","https:\/\/www.youtube.com\/channel\/UCQ6c_wjaGQcIvBKTbPrOe2A","https:\/\/twitter.com\/omuuzem"],"logo":{"@type":"ImageObject","@id":"https:\/\/uzem.omu.edu.tr\/#logo","inLanguage":"en-US","url":"https:\/\/uzem.omu.edu.tr\/wp-content\/uploads\/ulogo-1.png","contentUrl":"https:\/\/uzem.omu.edu.tr\/wp-content\/uploads\/ulogo-1.png","width":364,"height":39,"caption":"UZEM"},"image":{"@id":"https:\/\/uzem.omu.edu.tr\/#logo"}},{"@type":"WebSite","@id":"https:\/\/uzem.omu.edu.tr\/#website","url":"https:\/\/uzem.omu.edu.tr\/","name":"OM\u00dc Uzaktan E\u011fitim Merkezi","description":"&quot;F\u0131rsatlar Sunar&quot;","publisher":{"@id":"https:\/\/uzem.omu.edu.tr\/#organization"},"potentialAction":[{"@type":"SearchAction","target":{"@type":"EntryPoint","urlTemplate":"https:\/\/uzem.omu.edu.tr\/?s={search_term_string}"},"query-input":"required name=search_term_string"}],"inLanguage":"en-US"},{"@type":"ImageObject","@id":"https:\/\/uzem.omu.edu.tr\/mudur-yardimcilari\/#primaryimage","inLanguage":"en-US","url":"https:\/\/uzem.omu.edu.tr\/wp-content\/uploads\/polat_hoca_son-1024x714.jpg","contentUrl":"https:\/\/uzem.omu.edu.tr\/wp-content\/uploads\/polat_hoca_son-1024x714.jpg"},{"@type":"WebPage","@id":"https:\/\/uzem.omu.edu.tr\/mudur-yardimcilari\/#webpage","url":"https:\/\/uzem.omu.edu.tr\/mudur-yardimcilari\/","name":"Assistant Directors - OM\u00dc Uzaktan E\u011fitim Merkezi","isPartOf":{"@id":"https:\/\/uzem.omu.edu.tr\/#website"},"primaryImageOfPage":{"@id":"https:\/\/uzem.omu.edu.tr\/mudur-yardimcilari\/#primaryimage"},"datePublished":"2015-02-14T12:58:43+00:00","dateModified":"2024-03-04T08:05:25+00:00","breadcrumb":{"@id":"https:\/\/uzem.omu.edu.tr\/mudur-yardimcilari\/#breadcrumb"},"inLanguage":"en-US","potentialAction":[{"@type":"ReadAction","target":["https:\/\/uzem.omu.edu.tr\/mudur-yardimcilari\/"]}]},{"@type":"BreadcrumbList","@id":"https:\/\/uzem.omu.edu.tr\/mudur-yardimcilari\/#breadcrumb","itemListElement":[{"@type":"ListItem","position":1,"name":"Home","item":"https:\/\/uzem.omu.edu.tr\/"},{"@type":"ListItem","position":2,"name":"M\u00fcd\u00fcr Yard\u0131mc\u0131lar\u0131"}]}]}},"_links":{"self":[{"href":"https:\/\/uzem.omu.edu.tr\/en\/wp-json\/wp\/v2\/pages\/24"}],"collection":[{"href":"https:\/\/uzem.omu.edu.tr\/en\/wp-json\/wp\/v2\/pages"}],"about":[{"href":"https:\/\/uzem.omu.edu.tr\/en\/wp-json\/wp\/v2\/types\/page"}],"author":[{"embeddable":true,"href":"https:\/\/uzem.omu.edu.tr\/en\/wp-json\/wp\/v2\/users\/1"}],"replies":[{"embeddable":true,"href":"https:\/\/uzem.omu.edu.tr\/en\/wp-json\/wp\/v2\/comments?post=24"}],"version-history":[{"count":13,"href":"https:\/\/uzem.omu.edu.tr\/en\/wp-json\/wp\/v2\/pages\/24\/revisions"}],"predecessor-version":[{"id":25972,"href":"https:\/\/uzem.omu.edu.tr\/en\/wp-json\/wp\/v2\/pages\/24\/revisions\/25972"}],"wp:attachment":[{"href":"https:\/\/uzem.omu.edu.tr\/en\/wp-json\/wp\/v2\/media?parent=24"}],"curies":[{"name":"wp","href":"https:\/\/api.w.org\/{rel}","templated":true}]}}