{"id":22900,"date":"2021-11-27T11:28:18","date_gmt":"2021-11-27T08:28:18","guid":{"rendered":"https:\/\/uzem.omu.edu.tr\/?page_id=22900"},"modified":"2024-02-13T13:53:57","modified_gmt":"2024-02-13T10:53:57","slug":"uzaktan-egitmen-sertifika-programi","status":"publish","type":"page","link":"https:\/\/uzem.omu.edu.tr\/en\/uzaktan-egitmen-sertifika-programi\/","title":{"rendered":"Distance Trainer Certificate Program"},"content":{"rendered":"<p>[vc_row][vc_column css=&#8221;.vc_custom_1707821589939{margin-left: 0px !important;padding-left: 0px !important;}&#8221;][vc_column_text]<img loading=\"lazy\" class=\"alignnone size-full wp-image-22901\" src=\"https:\/\/uzem.omu.edu.tr\/wp-content\/uploads\/uzaktan-egitmen.jpg\" alt=\"\" width=\"850\" height=\"510\" srcset=\"https:\/\/uzem.omu.edu.tr\/wp-content\/uploads\/uzaktan-egitmen.jpg 850w, https:\/\/uzem.omu.edu.tr\/wp-content\/uploads\/uzaktan-egitmen-300x180.jpg 300w, https:\/\/uzem.omu.edu.tr\/wp-content\/uploads\/uzaktan-egitmen-768x461.jpg 768w, https:\/\/uzem.omu.edu.tr\/wp-content\/uploads\/uzaktan-egitmen-783x470.jpg 783w, https:\/\/uzem.omu.edu.tr\/wp-content\/uploads\/uzaktan-egitmen-575x345.jpg 575w\" sizes=\"(max-width: 850px) 100vw, 850px\" \/><\/p>\n<p><strong>Content<\/strong>: Distance education and e-learning environments, independent of face-to-face education environments, have their own instructional design elements. Currently, it is seen that the tools and pedagogical approaches used by educators in the process of adapting their courses to distance education are shaped by their face-to-face education experiences. Within the scope of this certificate program, there are contents that will guide the instructional design processes of the participants in the courses to be given through distance education. In this context, the program, which is shaped by direct practical activities; Distance Education and Basic Concepts, Web 2.0 technologies, Analysis of Student and Environment Characteristics in Distance Education, Material Design in Distance Education, Measurement in Distance Education, Effective Use of Live \/ Synchronous Communication Tools and Evaluation.<\/p>\n<p><strong>Duration<\/strong>: 10 weeks (in the form of course modules). Within the scope of certificate trainings, it will be realized in the form of 10-week course modules. The asynchronous contents of the relevant week will be shared with the participants through the Education Portal and synchronous course activities will be held every week in parallel with these contents.<\/p>\n<p><strong>Target audience<\/strong>: Lecturers, teachers and trainers of all levels.[\/vc_column_text][\/vc_column][\/vc_row]<\/p>\n","protected":false},"excerpt":{"rendered":"<p>[vc_row][vc_column css=&#8221;.vc_custom_1707821589939{margin-left: 0px !important;padding-left: 0px !important;}&#8221;][vc_column_text] Content: Distance education and e-learning environments, independent of face-to-face education environments, have their own instructional design elements. Currently, it is seen that the tools and pedagogical approaches used by educators in the process of adapting their courses to distance education are shaped by their face-to-face education experiences. Within the scope of this certificate program, there are contents that will guide the instructional design processes of the participants in the courses to be given through distance education. In this context, the program, which is shaped by direct practical activities; Distance Education and Basic Concepts, Web 2.0 technologies, Analysis of Student and Environment Characteristics in Distance Education, Material Design in Distance Education, Measurement in Distance Education, Effective Use of Live \/ Synchronous Communication Tools and Evaluation. Duration: 10 weeks (in the form of course modules). Within the scope of certificate trainings, it will be realized in the form of 10-week course modules. The asynchronous contents of the relevant week will be shared with the participants through the Education Portal and synchronous course activities will be held every week in parallel with these contents. Target audience: Lecturers, teachers and trainers of all levels.[\/vc_column_text][\/vc_column][\/vc_row]<\/p>\n","protected":false},"author":11,"featured_media":0,"parent":0,"menu_order":0,"comment_status":"closed","ping_status":"closed","template":"","meta":[],"translation":{"provider":"WPGlobus","version":"2.12.2","language":"en","enabled_languages":["tr","en"],"languages":{"tr":{"title":true,"content":true,"excerpt":false},"en":{"title":true,"content":true,"excerpt":false}}},"yoast_head":"<!-- This site is optimized with the Yoast SEO plugin v17.4 - https:\/\/yoast.com\/wordpress\/plugins\/seo\/ -->\n<meta name=\"robots\" content=\"index, follow, max-snippet:-1, max-image-preview:large, max-video-preview:-1\" \/>\n<link rel=\"canonical\" href=\"https:\/\/uzem.omu.edu.tr\/uzaktan-egitmen-sertifika-programi\/\" \/>\n<meta property=\"og:locale\" content=\"en_US\" \/>\n<meta property=\"og:type\" content=\"article\" \/>\n<meta property=\"og:title\" content=\"Distance Trainer Certificate Program - OM\u00dc Uzaktan E\u011fitim Merkezi\" \/>\n<meta property=\"og:url\" content=\"https:\/\/uzem.omu.edu.tr\/uzaktan-egitmen-sertifika-programi\/\" \/>\n<meta property=\"og:site_name\" content=\"OM\u00dc Uzaktan E\u011fitim Merkezi\" \/>\n<meta property=\"article:publisher\" content=\"https:\/\/www.facebook.com\/omu.uzem\" \/>\n<meta property=\"article:modified_time\" content=\"2024-02-13T10:53:57+00:00\" \/>\n<meta property=\"og:image\" content=\"https:\/\/uzem.omu.edu.tr\/wp-content\/uploads\/uzaktan-egitmen.jpg\" \/>\n<meta name=\"twitter:card\" content=\"summary_large_image\" \/>\n<meta name=\"twitter:site\" content=\"@omuuzem\" \/>\n<meta name=\"twitter:label1\" content=\"Est. reading time\" \/>\n\t<meta name=\"twitter:data1\" content=\"2 minutes\" \/>\n<script type=\"application\/ld+json\" class=\"yoast-schema-graph\">{\"@context\":\"https:\/\/schema.org\",\"@graph\":[{\"@type\":\"Organization\",\"@id\":\"https:\/\/uzem.omu.edu.tr\/#organization\",\"name\":\"UZEM\",\"url\":\"https:\/\/uzem.omu.edu.tr\/\",\"sameAs\":[\"https:\/\/www.facebook.com\/omu.uzem\",\"https:\/\/www.instagram.com\/omu.uzem\/\",\"https:\/\/www.youtube.com\/channel\/UCQ6c_wjaGQcIvBKTbPrOe2A\",\"https:\/\/twitter.com\/omuuzem\"],\"logo\":{\"@type\":\"ImageObject\",\"@id\":\"https:\/\/uzem.omu.edu.tr\/#logo\",\"inLanguage\":\"en-US\",\"url\":\"https:\/\/uzem.omu.edu.tr\/wp-content\/uploads\/ulogo-1.png\",\"contentUrl\":\"https:\/\/uzem.omu.edu.tr\/wp-content\/uploads\/ulogo-1.png\",\"width\":364,\"height\":39,\"caption\":\"UZEM\"},\"image\":{\"@id\":\"https:\/\/uzem.omu.edu.tr\/#logo\"}},{\"@type\":\"WebSite\",\"@id\":\"https:\/\/uzem.omu.edu.tr\/#website\",\"url\":\"https:\/\/uzem.omu.edu.tr\/\",\"name\":\"OM\\u00dc Uzaktan E\\u011fitim Merkezi\",\"description\":\"&quot;F\\u0131rsatlar Sunar&quot;\",\"publisher\":{\"@id\":\"https:\/\/uzem.omu.edu.tr\/#organization\"},\"potentialAction\":[{\"@type\":\"SearchAction\",\"target\":{\"@type\":\"EntryPoint\",\"urlTemplate\":\"https:\/\/uzem.omu.edu.tr\/?s={search_term_string}\"},\"query-input\":\"required name=search_term_string\"}],\"inLanguage\":\"en-US\"},{\"@type\":\"ImageObject\",\"@id\":\"https:\/\/uzem.omu.edu.tr\/uzaktan-egitmen-sertifika-programi\/#primaryimage\",\"inLanguage\":\"en-US\",\"url\":\"https:\/\/uzem.omu.edu.tr\/wp-content\/uploads\/uzaktan-egitmen.jpg\",\"contentUrl\":\"https:\/\/uzem.omu.edu.tr\/wp-content\/uploads\/uzaktan-egitmen.jpg\",\"width\":850,\"height\":510},{\"@type\":\"WebPage\",\"@id\":\"https:\/\/uzem.omu.edu.tr\/uzaktan-egitmen-sertifika-programi\/#webpage\",\"url\":\"https:\/\/uzem.omu.edu.tr\/uzaktan-egitmen-sertifika-programi\/\",\"name\":\"Distance Trainer Certificate Program - OM\\u00dc Uzaktan E\\u011fitim Merkezi\",\"isPartOf\":{\"@id\":\"https:\/\/uzem.omu.edu.tr\/#website\"},\"primaryImageOfPage\":{\"@id\":\"https:\/\/uzem.omu.edu.tr\/uzaktan-egitmen-sertifika-programi\/#primaryimage\"},\"datePublished\":\"2021-11-27T08:28:18+00:00\",\"dateModified\":\"2024-02-13T10:53:57+00:00\",\"breadcrumb\":{\"@id\":\"https:\/\/uzem.omu.edu.tr\/uzaktan-egitmen-sertifika-programi\/#breadcrumb\"},\"inLanguage\":\"en-US\",\"potentialAction\":[{\"@type\":\"ReadAction\",\"target\":[\"https:\/\/uzem.omu.edu.tr\/uzaktan-egitmen-sertifika-programi\/\"]}]},{\"@type\":\"BreadcrumbList\",\"@id\":\"https:\/\/uzem.omu.edu.tr\/uzaktan-egitmen-sertifika-programi\/#breadcrumb\",\"itemListElement\":[{\"@type\":\"ListItem\",\"position\":1,\"name\":\"Home\",\"item\":\"https:\/\/uzem.omu.edu.tr\/\"},{\"@type\":\"ListItem\",\"position\":2,\"name\":\"Uzaktan E\\u011fitmen Sertifika Program\\u0131\"}]}]}<\/script>\n<!-- \/ Yoast SEO plugin. -->","yoast_head_json":{"robots":{"index":"index","follow":"follow","max-snippet":"max-snippet:-1","max-image-preview":"max-image-preview:large","max-video-preview":"max-video-preview:-1"},"canonical":"https:\/\/uzem.omu.edu.tr\/uzaktan-egitmen-sertifika-programi\/","og_locale":"en_US","og_type":"article","og_title":"Distance Trainer Certificate Program - OM\u00dc Uzaktan E\u011fitim Merkezi","og_url":"https:\/\/uzem.omu.edu.tr\/uzaktan-egitmen-sertifika-programi\/","og_site_name":"OM\u00dc Uzaktan E\u011fitim Merkezi","article_publisher":"https:\/\/www.facebook.com\/omu.uzem","article_modified_time":"2024-02-13T10:53:57+00:00","og_image":[{"url":"https:\/\/uzem.omu.edu.tr\/wp-content\/uploads\/uzaktan-egitmen.jpg"}],"twitter_card":"summary_large_image","twitter_site":"@omuuzem","twitter_misc":{"Est. reading time":"2 minutes"},"schema":{"@context":"https:\/\/schema.org","@graph":[{"@type":"Organization","@id":"https:\/\/uzem.omu.edu.tr\/#organization","name":"UZEM","url":"https:\/\/uzem.omu.edu.tr\/","sameAs":["https:\/\/www.facebook.com\/omu.uzem","https:\/\/www.instagram.com\/omu.uzem\/","https:\/\/www.youtube.com\/channel\/UCQ6c_wjaGQcIvBKTbPrOe2A","https:\/\/twitter.com\/omuuzem"],"logo":{"@type":"ImageObject","@id":"https:\/\/uzem.omu.edu.tr\/#logo","inLanguage":"en-US","url":"https:\/\/uzem.omu.edu.tr\/wp-content\/uploads\/ulogo-1.png","contentUrl":"https:\/\/uzem.omu.edu.tr\/wp-content\/uploads\/ulogo-1.png","width":364,"height":39,"caption":"UZEM"},"image":{"@id":"https:\/\/uzem.omu.edu.tr\/#logo"}},{"@type":"WebSite","@id":"https:\/\/uzem.omu.edu.tr\/#website","url":"https:\/\/uzem.omu.edu.tr\/","name":"OM\u00dc Uzaktan E\u011fitim Merkezi","description":"&quot;F\u0131rsatlar Sunar&quot;","publisher":{"@id":"https:\/\/uzem.omu.edu.tr\/#organization"},"potentialAction":[{"@type":"SearchAction","target":{"@type":"EntryPoint","urlTemplate":"https:\/\/uzem.omu.edu.tr\/?s={search_term_string}"},"query-input":"required name=search_term_string"}],"inLanguage":"en-US"},{"@type":"ImageObject","@id":"https:\/\/uzem.omu.edu.tr\/uzaktan-egitmen-sertifika-programi\/#primaryimage","inLanguage":"en-US","url":"https:\/\/uzem.omu.edu.tr\/wp-content\/uploads\/uzaktan-egitmen.jpg","contentUrl":"https:\/\/uzem.omu.edu.tr\/wp-content\/uploads\/uzaktan-egitmen.jpg","width":850,"height":510},{"@type":"WebPage","@id":"https:\/\/uzem.omu.edu.tr\/uzaktan-egitmen-sertifika-programi\/#webpage","url":"https:\/\/uzem.omu.edu.tr\/uzaktan-egitmen-sertifika-programi\/","name":"Distance Trainer Certificate Program - OM\u00dc Uzaktan E\u011fitim Merkezi","isPartOf":{"@id":"https:\/\/uzem.omu.edu.tr\/#website"},"primaryImageOfPage":{"@id":"https:\/\/uzem.omu.edu.tr\/uzaktan-egitmen-sertifika-programi\/#primaryimage"},"datePublished":"2021-11-27T08:28:18+00:00","dateModified":"2024-02-13T10:53:57+00:00","breadcrumb":{"@id":"https:\/\/uzem.omu.edu.tr\/uzaktan-egitmen-sertifika-programi\/#breadcrumb"},"inLanguage":"en-US","potentialAction":[{"@type":"ReadAction","target":["https:\/\/uzem.omu.edu.tr\/uzaktan-egitmen-sertifika-programi\/"]}]},{"@type":"BreadcrumbList","@id":"https:\/\/uzem.omu.edu.tr\/uzaktan-egitmen-sertifika-programi\/#breadcrumb","itemListElement":[{"@type":"ListItem","position":1,"name":"Home","item":"https:\/\/uzem.omu.edu.tr\/"},{"@type":"ListItem","position":2,"name":"Uzaktan E\u011fitmen Sertifika Program\u0131"}]}]}},"_links":{"self":[{"href":"https:\/\/uzem.omu.edu.tr\/en\/wp-json\/wp\/v2\/pages\/22900"}],"collection":[{"href":"https:\/\/uzem.omu.edu.tr\/en\/wp-json\/wp\/v2\/pages"}],"about":[{"href":"https:\/\/uzem.omu.edu.tr\/en\/wp-json\/wp\/v2\/types\/page"}],"author":[{"embeddable":true,"href":"https:\/\/uzem.omu.edu.tr\/en\/wp-json\/wp\/v2\/users\/11"}],"replies":[{"embeddable":true,"href":"https:\/\/uzem.omu.edu.tr\/en\/wp-json\/wp\/v2\/comments?post=22900"}],"version-history":[{"count":5,"href":"https:\/\/uzem.omu.edu.tr\/en\/wp-json\/wp\/v2\/pages\/22900\/revisions"}],"predecessor-version":[{"id":25823,"href":"https:\/\/uzem.omu.edu.tr\/en\/wp-json\/wp\/v2\/pages\/22900\/revisions\/25823"}],"wp:attachment":[{"href":"https:\/\/uzem.omu.edu.tr\/en\/wp-json\/wp\/v2\/media?parent=22900"}],"curies":[{"name":"wp","href":"https:\/\/api.w.org\/{rel}","templated":true}]}}