{"id":22889,"date":"2021-11-27T10:58:10","date_gmt":"2021-11-27T07:58:10","guid":{"rendered":"https:\/\/uzem.omu.edu.tr\/?page_id=22889"},"modified":"2026-01-08T10:01:33","modified_gmt":"2026-01-08T07:01:33","slug":"cocuk-resimlerinin-analizi-sertifika-programi","status":"publish","type":"page","link":"https:\/\/uzem.omu.edu.tr\/en\/cocuk-resimlerinin-analizi-sertifika-programi\/","title":{"rendered":"Certificate Program in the Analysis of Children&#8217;s Paintings"},"content":{"rendered":"<p>[vc_row][vc_column css=&#8221;.vc_custom_1707821871379{margin-left: 0px !important;padding-left: 0px !important;}&#8221;][vc_column_text css=&#8221;.vc_custom_1707821865580{margin-left: 0px !important;padding-left: 0px !important;}&#8221;]<img loading=\"lazy\" class=\"alignnone size-full wp-image-22891\" src=\"https:\/\/uzem.omu.edu.tr\/wp-content\/uploads\/cocuk-resimleri.jpg\" alt=\"\" width=\"850\" height=\"510\" srcset=\"https:\/\/uzem.omu.edu.tr\/wp-content\/uploads\/cocuk-resimleri.jpg 850w, https:\/\/uzem.omu.edu.tr\/wp-content\/uploads\/cocuk-resimleri-300x180.jpg 300w, https:\/\/uzem.omu.edu.tr\/wp-content\/uploads\/cocuk-resimleri-768x461.jpg 768w, https:\/\/uzem.omu.edu.tr\/wp-content\/uploads\/cocuk-resimleri-783x470.jpg 783w, https:\/\/uzem.omu.edu.tr\/wp-content\/uploads\/cocuk-resimleri-575x345.jpg 575w\" sizes=\"(max-width: 850px) 100vw, 850px\" \/><\/p>\n<p><strong>Content<\/strong>: During the developmental process, drawings are an important tool for children to express themselves. At the end of the certificate, participants will be able to evaluate children&#8217;s drawings according to developmental stages, identify symbolic expressions in children&#8217;s drawings, apply and evaluate the Goounoug Enours Man Draw Test.<\/p>\n<p><strong>Duration<\/strong>: 60 hours<\/p>\n<p><strong>Target group<\/strong>: Psychologists, psychological counselors, psychiatrists, psychiatry specialists, nurses with postgraduate education in psychiatry or child health and diseases, preschool teachers, social workers, family counselors, and graduate and doctoral students of these fields.[\/vc_column_text][\/vc_column][\/vc_row]<\/p>\n","protected":false},"excerpt":{"rendered":"<p>[vc_row][vc_column css=&#8221;.vc_custom_1707821871379{margin-left: 0px !important;padding-left: 0px !important;}&#8221;][vc_column_text css=&#8221;.vc_custom_1707821865580{margin-left: 0px !important;padding-left: 0px !important;}&#8221;] Content: During the developmental process, drawings are an important tool for children to express themselves. At the end of the certificate, participants will be able to evaluate children&#8217;s drawings according to developmental stages, identify symbolic expressions in children&#8217;s drawings, apply and evaluate the Goounoug Enours Man Draw Test. Duration: 60 hours Target group: Psychologists, psychological counselors, psychiatrists, psychiatry specialists, nurses with postgraduate education in psychiatry or child health and diseases, preschool teachers, social workers, family counselors, and graduate and doctoral students of these fields.[\/vc_column_text][\/vc_column][\/vc_row]<\/p>\n","protected":false},"author":11,"featured_media":0,"parent":0,"menu_order":0,"comment_status":"closed","ping_status":"closed","template":"","meta":[],"translation":{"provider":"WPGlobus","version":"2.12.2","language":"en","enabled_languages":["tr","en"],"languages":{"tr":{"title":true,"content":true,"excerpt":false},"en":{"title":true,"content":true,"excerpt":false}}},"yoast_head":"<!-- This site is optimized with the Yoast SEO plugin v17.4 - https:\/\/yoast.com\/wordpress\/plugins\/seo\/ -->\n<meta name=\"robots\" content=\"index, follow, max-snippet:-1, max-image-preview:large, max-video-preview:-1\" \/>\n<link rel=\"canonical\" href=\"https:\/\/uzem.omu.edu.tr\/cocuk-resimlerinin-analizi-sertifika-programi\/\" \/>\n<meta property=\"og:locale\" content=\"en_US\" \/>\n<meta property=\"og:type\" content=\"article\" \/>\n<meta property=\"og:title\" content=\"Certificate Program in the Analysis of Children&#039;s Paintings - OM\u00dc Uzaktan E\u011fitim Merkezi\" \/>\n<meta property=\"og:url\" content=\"https:\/\/uzem.omu.edu.tr\/cocuk-resimlerinin-analizi-sertifika-programi\/\" \/>\n<meta property=\"og:site_name\" content=\"OM\u00dc Uzaktan E\u011fitim Merkezi\" \/>\n<meta property=\"article:publisher\" content=\"https:\/\/www.facebook.com\/omu.uzem\" \/>\n<meta property=\"article:modified_time\" content=\"2026-01-08T07:01:33+00:00\" \/>\n<meta property=\"og:image\" content=\"https:\/\/uzem.omu.edu.tr\/wp-content\/uploads\/cocuk-resimleri.jpg\" \/>\n<meta name=\"twitter:card\" content=\"summary_large_image\" \/>\n<meta name=\"twitter:site\" content=\"@omuuzem\" \/>\n<meta name=\"twitter:label1\" content=\"Est. reading time\" \/>\n\t<meta name=\"twitter:data1\" content=\"1 minute\" \/>\n<script type=\"application\/ld+json\" class=\"yoast-schema-graph\">{\"@context\":\"https:\/\/schema.org\",\"@graph\":[{\"@type\":\"Organization\",\"@id\":\"https:\/\/uzem.omu.edu.tr\/#organization\",\"name\":\"UZEM\",\"url\":\"https:\/\/uzem.omu.edu.tr\/\",\"sameAs\":[\"https:\/\/www.facebook.com\/omu.uzem\",\"https:\/\/www.instagram.com\/omu.uzem\/\",\"https:\/\/www.youtube.com\/channel\/UCQ6c_wjaGQcIvBKTbPrOe2A\",\"https:\/\/twitter.com\/omuuzem\"],\"logo\":{\"@type\":\"ImageObject\",\"@id\":\"https:\/\/uzem.omu.edu.tr\/#logo\",\"inLanguage\":\"en-US\",\"url\":\"https:\/\/uzem.omu.edu.tr\/wp-content\/uploads\/ulogo-1.png\",\"contentUrl\":\"https:\/\/uzem.omu.edu.tr\/wp-content\/uploads\/ulogo-1.png\",\"width\":364,\"height\":39,\"caption\":\"UZEM\"},\"image\":{\"@id\":\"https:\/\/uzem.omu.edu.tr\/#logo\"}},{\"@type\":\"WebSite\",\"@id\":\"https:\/\/uzem.omu.edu.tr\/#website\",\"url\":\"https:\/\/uzem.omu.edu.tr\/\",\"name\":\"OM\\u00dc Uzaktan E\\u011fitim Merkezi\",\"description\":\"&quot;F\\u0131rsatlar Sunar&quot;\",\"publisher\":{\"@id\":\"https:\/\/uzem.omu.edu.tr\/#organization\"},\"potentialAction\":[{\"@type\":\"SearchAction\",\"target\":{\"@type\":\"EntryPoint\",\"urlTemplate\":\"https:\/\/uzem.omu.edu.tr\/?s={search_term_string}\"},\"query-input\":\"required name=search_term_string\"}],\"inLanguage\":\"en-US\"},{\"@type\":\"ImageObject\",\"@id\":\"https:\/\/uzem.omu.edu.tr\/cocuk-resimlerinin-analizi-sertifika-programi\/#primaryimage\",\"inLanguage\":\"en-US\",\"url\":\"https:\/\/uzem.omu.edu.tr\/wp-content\/uploads\/cocuk-resimleri.jpg\",\"contentUrl\":\"https:\/\/uzem.omu.edu.tr\/wp-content\/uploads\/cocuk-resimleri.jpg\",\"width\":850,\"height\":510},{\"@type\":\"WebPage\",\"@id\":\"https:\/\/uzem.omu.edu.tr\/cocuk-resimlerinin-analizi-sertifika-programi\/#webpage\",\"url\":\"https:\/\/uzem.omu.edu.tr\/cocuk-resimlerinin-analizi-sertifika-programi\/\",\"name\":\"Certificate Program in the Analysis of Children's Paintings - OM\\u00dc Uzaktan E\\u011fitim Merkezi\",\"isPartOf\":{\"@id\":\"https:\/\/uzem.omu.edu.tr\/#website\"},\"primaryImageOfPage\":{\"@id\":\"https:\/\/uzem.omu.edu.tr\/cocuk-resimlerinin-analizi-sertifika-programi\/#primaryimage\"},\"datePublished\":\"2021-11-27T07:58:10+00:00\",\"dateModified\":\"2026-01-08T07:01:33+00:00\",\"breadcrumb\":{\"@id\":\"https:\/\/uzem.omu.edu.tr\/cocuk-resimlerinin-analizi-sertifika-programi\/#breadcrumb\"},\"inLanguage\":\"en-US\",\"potentialAction\":[{\"@type\":\"ReadAction\",\"target\":[\"https:\/\/uzem.omu.edu.tr\/cocuk-resimlerinin-analizi-sertifika-programi\/\"]}]},{\"@type\":\"BreadcrumbList\",\"@id\":\"https:\/\/uzem.omu.edu.tr\/cocuk-resimlerinin-analizi-sertifika-programi\/#breadcrumb\",\"itemListElement\":[{\"@type\":\"ListItem\",\"position\":1,\"name\":\"Home\",\"item\":\"https:\/\/uzem.omu.edu.tr\/\"},{\"@type\":\"ListItem\",\"position\":2,\"name\":\"\\u00c7ocuk Resimlerinin Analizi Sertifika Program\\u0131\"}]}]}<\/script>\n<!-- \/ Yoast SEO plugin. -->","yoast_head_json":{"robots":{"index":"index","follow":"follow","max-snippet":"max-snippet:-1","max-image-preview":"max-image-preview:large","max-video-preview":"max-video-preview:-1"},"canonical":"https:\/\/uzem.omu.edu.tr\/cocuk-resimlerinin-analizi-sertifika-programi\/","og_locale":"en_US","og_type":"article","og_title":"Certificate Program in the Analysis of Children's Paintings - OM\u00dc Uzaktan E\u011fitim Merkezi","og_url":"https:\/\/uzem.omu.edu.tr\/cocuk-resimlerinin-analizi-sertifika-programi\/","og_site_name":"OM\u00dc Uzaktan E\u011fitim Merkezi","article_publisher":"https:\/\/www.facebook.com\/omu.uzem","article_modified_time":"2026-01-08T07:01:33+00:00","og_image":[{"url":"https:\/\/uzem.omu.edu.tr\/wp-content\/uploads\/cocuk-resimleri.jpg"}],"twitter_card":"summary_large_image","twitter_site":"@omuuzem","twitter_misc":{"Est. reading time":"1 minute"},"schema":{"@context":"https:\/\/schema.org","@graph":[{"@type":"Organization","@id":"https:\/\/uzem.omu.edu.tr\/#organization","name":"UZEM","url":"https:\/\/uzem.omu.edu.tr\/","sameAs":["https:\/\/www.facebook.com\/omu.uzem","https:\/\/www.instagram.com\/omu.uzem\/","https:\/\/www.youtube.com\/channel\/UCQ6c_wjaGQcIvBKTbPrOe2A","https:\/\/twitter.com\/omuuzem"],"logo":{"@type":"ImageObject","@id":"https:\/\/uzem.omu.edu.tr\/#logo","inLanguage":"en-US","url":"https:\/\/uzem.omu.edu.tr\/wp-content\/uploads\/ulogo-1.png","contentUrl":"https:\/\/uzem.omu.edu.tr\/wp-content\/uploads\/ulogo-1.png","width":364,"height":39,"caption":"UZEM"},"image":{"@id":"https:\/\/uzem.omu.edu.tr\/#logo"}},{"@type":"WebSite","@id":"https:\/\/uzem.omu.edu.tr\/#website","url":"https:\/\/uzem.omu.edu.tr\/","name":"OM\u00dc Uzaktan E\u011fitim Merkezi","description":"&quot;F\u0131rsatlar Sunar&quot;","publisher":{"@id":"https:\/\/uzem.omu.edu.tr\/#organization"},"potentialAction":[{"@type":"SearchAction","target":{"@type":"EntryPoint","urlTemplate":"https:\/\/uzem.omu.edu.tr\/?s={search_term_string}"},"query-input":"required name=search_term_string"}],"inLanguage":"en-US"},{"@type":"ImageObject","@id":"https:\/\/uzem.omu.edu.tr\/cocuk-resimlerinin-analizi-sertifika-programi\/#primaryimage","inLanguage":"en-US","url":"https:\/\/uzem.omu.edu.tr\/wp-content\/uploads\/cocuk-resimleri.jpg","contentUrl":"https:\/\/uzem.omu.edu.tr\/wp-content\/uploads\/cocuk-resimleri.jpg","width":850,"height":510},{"@type":"WebPage","@id":"https:\/\/uzem.omu.edu.tr\/cocuk-resimlerinin-analizi-sertifika-programi\/#webpage","url":"https:\/\/uzem.omu.edu.tr\/cocuk-resimlerinin-analizi-sertifika-programi\/","name":"Certificate Program in the Analysis of Children's Paintings - OM\u00dc Uzaktan E\u011fitim Merkezi","isPartOf":{"@id":"https:\/\/uzem.omu.edu.tr\/#website"},"primaryImageOfPage":{"@id":"https:\/\/uzem.omu.edu.tr\/cocuk-resimlerinin-analizi-sertifika-programi\/#primaryimage"},"datePublished":"2021-11-27T07:58:10+00:00","dateModified":"2026-01-08T07:01:33+00:00","breadcrumb":{"@id":"https:\/\/uzem.omu.edu.tr\/cocuk-resimlerinin-analizi-sertifika-programi\/#breadcrumb"},"inLanguage":"en-US","potentialAction":[{"@type":"ReadAction","target":["https:\/\/uzem.omu.edu.tr\/cocuk-resimlerinin-analizi-sertifika-programi\/"]}]},{"@type":"BreadcrumbList","@id":"https:\/\/uzem.omu.edu.tr\/cocuk-resimlerinin-analizi-sertifika-programi\/#breadcrumb","itemListElement":[{"@type":"ListItem","position":1,"name":"Home","item":"https:\/\/uzem.omu.edu.tr\/"},{"@type":"ListItem","position":2,"name":"\u00c7ocuk Resimlerinin Analizi Sertifika Program\u0131"}]}]}},"_links":{"self":[{"href":"https:\/\/uzem.omu.edu.tr\/en\/wp-json\/wp\/v2\/pages\/22889"}],"collection":[{"href":"https:\/\/uzem.omu.edu.tr\/en\/wp-json\/wp\/v2\/pages"}],"about":[{"href":"https:\/\/uzem.omu.edu.tr\/en\/wp-json\/wp\/v2\/types\/page"}],"author":[{"embeddable":true,"href":"https:\/\/uzem.omu.edu.tr\/en\/wp-json\/wp\/v2\/users\/11"}],"replies":[{"embeddable":true,"href":"https:\/\/uzem.omu.edu.tr\/en\/wp-json\/wp\/v2\/comments?post=22889"}],"version-history":[{"count":6,"href":"https:\/\/uzem.omu.edu.tr\/en\/wp-json\/wp\/v2\/pages\/22889\/revisions"}],"predecessor-version":[{"id":27417,"href":"https:\/\/uzem.omu.edu.tr\/en\/wp-json\/wp\/v2\/pages\/22889\/revisions\/27417"}],"wp:attachment":[{"href":"https:\/\/uzem.omu.edu.tr\/en\/wp-json\/wp\/v2\/media?parent=22889"}],"curies":[{"name":"wp","href":"https:\/\/api.w.org\/{rel}","templated":true}]}}