{"id":2230,"date":"2015-06-01T08:16:08","date_gmt":"2015-06-01T08:16:08","guid":{"rendered":"https:\/\/uzem.omu.edu.tr\/?page_id=2230"},"modified":"2023-02-27T10:59:14","modified_gmt":"2023-02-27T07:59:14","slug":"egitim-portali-3","status":"publish","type":"page","link":"https:\/\/uzem.omu.edu.tr\/en\/egitim-portali-3\/","title":{"rendered":"E\u011fitim Portal\u0131"},"content":{"rendered":"<p>[vc_row bg_type=&#8221;bg_color&#8221; bg_override=&#8221;full&#8221; parallax_content=&#8221;off&#8221; fadeout_row=&#8221;off&#8221; seperator_enable=&#8221;off&#8221; css=&#8221;.vc_custom_1433074690547{margin-top: 30px !important;margin-bottom: 0px !important;margin-left: 0px !important;border-right-width: 0px !important;background-position: 0 0 !important;background-repeat: repeat !important;}&#8221; bg_color_value=&#8221;#dd3333&#8243;][vc_column width=&#8221;1\/3&#8243; css=&#8221;.vc_custom_1433075767865{padding-right: 0px !important;padding-left: 0px !important;}&#8221;][vc_column_text]<\/p>\n<h2 style=\"text-align: center;\"><i class=\" icon-check\"><\/i>\u00a0E\u011fitim Portal\u0131n\u0131 Buradan A\u00e7\u0131n<\/h2>\n<p>[\/vc_column_text][vc_raw_html]JTIwJTIwJTNDZGl2JTIwaWQlM0QlMjJib2x1bS1tZW51bGVyaS1rb250ZXluZXIlMjIlM0UlMEElMjAlMjAlMjAlMjAlM0NhJTIwY2xhc3MlM0QlMjJib2x1bS1tZW51bGVyaS1saW5rJTIyJTIwaHJlZiUzRCUyMmh0dHAlM0ElMkYlMkZlZGVycy5vbXUuZWR1LnRyJTJGJTIyJTNFJTBBJTIwJTIwJTIwJTIwJTIwJTIwJTNDZGl2JTIwY2xhc3MlM0QlMjJib2x1bS1tZW51bGVyaSUyMG1vciUyMiUzRSUwQSUyMCUyMCUyMCUyMCUyMCUyMCUyMCUyMCUzQ2RpdiUyMGNsYXNzJTNEJTIyYm9sdW0taWtvbnUlMjIlM0UlM0NpJTIwY2xhc3MlM0QlMjJmYSUyMGZhLWRlc2t0b3AlMjIlM0UlM0MlMkZpJTNFJTNDJTJGZGl2JTNFJTBBJTIwJTIwJTIwJTIwJTIwJTIwJTIwJTIwJTNDc3Ryb25nJTNFJTNDc3BhbiUyMGNsYXNzJTNEJTIyZmlyc3Qtd29yZC1ib2x1bSUyMiUzRVVaRU0lMjBPcnRhayUyMERlcnNsZXIlMjBQb3J0YWwlQzQlQjElM0MlMkZzcGFuJTNFJTNDJTJGc3Ryb25nJTNFJTNDYnIlM0UlM0NiciUzRSUwQSUyMCUyMCUyMCUyMCUyMCUyMCUyMCUyMCUyMCUyMCUzQ3NwYW4lMjBjbGFzcyUzRCUyMnNlY29uZC13b3JkLWJvbHVtJTIyJTNFT00lQzMlOUMlMjBrYW1wJUMzJUJDcyUyMGklQzMlQTdpJTIwb3J0YWslMjBkZXJzbGVyJTIwcG9ydGFsJUM0JUIxJTNDJTJGc3BhbiUzRSUwQSUyMCUyMCUyMCUyMCUyMCUyMCUyMCUyMCUwQSUyMCUyMCUyMCUyMCUyMCUyMCUzQyUyRmRpdiUzRSUwQSUyMCUyMCUyMCUyMCUzQyUyRmElM0UlMEElMjAlMjAlM0MlMkZkaXYlM0UlMEElMEElMjAlMjAlM0NzdHlsZSUyMHR5cGUlM0QlMjJ0ZXh0JTJGY3NzJTIyJTNFJTBBJTIwJTIwYS5ib2x1bS1tZW51bGVyaS1saW5rJTdCJTBBJTIwJTIwJTIwJTIwd2lkdGglM0ExMDAlMjUlM0IlMEElMjAlMjAlMjAlMjBjb2xvciUzQXdoaXRlJTNCJTBBJTIwJTIwJTIwJTIwdGV4dC1kZWNvcmF0aW9uJTNBbm9uZSUzQiUwQSUyMCUyMCU3RCUwQSUwQSUwQSUyMCUyMCUyM2JvbHVtLW1lbnVsZXJpLWtvbnRleW5lciUyMCU3QiUwQSUyMCUyMCUyMCUyMGRpc3BsYXklM0ElMjAtd2Via2l0LWZsZXglM0IlMEElMjAlMjAlMjAlMjBkaXNwbGF5JTNBJTIwZmxleCUzQiUwQSUyMCUyMCUyMCUyMGZvbnQtc2l6ZSUzQTE4cHglM0IlMEElMjAlMjAlMjAlMjB3aWR0aCUzQSUyMDEwMCUyNSUzQiUwQSUyMCUyMCU3RCUwQSUyMCUyMC5ib2x1bS1tZW51bGVyaSUyMCU3QiUwQSUyMCUyMCUyMCUyMGZsZXglM0ElMjAxJTNCJTBBJTIwJTIwJTIwJTIwb3JkZXIlM0ElMjAyJTNCJTBBJTIwJTIwJTIwJTIwdGV4dC1hbGlnbiUzQWNlbnRlciUzQiUwQSUyMCUyMCUyMCUyMCUyMCUyMHBhZGRpbmclM0ElMjAxMHB4JTIwMHB4JTIwMTBweCUyMDBweCUzQiUwQSUyMCUyMCUyMCUyMHBhZGRpbmctYm90dG9tJTNBMjVweCUzQiUwQSUyMCUyMCU3RCUwQSUyMCUyMC5tb3IlN0JiYWNrZ3JvdW5kLWNvbG9yJTNBJTIzYzUxODM4JTNCJTdEJTBBJTBBJTIwJTIwLm1vciUzQWhvdmVyJTdCYmFja2dyb3VuZC1jb2xvciUzQSUyM0E0MTEyQyUzQiU3RCUwQSUwQSUyMCUyMCU0MG1lZGlhJTIwc2NyZWVuJTIwYW5kJTIwJTI4bWF4LXdpZHRoJTNBJTIwNTMwcHglMjklMjAlN0IlMEElMjAlMjAlMjAlMjBzcGFuLmZpcnN0LXdvcmQtYm9sdW0lN0IlMEElMjAlMjAlMjAlMjAlMjAlMjBkaXNwbGF5JTNBJTIwYmxvY2slM0IlMEElMjAlMjAlMjAlMjAlN0QlMEElMEElMjAlMjAlMjAlMjAuYm9sdW0tbWVudWxlcmklMjBzcGFuJTdCJTBBJTIwJTIwJTIwJTIwJTIwJTIwZm9udC1zaXplJTNBJTIwMTVweCUzQiUwQSUyMCUyMCUyMCUyMCU3RCUwQSUyMCUyMCU3RCUwQSUwQSUyMCUyMCU0MG1lZGlhJTIwc2NyZWVuJTIwYW5kJTIwJTI4bWF4LXdpZHRoJTNBJTIwMzUwcHglMjklMjAlN0IlMEElMjAlMjAlMjAlMjAuYm9sdW0tbWVudWxlcmklMjBzcGFuJTdCJTBBJTIwJTIwJTIwJTIwJTIwJTIwZm9udC1zaXplJTNBJTIwMTNweCUzQiUwQSUyMCUyMCUyMCUyMCU3RCUwQSUyMCUyMCU3RCUwQSUwQSUyMCUyMCU0MG1lZGlhJTIwc2NyZWVuJTIwYW5kJTIwJTI4bWF4LXdpZHRoJTNBJTIwNjMzcHglMjklMjAlN0IlMEElMjAlMjAuYm9sdW0tbWVudWxlcmklN0IlMEElMjAlMjBoZWlnaHQlM0ElMjA4NXB4JTNCJTBBJTIwJTIwJTdEJTBBJTIwJTIwJTdEJTBBJTBBJTIwJTIwLmJvbHVtLWlrb251JTIwJTdCJTBBJTIwJTIwJTIwJTIwJTIwJTIwZm9udC1zaXplJTNBJTIwNjVweCUzQiUwQSUyMCUyMCUyMCUyMCUyMCUyMG1hcmdpbi1ib3R0b20lM0ElMjA1cHglM0IlMEElMjAlMjAlN0QlMEElMjAlMjAlM0MlMkZzdHlsZSUzRQ==[\/vc_raw_html][\/vc_column][vc_column width=&#8221;2\/3&#8243; css=&#8221;.vc_custom_1433146010195{padding-left: 30px !important;}&#8221;][vc_column_text]<\/p>\n<h2 style=\"text-align: justify;\"><i class=\" icon-info-sign\"><\/i> Sisteme Giri\u015f Notlar\u0131<\/h2>\n<p style=\"text-align: justify; font-size: 15px;\">E\u011fitim Portal\u0131na giri\u015f yapabilmeniz i\u00e7in Ondokuz May\u0131s \u00dcniversitesi Uzaktan E\u011fitim Merkezi\u2019ne ba\u011fl\u0131 bir e\u011fitim program\u0131nda \u00f6\u011frenci olman\u0131z gerekmektedir. Sisteme kay\u0131tl\u0131 bir \u00f6\u011frenci iseniz \u015fifre ve kullan\u0131c\u0131 ad\u0131n\u0131z a\u015fa\u011f\u0131daki gibidir:<\/p>\n<p>[\/vc_column_text][vc_message message_box_style=&#8221;solid&#8221; style=&#8221;square&#8221; message_box_color=&#8221;sky&#8221; icon_fontawesome=&#8221;fa fa-info-circle&#8221;]<\/p>\n<p style=\"text-align: justify; font-size: 16px;\"><strong>Kullan\u0131c\u0131 Ad\u0131<\/strong>: \u00d6\u011frenci numaran\u0131z<\/p>\n<p style=\"text-align: justify; font-size: 16px;\"><strong>\u015eifre<\/strong>: TC Kimlik Numaran\u0131z\u0131n ilk 6 rakam\u0131 ve b\u00fcy\u00fck harflerle (bo\u015fluk b\u0131rakmadan) isminizin ilk 3 harfidir.<\/p>\n<p>[\/vc_message][vc_column_text]<\/p>\n<p style=\"text-align: justify; font-size: 15px;\">\u00d6rne\u011fin: T.C Kimlik Numaran\u0131z 14894378219 ad\u0131n\u0131z da \u00c7\u0130\u011eDEM olsun; bu durumda ders sistemine girebilmek i\u00e7in \u015fifreniz 148943\u00c7\u0130\u011e \u015feklinde olacakt\u0131r.<\/p>\n<p>[\/vc_column_text][\/vc_column][\/vc_row]<\/p>\n","protected":false},"excerpt":{"rendered":"<p>[vc_row bg_type=&#8221;bg_color&#8221; bg_override=&#8221;full&#8221; parallax_content=&#8221;off&#8221; fadeout_row=&#8221;off&#8221; seperator_enable=&#8221;off&#8221; css=&#8221;.vc_custom_1433074690547{margin-top: 30px !important;margin-bottom: 0px !important;margin-left: 0px !important;border-right-width: 0px !important;background-position: 0 0 !important;background-repeat: repeat !important;}&#8221; bg_color_value=&#8221;#dd3333&#8243;][vc_column width=&#8221;1\/3&#8243; css=&#8221;.vc_custom_1433075767865{padding-right: 0px !important;padding-left: 0px !important;}&#8221;][vc_column_text] \u00a0E\u011fitim Portal\u0131n\u0131 Buradan A\u00e7\u0131n [\/vc_column_text][vc_raw_html]JTIwJTIwJTNDZGl2JTIwaWQlM0QlMjJib2x1bS1tZW51bGVyaS1rb250ZXluZXIlMjIlM0UlMEElMjAlMjAlMjAlMjAlM0NhJTIwY2xhc3MlM0QlMjJib2x1bS1tZW51bGVyaS1saW5rJTIyJTIwaHJlZiUzRCUyMmh0dHAlM0ElMkYlMkZlZGVycy5vbXUuZWR1LnRyJTJGJTIyJTNFJTBBJTIwJTIwJTIwJTIwJTIwJTIwJTNDZGl2JTIwY2xhc3MlM0QlMjJib2x1bS1tZW51bGVyaSUyMG1vciUyMiUzRSUwQSUyMCUyMCUyMCUyMCUyMCUyMCUyMCUyMCUzQ2RpdiUyMGNsYXNzJTNEJTIyYm9sdW0taWtvbnUlMjIlM0UlM0NpJTIwY2xhc3MlM0QlMjJmYSUyMGZhLWRlc2t0b3AlMjIlM0UlM0MlMkZpJTNFJTNDJTJGZGl2JTNFJTBBJTIwJTIwJTIwJTIwJTIwJTIwJTIwJTIwJTNDc3Ryb25nJTNFJTNDc3BhbiUyMGNsYXNzJTNEJTIyZmlyc3Qtd29yZC1ib2x1bSUyMiUzRVVaRU0lMjBPcnRhayUyMERlcnNsZXIlMjBQb3J0YWwlQzQlQjElM0MlMkZzcGFuJTNFJTNDJTJGc3Ryb25nJTNFJTNDYnIlM0UlM0NiciUzRSUwQSUyMCUyMCUyMCUyMCUyMCUyMCUyMCUyMCUyMCUyMCUzQ3NwYW4lMjBjbGFzcyUzRCUyMnNlY29uZC13b3JkLWJvbHVtJTIyJTNFT00lQzMlOUMlMjBrYW1wJUMzJUJDcyUyMGklQzMlQTdpJTIwb3J0YWslMjBkZXJzbGVyJTIwcG9ydGFsJUM0JUIxJTNDJTJGc3BhbiUzRSUwQSUyMCUyMCUyMCUyMCUyMCUyMCUyMCUyMCUwQSUyMCUyMCUyMCUyMCUyMCUyMCUzQyUyRmRpdiUzRSUwQSUyMCUyMCUyMCUyMCUzQyUyRmElM0UlMEElMjAlMjAlM0MlMkZkaXYlM0UlMEElMEElMjAlMjAlM0NzdHlsZSUyMHR5cGUlM0QlMjJ0ZXh0JTJGY3NzJTIyJTNFJTBBJTIwJTIwYS5ib2x1bS1tZW51bGVyaS1saW5rJTdCJTBBJTIwJTIwJTIwJTIwd2lkdGglM0ExMDAlMjUlM0IlMEElMjAlMjAlMjAlMjBjb2xvciUzQXdoaXRlJTNCJTBBJTIwJTIwJTIwJTIwdGV4dC1kZWNvcmF0aW9uJTNBbm9uZSUzQiUwQSUyMCUyMCU3RCUwQSUwQSUwQSUyMCUyMCUyM2JvbHVtLW1lbnVsZXJpLWtvbnRleW5lciUyMCU3QiUwQSUyMCUyMCUyMCUyMGRpc3BsYXklM0ElMjAtd2Via2l0LWZsZXglM0IlMEElMjAlMjAlMjAlMjBkaXNwbGF5JTNBJTIwZmxleCUzQiUwQSUyMCUyMCUyMCUyMGZvbnQtc2l6ZSUzQTE4cHglM0IlMEElMjAlMjAlMjAlMjB3aWR0aCUzQSUyMDEwMCUyNSUzQiUwQSUyMCUyMCU3RCUwQSUyMCUyMC5ib2x1bS1tZW51bGVyaSUyMCU3QiUwQSUyMCUyMCUyMCUyMGZsZXglM0ElMjAxJTNCJTBBJTIwJTIwJTIwJTIwb3JkZXIlM0ElMjAyJTNCJTBBJTIwJTIwJTIwJTIwdGV4dC1hbGlnbiUzQWNlbnRlciUzQiUwQSUyMCUyMCUyMCUyMCUyMCUyMHBhZGRpbmclM0ElMjAxMHB4JTIwMHB4JTIwMTBweCUyMDBweCUzQiUwQSUyMCUyMCUyMCUyMHBhZGRpbmctYm90dG9tJTNBMjVweCUzQiUwQSUyMCUyMCU3RCUwQSUyMCUyMC5tb3IlN0JiYWNrZ3JvdW5kLWNvbG9yJTNBJTIzYzUxODM4JTNCJTdEJTBBJTBBJTIwJTIwLm1vciUzQWhvdmVyJTdCYmFja2dyb3VuZC1jb2xvciUzQSUyM0E0MTEyQyUzQiU3RCUwQSUwQSUyMCUyMCU0MG1lZGlhJTIwc2NyZWVuJTIwYW5kJTIwJTI4bWF4LXdpZHRoJTNBJTIwNTMwcHglMjklMjAlN0IlMEElMjAlMjAlMjAlMjBzcGFuLmZpcnN0LXdvcmQtYm9sdW0lN0IlMEElMjAlMjAlMjAlMjAlMjAlMjBkaXNwbGF5JTNBJTIwYmxvY2slM0IlMEElMjAlMjAlMjAlMjAlN0QlMEElMEElMjAlMjAlMjAlMjAuYm9sdW0tbWVudWxlcmklMjBzcGFuJTdCJTBBJTIwJTIwJTIwJTIwJTIwJTIwZm9udC1zaXplJTNBJTIwMTVweCUzQiUwQSUyMCUyMCUyMCUyMCU3RCUwQSUyMCUyMCU3RCUwQSUwQSUyMCUyMCU0MG1lZGlhJTIwc2NyZWVuJTIwYW5kJTIwJTI4bWF4LXdpZHRoJTNBJTIwMzUwcHglMjklMjAlN0IlMEElMjAlMjAlMjAlMjAuYm9sdW0tbWVudWxlcmklMjBzcGFuJTdCJTBBJTIwJTIwJTIwJTIwJTIwJTIwZm9udC1zaXplJTNBJTIwMTNweCUzQiUwQSUyMCUyMCUyMCUyMCU3RCUwQSUyMCUyMCU3RCUwQSUwQSUyMCUyMCU0MG1lZGlhJTIwc2NyZWVuJTIwYW5kJTIwJTI4bWF4LXdpZHRoJTNBJTIwNjMzcHglMjklMjAlN0IlMEElMjAlMjAuYm9sdW0tbWVudWxlcmklN0IlMEElMjAlMjBoZWlnaHQlM0ElMjA4NXB4JTNCJTBBJTIwJTIwJTdEJTBBJTIwJTIwJTdEJTBBJTBBJTIwJTIwLmJvbHVtLWlrb251JTIwJTdCJTBBJTIwJTIwJTIwJTIwJTIwJTIwZm9udC1zaXplJTNBJTIwNjVweCUzQiUwQSUyMCUyMCUyMCUyMCUyMCUyMG1hcmdpbi1ib3R0b20lM0ElMjA1cHglM0IlMEElMjAlMjAlN0QlMEElMjAlMjAlM0MlMkZzdHlsZSUzRQ==[\/vc_raw_html][\/vc_column][vc_column width=&#8221;2\/3&#8243; css=&#8221;.vc_custom_1433146010195{padding-left: 30px !important;}&#8221;][vc_column_text] Sisteme Giri\u015f Notlar\u0131 E\u011fitim Portal\u0131na giri\u015f yapabilmeniz i\u00e7in Ondokuz May\u0131s \u00dcniversitesi Uzaktan E\u011fitim Merkezi\u2019ne ba\u011fl\u0131 bir e\u011fitim program\u0131nda \u00f6\u011frenci olman\u0131z gerekmektedir. Sisteme kay\u0131tl\u0131 bir \u00f6\u011frenci iseniz \u015fifre ve kullan\u0131c\u0131 ad\u0131n\u0131z a\u015fa\u011f\u0131daki gibidir: [\/vc_column_text][vc_message message_box_style=&#8221;solid&#8221; style=&#8221;square&#8221; message_box_color=&#8221;sky&#8221; icon_fontawesome=&#8221;fa fa-info-circle&#8221;] Kullan\u0131c\u0131 Ad\u0131: \u00d6\u011frenci numaran\u0131z \u015eifre: TC Kimlik Numaran\u0131z\u0131n ilk 6 rakam\u0131 ve b\u00fcy\u00fck harflerle (bo\u015fluk b\u0131rakmadan) isminizin ilk 3 harfidir. [\/vc_message][vc_column_text] \u00d6rne\u011fin: T.C Kimlik Numaran\u0131z 14894378219 ad\u0131n\u0131z da \u00c7\u0130\u011eDEM olsun; bu durumda ders sistemine girebilmek i\u00e7in \u015fifreniz 148943\u00c7\u0130\u011e \u015feklinde olacakt\u0131r. [\/vc_column_text][\/vc_column][\/vc_row]<\/p>\n","protected":false},"author":1,"featured_media":0,"parent":0,"menu_order":0,"comment_status":"closed","ping_status":"closed","template":"","meta":[],"translation":{"provider":"WPGlobus","version":"2.12.2","language":"en","enabled_languages":["tr","en"],"languages":{"tr":{"title":true,"content":true,"excerpt":false},"en":{"title":false,"content":false,"excerpt":false}}},"yoast_head":"<!-- This site is optimized with the Yoast SEO plugin v17.4 - https:\/\/yoast.com\/wordpress\/plugins\/seo\/ -->\n<meta name=\"robots\" content=\"index, follow, max-snippet:-1, max-image-preview:large, max-video-preview:-1\" \/>\n<link rel=\"canonical\" href=\"https:\/\/uzem.omu.edu.tr\/egitim-portali-3\/\" \/>\n<meta property=\"og:locale\" content=\"en_US\" \/>\n<meta property=\"og:type\" content=\"article\" \/>\n<meta property=\"og:title\" content=\"E\u011fitim Portal\u0131 - OM\u00dc Uzaktan E\u011fitim Merkezi\" \/>\n<meta property=\"og:url\" content=\"https:\/\/uzem.omu.edu.tr\/egitim-portali-3\/\" \/>\n<meta property=\"og:site_name\" content=\"OM\u00dc Uzaktan E\u011fitim Merkezi\" \/>\n<meta property=\"article:publisher\" content=\"https:\/\/www.facebook.com\/omu.uzem\" \/>\n<meta property=\"article:modified_time\" content=\"2023-02-27T07:59:14+00:00\" \/>\n<meta name=\"twitter:card\" content=\"summary_large_image\" \/>\n<meta name=\"twitter:site\" content=\"@omuuzem\" \/>\n<meta name=\"twitter:label1\" content=\"Est. reading time\" \/>\n\t<meta name=\"twitter:data1\" content=\"2 minutes\" \/>\n<script type=\"application\/ld+json\" class=\"yoast-schema-graph\">{\"@context\":\"https:\/\/schema.org\",\"@graph\":[{\"@type\":\"Organization\",\"@id\":\"https:\/\/uzem.omu.edu.tr\/#organization\",\"name\":\"UZEM\",\"url\":\"https:\/\/uzem.omu.edu.tr\/\",\"sameAs\":[\"https:\/\/www.facebook.com\/omu.uzem\",\"https:\/\/www.instagram.com\/omu.uzem\/\",\"https:\/\/www.youtube.com\/channel\/UCQ6c_wjaGQcIvBKTbPrOe2A\",\"https:\/\/twitter.com\/omuuzem\"],\"logo\":{\"@type\":\"ImageObject\",\"@id\":\"https:\/\/uzem.omu.edu.tr\/#logo\",\"inLanguage\":\"en-US\",\"url\":\"https:\/\/uzem.omu.edu.tr\/wp-content\/uploads\/ulogo-1.png\",\"contentUrl\":\"https:\/\/uzem.omu.edu.tr\/wp-content\/uploads\/ulogo-1.png\",\"width\":364,\"height\":39,\"caption\":\"UZEM\"},\"image\":{\"@id\":\"https:\/\/uzem.omu.edu.tr\/#logo\"}},{\"@type\":\"WebSite\",\"@id\":\"https:\/\/uzem.omu.edu.tr\/#website\",\"url\":\"https:\/\/uzem.omu.edu.tr\/\",\"name\":\"OM\\u00dc Uzaktan E\\u011fitim Merkezi\",\"description\":\"&quot;F\\u0131rsatlar Sunar&quot;\",\"publisher\":{\"@id\":\"https:\/\/uzem.omu.edu.tr\/#organization\"},\"potentialAction\":[{\"@type\":\"SearchAction\",\"target\":{\"@type\":\"EntryPoint\",\"urlTemplate\":\"https:\/\/uzem.omu.edu.tr\/?s={search_term_string}\"},\"query-input\":\"required name=search_term_string\"}],\"inLanguage\":\"en-US\"},{\"@type\":\"WebPage\",\"@id\":\"https:\/\/uzem.omu.edu.tr\/egitim-portali-3\/#webpage\",\"url\":\"https:\/\/uzem.omu.edu.tr\/egitim-portali-3\/\",\"name\":\"E\\u011fitim Portal\\u0131 - OM\\u00dc Uzaktan E\\u011fitim Merkezi\",\"isPartOf\":{\"@id\":\"https:\/\/uzem.omu.edu.tr\/#website\"},\"datePublished\":\"2015-06-01T08:16:08+00:00\",\"dateModified\":\"2023-02-27T07:59:14+00:00\",\"breadcrumb\":{\"@id\":\"https:\/\/uzem.omu.edu.tr\/egitim-portali-3\/#breadcrumb\"},\"inLanguage\":\"en-US\",\"potentialAction\":[{\"@type\":\"ReadAction\",\"target\":[\"https:\/\/uzem.omu.edu.tr\/egitim-portali-3\/\"]}]},{\"@type\":\"BreadcrumbList\",\"@id\":\"https:\/\/uzem.omu.edu.tr\/egitim-portali-3\/#breadcrumb\",\"itemListElement\":[{\"@type\":\"ListItem\",\"position\":1,\"name\":\"Home\",\"item\":\"https:\/\/uzem.omu.edu.tr\/\"},{\"@type\":\"ListItem\",\"position\":2,\"name\":\"E\\u011fitim Portal\\u0131\"}]}]}<\/script>\n<!-- \/ Yoast SEO plugin. -->","yoast_head_json":{"robots":{"index":"index","follow":"follow","max-snippet":"max-snippet:-1","max-image-preview":"max-image-preview:large","max-video-preview":"max-video-preview:-1"},"canonical":"https:\/\/uzem.omu.edu.tr\/egitim-portali-3\/","og_locale":"en_US","og_type":"article","og_title":"E\u011fitim Portal\u0131 - OM\u00dc Uzaktan E\u011fitim Merkezi","og_url":"https:\/\/uzem.omu.edu.tr\/egitim-portali-3\/","og_site_name":"OM\u00dc Uzaktan E\u011fitim Merkezi","article_publisher":"https:\/\/www.facebook.com\/omu.uzem","article_modified_time":"2023-02-27T07:59:14+00:00","twitter_card":"summary_large_image","twitter_site":"@omuuzem","twitter_misc":{"Est. reading time":"2 minutes"},"schema":{"@context":"https:\/\/schema.org","@graph":[{"@type":"Organization","@id":"https:\/\/uzem.omu.edu.tr\/#organization","name":"UZEM","url":"https:\/\/uzem.omu.edu.tr\/","sameAs":["https:\/\/www.facebook.com\/omu.uzem","https:\/\/www.instagram.com\/omu.uzem\/","https:\/\/www.youtube.com\/channel\/UCQ6c_wjaGQcIvBKTbPrOe2A","https:\/\/twitter.com\/omuuzem"],"logo":{"@type":"ImageObject","@id":"https:\/\/uzem.omu.edu.tr\/#logo","inLanguage":"en-US","url":"https:\/\/uzem.omu.edu.tr\/wp-content\/uploads\/ulogo-1.png","contentUrl":"https:\/\/uzem.omu.edu.tr\/wp-content\/uploads\/ulogo-1.png","width":364,"height":39,"caption":"UZEM"},"image":{"@id":"https:\/\/uzem.omu.edu.tr\/#logo"}},{"@type":"WebSite","@id":"https:\/\/uzem.omu.edu.tr\/#website","url":"https:\/\/uzem.omu.edu.tr\/","name":"OM\u00dc Uzaktan E\u011fitim Merkezi","description":"&quot;F\u0131rsatlar Sunar&quot;","publisher":{"@id":"https:\/\/uzem.omu.edu.tr\/#organization"},"potentialAction":[{"@type":"SearchAction","target":{"@type":"EntryPoint","urlTemplate":"https:\/\/uzem.omu.edu.tr\/?s={search_term_string}"},"query-input":"required name=search_term_string"}],"inLanguage":"en-US"},{"@type":"WebPage","@id":"https:\/\/uzem.omu.edu.tr\/egitim-portali-3\/#webpage","url":"https:\/\/uzem.omu.edu.tr\/egitim-portali-3\/","name":"E\u011fitim Portal\u0131 - OM\u00dc Uzaktan E\u011fitim Merkezi","isPartOf":{"@id":"https:\/\/uzem.omu.edu.tr\/#website"},"datePublished":"2015-06-01T08:16:08+00:00","dateModified":"2023-02-27T07:59:14+00:00","breadcrumb":{"@id":"https:\/\/uzem.omu.edu.tr\/egitim-portali-3\/#breadcrumb"},"inLanguage":"en-US","potentialAction":[{"@type":"ReadAction","target":["https:\/\/uzem.omu.edu.tr\/egitim-portali-3\/"]}]},{"@type":"BreadcrumbList","@id":"https:\/\/uzem.omu.edu.tr\/egitim-portali-3\/#breadcrumb","itemListElement":[{"@type":"ListItem","position":1,"name":"Home","item":"https:\/\/uzem.omu.edu.tr\/"},{"@type":"ListItem","position":2,"name":"E\u011fitim Portal\u0131"}]}]}},"_links":{"self":[{"href":"https:\/\/uzem.omu.edu.tr\/en\/wp-json\/wp\/v2\/pages\/2230"}],"collection":[{"href":"https:\/\/uzem.omu.edu.tr\/en\/wp-json\/wp\/v2\/pages"}],"about":[{"href":"https:\/\/uzem.omu.edu.tr\/en\/wp-json\/wp\/v2\/types\/page"}],"author":[{"embeddable":true,"href":"https:\/\/uzem.omu.edu.tr\/en\/wp-json\/wp\/v2\/users\/1"}],"replies":[{"embeddable":true,"href":"https:\/\/uzem.omu.edu.tr\/en\/wp-json\/wp\/v2\/comments?post=2230"}],"version-history":[{"count":1,"href":"https:\/\/uzem.omu.edu.tr\/en\/wp-json\/wp\/v2\/pages\/2230\/revisions"}],"predecessor-version":[{"id":24605,"href":"https:\/\/uzem.omu.edu.tr\/en\/wp-json\/wp\/v2\/pages\/2230\/revisions\/24605"}],"wp:attachment":[{"href":"https:\/\/uzem.omu.edu.tr\/en\/wp-json\/wp\/v2\/media?parent=2230"}],"curies":[{"name":"wp","href":"https:\/\/api.w.org\/{rel}","templated":true}]}}