{"id":22,"date":"2015-02-14T12:58:27","date_gmt":"2015-02-14T12:58:27","guid":{"rendered":"http:\/\/localhost:8888\/uzem_yeni\/wp-tema\/?page_id=22"},"modified":"2024-03-04T11:02:17","modified_gmt":"2024-03-04T08:02:17","slug":"mudur","status":"publish","type":"page","link":"https:\/\/uzem.omu.edu.tr\/en\/mudur\/","title":{"rendered":"Manager"},"content":{"rendered":"<p>[vc_row css=&#8221;.vc_custom_1529993281335{margin-top: -0px !important;margin-right: 0px !important;margin-left: 0px !important;padding-top: 0px !important;padding-right: 0px !important;padding-left: 0px !important;}&#8221;][vc_column width=&#8221;1\/2&#8243; css=&#8221;.vc_custom_1475664676064{margin-top: 5px !important;margin-left: 0px !important;padding-left: 0px !important;}&#8221;][\/vc_column][vc_column width=&#8221;1\/2&#8243; css=&#8221;.vc_custom_1475664698664{margin-top: 5px !important;margin-right: 0px !important;margin-bottom: 0px !important;margin-left: 0px !important;padding-right: 0px !important;padding-bottom: 0px !important;padding-left: 0px !important;}&#8221;][\/vc_column][\/vc_row][vc_row bg_type=&#8221;no_bg&#8221; css=&#8221;.vc_custom_1475664664441{margin-top: 0px !important;margin-right: 0px !important;margin-left: 0px !important;padding-top: 0px !important;padding-right: 0px !important;padding-left: 0px !important;}&#8221;][vc_column width=&#8221;1\/2&#8243; css=&#8221;.vc_custom_1510987628946{margin-left: 0px !important;padding-left: 0px !important;}&#8221;][vc_column_text el_class=&#8221;menu-basligi&#8221; css=&#8221;.vc_custom_1709539281444{padding-top: -10px !important;}&#8221;]Assistant Professor HASAN ATSIZ[\/vc_column_text][vc_empty_space height=&#8221;15px&#8221;][vc_column_text css=&#8221;.vc_custom_1678197416357{margin-top: -20px !important;padding-top: -20px !important;}&#8221;]<img loading=\"lazy\" class=\"alignleft size-large wp-image-24673\" src=\"https:\/\/uzem.omu.edu.tr\/wp-content\/uploads\/dr.hasan-atsiz-1024x461.jpg\" alt=\"\" width=\"783\" height=\"353\" srcset=\"https:\/\/uzem.omu.edu.tr\/wp-content\/uploads\/dr.hasan-atsiz-1024x461.jpg 1024w, https:\/\/uzem.omu.edu.tr\/wp-content\/uploads\/dr.hasan-atsiz-300x135.jpg 300w, https:\/\/uzem.omu.edu.tr\/wp-content\/uploads\/dr.hasan-atsiz-768x346.jpg 768w, https:\/\/uzem.omu.edu.tr\/wp-content\/uploads\/dr.hasan-atsiz-1536x692.jpg 1536w, https:\/\/uzem.omu.edu.tr\/wp-content\/uploads\/dr.hasan-atsiz-2048x922.jpg 2048w, https:\/\/uzem.omu.edu.tr\/wp-content\/uploads\/dr.hasan-atsiz-783x353.jpg 783w, https:\/\/uzem.omu.edu.tr\/wp-content\/uploads\/dr.hasan-atsiz-575x259.jpg 575w, https:\/\/uzem.omu.edu.tr\/wp-content\/uploads\/dr.hasan-atsiz-1200x540.jpg 1200w\" sizes=\"(max-width: 783px) 100vw, 783px\" \/>[\/vc_column_text][\/vc_column][vc_column width=&#8221;1\/2&#8243;][vc_column_text el_class=&#8221;menu-basligi&#8221;]Duties &amp; Authorities[\/vc_column_text][vc_column_text]<i class=\"fa fa-bookmark \" ><\/i> Chairs the board of directors of the center. Carries out the administration of the center together with the board of directors.<br \/>\n<i class=\"fa fa-bookmark \" ><\/i> Forms the internal unit structure of the center and updates it as needed.<br \/>\n<i class=\"fa fa-bookmark \" ><\/i> Appoints assistant directors, unit coordinators and technical advisor of the center, and assigns them to the units when deemed necessary.<br \/>\n<i class=\"fa fa-bookmark \" ><\/i> Manages the recruitment of contracted personnel to the center and carries out academic and administrative staff assignments.<br \/>\n<i class=\"fa fa-bookmark \" ><\/i> Manages the center budget and budget distribution together with the relevant Rectorate units.<br \/>\n<i class=\"fa fa-bookmark \" ><\/i> Supervises the units, unit coordinators and unit activities of the Center.<br \/>\n<i class=\"fa fa-bookmark \" ><\/i> Manages the bilateral agreements of the Center with other institutions.<br \/>\n<i class=\"fa fa-bookmark \" ><\/i> Supervises the quality of the Center&#8217;s activities and conducts necessary evaluations.[\/vc_column_text][\/vc_column][\/vc_row][vc_row][vc_column][vc_column_text]<br \/>\n[\/vc_column_text][\/vc_column][\/vc_row][vc_column width=&#8221;1\/2&#8243; css=&#8221;.vc_custom_1475664676064{margin-top: 5px !important;margin-left: 0px !important;padding-left: 0px !important;}&#8221;][vc_column_text]<br \/>\n[\/vc_column_text][\/vc_column]<\/p>\n","protected":false},"excerpt":{"rendered":"<p>[vc_row css=&#8221;.vc_custom_1529993281335{margin-top: -0px !important;margin-right: 0px !important;margin-left: 0px !important;padding-top: 0px !important;padding-right: 0px !important;padding-left: 0px !important;}&#8221;][vc_column width=&#8221;1\/2&#8243; css=&#8221;.vc_custom_1475664676064{margin-top: 5px !important;margin-left: 0px !important;padding-left: 0px !important;}&#8221;][\/vc_column][vc_column width=&#8221;1\/2&#8243; css=&#8221;.vc_custom_1475664698664{margin-top: 5px !important;margin-right: 0px !important;margin-bottom: 0px !important;margin-left: 0px !important;padding-right: 0px !important;padding-bottom: 0px !important;padding-left: 0px !important;}&#8221;][\/vc_column][\/vc_row][vc_row bg_type=&#8221;no_bg&#8221; css=&#8221;.vc_custom_1475664664441{margin-top: 0px !important;margin-right: 0px !important;margin-left: 0px !important;padding-top: 0px !important;padding-right: 0px !important;padding-left: 0px !important;}&#8221;][vc_column width=&#8221;1\/2&#8243; css=&#8221;.vc_custom_1510987628946{margin-left: 0px !important;padding-left: 0px !important;}&#8221;][vc_column_text el_class=&#8221;menu-basligi&#8221; css=&#8221;.vc_custom_1709539281444{padding-top: -10px !important;}&#8221;]Assistant Professor HASAN ATSIZ[\/vc_column_text][vc_empty_space height=&#8221;15px&#8221;][vc_column_text css=&#8221;.vc_custom_1678197416357{margin-top: -20px !important;padding-top: -20px !important;}&#8221;][\/vc_column_text][\/vc_column][vc_column width=&#8221;1\/2&#8243;][vc_column_text el_class=&#8221;menu-basligi&#8221;]Duties &amp; Authorities[\/vc_column_text][vc_column_text] Chairs the board of directors of the center. Carries out the administration of the center together with the board of directors. Forms the internal unit structure of the center and updates it as needed. Appoints assistant directors, unit coordinators and technical advisor of the center, and assigns them to the units when deemed necessary. Manages the recruitment of contracted personnel to the center and carries out academic and administrative staff assignments. Manages the center budget and budget distribution together with the relevant Rectorate units. Supervises the units, unit coordinators and unit activities of the Center. Manages the bilateral agreements of the Center with other institutions. Supervises the quality of the Center&#8217;s activities and conducts necessary evaluations.[\/vc_column_text][\/vc_column][\/vc_row][vc_row][vc_column][vc_column_text] [\/vc_column_text][\/vc_column][\/vc_row][vc_column width=&#8221;1\/2&#8243; css=&#8221;.vc_custom_1475664676064{margin-top: 5px !important;margin-left: 0px !important;padding-left: 0px !important;}&#8221;][vc_column_text] [\/vc_column_text][\/vc_column]<\/p>\n","protected":false},"author":1,"featured_media":0,"parent":0,"menu_order":0,"comment_status":"closed","ping_status":"closed","template":"","meta":[],"translation":{"provider":"WPGlobus","version":"2.12.2","language":"en","enabled_languages":["tr","en"],"languages":{"tr":{"title":true,"content":true,"excerpt":false},"en":{"title":true,"content":true,"excerpt":false}}},"yoast_head":"<!-- This site is optimized with the Yoast SEO plugin v17.4 - https:\/\/yoast.com\/wordpress\/plugins\/seo\/ -->\n<meta name=\"robots\" content=\"index, follow, max-snippet:-1, max-image-preview:large, max-video-preview:-1\" \/>\n<link rel=\"canonical\" href=\"https:\/\/uzem.omu.edu.tr\/mudur\/\" \/>\n<meta property=\"og:locale\" content=\"en_US\" \/>\n<meta property=\"og:type\" content=\"article\" \/>\n<meta property=\"og:title\" content=\"Manager - OM\u00dc Uzaktan E\u011fitim Merkezi\" \/>\n<meta property=\"og:url\" content=\"https:\/\/uzem.omu.edu.tr\/mudur\/\" \/>\n<meta property=\"og:site_name\" content=\"OM\u00dc Uzaktan E\u011fitim Merkezi\" \/>\n<meta property=\"article:publisher\" content=\"https:\/\/www.facebook.com\/omu.uzem\" \/>\n<meta property=\"article:modified_time\" content=\"2024-03-04T08:02:17+00:00\" \/>\n<meta property=\"og:image\" content=\"https:\/\/uzem.omu.edu.tr\/wp-content\/uploads\/dr.hasan-atsiz-1024x461.jpg\" \/>\n<meta name=\"twitter:card\" content=\"summary_large_image\" \/>\n<meta name=\"twitter:site\" content=\"@omuuzem\" \/>\n<meta name=\"twitter:label1\" content=\"Est. reading time\" \/>\n\t<meta name=\"twitter:data1\" content=\"2 minutes\" \/>\n<script type=\"application\/ld+json\" class=\"yoast-schema-graph\">{\"@context\":\"https:\/\/schema.org\",\"@graph\":[{\"@type\":\"Organization\",\"@id\":\"https:\/\/uzem.omu.edu.tr\/#organization\",\"name\":\"UZEM\",\"url\":\"https:\/\/uzem.omu.edu.tr\/\",\"sameAs\":[\"https:\/\/www.facebook.com\/omu.uzem\",\"https:\/\/www.instagram.com\/omu.uzem\/\",\"https:\/\/www.youtube.com\/channel\/UCQ6c_wjaGQcIvBKTbPrOe2A\",\"https:\/\/twitter.com\/omuuzem\"],\"logo\":{\"@type\":\"ImageObject\",\"@id\":\"https:\/\/uzem.omu.edu.tr\/#logo\",\"inLanguage\":\"en-US\",\"url\":\"https:\/\/uzem.omu.edu.tr\/wp-content\/uploads\/ulogo-1.png\",\"contentUrl\":\"https:\/\/uzem.omu.edu.tr\/wp-content\/uploads\/ulogo-1.png\",\"width\":364,\"height\":39,\"caption\":\"UZEM\"},\"image\":{\"@id\":\"https:\/\/uzem.omu.edu.tr\/#logo\"}},{\"@type\":\"WebSite\",\"@id\":\"https:\/\/uzem.omu.edu.tr\/#website\",\"url\":\"https:\/\/uzem.omu.edu.tr\/\",\"name\":\"OM\\u00dc Uzaktan E\\u011fitim Merkezi\",\"description\":\"&quot;F\\u0131rsatlar Sunar&quot;\",\"publisher\":{\"@id\":\"https:\/\/uzem.omu.edu.tr\/#organization\"},\"potentialAction\":[{\"@type\":\"SearchAction\",\"target\":{\"@type\":\"EntryPoint\",\"urlTemplate\":\"https:\/\/uzem.omu.edu.tr\/?s={search_term_string}\"},\"query-input\":\"required name=search_term_string\"}],\"inLanguage\":\"en-US\"},{\"@type\":\"ImageObject\",\"@id\":\"https:\/\/uzem.omu.edu.tr\/mudur\/#primaryimage\",\"inLanguage\":\"en-US\",\"url\":\"https:\/\/uzem.omu.edu.tr\/wp-content\/uploads\/dr.hasan-atsiz-scaled.jpg\",\"contentUrl\":\"https:\/\/uzem.omu.edu.tr\/wp-content\/uploads\/dr.hasan-atsiz-scaled.jpg\",\"width\":2560,\"height\":1153},{\"@type\":\"WebPage\",\"@id\":\"https:\/\/uzem.omu.edu.tr\/mudur\/#webpage\",\"url\":\"https:\/\/uzem.omu.edu.tr\/mudur\/\",\"name\":\"Manager - OM\\u00dc Uzaktan E\\u011fitim Merkezi\",\"isPartOf\":{\"@id\":\"https:\/\/uzem.omu.edu.tr\/#website\"},\"primaryImageOfPage\":{\"@id\":\"https:\/\/uzem.omu.edu.tr\/mudur\/#primaryimage\"},\"datePublished\":\"2015-02-14T12:58:27+00:00\",\"dateModified\":\"2024-03-04T08:02:17+00:00\",\"breadcrumb\":{\"@id\":\"https:\/\/uzem.omu.edu.tr\/mudur\/#breadcrumb\"},\"inLanguage\":\"en-US\",\"potentialAction\":[{\"@type\":\"ReadAction\",\"target\":[\"https:\/\/uzem.omu.edu.tr\/mudur\/\"]}]},{\"@type\":\"BreadcrumbList\",\"@id\":\"https:\/\/uzem.omu.edu.tr\/mudur\/#breadcrumb\",\"itemListElement\":[{\"@type\":\"ListItem\",\"position\":1,\"name\":\"Home\",\"item\":\"https:\/\/uzem.omu.edu.tr\/\"},{\"@type\":\"ListItem\",\"position\":2,\"name\":\"M\\u00fcd\\u00fcr\"}]}]}<\/script>\n<!-- \/ Yoast SEO plugin. -->","yoast_head_json":{"robots":{"index":"index","follow":"follow","max-snippet":"max-snippet:-1","max-image-preview":"max-image-preview:large","max-video-preview":"max-video-preview:-1"},"canonical":"https:\/\/uzem.omu.edu.tr\/mudur\/","og_locale":"en_US","og_type":"article","og_title":"Manager - OM\u00dc Uzaktan E\u011fitim Merkezi","og_url":"https:\/\/uzem.omu.edu.tr\/mudur\/","og_site_name":"OM\u00dc Uzaktan E\u011fitim Merkezi","article_publisher":"https:\/\/www.facebook.com\/omu.uzem","article_modified_time":"2024-03-04T08:02:17+00:00","og_image":[{"url":"https:\/\/uzem.omu.edu.tr\/wp-content\/uploads\/dr.hasan-atsiz-1024x461.jpg"}],"twitter_card":"summary_large_image","twitter_site":"@omuuzem","twitter_misc":{"Est. reading time":"2 minutes"},"schema":{"@context":"https:\/\/schema.org","@graph":[{"@type":"Organization","@id":"https:\/\/uzem.omu.edu.tr\/#organization","name":"UZEM","url":"https:\/\/uzem.omu.edu.tr\/","sameAs":["https:\/\/www.facebook.com\/omu.uzem","https:\/\/www.instagram.com\/omu.uzem\/","https:\/\/www.youtube.com\/channel\/UCQ6c_wjaGQcIvBKTbPrOe2A","https:\/\/twitter.com\/omuuzem"],"logo":{"@type":"ImageObject","@id":"https:\/\/uzem.omu.edu.tr\/#logo","inLanguage":"en-US","url":"https:\/\/uzem.omu.edu.tr\/wp-content\/uploads\/ulogo-1.png","contentUrl":"https:\/\/uzem.omu.edu.tr\/wp-content\/uploads\/ulogo-1.png","width":364,"height":39,"caption":"UZEM"},"image":{"@id":"https:\/\/uzem.omu.edu.tr\/#logo"}},{"@type":"WebSite","@id":"https:\/\/uzem.omu.edu.tr\/#website","url":"https:\/\/uzem.omu.edu.tr\/","name":"OM\u00dc Uzaktan E\u011fitim Merkezi","description":"&quot;F\u0131rsatlar Sunar&quot;","publisher":{"@id":"https:\/\/uzem.omu.edu.tr\/#organization"},"potentialAction":[{"@type":"SearchAction","target":{"@type":"EntryPoint","urlTemplate":"https:\/\/uzem.omu.edu.tr\/?s={search_term_string}"},"query-input":"required name=search_term_string"}],"inLanguage":"en-US"},{"@type":"ImageObject","@id":"https:\/\/uzem.omu.edu.tr\/mudur\/#primaryimage","inLanguage":"en-US","url":"https:\/\/uzem.omu.edu.tr\/wp-content\/uploads\/dr.hasan-atsiz-scaled.jpg","contentUrl":"https:\/\/uzem.omu.edu.tr\/wp-content\/uploads\/dr.hasan-atsiz-scaled.jpg","width":2560,"height":1153},{"@type":"WebPage","@id":"https:\/\/uzem.omu.edu.tr\/mudur\/#webpage","url":"https:\/\/uzem.omu.edu.tr\/mudur\/","name":"Manager - OM\u00dc Uzaktan E\u011fitim Merkezi","isPartOf":{"@id":"https:\/\/uzem.omu.edu.tr\/#website"},"primaryImageOfPage":{"@id":"https:\/\/uzem.omu.edu.tr\/mudur\/#primaryimage"},"datePublished":"2015-02-14T12:58:27+00:00","dateModified":"2024-03-04T08:02:17+00:00","breadcrumb":{"@id":"https:\/\/uzem.omu.edu.tr\/mudur\/#breadcrumb"},"inLanguage":"en-US","potentialAction":[{"@type":"ReadAction","target":["https:\/\/uzem.omu.edu.tr\/mudur\/"]}]},{"@type":"BreadcrumbList","@id":"https:\/\/uzem.omu.edu.tr\/mudur\/#breadcrumb","itemListElement":[{"@type":"ListItem","position":1,"name":"Home","item":"https:\/\/uzem.omu.edu.tr\/"},{"@type":"ListItem","position":2,"name":"M\u00fcd\u00fcr"}]}]}},"_links":{"self":[{"href":"https:\/\/uzem.omu.edu.tr\/en\/wp-json\/wp\/v2\/pages\/22"}],"collection":[{"href":"https:\/\/uzem.omu.edu.tr\/en\/wp-json\/wp\/v2\/pages"}],"about":[{"href":"https:\/\/uzem.omu.edu.tr\/en\/wp-json\/wp\/v2\/types\/page"}],"author":[{"embeddable":true,"href":"https:\/\/uzem.omu.edu.tr\/en\/wp-json\/wp\/v2\/users\/1"}],"replies":[{"embeddable":true,"href":"https:\/\/uzem.omu.edu.tr\/en\/wp-json\/wp\/v2\/comments?post=22"}],"version-history":[{"count":13,"href":"https:\/\/uzem.omu.edu.tr\/en\/wp-json\/wp\/v2\/pages\/22\/revisions"}],"predecessor-version":[{"id":25971,"href":"https:\/\/uzem.omu.edu.tr\/en\/wp-json\/wp\/v2\/pages\/22\/revisions\/25971"}],"wp:attachment":[{"href":"https:\/\/uzem.omu.edu.tr\/en\/wp-json\/wp\/v2\/media?parent=22"}],"curies":[{"name":"wp","href":"https:\/\/api.w.org\/{rel}","templated":true}]}}