{"id":21058,"date":"2020-09-18T09:58:51","date_gmt":"2020-09-18T06:58:51","guid":{"rendered":"https:\/\/uzem.omu.edu.tr\/?page_id=21058"},"modified":"2026-04-09T13:53:06","modified_gmt":"2026-04-09T10:53:06","slug":"egitim-programlari-ve-ogretimi-ders-icerikleri","status":"publish","type":"page","link":"https:\/\/uzem.omu.edu.tr\/en\/egitim-programlari-ve-ogretimi-ders-icerikleri\/","title":{"rendered":"E\u011fitim Programlar\u0131 ve \u00d6\u011fretimi | Ders \u0130\u00e7erikleri"},"content":{"rendered":"<p>[vc_row css=&#8221;.vc_custom_1427462343642{margin-top: -5px !important;margin-left: 0px !important;padding-left: 0px !important;}&#8221;][vc_column width=&#8221;3\/4&#8243; css=&#8221;.vc_custom_1449844260141{margin-top: 5px !important;margin-right: 0px !important;padding-right: 0px !important;padding-left: 0px !important;}&#8221;][vc_row_inner][vc_column_inner css=&#8221;.vc_custom_1449844273436{margin-bottom: 5px !important;padding-right: 0px !important;padding-left: 0px !important;}&#8221;][vc_widget_sidebar sidebar_id=&#8221;generated_sidebar-egitim-programlari-ve-ogretimi-ust&#8221;][vc_column_text el_class=&#8221;menu-basligi&#8221;]<\/p>\n<p><strong>DERS \u0130\u00c7ER\u0130KLER\u0130<\/strong><\/p>\n<p>[\/vc_column_text][vc_column_text el_class=&#8221;menu-basligi&#8221;]<strong>I. YARIYIL DERSLER\u0130<\/strong>[\/vc_column_text][vc_column_text el_class=&#8221;ders-tablosu&#8221;]<\/p>\n<table width=\"596\">\n<tbody>\n<tr>\n<td width=\"56\">Kodu<\/td>\n<td width=\"208\">Ders Ad\u0131<\/td>\n<td width=\"64\">D + U + L<\/td>\n<td width=\"55\">Z \/ S<\/td>\n<td width=\"213\">\u00d6\u011fretim \u00dcyesi<\/td>\n<\/tr>\n<tr>\n<td>EPO501<\/td>\n<td>E\u011fitimde Ara\u015ft\u0131rma Y\u00f6ntemleri I<\/td>\n<td>3 + 0 + 3<\/td>\n<td>Zorunlu<\/td>\n<td>Prof. Dr. Bayram \u00d6zer<\/td>\n<\/tr>\n<tr>\n<td>EPO504<\/td>\n<td>E\u011fitimde De\u011ferler E\u011fitimi<\/td>\n<td>3 + 0 + 3<\/td>\n<td>Zorunlu<\/td>\n<td>Prof. Dr. Bayram \u00d6zer<\/td>\n<\/tr>\n<tr>\n<td>EPO507<\/td>\n<td>D\u00fc\u015f\u00fcnme Becerileri E\u011fitimi<\/td>\n<td>3 + 0 + 3<\/td>\n<td>Zorunlu<\/td>\n<td>Do\u00e7. Dr. \u015eener \u015eENT\u00dcRK<\/td>\n<\/tr>\n<tr>\n<td>EPO508<\/td>\n<td>T\u00fcrk E\u011fitim Sistemi ve Sorunlar\u0131<\/td>\n<td>3 + 0 + 3<\/td>\n<td>Zorunlu<\/td>\n<td>Dr. \u00d6\u011fr. \u00dcyesi Fad\u0131l \u015eiraz<\/td>\n<\/tr>\n<tr>\n<td>EPO503<\/td>\n<td width=\"208\">E\u011fitimde Program Geli\u015ftirme<\/td>\n<td>3 + 0 + 3<\/td>\n<td>Zorunlu<\/td>\n<td width=\"213\">Dr. \u00d6\u011fr. \u00dcyesi Fad\u0131l \u015eiraz<\/td>\n<\/tr>\n<\/tbody>\n<\/table>\n<p>[\/vc_column_text][\/vc_column_inner][\/vc_row_inner][vc_column_text el_class=&#8221;menu-basligi&#8221;]<strong>II. YARIYIL DERSLER\u0130<\/strong>[\/vc_column_text][vc_column_text el_class=&#8221;ders-tablosu&#8221;]<\/p>\n<table width=\"814\">\n<tbody>\n<tr>\n<td width=\"53\">Kodu<\/td>\n<td width=\"374\">Ders Ad\u0131<\/td>\n<td width=\"74\">D + U + L<\/td>\n<td width=\"55\">Z \/ S<\/td>\n<td width=\"258\">\u00d6\u011fretim \u00dcyesi<\/td>\n<\/tr>\n<tr>\n<td>EPO511<\/td>\n<td>E\u011fitimde Ara\u015ft\u0131rma Y\u00f6ntemleri -II<\/td>\n<td>3 + 0 + 3<\/td>\n<td>Zorunlu<\/td>\n<td>Prof. Dr. Bayram \u00d6zer<\/td>\n<\/tr>\n<tr>\n<td>EPO514<\/td>\n<td>E\u011fitimde Program De\u011ferlendirme Yakla\u015f\u0131mlar\u0131<\/td>\n<td>3 + 0 + 3<\/td>\n<td>Zorunlu<\/td>\n<td>Do\u00e7. Dr. \u015eener \u015eENT\u00dcRK<\/td>\n<\/tr>\n<tr>\n<td>EPO512<\/td>\n<td>\u00d6\u011frenme \u00d6\u011fretme S\u00fcrecinin Teorik Temelleri<\/td>\n<td>3 + 0 + 3<\/td>\n<td>Zorunlu<\/td>\n<td>Prof. Dr. Bayram \u00d6zer<\/td>\n<\/tr>\n<tr>\n<td>EPO513<\/td>\n<td>\u00d6\u011fretimin Bireyselle\u015ftirilmesinde Yakla\u015f\u0131mlar<\/td>\n<td>3 + 0 + 3<\/td>\n<td>Zorunlu<\/td>\n<td>Dr. \u00d6\u011fr. \u00dcyesi Ya\u015far \u00c7EL\u0130K<\/td>\n<\/tr>\n<tr>\n<td>EPO515<\/td>\n<td>\u00d6\u011fretmen Niteli\u011finin Geli\u015ftirilmesi<\/td>\n<td>3 + 0 + 3<\/td>\n<td>Zorunlu<\/td>\n<td>Do\u00e7. Dr. \u015eener \u015eENT\u00dcRK<\/td>\n<\/tr>\n<\/tbody>\n<\/table>\n<p>[\/vc_column_text][\/vc_column][vc_column width=&#8221;1\/4&#8243; css=&#8221;.vc_custom_1433423696704{margin-top: 20px !important;padding-right: 0px !important;}&#8221;][vc_widget_sidebar sidebar_id=&#8221;generated_sidebar-egitim-programlari-ve-ogretimi-yan-menu&#8221;][\/vc_column][\/vc_row]<\/p>\n","protected":false},"excerpt":{"rendered":"<p>[vc_row css=&#8221;.vc_custom_1427462343642{margin-top: -5px !important;margin-left: 0px !important;padding-left: 0px !important;}&#8221;][vc_column width=&#8221;3\/4&#8243; css=&#8221;.vc_custom_1449844260141{margin-top: 5px !important;margin-right: 0px !important;padding-right: 0px !important;padding-left: 0px !important;}&#8221;][vc_row_inner][vc_column_inner css=&#8221;.vc_custom_1449844273436{margin-bottom: 5px !important;padding-right: 0px !important;padding-left: 0px !important;}&#8221;][vc_widget_sidebar sidebar_id=&#8221;generated_sidebar-egitim-programlari-ve-ogretimi-ust&#8221;][vc_column_text el_class=&#8221;menu-basligi&#8221;] DERS \u0130\u00c7ER\u0130KLER\u0130 [\/vc_column_text][vc_column_text el_class=&#8221;menu-basligi&#8221;]I. YARIYIL DERSLER\u0130[\/vc_column_text][vc_column_text el_class=&#8221;ders-tablosu&#8221;] Kodu Ders Ad\u0131 D + U + L Z \/ S \u00d6\u011fretim \u00dcyesi EPO501 E\u011fitimde Ara\u015ft\u0131rma Y\u00f6ntemleri I 3 + 0 + 3 Zorunlu Prof. Dr. Bayram \u00d6zer EPO504 E\u011fitimde De\u011ferler E\u011fitimi 3 + 0 + 3 Zorunlu Prof. Dr. Bayram \u00d6zer EPO507 D\u00fc\u015f\u00fcnme Becerileri E\u011fitimi 3 + 0 + 3 Zorunlu Do\u00e7. Dr. \u015eener \u015eENT\u00dcRK EPO508 T\u00fcrk E\u011fitim Sistemi ve Sorunlar\u0131 3 + 0 + 3 Zorunlu Dr. \u00d6\u011fr. \u00dcyesi Fad\u0131l \u015eiraz EPO503 E\u011fitimde Program Geli\u015ftirme 3 + 0 + 3 Zorunlu Dr. \u00d6\u011fr. \u00dcyesi Fad\u0131l \u015eiraz [\/vc_column_text][\/vc_column_inner][\/vc_row_inner][vc_column_text el_class=&#8221;menu-basligi&#8221;]II. YARIYIL DERSLER\u0130[\/vc_column_text][vc_column_text el_class=&#8221;ders-tablosu&#8221;] Kodu Ders Ad\u0131 D + U + L Z \/ S \u00d6\u011fretim \u00dcyesi EPO511 E\u011fitimde Ara\u015ft\u0131rma Y\u00f6ntemleri -II 3 + 0 + 3 Zorunlu Prof. Dr. Bayram \u00d6zer EPO514 E\u011fitimde Program De\u011ferlendirme Yakla\u015f\u0131mlar\u0131 3 + 0 + 3 Zorunlu Do\u00e7. Dr. \u015eener \u015eENT\u00dcRK EPO512 \u00d6\u011frenme \u00d6\u011fretme S\u00fcrecinin Teorik Temelleri 3 + 0 + 3 Zorunlu Prof. Dr. Bayram \u00d6zer EPO513 \u00d6\u011fretimin Bireyselle\u015ftirilmesinde Yakla\u015f\u0131mlar 3 + 0 + 3 Zorunlu Dr. \u00d6\u011fr. \u00dcyesi Ya\u015far \u00c7EL\u0130K EPO515 \u00d6\u011fretmen Niteli\u011finin Geli\u015ftirilmesi 3 + 0 + 3 Zorunlu Do\u00e7. Dr. \u015eener \u015eENT\u00dcRK [\/vc_column_text][\/vc_column][vc_column width=&#8221;1\/4&#8243; css=&#8221;.vc_custom_1433423696704{margin-top: 20px !important;padding-right: 0px !important;}&#8221;][vc_widget_sidebar sidebar_id=&#8221;generated_sidebar-egitim-programlari-ve-ogretimi-yan-menu&#8221;][\/vc_column][\/vc_row]<\/p>\n","protected":false},"author":11,"featured_media":0,"parent":0,"menu_order":0,"comment_status":"closed","ping_status":"closed","template":"","meta":[],"translation":{"provider":"WPGlobus","version":"2.12.2","language":"en","enabled_languages":["tr","en"],"languages":{"tr":{"title":true,"content":true,"excerpt":false},"en":{"title":false,"content":false,"excerpt":false}}},"yoast_head":"<!-- This site is optimized with the Yoast SEO plugin v17.4 - https:\/\/yoast.com\/wordpress\/plugins\/seo\/ -->\n<meta name=\"robots\" content=\"index, follow, max-snippet:-1, max-image-preview:large, max-video-preview:-1\" \/>\n<link rel=\"canonical\" href=\"https:\/\/uzem.omu.edu.tr\/egitim-programlari-ve-ogretimi-ders-icerikleri\/\" \/>\n<meta property=\"og:locale\" content=\"en_US\" \/>\n<meta property=\"og:type\" content=\"article\" \/>\n<meta property=\"og:title\" content=\"E\u011fitim Programlar\u0131 ve \u00d6\u011fretimi | Ders \u0130\u00e7erikleri - OM\u00dc Uzaktan E\u011fitim Merkezi\" \/>\n<meta property=\"og:url\" content=\"https:\/\/uzem.omu.edu.tr\/egitim-programlari-ve-ogretimi-ders-icerikleri\/\" \/>\n<meta property=\"og:site_name\" content=\"OM\u00dc Uzaktan E\u011fitim Merkezi\" \/>\n<meta property=\"article:publisher\" content=\"https:\/\/www.facebook.com\/omu.uzem\" \/>\n<meta property=\"article:modified_time\" content=\"2026-04-09T10:53:06+00:00\" \/>\n<meta name=\"twitter:card\" content=\"summary_large_image\" \/>\n<meta name=\"twitter:site\" content=\"@omuuzem\" \/>\n<meta name=\"twitter:label1\" content=\"Est. reading time\" \/>\n\t<meta name=\"twitter:data1\" content=\"1 minute\" \/>\n<script type=\"application\/ld+json\" class=\"yoast-schema-graph\">{\"@context\":\"https:\/\/schema.org\",\"@graph\":[{\"@type\":\"Organization\",\"@id\":\"https:\/\/uzem.omu.edu.tr\/#organization\",\"name\":\"UZEM\",\"url\":\"https:\/\/uzem.omu.edu.tr\/\",\"sameAs\":[\"https:\/\/www.facebook.com\/omu.uzem\",\"https:\/\/www.instagram.com\/omu.uzem\/\",\"https:\/\/www.youtube.com\/channel\/UCQ6c_wjaGQcIvBKTbPrOe2A\",\"https:\/\/twitter.com\/omuuzem\"],\"logo\":{\"@type\":\"ImageObject\",\"@id\":\"https:\/\/uzem.omu.edu.tr\/#logo\",\"inLanguage\":\"en-US\",\"url\":\"https:\/\/uzem.omu.edu.tr\/wp-content\/uploads\/ulogo-1.png\",\"contentUrl\":\"https:\/\/uzem.omu.edu.tr\/wp-content\/uploads\/ulogo-1.png\",\"width\":364,\"height\":39,\"caption\":\"UZEM\"},\"image\":{\"@id\":\"https:\/\/uzem.omu.edu.tr\/#logo\"}},{\"@type\":\"WebSite\",\"@id\":\"https:\/\/uzem.omu.edu.tr\/#website\",\"url\":\"https:\/\/uzem.omu.edu.tr\/\",\"name\":\"OM\\u00dc Uzaktan E\\u011fitim Merkezi\",\"description\":\"&quot;F\\u0131rsatlar Sunar&quot;\",\"publisher\":{\"@id\":\"https:\/\/uzem.omu.edu.tr\/#organization\"},\"potentialAction\":[{\"@type\":\"SearchAction\",\"target\":{\"@type\":\"EntryPoint\",\"urlTemplate\":\"https:\/\/uzem.omu.edu.tr\/?s={search_term_string}\"},\"query-input\":\"required name=search_term_string\"}],\"inLanguage\":\"en-US\"},{\"@type\":\"WebPage\",\"@id\":\"https:\/\/uzem.omu.edu.tr\/egitim-programlari-ve-ogretimi-ders-icerikleri\/#webpage\",\"url\":\"https:\/\/uzem.omu.edu.tr\/egitim-programlari-ve-ogretimi-ders-icerikleri\/\",\"name\":\"E\\u011fitim Programlar\\u0131 ve \\u00d6\\u011fretimi | Ders \\u0130\\u00e7erikleri - OM\\u00dc Uzaktan E\\u011fitim Merkezi\",\"isPartOf\":{\"@id\":\"https:\/\/uzem.omu.edu.tr\/#website\"},\"datePublished\":\"2020-09-18T06:58:51+00:00\",\"dateModified\":\"2026-04-09T10:53:06+00:00\",\"breadcrumb\":{\"@id\":\"https:\/\/uzem.omu.edu.tr\/egitim-programlari-ve-ogretimi-ders-icerikleri\/#breadcrumb\"},\"inLanguage\":\"en-US\",\"potentialAction\":[{\"@type\":\"ReadAction\",\"target\":[\"https:\/\/uzem.omu.edu.tr\/egitim-programlari-ve-ogretimi-ders-icerikleri\/\"]}]},{\"@type\":\"BreadcrumbList\",\"@id\":\"https:\/\/uzem.omu.edu.tr\/egitim-programlari-ve-ogretimi-ders-icerikleri\/#breadcrumb\",\"itemListElement\":[{\"@type\":\"ListItem\",\"position\":1,\"name\":\"Home\",\"item\":\"https:\/\/uzem.omu.edu.tr\/\"},{\"@type\":\"ListItem\",\"position\":2,\"name\":\"E\\u011fitim Programlar\\u0131 ve \\u00d6\\u011fretimi | Ders \\u0130\\u00e7erikleri\"}]}]}<\/script>\n<!-- \/ Yoast SEO plugin. -->","yoast_head_json":{"robots":{"index":"index","follow":"follow","max-snippet":"max-snippet:-1","max-image-preview":"max-image-preview:large","max-video-preview":"max-video-preview:-1"},"canonical":"https:\/\/uzem.omu.edu.tr\/egitim-programlari-ve-ogretimi-ders-icerikleri\/","og_locale":"en_US","og_type":"article","og_title":"E\u011fitim Programlar\u0131 ve \u00d6\u011fretimi | Ders \u0130\u00e7erikleri - OM\u00dc Uzaktan E\u011fitim Merkezi","og_url":"https:\/\/uzem.omu.edu.tr\/egitim-programlari-ve-ogretimi-ders-icerikleri\/","og_site_name":"OM\u00dc Uzaktan E\u011fitim Merkezi","article_publisher":"https:\/\/www.facebook.com\/omu.uzem","article_modified_time":"2026-04-09T10:53:06+00:00","twitter_card":"summary_large_image","twitter_site":"@omuuzem","twitter_misc":{"Est. reading time":"1 minute"},"schema":{"@context":"https:\/\/schema.org","@graph":[{"@type":"Organization","@id":"https:\/\/uzem.omu.edu.tr\/#organization","name":"UZEM","url":"https:\/\/uzem.omu.edu.tr\/","sameAs":["https:\/\/www.facebook.com\/omu.uzem","https:\/\/www.instagram.com\/omu.uzem\/","https:\/\/www.youtube.com\/channel\/UCQ6c_wjaGQcIvBKTbPrOe2A","https:\/\/twitter.com\/omuuzem"],"logo":{"@type":"ImageObject","@id":"https:\/\/uzem.omu.edu.tr\/#logo","inLanguage":"en-US","url":"https:\/\/uzem.omu.edu.tr\/wp-content\/uploads\/ulogo-1.png","contentUrl":"https:\/\/uzem.omu.edu.tr\/wp-content\/uploads\/ulogo-1.png","width":364,"height":39,"caption":"UZEM"},"image":{"@id":"https:\/\/uzem.omu.edu.tr\/#logo"}},{"@type":"WebSite","@id":"https:\/\/uzem.omu.edu.tr\/#website","url":"https:\/\/uzem.omu.edu.tr\/","name":"OM\u00dc Uzaktan E\u011fitim Merkezi","description":"&quot;F\u0131rsatlar Sunar&quot;","publisher":{"@id":"https:\/\/uzem.omu.edu.tr\/#organization"},"potentialAction":[{"@type":"SearchAction","target":{"@type":"EntryPoint","urlTemplate":"https:\/\/uzem.omu.edu.tr\/?s={search_term_string}"},"query-input":"required name=search_term_string"}],"inLanguage":"en-US"},{"@type":"WebPage","@id":"https:\/\/uzem.omu.edu.tr\/egitim-programlari-ve-ogretimi-ders-icerikleri\/#webpage","url":"https:\/\/uzem.omu.edu.tr\/egitim-programlari-ve-ogretimi-ders-icerikleri\/","name":"E\u011fitim Programlar\u0131 ve \u00d6\u011fretimi | Ders \u0130\u00e7erikleri - OM\u00dc Uzaktan E\u011fitim Merkezi","isPartOf":{"@id":"https:\/\/uzem.omu.edu.tr\/#website"},"datePublished":"2020-09-18T06:58:51+00:00","dateModified":"2026-04-09T10:53:06+00:00","breadcrumb":{"@id":"https:\/\/uzem.omu.edu.tr\/egitim-programlari-ve-ogretimi-ders-icerikleri\/#breadcrumb"},"inLanguage":"en-US","potentialAction":[{"@type":"ReadAction","target":["https:\/\/uzem.omu.edu.tr\/egitim-programlari-ve-ogretimi-ders-icerikleri\/"]}]},{"@type":"BreadcrumbList","@id":"https:\/\/uzem.omu.edu.tr\/egitim-programlari-ve-ogretimi-ders-icerikleri\/#breadcrumb","itemListElement":[{"@type":"ListItem","position":1,"name":"Home","item":"https:\/\/uzem.omu.edu.tr\/"},{"@type":"ListItem","position":2,"name":"E\u011fitim Programlar\u0131 ve \u00d6\u011fretimi | Ders \u0130\u00e7erikleri"}]}]}},"_links":{"self":[{"href":"https:\/\/uzem.omu.edu.tr\/en\/wp-json\/wp\/v2\/pages\/21058"}],"collection":[{"href":"https:\/\/uzem.omu.edu.tr\/en\/wp-json\/wp\/v2\/pages"}],"about":[{"href":"https:\/\/uzem.omu.edu.tr\/en\/wp-json\/wp\/v2\/types\/page"}],"author":[{"embeddable":true,"href":"https:\/\/uzem.omu.edu.tr\/en\/wp-json\/wp\/v2\/users\/11"}],"replies":[{"embeddable":true,"href":"https:\/\/uzem.omu.edu.tr\/en\/wp-json\/wp\/v2\/comments?post=21058"}],"version-history":[{"count":23,"href":"https:\/\/uzem.omu.edu.tr\/en\/wp-json\/wp\/v2\/pages\/21058\/revisions"}],"predecessor-version":[{"id":27498,"href":"https:\/\/uzem.omu.edu.tr\/en\/wp-json\/wp\/v2\/pages\/21058\/revisions\/27498"}],"wp:attachment":[{"href":"https:\/\/uzem.omu.edu.tr\/en\/wp-json\/wp\/v2\/media?parent=21058"}],"curies":[{"name":"wp","href":"https:\/\/api.w.org\/{rel}","templated":true}]}}