{"id":20817,"date":"2020-08-13T15:04:00","date_gmt":"2020-08-13T12:04:00","guid":{"rendered":"https:\/\/uzem.omu.edu.tr\/?page_id=20817"},"modified":"2026-03-09T15:44:46","modified_gmt":"2026-03-09T12:44:46","slug":"girisimcilik-ve-yenilikcilik-sinavlar","status":"publish","type":"page","link":"https:\/\/uzem.omu.edu.tr\/en\/girisimcilik-ve-yenilikcilik-sinavlar\/","title":{"rendered":"Giri\u015fimcilik ve Yenilik\u00e7ilik | S\u0131navlar"},"content":{"rendered":"<p>[vc_row css=&#8221;.vc_custom_1427462343642{margin-top: -5px !important;margin-left: 0px !important;padding-left: 0px !important;}&#8221;][vc_column width=&#8221;3\/4&#8243; css=&#8221;.vc_custom_1449843782967{margin-top: 5px !important;margin-right: 0px !important;padding-right: 0px !important;padding-left: 0px !important;}&#8221;][vc_row_inner][vc_column_inner css=&#8221;.vc_custom_1451568785603{margin-bottom: 5px !important;padding-right: 0px !important;padding-left: 0px !important;}&#8221;][vc_widget_sidebar sidebar_id=&#8221;generated_sidebar-girisimcilik-ustmenu&#8221;][\/vc_column_inner][\/vc_row_inner][vc_column_text el_class=&#8221;menu-basligi&#8221;]<strong>SINAVLAR<\/strong>[\/vc_column_text][vc_column_text el_class=&#8221;menu-basligi&#8221;]<strong>V\u0130ZE SINAVLARI<\/strong>[\/vc_column_text][vc_message]&#8221;\u00dcniversitemiz senatosunun 03.11.2022 tarihinde ald\u0131\u011f\u0131 kararla uzaktan e\u011fitim tezsiz y\u00fcksek lisans programlar\u0131nda d\u00f6nem i\u00e7i de\u011ferlendirme 2022-2023 g\u00fcz yar\u0131y\u0131l\u0131ndan itibaren \u00f6dev, portfolyo, proje, uygulama vb. \u015feklinde ger\u00e7ekle\u015ftirilecektir. Bu y\u00f6ntemler d\u0131\u015f\u0131nda ara s\u0131nav i\u00e7in y\u00fcz y\u00fcze bir s\u0131nav ger\u00e7ekle\u015ftirilmeyecektir.&#8221; Final ve B\u00fct\u00fcnleme S\u0131nav Takvimleri a\u015fa\u011f\u0131daki gibidir. <b>S\u0131navlar hakk\u0131nda bilgi ve S\u0131nav Giri\u015f Belgesi almak i\u00e7in l\u00fctfen <\/b><a href=\"https:\/\/sinav.omu.edu.tr\/student\/session\/new\"><b>sinav.omu.edu.tr<\/b><\/a><b> adresini ziyaret ediniz. Final ve B\u00fct\u00fcnleme s\u0131navlar\u0131 Ondokuz May\u0131s \u00dcniversitesi Kurupelit Kamp\u00fcs i\u00e7inde bulunan binalarda &#8220;y\u00fcz y\u00fcze&#8221; ger\u00e7ekle\u015ftirilecektir.<\/b>[\/vc_message][vc_column_text el_class=&#8221;menu-basligi&#8221;]<strong>F\u0130NAL SINAVLARI<\/strong>[\/vc_column_text][vc_column_text el_class=&#8221;ders-tablosu&#8221;]<\/p>\n<table width=\"447\">\n<tbody>\n<tr>\n<td width=\"198\">Dersler<\/td>\n<td width=\"150\">Final S\u0131nav tarihi<\/td>\n<td width=\"60\">Oturum<\/td>\n<td width=\"39\">Saat<\/td>\n<\/tr>\n<tr>\n<td>Teknoloji Y\u00f6netimi<\/td>\n<td>6 Haziran 2026<\/td>\n<td>I.Oturum<\/td>\n<td>09:30<\/td>\n<\/tr>\n<tr>\n<td>Kurumsal Kaynak Planlamas\u0131<\/td>\n<td>6 Haziran 2026<\/td>\n<td>I.Oturum<\/td>\n<td>09:30<\/td>\n<\/tr>\n<tr>\n<td>Pazarlama \u0130leti\u015fimi ve Reklam<\/td>\n<td>6 Haziran 2026<\/td>\n<td>I.Oturum<\/td>\n<td>09:30<\/td>\n<\/tr>\n<tr>\n<td>Giri\u015fimcilik ve \u0130\u015f Plan\u0131<\/td>\n<td>6 Haziran 2026<\/td>\n<td>II.Oturum<\/td>\n<td>13:30<\/td>\n<\/tr>\n<tr>\n<td>Dijital \u00c7a\u011fda Yenilik Y\u00f6netimi<\/td>\n<td>6 Haziran 2026<\/td>\n<td>II.Oturum<\/td>\n<td>13:30<\/td>\n<\/tr>\n<\/tbody>\n<\/table>\n<p>[\/vc_column_text][vc_column_text el_class=&#8221;menu-basligi&#8221;]<strong>B\u00dcT\u00dcNLEME SINAVLARI<\/strong>[\/vc_column_text][vc_column_text el_class=&#8221;ders-tablosu&#8221;]<\/p>\n<table width=\"447\">\n<tbody>\n<tr>\n<td width=\"198\">Dersler<\/td>\n<td width=\"150\">B\u00fct\u00fcnleme S\u0131nav tarihi<\/td>\n<td width=\"60\">Oturum<\/td>\n<td width=\"39\">Saat<\/td>\n<\/tr>\n<tr>\n<td>Teknoloji Y\u00f6netimi<\/td>\n<td>27 Haziran 2026<\/td>\n<td>I.Oturum<\/td>\n<td>09:30<\/td>\n<\/tr>\n<tr>\n<td>Kurumsal Kaynak Planlamas\u0131<\/td>\n<td>27 Haziran 2026<\/td>\n<td>I.Oturum<\/td>\n<td>09:30<\/td>\n<\/tr>\n<tr>\n<td>Pazarlama \u0130leti\u015fimi ve Reklam<\/td>\n<td>27 Haziran 2026<\/td>\n<td>I.Oturum<\/td>\n<td>09:30<\/td>\n<\/tr>\n<tr>\n<td>Giri\u015fimcilik ve \u0130\u015f Plan\u0131<\/td>\n<td>27 Haziran 2026<\/td>\n<td>II.Oturum<\/td>\n<td>13:30<\/td>\n<\/tr>\n<tr>\n<td>Dijital \u00c7a\u011fda Yenilik Y\u00f6netimi<\/td>\n<td>27 Haziran 2026<\/td>\n<td>II.Oturum<\/td>\n<td>13:30<\/td>\n<\/tr>\n<\/tbody>\n<\/table>\n<p>[\/vc_column_text][\/vc_column][vc_column width=&#8221;1\/4&#8243; css=&#8221;.vc_custom_1433423720016{margin-top: 20px !important;padding-right: 0px !important;}&#8221;][vc_widget_sidebar sidebar_id=&#8221;generated_sidebar-girisimcilik-sidebar&#8221;][\/vc_column][\/vc_row]<\/p>\n","protected":false},"excerpt":{"rendered":"<p>[vc_row css=&#8221;.vc_custom_1427462343642{margin-top: -5px !important;margin-left: 0px !important;padding-left: 0px !important;}&#8221;][vc_column width=&#8221;3\/4&#8243; css=&#8221;.vc_custom_1449843782967{margin-top: 5px !important;margin-right: 0px !important;padding-right: 0px !important;padding-left: 0px !important;}&#8221;][vc_row_inner][vc_column_inner css=&#8221;.vc_custom_1451568785603{margin-bottom: 5px !important;padding-right: 0px !important;padding-left: 0px !important;}&#8221;][vc_widget_sidebar sidebar_id=&#8221;generated_sidebar-girisimcilik-ustmenu&#8221;][\/vc_column_inner][\/vc_row_inner][vc_column_text el_class=&#8221;menu-basligi&#8221;]SINAVLAR[\/vc_column_text][vc_column_text el_class=&#8221;menu-basligi&#8221;]V\u0130ZE SINAVLARI[\/vc_column_text][vc_message]&#8221;\u00dcniversitemiz senatosunun 03.11.2022 tarihinde ald\u0131\u011f\u0131 kararla uzaktan e\u011fitim tezsiz y\u00fcksek lisans programlar\u0131nda d\u00f6nem i\u00e7i de\u011ferlendirme 2022-2023 g\u00fcz yar\u0131y\u0131l\u0131ndan itibaren \u00f6dev, portfolyo, proje, uygulama vb. \u015feklinde ger\u00e7ekle\u015ftirilecektir. Bu y\u00f6ntemler d\u0131\u015f\u0131nda ara s\u0131nav i\u00e7in y\u00fcz y\u00fcze bir s\u0131nav ger\u00e7ekle\u015ftirilmeyecektir.&#8221; Final ve B\u00fct\u00fcnleme S\u0131nav Takvimleri a\u015fa\u011f\u0131daki gibidir. S\u0131navlar hakk\u0131nda bilgi ve S\u0131nav Giri\u015f Belgesi almak i\u00e7in l\u00fctfen sinav.omu.edu.tr adresini ziyaret ediniz. Final ve B\u00fct\u00fcnleme s\u0131navlar\u0131 Ondokuz May\u0131s \u00dcniversitesi Kurupelit Kamp\u00fcs i\u00e7inde bulunan binalarda &#8220;y\u00fcz y\u00fcze&#8221; ger\u00e7ekle\u015ftirilecektir.[\/vc_message][vc_column_text el_class=&#8221;menu-basligi&#8221;]F\u0130NAL SINAVLARI[\/vc_column_text][vc_column_text el_class=&#8221;ders-tablosu&#8221;] Dersler Final S\u0131nav tarihi Oturum Saat Teknoloji Y\u00f6netimi 6 Haziran 2026 I.Oturum 09:30 Kurumsal Kaynak Planlamas\u0131 6 Haziran 2026 I.Oturum 09:30 Pazarlama \u0130leti\u015fimi ve Reklam 6 Haziran 2026 I.Oturum 09:30 Giri\u015fimcilik ve \u0130\u015f Plan\u0131 6 Haziran 2026 II.Oturum 13:30 Dijital \u00c7a\u011fda Yenilik Y\u00f6netimi 6 Haziran 2026 II.Oturum 13:30 [\/vc_column_text][vc_column_text el_class=&#8221;menu-basligi&#8221;]B\u00dcT\u00dcNLEME SINAVLARI[\/vc_column_text][vc_column_text el_class=&#8221;ders-tablosu&#8221;] Dersler B\u00fct\u00fcnleme S\u0131nav tarihi Oturum Saat Teknoloji Y\u00f6netimi 27 Haziran 2026 I.Oturum 09:30 Kurumsal Kaynak Planlamas\u0131 27 Haziran 2026 I.Oturum 09:30 Pazarlama \u0130leti\u015fimi ve Reklam 27 Haziran 2026 I.Oturum 09:30 Giri\u015fimcilik ve \u0130\u015f Plan\u0131 27 Haziran 2026 II.Oturum 13:30 Dijital \u00c7a\u011fda Yenilik Y\u00f6netimi 27 Haziran 2026 II.Oturum 13:30 [\/vc_column_text][\/vc_column][vc_column width=&#8221;1\/4&#8243; css=&#8221;.vc_custom_1433423720016{margin-top: 20px !important;padding-right: 0px !important;}&#8221;][vc_widget_sidebar sidebar_id=&#8221;generated_sidebar-girisimcilik-sidebar&#8221;][\/vc_column][\/vc_row]<\/p>\n","protected":false},"author":11,"featured_media":0,"parent":0,"menu_order":0,"comment_status":"closed","ping_status":"closed","template":"","meta":[],"translation":{"provider":"WPGlobus","version":"2.12.2","language":"en","enabled_languages":["tr","en"],"languages":{"tr":{"title":true,"content":true,"excerpt":false},"en":{"title":false,"content":false,"excerpt":false}}},"yoast_head":"<!-- This site is optimized with the Yoast SEO plugin v17.4 - https:\/\/yoast.com\/wordpress\/plugins\/seo\/ -->\n<meta name=\"robots\" content=\"index, follow, max-snippet:-1, max-image-preview:large, max-video-preview:-1\" \/>\n<link rel=\"canonical\" href=\"https:\/\/uzem.omu.edu.tr\/girisimcilik-ve-yenilikcilik-sinavlar\/\" \/>\n<meta property=\"og:locale\" content=\"en_US\" \/>\n<meta property=\"og:type\" content=\"article\" \/>\n<meta property=\"og:title\" content=\"Giri\u015fimcilik ve Yenilik\u00e7ilik | S\u0131navlar - OM\u00dc Uzaktan E\u011fitim Merkezi\" \/>\n<meta property=\"og:url\" content=\"https:\/\/uzem.omu.edu.tr\/girisimcilik-ve-yenilikcilik-sinavlar\/\" \/>\n<meta property=\"og:site_name\" content=\"OM\u00dc Uzaktan E\u011fitim Merkezi\" \/>\n<meta property=\"article:publisher\" content=\"https:\/\/www.facebook.com\/omu.uzem\" \/>\n<meta property=\"article:modified_time\" content=\"2026-03-09T12:44:46+00:00\" \/>\n<meta name=\"twitter:card\" content=\"summary_large_image\" \/>\n<meta name=\"twitter:site\" content=\"@omuuzem\" \/>\n<meta name=\"twitter:label1\" content=\"Est. reading time\" \/>\n\t<meta name=\"twitter:data1\" content=\"1 minute\" \/>\n<script type=\"application\/ld+json\" class=\"yoast-schema-graph\">{\"@context\":\"https:\/\/schema.org\",\"@graph\":[{\"@type\":\"Organization\",\"@id\":\"https:\/\/uzem.omu.edu.tr\/#organization\",\"name\":\"UZEM\",\"url\":\"https:\/\/uzem.omu.edu.tr\/\",\"sameAs\":[\"https:\/\/www.facebook.com\/omu.uzem\",\"https:\/\/www.instagram.com\/omu.uzem\/\",\"https:\/\/www.youtube.com\/channel\/UCQ6c_wjaGQcIvBKTbPrOe2A\",\"https:\/\/twitter.com\/omuuzem\"],\"logo\":{\"@type\":\"ImageObject\",\"@id\":\"https:\/\/uzem.omu.edu.tr\/#logo\",\"inLanguage\":\"en-US\",\"url\":\"https:\/\/uzem.omu.edu.tr\/wp-content\/uploads\/ulogo-1.png\",\"contentUrl\":\"https:\/\/uzem.omu.edu.tr\/wp-content\/uploads\/ulogo-1.png\",\"width\":364,\"height\":39,\"caption\":\"UZEM\"},\"image\":{\"@id\":\"https:\/\/uzem.omu.edu.tr\/#logo\"}},{\"@type\":\"WebSite\",\"@id\":\"https:\/\/uzem.omu.edu.tr\/#website\",\"url\":\"https:\/\/uzem.omu.edu.tr\/\",\"name\":\"OM\\u00dc Uzaktan E\\u011fitim Merkezi\",\"description\":\"&quot;F\\u0131rsatlar Sunar&quot;\",\"publisher\":{\"@id\":\"https:\/\/uzem.omu.edu.tr\/#organization\"},\"potentialAction\":[{\"@type\":\"SearchAction\",\"target\":{\"@type\":\"EntryPoint\",\"urlTemplate\":\"https:\/\/uzem.omu.edu.tr\/?s={search_term_string}\"},\"query-input\":\"required name=search_term_string\"}],\"inLanguage\":\"en-US\"},{\"@type\":\"WebPage\",\"@id\":\"https:\/\/uzem.omu.edu.tr\/girisimcilik-ve-yenilikcilik-sinavlar\/#webpage\",\"url\":\"https:\/\/uzem.omu.edu.tr\/girisimcilik-ve-yenilikcilik-sinavlar\/\",\"name\":\"Giri\\u015fimcilik ve Yenilik\\u00e7ilik | S\\u0131navlar - OM\\u00dc Uzaktan E\\u011fitim Merkezi\",\"isPartOf\":{\"@id\":\"https:\/\/uzem.omu.edu.tr\/#website\"},\"datePublished\":\"2020-08-13T12:04:00+00:00\",\"dateModified\":\"2026-03-09T12:44:46+00:00\",\"breadcrumb\":{\"@id\":\"https:\/\/uzem.omu.edu.tr\/girisimcilik-ve-yenilikcilik-sinavlar\/#breadcrumb\"},\"inLanguage\":\"en-US\",\"potentialAction\":[{\"@type\":\"ReadAction\",\"target\":[\"https:\/\/uzem.omu.edu.tr\/girisimcilik-ve-yenilikcilik-sinavlar\/\"]}]},{\"@type\":\"BreadcrumbList\",\"@id\":\"https:\/\/uzem.omu.edu.tr\/girisimcilik-ve-yenilikcilik-sinavlar\/#breadcrumb\",\"itemListElement\":[{\"@type\":\"ListItem\",\"position\":1,\"name\":\"Home\",\"item\":\"https:\/\/uzem.omu.edu.tr\/\"},{\"@type\":\"ListItem\",\"position\":2,\"name\":\"Giri\\u015fimcilik ve Yenilik\\u00e7ilik | S\\u0131navlar\"}]}]}<\/script>\n<!-- \/ Yoast SEO plugin. -->","yoast_head_json":{"robots":{"index":"index","follow":"follow","max-snippet":"max-snippet:-1","max-image-preview":"max-image-preview:large","max-video-preview":"max-video-preview:-1"},"canonical":"https:\/\/uzem.omu.edu.tr\/girisimcilik-ve-yenilikcilik-sinavlar\/","og_locale":"en_US","og_type":"article","og_title":"Giri\u015fimcilik ve Yenilik\u00e7ilik | S\u0131navlar - OM\u00dc Uzaktan E\u011fitim Merkezi","og_url":"https:\/\/uzem.omu.edu.tr\/girisimcilik-ve-yenilikcilik-sinavlar\/","og_site_name":"OM\u00dc Uzaktan E\u011fitim Merkezi","article_publisher":"https:\/\/www.facebook.com\/omu.uzem","article_modified_time":"2026-03-09T12:44:46+00:00","twitter_card":"summary_large_image","twitter_site":"@omuuzem","twitter_misc":{"Est. reading time":"1 minute"},"schema":{"@context":"https:\/\/schema.org","@graph":[{"@type":"Organization","@id":"https:\/\/uzem.omu.edu.tr\/#organization","name":"UZEM","url":"https:\/\/uzem.omu.edu.tr\/","sameAs":["https:\/\/www.facebook.com\/omu.uzem","https:\/\/www.instagram.com\/omu.uzem\/","https:\/\/www.youtube.com\/channel\/UCQ6c_wjaGQcIvBKTbPrOe2A","https:\/\/twitter.com\/omuuzem"],"logo":{"@type":"ImageObject","@id":"https:\/\/uzem.omu.edu.tr\/#logo","inLanguage":"en-US","url":"https:\/\/uzem.omu.edu.tr\/wp-content\/uploads\/ulogo-1.png","contentUrl":"https:\/\/uzem.omu.edu.tr\/wp-content\/uploads\/ulogo-1.png","width":364,"height":39,"caption":"UZEM"},"image":{"@id":"https:\/\/uzem.omu.edu.tr\/#logo"}},{"@type":"WebSite","@id":"https:\/\/uzem.omu.edu.tr\/#website","url":"https:\/\/uzem.omu.edu.tr\/","name":"OM\u00dc Uzaktan E\u011fitim Merkezi","description":"&quot;F\u0131rsatlar Sunar&quot;","publisher":{"@id":"https:\/\/uzem.omu.edu.tr\/#organization"},"potentialAction":[{"@type":"SearchAction","target":{"@type":"EntryPoint","urlTemplate":"https:\/\/uzem.omu.edu.tr\/?s={search_term_string}"},"query-input":"required name=search_term_string"}],"inLanguage":"en-US"},{"@type":"WebPage","@id":"https:\/\/uzem.omu.edu.tr\/girisimcilik-ve-yenilikcilik-sinavlar\/#webpage","url":"https:\/\/uzem.omu.edu.tr\/girisimcilik-ve-yenilikcilik-sinavlar\/","name":"Giri\u015fimcilik ve Yenilik\u00e7ilik | S\u0131navlar - OM\u00dc Uzaktan E\u011fitim Merkezi","isPartOf":{"@id":"https:\/\/uzem.omu.edu.tr\/#website"},"datePublished":"2020-08-13T12:04:00+00:00","dateModified":"2026-03-09T12:44:46+00:00","breadcrumb":{"@id":"https:\/\/uzem.omu.edu.tr\/girisimcilik-ve-yenilikcilik-sinavlar\/#breadcrumb"},"inLanguage":"en-US","potentialAction":[{"@type":"ReadAction","target":["https:\/\/uzem.omu.edu.tr\/girisimcilik-ve-yenilikcilik-sinavlar\/"]}]},{"@type":"BreadcrumbList","@id":"https:\/\/uzem.omu.edu.tr\/girisimcilik-ve-yenilikcilik-sinavlar\/#breadcrumb","itemListElement":[{"@type":"ListItem","position":1,"name":"Home","item":"https:\/\/uzem.omu.edu.tr\/"},{"@type":"ListItem","position":2,"name":"Giri\u015fimcilik ve Yenilik\u00e7ilik | S\u0131navlar"}]}]}},"_links":{"self":[{"href":"https:\/\/uzem.omu.edu.tr\/en\/wp-json\/wp\/v2\/pages\/20817"}],"collection":[{"href":"https:\/\/uzem.omu.edu.tr\/en\/wp-json\/wp\/v2\/pages"}],"about":[{"href":"https:\/\/uzem.omu.edu.tr\/en\/wp-json\/wp\/v2\/types\/page"}],"author":[{"embeddable":true,"href":"https:\/\/uzem.omu.edu.tr\/en\/wp-json\/wp\/v2\/users\/11"}],"replies":[{"embeddable":true,"href":"https:\/\/uzem.omu.edu.tr\/en\/wp-json\/wp\/v2\/comments?post=20817"}],"version-history":[{"count":44,"href":"https:\/\/uzem.omu.edu.tr\/en\/wp-json\/wp\/v2\/pages\/20817\/revisions"}],"predecessor-version":[{"id":27475,"href":"https:\/\/uzem.omu.edu.tr\/en\/wp-json\/wp\/v2\/pages\/20817\/revisions\/27475"}],"wp:attachment":[{"href":"https:\/\/uzem.omu.edu.tr\/en\/wp-json\/wp\/v2\/media?parent=20817"}],"curies":[{"name":"wp","href":"https:\/\/api.w.org\/{rel}","templated":true}]}}