{"id":20684,"date":"2020-08-12T14:49:35","date_gmt":"2020-08-12T11:49:35","guid":{"rendered":"https:\/\/uzem.omu.edu.tr\/?page_id=20684"},"modified":"2026-04-09T14:32:57","modified_gmt":"2026-04-09T11:32:57","slug":"veri-bilimi-ders-icerikleri","status":"publish","type":"page","link":"https:\/\/uzem.omu.edu.tr\/en\/veri-bilimi-ders-icerikleri\/","title":{"rendered":"Veri Bilimi | Ders \u0130\u00e7erikleri"},"content":{"rendered":"<p>[vc_row css=&#8221;.vc_custom_1427462343642{margin-top: -5px !important;margin-left: 0px !important;padding-left: 0px !important;}&#8221;][vc_column width=&#8221;3\/4&#8243; css=&#8221;.vc_custom_1449844260141{margin-top: 5px !important;margin-right: 0px !important;padding-right: 0px !important;padding-left: 0px !important;}&#8221;][vc_widget_sidebar sidebar_id=&#8221;generated_sidebar-veri-bilimi-ust-menu&#8221;][vc_row_inner][vc_column_inner css=&#8221;.vc_custom_1449844273436{margin-bottom: 5px !important;padding-right: 0px !important;padding-left: 0px !important;}&#8221;][vc_column_text el_class=&#8221;menu-basligi&#8221;]<\/p>\n<p><strong>DERS \u0130\u00c7ER\u0130KLER\u0130<\/strong><\/p>\n<p>[\/vc_column_text][vc_column_text el_class=&#8221;menu-basligi&#8221; css=&#8221;.vc_custom_1442300515678{margin-top: 5px !important;}&#8221;]<\/p>\n<p><strong>I. YARIYIL DERSLER\u0130<\/strong><\/p>\n<p>[\/vc_column_text][vc_column_text el_class=&#8221;ders-tablosu&#8221;]<\/p>\n<table width=\"675\">\n<tbody>\n<tr>\n<td width=\"70\">Kodu<\/td>\n<td width=\"263\">Ders Ad\u0131<\/td>\n<td width=\"56\">D+U+L<\/td>\n<td width=\"57\">Z\/S<\/td>\n<td width=\"229\">\u00d6\u011fretim \u00dcyesi<\/td>\n<\/tr>\n<tr>\n<td>UIST611<\/td>\n<td>Veri Bilimi<\/td>\n<td>3+0+3<\/td>\n<td>Zorunlu<\/td>\n<td>Do\u00e7. Dr. Talat \u015eENEL<\/td>\n<\/tr>\n<tr>\n<td>UIST609<\/td>\n<td>Bilgisayar Programlama<\/td>\n<td>3+0+3<\/td>\n<td>Zorunlu<\/td>\n<td>Do\u00e7. Dr. Hasan BULUT<\/td>\n<\/tr>\n<tr>\n<td>UIST617<\/td>\n<td>Modelleme ve Optimizasyon<\/td>\n<td>3+0+3<\/td>\n<td>Zorunlu<\/td>\n<td>Do\u00e7. Dr. Talat \u015eENEL<\/td>\n<\/tr>\n<tr>\n<td>UIST608<\/td>\n<td>Hesaplamal\u0131 \u0130statistik I<\/td>\n<td>3+0+3<\/td>\n<td>Zorunlu<\/td>\n<td>Prof. Dr. Erol TERZ\u0130<\/td>\n<\/tr>\n<tr>\n<td>UIST613<\/td>\n<td>Veri G\u00f6rselle\u015ftirme<\/td>\n<td>3+0+3<\/td>\n<td>Zorunlu<\/td>\n<td>Do\u00e7. Dr. Emre D\u00dcNDER<\/td>\n<\/tr>\n<\/tbody>\n<\/table>\n<p>[\/vc_column_text][\/vc_column_inner][\/vc_row_inner][vc_column_text el_class=&#8221;menu-basligi&#8221; css=&#8221;.vc_custom_1536059770042{margin-top: 5px !important;margin-bottom: 10px !important;}&#8221;]<strong>II. YARIYIL DERSLER\u0130<\/strong>[\/vc_column_text][vc_column_text el_class=&#8221;ders-tablosu&#8221;]<\/p>\n<table width=\"675\">\n<tbody>\n<tr>\n<td width=\"70\">Kodu<\/td>\n<td width=\"263\">Ders Ad\u0131<\/td>\n<td width=\"56\">D+U+L<\/td>\n<td width=\"57\">Z\/S<\/td>\n<td width=\"229\">\u00d6\u011fretim \u00dcyesi<\/td>\n<\/tr>\n<tr>\n<td>UIST602<\/td>\n<td>Makine \u00d6\u011frenimi<\/td>\n<td>3+0+3<\/td>\n<td>Zorunlu<\/td>\n<td>Do\u00e7. Dr. Talat \u015eENEL<\/td>\n<\/tr>\n<tr>\n<td>UIST606<\/td>\n<td>B\u00fcy\u00fck Veri Platformlar\u0131<\/td>\n<td>3+0+3<\/td>\n<td>Zorunlu<\/td>\n<td>Do\u00e7. Dr. \u0130smail \u0130\u015eER\u0130<\/td>\n<\/tr>\n<tr>\n<td>U\u0130ST610<\/td>\n<td>Bilgisayarl\u0131 G\u00f6rme<\/td>\n<td>3+0+3<\/td>\n<td>Zorunlu<\/td>\n<td>Dr. \u00d6\u011fr. \u00dcyesi Erhan ERG\u00dcN<\/td>\n<\/tr>\n<tr>\n<td>UIST618<\/td>\n<td>Monte Carlo Benzetimi ve Sim\u00fclasyon<\/td>\n<td>3+0+3<\/td>\n<td>Zorunlu<\/td>\n<td>Do\u00e7. Dr. \u00dcyesi Serpil AYDIN<\/td>\n<\/tr>\n<tr>\n<td>U\u0130ST624<\/td>\n<td>Genelle\u015ftirilmi\u015f Lineer Modeller<\/td>\n<td>3+0+3<\/td>\n<td>Zorunlu<\/td>\n<td>Do\u00e7. Dr. Emre D\u00dcNDER<\/td>\n<\/tr>\n<\/tbody>\n<\/table>\n<p>[\/vc_column_text][\/vc_column][vc_column width=&#8221;1\/4&#8243; css=&#8221;.vc_custom_1433423696704{margin-top: 20px !important;padding-right: 0px !important;}&#8221;][vc_widget_sidebar sidebar_id=&#8221;generated_sidebar-veri-bilimi-sidebar&#8221;][\/vc_column][\/vc_row]<\/p>\n","protected":false},"excerpt":{"rendered":"<p>[vc_row css=&#8221;.vc_custom_1427462343642{margin-top: -5px !important;margin-left: 0px !important;padding-left: 0px !important;}&#8221;][vc_column width=&#8221;3\/4&#8243; css=&#8221;.vc_custom_1449844260141{margin-top: 5px !important;margin-right: 0px !important;padding-right: 0px !important;padding-left: 0px !important;}&#8221;][vc_widget_sidebar sidebar_id=&#8221;generated_sidebar-veri-bilimi-ust-menu&#8221;][vc_row_inner][vc_column_inner css=&#8221;.vc_custom_1449844273436{margin-bottom: 5px !important;padding-right: 0px !important;padding-left: 0px !important;}&#8221;][vc_column_text el_class=&#8221;menu-basligi&#8221;] DERS \u0130\u00c7ER\u0130KLER\u0130 [\/vc_column_text][vc_column_text el_class=&#8221;menu-basligi&#8221; css=&#8221;.vc_custom_1442300515678{margin-top: 5px !important;}&#8221;] I. YARIYIL DERSLER\u0130 [\/vc_column_text][vc_column_text el_class=&#8221;ders-tablosu&#8221;] Kodu Ders Ad\u0131 D+U+L Z\/S \u00d6\u011fretim \u00dcyesi UIST611 Veri Bilimi 3+0+3 Zorunlu Do\u00e7. Dr. Talat \u015eENEL UIST609 Bilgisayar Programlama 3+0+3 Zorunlu Do\u00e7. Dr. Hasan BULUT UIST617 Modelleme ve Optimizasyon 3+0+3 Zorunlu Do\u00e7. Dr. Talat \u015eENEL UIST608 Hesaplamal\u0131 \u0130statistik I 3+0+3 Zorunlu Prof. Dr. Erol TERZ\u0130 UIST613 Veri G\u00f6rselle\u015ftirme 3+0+3 Zorunlu Do\u00e7. Dr. Emre D\u00dcNDER [\/vc_column_text][\/vc_column_inner][\/vc_row_inner][vc_column_text el_class=&#8221;menu-basligi&#8221; css=&#8221;.vc_custom_1536059770042{margin-top: 5px !important;margin-bottom: 10px !important;}&#8221;]II. YARIYIL DERSLER\u0130[\/vc_column_text][vc_column_text el_class=&#8221;ders-tablosu&#8221;] Kodu Ders Ad\u0131 D+U+L Z\/S \u00d6\u011fretim \u00dcyesi UIST602 Makine \u00d6\u011frenimi 3+0+3 Zorunlu Do\u00e7. Dr. Talat \u015eENEL UIST606 B\u00fcy\u00fck Veri Platformlar\u0131 3+0+3 Zorunlu Do\u00e7. Dr. \u0130smail \u0130\u015eER\u0130 U\u0130ST610 Bilgisayarl\u0131 G\u00f6rme 3+0+3 Zorunlu Dr. \u00d6\u011fr. \u00dcyesi Erhan ERG\u00dcN UIST618 Monte Carlo Benzetimi ve Sim\u00fclasyon 3+0+3 Zorunlu Do\u00e7. Dr. \u00dcyesi Serpil AYDIN U\u0130ST624 Genelle\u015ftirilmi\u015f Lineer Modeller 3+0+3 Zorunlu Do\u00e7. Dr. Emre D\u00dcNDER [\/vc_column_text][\/vc_column][vc_column width=&#8221;1\/4&#8243; css=&#8221;.vc_custom_1433423696704{margin-top: 20px !important;padding-right: 0px !important;}&#8221;][vc_widget_sidebar sidebar_id=&#8221;generated_sidebar-veri-bilimi-sidebar&#8221;][\/vc_column][\/vc_row]<\/p>\n","protected":false},"author":11,"featured_media":0,"parent":0,"menu_order":0,"comment_status":"closed","ping_status":"closed","template":"","meta":[],"translation":{"provider":"WPGlobus","version":"2.12.2","language":"en","enabled_languages":["tr","en"],"languages":{"tr":{"title":true,"content":true,"excerpt":false},"en":{"title":false,"content":false,"excerpt":false}}},"yoast_head":"<!-- This site is optimized with the Yoast SEO plugin v17.4 - https:\/\/yoast.com\/wordpress\/plugins\/seo\/ -->\n<meta name=\"robots\" content=\"index, follow, max-snippet:-1, max-image-preview:large, max-video-preview:-1\" \/>\n<link rel=\"canonical\" href=\"https:\/\/uzem.omu.edu.tr\/veri-bilimi-ders-icerikleri\/\" \/>\n<meta property=\"og:locale\" content=\"en_US\" \/>\n<meta property=\"og:type\" content=\"article\" \/>\n<meta property=\"og:title\" content=\"Veri Bilimi | Ders \u0130\u00e7erikleri - OM\u00dc Uzaktan E\u011fitim Merkezi\" \/>\n<meta property=\"og:url\" content=\"https:\/\/uzem.omu.edu.tr\/veri-bilimi-ders-icerikleri\/\" \/>\n<meta property=\"og:site_name\" content=\"OM\u00dc Uzaktan E\u011fitim Merkezi\" \/>\n<meta property=\"article:publisher\" content=\"https:\/\/www.facebook.com\/omu.uzem\" \/>\n<meta property=\"article:modified_time\" content=\"2026-04-09T11:32:57+00:00\" \/>\n<meta name=\"twitter:card\" content=\"summary_large_image\" \/>\n<meta name=\"twitter:site\" content=\"@omuuzem\" \/>\n<meta name=\"twitter:label1\" content=\"Est. reading time\" \/>\n\t<meta name=\"twitter:data1\" content=\"1 minute\" \/>\n<script type=\"application\/ld+json\" class=\"yoast-schema-graph\">{\"@context\":\"https:\/\/schema.org\",\"@graph\":[{\"@type\":\"Organization\",\"@id\":\"https:\/\/uzem.omu.edu.tr\/#organization\",\"name\":\"UZEM\",\"url\":\"https:\/\/uzem.omu.edu.tr\/\",\"sameAs\":[\"https:\/\/www.facebook.com\/omu.uzem\",\"https:\/\/www.instagram.com\/omu.uzem\/\",\"https:\/\/www.youtube.com\/channel\/UCQ6c_wjaGQcIvBKTbPrOe2A\",\"https:\/\/twitter.com\/omuuzem\"],\"logo\":{\"@type\":\"ImageObject\",\"@id\":\"https:\/\/uzem.omu.edu.tr\/#logo\",\"inLanguage\":\"en-US\",\"url\":\"https:\/\/uzem.omu.edu.tr\/wp-content\/uploads\/ulogo-1.png\",\"contentUrl\":\"https:\/\/uzem.omu.edu.tr\/wp-content\/uploads\/ulogo-1.png\",\"width\":364,\"height\":39,\"caption\":\"UZEM\"},\"image\":{\"@id\":\"https:\/\/uzem.omu.edu.tr\/#logo\"}},{\"@type\":\"WebSite\",\"@id\":\"https:\/\/uzem.omu.edu.tr\/#website\",\"url\":\"https:\/\/uzem.omu.edu.tr\/\",\"name\":\"OM\\u00dc Uzaktan E\\u011fitim Merkezi\",\"description\":\"&quot;F\\u0131rsatlar Sunar&quot;\",\"publisher\":{\"@id\":\"https:\/\/uzem.omu.edu.tr\/#organization\"},\"potentialAction\":[{\"@type\":\"SearchAction\",\"target\":{\"@type\":\"EntryPoint\",\"urlTemplate\":\"https:\/\/uzem.omu.edu.tr\/?s={search_term_string}\"},\"query-input\":\"required name=search_term_string\"}],\"inLanguage\":\"en-US\"},{\"@type\":\"WebPage\",\"@id\":\"https:\/\/uzem.omu.edu.tr\/veri-bilimi-ders-icerikleri\/#webpage\",\"url\":\"https:\/\/uzem.omu.edu.tr\/veri-bilimi-ders-icerikleri\/\",\"name\":\"Veri Bilimi | Ders \\u0130\\u00e7erikleri - OM\\u00dc Uzaktan E\\u011fitim Merkezi\",\"isPartOf\":{\"@id\":\"https:\/\/uzem.omu.edu.tr\/#website\"},\"datePublished\":\"2020-08-12T11:49:35+00:00\",\"dateModified\":\"2026-04-09T11:32:57+00:00\",\"breadcrumb\":{\"@id\":\"https:\/\/uzem.omu.edu.tr\/veri-bilimi-ders-icerikleri\/#breadcrumb\"},\"inLanguage\":\"en-US\",\"potentialAction\":[{\"@type\":\"ReadAction\",\"target\":[\"https:\/\/uzem.omu.edu.tr\/veri-bilimi-ders-icerikleri\/\"]}]},{\"@type\":\"BreadcrumbList\",\"@id\":\"https:\/\/uzem.omu.edu.tr\/veri-bilimi-ders-icerikleri\/#breadcrumb\",\"itemListElement\":[{\"@type\":\"ListItem\",\"position\":1,\"name\":\"Home\",\"item\":\"https:\/\/uzem.omu.edu.tr\/\"},{\"@type\":\"ListItem\",\"position\":2,\"name\":\"Veri Bilimi | Ders \\u0130\\u00e7erikleri\"}]}]}<\/script>\n<!-- \/ Yoast SEO plugin. -->","yoast_head_json":{"robots":{"index":"index","follow":"follow","max-snippet":"max-snippet:-1","max-image-preview":"max-image-preview:large","max-video-preview":"max-video-preview:-1"},"canonical":"https:\/\/uzem.omu.edu.tr\/veri-bilimi-ders-icerikleri\/","og_locale":"en_US","og_type":"article","og_title":"Veri Bilimi | Ders \u0130\u00e7erikleri - OM\u00dc Uzaktan E\u011fitim Merkezi","og_url":"https:\/\/uzem.omu.edu.tr\/veri-bilimi-ders-icerikleri\/","og_site_name":"OM\u00dc Uzaktan E\u011fitim Merkezi","article_publisher":"https:\/\/www.facebook.com\/omu.uzem","article_modified_time":"2026-04-09T11:32:57+00:00","twitter_card":"summary_large_image","twitter_site":"@omuuzem","twitter_misc":{"Est. reading time":"1 minute"},"schema":{"@context":"https:\/\/schema.org","@graph":[{"@type":"Organization","@id":"https:\/\/uzem.omu.edu.tr\/#organization","name":"UZEM","url":"https:\/\/uzem.omu.edu.tr\/","sameAs":["https:\/\/www.facebook.com\/omu.uzem","https:\/\/www.instagram.com\/omu.uzem\/","https:\/\/www.youtube.com\/channel\/UCQ6c_wjaGQcIvBKTbPrOe2A","https:\/\/twitter.com\/omuuzem"],"logo":{"@type":"ImageObject","@id":"https:\/\/uzem.omu.edu.tr\/#logo","inLanguage":"en-US","url":"https:\/\/uzem.omu.edu.tr\/wp-content\/uploads\/ulogo-1.png","contentUrl":"https:\/\/uzem.omu.edu.tr\/wp-content\/uploads\/ulogo-1.png","width":364,"height":39,"caption":"UZEM"},"image":{"@id":"https:\/\/uzem.omu.edu.tr\/#logo"}},{"@type":"WebSite","@id":"https:\/\/uzem.omu.edu.tr\/#website","url":"https:\/\/uzem.omu.edu.tr\/","name":"OM\u00dc Uzaktan E\u011fitim Merkezi","description":"&quot;F\u0131rsatlar Sunar&quot;","publisher":{"@id":"https:\/\/uzem.omu.edu.tr\/#organization"},"potentialAction":[{"@type":"SearchAction","target":{"@type":"EntryPoint","urlTemplate":"https:\/\/uzem.omu.edu.tr\/?s={search_term_string}"},"query-input":"required name=search_term_string"}],"inLanguage":"en-US"},{"@type":"WebPage","@id":"https:\/\/uzem.omu.edu.tr\/veri-bilimi-ders-icerikleri\/#webpage","url":"https:\/\/uzem.omu.edu.tr\/veri-bilimi-ders-icerikleri\/","name":"Veri Bilimi | Ders \u0130\u00e7erikleri - OM\u00dc Uzaktan E\u011fitim Merkezi","isPartOf":{"@id":"https:\/\/uzem.omu.edu.tr\/#website"},"datePublished":"2020-08-12T11:49:35+00:00","dateModified":"2026-04-09T11:32:57+00:00","breadcrumb":{"@id":"https:\/\/uzem.omu.edu.tr\/veri-bilimi-ders-icerikleri\/#breadcrumb"},"inLanguage":"en-US","potentialAction":[{"@type":"ReadAction","target":["https:\/\/uzem.omu.edu.tr\/veri-bilimi-ders-icerikleri\/"]}]},{"@type":"BreadcrumbList","@id":"https:\/\/uzem.omu.edu.tr\/veri-bilimi-ders-icerikleri\/#breadcrumb","itemListElement":[{"@type":"ListItem","position":1,"name":"Home","item":"https:\/\/uzem.omu.edu.tr\/"},{"@type":"ListItem","position":2,"name":"Veri Bilimi | Ders \u0130\u00e7erikleri"}]}]}},"_links":{"self":[{"href":"https:\/\/uzem.omu.edu.tr\/en\/wp-json\/wp\/v2\/pages\/20684"}],"collection":[{"href":"https:\/\/uzem.omu.edu.tr\/en\/wp-json\/wp\/v2\/pages"}],"about":[{"href":"https:\/\/uzem.omu.edu.tr\/en\/wp-json\/wp\/v2\/types\/page"}],"author":[{"embeddable":true,"href":"https:\/\/uzem.omu.edu.tr\/en\/wp-json\/wp\/v2\/users\/11"}],"replies":[{"embeddable":true,"href":"https:\/\/uzem.omu.edu.tr\/en\/wp-json\/wp\/v2\/comments?post=20684"}],"version-history":[{"count":21,"href":"https:\/\/uzem.omu.edu.tr\/en\/wp-json\/wp\/v2\/pages\/20684\/revisions"}],"predecessor-version":[{"id":27507,"href":"https:\/\/uzem.omu.edu.tr\/en\/wp-json\/wp\/v2\/pages\/20684\/revisions\/27507"}],"wp:attachment":[{"href":"https:\/\/uzem.omu.edu.tr\/en\/wp-json\/wp\/v2\/media?parent=20684"}],"curies":[{"name":"wp","href":"https:\/\/api.w.org\/{rel}","templated":true}]}}