{"id":202,"date":"2015-02-23T08:54:34","date_gmt":"2015-02-23T08:54:34","guid":{"rendered":"https:\/\/uzem.omu.edu.tr\/?page_id=202"},"modified":"2025-10-06T14:19:10","modified_gmt":"2025-10-06T11:19:10","slug":"egitim-portali","status":"publish","type":"page","link":"https:\/\/uzem.omu.edu.tr\/en\/egitim-portali\/","title":{"rendered":"E\u011fitim Portal\u0131 Yard\u0131m Sayfas\u0131"},"content":{"rendered":"<p>[vc_row bg_type=&#8221;bg_color&#8221; bg_override=&#8221;full&#8221; parallax_content=&#8221;off&#8221; fadeout_row=&#8221;off&#8221; seperator_enable=&#8221;off&#8221; css=&#8221;.vc_custom_1433074690547{margin-top: 30px !important;margin-bottom: 0px !important;margin-left: 0px !important;border-right-width: 0px !important;background-position: 0 0 !important;background-repeat: repeat !important;}&#8221; bg_color_value=&#8221;#dd3333&#8243;][vc_column width=&#8221;1\/3&#8243; css=&#8221;.vc_custom_1433075767865{padding-right: 0px !important;padding-left: 0px !important;}&#8221;][vc_column_text]<\/p>\n<h2 style=\"text-align: center;\"><i class=\" icon-check\"><\/i> Girmek \u0130stedi\u011finiz E\u011fitim Portal\u0131n\u0131 Se\u00e7iniz<\/h2>\n<p>[\/vc_column_text][vc_raw_html]JTIwJTIwJTNDZGl2JTIwaWQlM0QlMjJib2x1bS1tZW51bGVyaS1rb250ZXluZXIlMjIlM0UlMEElMjAlMjAlMjAlMjAlM0NhJTIwY2xhc3MlM0QlMjJib2x1bS1tZW51bGVyaS1saW5rJTIyJTIwaHJlZiUzRCUyMmh0dHAlM0ElMkYlMkZwb3J0YWwudXplbS5vbXUuZWR1LnRyJTIyJTNFJTBBJTIwJTIwJTIwJTIwJTIwJTIwJTNDZGl2JTIwY2xhc3MlM0QlMjJib2x1bS1tZW51bGVyaSUyMG1vciUyMiUzRSUwQSUyMCUyMCUyMCUyMCUyMCUyMCUyMCUyMCUzQ2RpdiUyMGNsYXNzJTNEJTIyYm9sdW0taWtvbnUlMjIlM0UlM0NpJTIwY2xhc3MlM0QlMjJmYSUyMGZhLWRlc2t0b3AlMjIlM0UlM0MlMkZpJTNFJTNDJTJGZGl2JTNFJTBBJTIwJTIwJTIwJTIwJTIwJTIwJTIwJTIwJTNDc3Ryb25nJTNFJTNDc3BhbiUyMGNsYXNzJTNEJTIyZmlyc3Qtd29yZC1ib2x1bSUyMiUzRVVaRU0lMjBQcm9ncmFtbGFyJUM0JUIxJTIwRGVycyUyMFBvcnRhbCVDNCVCMSUzQyUyRnNwYW4lM0UlM0MlMkZzdHJvbmclM0UlM0NiciUzRSUzQ2JyJTNFJTBBJTIwJTIwJTIwJTIwJTIwJTIwJTIwJTIwJTIwJTIwJTNDc3BhbiUyMGNsYXNzJTNEJTIyc2Vjb25kLXdvcmQtYm9sdW0lMjIlM0VVemVtJTIwYiVDMyVCQ255ZXNpbmRlJTIweWVyJTIwYWxhbiUyMHklQzMlQkNrc2VrJTIwbGlzYW5zJTJDJTIwbGlzYW5zJTIwdGFtYW1sYW1hJTJDJTIwJUMzJUI2bmxpc2FucyUyMHZlJTIwc2VydGlmaWthJTIwcHJvZ3JhbWxhciVDNCVCMSUzQyUyRnNwYW4lM0UlMEElMjAlMjAlMjAlMjAlMjAlMjAlMjAlMjAlMEElMjAlMjAlMjAlMjAlMjAlMjAlM0MlMkZkaXYlM0UlMEElMjAlMjAlMjAlMjAlM0MlMkZhJTNFJTBBJTIwJTIwJTNDJTJGZGl2JTNFJTBBJTBBJTIwJTIwJTNDc3R5bGUlMjB0eXBlJTNEJTIydGV4dCUyRmNzcyUyMiUzRSUwQSUyMCUyMGEuYm9sdW0tbWVudWxlcmktbGluayU3QiUwQSUyMCUyMCUyMCUyMHdpZHRoJTNBMTAwJTI1JTNCJTBBJTIwJTIwJTIwJTIwY29sb3IlM0F3aGl0ZSUzQiUwQSUyMCUyMCUyMCUyMHRleHQtZGVjb3JhdGlvbiUzQW5vbmUlM0IlMEElMjAlMjAlN0QlMEElMEElMEElMjAlMjAlMjNib2x1bS1tZW51bGVyaS1rb250ZXluZXIlMjAlN0IlMEElMjAlMjAlMjAlMjBkaXNwbGF5JTNBJTIwLXdlYmtpdC1mbGV4JTNCJTBBJTIwJTIwJTIwJTIwZGlzcGxheSUzQSUyMGZsZXglM0IlMEElMjAlMjAlMjAlMjBmb250LXNpemUlM0ExOHB4JTNCJTBBJTIwJTIwJTIwJTIwd2lkdGglM0ElMjAxMDAlMjUlM0IlMEElMjAlMjAlN0QlMEElMjAlMjAuYm9sdW0tbWVudWxlcmklMjAlN0IlMEElMjAlMjAlMjAlMjBmbGV4JTNBJTIwMSUzQiUwQSUyMCUyMCUyMCUyMG9yZGVyJTNBJTIwMiUzQiUwQSUyMCUyMCUyMCUyMHRleHQtYWxpZ24lM0FjZW50ZXIlM0IlMEElMjAlMjAlMjAlMjAlMjAlMjBwYWRkaW5nJTNBJTIwMTBweCUyMDBweCUyMDEwcHglMjAwcHglM0IlMEElMjAlMjAlMjAlMjBwYWRkaW5nLWJvdHRvbSUzQTI1cHglM0IlMEElMjAlMjAlN0QlMEElMjAlMjAubW9yJTdCYmFja2dyb3VuZC1jb2xvciUzQSUyM2M1MTgzOCUzQiU3RCUwQSUwQSUyMCUyMC5tb3IlM0Fob3ZlciU3QmJhY2tncm91bmQtY29sb3IlM0ElMjNBNDExMkMlM0IlN0QlMEElMEElMjAlMjAlNDBtZWRpYSUyMHNjcmVlbiUyMGFuZCUyMCUyOG1heC13aWR0aCUzQSUyMDUzMHB4JTI5JTIwJTdCJTBBJTIwJTIwJTIwJTIwc3Bhbi5maXJzdC13b3JkLWJvbHVtJTdCJTBBJTIwJTIwJTIwJTIwJTIwJTIwZGlzcGxheSUzQSUyMGJsb2NrJTNCJTBBJTIwJTIwJTIwJTIwJTdEJTBBJTBBJTIwJTIwJTIwJTIwLmJvbHVtLW1lbnVsZXJpJTIwc3BhbiU3QiUwQSUyMCUyMCUyMCUyMCUyMCUyMGZvbnQtc2l6ZSUzQSUyMDE1cHglM0IlMEElMjAlMjAlMjAlMjAlN0QlMEElMjAlMjAlN0QlMEElMEElMjAlMjAlNDBtZWRpYSUyMHNjcmVlbiUyMGFuZCUyMCUyOG1heC13aWR0aCUzQSUyMDM1MHB4JTI5JTIwJTdCJTBBJTIwJTIwJTIwJTIwLmJvbHVtLW1lbnVsZXJpJTIwc3BhbiU3QiUwQSUyMCUyMCUyMCUyMCUyMCUyMGZvbnQtc2l6ZSUzQSUyMDEzcHglM0IlMEElMjAlMjAlMjAlMjAlN0QlMEElMjAlMjAlN0QlMEElMEElMjAlMjAlNDBtZWRpYSUyMHNjcmVlbiUyMGFuZCUyMCUyOG1heC13aWR0aCUzQSUyMDYzM3B4JTI5JTIwJTdCJTBBJTIwJTIwLmJvbHVtLW1lbnVsZXJpJTdCJTBBJTIwJTIwaGVpZ2h0JTNBJTIwODVweCUzQiUwQSUyMCUyMCU3RCUwQSUyMCUyMCU3RCUwQSUwQSUyMCUyMC5ib2x1bS1pa29udSUyMCU3QiUwQSUyMCUyMCUyMCUyMCUyMCUyMGZvbnQtc2l6ZSUzQSUyMDY1cHglM0IlMEElMjAlMjAlMjAlMjAlMjAlMjBtYXJnaW4tYm90dG9tJTNBJTIwNXB4JTNCJTBBJTIwJTIwJTdEJTBBJTIwJTIwJTNDJTJGc3R5bGUlM0U=[\/vc_raw_html][vc_raw_html]JTIwJTIwJTNDZGl2JTIwaWQlM0QlMjJib2x1bS1tZW51bGVyaS1rb250ZXluZXIlMjIlM0UlMEElMjAlMjAlMjAlMjAlM0NhJTIwY2xhc3MlM0QlMjJib2x1bS1tZW51bGVyaS1saW5rJTIyJTIwaHJlZiUzRCUyMmh0dHAlM0ElMkYlMkZlZGVycy5vbXUuZWR1LnRyJTJGJTIyJTNFJTBBJTIwJTIwJTIwJTIwJTIwJTIwJTNDZGl2JTIwY2xhc3MlM0QlMjJib2x1bS1tZW51bGVyaSUyMG1vciUyMiUzRSUwQSUyMCUyMCUyMCUyMCUyMCUyMCUyMCUyMCUzQ2RpdiUyMGNsYXNzJTNEJTIyYm9sdW0taWtvbnUlMjIlM0UlM0NpJTIwY2xhc3MlM0QlMjJmYSUyMGZhLWRlc2t0b3AlMjIlM0UlM0MlMkZpJTNFJTNDJTJGZGl2JTNFJTBBJTIwJTIwJTIwJTIwJTIwJTIwJTIwJTIwJTNDc3Ryb25nJTNFJTNDc3BhbiUyMGNsYXNzJTNEJTIyZmlyc3Qtd29yZC1ib2x1bSUyMiUzRVVaRU0lMjBPcnRhayUyMERlcnNsZXIlMjBQb3J0YWwlQzQlQjElM0MlMkZzcGFuJTNFJTNDJTJGc3Ryb25nJTNFJTNDYnIlM0UlM0NiciUzRSUwQSUyMCUyMCUyMCUyMCUyMCUyMCUyMCUyMCUyMCUyMCUzQ3NwYW4lMjBjbGFzcyUzRCUyMnNlY29uZC13b3JkLWJvbHVtJTIyJTNFT00lQzMlOUMlMjBrYW1wJUMzJUJDcyUyMGklQzMlQTdpJTIwb3J0YWslMjBkZXJzbGVyJTIwcG9ydGFsJUM0JUIxJTNDJTJGc3BhbiUzRSUwQSUyMCUyMCUyMCUyMCUyMCUyMCUyMCUyMCUwQSUyMCUyMCUyMCUyMCUyMCUyMCUzQyUyRmRpdiUzRSUwQSUyMCUyMCUyMCUyMCUzQyUyRmElM0UlMEElMjAlMjAlM0MlMkZkaXYlM0UlMEElMEElMjAlMjAlM0NzdHlsZSUyMHR5cGUlM0QlMjJ0ZXh0JTJGY3NzJTIyJTNFJTBBJTIwJTIwYS5ib2x1bS1tZW51bGVyaS1saW5rJTdCJTBBJTIwJTIwJTIwJTIwd2lkdGglM0ExMDAlMjUlM0IlMEElMjAlMjAlMjAlMjBjb2xvciUzQXdoaXRlJTNCJTBBJTIwJTIwJTIwJTIwdGV4dC1kZWNvcmF0aW9uJTNBbm9uZSUzQiUwQSUyMCUyMCU3RCUwQSUwQSUwQSUyMCUyMCUyM2JvbHVtLW1lbnVsZXJpLWtvbnRleW5lciUyMCU3QiUwQSUyMCUyMCUyMCUyMGRpc3BsYXklM0ElMjAtd2Via2l0LWZsZXglM0IlMEElMjAlMjAlMjAlMjBkaXNwbGF5JTNBJTIwZmxleCUzQiUwQSUyMCUyMCUyMCUyMGZvbnQtc2l6ZSUzQTE4cHglM0IlMEElMjAlMjAlMjAlMjB3aWR0aCUzQSUyMDEwMCUyNSUzQiUwQSUyMCUyMCUyMCUyMG1hcmdpbi10b3AlM0EzMHB4JTNCJTBBJTIwJTIwJTdEJTBBJTIwJTIwLmJvbHVtLW1lbnVsZXJpJTIwJTdCJTBBJTIwJTIwJTIwJTIwZmxleCUzQSUyMDElM0IlMEElMjAlMjAlMjAlMjBvcmRlciUzQSUyMDIlM0IlMEElMjAlMjAlMjAlMjB0ZXh0LWFsaWduJTNBY2VudGVyJTNCJTBBJTIwJTIwJTIwJTIwJTIwJTIwcGFkZGluZyUzQSUyMDEwcHglMjAwcHglMjAxMHB4JTIwMHB4JTNCJTBBJTIwJTIwJTIwJTIwcGFkZGluZy1ib3R0b20lM0EyNXB4JTNCJTBBJTIwJTIwJTdEJTBBJTIwJTIwLm1vciU3QmJhY2tncm91bmQtY29sb3IlM0ElMjNjNTE4MzglM0IlN0QlMEElMEElMjAlMjAubW9yJTNBaG92ZXIlN0JiYWNrZ3JvdW5kLWNvbG9yJTNBJTIzQTQxMTJDJTNCJTdEJTBBJTBBJTIwJTIwJTQwbWVkaWElMjBzY3JlZW4lMjBhbmQlMjAlMjhtYXgtd2lkdGglM0ElMjA1MzBweCUyOSUyMCU3QiUwQSUyMCUyMCUyMCUyMHNwYW4uZmlyc3Qtd29yZC1ib2x1bSU3QiUwQSUyMCUyMCUyMCUyMCUyMCUyMGRpc3BsYXklM0ElMjBibG9jayUzQiUwQSUyMCUyMCUyMCUyMCU3RCUwQSUwQSUyMCUyMCUyMCUyMC5ib2x1bS1tZW51bGVyaSUyMHNwYW4lN0IlMEElMjAlMjAlMjAlMjAlMjAlMjBmb250LXNpemUlM0ElMjAxNXB4JTNCJTBBJTIwJTIwJTIwJTIwJTdEJTBBJTIwJTIwJTdEJTBBJTBBJTIwJTIwJTQwbWVkaWElMjBzY3JlZW4lMjBhbmQlMjAlMjhtYXgtd2lkdGglM0ElMjAzNTBweCUyOSUyMCU3QiUwQSUyMCUyMCUyMCUyMC5ib2x1bS1tZW51bGVyaSUyMHNwYW4lN0IlMEElMjAlMjAlMjAlMjAlMjAlMjBmb250LXNpemUlM0ElMjAxM3B4JTNCJTBBJTIwJTIwJTIwJTIwJTdEJTBBJTIwJTIwJTdEJTBBJTBBJTIwJTIwJTQwbWVkaWElMjBzY3JlZW4lMjBhbmQlMjAlMjhtYXgtd2lkdGglM0ElMjA2MzNweCUyOSUyMCU3QiUwQSUyMCUyMC5ib2x1bS1tZW51bGVyaSU3QiUwQSUyMCUyMGhlaWdodCUzQSUyMDg1cHglM0IlMEElMjAlMjAlN0QlMEElMjAlMjAlN0QlMEElMEElMjAlMjAuYm9sdW0taWtvbnUlMjAlN0IlMEElMjAlMjAlMjAlMjAlMjAlMjBmb250LXNpemUlM0ElMjA2NXB4JTNCJTBBJTIwJTIwJTIwJTIwJTIwJTIwbWFyZ2luLWJvdHRvbSUzQSUyMDVweCUzQiUwQSUyMCUyMCU3RCUwQSUyMCUyMCUzQyUyRnN0eWxlJTNF[\/vc_raw_html][\/vc_column][vc_column width=&#8221;2\/3&#8243; css=&#8221;.vc_custom_1433146010195{padding-left: 30px !important;}&#8221;][vc_column_text el_class=&#8221;menu-basligi&#8221;]<\/p>\n<p style=\"text-align: justify;\"><strong>L\u00fctfen Dikkat!<\/strong><\/p>\n<p>[\/vc_column_text][vc_column_text]<\/p>\n<p style=\"text-align: justify;\">E\u011fitim Portal\u0131na giri\u015f yapabilmeniz i\u00e7in Ondokuz May\u0131s \u00dcniversitesi Uzaktan E\u011fitim Merkezi\u2019ne ba\u011fl\u0131 bir e\u011fitim program\u0131nda \u00f6\u011frenci olman\u0131z gerekmektedir. Portallara giri\u015f i\u00e7in ayr\u0131nt\u0131l\u0131 bilgiyi\u00a0<i class=\" icon-info-sign\"><\/i><strong><a href=\"https:\/\/uzem.omu.edu.tr\/portal-giris-rehberi.html\" target=\"_blank\" rel=\"noopener\">UZEM E\u011fitim Portallar\u0131na Giri\u015f Rehberi<\/a>&#8216;<\/strong>ne t\u0131klayarak \u00f6\u011frenebilirsiniz.<\/p>\n<p>[\/vc_column_text][\/vc_column][\/vc_row]<\/p>\n","protected":false},"excerpt":{"rendered":"<p>[vc_row bg_type=&#8221;bg_color&#8221; bg_override=&#8221;full&#8221; parallax_content=&#8221;off&#8221; fadeout_row=&#8221;off&#8221; seperator_enable=&#8221;off&#8221; css=&#8221;.vc_custom_1433074690547{margin-top: 30px !important;margin-bottom: 0px !important;margin-left: 0px !important;border-right-width: 0px !important;background-position: 0 0 !important;background-repeat: repeat !important;}&#8221; bg_color_value=&#8221;#dd3333&#8243;][vc_column width=&#8221;1\/3&#8243; css=&#8221;.vc_custom_1433075767865{padding-right: 0px !important;padding-left: 0px !important;}&#8221;][vc_column_text] Girmek \u0130stedi\u011finiz E\u011fitim Portal\u0131n\u0131 Se\u00e7iniz [\/vc_column_text][vc_raw_html]JTIwJTIwJTNDZGl2JTIwaWQlM0QlMjJib2x1bS1tZW51bGVyaS1rb250ZXluZXIlMjIlM0UlMEElMjAlMjAlMjAlMjAlM0NhJTIwY2xhc3MlM0QlMjJib2x1bS1tZW51bGVyaS1saW5rJTIyJTIwaHJlZiUzRCUyMmh0dHAlM0ElMkYlMkZwb3J0YWwudXplbS5vbXUuZWR1LnRyJTIyJTNFJTBBJTIwJTIwJTIwJTIwJTIwJTIwJTNDZGl2JTIwY2xhc3MlM0QlMjJib2x1bS1tZW51bGVyaSUyMG1vciUyMiUzRSUwQSUyMCUyMCUyMCUyMCUyMCUyMCUyMCUyMCUzQ2RpdiUyMGNsYXNzJTNEJTIyYm9sdW0taWtvbnUlMjIlM0UlM0NpJTIwY2xhc3MlM0QlMjJmYSUyMGZhLWRlc2t0b3AlMjIlM0UlM0MlMkZpJTNFJTNDJTJGZGl2JTNFJTBBJTIwJTIwJTIwJTIwJTIwJTIwJTIwJTIwJTNDc3Ryb25nJTNFJTNDc3BhbiUyMGNsYXNzJTNEJTIyZmlyc3Qtd29yZC1ib2x1bSUyMiUzRVVaRU0lMjBQcm9ncmFtbGFyJUM0JUIxJTIwRGVycyUyMFBvcnRhbCVDNCVCMSUzQyUyRnNwYW4lM0UlM0MlMkZzdHJvbmclM0UlM0NiciUzRSUzQ2JyJTNFJTBBJTIwJTIwJTIwJTIwJTIwJTIwJTIwJTIwJTIwJTIwJTNDc3BhbiUyMGNsYXNzJTNEJTIyc2Vjb25kLXdvcmQtYm9sdW0lMjIlM0VVemVtJTIwYiVDMyVCQ255ZXNpbmRlJTIweWVyJTIwYWxhbiUyMHklQzMlQkNrc2VrJTIwbGlzYW5zJTJDJTIwbGlzYW5zJTIwdGFtYW1sYW1hJTJDJTIwJUMzJUI2bmxpc2FucyUyMHZlJTIwc2VydGlmaWthJTIwcHJvZ3JhbWxhciVDNCVCMSUzQyUyRnNwYW4lM0UlMEElMjAlMjAlMjAlMjAlMjAlMjAlMjAlMjAlMEElMjAlMjAlMjAlMjAlMjAlMjAlM0MlMkZkaXYlM0UlMEElMjAlMjAlMjAlMjAlM0MlMkZhJTNFJTBBJTIwJTIwJTNDJTJGZGl2JTNFJTBBJTBBJTIwJTIwJTNDc3R5bGUlMjB0eXBlJTNEJTIydGV4dCUyRmNzcyUyMiUzRSUwQSUyMCUyMGEuYm9sdW0tbWVudWxlcmktbGluayU3QiUwQSUyMCUyMCUyMCUyMHdpZHRoJTNBMTAwJTI1JTNCJTBBJTIwJTIwJTIwJTIwY29sb3IlM0F3aGl0ZSUzQiUwQSUyMCUyMCUyMCUyMHRleHQtZGVjb3JhdGlvbiUzQW5vbmUlM0IlMEElMjAlMjAlN0QlMEElMEElMEElMjAlMjAlMjNib2x1bS1tZW51bGVyaS1rb250ZXluZXIlMjAlN0IlMEElMjAlMjAlMjAlMjBkaXNwbGF5JTNBJTIwLXdlYmtpdC1mbGV4JTNCJTBBJTIwJTIwJTIwJTIwZGlzcGxheSUzQSUyMGZsZXglM0IlMEElMjAlMjAlMjAlMjBmb250LXNpemUlM0ExOHB4JTNCJTBBJTIwJTIwJTIwJTIwd2lkdGglM0ElMjAxMDAlMjUlM0IlMEElMjAlMjAlN0QlMEElMjAlMjAuYm9sdW0tbWVudWxlcmklMjAlN0IlMEElMjAlMjAlMjAlMjBmbGV4JTNBJTIwMSUzQiUwQSUyMCUyMCUyMCUyMG9yZGVyJTNBJTIwMiUzQiUwQSUyMCUyMCUyMCUyMHRleHQtYWxpZ24lM0FjZW50ZXIlM0IlMEElMjAlMjAlMjAlMjAlMjAlMjBwYWRkaW5nJTNBJTIwMTBweCUyMDBweCUyMDEwcHglMjAwcHglM0IlMEElMjAlMjAlMjAlMjBwYWRkaW5nLWJvdHRvbSUzQTI1cHglM0IlMEElMjAlMjAlN0QlMEElMjAlMjAubW9yJTdCYmFja2dyb3VuZC1jb2xvciUzQSUyM2M1MTgzOCUzQiU3RCUwQSUwQSUyMCUyMC5tb3IlM0Fob3ZlciU3QmJhY2tncm91bmQtY29sb3IlM0ElMjNBNDExMkMlM0IlN0QlMEElMEElMjAlMjAlNDBtZWRpYSUyMHNjcmVlbiUyMGFuZCUyMCUyOG1heC13aWR0aCUzQSUyMDUzMHB4JTI5JTIwJTdCJTBBJTIwJTIwJTIwJTIwc3Bhbi5maXJzdC13b3JkLWJvbHVtJTdCJTBBJTIwJTIwJTIwJTIwJTIwJTIwZGlzcGxheSUzQSUyMGJsb2NrJTNCJTBBJTIwJTIwJTIwJTIwJTdEJTBBJTBBJTIwJTIwJTIwJTIwLmJvbHVtLW1lbnVsZXJpJTIwc3BhbiU3QiUwQSUyMCUyMCUyMCUyMCUyMCUyMGZvbnQtc2l6ZSUzQSUyMDE1cHglM0IlMEElMjAlMjAlMjAlMjAlN0QlMEElMjAlMjAlN0QlMEElMEElMjAlMjAlNDBtZWRpYSUyMHNjcmVlbiUyMGFuZCUyMCUyOG1heC13aWR0aCUzQSUyMDM1MHB4JTI5JTIwJTdCJTBBJTIwJTIwJTIwJTIwLmJvbHVtLW1lbnVsZXJpJTIwc3BhbiU3QiUwQSUyMCUyMCUyMCUyMCUyMCUyMGZvbnQtc2l6ZSUzQSUyMDEzcHglM0IlMEElMjAlMjAlMjAlMjAlN0QlMEElMjAlMjAlN0QlMEElMEElMjAlMjAlNDBtZWRpYSUyMHNjcmVlbiUyMGFuZCUyMCUyOG1heC13aWR0aCUzQSUyMDYzM3B4JTI5JTIwJTdCJTBBJTIwJTIwLmJvbHVtLW1lbnVsZXJpJTdCJTBBJTIwJTIwaGVpZ2h0JTNBJTIwODVweCUzQiUwQSUyMCUyMCU3RCUwQSUyMCUyMCU3RCUwQSUwQSUyMCUyMC5ib2x1bS1pa29udSUyMCU3QiUwQSUyMCUyMCUyMCUyMCUyMCUyMGZvbnQtc2l6ZSUzQSUyMDY1cHglM0IlMEElMjAlMjAlMjAlMjAlMjAlMjBtYXJnaW4tYm90dG9tJTNBJTIwNXB4JTNCJTBBJTIwJTIwJTdEJTBBJTIwJTIwJTNDJTJGc3R5bGUlM0U=[\/vc_raw_html][vc_raw_html]JTIwJTIwJTNDZGl2JTIwaWQlM0QlMjJib2x1bS1tZW51bGVyaS1rb250ZXluZXIlMjIlM0UlMEElMjAlMjAlMjAlMjAlM0NhJTIwY2xhc3MlM0QlMjJib2x1bS1tZW51bGVyaS1saW5rJTIyJTIwaHJlZiUzRCUyMmh0dHAlM0ElMkYlMkZlZGVycy5vbXUuZWR1LnRyJTJGJTIyJTNFJTBBJTIwJTIwJTIwJTIwJTIwJTIwJTNDZGl2JTIwY2xhc3MlM0QlMjJib2x1bS1tZW51bGVyaSUyMG1vciUyMiUzRSUwQSUyMCUyMCUyMCUyMCUyMCUyMCUyMCUyMCUzQ2RpdiUyMGNsYXNzJTNEJTIyYm9sdW0taWtvbnUlMjIlM0UlM0NpJTIwY2xhc3MlM0QlMjJmYSUyMGZhLWRlc2t0b3AlMjIlM0UlM0MlMkZpJTNFJTNDJTJGZGl2JTNFJTBBJTIwJTIwJTIwJTIwJTIwJTIwJTIwJTIwJTNDc3Ryb25nJTNFJTNDc3BhbiUyMGNsYXNzJTNEJTIyZmlyc3Qtd29yZC1ib2x1bSUyMiUzRVVaRU0lMjBPcnRhayUyMERlcnNsZXIlMjBQb3J0YWwlQzQlQjElM0MlMkZzcGFuJTNFJTNDJTJGc3Ryb25nJTNFJTNDYnIlM0UlM0NiciUzRSUwQSUyMCUyMCUyMCUyMCUyMCUyMCUyMCUyMCUyMCUyMCUzQ3NwYW4lMjBjbGFzcyUzRCUyMnNlY29uZC13b3JkLWJvbHVtJTIyJTNFT00lQzMlOUMlMjBrYW1wJUMzJUJDcyUyMGklQzMlQTdpJTIwb3J0YWslMjBkZXJzbGVyJTIwcG9ydGFsJUM0JUIxJTNDJTJGc3BhbiUzRSUwQSUyMCUyMCUyMCUyMCUyMCUyMCUyMCUyMCUwQSUyMCUyMCUyMCUyMCUyMCUyMCUzQyUyRmRpdiUzRSUwQSUyMCUyMCUyMCUyMCUzQyUyRmElM0UlMEElMjAlMjAlM0MlMkZkaXYlM0UlMEElMEElMjAlMjAlM0NzdHlsZSUyMHR5cGUlM0QlMjJ0ZXh0JTJGY3NzJTIyJTNFJTBBJTIwJTIwYS5ib2x1bS1tZW51bGVyaS1saW5rJTdCJTBBJTIwJTIwJTIwJTIwd2lkdGglM0ExMDAlMjUlM0IlMEElMjAlMjAlMjAlMjBjb2xvciUzQXdoaXRlJTNCJTBBJTIwJTIwJTIwJTIwdGV4dC1kZWNvcmF0aW9uJTNBbm9uZSUzQiUwQSUyMCUyMCU3RCUwQSUwQSUwQSUyMCUyMCUyM2JvbHVtLW1lbnVsZXJpLWtvbnRleW5lciUyMCU3QiUwQSUyMCUyMCUyMCUyMGRpc3BsYXklM0ElMjAtd2Via2l0LWZsZXglM0IlMEElMjAlMjAlMjAlMjBkaXNwbGF5JTNBJTIwZmxleCUzQiUwQSUyMCUyMCUyMCUyMGZvbnQtc2l6ZSUzQTE4cHglM0IlMEElMjAlMjAlMjAlMjB3aWR0aCUzQSUyMDEwMCUyNSUzQiUwQSUyMCUyMCUyMCUyMG1hcmdpbi10b3AlM0EzMHB4JTNCJTBBJTIwJTIwJTdEJTBBJTIwJTIwLmJvbHVtLW1lbnVsZXJpJTIwJTdCJTBBJTIwJTIwJTIwJTIwZmxleCUzQSUyMDElM0IlMEElMjAlMjAlMjAlMjBvcmRlciUzQSUyMDIlM0IlMEElMjAlMjAlMjAlMjB0ZXh0LWFsaWduJTNBY2VudGVyJTNCJTBBJTIwJTIwJTIwJTIwJTIwJTIwcGFkZGluZyUzQSUyMDEwcHglMjAwcHglMjAxMHB4JTIwMHB4JTNCJTBBJTIwJTIwJTIwJTIwcGFkZGluZy1ib3R0b20lM0EyNXB4JTNCJTBBJTIwJTIwJTdEJTBBJTIwJTIwLm1vciU3QmJhY2tncm91bmQtY29sb3IlM0ElMjNjNTE4MzglM0IlN0QlMEElMEElMjAlMjAubW9yJTNBaG92ZXIlN0JiYWNrZ3JvdW5kLWNvbG9yJTNBJTIzQTQxMTJDJTNCJTdEJTBBJTBBJTIwJTIwJTQwbWVkaWElMjBzY3JlZW4lMjBhbmQlMjAlMjhtYXgtd2lkdGglM0ElMjA1MzBweCUyOSUyMCU3QiUwQSUyMCUyMCUyMCUyMHNwYW4uZmlyc3Qtd29yZC1ib2x1bSU3QiUwQSUyMCUyMCUyMCUyMCUyMCUyMGRpc3BsYXklM0ElMjBibG9jayUzQiUwQSUyMCUyMCUyMCUyMCU3RCUwQSUwQSUyMCUyMCUyMCUyMC5ib2x1bS1tZW51bGVyaSUyMHNwYW4lN0IlMEElMjAlMjAlMjAlMjAlMjAlMjBmb250LXNpemUlM0ElMjAxNXB4JTNCJTBBJTIwJTIwJTIwJTIwJTdEJTBBJTIwJTIwJTdEJTBBJTBBJTIwJTIwJTQwbWVkaWElMjBzY3JlZW4lMjBhbmQlMjAlMjhtYXgtd2lkdGglM0ElMjAzNTBweCUyOSUyMCU3QiUwQSUyMCUyMCUyMCUyMC5ib2x1bS1tZW51bGVyaSUyMHNwYW4lN0IlMEElMjAlMjAlMjAlMjAlMjAlMjBmb250LXNpemUlM0ElMjAxM3B4JTNCJTBBJTIwJTIwJTIwJTIwJTdEJTBBJTIwJTIwJTdEJTBBJTBBJTIwJTIwJTQwbWVkaWElMjBzY3JlZW4lMjBhbmQlMjAlMjhtYXgtd2lkdGglM0ElMjA2MzNweCUyOSUyMCU3QiUwQSUyMCUyMC5ib2x1bS1tZW51bGVyaSU3QiUwQSUyMCUyMGhlaWdodCUzQSUyMDg1cHglM0IlMEElMjAlMjAlN0QlMEElMjAlMjAlN0QlMEElMEElMjAlMjAuYm9sdW0taWtvbnUlMjAlN0IlMEElMjAlMjAlMjAlMjAlMjAlMjBmb250LXNpemUlM0ElMjA2NXB4JTNCJTBBJTIwJTIwJTIwJTIwJTIwJTIwbWFyZ2luLWJvdHRvbSUzQSUyMDVweCUzQiUwQSUyMCUyMCU3RCUwQSUyMCUyMCUzQyUyRnN0eWxlJTNF[\/vc_raw_html][\/vc_column][vc_column width=&#8221;2\/3&#8243; css=&#8221;.vc_custom_1433146010195{padding-left: 30px !important;}&#8221;][vc_column_text el_class=&#8221;menu-basligi&#8221;] L\u00fctfen Dikkat! [\/vc_column_text][vc_column_text] E\u011fitim Portal\u0131na giri\u015f yapabilmeniz i\u00e7in Ondokuz May\u0131s \u00dcniversitesi Uzaktan E\u011fitim Merkezi\u2019ne ba\u011fl\u0131 bir e\u011fitim program\u0131nda \u00f6\u011frenci olman\u0131z gerekmektedir. Portallara giri\u015f i\u00e7in ayr\u0131nt\u0131l\u0131 bilgiyi\u00a0UZEM E\u011fitim Portallar\u0131na Giri\u015f Rehberi&#8216;ne t\u0131klayarak \u00f6\u011frenebilirsiniz. [\/vc_column_text][\/vc_column][\/vc_row]<\/p>\n","protected":false},"author":1,"featured_media":0,"parent":0,"menu_order":0,"comment_status":"closed","ping_status":"closed","template":"","meta":[],"translation":{"provider":"WPGlobus","version":"2.12.2","language":"en","enabled_languages":["tr","en"],"languages":{"tr":{"title":true,"content":true,"excerpt":false},"en":{"title":false,"content":false,"excerpt":false}}},"yoast_head":"<!-- This site is optimized with the Yoast SEO plugin v17.4 - https:\/\/yoast.com\/wordpress\/plugins\/seo\/ -->\n<meta name=\"robots\" content=\"index, follow, max-snippet:-1, max-image-preview:large, max-video-preview:-1\" \/>\n<link rel=\"canonical\" href=\"https:\/\/uzem.omu.edu.tr\/egitim-portali\/\" \/>\n<meta property=\"og:locale\" content=\"en_US\" \/>\n<meta property=\"og:type\" content=\"article\" \/>\n<meta property=\"og:title\" content=\"E\u011fitim Portal\u0131 Yard\u0131m Sayfas\u0131 - OM\u00dc Uzaktan E\u011fitim Merkezi\" \/>\n<meta property=\"og:url\" content=\"https:\/\/uzem.omu.edu.tr\/egitim-portali\/\" \/>\n<meta property=\"og:site_name\" content=\"OM\u00dc Uzaktan E\u011fitim Merkezi\" \/>\n<meta property=\"article:publisher\" content=\"https:\/\/www.facebook.com\/omu.uzem\" \/>\n<meta property=\"article:modified_time\" content=\"2025-10-06T11:19:10+00:00\" \/>\n<meta name=\"twitter:card\" content=\"summary_large_image\" \/>\n<meta name=\"twitter:site\" content=\"@omuuzem\" \/>\n<meta name=\"twitter:label1\" content=\"Est. reading time\" \/>\n\t<meta name=\"twitter:data1\" content=\"1 minute\" \/>\n<script type=\"application\/ld+json\" class=\"yoast-schema-graph\">{\"@context\":\"https:\/\/schema.org\",\"@graph\":[{\"@type\":\"Organization\",\"@id\":\"https:\/\/uzem.omu.edu.tr\/#organization\",\"name\":\"UZEM\",\"url\":\"https:\/\/uzem.omu.edu.tr\/\",\"sameAs\":[\"https:\/\/www.facebook.com\/omu.uzem\",\"https:\/\/www.instagram.com\/omu.uzem\/\",\"https:\/\/www.youtube.com\/channel\/UCQ6c_wjaGQcIvBKTbPrOe2A\",\"https:\/\/twitter.com\/omuuzem\"],\"logo\":{\"@type\":\"ImageObject\",\"@id\":\"https:\/\/uzem.omu.edu.tr\/#logo\",\"inLanguage\":\"en-US\",\"url\":\"https:\/\/uzem.omu.edu.tr\/wp-content\/uploads\/ulogo-1.png\",\"contentUrl\":\"https:\/\/uzem.omu.edu.tr\/wp-content\/uploads\/ulogo-1.png\",\"width\":364,\"height\":39,\"caption\":\"UZEM\"},\"image\":{\"@id\":\"https:\/\/uzem.omu.edu.tr\/#logo\"}},{\"@type\":\"WebSite\",\"@id\":\"https:\/\/uzem.omu.edu.tr\/#website\",\"url\":\"https:\/\/uzem.omu.edu.tr\/\",\"name\":\"OM\\u00dc Uzaktan E\\u011fitim Merkezi\",\"description\":\"&quot;F\\u0131rsatlar Sunar&quot;\",\"publisher\":{\"@id\":\"https:\/\/uzem.omu.edu.tr\/#organization\"},\"potentialAction\":[{\"@type\":\"SearchAction\",\"target\":{\"@type\":\"EntryPoint\",\"urlTemplate\":\"https:\/\/uzem.omu.edu.tr\/?s={search_term_string}\"},\"query-input\":\"required name=search_term_string\"}],\"inLanguage\":\"en-US\"},{\"@type\":\"WebPage\",\"@id\":\"https:\/\/uzem.omu.edu.tr\/egitim-portali\/#webpage\",\"url\":\"https:\/\/uzem.omu.edu.tr\/egitim-portali\/\",\"name\":\"E\\u011fitim Portal\\u0131 Yard\\u0131m Sayfas\\u0131 - OM\\u00dc Uzaktan E\\u011fitim Merkezi\",\"isPartOf\":{\"@id\":\"https:\/\/uzem.omu.edu.tr\/#website\"},\"datePublished\":\"2015-02-23T08:54:34+00:00\",\"dateModified\":\"2025-10-06T11:19:10+00:00\",\"breadcrumb\":{\"@id\":\"https:\/\/uzem.omu.edu.tr\/egitim-portali\/#breadcrumb\"},\"inLanguage\":\"en-US\",\"potentialAction\":[{\"@type\":\"ReadAction\",\"target\":[\"https:\/\/uzem.omu.edu.tr\/egitim-portali\/\"]}]},{\"@type\":\"BreadcrumbList\",\"@id\":\"https:\/\/uzem.omu.edu.tr\/egitim-portali\/#breadcrumb\",\"itemListElement\":[{\"@type\":\"ListItem\",\"position\":1,\"name\":\"Home\",\"item\":\"https:\/\/uzem.omu.edu.tr\/\"},{\"@type\":\"ListItem\",\"position\":2,\"name\":\"E\\u011fitim Portal\\u0131 Yard\\u0131m Sayfas\\u0131\"}]}]}<\/script>\n<!-- \/ Yoast SEO plugin. -->","yoast_head_json":{"robots":{"index":"index","follow":"follow","max-snippet":"max-snippet:-1","max-image-preview":"max-image-preview:large","max-video-preview":"max-video-preview:-1"},"canonical":"https:\/\/uzem.omu.edu.tr\/egitim-portali\/","og_locale":"en_US","og_type":"article","og_title":"E\u011fitim Portal\u0131 Yard\u0131m Sayfas\u0131 - OM\u00dc Uzaktan E\u011fitim Merkezi","og_url":"https:\/\/uzem.omu.edu.tr\/egitim-portali\/","og_site_name":"OM\u00dc Uzaktan E\u011fitim Merkezi","article_publisher":"https:\/\/www.facebook.com\/omu.uzem","article_modified_time":"2025-10-06T11:19:10+00:00","twitter_card":"summary_large_image","twitter_site":"@omuuzem","twitter_misc":{"Est. reading time":"1 minute"},"schema":{"@context":"https:\/\/schema.org","@graph":[{"@type":"Organization","@id":"https:\/\/uzem.omu.edu.tr\/#organization","name":"UZEM","url":"https:\/\/uzem.omu.edu.tr\/","sameAs":["https:\/\/www.facebook.com\/omu.uzem","https:\/\/www.instagram.com\/omu.uzem\/","https:\/\/www.youtube.com\/channel\/UCQ6c_wjaGQcIvBKTbPrOe2A","https:\/\/twitter.com\/omuuzem"],"logo":{"@type":"ImageObject","@id":"https:\/\/uzem.omu.edu.tr\/#logo","inLanguage":"en-US","url":"https:\/\/uzem.omu.edu.tr\/wp-content\/uploads\/ulogo-1.png","contentUrl":"https:\/\/uzem.omu.edu.tr\/wp-content\/uploads\/ulogo-1.png","width":364,"height":39,"caption":"UZEM"},"image":{"@id":"https:\/\/uzem.omu.edu.tr\/#logo"}},{"@type":"WebSite","@id":"https:\/\/uzem.omu.edu.tr\/#website","url":"https:\/\/uzem.omu.edu.tr\/","name":"OM\u00dc Uzaktan E\u011fitim Merkezi","description":"&quot;F\u0131rsatlar Sunar&quot;","publisher":{"@id":"https:\/\/uzem.omu.edu.tr\/#organization"},"potentialAction":[{"@type":"SearchAction","target":{"@type":"EntryPoint","urlTemplate":"https:\/\/uzem.omu.edu.tr\/?s={search_term_string}"},"query-input":"required name=search_term_string"}],"inLanguage":"en-US"},{"@type":"WebPage","@id":"https:\/\/uzem.omu.edu.tr\/egitim-portali\/#webpage","url":"https:\/\/uzem.omu.edu.tr\/egitim-portali\/","name":"E\u011fitim Portal\u0131 Yard\u0131m Sayfas\u0131 - OM\u00dc Uzaktan E\u011fitim Merkezi","isPartOf":{"@id":"https:\/\/uzem.omu.edu.tr\/#website"},"datePublished":"2015-02-23T08:54:34+00:00","dateModified":"2025-10-06T11:19:10+00:00","breadcrumb":{"@id":"https:\/\/uzem.omu.edu.tr\/egitim-portali\/#breadcrumb"},"inLanguage":"en-US","potentialAction":[{"@type":"ReadAction","target":["https:\/\/uzem.omu.edu.tr\/egitim-portali\/"]}]},{"@type":"BreadcrumbList","@id":"https:\/\/uzem.omu.edu.tr\/egitim-portali\/#breadcrumb","itemListElement":[{"@type":"ListItem","position":1,"name":"Home","item":"https:\/\/uzem.omu.edu.tr\/"},{"@type":"ListItem","position":2,"name":"E\u011fitim Portal\u0131 Yard\u0131m Sayfas\u0131"}]}]}},"_links":{"self":[{"href":"https:\/\/uzem.omu.edu.tr\/en\/wp-json\/wp\/v2\/pages\/202"}],"collection":[{"href":"https:\/\/uzem.omu.edu.tr\/en\/wp-json\/wp\/v2\/pages"}],"about":[{"href":"https:\/\/uzem.omu.edu.tr\/en\/wp-json\/wp\/v2\/types\/page"}],"author":[{"embeddable":true,"href":"https:\/\/uzem.omu.edu.tr\/en\/wp-json\/wp\/v2\/users\/1"}],"replies":[{"embeddable":true,"href":"https:\/\/uzem.omu.edu.tr\/en\/wp-json\/wp\/v2\/comments?post=202"}],"version-history":[{"count":15,"href":"https:\/\/uzem.omu.edu.tr\/en\/wp-json\/wp\/v2\/pages\/202\/revisions"}],"predecessor-version":[{"id":27095,"href":"https:\/\/uzem.omu.edu.tr\/en\/wp-json\/wp\/v2\/pages\/202\/revisions\/27095"}],"wp:attachment":[{"href":"https:\/\/uzem.omu.edu.tr\/en\/wp-json\/wp\/v2\/media?parent=202"}],"curies":[{"name":"wp","href":"https:\/\/api.w.org\/{rel}","templated":true}]}}