{"id":16976,"date":"2017-11-06T11:22:47","date_gmt":"2017-11-06T08:22:47","guid":{"rendered":"https:\/\/uzem.omu.edu.tr\/?page_id=16976"},"modified":"2025-05-26T10:23:00","modified_gmt":"2025-05-26T07:23:00","slug":"hakkimizda-2","status":"publish","type":"page","link":"https:\/\/uzem.omu.edu.tr\/en\/hakkimizda-2\/","title":{"rendered":"About Us"},"content":{"rendered":"<p>[vc_row css=&#8221;.vc_custom_1663572512915{margin-top: 5px !important;margin-left: 0px !important;padding-top: 5px !important;padding-left: 0px !important;}&#8221;][vc_column width=&#8221;1\/4&#8243; css=&#8221;.vc_custom_1693208903629{margin-left: 0px !important;padding-left: 0px !important;}&#8221;]<ul class=\"pinterest-container\" data-onclick=\"link_image\" data-itemwidth=\"120\" data-minwidth=\"120\" data-offset=\"4\" data-outeroffset=\"0\" data-id=\"1697618\" data-imagesload=\"off\"><li style='list-style:none;display:none'><a href='https:\/\/uzem.omu.edu.tr\/wp-content\/uploads\/IMG_0422-1.jpg' class='lightbox-link' rel='cq-pinterst-16976'><img src='https:\/\/uzem.omu.edu.tr\/wp-content\/uploads\/IMG_0422-1-120x77.jpg' width='120' height='77' alt='' \/><\/a><\/li><li style='list-style:none;display:none'><a href='https:\/\/uzem.omu.edu.tr\/wp-content\/uploads\/IMG_0434-1.jpg' class='lightbox-link' rel='cq-pinterst-16976'><img src='https:\/\/uzem.omu.edu.tr\/wp-content\/uploads\/IMG_0434-1-120x77.jpg' width='120' height='77' alt='' \/><\/a><\/li><li style='list-style:none;display:none'><a href='https:\/\/uzem.omu.edu.tr\/wp-content\/uploads\/IMG_0500.jpg' class='lightbox-link' rel='cq-pinterst-16976'><img src='https:\/\/uzem.omu.edu.tr\/wp-content\/uploads\/IMG_0500-120x67.jpg' width='120' height='67' alt='' \/><\/a><\/li><li style='list-style:none;display:none'><a href='https:\/\/uzem.omu.edu.tr\/wp-content\/uploads\/IMG_0417_emr.jpg' class='lightbox-link' rel='cq-pinterst-16976'><img src='https:\/\/uzem.omu.edu.tr\/wp-content\/uploads\/IMG_0417_emr-120x76.jpg' width='120' height='76' alt='' \/><\/a><\/li><li style='list-style:none;display:none'><a href='https:\/\/uzem.omu.edu.tr\/wp-content\/uploads\/20161111_154911-1.jpg' class='lightbox-link' rel='cq-pinterst-16976'><img src='https:\/\/uzem.omu.edu.tr\/wp-content\/uploads\/20161111_154911-1-120x68.jpg' width='120' height='68' alt='' \/><\/a><\/li><li style='list-style:none;display:none'><a href='https:\/\/uzem.omu.edu.tr\/wp-content\/uploads\/IMG_1542-1-scaled.jpg' class='lightbox-link' rel='cq-pinterst-16976'><img src='https:\/\/uzem.omu.edu.tr\/wp-content\/uploads\/IMG_1542-1-scaled-120x80.jpg' width='120' height='80' alt='' \/><\/a><\/li><li style='list-style:none;display:none'><a href='https:\/\/uzem.omu.edu.tr\/wp-content\/uploads\/venue_0-1-scaled.jpg' class='lightbox-link' rel='cq-pinterst-16976'><img src='https:\/\/uzem.omu.edu.tr\/wp-content\/uploads\/venue_0-1-scaled-120x80.jpg' width='120' height='80' alt='' \/><\/a><\/li><li style='list-style:none;display:none'><a href='https:\/\/uzem.omu.edu.tr\/wp-content\/uploads\/IMG_0569-1-scaled.jpg' class='lightbox-link' rel='cq-pinterst-16976'><img src='https:\/\/uzem.omu.edu.tr\/wp-content\/uploads\/IMG_0569-1-scaled-120x80.jpg' width='120' height='80' alt='' \/><\/a><\/li><\/ul>[\/vc_column][vc_column width=&#8221;3\/4&#8243; css=&#8221;.vc_custom_1663572527126{margin-left: 0px !important;padding-left: 0px !important;}&#8221;][vc_column_text]<strong>Ondokuz May\u0131s University Distance Education Centre opens the doors of the education world full of opportunities for you! With the principle of &#8220;The most valuable investment is the investment made in people&#8221;, we continue on our way from where we left off.<\/strong><\/p>\n<p><span style=\"font-weight: 400;\">Ondokuz May\u0131s University Distance Education Application and Research Centre (OM\u00dc-UZEM), which started its activities in 2009, aims to create an efficient and effective education and training environment with the help of modern information and communication technologies and to increase the effectiveness of working people in their professional lives by supporting them with programmes prepared to meet today&#8217;s needs.<\/span><\/p>\n<p><span style=\"font-weight: 400;\">OMU-UZEM adopts the philosophy of student-centred education and continues the whole education process by redesigning it according to the feedback of its stakeholders. OMU-UZEM also endeavours to provide support to the relevant academic or administrative units by conducting scientific and technological research and to increase the cooperation between universities at the international level, which has not yet reached the desired level.<\/span>[\/vc_column_text][\/vc_column][\/vc_row][vc_row][vc_column width=&#8221;1\/2&#8243; css=&#8221;.vc_custom_1693208495253{margin-left: 0px !important;padding-left: 0px !important;}&#8221;][vc_column_text el_class=&#8221;menu-basligi&#8221;]<strong>\u00d6\u011frencilerimizden Gelenler<\/strong>[\/vc_column_text]<div class=\"cq-testimonialcarousel\" data-avatarwidth=\"60\" data-avatarheight=\"60\" data-italic=\"on\" data-font=\"\" data-tnumber=\"3\" data-twidth=\"\" data-tmargin=\"\" data-tpadding=\"\" data-arrowmarginleft=\"\" data-namemargin=\"\" data-avatarmarginleft=\"\" data-tbackgroundcolor=\"#54acd2\" data-ttextcolor=\"#ffffff\" data-autoplay=\"on\" data-autoplayspeed=\"3000\" data-noloop=\"off\" data-fontsize=\"\" data-namesize=\"\" data-subtitlesize=\"\" data-notooltip=\"off\"><div class=\"testimonial-wrap\"><div class=\"testimonial\" data-color=\"\" data-background=\"\"><em>Mr. UZEM, whether we understand it or not, you have spent a labor for us, thank you for everything&#8230; do your right.<\/em><\/p><\/div><div class=\"arrow-down\"><\/div><div class=\"headshot\"><img src=\"https:\/\/uzem.omu.edu.tr\/wp-content\/uploads\/avatar-8-60x60.png\" alt=\"\" width=\"60\" \/><\/div><div class=\"testimonial-info\"><h4>S. \u00d6zdemir<\/h4><p>UZEM \u00d6\u011frencisi<\/p><\/div><\/div><div class=\"testimonial-wrap\"><div class=\"testimonial\" data-color=\"\" data-background=\"\"><p><em>Mr. Uzem team, you have supported us and stood by us in every issue until today. Thank you for everything.<\/em><\/p><\/div><div class=\"arrow-down\"><\/div><div class=\"headshot\"><img src=\"https:\/\/uzem.omu.edu.tr\/wp-content\/uploads\/avatar-7-60x60.png\" alt=\"\" width=\"60\" \/><\/div><div class=\"testimonial-info\"><h4>H. \u00d6zdemir<\/h4><p>UZEM \u00d6\u011frencisi<\/p><\/div><\/div><div class=\"testimonial-wrap\"><div class=\"testimonial\" data-color=\"\" data-background=\"\"><p><em>It is really good that you are making an effort for our well-being, it improves our morale.<\/em><\/p><\/div><div class=\"arrow-down\"><\/div><div class=\"headshot\"><img src=\"https:\/\/uzem.omu.edu.tr\/wp-content\/uploads\/avatar-6-60x60.png\" alt=\"\" width=\"60\" \/><\/div><div class=\"testimonial-info\"><h4>N. Alper<\/h4><p>UZEM \u00d6\u011frencisi<\/p><\/div><\/div><div class=\"testimonial-wrap\"><div class=\"testimonial\" data-color=\"\" data-background=\"\"><p><em>Dear UZEM employees; I would like to convey my endless thanks to you, my teachers who prepared the lessons and everyone who contributed to this training. I wish you success in your working life and wish you healthy days. Thank you very much again.<\/em><\/p><\/div><div class=\"arrow-down\"><\/div><div class=\"headshot\"><img src=\"https:\/\/uzem.omu.edu.tr\/wp-content\/uploads\/avatar-5-60x60.png\" alt=\"\" width=\"60\" \/><\/div><div class=\"testimonial-info\"><h4>O. Uslu<\/h4><p>UZEM \u00d6\u011frencisi<\/p><\/div><\/div><div class=\"testimonial-wrap\"><div class=\"testimonial\" data-color=\"\" data-background=\"\"><p><em>Hello, good morning to everyone, I would like to sincerely thank everyone who contributed to this long adventure and wish you success in your future lives.<\/em><\/p><\/div><div class=\"arrow-down\"><\/div><div class=\"headshot\"><img src=\"https:\/\/uzem.omu.edu.tr\/wp-content\/uploads\/avatar-4-60x60.png\" alt=\"\" width=\"60\" \/><\/div><div class=\"testimonial-info\"><h4>C. Eren<\/h4><p>UZEM \u00d6\u011frencisi<\/p><\/div><\/div><div class=\"testimonial-wrap\"><div class=\"testimonial\" data-color=\"\" data-background=\"\"><p><em>First of all, I would like to thank everyone who contributed to the UZEM team and I would like to say on my own behalf that I am aware of all kinds of sacrifices and self-sacrifice they have made for us. Endless thanks to the whole UZEM team.<\/em><\/p><\/div><div class=\"arrow-down\"><\/div><div class=\"headshot\"><img src=\"https:\/\/uzem.omu.edu.tr\/wp-content\/uploads\/avatar-3-60x60.png\" alt=\"\" width=\"60\" \/><\/div><div class=\"testimonial-info\"><h4>M. \u015eahin<\/h4><p>UZEM \u00d6\u011frencisi<\/p><\/div><\/div><div class=\"testimonial-wrap\"><div class=\"testimonial\" data-color=\"\" data-background=\"\"><p><em>Dear university members, thank you for all your efforts.<\/em><\/p><\/div><div class=\"arrow-down\"><\/div><div class=\"headshot\"><img src=\"https:\/\/uzem.omu.edu.tr\/wp-content\/uploads\/avatar-1-60x60.png\" alt=\"\" width=\"60\" \/><\/div><div class=\"testimonial-info\"><h4>Y. Karabina<\/h4><p>UZEM \u00d6\u011frencisi<\/p><\/div><\/div><div class=\"testimonial-wrap\"><div class=\"testimonial\" data-color=\"\" data-background=\"\"><p><em>Thank you very much. Thank you for all your efforts.<\/em><\/div><div class=\"arrow-down\"><\/div><div class=\"headshot\"><img src=\"https:\/\/uzem.omu.edu.tr\/wp-content\/uploads\/avatar-2-60x60.png\" alt=\"\" width=\"60\" \/><\/div><div class=\"testimonial-info\"><h4>G. U\u00e7ar<\/h4><p>UZEM \u00d6\u011frencisi<\/p><\/div><\/div><\/div>[vc_empty_space height=&#8221;80px&#8221;][vc_column_text el_class=&#8221;menu-basligi&#8221;]<strong>\u0130statistikler<\/strong>[\/vc_column_text]<div class=\"stats-block stats-top  \"><div class=\"aio-icon-top\"><div class=\"ult-just-icon-wrapper  \"><div class=\"align-icon\" style=\"text-align:center;\"><\/div><\/div><\/div><div class=\"stats-desc\" id=\"counter-responsv-wrap-1372\"><div id=\"counter_165685475069dfd8551a2cc\" data-id=\"counter_165685475069dfd8551a2cc\"  data-ultimate-target='#counter-responsv-wrap-1372 .stats-number'  data-responsive-json-new='{\"font-size\":\"\",\"line-height\":\"\"}'  class=\"stats-number ult-responsive\" style=\"font-size:28px;  \" data-speed=\"3\" data-counter-value=\"28000+\" data-separator=\",\" data-decimal=\".\">0<\/div><div id=\"counter_165685475069dfd8551a2cc\"  data-ultimate-target='#counter-responsv-wrap-1372 .stats-text'  data-responsive-json-new='{\"font-size\":\"\",\"line-height\":\"\"}'  class=\"stats-text ult-responsive\" style=\"font-size:18px;  \">Personal Training Examination or Certificate<\/div><\/div><\/div><div class=\"stats-block stats-top  \"><div class=\"aio-icon-top\"><div class=\"ult-just-icon-wrapper  \"><div class=\"align-icon\" style=\"text-align:center;\"><\/div><\/div><\/div><div class=\"stats-desc\" id=\"counter-responsv-wrap-1976\"><div id=\"counter_55649358869dfd8551a369\" data-id=\"counter_55649358869dfd8551a369\"  data-ultimate-target='#counter-responsv-wrap-1976 .stats-number'  data-responsive-json-new='{\"font-size\":\"\",\"line-height\":\"\"}'  class=\"stats-number ult-responsive\" style=\"font-size:28px;  \" data-speed=\"3\" data-counter-value=\"28+\" data-separator=\",\" data-decimal=\".\">0<\/div><div id=\"counter_55649358869dfd8551a369\"  data-ultimate-target='#counter-responsv-wrap-1976 .stats-text'  data-responsive-json-new='{\"font-size\":\"\",\"line-height\":\"\"}'  class=\"stats-text ult-responsive\" style=\"font-size:18px;  \">Training\/Certificate<\/div><\/div><\/div><div class=\"stats-block stats-top  \"><div class=\"aio-icon-top\"><div class=\"ult-just-icon-wrapper  \"><div class=\"align-icon\" style=\"text-align:center;\"><\/div><\/div><\/div><div class=\"stats-desc\" id=\"counter-responsv-wrap-7506\"><div id=\"counter_99927107269dfd8551a3e2\" data-id=\"counter_99927107269dfd8551a3e2\"  data-ultimate-target='#counter-responsv-wrap-7506 .stats-number'  data-responsive-json-new='{\"font-size\":\"\",\"line-height\":\"\"}'  class=\"stats-number ult-responsive\" style=\"font-size:28px;  \" data-speed=\"3\" data-counter-value=\"29\" data-separator=\",\" data-decimal=\".\">0<\/div><div id=\"counter_99927107269dfd8551a3e2\"  data-ultimate-target='#counter-responsv-wrap-7506 .stats-text'  data-responsive-json-new='{\"font-size\":\"\",\"line-height\":\"\"}'  class=\"stats-text ult-responsive\" style=\"font-size:18px;  \">Employee Personnel<\/div><\/div><\/div><div class=\"stats-block stats-top  \"><div class=\"aio-icon-top\"><div class=\"ult-just-icon-wrapper  \"><div class=\"align-icon\" style=\"text-align:center;\"><\/div><\/div><\/div><div class=\"stats-desc\" id=\"counter-responsv-wrap-7363\"><div id=\"counter_20547422969dfd8551a438\" data-id=\"counter_20547422969dfd8551a438\"  data-ultimate-target='#counter-responsv-wrap-7363 .stats-number'  data-responsive-json-new='{\"font-size\":\"\",\"line-height\":\"\"}'  class=\"stats-number ult-responsive\" style=\"font-size:28px;  \" data-speed=\"3\" data-counter-value=\"23500\" data-separator=\",\" data-decimal=\".\">0<\/div><div id=\"counter_20547422969dfd8551a438\"  data-ultimate-target='#counter-responsv-wrap-7363 .stats-text'  data-responsive-json-new='{\"font-size\":\"\",\"line-height\":\"\"}'  class=\"stats-text ult-responsive\" style=\"font-size:18px;  \">Content<\/div><\/div><\/div>[\/vc_column][vc_column width=&#8221;1\/2&#8243; css=&#8221;.vc_custom_1693208506653{margin-left: 0px !important;padding-left: 0px !important;}&#8221;][vc_column_text el_class=&#8221;menu-basligi&#8221; css=&#8221;.vc_custom_1693208610739{margin-left: 0px !important;padding-left: 0px !important;}&#8221;]<strong>Bas\u0131nda UZEM<\/strong>[\/vc_column_text]<ul class=\"pinterest-container\" data-onclick=\"link_image\" data-itemwidth=\"200\" data-minwidth=\"150\" data-offset=\"4\" data-outeroffset=\"0\" data-id=\"1697615\" data-imagesload=\"off\"><li style='list-style:none;display:none'><a href='https:\/\/uzem.omu.edu.tr\/wp-content\/uploads\/omu-rektorluk.jpg' class='lightbox-link' rel='cq-pinterst-16976'><img src='https:\/\/uzem.omu.edu.tr\/wp-content\/uploads\/omu-rektorluk-200x113.jpg' width='200' height='113' alt='' \/><\/a><\/li><li style='list-style:none;display:none'><a href='https:\/\/uzem.omu.edu.tr\/wp-content\/uploads\/uzem_omu.jpg' class='lightbox-link' rel='cq-pinterst-16976'><img src='https:\/\/uzem.omu.edu.tr\/wp-content\/uploads\/uzem_omu-200x86.jpg' width='200' height='86' alt='' \/><\/a><\/li><li style='list-style:none;display:none'><a href='https:\/\/uzem.omu.edu.tr\/wp-content\/uploads\/teknikerlere-uzaktan-egitim-sansi.jpg' class='lightbox-link' rel='cq-pinterst-16976'><img src='https:\/\/uzem.omu.edu.tr\/wp-content\/uploads\/teknikerlere-uzaktan-egitim-sansi-200x86.jpg' width='200' height='86' alt='' \/><\/a><\/li><li style='list-style:none;display:none'><a href='https:\/\/uzem.omu.edu.tr\/wp-content\/uploads\/omu-tip-uzaktan-egitecek.jpg' class='lightbox-link' rel='cq-pinterst-16976'><img src='https:\/\/uzem.omu.edu.tr\/wp-content\/uploads\/omu-tip-uzaktan-egitecek-200x86.jpg' width='200' height='86' alt='' \/><\/a><\/li><li style='list-style:none;display:none'><a href='https:\/\/uzem.omu.edu.tr\/wp-content\/uploads\/omu-mezuniyet.png' class='lightbox-link' rel='cq-pinterst-16976'><img src='https:\/\/uzem.omu.edu.tr\/wp-content\/uploads\/omu-mezuniyet-200x86.png' width='200' height='86' alt='' \/><\/a><\/li><li style='list-style:none;display:none'><a href='https:\/\/uzem.omu.edu.tr\/wp-content\/uploads\/uzem-teknikerlik-haberi.jpg' class='lightbox-link' rel='cq-pinterst-16976'><img src='https:\/\/uzem.omu.edu.tr\/wp-content\/uploads\/uzem-teknikerlik-haberi-200x86.jpg' width='200' height='86' alt='' \/><\/a><\/li><li style='list-style:none;display:none'><a href='https:\/\/uzem.omu.edu.tr\/wp-content\/uploads\/072012013.jpg' class='lightbox-link' rel='cq-pinterst-16976'><img src='https:\/\/uzem.omu.edu.tr\/wp-content\/uploads\/072012013-200x272.jpg' width='200' height='272' alt='' \/><\/a><\/li><li style='list-style:none;display:none'><a href='https:\/\/uzem.omu.edu.tr\/wp-content\/uploads\/calistay_uzem.jpg' class='lightbox-link' rel='cq-pinterst-16976'><img src='https:\/\/uzem.omu.edu.tr\/wp-content\/uploads\/calistay_uzem-200x86.jpg' width='200' height='86' alt='' \/><\/a><\/li><li style='list-style:none;display:none'><a href='https:\/\/uzem.omu.edu.tr\/wp-content\/uploads\/ebeler_uzem.jpg' class='lightbox-link' rel='cq-pinterst-16976'><img src='https:\/\/uzem.omu.edu.tr\/wp-content\/uploads\/ebeler_uzem-200x86.jpg' width='200' height='86' alt='' \/><\/a><\/li><li style='list-style:none;display:none'><a href='https:\/\/uzem.omu.edu.tr\/wp-content\/uploads\/062012023.jpg' class='lightbox-link' rel='cq-pinterst-16976'><img src='https:\/\/uzem.omu.edu.tr\/wp-content\/uploads\/062012023-200x299.jpg' width='200' height='299' alt='' \/><\/a><\/li><\/ul>[vc_empty_space][vc_column_text]<\/p>\n<h2><strong><a href=\"https:\/\/uzem.omu.edu.tr\/16966-2\/\">Click here for the Center Photo Gallery.<\/a><\/strong><\/h2>\n<p>[\/vc_column_text][\/vc_column][\/vc_row]<\/p>\n","protected":false},"excerpt":{"rendered":"<p>[vc_row css=&#8221;.vc_custom_1663572512915{margin-top: 5px !important;margin-left: 0px !important;padding-top: 5px !important;padding-left: 0px !important;}&#8221;][vc_column width=&#8221;1\/4&#8243; css=&#8221;.vc_custom_1693208903629{margin-left: 0px !important;padding-left: 0px !important;}&#8221;][\/vc_column][vc_column width=&#8221;3\/4&#8243; css=&#8221;.vc_custom_1663572527126{margin-left: 0px !important;padding-left: 0px !important;}&#8221;][vc_column_text]Ondokuz May\u0131s University Distance Education Centre opens the doors of the education world full of opportunities for you! With the principle of &#8220;The most valuable investment is the investment made in people&#8221;, we continue on our way from where we left off. Ondokuz May\u0131s University Distance Education Application and Research Centre (OM\u00dc-UZEM), which started its activities in 2009, aims to create an efficient and effective education and training environment with the help of modern information and communication technologies and to increase the effectiveness of working people in their professional lives by supporting them with programmes prepared to meet today&#8217;s needs. OMU-UZEM adopts the philosophy of student-centred education and continues the whole education process by redesigning it according to the feedback of its stakeholders. OMU-UZEM also endeavours to provide support to the relevant academic or administrative units by conducting scientific and technological research and to increase the cooperation between universities at the international level, which has not yet reached the desired level.[\/vc_column_text][\/vc_column][\/vc_row][vc_row][vc_column width=&#8221;1\/2&#8243; css=&#8221;.vc_custom_1693208495253{margin-left: 0px !important;padding-left: 0px !important;}&#8221;][vc_column_text el_class=&#8221;menu-basligi&#8221;]\u00d6\u011frencilerimizden Gelenler[\/vc_column_text][vc_empty_space height=&#8221;80px&#8221;][vc_column_text el_class=&#8221;menu-basligi&#8221;]\u0130statistikler[\/vc_column_text][\/vc_column][vc_column width=&#8221;1\/2&#8243; css=&#8221;.vc_custom_1693208506653{margin-left: 0px !important;padding-left: 0px !important;}&#8221;][vc_column_text el_class=&#8221;menu-basligi&#8221; css=&#8221;.vc_custom_1693208610739{margin-left: 0px !important;padding-left: 0px !important;}&#8221;]Bas\u0131nda UZEM[\/vc_column_text][vc_empty_space][vc_column_text] Click here for the Center Photo Gallery. [\/vc_column_text][\/vc_column][\/vc_row]<\/p>\n","protected":false},"author":11,"featured_media":0,"parent":0,"menu_order":0,"comment_status":"closed","ping_status":"closed","template":"","meta":[],"translation":{"provider":"WPGlobus","version":"2.12.2","language":"en","enabled_languages":["tr","en"],"languages":{"tr":{"title":true,"content":true,"excerpt":false},"en":{"title":true,"content":true,"excerpt":false}}},"yoast_head":"<!-- This site is optimized with the Yoast SEO plugin v17.4 - https:\/\/yoast.com\/wordpress\/plugins\/seo\/ -->\n<meta name=\"robots\" content=\"index, follow, max-snippet:-1, max-image-preview:large, max-video-preview:-1\" \/>\n<link rel=\"canonical\" href=\"https:\/\/uzem.omu.edu.tr\/hakkimizda-2\/\" \/>\n<meta property=\"og:locale\" content=\"en_US\" \/>\n<meta property=\"og:type\" content=\"article\" \/>\n<meta property=\"og:title\" content=\"About Us - OM\u00dc Uzaktan E\u011fitim Merkezi\" \/>\n<meta property=\"og:url\" content=\"https:\/\/uzem.omu.edu.tr\/hakkimizda-2\/\" \/>\n<meta property=\"og:site_name\" content=\"OM\u00dc Uzaktan E\u011fitim Merkezi\" \/>\n<meta property=\"article:publisher\" content=\"https:\/\/www.facebook.com\/omu.uzem\" \/>\n<meta property=\"article:modified_time\" content=\"2025-05-26T07:23:00+00:00\" \/>\n<meta name=\"twitter:card\" content=\"summary_large_image\" \/>\n<meta name=\"twitter:site\" content=\"@omuuzem\" \/>\n<meta name=\"twitter:label1\" content=\"Est. reading time\" \/>\n\t<meta name=\"twitter:data1\" content=\"2 minutes\" \/>\n<script type=\"application\/ld+json\" class=\"yoast-schema-graph\">{\"@context\":\"https:\/\/schema.org\",\"@graph\":[{\"@type\":\"Organization\",\"@id\":\"https:\/\/uzem.omu.edu.tr\/#organization\",\"name\":\"UZEM\",\"url\":\"https:\/\/uzem.omu.edu.tr\/\",\"sameAs\":[\"https:\/\/www.facebook.com\/omu.uzem\",\"https:\/\/www.instagram.com\/omu.uzem\/\",\"https:\/\/www.youtube.com\/channel\/UCQ6c_wjaGQcIvBKTbPrOe2A\",\"https:\/\/twitter.com\/omuuzem\"],\"logo\":{\"@type\":\"ImageObject\",\"@id\":\"https:\/\/uzem.omu.edu.tr\/#logo\",\"inLanguage\":\"en-US\",\"url\":\"https:\/\/uzem.omu.edu.tr\/wp-content\/uploads\/ulogo-1.png\",\"contentUrl\":\"https:\/\/uzem.omu.edu.tr\/wp-content\/uploads\/ulogo-1.png\",\"width\":364,\"height\":39,\"caption\":\"UZEM\"},\"image\":{\"@id\":\"https:\/\/uzem.omu.edu.tr\/#logo\"}},{\"@type\":\"WebSite\",\"@id\":\"https:\/\/uzem.omu.edu.tr\/#website\",\"url\":\"https:\/\/uzem.omu.edu.tr\/\",\"name\":\"OM\\u00dc Uzaktan E\\u011fitim Merkezi\",\"description\":\"&quot;F\\u0131rsatlar Sunar&quot;\",\"publisher\":{\"@id\":\"https:\/\/uzem.omu.edu.tr\/#organization\"},\"potentialAction\":[{\"@type\":\"SearchAction\",\"target\":{\"@type\":\"EntryPoint\",\"urlTemplate\":\"https:\/\/uzem.omu.edu.tr\/?s={search_term_string}\"},\"query-input\":\"required name=search_term_string\"}],\"inLanguage\":\"en-US\"},{\"@type\":\"WebPage\",\"@id\":\"https:\/\/uzem.omu.edu.tr\/hakkimizda-2\/#webpage\",\"url\":\"https:\/\/uzem.omu.edu.tr\/hakkimizda-2\/\",\"name\":\"About Us - OM\\u00dc Uzaktan E\\u011fitim Merkezi\",\"isPartOf\":{\"@id\":\"https:\/\/uzem.omu.edu.tr\/#website\"},\"datePublished\":\"2017-11-06T08:22:47+00:00\",\"dateModified\":\"2025-05-26T07:23:00+00:00\",\"breadcrumb\":{\"@id\":\"https:\/\/uzem.omu.edu.tr\/hakkimizda-2\/#breadcrumb\"},\"inLanguage\":\"en-US\",\"potentialAction\":[{\"@type\":\"ReadAction\",\"target\":[\"https:\/\/uzem.omu.edu.tr\/hakkimizda-2\/\"]}]},{\"@type\":\"BreadcrumbList\",\"@id\":\"https:\/\/uzem.omu.edu.tr\/hakkimizda-2\/#breadcrumb\",\"itemListElement\":[{\"@type\":\"ListItem\",\"position\":1,\"name\":\"Home\",\"item\":\"https:\/\/uzem.omu.edu.tr\/\"},{\"@type\":\"ListItem\",\"position\":2,\"name\":\"Hakk\\u0131m\\u0131zda\"}]}]}<\/script>\n<!-- \/ Yoast SEO plugin. -->","yoast_head_json":{"robots":{"index":"index","follow":"follow","max-snippet":"max-snippet:-1","max-image-preview":"max-image-preview:large","max-video-preview":"max-video-preview:-1"},"canonical":"https:\/\/uzem.omu.edu.tr\/hakkimizda-2\/","og_locale":"en_US","og_type":"article","og_title":"About Us - OM\u00dc Uzaktan E\u011fitim Merkezi","og_url":"https:\/\/uzem.omu.edu.tr\/hakkimizda-2\/","og_site_name":"OM\u00dc Uzaktan E\u011fitim Merkezi","article_publisher":"https:\/\/www.facebook.com\/omu.uzem","article_modified_time":"2025-05-26T07:23:00+00:00","twitter_card":"summary_large_image","twitter_site":"@omuuzem","twitter_misc":{"Est. reading time":"2 minutes"},"schema":{"@context":"https:\/\/schema.org","@graph":[{"@type":"Organization","@id":"https:\/\/uzem.omu.edu.tr\/#organization","name":"UZEM","url":"https:\/\/uzem.omu.edu.tr\/","sameAs":["https:\/\/www.facebook.com\/omu.uzem","https:\/\/www.instagram.com\/omu.uzem\/","https:\/\/www.youtube.com\/channel\/UCQ6c_wjaGQcIvBKTbPrOe2A","https:\/\/twitter.com\/omuuzem"],"logo":{"@type":"ImageObject","@id":"https:\/\/uzem.omu.edu.tr\/#logo","inLanguage":"en-US","url":"https:\/\/uzem.omu.edu.tr\/wp-content\/uploads\/ulogo-1.png","contentUrl":"https:\/\/uzem.omu.edu.tr\/wp-content\/uploads\/ulogo-1.png","width":364,"height":39,"caption":"UZEM"},"image":{"@id":"https:\/\/uzem.omu.edu.tr\/#logo"}},{"@type":"WebSite","@id":"https:\/\/uzem.omu.edu.tr\/#website","url":"https:\/\/uzem.omu.edu.tr\/","name":"OM\u00dc Uzaktan E\u011fitim Merkezi","description":"&quot;F\u0131rsatlar Sunar&quot;","publisher":{"@id":"https:\/\/uzem.omu.edu.tr\/#organization"},"potentialAction":[{"@type":"SearchAction","target":{"@type":"EntryPoint","urlTemplate":"https:\/\/uzem.omu.edu.tr\/?s={search_term_string}"},"query-input":"required name=search_term_string"}],"inLanguage":"en-US"},{"@type":"WebPage","@id":"https:\/\/uzem.omu.edu.tr\/hakkimizda-2\/#webpage","url":"https:\/\/uzem.omu.edu.tr\/hakkimizda-2\/","name":"About Us - OM\u00dc Uzaktan E\u011fitim Merkezi","isPartOf":{"@id":"https:\/\/uzem.omu.edu.tr\/#website"},"datePublished":"2017-11-06T08:22:47+00:00","dateModified":"2025-05-26T07:23:00+00:00","breadcrumb":{"@id":"https:\/\/uzem.omu.edu.tr\/hakkimizda-2\/#breadcrumb"},"inLanguage":"en-US","potentialAction":[{"@type":"ReadAction","target":["https:\/\/uzem.omu.edu.tr\/hakkimizda-2\/"]}]},{"@type":"BreadcrumbList","@id":"https:\/\/uzem.omu.edu.tr\/hakkimizda-2\/#breadcrumb","itemListElement":[{"@type":"ListItem","position":1,"name":"Home","item":"https:\/\/uzem.omu.edu.tr\/"},{"@type":"ListItem","position":2,"name":"Hakk\u0131m\u0131zda"}]}]}},"_links":{"self":[{"href":"https:\/\/uzem.omu.edu.tr\/en\/wp-json\/wp\/v2\/pages\/16976"}],"collection":[{"href":"https:\/\/uzem.omu.edu.tr\/en\/wp-json\/wp\/v2\/pages"}],"about":[{"href":"https:\/\/uzem.omu.edu.tr\/en\/wp-json\/wp\/v2\/types\/page"}],"author":[{"embeddable":true,"href":"https:\/\/uzem.omu.edu.tr\/en\/wp-json\/wp\/v2\/users\/11"}],"replies":[{"embeddable":true,"href":"https:\/\/uzem.omu.edu.tr\/en\/wp-json\/wp\/v2\/comments?post=16976"}],"version-history":[{"count":32,"href":"https:\/\/uzem.omu.edu.tr\/en\/wp-json\/wp\/v2\/pages\/16976\/revisions"}],"predecessor-version":[{"id":26894,"href":"https:\/\/uzem.omu.edu.tr\/en\/wp-json\/wp\/v2\/pages\/16976\/revisions\/26894"}],"wp:attachment":[{"href":"https:\/\/uzem.omu.edu.tr\/en\/wp-json\/wp\/v2\/media?parent=16976"}],"curies":[{"name":"wp","href":"https:\/\/api.w.org\/{rel}","templated":true}]}}