{"id":16966,"date":"2017-11-06T10:41:30","date_gmt":"2017-11-06T07:41:30","guid":{"rendered":"https:\/\/uzem.omu.edu.tr\/?page_id=16966"},"modified":"2024-02-26T15:19:17","modified_gmt":"2024-02-26T12:19:17","slug":"16966-2","status":"publish","type":"page","link":"https:\/\/uzem.omu.edu.tr\/en\/16966-2\/","title":{"rendered":"Scenes from our Center"},"content":{"rendered":"<p>[vc_row bg_type=&#8221;no_bg&#8221; css=&#8221;.vc_custom_1510056700811{margin-left: 0px !important;padding-left: 0px !important;}&#8221;][vc_column css=&#8221;.vc_custom_1510056684163{margin-left: 0px !important;padding-left: 0px !important;}&#8221;][vc_column_text el_class=&#8221;menu-basligi&#8221; css=&#8221;.vc_custom_1708949736470{margin-bottom: 0px !important;padding-bottom: 0px !important;}&#8221;]CLASSROOMS &amp; STUDIO[\/vc_column_text]<div class=\"cq-dagallery-container\" style=\"width:100%;margin:0 auto;\"><ul class=\"cq-dagallery\" data-gallerywidth=\"100%\" data-width=\"227\" data-height=\"167\" data-color=\"#ffffff\" data-background=\"#00bfff\" data-opacity=\"0.8\"><li class=\"\" data-width=\"227\" data-height=\"167\" data-margin=\"5px\" style=\"margin:5px\"><a class=\"normal\" href=\"https:\/\/uzem.omu.edu.tr\/wp-content\/uploads\/IMG_0482.jpg\" rel=\"169665\"><img src='https:\/\/uzem.omu.edu.tr\/wp-content\/uploads\/IMG_0482-454x255.jpg' width='227' height='167' alt='' \/><\/a><div class=\"dagallery-info\" style=\"padding:20px;color:#ffffff;background-color:#00bfff\"><h3>Blue Salon<\/h3><\/div><\/li><li class=\"\" data-width=\"227\" data-height=\"167\" data-margin=\"5px\" style=\"margin:5px\"><a class=\"normal\" href=\"https:\/\/uzem.omu.edu.tr\/wp-content\/uploads\/IMG_0569.jpg\" rel=\"169665\"><img src='https:\/\/uzem.omu.edu.tr\/wp-content\/uploads\/IMG_0569-454x303.jpg' width='227' height='167' alt='' \/><\/a><div class=\"dagallery-info\" style=\"padding:20px;color:#ffffff;background-color:#00bfff\"><h3>Orange Salon<\/h3><\/div><\/li><li class=\"\" data-width=\"227\" data-height=\"167\" data-margin=\"5px\" style=\"margin:5px\"><a class=\"normal\" href=\"https:\/\/uzem.omu.edu.tr\/wp-content\/uploads\/IMG_0578.jpg\" rel=\"169665\"><img src='https:\/\/uzem.omu.edu.tr\/wp-content\/uploads\/IMG_0578-454x303.jpg' width='227' height='167' alt='' \/><\/a><div class=\"dagallery-info\" style=\"padding:20px;color:#ffffff;background-color:#00bfff\"><h3>Brown Living Room<\/h3><\/div><\/li><li class=\"\" data-width=\"227\" data-height=\"167\" data-margin=\"5px\" style=\"margin:5px\"><a class=\"normal\" href=\"https:\/\/uzem.omu.edu.tr\/wp-content\/uploads\/IMG_1542.jpg\" rel=\"169665\"><img src='https:\/\/uzem.omu.edu.tr\/wp-content\/uploads\/IMG_1542-454x303.jpg' width='227' height='167' alt='' \/><\/a><div class=\"dagallery-info\" style=\"padding:20px;color:#ffffff;background-color:#00bfff\"><h3>Studio<\/h3><\/div><\/li><li class=\"\" data-width=\"227\" data-height=\"167\" data-margin=\"5px\" style=\"margin:5px\"><a class=\"normal\" href=\"https:\/\/uzem.omu.edu.tr\/wp-content\/uploads\/IMG_0458-1.jpg\" rel=\"169665\"><img src='https:\/\/uzem.omu.edu.tr\/wp-content\/uploads\/IMG_0458-1-454x319.jpg' width='227' height='167' alt='' \/><\/a><div class=\"dagallery-info\" style=\"padding:20px;color:#ffffff;background-color:#00bfff\"><h3>Live Lecture Rooms<\/h3><\/div><\/li><\/ul><\/div>[vc_column_text el_class=&#8221;menu-basligi&#8221; css=&#8221;.vc_custom_1708949752004{margin-bottom: 0px !important;padding-bottom: 0px !important;}&#8221;]<strong>BUILDING VIEWS<\/strong>[\/vc_column_text]<div class=\"cq-dagallery-container\" style=\"width:100%;margin:0 auto;\"><ul class=\"cq-dagallery\" data-gallerywidth=\"100%\" data-width=\"227\" data-height=\"167\" data-color=\"#ffffff\" data-background=\"#00bfff\" data-opacity=\"0.8\"><li class=\"\" data-width=\"227\" data-height=\"167\" data-margin=\"5px\" style=\"margin:5px\"><a class=\"normal\" href=\"https:\/\/uzem.omu.edu.tr\/wp-content\/uploads\/20161111_155025.jpg\" rel=\"1696652\"><img src='https:\/\/uzem.omu.edu.tr\/wp-content\/uploads\/20161111_155025-454x255.jpg' width='227' height='167' alt='' \/><\/a><div class=\"dagallery-info\" style=\"padding:20px;color:#ffffff;background-color:#00bfff\"><h3>Building View 1<\/h3><\/div><\/li><li class=\"\" data-width=\"227\" data-height=\"167\" data-margin=\"5px\" style=\"margin:5px\"><a class=\"normal\" href=\"https:\/\/uzem.omu.edu.tr\/wp-content\/uploads\/20161111_154911.jpg\" rel=\"1696652\"><img src='https:\/\/uzem.omu.edu.tr\/wp-content\/uploads\/20161111_154911-454x255.jpg' width='227' height='167' alt='' \/><\/a><div class=\"dagallery-info\" style=\"padding:20px;color:#ffffff;background-color:#00bfff\"><h3>Building View 2<\/h3><\/div><\/li><li class=\"\" data-width=\"227\" data-height=\"167\" data-margin=\"5px\" style=\"margin:5px\"><a class=\"normal\" href=\"https:\/\/uzem.omu.edu.tr\/wp-content\/uploads\/20161111_154833.jpg\" rel=\"1696652\"><img src='https:\/\/uzem.omu.edu.tr\/wp-content\/uploads\/20161111_154833-454x255.jpg' width='227' height='167' alt='' \/><\/a><div class=\"dagallery-info\" style=\"padding:20px;color:#ffffff;background-color:#00bfff\"><h3>Building View 3<\/h3><\/div><\/li><li class=\"\" data-width=\"227\" data-height=\"167\" data-margin=\"5px\" style=\"margin:5px\"><a class=\"normal\" href=\"https:\/\/uzem.omu.edu.tr\/wp-content\/uploads\/20161111_154828.jpg\" rel=\"1696652\"><img src='https:\/\/uzem.omu.edu.tr\/wp-content\/uploads\/20161111_154828-454x255.jpg' width='227' height='167' alt='' \/><\/a><div class=\"dagallery-info\" style=\"padding:20px;color:#ffffff;background-color:#00bfff\"><h3>Building View 4<\/h3><\/div><\/li><\/ul><\/div>[vc_column_text el_class=&#8221;menu-basligi&#8221; css=&#8221;.vc_custom_1708949769684{margin-bottom: 0px !important;padding-bottom: 0px !important;}&#8221;]<strong>ASSESSMENT AND EVALUATION<\/strong>[\/vc_column_text]<div class=\"cq-dagallery-container\" style=\"width:100%;margin:0 auto;\"><ul class=\"cq-dagallery\" data-gallerywidth=\"100%\" data-width=\"227\" data-height=\"167\" data-color=\"#ffffff\" data-background=\"#00bfff\" data-opacity=\"0.8\"><li class=\"\" data-width=\"227\" data-height=\"167\" data-margin=\"5px\" style=\"margin:5px\"><a class=\"normal\" href=\"https:\/\/uzem.omu.edu.tr\/wp-content\/uploads\/20160606_091745.jpg\" rel=\"169661\"><img src='https:\/\/uzem.omu.edu.tr\/wp-content\/uploads\/20160606_091745-445x334.jpg' width='227' height='167' alt='' \/><\/a><div class=\"dagallery-info\" style=\"padding:20px;color:#ffffff;background-color:#00bfff\"><h3>Examination Boxes<\/h3><\/div><\/li><li class=\"\" data-width=\"227\" data-height=\"167\" data-margin=\"5px\" style=\"margin:5px\"><a class=\"normal\" href=\"https:\/\/uzem.omu.edu.tr\/wp-content\/uploads\/20160606_091924.jpg\" rel=\"169661\"><img src='https:\/\/uzem.omu.edu.tr\/wp-content\/uploads\/20160606_091924-445x334.jpg' width='227' height='167' alt='' \/><\/a><div class=\"dagallery-info\" style=\"padding:20px;color:#ffffff;background-color:#00bfff\"><h3>Question Booklet<\/h3><\/div><\/li><li class=\"\" data-width=\"227\" data-height=\"167\" data-margin=\"5px\" style=\"margin:5px\"><a class=\"normal\" href=\"https:\/\/uzem.omu.edu.tr\/wp-content\/uploads\/20160606_092209.jpg\" rel=\"169661\"><img src='https:\/\/uzem.omu.edu.tr\/wp-content\/uploads\/20160606_092209-445x334.jpg' width='227' height='167' alt='' \/><\/a><div class=\"dagallery-info\" style=\"padding:20px;color:#ffffff;background-color:#00bfff\"><h3>Exam Paper Bag<\/h3><\/div><\/li><li class=\"\" data-width=\"227\" data-height=\"167\" data-margin=\"5px\" style=\"margin:5px\"><a class=\"normal\" href=\"https:\/\/uzem.omu.edu.tr\/wp-content\/uploads\/20160606_092440.jpg\" rel=\"169661\"><img src='https:\/\/uzem.omu.edu.tr\/wp-content\/uploads\/20160606_092440-445x334.jpg' width='227' height='167' alt='' \/><\/a><div class=\"dagallery-info\" style=\"padding:20px;color:#ffffff;background-color:#00bfff\"><h3>Replacement Examination Bag<\/h3><\/div><\/li><\/ul><\/div>[vc_column_text el_class=&#8221;menu-basligi&#8221; css=&#8221;.vc_custom_1708949782227{margin-bottom: 0px !important;padding-bottom: 0px !important;}&#8221;]<strong>!f FILM FESTIVAL EVENTS<\/strong>[\/vc_column_text]<div class=\"cq-dagallery-container\" style=\"width:100%;margin:0 auto;\"><ul class=\"cq-dagallery\" data-gallerywidth=\"100%\" data-width=\"227\" data-height=\"167\" data-color=\"#ffffff\" data-background=\"#00bfff\" data-opacity=\"0.8\"><li class=\"\" data-width=\"227\" data-height=\"167\" data-margin=\"5px\" style=\"margin:5px\"><a class=\"normal\" href=\"https:\/\/uzem.omu.edu.tr\/wp-content\/uploads\/IMG_1585.jpg\" rel=\"169665\"><img src='https:\/\/uzem.omu.edu.tr\/wp-content\/uploads\/IMG_1585-454x303.jpg' width='227' height='167' alt='' \/><\/a><div class=\"dagallery-info\" style=\"padding:20px;color:#ffffff;background-color:#00bfff\"><h3>!f Film Festival<\/h3><\/div><\/li><li class=\"\" data-width=\"227\" data-height=\"167\" data-margin=\"5px\" style=\"margin:5px\"><a class=\"normal\" href=\"https:\/\/uzem.omu.edu.tr\/wp-content\/uploads\/IMG_1592.jpg\" rel=\"169665\"><img src='https:\/\/uzem.omu.edu.tr\/wp-content\/uploads\/IMG_1592-454x303.jpg' width='227' height='167' alt='' \/><\/a><div class=\"dagallery-info\" style=\"padding:20px;color:#ffffff;background-color:#00bfff\"><h3>!f Film Festival<\/h3><\/div><\/li><li class=\"\" data-width=\"227\" data-height=\"167\" data-margin=\"5px\" style=\"margin:5px\"><a class=\"normal\" href=\"https:\/\/uzem.omu.edu.tr\/wp-content\/uploads\/IMG_1619.jpg\" rel=\"169665\"><img src='https:\/\/uzem.omu.edu.tr\/wp-content\/uploads\/IMG_1619-454x255.jpg' width='227' height='167' alt='' \/><\/a><div class=\"dagallery-info\" style=\"padding:20px;color:#ffffff;background-color:#00bfff\"><h3>!f Film Festival<\/h3><\/div><\/li><li class=\"\" data-width=\"227\" data-height=\"167\" data-margin=\"5px\" style=\"margin:5px\"><a class=\"normal\" href=\"https:\/\/uzem.omu.edu.tr\/wp-content\/uploads\/IMG_1630.jpg\" rel=\"169665\"><img src='https:\/\/uzem.omu.edu.tr\/wp-content\/uploads\/IMG_1630-454x303.jpg' width='227' height='167' alt='' \/><\/a><div class=\"dagallery-info\" style=\"padding:20px;color:#ffffff;background-color:#00bfff\"><h3>!f Film Festival<\/h3><\/div><\/li><li class=\"\" data-width=\"227\" data-height=\"167\" data-margin=\"5px\" style=\"margin:5px\"><a class=\"normal\" href=\"https:\/\/uzem.omu.edu.tr\/wp-content\/uploads\/IMG_1640-1.jpg\" rel=\"169665\"><img src='https:\/\/uzem.omu.edu.tr\/wp-content\/uploads\/IMG_1640-1-454x303.jpg' width='227' height='167' alt='' \/><\/a><div class=\"dagallery-info\" style=\"padding:20px;color:#ffffff;background-color:#00bfff\"><\/div><\/li><\/ul><\/div>[vc_column_text el_class=&#8221;menu-basligi&#8221; css=&#8221;.vc_custom_1708949799179{margin-bottom: 0px !important;padding-bottom: 0px !important;}&#8221;]<strong>SIGN LANGUAGE SEMINARS<\/strong>[\/vc_column_text]<div class=\"cq-dagallery-container\" style=\"width:100%;margin:0 auto;\"><ul class=\"cq-dagallery\" data-gallerywidth=\"100%\" data-width=\"227\" data-height=\"167\" data-color=\"#ffffff\" data-background=\"#00bfff\" data-opacity=\"0.8\"><li class=\"\" data-width=\"227\" data-height=\"167\" data-margin=\"5px\" style=\"margin:5px\"><a class=\"normal\" href=\"https:\/\/uzem.omu.edu.tr\/wp-content\/uploads\/4f055614-4d24-4d52-a778-c5755f713675.jpg\" rel=\"1696659\"><img src='https:\/\/uzem.omu.edu.tr\/wp-content\/uploads\/4f055614-4d24-4d52-a778-c5755f713675-445x334.jpg' width='227' height='167' alt='' \/><\/a><div class=\"dagallery-info\" style=\"padding:20px;color:#ffffff;background-color:#00bfff\"><h3>Sign Language Seminars<\/h3><\/div><\/li><li class=\"\" data-width=\"227\" data-height=\"167\" data-margin=\"5px\" style=\"margin:5px\"><a class=\"normal\" href=\"https:\/\/uzem.omu.edu.tr\/wp-content\/uploads\/190b9398-90e0-48de-b433-40e82abbb196.jpg\" rel=\"1696659\"><img src='https:\/\/uzem.omu.edu.tr\/wp-content\/uploads\/190b9398-90e0-48de-b433-40e82abbb196-445x334.jpg' width='227' height='167' alt='' \/><\/a><div class=\"dagallery-info\" style=\"padding:20px;color:#ffffff;background-color:#00bfff\"><h3>Sign Language Seminars<\/h3><\/div><\/li><li class=\"\" data-width=\"227\" data-height=\"167\" data-margin=\"5px\" style=\"margin:5px\"><a class=\"normal\" href=\"https:\/\/uzem.omu.edu.tr\/wp-content\/uploads\/573cca95-a2b5-4d51-aa0a-c064737fedca.jpg\" rel=\"1696659\"><img src='https:\/\/uzem.omu.edu.tr\/wp-content\/uploads\/573cca95-a2b5-4d51-aa0a-c064737fedca-445x334.jpg' width='227' height='167' alt='' \/><\/a><div class=\"dagallery-info\" style=\"padding:20px;color:#ffffff;background-color:#00bfff\"><h3>Sign Language Seminars<\/h3><\/div><\/li><li class=\"\" data-width=\"227\" data-height=\"167\" data-margin=\"5px\" style=\"margin:5px\"><a class=\"normal\" href=\"https:\/\/uzem.omu.edu.tr\/wp-content\/uploads\/bb13c0ec-b6d6-49f5-a500-0e5bc8bc01cd.jpg\" rel=\"1696659\"><img src='https:\/\/uzem.omu.edu.tr\/wp-content\/uploads\/bb13c0ec-b6d6-49f5-a500-0e5bc8bc01cd-445x334.jpg' width='227' height='167' alt='' \/><\/a><div class=\"dagallery-info\" style=\"padding:20px;color:#ffffff;background-color:#00bfff\"><h3>Sign Language Seminars<\/h3><\/div><\/li><\/ul><\/div>[vc_column_text el_class=&#8221;menu-basligi&#8221; css=&#8221;.vc_custom_1708949819884{margin-bottom: 0px !important;padding-bottom: 0px !important;}&#8221;]<strong>WINTER LANDSCAPES<\/strong>[\/vc_column_text]<div class=\"cq-dagallery-container\" style=\"width:100%;margin:0 auto;\"><ul class=\"cq-dagallery\" data-gallerywidth=\"100%\" data-width=\"227\" data-height=\"167\" data-color=\"#ffffff\" data-background=\"#00bfff\" data-opacity=\"0.8\"><li class=\"\" data-width=\"227\" data-height=\"167\" data-margin=\"5px\" style=\"margin:5px\"><a class=\"normal\" href=\"https:\/\/uzem.omu.edu.tr\/wp-content\/uploads\/IMG_0416.jpg\" rel=\"1696637\"><img src='https:\/\/uzem.omu.edu.tr\/wp-content\/uploads\/IMG_0416-454x285.jpg' width='227' height='167' alt='' \/><\/a><div class=\"dagallery-info\" style=\"padding:20px;color:#ffffff;background-color:#00bfff\"><h3>Building Facade View<\/h3><\/div><\/li><li class=\"\" data-width=\"227\" data-height=\"167\" data-margin=\"5px\" style=\"margin:5px\"><a class=\"normal\" href=\"https:\/\/uzem.omu.edu.tr\/wp-content\/uploads\/IMG_0422.jpg\" rel=\"1696637\"><img src='https:\/\/uzem.omu.edu.tr\/wp-content\/uploads\/IMG_0422-454x290.jpg' width='227' height='167' alt='' \/><\/a><div class=\"dagallery-info\" style=\"padding:20px;color:#ffffff;background-color:#00bfff\"><h3>Seasons of Winter<\/h3><\/div><\/li><li class=\"\" data-width=\"227\" data-height=\"167\" data-margin=\"5px\" style=\"margin:5px\"><a class=\"normal\" href=\"https:\/\/uzem.omu.edu.tr\/wp-content\/uploads\/IMG_0425.jpg\" rel=\"1696637\"><img src='https:\/\/uzem.omu.edu.tr\/wp-content\/uploads\/IMG_0425-454x272.jpg' width='227' height='167' alt='' \/><\/a><div class=\"dagallery-info\" style=\"padding:20px;color:#ffffff;background-color:#00bfff\"><h3>Seasons of Winter<\/h3><\/div><\/li><li class=\"\" data-width=\"227\" data-height=\"167\" data-margin=\"5px\" style=\"margin:5px\"><a class=\"normal\" href=\"https:\/\/uzem.omu.edu.tr\/wp-content\/uploads\/IMG_0434.jpg\" rel=\"1696637\"><img src='https:\/\/uzem.omu.edu.tr\/wp-content\/uploads\/IMG_0434-454x291.jpg' width='227' height='167' alt='' \/><\/a><div class=\"dagallery-info\" style=\"padding:20px;color:#ffffff;background-color:#00bfff\"><h3>Faculty of Theology View <\/h3><\/div><\/li><li class=\"\" data-width=\"227\" data-height=\"167\" data-margin=\"5px\" style=\"margin:5px\"><a class=\"normal\" href=\"https:\/\/uzem.omu.edu.tr\/wp-content\/uploads\/IMG_0496.jpg\" rel=\"1696637\"><img src='https:\/\/uzem.omu.edu.tr\/wp-content\/uploads\/IMG_0496-454x318.jpg' width='227' height='167' alt='' \/><\/a><div class=\"dagallery-info\" style=\"padding:20px;color:#ffffff;background-color:#00bfff\"><h3>Seasons of Winter<\/h3><\/div><\/li><\/ul><\/div>[\/vc_column][\/vc_row]<\/p>\n","protected":false},"excerpt":{"rendered":"<p>[vc_row bg_type=&#8221;no_bg&#8221; css=&#8221;.vc_custom_1510056700811{margin-left: 0px !important;padding-left: 0px !important;}&#8221;][vc_column css=&#8221;.vc_custom_1510056684163{margin-left: 0px !important;padding-left: 0px !important;}&#8221;][vc_column_text el_class=&#8221;menu-basligi&#8221; css=&#8221;.vc_custom_1708949736470{margin-bottom: 0px !important;padding-bottom: 0px !important;}&#8221;]CLASSROOMS &amp; STUDIO[\/vc_column_text][vc_column_text el_class=&#8221;menu-basligi&#8221; css=&#8221;.vc_custom_1708949752004{margin-bottom: 0px !important;padding-bottom: 0px !important;}&#8221;]BUILDING VIEWS[\/vc_column_text][vc_column_text el_class=&#8221;menu-basligi&#8221; css=&#8221;.vc_custom_1708949769684{margin-bottom: 0px !important;padding-bottom: 0px !important;}&#8221;]ASSESSMENT AND EVALUATION[\/vc_column_text][vc_column_text el_class=&#8221;menu-basligi&#8221; css=&#8221;.vc_custom_1708949782227{margin-bottom: 0px !important;padding-bottom: 0px !important;}&#8221;]!f FILM FESTIVAL EVENTS[\/vc_column_text][vc_column_text el_class=&#8221;menu-basligi&#8221; css=&#8221;.vc_custom_1708949799179{margin-bottom: 0px !important;padding-bottom: 0px !important;}&#8221;]SIGN LANGUAGE SEMINARS[\/vc_column_text][vc_column_text el_class=&#8221;menu-basligi&#8221; css=&#8221;.vc_custom_1708949819884{margin-bottom: 0px !important;padding-bottom: 0px !important;}&#8221;]WINTER LANDSCAPES[\/vc_column_text][\/vc_column][\/vc_row]<\/p>\n","protected":false},"author":11,"featured_media":0,"parent":0,"menu_order":0,"comment_status":"closed","ping_status":"closed","template":"","meta":[],"translation":{"provider":"WPGlobus","version":"2.12.2","language":"en","enabled_languages":["tr","en"],"languages":{"tr":{"title":true,"content":true,"excerpt":false},"en":{"title":true,"content":true,"excerpt":false}}},"yoast_head":"<!-- This site is optimized with the Yoast SEO plugin v17.4 - https:\/\/yoast.com\/wordpress\/plugins\/seo\/ -->\n<meta name=\"robots\" content=\"index, follow, max-snippet:-1, max-image-preview:large, max-video-preview:-1\" \/>\n<link rel=\"canonical\" href=\"https:\/\/uzem.omu.edu.tr\/16966-2\/\" \/>\n<meta property=\"og:locale\" content=\"en_US\" \/>\n<meta property=\"og:type\" content=\"article\" \/>\n<meta property=\"og:title\" content=\"Scenes from our Center - OM\u00dc Uzaktan E\u011fitim Merkezi\" \/>\n<meta property=\"og:url\" content=\"https:\/\/uzem.omu.edu.tr\/16966-2\/\" \/>\n<meta property=\"og:site_name\" content=\"OM\u00dc Uzaktan E\u011fitim Merkezi\" \/>\n<meta property=\"article:publisher\" content=\"https:\/\/www.facebook.com\/omu.uzem\" \/>\n<meta property=\"article:modified_time\" content=\"2024-02-26T12:19:17+00:00\" \/>\n<meta name=\"twitter:card\" content=\"summary_large_image\" \/>\n<meta name=\"twitter:site\" content=\"@omuuzem\" \/>\n<meta name=\"twitter:label1\" content=\"Est. reading time\" \/>\n\t<meta name=\"twitter:data1\" content=\"1 minute\" \/>\n<script type=\"application\/ld+json\" class=\"yoast-schema-graph\">{\"@context\":\"https:\/\/schema.org\",\"@graph\":[{\"@type\":\"Organization\",\"@id\":\"https:\/\/uzem.omu.edu.tr\/#organization\",\"name\":\"UZEM\",\"url\":\"https:\/\/uzem.omu.edu.tr\/\",\"sameAs\":[\"https:\/\/www.facebook.com\/omu.uzem\",\"https:\/\/www.instagram.com\/omu.uzem\/\",\"https:\/\/www.youtube.com\/channel\/UCQ6c_wjaGQcIvBKTbPrOe2A\",\"https:\/\/twitter.com\/omuuzem\"],\"logo\":{\"@type\":\"ImageObject\",\"@id\":\"https:\/\/uzem.omu.edu.tr\/#logo\",\"inLanguage\":\"en-US\",\"url\":\"https:\/\/uzem.omu.edu.tr\/wp-content\/uploads\/ulogo-1.png\",\"contentUrl\":\"https:\/\/uzem.omu.edu.tr\/wp-content\/uploads\/ulogo-1.png\",\"width\":364,\"height\":39,\"caption\":\"UZEM\"},\"image\":{\"@id\":\"https:\/\/uzem.omu.edu.tr\/#logo\"}},{\"@type\":\"WebSite\",\"@id\":\"https:\/\/uzem.omu.edu.tr\/#website\",\"url\":\"https:\/\/uzem.omu.edu.tr\/\",\"name\":\"OM\\u00dc Uzaktan E\\u011fitim Merkezi\",\"description\":\"&quot;F\\u0131rsatlar Sunar&quot;\",\"publisher\":{\"@id\":\"https:\/\/uzem.omu.edu.tr\/#organization\"},\"potentialAction\":[{\"@type\":\"SearchAction\",\"target\":{\"@type\":\"EntryPoint\",\"urlTemplate\":\"https:\/\/uzem.omu.edu.tr\/?s={search_term_string}\"},\"query-input\":\"required name=search_term_string\"}],\"inLanguage\":\"en-US\"},{\"@type\":\"WebPage\",\"@id\":\"https:\/\/uzem.omu.edu.tr\/16966-2\/#webpage\",\"url\":\"https:\/\/uzem.omu.edu.tr\/16966-2\/\",\"name\":\"Scenes from our Center - OM\\u00dc Uzaktan E\\u011fitim Merkezi\",\"isPartOf\":{\"@id\":\"https:\/\/uzem.omu.edu.tr\/#website\"},\"datePublished\":\"2017-11-06T07:41:30+00:00\",\"dateModified\":\"2024-02-26T12:19:17+00:00\",\"breadcrumb\":{\"@id\":\"https:\/\/uzem.omu.edu.tr\/16966-2\/#breadcrumb\"},\"inLanguage\":\"en-US\",\"potentialAction\":[{\"@type\":\"ReadAction\",\"target\":[\"https:\/\/uzem.omu.edu.tr\/16966-2\/\"]}]},{\"@type\":\"BreadcrumbList\",\"@id\":\"https:\/\/uzem.omu.edu.tr\/16966-2\/#breadcrumb\",\"itemListElement\":[{\"@type\":\"ListItem\",\"position\":1,\"name\":\"Home\",\"item\":\"https:\/\/uzem.omu.edu.tr\/\"},{\"@type\":\"ListItem\",\"position\":2,\"name\":\"Merkezimizden Kareler\"}]}]}<\/script>\n<!-- \/ Yoast SEO plugin. -->","yoast_head_json":{"robots":{"index":"index","follow":"follow","max-snippet":"max-snippet:-1","max-image-preview":"max-image-preview:large","max-video-preview":"max-video-preview:-1"},"canonical":"https:\/\/uzem.omu.edu.tr\/16966-2\/","og_locale":"en_US","og_type":"article","og_title":"Scenes from our Center - OM\u00dc Uzaktan E\u011fitim Merkezi","og_url":"https:\/\/uzem.omu.edu.tr\/16966-2\/","og_site_name":"OM\u00dc Uzaktan E\u011fitim Merkezi","article_publisher":"https:\/\/www.facebook.com\/omu.uzem","article_modified_time":"2024-02-26T12:19:17+00:00","twitter_card":"summary_large_image","twitter_site":"@omuuzem","twitter_misc":{"Est. reading time":"1 minute"},"schema":{"@context":"https:\/\/schema.org","@graph":[{"@type":"Organization","@id":"https:\/\/uzem.omu.edu.tr\/#organization","name":"UZEM","url":"https:\/\/uzem.omu.edu.tr\/","sameAs":["https:\/\/www.facebook.com\/omu.uzem","https:\/\/www.instagram.com\/omu.uzem\/","https:\/\/www.youtube.com\/channel\/UCQ6c_wjaGQcIvBKTbPrOe2A","https:\/\/twitter.com\/omuuzem"],"logo":{"@type":"ImageObject","@id":"https:\/\/uzem.omu.edu.tr\/#logo","inLanguage":"en-US","url":"https:\/\/uzem.omu.edu.tr\/wp-content\/uploads\/ulogo-1.png","contentUrl":"https:\/\/uzem.omu.edu.tr\/wp-content\/uploads\/ulogo-1.png","width":364,"height":39,"caption":"UZEM"},"image":{"@id":"https:\/\/uzem.omu.edu.tr\/#logo"}},{"@type":"WebSite","@id":"https:\/\/uzem.omu.edu.tr\/#website","url":"https:\/\/uzem.omu.edu.tr\/","name":"OM\u00dc Uzaktan E\u011fitim Merkezi","description":"&quot;F\u0131rsatlar Sunar&quot;","publisher":{"@id":"https:\/\/uzem.omu.edu.tr\/#organization"},"potentialAction":[{"@type":"SearchAction","target":{"@type":"EntryPoint","urlTemplate":"https:\/\/uzem.omu.edu.tr\/?s={search_term_string}"},"query-input":"required name=search_term_string"}],"inLanguage":"en-US"},{"@type":"WebPage","@id":"https:\/\/uzem.omu.edu.tr\/16966-2\/#webpage","url":"https:\/\/uzem.omu.edu.tr\/16966-2\/","name":"Scenes from our Center - OM\u00dc Uzaktan E\u011fitim Merkezi","isPartOf":{"@id":"https:\/\/uzem.omu.edu.tr\/#website"},"datePublished":"2017-11-06T07:41:30+00:00","dateModified":"2024-02-26T12:19:17+00:00","breadcrumb":{"@id":"https:\/\/uzem.omu.edu.tr\/16966-2\/#breadcrumb"},"inLanguage":"en-US","potentialAction":[{"@type":"ReadAction","target":["https:\/\/uzem.omu.edu.tr\/16966-2\/"]}]},{"@type":"BreadcrumbList","@id":"https:\/\/uzem.omu.edu.tr\/16966-2\/#breadcrumb","itemListElement":[{"@type":"ListItem","position":1,"name":"Home","item":"https:\/\/uzem.omu.edu.tr\/"},{"@type":"ListItem","position":2,"name":"Merkezimizden Kareler"}]}]}},"_links":{"self":[{"href":"https:\/\/uzem.omu.edu.tr\/en\/wp-json\/wp\/v2\/pages\/16966"}],"collection":[{"href":"https:\/\/uzem.omu.edu.tr\/en\/wp-json\/wp\/v2\/pages"}],"about":[{"href":"https:\/\/uzem.omu.edu.tr\/en\/wp-json\/wp\/v2\/types\/page"}],"author":[{"embeddable":true,"href":"https:\/\/uzem.omu.edu.tr\/en\/wp-json\/wp\/v2\/users\/11"}],"replies":[{"embeddable":true,"href":"https:\/\/uzem.omu.edu.tr\/en\/wp-json\/wp\/v2\/comments?post=16966"}],"version-history":[{"count":13,"href":"https:\/\/uzem.omu.edu.tr\/en\/wp-json\/wp\/v2\/pages\/16966\/revisions"}],"predecessor-version":[{"id":25946,"href":"https:\/\/uzem.omu.edu.tr\/en\/wp-json\/wp\/v2\/pages\/16966\/revisions\/25946"}],"wp:attachment":[{"href":"https:\/\/uzem.omu.edu.tr\/en\/wp-json\/wp\/v2\/media?parent=16966"}],"curies":[{"name":"wp","href":"https:\/\/api.w.org\/{rel}","templated":true}]}}