{"id":16440,"date":"2018-07-09T09:58:54","date_gmt":"2018-07-09T06:58:54","guid":{"rendered":"https:\/\/uzem.omu.edu.tr\/?page_id=16440"},"modified":"2026-04-10T11:41:55","modified_gmt":"2026-04-10T08:41:55","slug":"bilgisayar-programciligi-akademik-kadro","status":"publish","type":"page","link":"https:\/\/uzem.omu.edu.tr\/en\/bilgisayar-programciligi-akademik-kadro\/","title":{"rendered":"Computer Prog. | Academic Staff"},"content":{"rendered":"<p>[vc_row css=&#8221;.vc_custom_1427462343642{margin-top: -5px !important;margin-left: 0px !important;padding-left: 0px !important;}&#8221;][vc_column width=&#8221;3\/4&#8243; css=&#8221;.vc_custom_1450183673996{margin-top: 5px !important;margin-right: 0px !important;padding-right: 0px !important;padding-left: 0px !important;}&#8221;][vc_row_inner][vc_column_inner css=&#8221;.vc_custom_1450183685859{margin-bottom: 5px !important;padding-right: 0px !important;padding-left: 0px !important;}&#8221;][vc_widget_sidebar sidebar_id=&#8221;generated_sidebar-bilgisayar-programciligi-ust-menu&#8221;][\/vc_column_inner][\/vc_row_inner][vc_column_text el_class=&#8221;menu-basligi&#8221;]<\/p>\n<p><strong>Akademik Kadro<\/strong><\/p>\n<p>[\/vc_column_text][vc_column_text el_class=&#8221;ders-tablosu&#8221;]<\/p>\n<table width=\"469\">\n<tbody>\n<tr>\n<td width=\"206\">Birim Koordinat\u00f6r\u00fc<\/td>\n<td width=\"263\">PROF. DR. G\u00d6KHAN DEM\u0130R<\/td>\n<\/tr>\n<tr>\n<td>Program Koordinat\u00f6r\u00fc<\/td>\n<td>\u00d6\u011eR. G\u00d6R. DR. RIZA ALTUNAY<\/td>\n<\/tr>\n<tr>\n<td>\u00d6\u011fretim Eleman\u0131<\/td>\n<td>PROF. DR. EM\u0130N KASAP<\/td>\n<\/tr>\n<tr>\n<td>\u00d6\u011fretim Eleman\u0131<\/td>\n<td>DO\u00c7. DR. AL\u0130 TEKG\u00dcLER<\/td>\n<\/tr>\n<tr>\n<td>\u00d6\u011fretim Eleman\u0131<\/td>\n<td>DO\u00c7. DR. OLCAY \u00d6ZI\u015eIK YAPICI<\/td>\n<\/tr>\n<tr>\n<td>\u00d6\u011fretim Eleman\u0131<\/td>\n<td>DO\u00c7. DR. ERG\u0130N BAYRAM<\/td>\n<\/tr>\n<tr>\n<td>\u00d6\u011fretim Eleman\u0131<\/td>\n<td>\u00d6\u011eR. G\u00d6R. DR. ERCAN YAL\u00c7IN<\/td>\n<\/tr>\n<tr>\n<td>\u00d6\u011fretim Eleman\u0131<\/td>\n<td>\u00d6\u011eR. G\u00d6R. MUSA \u015eAH\u0130N<\/td>\n<\/tr>\n<tr>\n<td>\u00d6\u011fretim Eleman\u0131<\/td>\n<td>\u00d6\u011eR. G\u00d6R. \u0130RFAN TOPAL<\/td>\n<\/tr>\n<tr>\n<td>\u00d6\u011fretim Eleman\u0131<\/td>\n<td>\u00d6\u011eR. G\u00d6R. HAVVANUR YE\u015e\u0130LDA\u011e<\/td>\n<\/tr>\n<tr>\n<td>\u00d6\u011fretim Eleman\u0131<\/td>\n<td>\u00d6\u011eR. G\u00d6R. CEM BA\u015e<\/td>\n<\/tr>\n<\/tbody>\n<\/table>\n<p>[\/vc_column_text][vc_column_text el_class=&#8221;ders-tablosu&#8221;]<\/p>\n<p>[\/vc_column_text][\/vc_column][vc_column width=&#8221;1\/4&#8243; css=&#8221;.vc_custom_1433425104553{margin-top: 20px !important;padding-right: 0px !important;}&#8221;][vc_widget_sidebar sidebar_id=&#8221;generated_sidebar-bilgisayar-programciligi&#8221;][\/vc_column][\/vc_row][vc_row][vc_column][\/vc_column][\/vc_row]<\/p>\n","protected":false},"excerpt":{"rendered":"<p>[vc_row css=&#8221;.vc_custom_1427462343642{margin-top: -5px !important;margin-left: 0px !important;padding-left: 0px !important;}&#8221;][vc_column width=&#8221;3\/4&#8243; css=&#8221;.vc_custom_1450183673996{margin-top: 5px !important;margin-right: 0px !important;padding-right: 0px !important;padding-left: 0px !important;}&#8221;][vc_row_inner][vc_column_inner css=&#8221;.vc_custom_1450183685859{margin-bottom: 5px !important;padding-right: 0px !important;padding-left: 0px !important;}&#8221;][vc_widget_sidebar sidebar_id=&#8221;generated_sidebar-bilgisayar-programciligi-ust-menu&#8221;][\/vc_column_inner][\/vc_row_inner][vc_column_text el_class=&#8221;menu-basligi&#8221;] Akademik Kadro [\/vc_column_text][vc_column_text el_class=&#8221;ders-tablosu&#8221;] Birim Koordinat\u00f6r\u00fc PROF. DR. G\u00d6KHAN DEM\u0130R Program Koordinat\u00f6r\u00fc \u00d6\u011eR. G\u00d6R. DR. RIZA ALTUNAY \u00d6\u011fretim Eleman\u0131 PROF. DR. EM\u0130N KASAP \u00d6\u011fretim Eleman\u0131 DO\u00c7. DR. AL\u0130 TEKG\u00dcLER \u00d6\u011fretim Eleman\u0131 DO\u00c7. DR. OLCAY \u00d6ZI\u015eIK YAPICI \u00d6\u011fretim Eleman\u0131 DO\u00c7. DR. ERG\u0130N BAYRAM \u00d6\u011fretim Eleman\u0131 \u00d6\u011eR. G\u00d6R. DR. ERCAN YAL\u00c7IN \u00d6\u011fretim Eleman\u0131 \u00d6\u011eR. G\u00d6R. MUSA \u015eAH\u0130N \u00d6\u011fretim Eleman\u0131 \u00d6\u011eR. G\u00d6R. \u0130RFAN TOPAL \u00d6\u011fretim Eleman\u0131 \u00d6\u011eR. G\u00d6R. HAVVANUR YE\u015e\u0130LDA\u011e \u00d6\u011fretim Eleman\u0131 \u00d6\u011eR. G\u00d6R. CEM BA\u015e [\/vc_column_text][vc_column_text el_class=&#8221;ders-tablosu&#8221;] [\/vc_column_text][\/vc_column][vc_column width=&#8221;1\/4&#8243; css=&#8221;.vc_custom_1433425104553{margin-top: 20px !important;padding-right: 0px !important;}&#8221;][vc_widget_sidebar sidebar_id=&#8221;generated_sidebar-bilgisayar-programciligi&#8221;][\/vc_column][\/vc_row][vc_row][vc_column][\/vc_column][\/vc_row]<\/p>\n","protected":false},"author":11,"featured_media":0,"parent":0,"menu_order":0,"comment_status":"closed","ping_status":"closed","template":"","meta":[],"translation":{"provider":"WPGlobus","version":"2.12.2","language":"en","enabled_languages":["tr","en"],"languages":{"tr":{"title":true,"content":true,"excerpt":false},"en":{"title":true,"content":false,"excerpt":false}}},"yoast_head":"<!-- This site is optimized with the Yoast SEO plugin v17.4 - https:\/\/yoast.com\/wordpress\/plugins\/seo\/ -->\n<meta name=\"robots\" content=\"index, follow, max-snippet:-1, max-image-preview:large, max-video-preview:-1\" \/>\n<link rel=\"canonical\" href=\"https:\/\/uzem.omu.edu.tr\/bilgisayar-programciligi-akademik-kadro\/\" \/>\n<meta property=\"og:locale\" content=\"en_US\" \/>\n<meta property=\"og:type\" content=\"article\" \/>\n<meta property=\"og:title\" content=\"Computer Prog. | Academic Staff - OM\u00dc Uzaktan E\u011fitim Merkezi\" \/>\n<meta property=\"og:url\" content=\"https:\/\/uzem.omu.edu.tr\/bilgisayar-programciligi-akademik-kadro\/\" \/>\n<meta property=\"og:site_name\" content=\"OM\u00dc Uzaktan E\u011fitim Merkezi\" \/>\n<meta property=\"article:publisher\" content=\"https:\/\/www.facebook.com\/omu.uzem\" \/>\n<meta property=\"article:modified_time\" content=\"2026-04-10T08:41:55+00:00\" \/>\n<meta name=\"twitter:card\" content=\"summary_large_image\" \/>\n<meta name=\"twitter:site\" content=\"@omuuzem\" \/>\n<meta name=\"twitter:label1\" content=\"Est. reading time\" \/>\n\t<meta name=\"twitter:data1\" content=\"1 minute\" \/>\n<script type=\"application\/ld+json\" class=\"yoast-schema-graph\">{\"@context\":\"https:\/\/schema.org\",\"@graph\":[{\"@type\":\"Organization\",\"@id\":\"https:\/\/uzem.omu.edu.tr\/#organization\",\"name\":\"UZEM\",\"url\":\"https:\/\/uzem.omu.edu.tr\/\",\"sameAs\":[\"https:\/\/www.facebook.com\/omu.uzem\",\"https:\/\/www.instagram.com\/omu.uzem\/\",\"https:\/\/www.youtube.com\/channel\/UCQ6c_wjaGQcIvBKTbPrOe2A\",\"https:\/\/twitter.com\/omuuzem\"],\"logo\":{\"@type\":\"ImageObject\",\"@id\":\"https:\/\/uzem.omu.edu.tr\/#logo\",\"inLanguage\":\"en-US\",\"url\":\"https:\/\/uzem.omu.edu.tr\/wp-content\/uploads\/ulogo-1.png\",\"contentUrl\":\"https:\/\/uzem.omu.edu.tr\/wp-content\/uploads\/ulogo-1.png\",\"width\":364,\"height\":39,\"caption\":\"UZEM\"},\"image\":{\"@id\":\"https:\/\/uzem.omu.edu.tr\/#logo\"}},{\"@type\":\"WebSite\",\"@id\":\"https:\/\/uzem.omu.edu.tr\/#website\",\"url\":\"https:\/\/uzem.omu.edu.tr\/\",\"name\":\"OM\\u00dc Uzaktan E\\u011fitim Merkezi\",\"description\":\"&quot;F\\u0131rsatlar Sunar&quot;\",\"publisher\":{\"@id\":\"https:\/\/uzem.omu.edu.tr\/#organization\"},\"potentialAction\":[{\"@type\":\"SearchAction\",\"target\":{\"@type\":\"EntryPoint\",\"urlTemplate\":\"https:\/\/uzem.omu.edu.tr\/?s={search_term_string}\"},\"query-input\":\"required name=search_term_string\"}],\"inLanguage\":\"en-US\"},{\"@type\":\"WebPage\",\"@id\":\"https:\/\/uzem.omu.edu.tr\/bilgisayar-programciligi-akademik-kadro\/#webpage\",\"url\":\"https:\/\/uzem.omu.edu.tr\/bilgisayar-programciligi-akademik-kadro\/\",\"name\":\"Computer Prog. | Academic Staff - OM\\u00dc Uzaktan E\\u011fitim Merkezi\",\"isPartOf\":{\"@id\":\"https:\/\/uzem.omu.edu.tr\/#website\"},\"datePublished\":\"2018-07-09T06:58:54+00:00\",\"dateModified\":\"2026-04-10T08:41:55+00:00\",\"breadcrumb\":{\"@id\":\"https:\/\/uzem.omu.edu.tr\/bilgisayar-programciligi-akademik-kadro\/#breadcrumb\"},\"inLanguage\":\"en-US\",\"potentialAction\":[{\"@type\":\"ReadAction\",\"target\":[\"https:\/\/uzem.omu.edu.tr\/bilgisayar-programciligi-akademik-kadro\/\"]}]},{\"@type\":\"BreadcrumbList\",\"@id\":\"https:\/\/uzem.omu.edu.tr\/bilgisayar-programciligi-akademik-kadro\/#breadcrumb\",\"itemListElement\":[{\"@type\":\"ListItem\",\"position\":1,\"name\":\"Home\",\"item\":\"https:\/\/uzem.omu.edu.tr\/\"},{\"@type\":\"ListItem\",\"position\":2,\"name\":\"Bilgisayar Programc\\u0131l\\u0131\\u011f\\u0131 | Akademik Kadro\"}]}]}<\/script>\n<!-- \/ Yoast SEO plugin. -->","yoast_head_json":{"robots":{"index":"index","follow":"follow","max-snippet":"max-snippet:-1","max-image-preview":"max-image-preview:large","max-video-preview":"max-video-preview:-1"},"canonical":"https:\/\/uzem.omu.edu.tr\/bilgisayar-programciligi-akademik-kadro\/","og_locale":"en_US","og_type":"article","og_title":"Computer Prog. | Academic Staff - OM\u00dc Uzaktan E\u011fitim Merkezi","og_url":"https:\/\/uzem.omu.edu.tr\/bilgisayar-programciligi-akademik-kadro\/","og_site_name":"OM\u00dc Uzaktan E\u011fitim Merkezi","article_publisher":"https:\/\/www.facebook.com\/omu.uzem","article_modified_time":"2026-04-10T08:41:55+00:00","twitter_card":"summary_large_image","twitter_site":"@omuuzem","twitter_misc":{"Est. reading time":"1 minute"},"schema":{"@context":"https:\/\/schema.org","@graph":[{"@type":"Organization","@id":"https:\/\/uzem.omu.edu.tr\/#organization","name":"UZEM","url":"https:\/\/uzem.omu.edu.tr\/","sameAs":["https:\/\/www.facebook.com\/omu.uzem","https:\/\/www.instagram.com\/omu.uzem\/","https:\/\/www.youtube.com\/channel\/UCQ6c_wjaGQcIvBKTbPrOe2A","https:\/\/twitter.com\/omuuzem"],"logo":{"@type":"ImageObject","@id":"https:\/\/uzem.omu.edu.tr\/#logo","inLanguage":"en-US","url":"https:\/\/uzem.omu.edu.tr\/wp-content\/uploads\/ulogo-1.png","contentUrl":"https:\/\/uzem.omu.edu.tr\/wp-content\/uploads\/ulogo-1.png","width":364,"height":39,"caption":"UZEM"},"image":{"@id":"https:\/\/uzem.omu.edu.tr\/#logo"}},{"@type":"WebSite","@id":"https:\/\/uzem.omu.edu.tr\/#website","url":"https:\/\/uzem.omu.edu.tr\/","name":"OM\u00dc Uzaktan E\u011fitim Merkezi","description":"&quot;F\u0131rsatlar Sunar&quot;","publisher":{"@id":"https:\/\/uzem.omu.edu.tr\/#organization"},"potentialAction":[{"@type":"SearchAction","target":{"@type":"EntryPoint","urlTemplate":"https:\/\/uzem.omu.edu.tr\/?s={search_term_string}"},"query-input":"required name=search_term_string"}],"inLanguage":"en-US"},{"@type":"WebPage","@id":"https:\/\/uzem.omu.edu.tr\/bilgisayar-programciligi-akademik-kadro\/#webpage","url":"https:\/\/uzem.omu.edu.tr\/bilgisayar-programciligi-akademik-kadro\/","name":"Computer Prog. | Academic Staff - OM\u00dc Uzaktan E\u011fitim Merkezi","isPartOf":{"@id":"https:\/\/uzem.omu.edu.tr\/#website"},"datePublished":"2018-07-09T06:58:54+00:00","dateModified":"2026-04-10T08:41:55+00:00","breadcrumb":{"@id":"https:\/\/uzem.omu.edu.tr\/bilgisayar-programciligi-akademik-kadro\/#breadcrumb"},"inLanguage":"en-US","potentialAction":[{"@type":"ReadAction","target":["https:\/\/uzem.omu.edu.tr\/bilgisayar-programciligi-akademik-kadro\/"]}]},{"@type":"BreadcrumbList","@id":"https:\/\/uzem.omu.edu.tr\/bilgisayar-programciligi-akademik-kadro\/#breadcrumb","itemListElement":[{"@type":"ListItem","position":1,"name":"Home","item":"https:\/\/uzem.omu.edu.tr\/"},{"@type":"ListItem","position":2,"name":"Bilgisayar Programc\u0131l\u0131\u011f\u0131 | Akademik Kadro"}]}]}},"_links":{"self":[{"href":"https:\/\/uzem.omu.edu.tr\/en\/wp-json\/wp\/v2\/pages\/16440"}],"collection":[{"href":"https:\/\/uzem.omu.edu.tr\/en\/wp-json\/wp\/v2\/pages"}],"about":[{"href":"https:\/\/uzem.omu.edu.tr\/en\/wp-json\/wp\/v2\/types\/page"}],"author":[{"embeddable":true,"href":"https:\/\/uzem.omu.edu.tr\/en\/wp-json\/wp\/v2\/users\/11"}],"replies":[{"embeddable":true,"href":"https:\/\/uzem.omu.edu.tr\/en\/wp-json\/wp\/v2\/comments?post=16440"}],"version-history":[{"count":36,"href":"https:\/\/uzem.omu.edu.tr\/en\/wp-json\/wp\/v2\/pages\/16440\/revisions"}],"predecessor-version":[{"id":27515,"href":"https:\/\/uzem.omu.edu.tr\/en\/wp-json\/wp\/v2\/pages\/16440\/revisions\/27515"}],"wp:attachment":[{"href":"https:\/\/uzem.omu.edu.tr\/en\/wp-json\/wp\/v2\/media?parent=16440"}],"curies":[{"name":"wp","href":"https:\/\/api.w.org\/{rel}","templated":true}]}}