{"id":15992,"date":"2017-05-04T13:53:54","date_gmt":"2017-05-04T10:53:54","guid":{"rendered":"https:\/\/uzem.omu.edu.tr\/?page_id=15992"},"modified":"2026-04-09T11:08:29","modified_gmt":"2026-04-09T08:08:29","slug":"is-sagligi-ve-guvenligi-ders-icerikleri","status":"publish","type":"page","link":"https:\/\/uzem.omu.edu.tr\/en\/is-sagligi-ve-guvenligi-ders-icerikleri\/","title":{"rendered":"\u0130\u015f Sa\u011fl\u0131\u011f\u0131 ve G\u00fcvenli\u011fi | Ders \u0130\u00e7erikleri"},"content":{"rendered":"<p>[vc_row css=&#8221;.vc_custom_1427462343642{margin-top: -5px !important;margin-left: 0px !important;padding-left: 0px !important;}&#8221;][vc_column width=&#8221;3\/4&#8243; css=&#8221;.vc_custom_1450099092203{margin-top: 5px !important;margin-right: 0px !important;padding-right: 0px !important;padding-left: 0px !important;}&#8221;][vc_row_inner][vc_column_inner css=&#8221;.vc_custom_1450099107735{margin-bottom: 5px !important;padding-right: 0px !important;padding-left: 0px !important;}&#8221;][vc_widget_sidebar sidebar_id=&#8221;generated_sidebar-is-sagligi-ve-guvenligi-ust-menu&#8221;][\/vc_column_inner][\/vc_row_inner][vc_column_text el_class=&#8221;menu-basligi&#8221;]<\/p>\n<p><strong>DERS \u0130\u00c7ER\u0130KLER\u0130<\/strong><\/p>\n<p>[\/vc_column_text][vc_column_text el_class=&#8221;menu-basligi&#8221; css=&#8221;.vc_custom_1469191824587{margin-top: 5px !important;margin-bottom: 5px !important;border-bottom-width: 5px !important;}&#8221;]<\/p>\n<p><strong>I. SINIF G\u00dcZ YARIYILI DERSLER\u0130<\/strong><\/p>\n<p>[\/vc_column_text][vc_column_text el_class=&#8221;ders-tablosu&#8221;]<\/p>\n<table width=\"654\">\n<tbody>\n<tr>\n<td width=\"56\"><strong>Kodu<\/strong><\/td>\n<td width=\"289\"><strong>Ders Ad\u0131<\/strong><\/td>\n<td width=\"45\"><strong>D+U+L<\/strong><\/td>\n<td width=\"55\"><strong>Z\/S<\/strong><\/td>\n<td width=\"209\"><strong>\u00d6\u011fretim \u00dcyesi<\/strong><\/td>\n<\/tr>\n<tr>\n<td>\u0130\u015eL126<\/td>\n<td>\u0130\u015f Sa\u011fl\u0131\u011f\u0131 ve G\u00fcvenli\u011fi\u00a0-I<\/td>\n<td>2+0+2<\/td>\n<td>Zorunlu<\/td>\n<td width=\"209\">\u00d6\u011fr. G\u00f6r.\u00a0Musa \u015eAH\u0130N<\/td>\n<\/tr>\n<tr>\n<td>\u0130SG103<\/td>\n<td>Matematik\u00a0-I<\/td>\n<td>2+0+2<\/td>\n<td>Zorunlu<\/td>\n<td width=\"209\">\u00d6\u011fr. G\u00f6r.\u00a0M. Ali ZENG\u0130N<\/td>\n<\/tr>\n<tr>\n<td>\u0130SG105<\/td>\n<td>Genel Hukuk<\/td>\n<td>2+0+2<\/td>\n<td>Zorunlu<\/td>\n<td width=\"209\">\u00d6\u011fr. O\u011fuz Han KURU<\/td>\n<\/tr>\n<tr>\n<td>\u0130SG107<\/td>\n<td>Makine ve Techizat -I<\/td>\n<td>2+0+2<\/td>\n<td>Zorunlu<\/td>\n<td width=\"209\">\u00d6\u011fr. G\u00f6r.\u00a0Musa \u015eAH\u0130N<\/td>\n<\/tr>\n<tr>\n<td>\u0130SG109<\/td>\n<td>Genel Kimya<\/td>\n<td>2+0+2<\/td>\n<td>Zorunlu<\/td>\n<td width=\"209\">\u00d6\u011fr. G\u00f6r. Dr. Cihan YAYLACI<\/td>\n<\/tr>\n<tr>\n<td>YD\u0130101<\/td>\n<td>Yabanc\u0131 Dil -I<\/td>\n<td>2+0+2<\/td>\n<td>Zorunlu<\/td>\n<td width=\"209\">\u00d6\u011fr. G\u00f6r. Havvanur YE\u015e\u0130LDA\u011e<\/td>\n<\/tr>\n<tr>\n<td>TD\u0130101<\/td>\n<td>T\u00fcrk Dili -I<\/td>\n<td>1+0+1<\/td>\n<td>Zorunlu<\/td>\n<td width=\"209\">\u00d6\u011fr. G\u00f6r. Efsun Kevser KAYA<\/td>\n<\/tr>\n<tr>\n<td>AT\u0130101<\/td>\n<td>Atat\u00fcrk \u0130lkeleri ve \u0130nk. Tarihi<\/td>\n<td>2+0+2<\/td>\n<td>Zorunlu<\/td>\n<td>\u00d6\u011fr. G\u00f6r. Dr. Ercan YAL\u00c7IN<\/td>\n<\/tr>\n<tr>\n<td>\u0130SG113<\/td>\n<td>\u00c7evre Koruma<\/td>\n<td>2+0+2<\/td>\n<td>Zorunlu<\/td>\n<td>\u00d6\u011fr. G\u00f6r.\u00a0M. Ali ZENG\u0130N<\/td>\n<\/tr>\n<\/tbody>\n<\/table>\n<p>[\/vc_column_text][vc_column_text el_class=&#8221;menu-basligi&#8221; css=&#8221;.vc_custom_1514894591410{margin-top: 5px !important;margin-bottom: 5px !important;border-bottom-width: 5px !important;}&#8221;]<\/p>\n<p><strong>I. SINIF\u00a0BAHAR YARIYILI DERSLER\u0130<\/strong><\/p>\n<p>[\/vc_column_text][vc_column_text el_class=&#8221;ders-tablosu&#8221;]<\/p>\n<table width=\"654\">\n<tbody>\n<tr>\n<td width=\"56\"><strong>Kodu<\/strong><\/td>\n<td width=\"289\"><strong>Ders Ad\u0131<\/strong><\/td>\n<td width=\"45\"><strong>D+U+L<\/strong><\/td>\n<td width=\"55\"><strong>Z\/S<\/strong><\/td>\n<td width=\"209\"><strong>\u00d6\u011fretim \u00dcyesi<\/strong><\/td>\n<\/tr>\n<tr>\n<td>AT\u0130102<\/td>\n<td>Atat\u00fcrk \u0130lkeleri ve \u0130nk. Tarihi II<\/td>\n<td>2+0+2<\/td>\n<td>Zorunlu<\/td>\n<td width=\"209\">\u00d6\u011fr. G\u00f6r. Dr. Ercan YAL\u00c7IN<\/td>\n<\/tr>\n<tr>\n<td>TD\u0130102<\/td>\n<td>T\u00fcrk Dili\u00a0-II<\/td>\n<td>2+0+2<\/td>\n<td>Zorunlu<\/td>\n<td width=\"209\">\u00d6\u011fr. G\u00f6r. Efsun Kevser KAYA<\/td>\n<\/tr>\n<tr>\n<td>YD\u0130102<\/td>\n<td>\u0130ngilizce -II<\/td>\n<td>2+0+2<\/td>\n<td>Zorunlu<\/td>\n<td width=\"209\">\u00d6\u011fr. G\u00f6r. Havva Nur YE\u015e\u0130LDA\u011e<\/td>\n<\/tr>\n<tr>\n<td>\u0130SG106<\/td>\n<td>\u0130\u015f Sa\u011fl\u0131\u011f\u0131 ve G\u00fcvenli\u011fi\u00a0-II<\/td>\n<td>2+0+2<\/td>\n<td>Zorunlu<\/td>\n<td width=\"209\">\u00d6\u011fr. G\u00f6r.\u00a0Musa \u015eAH\u0130N<\/td>\n<\/tr>\n<tr>\n<td>\u0130SG104<\/td>\n<td>Fizik<\/td>\n<td>2+0+2<\/td>\n<td>Zorunlu<\/td>\n<td width=\"209\">\u00d6\u011fr. G\u00f6r. Dr. Cihan YAYLACI<\/td>\n<\/tr>\n<tr>\n<td>\u0130SG106<\/td>\n<td>Makine ve Techizat -II<\/td>\n<td>2+0+2<\/td>\n<td>Zorunlu<\/td>\n<td width=\"209\">\u00d6\u011fr. G\u00f6r.\u00a0Musa \u015eAH\u0130N<\/td>\n<\/tr>\n<tr>\n<td>\u0130SG108<\/td>\n<td>Arama ve Kurtarma Bilgisi<\/td>\n<td>2+0+2<\/td>\n<td>Zorunlu<\/td>\n<td width=\"209\">\u00d6\u011fr. G\u00f6r. Halil YAMAK<\/td>\n<\/tr>\n<tr>\n<td>\u0130SG112<\/td>\n<td>Ergonomi<\/td>\n<td>2+0+2<\/td>\n<td>Zorunlu<\/td>\n<td width=\"209\">\u00d6\u011fr. G\u00f6r. Mehmet Ali ZENG\u0130N<\/td>\n<\/tr>\n<\/tbody>\n<\/table>\n<p>[\/vc_column_text][vc_column_text el_class=&#8221;menu-basligi&#8221; css=&#8221;.vc_custom_1533901798225{margin-top: 5px !important;margin-bottom: 5px !important;border-bottom-width: 5px !important;}&#8221;]<strong>2. SINIF\u00a0G\u00dcZ YARIYILI DERSLER\u0130<\/strong>[\/vc_column_text][vc_column_text el_class=&#8221;ders-tablosu&#8221;]<\/p>\n<table width=\"654\">\n<tbody>\n<tr>\n<td width=\"56\"><strong>Kodu<\/strong><\/td>\n<td width=\"289\"><strong>Ders Ad\u0131<\/strong><\/td>\n<td width=\"45\"><strong>D+U+L<\/strong><\/td>\n<td width=\"55\"><strong>Z\/S<\/strong><\/td>\n<td width=\"209\"><strong>\u00d6\u011fretim \u00dcyesi<\/strong><\/td>\n<\/tr>\n<tr>\n<td>\u0130SG201<\/td>\n<td>Bina Y\u00f6netim Sistemleri<\/td>\n<td>2+0+2<\/td>\n<td>Zorunlu<\/td>\n<td width=\"209\">\u00d6\u011fr. G\u00f6r. Dr. Cihan YAYLACI<\/td>\n<\/tr>\n<tr>\n<td>\u0130SG203<\/td>\n<td>\u0130lkyard\u0131m<\/td>\n<td>2+0+2<\/td>\n<td>Zorunlu<\/td>\n<td width=\"209\">\u00d6\u011fr. G\u00f6r. Musa \u015eAH\u0130N<\/td>\n<\/tr>\n<tr>\n<td>\u0130SG205<\/td>\n<td>Yang\u0131ndan Korunma Y\u00f6ntemleri<\/td>\n<td>2+0+2<\/td>\n<td>Zorunlu<\/td>\n<td width=\"209\">\u00d6\u011fr. G\u00f6r. Mehmet Ali ZENG\u0130N<\/td>\n<\/tr>\n<tr>\n<td>\u0130SG207<\/td>\n<td>Yap\u0131 \u0130\u015flerinde \u0130\u015f Sa\u011fl\u0131\u011f\u0131 ve G\u00fcvenli\u011fi<\/td>\n<td>2+0+2<\/td>\n<td>Zorunlu<\/td>\n<td width=\"209\">\u00d6\u011fr. G\u00f6r. Halil YAMAK<\/td>\n<\/tr>\n<tr>\n<td>\u0130SG209<\/td>\n<td>Sosyal G\u00fcvenlik<\/td>\n<td>2+0+2<\/td>\n<td>Zorunlu<\/td>\n<td width=\"209\">\u00d6\u011fr. G\u00f6r. Dr. Cihan YAYLACI<\/td>\n<\/tr>\n<tr>\n<td>\u0130SG211<\/td>\n<td>Ta\u015f\u0131ma ve Depolama<\/td>\n<td>2+0+2<\/td>\n<td>Zorunlu<\/td>\n<td width=\"209\">\u00d6\u011fr. G\u00f6r. Dr. Cihan YAYLACI<\/td>\n<\/tr>\n<tr>\n<td>\u0130SG101<\/td>\n<td>\u0130\u015f Sa\u011fl\u0131\u011f\u0131 ve G\u00fcvenli\u011fi Mevzuat\u0131 I<\/td>\n<td>2+0+2<\/td>\n<td>Zorunlu<\/td>\n<td width=\"209\">\u00d6\u011fr. G\u00f6r. Musa \u015eAH\u0130N<\/td>\n<\/tr>\n<tr>\n<td>\u0130SG215<\/td>\n<td>Uyar\u0131 \u0130\u015faretleri ve Levha Standartlar\u0131<\/td>\n<td>2+0+2<\/td>\n<td>Zorunlu<\/td>\n<td width=\"209\">\u00d6\u011fr. G\u00f6r. Halil YAMAK<\/td>\n<\/tr>\n<tr>\n<td>\u0130SG217<\/td>\n<td>Ki\u015fisel Koruyucu Donan\u0131mlar<\/td>\n<td>2+0+2<\/td>\n<td>Zorunlu<\/td>\n<td width=\"209\">\u00d6\u011fr. G\u00f6r. Mehmet Ali ZENG\u0130N<\/td>\n<\/tr>\n<\/tbody>\n<\/table>\n<p>[\/vc_column_text][vc_column_text el_class=&#8221;menu-basligi&#8221; css=&#8221;.vc_custom_1550474282896{margin-top: 5px !important;margin-bottom: 5px !important;border-bottom-width: 5px !important;}&#8221;]<strong>2. SINIF\u00a0BAHAR YARIYILI DERSLER\u0130<\/strong>[\/vc_column_text][vc_column_text el_class=&#8221;ders-tablosu&#8221;]<\/p>\n<table width=\"654\">\n<tbody>\n<tr>\n<td width=\"56\"><strong>Kodu<\/strong><\/td>\n<td width=\"289\"><strong>Ders Ad\u0131<\/strong><\/td>\n<td width=\"45\"><strong>D+U+L<\/strong><\/td>\n<td width=\"55\"><strong>Z\/S<\/strong><\/td>\n<td width=\"209\"><strong>\u00d6\u011fretim \u00dcyesi<\/strong><\/td>\n<\/tr>\n<tr>\n<td>\u0130SG202<\/td>\n<td>\u0130\u015f Kazalar\u0131 ve Raporland\u0131rma<\/td>\n<td>2+0+2<\/td>\n<td>Zorunlu<\/td>\n<td width=\"209\">\u00d6\u011fr. G\u00f6r. Dr. Cihan YAYLACI<\/td>\n<\/tr>\n<tr>\n<td>\u0130SG204<\/td>\n<td>Acil Durum ve Risk Analizi<\/td>\n<td>2+0+2<\/td>\n<td>Zorunlu<\/td>\n<td width=\"209\">\u00d6\u011fr. G\u00f6r. Mehmet Ali ZENG\u0130N<\/td>\n<\/tr>\n<tr>\n<td>\u0130SG206<\/td>\n<td>\u0130\u015f Hijyeni<\/td>\n<td>2+0+2<\/td>\n<td>Zorunlu<\/td>\n<td width=\"209\">\u00d6\u011fr. G\u00f6r. Dr. Cihan YAYLACI<\/td>\n<\/tr>\n<tr>\n<td>\u0130SG208<\/td>\n<td>Etiketleme ve \u0130\u015faretleme<\/td>\n<td>2+0+2<\/td>\n<td>Zorunlu<\/td>\n<td width=\"209\">\u00d6\u011fr. G\u00f6r. Musa \u015eAH\u0130N<\/td>\n<\/tr>\n<tr>\n<td>\u0130SG210<\/td>\n<td>\u0130\u015f Kazalar\u0131 ve Meslek Hastal\u0131klar\u0131<\/td>\n<td>2+0+2<\/td>\n<td>Zorunlu<\/td>\n<td width=\"209\">\u00d6\u011fr. G\u00f6r. Mehmet Ali ZENG\u0130N<\/td>\n<\/tr>\n<tr>\n<td>\u0130SG212<\/td>\n<td>\u0130\u015f Sa\u011fl\u0131\u011f\u0131 ve G\u00fcvenli\u011fi Mevzuat\u0131 II<\/td>\n<td>2+0+2<\/td>\n<td>Zorunlu<\/td>\n<td width=\"209\">\u00d6\u011fr. G\u00f6r.\u00a0Musa \u015eAH\u0130N<\/td>\n<\/tr>\n<tr>\n<td>\u0130SG216<\/td>\n<td>Meslek Eti\u011fi<\/td>\n<td>2+0+2<\/td>\n<td>Zorunlu<\/td>\n<td width=\"209\">\u00d6\u011fr. G\u00f6r. Dr. Cihan YAYLACI<\/td>\n<\/tr>\n<tr>\n<td>\u0130SG218<\/td>\n<td>Kalite G\u00fcvencesi ve Standartlar\u0131<\/td>\n<td>2+0+2<\/td>\n<td>Zorunlu<\/td>\n<td width=\"209\">\u00d6\u011fr. G\u00f6r. Mehmet Ali ZENG\u0130N<\/td>\n<\/tr>\n<\/tbody>\n<\/table>\n<p>[\/vc_column_text][\/vc_column][vc_column width=&#8221;1\/4&#8243; css=&#8221;.vc_custom_1433424546160{margin-top: 20px !important;padding-right: 0px !important;}&#8221;][vc_widget_sidebar sidebar_id=&#8221;generated_sidebar-is-sagligi-ve-guvenligi-yan-menu&#8221;][\/vc_column][\/vc_row]<\/p>\n","protected":false},"excerpt":{"rendered":"<p>[vc_row css=&#8221;.vc_custom_1427462343642{margin-top: -5px !important;margin-left: 0px !important;padding-left: 0px !important;}&#8221;][vc_column width=&#8221;3\/4&#8243; css=&#8221;.vc_custom_1450099092203{margin-top: 5px !important;margin-right: 0px !important;padding-right: 0px !important;padding-left: 0px !important;}&#8221;][vc_row_inner][vc_column_inner css=&#8221;.vc_custom_1450099107735{margin-bottom: 5px !important;padding-right: 0px !important;padding-left: 0px !important;}&#8221;][vc_widget_sidebar sidebar_id=&#8221;generated_sidebar-is-sagligi-ve-guvenligi-ust-menu&#8221;][\/vc_column_inner][\/vc_row_inner][vc_column_text el_class=&#8221;menu-basligi&#8221;] DERS \u0130\u00c7ER\u0130KLER\u0130 [\/vc_column_text][vc_column_text el_class=&#8221;menu-basligi&#8221; css=&#8221;.vc_custom_1469191824587{margin-top: 5px !important;margin-bottom: 5px !important;border-bottom-width: 5px !important;}&#8221;] I. SINIF G\u00dcZ YARIYILI DERSLER\u0130 [\/vc_column_text][vc_column_text el_class=&#8221;ders-tablosu&#8221;] Kodu Ders Ad\u0131 D+U+L Z\/S \u00d6\u011fretim \u00dcyesi \u0130\u015eL126 \u0130\u015f Sa\u011fl\u0131\u011f\u0131 ve G\u00fcvenli\u011fi\u00a0-I 2+0+2 Zorunlu \u00d6\u011fr. G\u00f6r.\u00a0Musa \u015eAH\u0130N \u0130SG103 Matematik\u00a0-I 2+0+2 Zorunlu \u00d6\u011fr. G\u00f6r.\u00a0M. Ali ZENG\u0130N \u0130SG105 Genel Hukuk 2+0+2 Zorunlu \u00d6\u011fr. O\u011fuz Han KURU \u0130SG107 Makine ve Techizat -I 2+0+2 Zorunlu \u00d6\u011fr. G\u00f6r.\u00a0Musa \u015eAH\u0130N \u0130SG109 Genel Kimya 2+0+2 Zorunlu \u00d6\u011fr. G\u00f6r. Dr. Cihan YAYLACI YD\u0130101 Yabanc\u0131 Dil -I 2+0+2 Zorunlu \u00d6\u011fr. G\u00f6r. Havvanur YE\u015e\u0130LDA\u011e TD\u0130101 T\u00fcrk Dili -I 1+0+1 Zorunlu \u00d6\u011fr. G\u00f6r. Efsun Kevser KAYA AT\u0130101 Atat\u00fcrk \u0130lkeleri ve \u0130nk. Tarihi 2+0+2 Zorunlu \u00d6\u011fr. G\u00f6r. Dr. Ercan YAL\u00c7IN \u0130SG113 \u00c7evre Koruma 2+0+2 Zorunlu \u00d6\u011fr. G\u00f6r.\u00a0M. Ali ZENG\u0130N [\/vc_column_text][vc_column_text el_class=&#8221;menu-basligi&#8221; css=&#8221;.vc_custom_1514894591410{margin-top: 5px !important;margin-bottom: 5px !important;border-bottom-width: 5px !important;}&#8221;] I. SINIF\u00a0BAHAR YARIYILI DERSLER\u0130 [\/vc_column_text][vc_column_text el_class=&#8221;ders-tablosu&#8221;] Kodu Ders Ad\u0131 D+U+L Z\/S \u00d6\u011fretim \u00dcyesi AT\u0130102 Atat\u00fcrk \u0130lkeleri ve \u0130nk. Tarihi II 2+0+2 Zorunlu \u00d6\u011fr. G\u00f6r. Dr. Ercan YAL\u00c7IN TD\u0130102 T\u00fcrk Dili\u00a0-II 2+0+2 Zorunlu \u00d6\u011fr. G\u00f6r. Efsun Kevser KAYA YD\u0130102 \u0130ngilizce -II 2+0+2 Zorunlu \u00d6\u011fr. G\u00f6r. Havva Nur YE\u015e\u0130LDA\u011e \u0130SG106 \u0130\u015f Sa\u011fl\u0131\u011f\u0131 ve G\u00fcvenli\u011fi\u00a0-II 2+0+2 Zorunlu \u00d6\u011fr. G\u00f6r.\u00a0Musa \u015eAH\u0130N \u0130SG104 Fizik 2+0+2 Zorunlu \u00d6\u011fr. G\u00f6r. Dr. Cihan YAYLACI \u0130SG106 Makine ve Techizat -II 2+0+2 Zorunlu \u00d6\u011fr. G\u00f6r.\u00a0Musa \u015eAH\u0130N \u0130SG108 Arama ve Kurtarma Bilgisi 2+0+2 Zorunlu \u00d6\u011fr. G\u00f6r. Halil YAMAK \u0130SG112 Ergonomi 2+0+2 Zorunlu \u00d6\u011fr. G\u00f6r. Mehmet Ali ZENG\u0130N [\/vc_column_text][vc_column_text el_class=&#8221;menu-basligi&#8221; css=&#8221;.vc_custom_1533901798225{margin-top: [&hellip;]<\/p>\n","protected":false},"author":11,"featured_media":0,"parent":0,"menu_order":0,"comment_status":"closed","ping_status":"closed","template":"","meta":[],"translation":{"provider":"WPGlobus","version":"2.12.2","language":"en","enabled_languages":["tr","en"],"languages":{"tr":{"title":true,"content":true,"excerpt":false},"en":{"title":false,"content":false,"excerpt":false}}},"yoast_head":"<!-- This site is optimized with the Yoast SEO plugin v17.4 - https:\/\/yoast.com\/wordpress\/plugins\/seo\/ -->\n<meta name=\"robots\" content=\"index, follow, max-snippet:-1, max-image-preview:large, max-video-preview:-1\" \/>\n<link rel=\"canonical\" href=\"https:\/\/uzem.omu.edu.tr\/is-sagligi-ve-guvenligi-ders-icerikleri\/\" \/>\n<meta property=\"og:locale\" content=\"en_US\" \/>\n<meta property=\"og:type\" content=\"article\" \/>\n<meta property=\"og:title\" content=\"\u0130\u015f Sa\u011fl\u0131\u011f\u0131 ve G\u00fcvenli\u011fi | Ders \u0130\u00e7erikleri - OM\u00dc Uzaktan E\u011fitim Merkezi\" \/>\n<meta property=\"og:url\" content=\"https:\/\/uzem.omu.edu.tr\/is-sagligi-ve-guvenligi-ders-icerikleri\/\" \/>\n<meta property=\"og:site_name\" content=\"OM\u00dc Uzaktan E\u011fitim Merkezi\" \/>\n<meta property=\"article:publisher\" content=\"https:\/\/www.facebook.com\/omu.uzem\" \/>\n<meta property=\"article:modified_time\" content=\"2026-04-09T08:08:29+00:00\" \/>\n<meta name=\"twitter:card\" content=\"summary_large_image\" \/>\n<meta name=\"twitter:site\" content=\"@omuuzem\" \/>\n<meta name=\"twitter:label1\" content=\"Est. reading time\" \/>\n\t<meta name=\"twitter:data1\" content=\"3 minutes\" \/>\n<script type=\"application\/ld+json\" class=\"yoast-schema-graph\">{\"@context\":\"https:\/\/schema.org\",\"@graph\":[{\"@type\":\"Organization\",\"@id\":\"https:\/\/uzem.omu.edu.tr\/#organization\",\"name\":\"UZEM\",\"url\":\"https:\/\/uzem.omu.edu.tr\/\",\"sameAs\":[\"https:\/\/www.facebook.com\/omu.uzem\",\"https:\/\/www.instagram.com\/omu.uzem\/\",\"https:\/\/www.youtube.com\/channel\/UCQ6c_wjaGQcIvBKTbPrOe2A\",\"https:\/\/twitter.com\/omuuzem\"],\"logo\":{\"@type\":\"ImageObject\",\"@id\":\"https:\/\/uzem.omu.edu.tr\/#logo\",\"inLanguage\":\"en-US\",\"url\":\"https:\/\/uzem.omu.edu.tr\/wp-content\/uploads\/ulogo-1.png\",\"contentUrl\":\"https:\/\/uzem.omu.edu.tr\/wp-content\/uploads\/ulogo-1.png\",\"width\":364,\"height\":39,\"caption\":\"UZEM\"},\"image\":{\"@id\":\"https:\/\/uzem.omu.edu.tr\/#logo\"}},{\"@type\":\"WebSite\",\"@id\":\"https:\/\/uzem.omu.edu.tr\/#website\",\"url\":\"https:\/\/uzem.omu.edu.tr\/\",\"name\":\"OM\\u00dc Uzaktan E\\u011fitim Merkezi\",\"description\":\"&quot;F\\u0131rsatlar Sunar&quot;\",\"publisher\":{\"@id\":\"https:\/\/uzem.omu.edu.tr\/#organization\"},\"potentialAction\":[{\"@type\":\"SearchAction\",\"target\":{\"@type\":\"EntryPoint\",\"urlTemplate\":\"https:\/\/uzem.omu.edu.tr\/?s={search_term_string}\"},\"query-input\":\"required name=search_term_string\"}],\"inLanguage\":\"en-US\"},{\"@type\":\"WebPage\",\"@id\":\"https:\/\/uzem.omu.edu.tr\/is-sagligi-ve-guvenligi-ders-icerikleri\/#webpage\",\"url\":\"https:\/\/uzem.omu.edu.tr\/is-sagligi-ve-guvenligi-ders-icerikleri\/\",\"name\":\"\\u0130\\u015f Sa\\u011fl\\u0131\\u011f\\u0131 ve G\\u00fcvenli\\u011fi | Ders \\u0130\\u00e7erikleri - OM\\u00dc Uzaktan E\\u011fitim Merkezi\",\"isPartOf\":{\"@id\":\"https:\/\/uzem.omu.edu.tr\/#website\"},\"datePublished\":\"2017-05-04T10:53:54+00:00\",\"dateModified\":\"2026-04-09T08:08:29+00:00\",\"breadcrumb\":{\"@id\":\"https:\/\/uzem.omu.edu.tr\/is-sagligi-ve-guvenligi-ders-icerikleri\/#breadcrumb\"},\"inLanguage\":\"en-US\",\"potentialAction\":[{\"@type\":\"ReadAction\",\"target\":[\"https:\/\/uzem.omu.edu.tr\/is-sagligi-ve-guvenligi-ders-icerikleri\/\"]}]},{\"@type\":\"BreadcrumbList\",\"@id\":\"https:\/\/uzem.omu.edu.tr\/is-sagligi-ve-guvenligi-ders-icerikleri\/#breadcrumb\",\"itemListElement\":[{\"@type\":\"ListItem\",\"position\":1,\"name\":\"Home\",\"item\":\"https:\/\/uzem.omu.edu.tr\/\"},{\"@type\":\"ListItem\",\"position\":2,\"name\":\"\\u0130\\u015f Sa\\u011fl\\u0131\\u011f\\u0131 ve G\\u00fcvenli\\u011fi | Ders \\u0130\\u00e7erikleri\"}]}]}<\/script>\n<!-- \/ Yoast SEO plugin. -->","yoast_head_json":{"robots":{"index":"index","follow":"follow","max-snippet":"max-snippet:-1","max-image-preview":"max-image-preview:large","max-video-preview":"max-video-preview:-1"},"canonical":"https:\/\/uzem.omu.edu.tr\/is-sagligi-ve-guvenligi-ders-icerikleri\/","og_locale":"en_US","og_type":"article","og_title":"\u0130\u015f Sa\u011fl\u0131\u011f\u0131 ve G\u00fcvenli\u011fi | Ders \u0130\u00e7erikleri - OM\u00dc Uzaktan E\u011fitim Merkezi","og_url":"https:\/\/uzem.omu.edu.tr\/is-sagligi-ve-guvenligi-ders-icerikleri\/","og_site_name":"OM\u00dc Uzaktan E\u011fitim Merkezi","article_publisher":"https:\/\/www.facebook.com\/omu.uzem","article_modified_time":"2026-04-09T08:08:29+00:00","twitter_card":"summary_large_image","twitter_site":"@omuuzem","twitter_misc":{"Est. reading time":"3 minutes"},"schema":{"@context":"https:\/\/schema.org","@graph":[{"@type":"Organization","@id":"https:\/\/uzem.omu.edu.tr\/#organization","name":"UZEM","url":"https:\/\/uzem.omu.edu.tr\/","sameAs":["https:\/\/www.facebook.com\/omu.uzem","https:\/\/www.instagram.com\/omu.uzem\/","https:\/\/www.youtube.com\/channel\/UCQ6c_wjaGQcIvBKTbPrOe2A","https:\/\/twitter.com\/omuuzem"],"logo":{"@type":"ImageObject","@id":"https:\/\/uzem.omu.edu.tr\/#logo","inLanguage":"en-US","url":"https:\/\/uzem.omu.edu.tr\/wp-content\/uploads\/ulogo-1.png","contentUrl":"https:\/\/uzem.omu.edu.tr\/wp-content\/uploads\/ulogo-1.png","width":364,"height":39,"caption":"UZEM"},"image":{"@id":"https:\/\/uzem.omu.edu.tr\/#logo"}},{"@type":"WebSite","@id":"https:\/\/uzem.omu.edu.tr\/#website","url":"https:\/\/uzem.omu.edu.tr\/","name":"OM\u00dc Uzaktan E\u011fitim Merkezi","description":"&quot;F\u0131rsatlar Sunar&quot;","publisher":{"@id":"https:\/\/uzem.omu.edu.tr\/#organization"},"potentialAction":[{"@type":"SearchAction","target":{"@type":"EntryPoint","urlTemplate":"https:\/\/uzem.omu.edu.tr\/?s={search_term_string}"},"query-input":"required name=search_term_string"}],"inLanguage":"en-US"},{"@type":"WebPage","@id":"https:\/\/uzem.omu.edu.tr\/is-sagligi-ve-guvenligi-ders-icerikleri\/#webpage","url":"https:\/\/uzem.omu.edu.tr\/is-sagligi-ve-guvenligi-ders-icerikleri\/","name":"\u0130\u015f Sa\u011fl\u0131\u011f\u0131 ve G\u00fcvenli\u011fi | Ders \u0130\u00e7erikleri - OM\u00dc Uzaktan E\u011fitim Merkezi","isPartOf":{"@id":"https:\/\/uzem.omu.edu.tr\/#website"},"datePublished":"2017-05-04T10:53:54+00:00","dateModified":"2026-04-09T08:08:29+00:00","breadcrumb":{"@id":"https:\/\/uzem.omu.edu.tr\/is-sagligi-ve-guvenligi-ders-icerikleri\/#breadcrumb"},"inLanguage":"en-US","potentialAction":[{"@type":"ReadAction","target":["https:\/\/uzem.omu.edu.tr\/is-sagligi-ve-guvenligi-ders-icerikleri\/"]}]},{"@type":"BreadcrumbList","@id":"https:\/\/uzem.omu.edu.tr\/is-sagligi-ve-guvenligi-ders-icerikleri\/#breadcrumb","itemListElement":[{"@type":"ListItem","position":1,"name":"Home","item":"https:\/\/uzem.omu.edu.tr\/"},{"@type":"ListItem","position":2,"name":"\u0130\u015f Sa\u011fl\u0131\u011f\u0131 ve G\u00fcvenli\u011fi | Ders \u0130\u00e7erikleri"}]}]}},"_links":{"self":[{"href":"https:\/\/uzem.omu.edu.tr\/en\/wp-json\/wp\/v2\/pages\/15992"}],"collection":[{"href":"https:\/\/uzem.omu.edu.tr\/en\/wp-json\/wp\/v2\/pages"}],"about":[{"href":"https:\/\/uzem.omu.edu.tr\/en\/wp-json\/wp\/v2\/types\/page"}],"author":[{"embeddable":true,"href":"https:\/\/uzem.omu.edu.tr\/en\/wp-json\/wp\/v2\/users\/11"}],"replies":[{"embeddable":true,"href":"https:\/\/uzem.omu.edu.tr\/en\/wp-json\/wp\/v2\/comments?post=15992"}],"version-history":[{"count":23,"href":"https:\/\/uzem.omu.edu.tr\/en\/wp-json\/wp\/v2\/pages\/15992\/revisions"}],"predecessor-version":[{"id":27489,"href":"https:\/\/uzem.omu.edu.tr\/en\/wp-json\/wp\/v2\/pages\/15992\/revisions\/27489"}],"wp:attachment":[{"href":"https:\/\/uzem.omu.edu.tr\/en\/wp-json\/wp\/v2\/media?parent=15992"}],"curies":[{"name":"wp","href":"https:\/\/api.w.org\/{rel}","templated":true}]}}