{"id":15182,"date":"2017-01-30T10:41:39","date_gmt":"2017-01-30T07:41:39","guid":{"rendered":"https:\/\/uzem.omu.edu.tr\/?page_id=15182"},"modified":"2023-08-29T13:47:27","modified_gmt":"2023-08-29T10:47:27","slug":"matematik-ders-icerikleri-2","status":"publish","type":"page","link":"https:\/\/uzem.omu.edu.tr\/en\/matematik-ders-icerikleri-2\/","title":{"rendered":"Matematik | Ders \u0130\u00e7erikleri"},"content":{"rendered":"<p>[vc_row css=&#8221;.vc_custom_1427462343642{margin-top: -5px !important;margin-left: 0px !important;padding-left: 0px !important;}&#8221;][vc_column width=&#8221;3\/4&#8243; css=&#8221;.vc_custom_1485958701471{margin-top: 5px !important;margin-right: 0px !important;margin-left: 0px !important;padding-right: 0px !important;padding-left: 0px !important;}&#8221;][vc_row_inner][vc_column_inner css=&#8221;.vc_custom_1630916109882{margin-bottom: 0px !important;padding-right: 0px !important;padding-bottom: 0px !important;padding-left: 0px !important;}&#8221;][vc_widget_sidebar sidebar_id=&#8221;generated_sidebar-matematik-ust-menu&#8221;][\/vc_column_inner][\/vc_row_inner][vc_column_text el_class=&#8221;menu-basligi&#8221;]<strong>Ders \u0130\u00e7erikleri<\/strong>[\/vc_column_text][vc_column_text el_class=&#8221;menu-basligi&#8221;]<strong>I.\u00a0YARIYIL DERSLER\u0130<\/strong>[\/vc_column_text][vc_column_text el_class=&#8221;ders-tablosu&#8221; css=&#8221;.vc_custom_1674456446467{margin-top: -10px !important;padding-top: -10px !important;}&#8221;]<\/p>\n<table width=\"468\">\n<tbody>\n<tr>\n<td width=\"52\">Kodu<\/td>\n<td width=\"143\">Ders Ad\u0131<\/td>\n<td width=\"56\">D + U + L<\/td>\n<td width=\"49\">Z \/ S<\/td>\n<td width=\"168\">\u00d6\u011fretim \u00dcyesi<\/td>\n<\/tr>\n<tr>\n<td>UFMA601<\/td>\n<td>Cebir I<\/td>\n<td>3 + 0 + 3<\/td>\n<td>Zorunlu<\/td>\n<td>Prof. Dr. \u015eenol EREN<br \/>\nDr. \u00d6\u011fr. \u00dcyesi Abdullah DERTL\u0130<\/td>\n<\/tr>\n<tr>\n<td>UFMA609<\/td>\n<td>Diferansiyel Geometri I<\/td>\n<td>3 + 0 + 3<\/td>\n<td>Zorunlu<\/td>\n<td>Prof. Dr. Emin KASAP<br \/>\nDo\u00e7. Dr. Ergin BAYRAM<\/td>\n<\/tr>\n<tr>\n<td>UFMA621<\/td>\n<td>Diferansiyel\u00a0Denklemler I<\/td>\n<td>3 + 0 + 3<\/td>\n<td>Zorunlu<\/td>\n<td>Do\u00e7. Dr. Fatma HIRA<\/td>\n<\/tr>\n<tr>\n<td>UFMA607<\/td>\n<td>Fonksiyonel Analiz I<\/td>\n<td>3 + 0 + 3<\/td>\n<td>Zorunlu<\/td>\n<td>Prof. Dr. Cenap DUYAR<\/td>\n<\/tr>\n<tr>\n<td>UFMA604<\/td>\n<td>Topoloji I<\/td>\n<td>3 + 0 + 3<\/td>\n<td>Zorunlu<\/td>\n<td>Prof. Dr. Servet K\u00dcT\u00dcK\u00c7\u00dc<\/td>\n<\/tr>\n<\/tbody>\n<\/table>\n<p>[\/vc_column_text][vc_column_text el_class=&#8221;menu-basligi&#8221;]<strong>II.\u00a0YARIYIL DERSLER\u0130<\/strong>[\/vc_column_text][vc_column_text el_class=&#8221;ders-tablosu&#8221; css=&#8221;.vc_custom_1693304791045{margin-top: -10px !important;padding-top: -10px !important;}&#8221;]<\/p>\n<table width=\"468\">\n<tbody>\n<tr>\n<td width=\"52\">Kodu<\/td>\n<td width=\"143\">Ders Ad\u0131<\/td>\n<td width=\"56\">D + U + L<\/td>\n<td width=\"49\">Z \/ S<\/td>\n<td width=\"168\">\u00d6\u011fretim \u00dcyesi<\/td>\n<\/tr>\n<tr>\n<td>UFMA602<\/td>\n<td>Cebir II<\/td>\n<td>3 + 0 + 3<\/td>\n<td>Zorunlu<\/td>\n<td>Prof. Dr. \u015eenol EREN<br \/>\nDr. \u00d6\u011fr. \u00dcyesi Abdullah DERTL\u0130<\/td>\n<\/tr>\n<tr>\n<td>UFMA610<\/td>\n<td>Diferansiyel Geometri II<\/td>\n<td>3 + 0 + 3<\/td>\n<td>Zorunlu<\/td>\n<td>Prof. Dr. Emin KASAP<br \/>\nDo\u00e7. Dr. Ergin BAYRAM<\/td>\n<\/tr>\n<tr>\n<td>UFMA622<\/td>\n<td>Diferansiyel\u00a0Denklemler II<\/td>\n<td>3 + 0 + 3<\/td>\n<td>Zorunlu<\/td>\n<td>Do\u00e7. Dr. Fatma HIRA<\/td>\n<\/tr>\n<tr>\n<td>UFMA608<\/td>\n<td>Fonksiyonel Analiz II<\/td>\n<td>3 + 0 + 3<\/td>\n<td>Zorunlu<\/td>\n<td>Prof. Dr. Cenap Duyar<\/td>\n<\/tr>\n<tr>\n<td>UFMA605<\/td>\n<td>Topoloji II<\/td>\n<td>3 + 0 + 3<\/td>\n<td>Zorunlu<\/td>\n<td>Prof. Dr. Servet K\u00fct\u00fckc\u00fc<\/td>\n<\/tr>\n<\/tbody>\n<\/table>\n<p>[\/vc_column_text][vc_column_text el_class=&#8221;menu-basligi&#8221;]<strong>III.\u00a0YARIYIL DERSLER\u0130<\/strong>[\/vc_column_text][vc_column_text el_class=&#8221;ders-tablosu&#8221; css=&#8221;.vc_custom_1693306046935{margin-top: -10px !important;padding-top: -10px !important;}&#8221;]<\/p>\n<table width=\"461\">\n<tbody>\n<tr>\n<td width=\"64\"><strong>Kodu<\/strong><\/td>\n<td width=\"108\"><strong>Ders Ad\u0131<\/strong><\/td>\n<td width=\"64\"><strong>Z \/ S<\/strong><\/td>\n<td width=\"225\"><strong>\u00d6\u011fretim \u00dcyesi<\/strong><\/td>\n<\/tr>\n<tr>\n<td rowspan=\"5\" width=\"64\">UFMA600<\/td>\n<td rowspan=\"5\">D\u00d6NEM PROJES\u0130<\/td>\n<td rowspan=\"5\" width=\"64\">Zorunlu<\/td>\n<td rowspan=\"5\" width=\"225\">Prof. Dr. Ayhan TUTAR<br \/>\nProf. Dr. \u0130lker ERYILMAZ<br \/>\nProf. Dr. Cenap DUYAR<br \/>\nProf. Dr. Servet K\u00fct\u00fckc\u00fc<br \/>\nDo\u00e7. Dr. Nihat Alt\u0131n\u0131\u015f\u0131k<br \/>\nDo\u00e7. Dr. Fatma G\u00fcler<br \/>\nDo\u00e7. Dr. Fatma H\u0131ra<br \/>\nDo\u00e7. Dr. Ergin BAYRAM<br \/>\nDr. \u00d6\u011fr. \u00dcyesi Mustafa YAPICI<\/td>\n<\/tr>\n<\/tbody>\n<\/table>\n<p>[\/vc_column_text][\/vc_column][vc_column width=&#8221;1\/4&#8243; css=&#8221;.vc_custom_1433423154519{margin-top: 20px !important;padding-right: 0px !important;}&#8221;][vc_widget_sidebar sidebar_id=&#8221;generated_sidebar-matematik-sidebar&#8221;][\/vc_column][\/vc_row]<\/p>\n","protected":false},"excerpt":{"rendered":"<p>[vc_row css=&#8221;.vc_custom_1427462343642{margin-top: -5px !important;margin-left: 0px !important;padding-left: 0px !important;}&#8221;][vc_column width=&#8221;3\/4&#8243; css=&#8221;.vc_custom_1485958701471{margin-top: 5px !important;margin-right: 0px !important;margin-left: 0px !important;padding-right: 0px !important;padding-left: 0px !important;}&#8221;][vc_row_inner][vc_column_inner css=&#8221;.vc_custom_1630916109882{margin-bottom: 0px !important;padding-right: 0px !important;padding-bottom: 0px !important;padding-left: 0px !important;}&#8221;][vc_widget_sidebar sidebar_id=&#8221;generated_sidebar-matematik-ust-menu&#8221;][\/vc_column_inner][\/vc_row_inner][vc_column_text el_class=&#8221;menu-basligi&#8221;]Ders \u0130\u00e7erikleri[\/vc_column_text][vc_column_text el_class=&#8221;menu-basligi&#8221;]I.\u00a0YARIYIL DERSLER\u0130[\/vc_column_text][vc_column_text el_class=&#8221;ders-tablosu&#8221; css=&#8221;.vc_custom_1674456446467{margin-top: -10px !important;padding-top: -10px !important;}&#8221;] Kodu Ders Ad\u0131 D + U + L Z \/ S \u00d6\u011fretim \u00dcyesi UFMA601 Cebir I 3 + 0 + 3 Zorunlu Prof. Dr. \u015eenol EREN Dr. \u00d6\u011fr. \u00dcyesi Abdullah DERTL\u0130 UFMA609 Diferansiyel Geometri I 3 + 0 + 3 Zorunlu Prof. Dr. Emin KASAP Do\u00e7. Dr. Ergin BAYRAM UFMA621 Diferansiyel\u00a0Denklemler I 3 + 0 + 3 Zorunlu Do\u00e7. Dr. Fatma HIRA UFMA607 Fonksiyonel Analiz I 3 + 0 + 3 Zorunlu Prof. Dr. Cenap DUYAR UFMA604 Topoloji I 3 + 0 + 3 Zorunlu Prof. Dr. Servet K\u00dcT\u00dcK\u00c7\u00dc [\/vc_column_text][vc_column_text el_class=&#8221;menu-basligi&#8221;]II.\u00a0YARIYIL DERSLER\u0130[\/vc_column_text][vc_column_text el_class=&#8221;ders-tablosu&#8221; css=&#8221;.vc_custom_1693304791045{margin-top: -10px !important;padding-top: -10px !important;}&#8221;] Kodu Ders Ad\u0131 D + U + L Z \/ S \u00d6\u011fretim \u00dcyesi UFMA602 Cebir II 3 + 0 + 3 Zorunlu Prof. Dr. \u015eenol EREN Dr. \u00d6\u011fr. \u00dcyesi Abdullah DERTL\u0130 UFMA610 Diferansiyel Geometri II 3 + 0 + 3 Zorunlu Prof. Dr. Emin KASAP Do\u00e7. Dr. Ergin BAYRAM UFMA622 Diferansiyel\u00a0Denklemler II 3 + 0 + 3 Zorunlu Do\u00e7. Dr. Fatma HIRA UFMA608 Fonksiyonel Analiz II 3 + 0 + 3 Zorunlu Prof. Dr. Cenap Duyar UFMA605 Topoloji II 3 + 0 + 3 Zorunlu Prof. Dr. Servet K\u00fct\u00fckc\u00fc [\/vc_column_text][vc_column_text el_class=&#8221;menu-basligi&#8221;]III.\u00a0YARIYIL DERSLER\u0130[\/vc_column_text][vc_column_text el_class=&#8221;ders-tablosu&#8221; css=&#8221;.vc_custom_1693306046935{margin-top: -10px !important;padding-top: -10px !important;}&#8221;] Kodu Ders Ad\u0131 Z \/ S \u00d6\u011fretim \u00dcyesi UFMA600 D\u00d6NEM PROJES\u0130 Zorunlu Prof. Dr. [&hellip;]<\/p>\n","protected":false},"author":11,"featured_media":0,"parent":0,"menu_order":0,"comment_status":"closed","ping_status":"closed","template":"","meta":[],"translation":{"provider":"WPGlobus","version":"2.12.2","language":"en","enabled_languages":["tr","en"],"languages":{"tr":{"title":true,"content":true,"excerpt":false},"en":{"title":false,"content":false,"excerpt":false}}},"yoast_head":"<!-- This site is optimized with the Yoast SEO plugin v17.4 - https:\/\/yoast.com\/wordpress\/plugins\/seo\/ -->\n<meta name=\"robots\" content=\"index, follow, max-snippet:-1, max-image-preview:large, max-video-preview:-1\" \/>\n<link rel=\"canonical\" href=\"https:\/\/uzem.omu.edu.tr\/matematik-ders-icerikleri-2\/\" \/>\n<meta property=\"og:locale\" content=\"en_US\" \/>\n<meta property=\"og:type\" content=\"article\" \/>\n<meta property=\"og:title\" content=\"Matematik | Ders \u0130\u00e7erikleri - OM\u00dc Uzaktan E\u011fitim Merkezi\" \/>\n<meta property=\"og:url\" content=\"https:\/\/uzem.omu.edu.tr\/matematik-ders-icerikleri-2\/\" \/>\n<meta property=\"og:site_name\" content=\"OM\u00dc Uzaktan E\u011fitim Merkezi\" \/>\n<meta property=\"article:publisher\" content=\"https:\/\/www.facebook.com\/omu.uzem\" \/>\n<meta property=\"article:modified_time\" content=\"2023-08-29T10:47:27+00:00\" \/>\n<meta name=\"twitter:card\" content=\"summary_large_image\" \/>\n<meta name=\"twitter:site\" content=\"@omuuzem\" \/>\n<meta name=\"twitter:label1\" content=\"Est. reading time\" \/>\n\t<meta name=\"twitter:data1\" content=\"2 minutes\" \/>\n<script type=\"application\/ld+json\" class=\"yoast-schema-graph\">{\"@context\":\"https:\/\/schema.org\",\"@graph\":[{\"@type\":\"Organization\",\"@id\":\"https:\/\/uzem.omu.edu.tr\/#organization\",\"name\":\"UZEM\",\"url\":\"https:\/\/uzem.omu.edu.tr\/\",\"sameAs\":[\"https:\/\/www.facebook.com\/omu.uzem\",\"https:\/\/www.instagram.com\/omu.uzem\/\",\"https:\/\/www.youtube.com\/channel\/UCQ6c_wjaGQcIvBKTbPrOe2A\",\"https:\/\/twitter.com\/omuuzem\"],\"logo\":{\"@type\":\"ImageObject\",\"@id\":\"https:\/\/uzem.omu.edu.tr\/#logo\",\"inLanguage\":\"en-US\",\"url\":\"https:\/\/uzem.omu.edu.tr\/wp-content\/uploads\/ulogo-1.png\",\"contentUrl\":\"https:\/\/uzem.omu.edu.tr\/wp-content\/uploads\/ulogo-1.png\",\"width\":364,\"height\":39,\"caption\":\"UZEM\"},\"image\":{\"@id\":\"https:\/\/uzem.omu.edu.tr\/#logo\"}},{\"@type\":\"WebSite\",\"@id\":\"https:\/\/uzem.omu.edu.tr\/#website\",\"url\":\"https:\/\/uzem.omu.edu.tr\/\",\"name\":\"OM\\u00dc Uzaktan E\\u011fitim Merkezi\",\"description\":\"&quot;F\\u0131rsatlar Sunar&quot;\",\"publisher\":{\"@id\":\"https:\/\/uzem.omu.edu.tr\/#organization\"},\"potentialAction\":[{\"@type\":\"SearchAction\",\"target\":{\"@type\":\"EntryPoint\",\"urlTemplate\":\"https:\/\/uzem.omu.edu.tr\/?s={search_term_string}\"},\"query-input\":\"required name=search_term_string\"}],\"inLanguage\":\"en-US\"},{\"@type\":\"WebPage\",\"@id\":\"https:\/\/uzem.omu.edu.tr\/matematik-ders-icerikleri-2\/#webpage\",\"url\":\"https:\/\/uzem.omu.edu.tr\/matematik-ders-icerikleri-2\/\",\"name\":\"Matematik | Ders \\u0130\\u00e7erikleri - OM\\u00dc Uzaktan E\\u011fitim Merkezi\",\"isPartOf\":{\"@id\":\"https:\/\/uzem.omu.edu.tr\/#website\"},\"datePublished\":\"2017-01-30T07:41:39+00:00\",\"dateModified\":\"2023-08-29T10:47:27+00:00\",\"breadcrumb\":{\"@id\":\"https:\/\/uzem.omu.edu.tr\/matematik-ders-icerikleri-2\/#breadcrumb\"},\"inLanguage\":\"en-US\",\"potentialAction\":[{\"@type\":\"ReadAction\",\"target\":[\"https:\/\/uzem.omu.edu.tr\/matematik-ders-icerikleri-2\/\"]}]},{\"@type\":\"BreadcrumbList\",\"@id\":\"https:\/\/uzem.omu.edu.tr\/matematik-ders-icerikleri-2\/#breadcrumb\",\"itemListElement\":[{\"@type\":\"ListItem\",\"position\":1,\"name\":\"Home\",\"item\":\"https:\/\/uzem.omu.edu.tr\/\"},{\"@type\":\"ListItem\",\"position\":2,\"name\":\"Matematik | Ders \\u0130\\u00e7erikleri\"}]}]}<\/script>\n<!-- \/ Yoast SEO plugin. -->","yoast_head_json":{"robots":{"index":"index","follow":"follow","max-snippet":"max-snippet:-1","max-image-preview":"max-image-preview:large","max-video-preview":"max-video-preview:-1"},"canonical":"https:\/\/uzem.omu.edu.tr\/matematik-ders-icerikleri-2\/","og_locale":"en_US","og_type":"article","og_title":"Matematik | Ders \u0130\u00e7erikleri - OM\u00dc Uzaktan E\u011fitim Merkezi","og_url":"https:\/\/uzem.omu.edu.tr\/matematik-ders-icerikleri-2\/","og_site_name":"OM\u00dc Uzaktan E\u011fitim Merkezi","article_publisher":"https:\/\/www.facebook.com\/omu.uzem","article_modified_time":"2023-08-29T10:47:27+00:00","twitter_card":"summary_large_image","twitter_site":"@omuuzem","twitter_misc":{"Est. reading time":"2 minutes"},"schema":{"@context":"https:\/\/schema.org","@graph":[{"@type":"Organization","@id":"https:\/\/uzem.omu.edu.tr\/#organization","name":"UZEM","url":"https:\/\/uzem.omu.edu.tr\/","sameAs":["https:\/\/www.facebook.com\/omu.uzem","https:\/\/www.instagram.com\/omu.uzem\/","https:\/\/www.youtube.com\/channel\/UCQ6c_wjaGQcIvBKTbPrOe2A","https:\/\/twitter.com\/omuuzem"],"logo":{"@type":"ImageObject","@id":"https:\/\/uzem.omu.edu.tr\/#logo","inLanguage":"en-US","url":"https:\/\/uzem.omu.edu.tr\/wp-content\/uploads\/ulogo-1.png","contentUrl":"https:\/\/uzem.omu.edu.tr\/wp-content\/uploads\/ulogo-1.png","width":364,"height":39,"caption":"UZEM"},"image":{"@id":"https:\/\/uzem.omu.edu.tr\/#logo"}},{"@type":"WebSite","@id":"https:\/\/uzem.omu.edu.tr\/#website","url":"https:\/\/uzem.omu.edu.tr\/","name":"OM\u00dc Uzaktan E\u011fitim Merkezi","description":"&quot;F\u0131rsatlar Sunar&quot;","publisher":{"@id":"https:\/\/uzem.omu.edu.tr\/#organization"},"potentialAction":[{"@type":"SearchAction","target":{"@type":"EntryPoint","urlTemplate":"https:\/\/uzem.omu.edu.tr\/?s={search_term_string}"},"query-input":"required name=search_term_string"}],"inLanguage":"en-US"},{"@type":"WebPage","@id":"https:\/\/uzem.omu.edu.tr\/matematik-ders-icerikleri-2\/#webpage","url":"https:\/\/uzem.omu.edu.tr\/matematik-ders-icerikleri-2\/","name":"Matematik | Ders \u0130\u00e7erikleri - OM\u00dc Uzaktan E\u011fitim Merkezi","isPartOf":{"@id":"https:\/\/uzem.omu.edu.tr\/#website"},"datePublished":"2017-01-30T07:41:39+00:00","dateModified":"2023-08-29T10:47:27+00:00","breadcrumb":{"@id":"https:\/\/uzem.omu.edu.tr\/matematik-ders-icerikleri-2\/#breadcrumb"},"inLanguage":"en-US","potentialAction":[{"@type":"ReadAction","target":["https:\/\/uzem.omu.edu.tr\/matematik-ders-icerikleri-2\/"]}]},{"@type":"BreadcrumbList","@id":"https:\/\/uzem.omu.edu.tr\/matematik-ders-icerikleri-2\/#breadcrumb","itemListElement":[{"@type":"ListItem","position":1,"name":"Home","item":"https:\/\/uzem.omu.edu.tr\/"},{"@type":"ListItem","position":2,"name":"Matematik | Ders \u0130\u00e7erikleri"}]}]}},"_links":{"self":[{"href":"https:\/\/uzem.omu.edu.tr\/en\/wp-json\/wp\/v2\/pages\/15182"}],"collection":[{"href":"https:\/\/uzem.omu.edu.tr\/en\/wp-json\/wp\/v2\/pages"}],"about":[{"href":"https:\/\/uzem.omu.edu.tr\/en\/wp-json\/wp\/v2\/types\/page"}],"author":[{"embeddable":true,"href":"https:\/\/uzem.omu.edu.tr\/en\/wp-json\/wp\/v2\/users\/11"}],"replies":[{"embeddable":true,"href":"https:\/\/uzem.omu.edu.tr\/en\/wp-json\/wp\/v2\/comments?post=15182"}],"version-history":[{"count":20,"href":"https:\/\/uzem.omu.edu.tr\/en\/wp-json\/wp\/v2\/pages\/15182\/revisions"}],"predecessor-version":[{"id":25191,"href":"https:\/\/uzem.omu.edu.tr\/en\/wp-json\/wp\/v2\/pages\/15182\/revisions\/25191"}],"wp:attachment":[{"href":"https:\/\/uzem.omu.edu.tr\/en\/wp-json\/wp\/v2\/media?parent=15182"}],"curies":[{"name":"wp","href":"https:\/\/api.w.org\/{rel}","templated":true}]}}