{"id":1509,"date":"2016-03-09T13:47:11","date_gmt":"2016-03-09T10:47:11","guid":{"rendered":"https:\/\/uzem.omu.edu.tr\/?page_id=1509"},"modified":"2021-06-30T12:05:05","modified_gmt":"2021-06-30T09:05:05","slug":"ortak-dersler-akademik-takvim","status":"publish","type":"page","link":"https:\/\/uzem.omu.edu.tr\/en\/ortak-dersler-akademik-takvim\/","title":{"rendered":"Ortak Dersler | Akademik Takvim"},"content":{"rendered":"<p>[vc_row bg_type=&#8221;no_bg&#8221; css=&#8221;.vc_custom_1447075283990{margin-top: -5px !important;margin-left: 0px !important;padding-left: 0px !important;}&#8221;][vc_column width=&#8221;3\/4&#8243; css=&#8221;.vc_custom_1450342406251{margin-top: 5px !important;margin-right: 0px !important;margin-bottom: 0px !important;padding-right: 0px !important;padding-bottom: 0px !important;padding-left: 0px !important;}&#8221;][vc_row_inner][vc_column_inner css=&#8221;.vc_custom_1450342461499{margin-bottom: -30px !important;padding-right: 0px !important;padding-left: 0px !important;}&#8221;][vc_widget_sidebar sidebar_id=&#8221;generated_sidebar-ortak-dersler-ust-menu&#8221;][\/vc_column_inner][\/vc_row_inner][vc_message icon_fontawesome=&#8221;&#8221; css=&#8221;.vc_custom_1625043856420{margin-top: 15px !important;padding-top: 15px !important;}&#8221;]B\u00f6l\u00fcm S\u0131navlar\u0131 i\u00e7in <a href=\"https:\/\/uzem.omu.edu.tr\/ortak-dersler-sinavlar\/\" target=\"_blank\" rel=\"noopener\"><strong>t\u0131klay\u0131n\u0131z<\/strong><\/a>. \u00d6\u011frencilerimizin s\u0131nav tarihlerini g\u00f6zeterek, s\u0131navlar ba\u015flamadan belirli zaman aral\u0131klar\u0131nda <a href=\"https:\/\/sinav.omu.edu.tr\/student\/session\/new\" target=\"_blank\" rel=\"noopener noreferrer\">s\u0131nav sistemini<\/a> (profillerini) kontrol etmeleri gerekmektedir.[\/vc_message][vc_column_text el_class=&#8221;ders-tablosu&#8221;][\/vc_column_text][vc_message message_box_color=&#8221;juicy_pink&#8221; icon_fontawesome=&#8221;fas fa-braille&#8221;]<\/p>\n<p style=\"text-align: justify;\">Ortak Dersler B\u00f6l\u00fcm Ba\u015fkanl\u0131\u011f\u0131 312 19 19 Dahili 5932<br \/>\n<a href=\"mailto:ortak.dersler@omu.edu.tr\">ortak.dersler@omu.edu.tr<\/a><\/p>\n<p>[\/vc_message][vc_message icon_fontawesome=&#8221;fa fa-bell-o&#8221;]<\/p>\n<p style=\"text-align: justify;\">UZEM\u00a0 \u00d6\u011frencileri s\u0131navlardan bir hafta \u00f6nce UZEM internet sayfas\u0131n\u0131 takip etmelidir.<\/p>\n<p style=\"text-align: justify;\">Kurupelit Kamp\u00fcs\u00fcnde s\u0131nava girecek UZEM \u00f6\u011frencileri s\u0131nava girmeden birka\u00e7 g\u00fcn \u00f6nce s\u0131nava giri\u015f belgelerini internet \u00fczerinden alacakt\u0131r.<\/p>\n<p style=\"text-align: justify;\">\u00d6\u011frencilerimiz s\u0131nava cep telefonu getirmeyecekler ve kimlikleri yanlar\u0131nda olacakt\u0131r.<\/p>\n<p>[\/vc_message][\/vc_column][vc_column width=&#8221;1\/4&#8243; css=&#8221;.vc_custom_1433425772320{margin-top: 20px !important;padding-right: 0px !important;}&#8221;][vc_widget_sidebar sidebar_id=&#8221;generated_sidebar-ortak-dersler&#8221;][\/vc_column][\/vc_row][vc_row][vc_column width=&#8221;1\/2&#8243;][vc_column_text]<br \/>\n[\/vc_column_text][\/vc_column][vc_column width=&#8221;1\/2&#8243;][vc_column_text]<br \/>\n[\/vc_column_text][\/vc_column][\/vc_row]<\/p>\n","protected":false},"excerpt":{"rendered":"<p>[vc_row bg_type=&#8221;no_bg&#8221; css=&#8221;.vc_custom_1447075283990{margin-top: -5px !important;margin-left: 0px !important;padding-left: 0px !important;}&#8221;][vc_column width=&#8221;3\/4&#8243; css=&#8221;.vc_custom_1450342406251{margin-top: 5px !important;margin-right: 0px !important;margin-bottom: 0px !important;padding-right: 0px !important;padding-bottom: 0px !important;padding-left: 0px !important;}&#8221;][vc_row_inner][vc_column_inner css=&#8221;.vc_custom_1450342461499{margin-bottom: -30px !important;padding-right: 0px !important;padding-left: 0px !important;}&#8221;][vc_widget_sidebar sidebar_id=&#8221;generated_sidebar-ortak-dersler-ust-menu&#8221;][\/vc_column_inner][\/vc_row_inner][vc_message icon_fontawesome=&#8221;&#8221; css=&#8221;.vc_custom_1625043856420{margin-top: 15px !important;padding-top: 15px !important;}&#8221;]B\u00f6l\u00fcm S\u0131navlar\u0131 i\u00e7in t\u0131klay\u0131n\u0131z. \u00d6\u011frencilerimizin s\u0131nav tarihlerini g\u00f6zeterek, s\u0131navlar ba\u015flamadan belirli zaman aral\u0131klar\u0131nda s\u0131nav sistemini (profillerini) kontrol etmeleri gerekmektedir.[\/vc_message][vc_column_text el_class=&#8221;ders-tablosu&#8221;][\/vc_column_text][vc_message message_box_color=&#8221;juicy_pink&#8221; icon_fontawesome=&#8221;fas fa-braille&#8221;] Ortak Dersler B\u00f6l\u00fcm Ba\u015fkanl\u0131\u011f\u0131 312 19 19 Dahili 5932 ortak.dersler@omu.edu.tr [\/vc_message][vc_message icon_fontawesome=&#8221;fa fa-bell-o&#8221;] UZEM\u00a0 \u00d6\u011frencileri s\u0131navlardan bir hafta \u00f6nce UZEM internet sayfas\u0131n\u0131 takip etmelidir. Kurupelit Kamp\u00fcs\u00fcnde s\u0131nava girecek UZEM \u00f6\u011frencileri s\u0131nava girmeden birka\u00e7 g\u00fcn \u00f6nce s\u0131nava giri\u015f belgelerini internet \u00fczerinden alacakt\u0131r. \u00d6\u011frencilerimiz s\u0131nava cep telefonu getirmeyecekler ve kimlikleri yanlar\u0131nda olacakt\u0131r. [\/vc_message][\/vc_column][vc_column width=&#8221;1\/4&#8243; css=&#8221;.vc_custom_1433425772320{margin-top: 20px !important;padding-right: 0px !important;}&#8221;][vc_widget_sidebar sidebar_id=&#8221;generated_sidebar-ortak-dersler&#8221;][\/vc_column][\/vc_row][vc_row][vc_column width=&#8221;1\/2&#8243;][vc_column_text] [\/vc_column_text][\/vc_column][vc_column width=&#8221;1\/2&#8243;][vc_column_text] [\/vc_column_text][\/vc_column][\/vc_row]<\/p>\n","protected":false},"author":5,"featured_media":0,"parent":0,"menu_order":0,"comment_status":"closed","ping_status":"closed","template":"","meta":[],"translation":{"provider":"WPGlobus","version":"2.12.2","language":"en","enabled_languages":["tr","en"],"languages":{"tr":{"title":true,"content":true,"excerpt":false},"en":{"title":false,"content":false,"excerpt":false}}},"yoast_head":"<!-- This site is optimized with the Yoast SEO plugin v17.4 - https:\/\/yoast.com\/wordpress\/plugins\/seo\/ -->\n<meta name=\"robots\" content=\"index, follow, max-snippet:-1, max-image-preview:large, max-video-preview:-1\" \/>\n<link rel=\"canonical\" href=\"https:\/\/uzem.omu.edu.tr\/ortak-dersler-akademik-takvim\/\" \/>\n<meta property=\"og:locale\" content=\"en_US\" \/>\n<meta property=\"og:type\" content=\"article\" \/>\n<meta property=\"og:title\" content=\"Ortak Dersler | Akademik Takvim - OM\u00dc Uzaktan E\u011fitim Merkezi\" \/>\n<meta property=\"og:url\" content=\"https:\/\/uzem.omu.edu.tr\/ortak-dersler-akademik-takvim\/\" \/>\n<meta property=\"og:site_name\" content=\"OM\u00dc Uzaktan E\u011fitim Merkezi\" \/>\n<meta property=\"article:publisher\" content=\"https:\/\/www.facebook.com\/omu.uzem\" \/>\n<meta property=\"article:modified_time\" content=\"2021-06-30T09:05:05+00:00\" \/>\n<meta name=\"twitter:card\" content=\"summary_large_image\" \/>\n<meta name=\"twitter:site\" content=\"@omuuzem\" \/>\n<meta name=\"twitter:label1\" content=\"Est. reading time\" \/>\n\t<meta name=\"twitter:data1\" content=\"1 minute\" \/>\n<script type=\"application\/ld+json\" class=\"yoast-schema-graph\">{\"@context\":\"https:\/\/schema.org\",\"@graph\":[{\"@type\":\"Organization\",\"@id\":\"https:\/\/uzem.omu.edu.tr\/#organization\",\"name\":\"UZEM\",\"url\":\"https:\/\/uzem.omu.edu.tr\/\",\"sameAs\":[\"https:\/\/www.facebook.com\/omu.uzem\",\"https:\/\/www.instagram.com\/omu.uzem\/\",\"https:\/\/www.youtube.com\/channel\/UCQ6c_wjaGQcIvBKTbPrOe2A\",\"https:\/\/twitter.com\/omuuzem\"],\"logo\":{\"@type\":\"ImageObject\",\"@id\":\"https:\/\/uzem.omu.edu.tr\/#logo\",\"inLanguage\":\"en-US\",\"url\":\"https:\/\/uzem.omu.edu.tr\/wp-content\/uploads\/ulogo-1.png\",\"contentUrl\":\"https:\/\/uzem.omu.edu.tr\/wp-content\/uploads\/ulogo-1.png\",\"width\":364,\"height\":39,\"caption\":\"UZEM\"},\"image\":{\"@id\":\"https:\/\/uzem.omu.edu.tr\/#logo\"}},{\"@type\":\"WebSite\",\"@id\":\"https:\/\/uzem.omu.edu.tr\/#website\",\"url\":\"https:\/\/uzem.omu.edu.tr\/\",\"name\":\"OM\\u00dc Uzaktan E\\u011fitim Merkezi\",\"description\":\"&quot;F\\u0131rsatlar Sunar&quot;\",\"publisher\":{\"@id\":\"https:\/\/uzem.omu.edu.tr\/#organization\"},\"potentialAction\":[{\"@type\":\"SearchAction\",\"target\":{\"@type\":\"EntryPoint\",\"urlTemplate\":\"https:\/\/uzem.omu.edu.tr\/?s={search_term_string}\"},\"query-input\":\"required name=search_term_string\"}],\"inLanguage\":\"en-US\"},{\"@type\":\"WebPage\",\"@id\":\"https:\/\/uzem.omu.edu.tr\/ortak-dersler-akademik-takvim\/#webpage\",\"url\":\"https:\/\/uzem.omu.edu.tr\/ortak-dersler-akademik-takvim\/\",\"name\":\"Ortak Dersler | Akademik Takvim - OM\\u00dc Uzaktan E\\u011fitim Merkezi\",\"isPartOf\":{\"@id\":\"https:\/\/uzem.omu.edu.tr\/#website\"},\"datePublished\":\"2016-03-09T10:47:11+00:00\",\"dateModified\":\"2021-06-30T09:05:05+00:00\",\"breadcrumb\":{\"@id\":\"https:\/\/uzem.omu.edu.tr\/ortak-dersler-akademik-takvim\/#breadcrumb\"},\"inLanguage\":\"en-US\",\"potentialAction\":[{\"@type\":\"ReadAction\",\"target\":[\"https:\/\/uzem.omu.edu.tr\/ortak-dersler-akademik-takvim\/\"]}]},{\"@type\":\"BreadcrumbList\",\"@id\":\"https:\/\/uzem.omu.edu.tr\/ortak-dersler-akademik-takvim\/#breadcrumb\",\"itemListElement\":[{\"@type\":\"ListItem\",\"position\":1,\"name\":\"Home\",\"item\":\"https:\/\/uzem.omu.edu.tr\/\"},{\"@type\":\"ListItem\",\"position\":2,\"name\":\"Ortak Dersler | Akademik Takvim\"}]}]}<\/script>\n<!-- \/ Yoast SEO plugin. -->","yoast_head_json":{"robots":{"index":"index","follow":"follow","max-snippet":"max-snippet:-1","max-image-preview":"max-image-preview:large","max-video-preview":"max-video-preview:-1"},"canonical":"https:\/\/uzem.omu.edu.tr\/ortak-dersler-akademik-takvim\/","og_locale":"en_US","og_type":"article","og_title":"Ortak Dersler | Akademik Takvim - OM\u00dc Uzaktan E\u011fitim Merkezi","og_url":"https:\/\/uzem.omu.edu.tr\/ortak-dersler-akademik-takvim\/","og_site_name":"OM\u00dc Uzaktan E\u011fitim Merkezi","article_publisher":"https:\/\/www.facebook.com\/omu.uzem","article_modified_time":"2021-06-30T09:05:05+00:00","twitter_card":"summary_large_image","twitter_site":"@omuuzem","twitter_misc":{"Est. reading time":"1 minute"},"schema":{"@context":"https:\/\/schema.org","@graph":[{"@type":"Organization","@id":"https:\/\/uzem.omu.edu.tr\/#organization","name":"UZEM","url":"https:\/\/uzem.omu.edu.tr\/","sameAs":["https:\/\/www.facebook.com\/omu.uzem","https:\/\/www.instagram.com\/omu.uzem\/","https:\/\/www.youtube.com\/channel\/UCQ6c_wjaGQcIvBKTbPrOe2A","https:\/\/twitter.com\/omuuzem"],"logo":{"@type":"ImageObject","@id":"https:\/\/uzem.omu.edu.tr\/#logo","inLanguage":"en-US","url":"https:\/\/uzem.omu.edu.tr\/wp-content\/uploads\/ulogo-1.png","contentUrl":"https:\/\/uzem.omu.edu.tr\/wp-content\/uploads\/ulogo-1.png","width":364,"height":39,"caption":"UZEM"},"image":{"@id":"https:\/\/uzem.omu.edu.tr\/#logo"}},{"@type":"WebSite","@id":"https:\/\/uzem.omu.edu.tr\/#website","url":"https:\/\/uzem.omu.edu.tr\/","name":"OM\u00dc Uzaktan E\u011fitim Merkezi","description":"&quot;F\u0131rsatlar Sunar&quot;","publisher":{"@id":"https:\/\/uzem.omu.edu.tr\/#organization"},"potentialAction":[{"@type":"SearchAction","target":{"@type":"EntryPoint","urlTemplate":"https:\/\/uzem.omu.edu.tr\/?s={search_term_string}"},"query-input":"required name=search_term_string"}],"inLanguage":"en-US"},{"@type":"WebPage","@id":"https:\/\/uzem.omu.edu.tr\/ortak-dersler-akademik-takvim\/#webpage","url":"https:\/\/uzem.omu.edu.tr\/ortak-dersler-akademik-takvim\/","name":"Ortak Dersler | Akademik Takvim - OM\u00dc Uzaktan E\u011fitim Merkezi","isPartOf":{"@id":"https:\/\/uzem.omu.edu.tr\/#website"},"datePublished":"2016-03-09T10:47:11+00:00","dateModified":"2021-06-30T09:05:05+00:00","breadcrumb":{"@id":"https:\/\/uzem.omu.edu.tr\/ortak-dersler-akademik-takvim\/#breadcrumb"},"inLanguage":"en-US","potentialAction":[{"@type":"ReadAction","target":["https:\/\/uzem.omu.edu.tr\/ortak-dersler-akademik-takvim\/"]}]},{"@type":"BreadcrumbList","@id":"https:\/\/uzem.omu.edu.tr\/ortak-dersler-akademik-takvim\/#breadcrumb","itemListElement":[{"@type":"ListItem","position":1,"name":"Home","item":"https:\/\/uzem.omu.edu.tr\/"},{"@type":"ListItem","position":2,"name":"Ortak Dersler | Akademik Takvim"}]}]}},"_links":{"self":[{"href":"https:\/\/uzem.omu.edu.tr\/en\/wp-json\/wp\/v2\/pages\/1509"}],"collection":[{"href":"https:\/\/uzem.omu.edu.tr\/en\/wp-json\/wp\/v2\/pages"}],"about":[{"href":"https:\/\/uzem.omu.edu.tr\/en\/wp-json\/wp\/v2\/types\/page"}],"author":[{"embeddable":true,"href":"https:\/\/uzem.omu.edu.tr\/en\/wp-json\/wp\/v2\/users\/5"}],"replies":[{"embeddable":true,"href":"https:\/\/uzem.omu.edu.tr\/en\/wp-json\/wp\/v2\/comments?post=1509"}],"version-history":[{"count":35,"href":"https:\/\/uzem.omu.edu.tr\/en\/wp-json\/wp\/v2\/pages\/1509\/revisions"}],"predecessor-version":[{"id":22266,"href":"https:\/\/uzem.omu.edu.tr\/en\/wp-json\/wp\/v2\/pages\/1509\/revisions\/22266"}],"wp:attachment":[{"href":"https:\/\/uzem.omu.edu.tr\/en\/wp-json\/wp\/v2\/media?parent=1509"}],"curies":[{"name":"wp","href":"https:\/\/api.w.org\/{rel}","templated":true}]}}