{"id":1505,"date":"2015-05-08T13:45:59","date_gmt":"2015-05-08T13:45:59","guid":{"rendered":"https:\/\/uzem.omu.edu.tr\/?page_id=1505"},"modified":"2025-09-24T15:02:20","modified_gmt":"2025-09-24T12:02:20","slug":"ilahiyat-lisans-tamamlama-kayit-ve-bilgi","status":"publish","type":"page","link":"https:\/\/uzem.omu.edu.tr\/en\/ilahiyat-lisans-tamamlama-kayit-ve-bilgi\/","title":{"rendered":"\u0130lahiyat Lisans Tamamlama (\u0130L\u0130TAM) | Kay\u0131t ve Bilgi"},"content":{"rendered":"<p>[vc_row css=&#8221;.vc_custom_1427462343642{margin-top: -5px !important;margin-left: 0px !important;padding-left: 0px !important;}&#8221;][vc_column width=&#8221;3\/4&#8243; css=&#8221;.vc_custom_1450337640836{margin-top: 5px !important;margin-right: 0px !important;padding-right: 0px !important;padding-left: 0px !important;}&#8221;][vc_row_inner][vc_column_inner css=&#8221;.vc_custom_1450337653202{margin-bottom: 5px !important;padding-right: 0px !important;padding-left: 0px !important;}&#8221;][vc_widget_sidebar sidebar_id=&#8221;generated_sidebar-ilitam-ust-menu&#8221;][\/vc_column_inner][\/vc_row_inner][vc_row_inner][vc_column_inner width=&#8221;9\/12&#8243; css=&#8221;.vc_custom_1435824487660{padding-right: 0px !important;padding-left: 0px !important;}&#8221;][vc_column_text el_class=&#8221;menu-basligi&#8221;]<\/p>\n<p><strong>KAYIT VE B\u0130LG\u0130<\/strong><\/p>\n<p>[\/vc_column_text][\/vc_column_inner][vc_column_inner width=&#8221;3\/12&#8243; css=&#8221;.vc_custom_1435824492547{padding-right: 0px !important;padding-left: 0px !important;}&#8221;]<div class=\" ubtn-ctn-left aday-btn\"><a class=\"ubtn-link ult-adjust-bottom-margin ubtn-left ubtn-block aday-btn\" href=\"\/uzemde-kayitlar-basladi\/\" title=\"Aday \u00d6\u011frenci \u0130\u015flemleri\" ><button type=\"button\" id=\"ubtn-8731\"  class=\"ubtn ult-adjust-bottom-margin ult-responsive ubtn-block ubtn-no-hover-bg  none  ubtn-sep-icon ubtn-sep-icon-top-push  ubtn-left   tooltip-69fe046d7bb87 ubtn-block\"  data-hover=\"\" data-border-color=\"\" data-bg=\"#c41435\" data-hover-bg=\"#00c1cf\" data-border-hover=\"\" data-shadow-hover=\"\" data-shadow-click=\"none\" data-shadow=\"\" data-shd-shadow=\"\"  data-ultimate-target='#ubtn-8731'  data-responsive-json-new='{\"font-size\":\"\",\"line-height\":\"\"}'  style=\"font-weight:normal;border:none;background: #c41435;color: #ffffff;\"><span class=\"ubtn-data ubtn-icon\"><i class=\"Defaults-floppy-o\" style=\"font-size:32px;color:;\"><\/i><\/span><span class=\"ubtn-hover\" style=\"background-color:#00c1cf\"><\/span><span class=\"ubtn-data ubtn-text \" >Aday \u00d6\u011frenci \u0130\u015flemleri<\/span><\/button><\/a><\/div>[\/vc_column_inner][\/vc_row_inner]<div class=\"cq-draggable-container basvuru-sureci\" data-draggingbarbgcolor=\"rgba(0, 0, 0, 0.5)\" data-defaultbarbgcolor=\"\" data-avatarstyle=\"text\" data-activeiconcolor=\"\" data-autoplay=\"no\" data-autoplayspeed=\"\" data-labelcolor=\"\" data-dragbuttonwidth=\"\" data-contaienrwidth=\"\"><div class=\"cq-draggable-slider\"><div class=\"cq-draggable-stripe\"><div class=\"cq-draggable-handle\"><div class=\"cq-infobox blue\"><div class=\"cq-titlecontainer\"><div class=\"cq-titlebar\">Ba\u015fvuru \u0130\u00e7in \u00d6n Ko\u015fullar<\/div><div class=\"cq-titlebar\">Tercih ve Yerle\u015ftirme<\/div><div class=\"cq-titlebar\">Evraklar Teslimi<\/div><div class=\"cq-titlebar\">E\u011fitim ve S\u00fcre\u00e7<\/div><\/div><div class=\"cq-innerbox\"><div class=\"cq-carouselcontainer\"><div class=\"cq-carouselcontent\">\u0130lahiyat \u00f6nlisans program\u0131ndan mezun olun\n<\/div><div class=\"cq-carouselcontent\">DGS s\u0131nav\u0131na girip puan\u0131n\u0131z\u0131 al\u0131n ve tercih d\u00f6neminde UZEM \u0130L\u0130TAM program\u0131n\u0131 tercih edin.<br \/>\nOM\u00dc \u0130lahiyat fak\u00fcltesi <a href=\"http:\/\/ilahiyat.omu.edu.tr\/\" target=\"_blank\" rel=\"noopener noreferrer\">internet sitesinden<\/a> yerle\u015ftirme sonu\u00e7lar\u0131n\u0131 kontrol edin.\n<\/div><div class=\"cq-carouselcontent\">Programa yerle\u015ftiyseniz har\u00e7 \u00f6demenizi yap\u0131p gerekli evraklar\u0131 OM\u00dc \u00d6\u011frenci \u0130\u015flerine teslim edin.<br \/>\nGerekli evraklar;<br \/>\n&#8211; \u00d6n lisans diplomas\u0131 veya ge\u00e7ici mezuniyet belgesi<br \/>\n&#8211; N\u00fcfus c\u00fczdan\u0131 fotokopisi<br \/>\n&#8211; 4 foto\u011fraf<br \/>\n&#8211; \u00d6deme dekontu\n<\/div><div class=\"cq-carouselcontent\">E\u011fitime ba\u015flay\u0131n.<br \/>\nE\u011fitimler ba\u015flad\u0131\u011f\u0131 zaman UZEM internet sitesinde ders sistemi hakk\u0131nda bilgiler yay\u0131nlanacakt\u0131r.\n<p><\/div><\/div><\/div><\/div><div class=\"cq-menu-square\">\n                            <span class=\"value\"><\/span>\n                            <span class=\"cq-menu-line\"><\/span>\n                            <span class=\"cq-menu-line\"><\/span>\n                            <span class=\"cq-menu-line\"><\/span>\n                      <\/div><\/div><\/div><div class=\"cq-barcontainer\"><div class=\"cq-highlight-container text\"><span class=\"cq-highlight-label\">1. Ad\u0131m<\/span><\/div><div class=\"cq-highlight-container text\"><span class=\"cq-highlight-label\">2. Ad\u0131m<\/span><\/div><div class=\"cq-highlight-container text\"><span class=\"cq-highlight-label\">3. Ad\u0131m<\/span><\/div><div class=\"cq-highlight-container text\"><span class=\"cq-highlight-label\">4. Ad\u0131m<\/span><\/div><\/div><\/div><\/div>[vc_column_text]<\/p>\n<h1>Program\u0131n Amac\u0131 Nedir?<\/h1>\n<p>Program\u0131n amac\u0131; \u0130lahiyat \u00f6nlisans derecesine sahip ki\u015filere, ilahiyat lisans d\u00fczeyine ula\u015fabilmeleri i\u00e7in uzaktan e\u011fitim imk\u00e2nlar\u0131 ile gerekli e\u011fitimi vermek ve lisans diplomas\u0131 sahibi olmalar\u0131n\u0131 sa\u011flamakt\u0131r.[\/vc_column_text][vc_column_text]<\/p>\n<h1>Ba\u015fvuru Tarihleri Nedir?<\/h1>\n<p>Ba\u015fvuru tarihleri \u00d6SYM&#8217; nin DGS s\u0131nav takvimine g\u00f6re belirlenmektedir.[\/vc_column_text][vc_column_text]<\/p>\n<h1>Programa Kimler Kay\u0131t Yapt\u0131rabilir?<\/h1>\n<p>Programa kay\u0131t olmak i\u00e7in \u0130lahiyat \u00d6n lisans program\u0131ndan mezun olup \u00a0\u00d6SYM taraf\u0131ndan yap\u0131lan Dikey Ge\u00e7i\u015f S\u0131nav\u0131na (DGS) kat\u0131lmak gerekmektedir.[\/vc_column_text][vc_column_text]<\/p>\n<h1>Programa Kay\u0131t Yapt\u0131rabilmek \u0130\u00e7in Ka\u00e7 Puan Almak Gerekiyor ?<\/h1>\n<p>Programa kay\u0131t olmak i\u00e7in \u00d6SYM taraf\u0131ndan yap\u0131lan Dikey Ge\u00e7i\u015f S\u0131nav\u0131ndan (DGS) al\u0131nmas\u0131 gereken puan her y\u0131l kat\u0131lan \u00f6\u011frencilerin ba\u015far\u0131 durumuna g\u00f6re de\u011fi\u015fmektedir.[\/vc_column_text][vc_column_text]<\/p>\n<h1>Programa Nas\u0131l Ba\u015fvuru Yap\u0131l\u0131r?<\/h1>\n<p>Programa ba\u015fvurular \u00d6SYM kanal\u0131yla al\u0131n\u0131r.[\/vc_column_text][vc_column_text]<\/p>\n<h1>\u00d6demeler Nereye, Nas\u0131l ve Ne Zaman Yap\u0131l\u0131yor?<\/h1>\n<p class=\"entry-title\">De\u011ferli \u00f6\u011frencilerimiz, \u00d6\u011frenim \u00dccreti ve Uzaktan \u00d6\u011fretim Materyal \u00dccreti <b>Ziraat Bankas\u0131 <\/b>\u015fubeleri taraf\u0131ndan\u00a0<strong>\u00f6\u011frenci numaran\u0131z<\/strong>\u00a0ile tahsil edilecektir.<\/p>\n<p class=\"entry-title\">Tahsil edilecek tutar\u0131n <b>Ziraat Bankas\u0131 <\/b><strong>haricinde di\u011fer bankalara yat\u0131r\u0131lmamas\u0131 gerekmektedir<\/strong>. Di\u011fer bankalara yap\u0131lan \u00f6demelerden UZEM sorumlu de\u011fildir.<\/p>\n<p class=\"entry-title\">Ola\u011fan\u00fcst\u00fc durumlar haricinde \u00f6demelerde EFT ve Havale yoluyla tahsilat yap\u0131lmayacakt\u0131r.<\/p>\n<p class=\"entry-title\">\u00d6deme bilgileri i\u00e7in <a href=\"https:\/\/uzem.omu.edu.tr\/ilahiyat-lisans-tamamlama-odeme-bilgileri\" target=\"_blank\" rel=\"noopener noreferrer\">t\u0131klay\u0131n.<\/a><\/p>\n<p>[\/vc_column_text][vc_column_text]<\/p>\n<h1>Ders Se\u00e7imi Nas\u0131l Yap\u0131l\u0131yor? Dersler Nas\u0131l \u0130\u015fleniyor?<\/h1>\n<ul>\n<li><strong>\u00d6\u011frencilerin ders se\u00e7imi yapabilmesi i\u00e7in ilk \u00f6nce kay\u0131tl\u0131 olunan programa ait t\u00fcm \u00f6demeleri yapmalar\u0131 gerekmektedir. <\/strong><\/li>\n<li>Programlara ait \u201c\u00d6deme Takvimleri\u201d hem akademik birim hem de UZEM\u2019in web sayfas\u0131ndan (uzem.omu.edu.tr) duyurulmaktad\u0131r.<\/li>\n<li>Programa ait t\u00fcm \u00fccretleri yat\u0131ran \u00f6\u011frenci, d\u00f6neme ait akademik takvimi takip ederek ders ekleme ve b\u0131rakma i\u015flemi i\u00e7in belirtilen tarih aral\u0131\u011f\u0131nda derslerini <strong>omu.edu.tr<\/strong> adresi \u00fczerinden se\u00e7erek dan\u0131\u015fman\u0131n\u0131n onay\u0131na g\u00f6nderir.<\/li>\n<\/ul>\n<p>UZEM\u2019 de dersler online \u015fekilde y\u00fcr\u00fct\u00fclmektedir. Her \u00f6\u011frenci kendisine tahsis edilen \u00f6\u011frenci numaras\u0131 ve \u015fifresiyle Ders Portal\u0131na giri\u015f yaparak, g\u00fcn\u00fcn 24 saati derslerini internet \u00fczerinden takip edebilmektedir.[\/vc_column_text][vc_column_text]<\/p>\n<h1>Canl\u0131 Dersleri Takip Etmesem\u00a0Olur mu?<\/h1>\n<p class=\"entry-title\">Canl\u0131 Derslere devam zorunlulu\u011fu yoktur ancak canl\u0131 derslerde dersin \u00f6\u011fretim eleman\u0131\u00a0d\u00fczenli giri\u015f yapan \u00f6\u011frencilere kanaat notu\u00a0verebilmektedir. Bu a\u00e7\u0131dan,\u00a0UZEM olarak canl\u0131 dersleri takip etmenizi ve olabildi\u011fince derslerde aktif olman\u0131z\u0131 \u00f6neriyoruz.<\/p>\n<p>[\/vc_column_text][vc_column_text]<\/p>\n<h1>S\u0131navlar Hakk\u0131nda Bilgi Alabilir miyim?<\/h1>\n<ul>\n<li>Final s\u0131navlar\u0131 ise Samsun OM\u00dc kamp\u00fcs\u00fcnde bulunan fak\u00fclte binalar\u0131nda ger\u00e7ekle\u015fmektedir.<\/li>\n<li>Ba\u015far\u0131 ortalaman\u0131z; <strong>vize s\u0131nav\u0131n\u0131z\u0131n %20&#8217;si ve final s\u0131nav\u0131n\u0131z\u0131n %80&#8217;i baz al\u0131narak<\/strong> hesaplanmaktad\u0131r.<\/li>\n<li>S\u0131navlar\u0131n \u00f6zellikle Final b\u00f6l\u00fcm\u00fcnde \u00f6\u011fretim \u00fcyelerinin iste\u011fi do\u011frultusunda baz\u0131 dersler a\u00e7\u0131k u\u00e7lu sorular \u015feklinde haz\u0131rlanabilmektedir.<\/li>\n<\/ul>\n<p><i class=\"fa fa-exclamation-triangle \" ><\/i> Kur&#8217;an-\u0131 Kerim final s\u0131nav\u0131 istisnai olarak, ilgili \u00f6\u011fretim elemanlar\u0131n\u0131n kontrol\u00fcnde &#8220;y\u00fcz y\u00fcze okuma&#8221;lar \u015feklinde ger\u00e7ekle\u015febilmektedir.[\/vc_column_text][vc_column_text]<\/p>\n<h1>E\u011fitim Ka\u00e7 D\u00f6nem S\u00fcrmektedir?<\/h1>\n<p>Programda e\u011fitim \u00f6\u011fretim 4 yar\u0131y\u0131ldan olu\u015fmaktad\u0131r.[\/vc_column_text][\/vc_column][vc_column width=&#8221;1\/4&#8243; css=&#8221;.vc_custom_1433425490902{margin-top: 20px !important;padding-right: 0px !important;}&#8221;][vc_widget_sidebar sidebar_id=&#8221;generated_sidebar-ilitam&#8221;][\/vc_column][\/vc_row]<\/p>\n","protected":false},"excerpt":{"rendered":"<p>[vc_row css=&#8221;.vc_custom_1427462343642{margin-top: -5px !important;margin-left: 0px !important;padding-left: 0px !important;}&#8221;][vc_column width=&#8221;3\/4&#8243; css=&#8221;.vc_custom_1450337640836{margin-top: 5px !important;margin-right: 0px !important;padding-right: 0px !important;padding-left: 0px !important;}&#8221;][vc_row_inner][vc_column_inner css=&#8221;.vc_custom_1450337653202{margin-bottom: 5px !important;padding-right: 0px !important;padding-left: 0px !important;}&#8221;][vc_widget_sidebar sidebar_id=&#8221;generated_sidebar-ilitam-ust-menu&#8221;][\/vc_column_inner][\/vc_row_inner][vc_row_inner][vc_column_inner width=&#8221;9\/12&#8243; css=&#8221;.vc_custom_1435824487660{padding-right: 0px !important;padding-left: 0px !important;}&#8221;][vc_column_text el_class=&#8221;menu-basligi&#8221;] KAYIT VE B\u0130LG\u0130 [\/vc_column_text][\/vc_column_inner][vc_column_inner width=&#8221;3\/12&#8243; css=&#8221;.vc_custom_1435824492547{padding-right: 0px !important;padding-left: 0px !important;}&#8221;][\/vc_column_inner][\/vc_row_inner][vc_column_text] Program\u0131n Amac\u0131 Nedir? Program\u0131n amac\u0131; \u0130lahiyat \u00f6nlisans derecesine sahip ki\u015filere, ilahiyat lisans d\u00fczeyine ula\u015fabilmeleri i\u00e7in uzaktan e\u011fitim imk\u00e2nlar\u0131 ile gerekli e\u011fitimi vermek ve lisans diplomas\u0131 sahibi olmalar\u0131n\u0131 sa\u011flamakt\u0131r.[\/vc_column_text][vc_column_text] Ba\u015fvuru Tarihleri Nedir? Ba\u015fvuru tarihleri \u00d6SYM&#8217; nin DGS s\u0131nav takvimine g\u00f6re belirlenmektedir.[\/vc_column_text][vc_column_text] Programa Kimler Kay\u0131t Yapt\u0131rabilir? Programa kay\u0131t olmak i\u00e7in \u0130lahiyat \u00d6n lisans program\u0131ndan mezun olup \u00a0\u00d6SYM taraf\u0131ndan yap\u0131lan Dikey Ge\u00e7i\u015f S\u0131nav\u0131na (DGS) kat\u0131lmak gerekmektedir.[\/vc_column_text][vc_column_text] Programa Kay\u0131t Yapt\u0131rabilmek \u0130\u00e7in Ka\u00e7 Puan Almak Gerekiyor ? Programa kay\u0131t olmak i\u00e7in \u00d6SYM taraf\u0131ndan yap\u0131lan Dikey Ge\u00e7i\u015f S\u0131nav\u0131ndan (DGS) al\u0131nmas\u0131 gereken puan her y\u0131l kat\u0131lan \u00f6\u011frencilerin ba\u015far\u0131 durumuna g\u00f6re de\u011fi\u015fmektedir.[\/vc_column_text][vc_column_text] Programa Nas\u0131l Ba\u015fvuru Yap\u0131l\u0131r? Programa ba\u015fvurular \u00d6SYM kanal\u0131yla al\u0131n\u0131r.[\/vc_column_text][vc_column_text] \u00d6demeler Nereye, Nas\u0131l ve Ne Zaman Yap\u0131l\u0131yor? De\u011ferli \u00f6\u011frencilerimiz, \u00d6\u011frenim \u00dccreti ve Uzaktan \u00d6\u011fretim Materyal \u00dccreti Ziraat Bankas\u0131 \u015fubeleri taraf\u0131ndan\u00a0\u00f6\u011frenci numaran\u0131z\u00a0ile tahsil edilecektir. Tahsil edilecek tutar\u0131n Ziraat Bankas\u0131 haricinde di\u011fer bankalara yat\u0131r\u0131lmamas\u0131 gerekmektedir. Di\u011fer bankalara yap\u0131lan \u00f6demelerden UZEM sorumlu de\u011fildir. Ola\u011fan\u00fcst\u00fc durumlar haricinde \u00f6demelerde EFT ve Havale yoluyla tahsilat yap\u0131lmayacakt\u0131r. \u00d6deme bilgileri i\u00e7in t\u0131klay\u0131n. [\/vc_column_text][vc_column_text] Ders Se\u00e7imi Nas\u0131l Yap\u0131l\u0131yor? Dersler Nas\u0131l \u0130\u015fleniyor? \u00d6\u011frencilerin ders se\u00e7imi yapabilmesi i\u00e7in ilk \u00f6nce kay\u0131tl\u0131 olunan programa ait t\u00fcm \u00f6demeleri yapmalar\u0131 gerekmektedir. Programlara ait \u201c\u00d6deme Takvimleri\u201d hem akademik birim hem de UZEM\u2019in web sayfas\u0131ndan (uzem.omu.edu.tr) duyurulmaktad\u0131r. Programa ait t\u00fcm \u00fccretleri yat\u0131ran \u00f6\u011frenci, d\u00f6neme ait akademik takvimi takip ederek ders [&hellip;]<\/p>\n","protected":false},"author":5,"featured_media":0,"parent":0,"menu_order":0,"comment_status":"closed","ping_status":"closed","template":"","meta":[],"translation":{"provider":"WPGlobus","version":"2.12.2","language":"en","enabled_languages":["tr","en"],"languages":{"tr":{"title":true,"content":true,"excerpt":false},"en":{"title":false,"content":false,"excerpt":false}}},"yoast_head":"<!-- This site is optimized with the Yoast SEO plugin v17.4 - https:\/\/yoast.com\/wordpress\/plugins\/seo\/ -->\n<meta name=\"robots\" content=\"index, follow, max-snippet:-1, max-image-preview:large, max-video-preview:-1\" \/>\n<link rel=\"canonical\" href=\"https:\/\/uzem.omu.edu.tr\/ilahiyat-lisans-tamamlama-kayit-ve-bilgi\/\" \/>\n<meta property=\"og:locale\" content=\"en_US\" \/>\n<meta property=\"og:type\" content=\"article\" \/>\n<meta property=\"og:title\" content=\"\u0130lahiyat Lisans Tamamlama (\u0130L\u0130TAM) | Kay\u0131t ve Bilgi - OM\u00dc Uzaktan E\u011fitim Merkezi\" \/>\n<meta property=\"og:url\" content=\"https:\/\/uzem.omu.edu.tr\/ilahiyat-lisans-tamamlama-kayit-ve-bilgi\/\" \/>\n<meta property=\"og:site_name\" content=\"OM\u00dc Uzaktan E\u011fitim Merkezi\" \/>\n<meta property=\"article:publisher\" content=\"https:\/\/www.facebook.com\/omu.uzem\" \/>\n<meta property=\"article:modified_time\" content=\"2025-09-24T12:02:20+00:00\" \/>\n<meta name=\"twitter:card\" content=\"summary_large_image\" \/>\n<meta name=\"twitter:site\" content=\"@omuuzem\" \/>\n<meta name=\"twitter:label1\" content=\"Est. reading time\" \/>\n\t<meta name=\"twitter:data1\" content=\"3 minutes\" \/>\n<script type=\"application\/ld+json\" class=\"yoast-schema-graph\">{\"@context\":\"https:\/\/schema.org\",\"@graph\":[{\"@type\":\"Organization\",\"@id\":\"https:\/\/uzem.omu.edu.tr\/#organization\",\"name\":\"UZEM\",\"url\":\"https:\/\/uzem.omu.edu.tr\/\",\"sameAs\":[\"https:\/\/www.facebook.com\/omu.uzem\",\"https:\/\/www.instagram.com\/omu.uzem\/\",\"https:\/\/www.youtube.com\/channel\/UCQ6c_wjaGQcIvBKTbPrOe2A\",\"https:\/\/twitter.com\/omuuzem\"],\"logo\":{\"@type\":\"ImageObject\",\"@id\":\"https:\/\/uzem.omu.edu.tr\/#logo\",\"inLanguage\":\"en-US\",\"url\":\"https:\/\/uzem.omu.edu.tr\/wp-content\/uploads\/ulogo-1.png\",\"contentUrl\":\"https:\/\/uzem.omu.edu.tr\/wp-content\/uploads\/ulogo-1.png\",\"width\":364,\"height\":39,\"caption\":\"UZEM\"},\"image\":{\"@id\":\"https:\/\/uzem.omu.edu.tr\/#logo\"}},{\"@type\":\"WebSite\",\"@id\":\"https:\/\/uzem.omu.edu.tr\/#website\",\"url\":\"https:\/\/uzem.omu.edu.tr\/\",\"name\":\"OM\\u00dc Uzaktan E\\u011fitim Merkezi\",\"description\":\"&quot;F\\u0131rsatlar Sunar&quot;\",\"publisher\":{\"@id\":\"https:\/\/uzem.omu.edu.tr\/#organization\"},\"potentialAction\":[{\"@type\":\"SearchAction\",\"target\":{\"@type\":\"EntryPoint\",\"urlTemplate\":\"https:\/\/uzem.omu.edu.tr\/?s={search_term_string}\"},\"query-input\":\"required name=search_term_string\"}],\"inLanguage\":\"en-US\"},{\"@type\":\"WebPage\",\"@id\":\"https:\/\/uzem.omu.edu.tr\/ilahiyat-lisans-tamamlama-kayit-ve-bilgi\/#webpage\",\"url\":\"https:\/\/uzem.omu.edu.tr\/ilahiyat-lisans-tamamlama-kayit-ve-bilgi\/\",\"name\":\"\\u0130lahiyat Lisans Tamamlama (\\u0130L\\u0130TAM) | Kay\\u0131t ve Bilgi - OM\\u00dc Uzaktan E\\u011fitim Merkezi\",\"isPartOf\":{\"@id\":\"https:\/\/uzem.omu.edu.tr\/#website\"},\"datePublished\":\"2015-05-08T13:45:59+00:00\",\"dateModified\":\"2025-09-24T12:02:20+00:00\",\"breadcrumb\":{\"@id\":\"https:\/\/uzem.omu.edu.tr\/ilahiyat-lisans-tamamlama-kayit-ve-bilgi\/#breadcrumb\"},\"inLanguage\":\"en-US\",\"potentialAction\":[{\"@type\":\"ReadAction\",\"target\":[\"https:\/\/uzem.omu.edu.tr\/ilahiyat-lisans-tamamlama-kayit-ve-bilgi\/\"]}]},{\"@type\":\"BreadcrumbList\",\"@id\":\"https:\/\/uzem.omu.edu.tr\/ilahiyat-lisans-tamamlama-kayit-ve-bilgi\/#breadcrumb\",\"itemListElement\":[{\"@type\":\"ListItem\",\"position\":1,\"name\":\"Home\",\"item\":\"https:\/\/uzem.omu.edu.tr\/\"},{\"@type\":\"ListItem\",\"position\":2,\"name\":\"\\u0130lahiyat Lisans Tamamlama (\\u0130L\\u0130TAM) | Kay\\u0131t ve Bilgi\"}]}]}<\/script>\n<!-- \/ Yoast SEO plugin. -->","yoast_head_json":{"robots":{"index":"index","follow":"follow","max-snippet":"max-snippet:-1","max-image-preview":"max-image-preview:large","max-video-preview":"max-video-preview:-1"},"canonical":"https:\/\/uzem.omu.edu.tr\/ilahiyat-lisans-tamamlama-kayit-ve-bilgi\/","og_locale":"en_US","og_type":"article","og_title":"\u0130lahiyat Lisans Tamamlama (\u0130L\u0130TAM) | Kay\u0131t ve Bilgi - OM\u00dc Uzaktan E\u011fitim Merkezi","og_url":"https:\/\/uzem.omu.edu.tr\/ilahiyat-lisans-tamamlama-kayit-ve-bilgi\/","og_site_name":"OM\u00dc Uzaktan E\u011fitim Merkezi","article_publisher":"https:\/\/www.facebook.com\/omu.uzem","article_modified_time":"2025-09-24T12:02:20+00:00","twitter_card":"summary_large_image","twitter_site":"@omuuzem","twitter_misc":{"Est. reading time":"3 minutes"},"schema":{"@context":"https:\/\/schema.org","@graph":[{"@type":"Organization","@id":"https:\/\/uzem.omu.edu.tr\/#organization","name":"UZEM","url":"https:\/\/uzem.omu.edu.tr\/","sameAs":["https:\/\/www.facebook.com\/omu.uzem","https:\/\/www.instagram.com\/omu.uzem\/","https:\/\/www.youtube.com\/channel\/UCQ6c_wjaGQcIvBKTbPrOe2A","https:\/\/twitter.com\/omuuzem"],"logo":{"@type":"ImageObject","@id":"https:\/\/uzem.omu.edu.tr\/#logo","inLanguage":"en-US","url":"https:\/\/uzem.omu.edu.tr\/wp-content\/uploads\/ulogo-1.png","contentUrl":"https:\/\/uzem.omu.edu.tr\/wp-content\/uploads\/ulogo-1.png","width":364,"height":39,"caption":"UZEM"},"image":{"@id":"https:\/\/uzem.omu.edu.tr\/#logo"}},{"@type":"WebSite","@id":"https:\/\/uzem.omu.edu.tr\/#website","url":"https:\/\/uzem.omu.edu.tr\/","name":"OM\u00dc Uzaktan E\u011fitim Merkezi","description":"&quot;F\u0131rsatlar Sunar&quot;","publisher":{"@id":"https:\/\/uzem.omu.edu.tr\/#organization"},"potentialAction":[{"@type":"SearchAction","target":{"@type":"EntryPoint","urlTemplate":"https:\/\/uzem.omu.edu.tr\/?s={search_term_string}"},"query-input":"required name=search_term_string"}],"inLanguage":"en-US"},{"@type":"WebPage","@id":"https:\/\/uzem.omu.edu.tr\/ilahiyat-lisans-tamamlama-kayit-ve-bilgi\/#webpage","url":"https:\/\/uzem.omu.edu.tr\/ilahiyat-lisans-tamamlama-kayit-ve-bilgi\/","name":"\u0130lahiyat Lisans Tamamlama (\u0130L\u0130TAM) | Kay\u0131t ve Bilgi - OM\u00dc Uzaktan E\u011fitim Merkezi","isPartOf":{"@id":"https:\/\/uzem.omu.edu.tr\/#website"},"datePublished":"2015-05-08T13:45:59+00:00","dateModified":"2025-09-24T12:02:20+00:00","breadcrumb":{"@id":"https:\/\/uzem.omu.edu.tr\/ilahiyat-lisans-tamamlama-kayit-ve-bilgi\/#breadcrumb"},"inLanguage":"en-US","potentialAction":[{"@type":"ReadAction","target":["https:\/\/uzem.omu.edu.tr\/ilahiyat-lisans-tamamlama-kayit-ve-bilgi\/"]}]},{"@type":"BreadcrumbList","@id":"https:\/\/uzem.omu.edu.tr\/ilahiyat-lisans-tamamlama-kayit-ve-bilgi\/#breadcrumb","itemListElement":[{"@type":"ListItem","position":1,"name":"Home","item":"https:\/\/uzem.omu.edu.tr\/"},{"@type":"ListItem","position":2,"name":"\u0130lahiyat Lisans Tamamlama (\u0130L\u0130TAM) | Kay\u0131t ve Bilgi"}]}]}},"_links":{"self":[{"href":"https:\/\/uzem.omu.edu.tr\/en\/wp-json\/wp\/v2\/pages\/1505"}],"collection":[{"href":"https:\/\/uzem.omu.edu.tr\/en\/wp-json\/wp\/v2\/pages"}],"about":[{"href":"https:\/\/uzem.omu.edu.tr\/en\/wp-json\/wp\/v2\/types\/page"}],"author":[{"embeddable":true,"href":"https:\/\/uzem.omu.edu.tr\/en\/wp-json\/wp\/v2\/users\/5"}],"replies":[{"embeddable":true,"href":"https:\/\/uzem.omu.edu.tr\/en\/wp-json\/wp\/v2\/comments?post=1505"}],"version-history":[{"count":8,"href":"https:\/\/uzem.omu.edu.tr\/en\/wp-json\/wp\/v2\/pages\/1505\/revisions"}],"predecessor-version":[{"id":27046,"href":"https:\/\/uzem.omu.edu.tr\/en\/wp-json\/wp\/v2\/pages\/1505\/revisions\/27046"}],"wp:attachment":[{"href":"https:\/\/uzem.omu.edu.tr\/en\/wp-json\/wp\/v2\/media?parent=1505"}],"curies":[{"name":"wp","href":"https:\/\/api.w.org\/{rel}","templated":true}]}}