{"id":1435,"date":"2015-05-08T13:11:11","date_gmt":"2015-05-08T13:11:11","guid":{"rendered":"https:\/\/uzem.omu.edu.tr\/?page_id=1435"},"modified":"2018-06-18T17:11:29","modified_gmt":"2018-06-18T14:11:29","slug":"pedagojik-formasyon-ders-icerikleri","status":"publish","type":"page","link":"https:\/\/uzem.omu.edu.tr\/en\/pedagojik-formasyon-ders-icerikleri\/","title":{"rendered":"Pedagojik Formasyon | Ders \u0130\u00e7erikleri"},"content":{"rendered":"<p>[vc_row css=&#8221;.vc_custom_1427462343642{margin-top: -5px !important;margin-left: 0px !important;padding-left: 0px !important;}&#8221;][vc_column width=&#8221;3\/4&#8243; css=&#8221;.vc_custom_1450344627543{margin-top: 5px !important;margin-right: 0px !important;padding-right: 0px !important;padding-left: 0px !important;}&#8221;][vc_row_inner][vc_column_inner css=&#8221;.vc_custom_1450344648255{margin-bottom: 5px !important;padding-right: 0px !important;padding-left: 0px !important;}&#8221;][vc_widget_sidebar sidebar_id=&#8221;generated_sidebar-formasyon-ust-menu&#8221;][\/vc_column_inner][\/vc_row_inner][vc_column_text el_class=&#8221;menu-basligi&#8221;]<\/p>\n<p><strong>DERSLER<\/strong><\/p>\n<p>[\/vc_column_text][vc_column_text el_class=&#8221;ders-tablosu&#8221; css=&#8221;.vc_custom_1529331051566{margin-top: -8px !important;border-top-width: -8px !important;padding-top: -8px !important;}&#8221;]<\/p>\n<table width=\"448\">\n<tbody>\n<tr>\n<td width=\"261\">DERS ADI<\/td>\n<td width=\"187\">\u00d6\u011eRET\u0130M ELEMANI<\/td>\n<\/tr>\n<tr>\n<td>Rehberlik<\/td>\n<td>Dr. \u00d6\u011fr. \u00dcyesi Esat \u015eANLI<\/td>\n<\/tr>\n<tr>\n<td>Rehberlik<\/td>\n<td>Prof. Dr. Seher B. \u00c7EL\u0130K<\/td>\n<\/tr>\n<tr>\n<td>Rehberlik<\/td>\n<td>Do\u00e7. Dr. Hatice KUMCA\u011eIZ<\/td>\n<\/tr>\n<tr>\n<td>E\u011fitim Bilimine Giri\u015f<\/td>\n<td>Do\u00e7. Dr. Cevat ELMA<\/td>\n<\/tr>\n<tr>\n<td>E\u011fitim Bilimine Giri\u015f<\/td>\n<td>Dr. \u00d6\u011fr. \u00dcyesi \u0130brahim G\u00dcL<\/td>\n<\/tr>\n<tr>\n<td>E\u011fitim Bilimine Giri\u015f<\/td>\n<td>Dr. \u00d6\u011fr. \u00dcyesi Y\u00fcksel G\u00dcND\u00dcZ<\/td>\n<\/tr>\n<tr>\n<td>E\u011fitim Bilimine Giri\u015f<\/td>\n<td>Dr. \u00d6\u011fr. \u00dcyesi H\u00fcseyin ASLAN<\/td>\n<\/tr>\n<tr>\n<td>E\u011fitim Psikolojisi<\/td>\n<td>Do\u00e7. Dr. Nursel TOPKAYA<\/td>\n<\/tr>\n<tr>\n<td>E\u011fitim Psikolojisi<\/td>\n<td>Dr. \u00d6\u011fretim \u00dcyesi Ya\u015far BARUT<\/td>\n<\/tr>\n<tr>\n<td>E\u011fitim Psikolojisi<\/td>\n<td>Dr. \u00d6\u011fr. \u00dcyesi Hatice EPL\u0130<\/td>\n<\/tr>\n<tr>\n<td>\u00d6l\u00e7me De\u011ferlendirme<\/td>\n<td>Do\u00e7. Dr. Bayram \u00d6ZER<\/td>\n<\/tr>\n<tr>\n<td>\u00d6l\u00e7me De\u011ferlendirme<\/td>\n<td>Dr. \u00d6\u011fr. \u00dcyesi \u015eener \u015eENT\u00dcRK<\/td>\n<\/tr>\n<tr>\n<td>\u00d6\u011fretim \u0130lke ve Y\u00f6ntemleri<\/td>\n<td>Do\u00e7. Dr. \u0130smail GELEN<\/td>\n<\/tr>\n<tr>\n<td>\u00d6\u011fretim \u0130lke ve Y\u00f6ntemleri<\/td>\n<td>Do\u00e7. Dr. \u0130smail GELEN<\/td>\n<\/tr>\n<tr>\n<td>S\u0131n\u0131f Y\u00f6netimi<\/td>\n<td>Do\u00e7. Dr. Cevat ELMA<\/td>\n<\/tr>\n<tr>\n<td>S\u0131n\u0131f Y\u00f6netimi<\/td>\n<td>Dr. \u00d6\u011fr. \u00dcyesi H\u00fcseyin ASLAN<\/td>\n<\/tr>\n<tr>\n<td>S\u0131n\u0131f Y\u00f6netimi<\/td>\n<td>Dr. \u00d6\u011fr. \u00dcyesi \u0130brahim G\u00dcL<\/td>\n<\/tr>\n<tr>\n<td>E\u011fitimde Program Geli\u015ftirme<\/td>\n<td>Do\u00e7. Dr. \u0130smail GELEN<\/td>\n<\/tr>\n<tr>\n<td>E\u011fitimde Program Geli\u015ftirme<\/td>\n<td>Do\u00e7. Dr. Nursel TOPKAYA<\/td>\n<\/tr>\n<tr>\n<td>E\u011fitimde Program Geli\u015ftirme<\/td>\n<td>Do\u00e7. Dr. Murat G\u00d6KALP<\/td>\n<\/tr>\n<\/tbody>\n<\/table>\n<p>[\/vc_column_text][\/vc_column][vc_column width=&#8221;1\/4&#8243; css=&#8221;.vc_custom_1433426191088{margin-top: 20px !important;padding-right: 0px !important;}&#8221;][vc_widget_sidebar sidebar_id=&#8221;generated_sidebar-formasyon&#8221;][\/vc_column][\/vc_row]<\/p>\n","protected":false},"excerpt":{"rendered":"<p>[vc_row css=&#8221;.vc_custom_1427462343642{margin-top: -5px !important;margin-left: 0px !important;padding-left: 0px !important;}&#8221;][vc_column width=&#8221;3\/4&#8243; css=&#8221;.vc_custom_1450344627543{margin-top: 5px !important;margin-right: 0px !important;padding-right: 0px !important;padding-left: 0px !important;}&#8221;][vc_row_inner][vc_column_inner css=&#8221;.vc_custom_1450344648255{margin-bottom: 5px !important;padding-right: 0px !important;padding-left: 0px !important;}&#8221;][vc_widget_sidebar sidebar_id=&#8221;generated_sidebar-formasyon-ust-menu&#8221;][\/vc_column_inner][\/vc_row_inner][vc_column_text el_class=&#8221;menu-basligi&#8221;] DERSLER [\/vc_column_text][vc_column_text el_class=&#8221;ders-tablosu&#8221; css=&#8221;.vc_custom_1529331051566{margin-top: -8px !important;border-top-width: -8px !important;padding-top: -8px !important;}&#8221;] DERS ADI \u00d6\u011eRET\u0130M ELEMANI Rehberlik Dr. \u00d6\u011fr. \u00dcyesi Esat \u015eANLI Rehberlik Prof. Dr. Seher B. \u00c7EL\u0130K Rehberlik Do\u00e7. Dr. Hatice KUMCA\u011eIZ E\u011fitim Bilimine Giri\u015f Do\u00e7. Dr. Cevat ELMA E\u011fitim Bilimine Giri\u015f Dr. \u00d6\u011fr. \u00dcyesi \u0130brahim G\u00dcL E\u011fitim Bilimine Giri\u015f Dr. \u00d6\u011fr. \u00dcyesi Y\u00fcksel G\u00dcND\u00dcZ E\u011fitim Bilimine Giri\u015f Dr. \u00d6\u011fr. \u00dcyesi H\u00fcseyin ASLAN E\u011fitim Psikolojisi Do\u00e7. Dr. Nursel TOPKAYA E\u011fitim Psikolojisi Dr. \u00d6\u011fretim \u00dcyesi Ya\u015far BARUT E\u011fitim Psikolojisi Dr. \u00d6\u011fr. \u00dcyesi Hatice EPL\u0130 \u00d6l\u00e7me De\u011ferlendirme Do\u00e7. Dr. Bayram \u00d6ZER \u00d6l\u00e7me De\u011ferlendirme Dr. \u00d6\u011fr. \u00dcyesi \u015eener \u015eENT\u00dcRK \u00d6\u011fretim \u0130lke ve Y\u00f6ntemleri Do\u00e7. Dr. \u0130smail GELEN \u00d6\u011fretim \u0130lke ve Y\u00f6ntemleri Do\u00e7. Dr. \u0130smail GELEN S\u0131n\u0131f Y\u00f6netimi Do\u00e7. Dr. Cevat ELMA S\u0131n\u0131f Y\u00f6netimi Dr. \u00d6\u011fr. \u00dcyesi H\u00fcseyin ASLAN S\u0131n\u0131f Y\u00f6netimi Dr. \u00d6\u011fr. \u00dcyesi \u0130brahim G\u00dcL E\u011fitimde Program Geli\u015ftirme Do\u00e7. Dr. \u0130smail GELEN E\u011fitimde Program Geli\u015ftirme Do\u00e7. Dr. Nursel TOPKAYA E\u011fitimde Program Geli\u015ftirme Do\u00e7. Dr. Murat G\u00d6KALP [\/vc_column_text][\/vc_column][vc_column width=&#8221;1\/4&#8243; css=&#8221;.vc_custom_1433426191088{margin-top: 20px !important;padding-right: 0px !important;}&#8221;][vc_widget_sidebar sidebar_id=&#8221;generated_sidebar-formasyon&#8221;][\/vc_column][\/vc_row]<\/p>\n","protected":false},"author":5,"featured_media":0,"parent":0,"menu_order":0,"comment_status":"closed","ping_status":"closed","template":"","meta":[],"translation":{"provider":"WPGlobus","version":"2.12.2","language":"en","enabled_languages":["tr","en"],"languages":{"tr":{"title":true,"content":true,"excerpt":false},"en":{"title":false,"content":false,"excerpt":false}}},"yoast_head":"<!-- This site is optimized with the Yoast SEO plugin v17.4 - https:\/\/yoast.com\/wordpress\/plugins\/seo\/ -->\n<meta name=\"robots\" content=\"index, follow, max-snippet:-1, max-image-preview:large, max-video-preview:-1\" \/>\n<link rel=\"canonical\" href=\"https:\/\/uzem.omu.edu.tr\/pedagojik-formasyon-ders-icerikleri\/\" \/>\n<meta property=\"og:locale\" content=\"en_US\" \/>\n<meta property=\"og:type\" content=\"article\" \/>\n<meta property=\"og:title\" content=\"Pedagojik Formasyon | Ders \u0130\u00e7erikleri - OM\u00dc Uzaktan E\u011fitim Merkezi\" \/>\n<meta property=\"og:url\" content=\"https:\/\/uzem.omu.edu.tr\/pedagojik-formasyon-ders-icerikleri\/\" \/>\n<meta property=\"og:site_name\" content=\"OM\u00dc Uzaktan E\u011fitim Merkezi\" \/>\n<meta property=\"article:publisher\" content=\"https:\/\/www.facebook.com\/omu.uzem\" \/>\n<meta property=\"article:modified_time\" content=\"2018-06-18T14:11:29+00:00\" \/>\n<meta name=\"twitter:card\" content=\"summary_large_image\" \/>\n<meta name=\"twitter:site\" content=\"@omuuzem\" \/>\n<meta name=\"twitter:label1\" content=\"Est. reading time\" \/>\n\t<meta name=\"twitter:data1\" content=\"2 minutes\" \/>\n<script type=\"application\/ld+json\" class=\"yoast-schema-graph\">{\"@context\":\"https:\/\/schema.org\",\"@graph\":[{\"@type\":\"Organization\",\"@id\":\"https:\/\/uzem.omu.edu.tr\/#organization\",\"name\":\"UZEM\",\"url\":\"https:\/\/uzem.omu.edu.tr\/\",\"sameAs\":[\"https:\/\/www.facebook.com\/omu.uzem\",\"https:\/\/www.instagram.com\/omu.uzem\/\",\"https:\/\/www.youtube.com\/channel\/UCQ6c_wjaGQcIvBKTbPrOe2A\",\"https:\/\/twitter.com\/omuuzem\"],\"logo\":{\"@type\":\"ImageObject\",\"@id\":\"https:\/\/uzem.omu.edu.tr\/#logo\",\"inLanguage\":\"en-US\",\"url\":\"https:\/\/uzem.omu.edu.tr\/wp-content\/uploads\/ulogo-1.png\",\"contentUrl\":\"https:\/\/uzem.omu.edu.tr\/wp-content\/uploads\/ulogo-1.png\",\"width\":364,\"height\":39,\"caption\":\"UZEM\"},\"image\":{\"@id\":\"https:\/\/uzem.omu.edu.tr\/#logo\"}},{\"@type\":\"WebSite\",\"@id\":\"https:\/\/uzem.omu.edu.tr\/#website\",\"url\":\"https:\/\/uzem.omu.edu.tr\/\",\"name\":\"OM\\u00dc Uzaktan E\\u011fitim Merkezi\",\"description\":\"&quot;F\\u0131rsatlar Sunar&quot;\",\"publisher\":{\"@id\":\"https:\/\/uzem.omu.edu.tr\/#organization\"},\"potentialAction\":[{\"@type\":\"SearchAction\",\"target\":{\"@type\":\"EntryPoint\",\"urlTemplate\":\"https:\/\/uzem.omu.edu.tr\/?s={search_term_string}\"},\"query-input\":\"required name=search_term_string\"}],\"inLanguage\":\"en-US\"},{\"@type\":\"WebPage\",\"@id\":\"https:\/\/uzem.omu.edu.tr\/pedagojik-formasyon-ders-icerikleri\/#webpage\",\"url\":\"https:\/\/uzem.omu.edu.tr\/pedagojik-formasyon-ders-icerikleri\/\",\"name\":\"Pedagojik Formasyon | Ders \\u0130\\u00e7erikleri - OM\\u00dc Uzaktan E\\u011fitim Merkezi\",\"isPartOf\":{\"@id\":\"https:\/\/uzem.omu.edu.tr\/#website\"},\"datePublished\":\"2015-05-08T13:11:11+00:00\",\"dateModified\":\"2018-06-18T14:11:29+00:00\",\"breadcrumb\":{\"@id\":\"https:\/\/uzem.omu.edu.tr\/pedagojik-formasyon-ders-icerikleri\/#breadcrumb\"},\"inLanguage\":\"en-US\",\"potentialAction\":[{\"@type\":\"ReadAction\",\"target\":[\"https:\/\/uzem.omu.edu.tr\/pedagojik-formasyon-ders-icerikleri\/\"]}]},{\"@type\":\"BreadcrumbList\",\"@id\":\"https:\/\/uzem.omu.edu.tr\/pedagojik-formasyon-ders-icerikleri\/#breadcrumb\",\"itemListElement\":[{\"@type\":\"ListItem\",\"position\":1,\"name\":\"Home\",\"item\":\"https:\/\/uzem.omu.edu.tr\/\"},{\"@type\":\"ListItem\",\"position\":2,\"name\":\"Pedagojik Formasyon | Ders \\u0130\\u00e7erikleri\"}]}]}<\/script>\n<!-- \/ Yoast SEO plugin. -->","yoast_head_json":{"robots":{"index":"index","follow":"follow","max-snippet":"max-snippet:-1","max-image-preview":"max-image-preview:large","max-video-preview":"max-video-preview:-1"},"canonical":"https:\/\/uzem.omu.edu.tr\/pedagojik-formasyon-ders-icerikleri\/","og_locale":"en_US","og_type":"article","og_title":"Pedagojik Formasyon | Ders \u0130\u00e7erikleri - OM\u00dc Uzaktan E\u011fitim Merkezi","og_url":"https:\/\/uzem.omu.edu.tr\/pedagojik-formasyon-ders-icerikleri\/","og_site_name":"OM\u00dc Uzaktan E\u011fitim Merkezi","article_publisher":"https:\/\/www.facebook.com\/omu.uzem","article_modified_time":"2018-06-18T14:11:29+00:00","twitter_card":"summary_large_image","twitter_site":"@omuuzem","twitter_misc":{"Est. reading time":"2 minutes"},"schema":{"@context":"https:\/\/schema.org","@graph":[{"@type":"Organization","@id":"https:\/\/uzem.omu.edu.tr\/#organization","name":"UZEM","url":"https:\/\/uzem.omu.edu.tr\/","sameAs":["https:\/\/www.facebook.com\/omu.uzem","https:\/\/www.instagram.com\/omu.uzem\/","https:\/\/www.youtube.com\/channel\/UCQ6c_wjaGQcIvBKTbPrOe2A","https:\/\/twitter.com\/omuuzem"],"logo":{"@type":"ImageObject","@id":"https:\/\/uzem.omu.edu.tr\/#logo","inLanguage":"en-US","url":"https:\/\/uzem.omu.edu.tr\/wp-content\/uploads\/ulogo-1.png","contentUrl":"https:\/\/uzem.omu.edu.tr\/wp-content\/uploads\/ulogo-1.png","width":364,"height":39,"caption":"UZEM"},"image":{"@id":"https:\/\/uzem.omu.edu.tr\/#logo"}},{"@type":"WebSite","@id":"https:\/\/uzem.omu.edu.tr\/#website","url":"https:\/\/uzem.omu.edu.tr\/","name":"OM\u00dc Uzaktan E\u011fitim Merkezi","description":"&quot;F\u0131rsatlar Sunar&quot;","publisher":{"@id":"https:\/\/uzem.omu.edu.tr\/#organization"},"potentialAction":[{"@type":"SearchAction","target":{"@type":"EntryPoint","urlTemplate":"https:\/\/uzem.omu.edu.tr\/?s={search_term_string}"},"query-input":"required name=search_term_string"}],"inLanguage":"en-US"},{"@type":"WebPage","@id":"https:\/\/uzem.omu.edu.tr\/pedagojik-formasyon-ders-icerikleri\/#webpage","url":"https:\/\/uzem.omu.edu.tr\/pedagojik-formasyon-ders-icerikleri\/","name":"Pedagojik Formasyon | Ders \u0130\u00e7erikleri - OM\u00dc Uzaktan E\u011fitim Merkezi","isPartOf":{"@id":"https:\/\/uzem.omu.edu.tr\/#website"},"datePublished":"2015-05-08T13:11:11+00:00","dateModified":"2018-06-18T14:11:29+00:00","breadcrumb":{"@id":"https:\/\/uzem.omu.edu.tr\/pedagojik-formasyon-ders-icerikleri\/#breadcrumb"},"inLanguage":"en-US","potentialAction":[{"@type":"ReadAction","target":["https:\/\/uzem.omu.edu.tr\/pedagojik-formasyon-ders-icerikleri\/"]}]},{"@type":"BreadcrumbList","@id":"https:\/\/uzem.omu.edu.tr\/pedagojik-formasyon-ders-icerikleri\/#breadcrumb","itemListElement":[{"@type":"ListItem","position":1,"name":"Home","item":"https:\/\/uzem.omu.edu.tr\/"},{"@type":"ListItem","position":2,"name":"Pedagojik Formasyon | Ders \u0130\u00e7erikleri"}]}]}},"_links":{"self":[{"href":"https:\/\/uzem.omu.edu.tr\/en\/wp-json\/wp\/v2\/pages\/1435"}],"collection":[{"href":"https:\/\/uzem.omu.edu.tr\/en\/wp-json\/wp\/v2\/pages"}],"about":[{"href":"https:\/\/uzem.omu.edu.tr\/en\/wp-json\/wp\/v2\/types\/page"}],"author":[{"embeddable":true,"href":"https:\/\/uzem.omu.edu.tr\/en\/wp-json\/wp\/v2\/users\/5"}],"replies":[{"embeddable":true,"href":"https:\/\/uzem.omu.edu.tr\/en\/wp-json\/wp\/v2\/comments?post=1435"}],"version-history":[{"count":4,"href":"https:\/\/uzem.omu.edu.tr\/en\/wp-json\/wp\/v2\/pages\/1435\/revisions"}],"predecessor-version":[{"id":18081,"href":"https:\/\/uzem.omu.edu.tr\/en\/wp-json\/wp\/v2\/pages\/1435\/revisions\/18081"}],"wp:attachment":[{"href":"https:\/\/uzem.omu.edu.tr\/en\/wp-json\/wp\/v2\/media?parent=1435"}],"curies":[{"name":"wp","href":"https:\/\/api.w.org\/{rel}","templated":true}]}}