{"id":1433,"date":"2015-05-08T13:10:47","date_gmt":"2015-05-08T13:10:47","guid":{"rendered":"https:\/\/uzem.omu.edu.tr\/?page_id=1433"},"modified":"2018-07-11T12:43:27","modified_gmt":"2018-07-11T09:43:27","slug":"pedagojik-formasyon-akademik-takvim","status":"publish","type":"page","link":"https:\/\/uzem.omu.edu.tr\/en\/pedagojik-formasyon-akademik-takvim\/","title":{"rendered":"Pedagojik Formasyon | Akademik Takvim"},"content":{"rendered":"<p>[vc_row css=&#8221;.vc_custom_1427462343642{margin-top: -5px !important;margin-left: 0px !important;padding-left: 0px !important;}&#8221;][vc_column width=&#8221;3\/4&#8243; css=&#8221;.vc_custom_1450344537319{margin-top: 5px !important;margin-right: 0px !important;padding-right: 0px !important;padding-left: 0px !important;}&#8221;][vc_row_inner][vc_column_inner css=&#8221;.vc_custom_1450344547534{margin-bottom: 5px !important;padding-right: 0px !important;padding-left: 0px !important;}&#8221;][vc_widget_sidebar sidebar_id=&#8221;generated_sidebar-formasyon-ust-menu&#8221;][\/vc_column_inner][\/vc_row_inner][vc_column_text el_class=&#8221;.menu-basligi&#8221;]<\/p>\n<p><strong>AKADEM\u0130K TAKV\u0130M<\/strong><\/p>\n<p>[\/vc_column_text][vc_column_text el_class=&#8221;ders-tablosu&#8221;]<\/p>\n<table width=\"472\">\n<tbody>\n<tr>\n<td width=\"188\"><strong>Vize S\u0131nav\u0131<\/strong><\/td>\n<td width=\"144\">Final S\u0131nav\u0131<\/td>\n<td width=\"140\">B\u00fct\u00fcnleme S\u0131nav\u0131<\/td>\n<\/tr>\n<tr>\n<td>13-14 Temmuz 2018 Cuma-Cumartesi<\/td>\n<td>11-12 A\u011fustos 2018<\/td>\n<td>1-2 Eyl\u00fcl 2018<\/td>\n<\/tr>\n<tr>\n<td colspan=\"3\" rowspan=\"3\" width=\"472\"><strong>T\u00fcm s\u0131navlar E\u011fitim Fak\u00fcltesi dersliklerinde yap\u0131lacakt\u0131r.\u00a0<\/strong><strong>Online s\u0131nav yap\u0131lmamaktad\u0131r.<\/strong><\/td>\n<\/tr>\n<\/tbody>\n<\/table>\n<p>[\/vc_column_text][vc_message color=&#8221;info&#8221; style=&#8221;square&#8221;]<strong>Tek ders s\u0131nav\u0131:<\/strong> Derslere devam ederek bir ders hari\u00e7 di\u011fer dersleri ge\u00e7en adaylar i\u00e7in 2019 Ocak ay\u0131 i\u00e7erisinde yap\u0131lacakt\u0131r. \u00d6\u011fretmenlik Uygulamas\u0131ndan ba\u015far\u0131s\u0131z olan \u00f6\u011fretmen adaylar\u0131 i\u00e7in tek ders s\u0131nav\u0131 yap\u0131lmamaktad\u0131r.[\/vc_message][\/vc_column][vc_column width=&#8221;1\/4&#8243; css=&#8221;.vc_custom_1433426155624{margin-top: 20px !important;padding-right: 0px !important;}&#8221;][vc_widget_sidebar sidebar_id=&#8221;generated_sidebar-formasyon&#8221;][\/vc_column][\/vc_row]<\/p>\n","protected":false},"excerpt":{"rendered":"<p>[vc_row css=&#8221;.vc_custom_1427462343642{margin-top: -5px !important;margin-left: 0px !important;padding-left: 0px !important;}&#8221;][vc_column width=&#8221;3\/4&#8243; css=&#8221;.vc_custom_1450344537319{margin-top: 5px !important;margin-right: 0px !important;padding-right: 0px !important;padding-left: 0px !important;}&#8221;][vc_row_inner][vc_column_inner css=&#8221;.vc_custom_1450344547534{margin-bottom: 5px !important;padding-right: 0px !important;padding-left: 0px !important;}&#8221;][vc_widget_sidebar sidebar_id=&#8221;generated_sidebar-formasyon-ust-menu&#8221;][\/vc_column_inner][\/vc_row_inner][vc_column_text el_class=&#8221;.menu-basligi&#8221;] AKADEM\u0130K TAKV\u0130M [\/vc_column_text][vc_column_text el_class=&#8221;ders-tablosu&#8221;] Vize S\u0131nav\u0131 Final S\u0131nav\u0131 B\u00fct\u00fcnleme S\u0131nav\u0131 13-14 Temmuz 2018 Cuma-Cumartesi 11-12 A\u011fustos 2018 1-2 Eyl\u00fcl 2018 T\u00fcm s\u0131navlar E\u011fitim Fak\u00fcltesi dersliklerinde yap\u0131lacakt\u0131r.\u00a0Online s\u0131nav yap\u0131lmamaktad\u0131r. [\/vc_column_text][vc_message color=&#8221;info&#8221; style=&#8221;square&#8221;]Tek ders s\u0131nav\u0131: Derslere devam ederek bir ders hari\u00e7 di\u011fer dersleri ge\u00e7en adaylar i\u00e7in 2019 Ocak ay\u0131 i\u00e7erisinde yap\u0131lacakt\u0131r. \u00d6\u011fretmenlik Uygulamas\u0131ndan ba\u015far\u0131s\u0131z olan \u00f6\u011fretmen adaylar\u0131 i\u00e7in tek ders s\u0131nav\u0131 yap\u0131lmamaktad\u0131r.[\/vc_message][\/vc_column][vc_column width=&#8221;1\/4&#8243; css=&#8221;.vc_custom_1433426155624{margin-top: 20px !important;padding-right: 0px !important;}&#8221;][vc_widget_sidebar sidebar_id=&#8221;generated_sidebar-formasyon&#8221;][\/vc_column][\/vc_row]<\/p>\n","protected":false},"author":5,"featured_media":0,"parent":0,"menu_order":0,"comment_status":"closed","ping_status":"closed","template":"","meta":[],"translation":{"provider":"WPGlobus","version":"2.12.2","language":"en","enabled_languages":["tr","en"],"languages":{"tr":{"title":true,"content":true,"excerpt":false},"en":{"title":false,"content":false,"excerpt":false}}},"yoast_head":"<!-- This site is optimized with the Yoast SEO plugin v17.4 - https:\/\/yoast.com\/wordpress\/plugins\/seo\/ -->\n<meta name=\"robots\" content=\"index, follow, max-snippet:-1, max-image-preview:large, max-video-preview:-1\" \/>\n<link rel=\"canonical\" href=\"https:\/\/uzem.omu.edu.tr\/pedagojik-formasyon-akademik-takvim\/\" \/>\n<meta property=\"og:locale\" content=\"en_US\" \/>\n<meta property=\"og:type\" content=\"article\" \/>\n<meta property=\"og:title\" content=\"Pedagojik Formasyon | Akademik Takvim - OM\u00dc Uzaktan E\u011fitim Merkezi\" \/>\n<meta property=\"og:url\" content=\"https:\/\/uzem.omu.edu.tr\/pedagojik-formasyon-akademik-takvim\/\" \/>\n<meta property=\"og:site_name\" content=\"OM\u00dc Uzaktan E\u011fitim Merkezi\" \/>\n<meta property=\"article:publisher\" content=\"https:\/\/www.facebook.com\/omu.uzem\" \/>\n<meta property=\"article:modified_time\" content=\"2018-07-11T09:43:27+00:00\" \/>\n<meta name=\"twitter:card\" content=\"summary_large_image\" \/>\n<meta name=\"twitter:site\" content=\"@omuuzem\" \/>\n<meta name=\"twitter:label1\" content=\"Est. reading time\" \/>\n\t<meta name=\"twitter:data1\" content=\"1 minute\" \/>\n<script type=\"application\/ld+json\" class=\"yoast-schema-graph\">{\"@context\":\"https:\/\/schema.org\",\"@graph\":[{\"@type\":\"Organization\",\"@id\":\"https:\/\/uzem.omu.edu.tr\/#organization\",\"name\":\"UZEM\",\"url\":\"https:\/\/uzem.omu.edu.tr\/\",\"sameAs\":[\"https:\/\/www.facebook.com\/omu.uzem\",\"https:\/\/www.instagram.com\/omu.uzem\/\",\"https:\/\/www.youtube.com\/channel\/UCQ6c_wjaGQcIvBKTbPrOe2A\",\"https:\/\/twitter.com\/omuuzem\"],\"logo\":{\"@type\":\"ImageObject\",\"@id\":\"https:\/\/uzem.omu.edu.tr\/#logo\",\"inLanguage\":\"en-US\",\"url\":\"https:\/\/uzem.omu.edu.tr\/wp-content\/uploads\/ulogo-1.png\",\"contentUrl\":\"https:\/\/uzem.omu.edu.tr\/wp-content\/uploads\/ulogo-1.png\",\"width\":364,\"height\":39,\"caption\":\"UZEM\"},\"image\":{\"@id\":\"https:\/\/uzem.omu.edu.tr\/#logo\"}},{\"@type\":\"WebSite\",\"@id\":\"https:\/\/uzem.omu.edu.tr\/#website\",\"url\":\"https:\/\/uzem.omu.edu.tr\/\",\"name\":\"OM\\u00dc Uzaktan E\\u011fitim Merkezi\",\"description\":\"&quot;F\\u0131rsatlar Sunar&quot;\",\"publisher\":{\"@id\":\"https:\/\/uzem.omu.edu.tr\/#organization\"},\"potentialAction\":[{\"@type\":\"SearchAction\",\"target\":{\"@type\":\"EntryPoint\",\"urlTemplate\":\"https:\/\/uzem.omu.edu.tr\/?s={search_term_string}\"},\"query-input\":\"required name=search_term_string\"}],\"inLanguage\":\"en-US\"},{\"@type\":\"WebPage\",\"@id\":\"https:\/\/uzem.omu.edu.tr\/pedagojik-formasyon-akademik-takvim\/#webpage\",\"url\":\"https:\/\/uzem.omu.edu.tr\/pedagojik-formasyon-akademik-takvim\/\",\"name\":\"Pedagojik Formasyon | Akademik Takvim - OM\\u00dc Uzaktan E\\u011fitim Merkezi\",\"isPartOf\":{\"@id\":\"https:\/\/uzem.omu.edu.tr\/#website\"},\"datePublished\":\"2015-05-08T13:10:47+00:00\",\"dateModified\":\"2018-07-11T09:43:27+00:00\",\"breadcrumb\":{\"@id\":\"https:\/\/uzem.omu.edu.tr\/pedagojik-formasyon-akademik-takvim\/#breadcrumb\"},\"inLanguage\":\"en-US\",\"potentialAction\":[{\"@type\":\"ReadAction\",\"target\":[\"https:\/\/uzem.omu.edu.tr\/pedagojik-formasyon-akademik-takvim\/\"]}]},{\"@type\":\"BreadcrumbList\",\"@id\":\"https:\/\/uzem.omu.edu.tr\/pedagojik-formasyon-akademik-takvim\/#breadcrumb\",\"itemListElement\":[{\"@type\":\"ListItem\",\"position\":1,\"name\":\"Home\",\"item\":\"https:\/\/uzem.omu.edu.tr\/\"},{\"@type\":\"ListItem\",\"position\":2,\"name\":\"Pedagojik Formasyon | Akademik Takvim\"}]}]}<\/script>\n<!-- \/ Yoast SEO plugin. -->","yoast_head_json":{"robots":{"index":"index","follow":"follow","max-snippet":"max-snippet:-1","max-image-preview":"max-image-preview:large","max-video-preview":"max-video-preview:-1"},"canonical":"https:\/\/uzem.omu.edu.tr\/pedagojik-formasyon-akademik-takvim\/","og_locale":"en_US","og_type":"article","og_title":"Pedagojik Formasyon | Akademik Takvim - OM\u00dc Uzaktan E\u011fitim Merkezi","og_url":"https:\/\/uzem.omu.edu.tr\/pedagojik-formasyon-akademik-takvim\/","og_site_name":"OM\u00dc Uzaktan E\u011fitim Merkezi","article_publisher":"https:\/\/www.facebook.com\/omu.uzem","article_modified_time":"2018-07-11T09:43:27+00:00","twitter_card":"summary_large_image","twitter_site":"@omuuzem","twitter_misc":{"Est. reading time":"1 minute"},"schema":{"@context":"https:\/\/schema.org","@graph":[{"@type":"Organization","@id":"https:\/\/uzem.omu.edu.tr\/#organization","name":"UZEM","url":"https:\/\/uzem.omu.edu.tr\/","sameAs":["https:\/\/www.facebook.com\/omu.uzem","https:\/\/www.instagram.com\/omu.uzem\/","https:\/\/www.youtube.com\/channel\/UCQ6c_wjaGQcIvBKTbPrOe2A","https:\/\/twitter.com\/omuuzem"],"logo":{"@type":"ImageObject","@id":"https:\/\/uzem.omu.edu.tr\/#logo","inLanguage":"en-US","url":"https:\/\/uzem.omu.edu.tr\/wp-content\/uploads\/ulogo-1.png","contentUrl":"https:\/\/uzem.omu.edu.tr\/wp-content\/uploads\/ulogo-1.png","width":364,"height":39,"caption":"UZEM"},"image":{"@id":"https:\/\/uzem.omu.edu.tr\/#logo"}},{"@type":"WebSite","@id":"https:\/\/uzem.omu.edu.tr\/#website","url":"https:\/\/uzem.omu.edu.tr\/","name":"OM\u00dc Uzaktan E\u011fitim Merkezi","description":"&quot;F\u0131rsatlar Sunar&quot;","publisher":{"@id":"https:\/\/uzem.omu.edu.tr\/#organization"},"potentialAction":[{"@type":"SearchAction","target":{"@type":"EntryPoint","urlTemplate":"https:\/\/uzem.omu.edu.tr\/?s={search_term_string}"},"query-input":"required name=search_term_string"}],"inLanguage":"en-US"},{"@type":"WebPage","@id":"https:\/\/uzem.omu.edu.tr\/pedagojik-formasyon-akademik-takvim\/#webpage","url":"https:\/\/uzem.omu.edu.tr\/pedagojik-formasyon-akademik-takvim\/","name":"Pedagojik Formasyon | Akademik Takvim - OM\u00dc Uzaktan E\u011fitim Merkezi","isPartOf":{"@id":"https:\/\/uzem.omu.edu.tr\/#website"},"datePublished":"2015-05-08T13:10:47+00:00","dateModified":"2018-07-11T09:43:27+00:00","breadcrumb":{"@id":"https:\/\/uzem.omu.edu.tr\/pedagojik-formasyon-akademik-takvim\/#breadcrumb"},"inLanguage":"en-US","potentialAction":[{"@type":"ReadAction","target":["https:\/\/uzem.omu.edu.tr\/pedagojik-formasyon-akademik-takvim\/"]}]},{"@type":"BreadcrumbList","@id":"https:\/\/uzem.omu.edu.tr\/pedagojik-formasyon-akademik-takvim\/#breadcrumb","itemListElement":[{"@type":"ListItem","position":1,"name":"Home","item":"https:\/\/uzem.omu.edu.tr\/"},{"@type":"ListItem","position":2,"name":"Pedagojik Formasyon | Akademik Takvim"}]}]}},"_links":{"self":[{"href":"https:\/\/uzem.omu.edu.tr\/en\/wp-json\/wp\/v2\/pages\/1433"}],"collection":[{"href":"https:\/\/uzem.omu.edu.tr\/en\/wp-json\/wp\/v2\/pages"}],"about":[{"href":"https:\/\/uzem.omu.edu.tr\/en\/wp-json\/wp\/v2\/types\/page"}],"author":[{"embeddable":true,"href":"https:\/\/uzem.omu.edu.tr\/en\/wp-json\/wp\/v2\/users\/5"}],"replies":[{"embeddable":true,"href":"https:\/\/uzem.omu.edu.tr\/en\/wp-json\/wp\/v2\/comments?post=1433"}],"version-history":[{"count":6,"href":"https:\/\/uzem.omu.edu.tr\/en\/wp-json\/wp\/v2\/pages\/1433\/revisions"}],"predecessor-version":[{"id":18294,"href":"https:\/\/uzem.omu.edu.tr\/en\/wp-json\/wp\/v2\/pages\/1433\/revisions\/18294"}],"wp:attachment":[{"href":"https:\/\/uzem.omu.edu.tr\/en\/wp-json\/wp\/v2\/media?parent=1433"}],"curies":[{"name":"wp","href":"https:\/\/api.w.org\/{rel}","templated":true}]}}