{"id":1403,"date":"2015-05-08T12:59:36","date_gmt":"2015-05-08T12:59:36","guid":{"rendered":"https:\/\/uzem.omu.edu.tr\/?page_id=1403"},"modified":"2025-09-02T16:04:18","modified_gmt":"2025-09-02T13:04:18","slug":"ilahiyat-lisans-tamamlama-odeme-bilgileri","status":"publish","type":"page","link":"https:\/\/uzem.omu.edu.tr\/en\/ilahiyat-lisans-tamamlama-odeme-bilgileri\/","title":{"rendered":"\u0130lahiyat Lisans Tamamlama | \u00d6deme Bilgileri"},"content":{"rendered":"<p>[vc_row bg_type=&#8221;no_bg&#8221; css=&#8221;.vc_custom_1448269566393{margin-top: -5px !important;margin-right: 0px !important;margin-bottom: 0px !important;margin-left: 0px !important;border-top-width: 0px !important;border-bottom-width: 0px !important;padding-top: 0px !important;padding-right: 0px !important;padding-bottom: 0px !important;padding-left: 0px !important;}&#8221;][vc_column width=&#8221;3\/4&#8243; css=&#8221;.vc_custom_1450337879843{margin-top: 5px !important;margin-right: 0px !important;margin-bottom: 0px !important;margin-left: 0px !important;padding-top: 0px !important;padding-right: 0px !important;padding-bottom: 0px !important;padding-left: 0px !important;}&#8221;][vc_row_inner][vc_column_inner css=&#8221;.vc_custom_1450337913472{margin-bottom: -30px !important;padding-right: 0px !important;padding-left: 0px !important;}&#8221;][vc_widget_sidebar sidebar_id=&#8221;generated_sidebar-ilitam-ust-menu&#8221;][\/vc_column_inner][\/vc_row_inner][vc_column_text el_class=&#8221;menu-basligi&#8221; css=&#8221;.vc_custom_1726230574495{margin-top: 15px !important;}&#8221;]<strong>\u00d6DEME B\u0130LG\u0130LER\u0130<\/strong>[\/vc_column_text][vc_column_text]De\u011ferli \u00f6\u011frencilerimiz, \u00d6\u011frenim \u00dccreti ve Uzaktan \u00d6\u011fretim Materyal \u00dccreti\u00a0<strong>Ziraat Bank<\/strong><strong>\u00a0<\/strong>\u015fubeleri taraf\u0131ndan\u00a0<strong>\u00f6\u011frenci numaran\u0131z<\/strong>\u00a0ile tahsil edilecektir.<\/p>\n<p>Tahsil edilecek tutar\u0131n\u00a0<strong>Ziraat Bank<\/strong><strong>\u00a0<\/strong><strong>haricinde di\u011fer bankalara yat\u0131r\u0131lmamas\u0131 gerekmektedir<\/strong>. Di\u011fer bankalara yap\u0131lan \u00f6demelerden UZEM sorumlu de\u011fildir. Ola\u011fan\u00fcst\u00fc durumlar haricinde \u00f6demelerde EFT ve Havale yoluyla tahsilat yap\u0131lmayacakt\u0131r.[\/vc_column_text][vc_column_text el_class=&#8221;ders-tablosu&#8221; css=&#8221;.vc_custom_1756818275661{margin-top: 0px !important;margin-bottom: 0px !important;padding-top: 0px !important;padding-bottom: 0px !important;}&#8221;]<\/p>\n<table width=\"696\">\n<tbody>\n<tr>\n<td width=\"289\">Taksit<\/td>\n<td width=\"192\">\u00d6deme Tarihi<\/td>\n<td width=\"215\">Tutar<\/td>\n<\/tr>\n<tr>\n<td>\u00d6\u011frenim \u00dccreti ve\u00a0U\u00d6 Materyal \u00dccreti\u00a01. Taksit<\/td>\n<td>08 \u2013 19 Eyl\u00fcl 2025<\/td>\n<td width=\"215\">3.177,00 TL+ Materyal \u00dccreti<\/td>\n<\/tr>\n<tr>\n<td>\u00d6\u011frenim \u00dccreti ve\u00a0U\u00d6 Materyal \u00dccreti 2. Taksit<\/td>\n<td>02 \u2013 16 \u015eubat 2026<\/td>\n<td width=\"215\">3.177,00 TL+ Materyal \u00dccreti<\/td>\n<\/tr>\n<\/tbody>\n<\/table>\n<p>[\/vc_column_text][vc_column_text]<\/p>\n<p>*<strong>\u00d6\u011frenim \u00dccreti, takip eden e\u011fitim \u00f6\u011fretim y\u0131l\u0131 ba\u015flamadan \u00f6nce Bakanlar Kurulu taraf\u0131ndan belirlenir.\u00a0Belirlenen \u00fccret, ilgili \u00f6deme takviminde g\u00fcncellenir.<\/strong><\/p>\n<p>[\/vc_column_text][\/vc_column][vc_column width=&#8221;1\/4&#8243; css=&#8221;.vc_custom_1433425514224{margin-top: 20px !important;padding-right: 0px !important;}&#8221;][vc_widget_sidebar sidebar_id=&#8221;generated_sidebar-ilitam&#8221;][\/vc_column][\/vc_row]<\/p>\n","protected":false},"excerpt":{"rendered":"<p>[vc_row bg_type=&#8221;no_bg&#8221; css=&#8221;.vc_custom_1448269566393{margin-top: -5px !important;margin-right: 0px !important;margin-bottom: 0px !important;margin-left: 0px !important;border-top-width: 0px !important;border-bottom-width: 0px !important;padding-top: 0px !important;padding-right: 0px !important;padding-bottom: 0px !important;padding-left: 0px !important;}&#8221;][vc_column width=&#8221;3\/4&#8243; css=&#8221;.vc_custom_1450337879843{margin-top: 5px !important;margin-right: 0px !important;margin-bottom: 0px !important;margin-left: 0px !important;padding-top: 0px !important;padding-right: 0px !important;padding-bottom: 0px !important;padding-left: 0px !important;}&#8221;][vc_row_inner][vc_column_inner css=&#8221;.vc_custom_1450337913472{margin-bottom: -30px !important;padding-right: 0px !important;padding-left: 0px !important;}&#8221;][vc_widget_sidebar sidebar_id=&#8221;generated_sidebar-ilitam-ust-menu&#8221;][\/vc_column_inner][\/vc_row_inner][vc_column_text el_class=&#8221;menu-basligi&#8221; css=&#8221;.vc_custom_1726230574495{margin-top: 15px !important;}&#8221;]\u00d6DEME B\u0130LG\u0130LER\u0130[\/vc_column_text][vc_column_text]De\u011ferli \u00f6\u011frencilerimiz, \u00d6\u011frenim \u00dccreti ve Uzaktan \u00d6\u011fretim Materyal \u00dccreti\u00a0Ziraat Bank\u00a0\u015fubeleri taraf\u0131ndan\u00a0\u00f6\u011frenci numaran\u0131z\u00a0ile tahsil edilecektir. Tahsil edilecek tutar\u0131n\u00a0Ziraat Bank\u00a0haricinde di\u011fer bankalara yat\u0131r\u0131lmamas\u0131 gerekmektedir. Di\u011fer bankalara yap\u0131lan \u00f6demelerden UZEM sorumlu de\u011fildir. Ola\u011fan\u00fcst\u00fc durumlar haricinde \u00f6demelerde EFT ve Havale yoluyla tahsilat yap\u0131lmayacakt\u0131r.[\/vc_column_text][vc_column_text el_class=&#8221;ders-tablosu&#8221; css=&#8221;.vc_custom_1756818275661{margin-top: 0px !important;margin-bottom: 0px !important;padding-top: 0px !important;padding-bottom: 0px !important;}&#8221;] Taksit \u00d6deme Tarihi Tutar \u00d6\u011frenim \u00dccreti ve\u00a0U\u00d6 Materyal \u00dccreti\u00a01. Taksit 08 \u2013 19 Eyl\u00fcl 2025 3.177,00 TL+ Materyal \u00dccreti \u00d6\u011frenim \u00dccreti ve\u00a0U\u00d6 Materyal \u00dccreti 2. Taksit 02 \u2013 16 \u015eubat 2026 3.177,00 TL+ Materyal \u00dccreti [\/vc_column_text][vc_column_text] *\u00d6\u011frenim \u00dccreti, takip eden e\u011fitim \u00f6\u011fretim y\u0131l\u0131 ba\u015flamadan \u00f6nce Bakanlar Kurulu taraf\u0131ndan belirlenir.\u00a0Belirlenen \u00fccret, ilgili \u00f6deme takviminde g\u00fcncellenir. [\/vc_column_text][\/vc_column][vc_column width=&#8221;1\/4&#8243; css=&#8221;.vc_custom_1433425514224{margin-top: 20px !important;padding-right: 0px !important;}&#8221;][vc_widget_sidebar sidebar_id=&#8221;generated_sidebar-ilitam&#8221;][\/vc_column][\/vc_row]<\/p>\n","protected":false},"author":5,"featured_media":0,"parent":0,"menu_order":0,"comment_status":"closed","ping_status":"closed","template":"","meta":[],"translation":{"provider":"WPGlobus","version":"2.12.2","language":"en","enabled_languages":["tr","en"],"languages":{"tr":{"title":true,"content":true,"excerpt":false},"en":{"title":false,"content":false,"excerpt":false}}},"yoast_head":"<!-- This site is optimized with the Yoast SEO plugin v17.4 - https:\/\/yoast.com\/wordpress\/plugins\/seo\/ -->\n<meta name=\"robots\" content=\"index, follow, max-snippet:-1, max-image-preview:large, max-video-preview:-1\" \/>\n<link rel=\"canonical\" href=\"https:\/\/uzem.omu.edu.tr\/ilahiyat-lisans-tamamlama-odeme-bilgileri\/\" \/>\n<meta property=\"og:locale\" content=\"en_US\" \/>\n<meta property=\"og:type\" content=\"article\" \/>\n<meta property=\"og:title\" content=\"\u0130lahiyat Lisans Tamamlama | \u00d6deme Bilgileri - OM\u00dc Uzaktan E\u011fitim Merkezi\" \/>\n<meta property=\"og:url\" content=\"https:\/\/uzem.omu.edu.tr\/ilahiyat-lisans-tamamlama-odeme-bilgileri\/\" \/>\n<meta property=\"og:site_name\" content=\"OM\u00dc Uzaktan E\u011fitim Merkezi\" \/>\n<meta property=\"article:publisher\" content=\"https:\/\/www.facebook.com\/omu.uzem\" \/>\n<meta property=\"article:modified_time\" content=\"2025-09-02T13:04:18+00:00\" \/>\n<meta name=\"twitter:card\" content=\"summary_large_image\" \/>\n<meta name=\"twitter:site\" content=\"@omuuzem\" \/>\n<meta name=\"twitter:label1\" content=\"Est. reading time\" \/>\n\t<meta name=\"twitter:data1\" content=\"1 minute\" \/>\n<script type=\"application\/ld+json\" class=\"yoast-schema-graph\">{\"@context\":\"https:\/\/schema.org\",\"@graph\":[{\"@type\":\"Organization\",\"@id\":\"https:\/\/uzem.omu.edu.tr\/#organization\",\"name\":\"UZEM\",\"url\":\"https:\/\/uzem.omu.edu.tr\/\",\"sameAs\":[\"https:\/\/www.facebook.com\/omu.uzem\",\"https:\/\/www.instagram.com\/omu.uzem\/\",\"https:\/\/www.youtube.com\/channel\/UCQ6c_wjaGQcIvBKTbPrOe2A\",\"https:\/\/twitter.com\/omuuzem\"],\"logo\":{\"@type\":\"ImageObject\",\"@id\":\"https:\/\/uzem.omu.edu.tr\/#logo\",\"inLanguage\":\"en-US\",\"url\":\"https:\/\/uzem.omu.edu.tr\/wp-content\/uploads\/ulogo-1.png\",\"contentUrl\":\"https:\/\/uzem.omu.edu.tr\/wp-content\/uploads\/ulogo-1.png\",\"width\":364,\"height\":39,\"caption\":\"UZEM\"},\"image\":{\"@id\":\"https:\/\/uzem.omu.edu.tr\/#logo\"}},{\"@type\":\"WebSite\",\"@id\":\"https:\/\/uzem.omu.edu.tr\/#website\",\"url\":\"https:\/\/uzem.omu.edu.tr\/\",\"name\":\"OM\\u00dc Uzaktan E\\u011fitim Merkezi\",\"description\":\"&quot;F\\u0131rsatlar Sunar&quot;\",\"publisher\":{\"@id\":\"https:\/\/uzem.omu.edu.tr\/#organization\"},\"potentialAction\":[{\"@type\":\"SearchAction\",\"target\":{\"@type\":\"EntryPoint\",\"urlTemplate\":\"https:\/\/uzem.omu.edu.tr\/?s={search_term_string}\"},\"query-input\":\"required name=search_term_string\"}],\"inLanguage\":\"en-US\"},{\"@type\":\"WebPage\",\"@id\":\"https:\/\/uzem.omu.edu.tr\/ilahiyat-lisans-tamamlama-odeme-bilgileri\/#webpage\",\"url\":\"https:\/\/uzem.omu.edu.tr\/ilahiyat-lisans-tamamlama-odeme-bilgileri\/\",\"name\":\"\\u0130lahiyat Lisans Tamamlama | \\u00d6deme Bilgileri - OM\\u00dc Uzaktan E\\u011fitim Merkezi\",\"isPartOf\":{\"@id\":\"https:\/\/uzem.omu.edu.tr\/#website\"},\"datePublished\":\"2015-05-08T12:59:36+00:00\",\"dateModified\":\"2025-09-02T13:04:18+00:00\",\"breadcrumb\":{\"@id\":\"https:\/\/uzem.omu.edu.tr\/ilahiyat-lisans-tamamlama-odeme-bilgileri\/#breadcrumb\"},\"inLanguage\":\"en-US\",\"potentialAction\":[{\"@type\":\"ReadAction\",\"target\":[\"https:\/\/uzem.omu.edu.tr\/ilahiyat-lisans-tamamlama-odeme-bilgileri\/\"]}]},{\"@type\":\"BreadcrumbList\",\"@id\":\"https:\/\/uzem.omu.edu.tr\/ilahiyat-lisans-tamamlama-odeme-bilgileri\/#breadcrumb\",\"itemListElement\":[{\"@type\":\"ListItem\",\"position\":1,\"name\":\"Home\",\"item\":\"https:\/\/uzem.omu.edu.tr\/\"},{\"@type\":\"ListItem\",\"position\":2,\"name\":\"\\u0130lahiyat Lisans Tamamlama | \\u00d6deme Bilgileri\"}]}]}<\/script>\n<!-- \/ Yoast SEO plugin. -->","yoast_head_json":{"robots":{"index":"index","follow":"follow","max-snippet":"max-snippet:-1","max-image-preview":"max-image-preview:large","max-video-preview":"max-video-preview:-1"},"canonical":"https:\/\/uzem.omu.edu.tr\/ilahiyat-lisans-tamamlama-odeme-bilgileri\/","og_locale":"en_US","og_type":"article","og_title":"\u0130lahiyat Lisans Tamamlama | \u00d6deme Bilgileri - OM\u00dc Uzaktan E\u011fitim Merkezi","og_url":"https:\/\/uzem.omu.edu.tr\/ilahiyat-lisans-tamamlama-odeme-bilgileri\/","og_site_name":"OM\u00dc Uzaktan E\u011fitim Merkezi","article_publisher":"https:\/\/www.facebook.com\/omu.uzem","article_modified_time":"2025-09-02T13:04:18+00:00","twitter_card":"summary_large_image","twitter_site":"@omuuzem","twitter_misc":{"Est. reading time":"1 minute"},"schema":{"@context":"https:\/\/schema.org","@graph":[{"@type":"Organization","@id":"https:\/\/uzem.omu.edu.tr\/#organization","name":"UZEM","url":"https:\/\/uzem.omu.edu.tr\/","sameAs":["https:\/\/www.facebook.com\/omu.uzem","https:\/\/www.instagram.com\/omu.uzem\/","https:\/\/www.youtube.com\/channel\/UCQ6c_wjaGQcIvBKTbPrOe2A","https:\/\/twitter.com\/omuuzem"],"logo":{"@type":"ImageObject","@id":"https:\/\/uzem.omu.edu.tr\/#logo","inLanguage":"en-US","url":"https:\/\/uzem.omu.edu.tr\/wp-content\/uploads\/ulogo-1.png","contentUrl":"https:\/\/uzem.omu.edu.tr\/wp-content\/uploads\/ulogo-1.png","width":364,"height":39,"caption":"UZEM"},"image":{"@id":"https:\/\/uzem.omu.edu.tr\/#logo"}},{"@type":"WebSite","@id":"https:\/\/uzem.omu.edu.tr\/#website","url":"https:\/\/uzem.omu.edu.tr\/","name":"OM\u00dc Uzaktan E\u011fitim Merkezi","description":"&quot;F\u0131rsatlar Sunar&quot;","publisher":{"@id":"https:\/\/uzem.omu.edu.tr\/#organization"},"potentialAction":[{"@type":"SearchAction","target":{"@type":"EntryPoint","urlTemplate":"https:\/\/uzem.omu.edu.tr\/?s={search_term_string}"},"query-input":"required name=search_term_string"}],"inLanguage":"en-US"},{"@type":"WebPage","@id":"https:\/\/uzem.omu.edu.tr\/ilahiyat-lisans-tamamlama-odeme-bilgileri\/#webpage","url":"https:\/\/uzem.omu.edu.tr\/ilahiyat-lisans-tamamlama-odeme-bilgileri\/","name":"\u0130lahiyat Lisans Tamamlama | \u00d6deme Bilgileri - OM\u00dc Uzaktan E\u011fitim Merkezi","isPartOf":{"@id":"https:\/\/uzem.omu.edu.tr\/#website"},"datePublished":"2015-05-08T12:59:36+00:00","dateModified":"2025-09-02T13:04:18+00:00","breadcrumb":{"@id":"https:\/\/uzem.omu.edu.tr\/ilahiyat-lisans-tamamlama-odeme-bilgileri\/#breadcrumb"},"inLanguage":"en-US","potentialAction":[{"@type":"ReadAction","target":["https:\/\/uzem.omu.edu.tr\/ilahiyat-lisans-tamamlama-odeme-bilgileri\/"]}]},{"@type":"BreadcrumbList","@id":"https:\/\/uzem.omu.edu.tr\/ilahiyat-lisans-tamamlama-odeme-bilgileri\/#breadcrumb","itemListElement":[{"@type":"ListItem","position":1,"name":"Home","item":"https:\/\/uzem.omu.edu.tr\/"},{"@type":"ListItem","position":2,"name":"\u0130lahiyat Lisans Tamamlama | \u00d6deme Bilgileri"}]}]}},"_links":{"self":[{"href":"https:\/\/uzem.omu.edu.tr\/en\/wp-json\/wp\/v2\/pages\/1403"}],"collection":[{"href":"https:\/\/uzem.omu.edu.tr\/en\/wp-json\/wp\/v2\/pages"}],"about":[{"href":"https:\/\/uzem.omu.edu.tr\/en\/wp-json\/wp\/v2\/types\/page"}],"author":[{"embeddable":true,"href":"https:\/\/uzem.omu.edu.tr\/en\/wp-json\/wp\/v2\/users\/5"}],"replies":[{"embeddable":true,"href":"https:\/\/uzem.omu.edu.tr\/en\/wp-json\/wp\/v2\/comments?post=1403"}],"version-history":[{"count":26,"href":"https:\/\/uzem.omu.edu.tr\/en\/wp-json\/wp\/v2\/pages\/1403\/revisions"}],"predecessor-version":[{"id":26991,"href":"https:\/\/uzem.omu.edu.tr\/en\/wp-json\/wp\/v2\/pages\/1403\/revisions\/26991"}],"wp:attachment":[{"href":"https:\/\/uzem.omu.edu.tr\/en\/wp-json\/wp\/v2\/media?parent=1403"}],"curies":[{"name":"wp","href":"https:\/\/api.w.org\/{rel}","templated":true}]}}