{"id":1401,"date":"2015-05-08T12:59:07","date_gmt":"2015-05-08T12:59:07","guid":{"rendered":"https:\/\/uzem.omu.edu.tr\/?page_id=1401"},"modified":"2026-04-14T15:36:32","modified_gmt":"2026-04-14T12:36:32","slug":"ilahiyat-lisans-tamamlama-ders-icerikleri","status":"publish","type":"page","link":"https:\/\/uzem.omu.edu.tr\/en\/ilahiyat-lisans-tamamlama-ders-icerikleri\/","title":{"rendered":"\u0130lahiyat Lisans Tamamlama | Ders \u0130\u00e7erikleri"},"content":{"rendered":"<p>[vc_row css=&#8221;.vc_custom_1427462343642{margin-top: -5px !important;margin-left: 0px !important;padding-left: 0px !important;}&#8221;][vc_column width=&#8221;3\/4&#8243; css=&#8221;.vc_custom_1450336503076{margin-top: 5px !important;margin-right: 0px !important;padding-right: 0px !important;padding-left: 0px !important;}&#8221;][vc_row_inner][vc_column_inner css=&#8221;.vc_custom_1450336519522{margin-bottom: 5px !important;padding-right: 0px !important;padding-left: 0px !important;}&#8221;][vc_widget_sidebar sidebar_id=&#8221;generated_sidebar-ilitam-ust-menu&#8221;][\/vc_column_inner][\/vc_row_inner][vc_column_text el_class=&#8221;menu-basligi&#8221;]<\/p>\n<p><strong>DERS \u0130\u00c7ER\u0130KLER\u0130<\/strong><\/p>\n<p>[\/vc_column_text][vc_column_text el_class=&#8221;menu-basligi&#8221; css=&#8221;.vc_custom_1443617645104{margin-top: 5px !important;}&#8221;]<\/p>\n<p><strong>3. SINIF G\u00dcZ YARIYILI DERSLER\u0130<\/strong><\/p>\n<p>[\/vc_column_text][vc_column_text el_class=&#8221;ders-tablosu&#8221;]<\/p>\n<table width=\"502\">\n<tbody>\n<tr>\n<td width=\"45\">Kodu<\/td>\n<td width=\"144\">Ders Ad\u0131<\/td>\n<td width=\"44\">D+U+L<\/td>\n<td width=\"49\">Z\/S<\/td>\n<td width=\"220\">\u00d6\u011fretim \u00dcyesi<\/td>\n<\/tr>\n<tr>\n<td>\u0130LT301<\/td>\n<td>Kur\u2019an-\u0131 Kerim -I<\/td>\n<td>2+0+2<\/td>\n<td>Zorunlu<\/td>\n<td width=\"220\">Prof. Dr. Mustafa KARA<br \/>\nDo\u00e7. Dr. Ya\u015far AKASLAN<br \/>\nDr. \u00d6\u011fr. \u00dcyesi Osman BOSTAN<br \/>\n\u00d6\u011fr. G\u00f6r. Dr. Resul AKCAN<\/td>\n<\/tr>\n<tr>\n<td>\u0130LT303<\/td>\n<td>Arap\u00e7a I<\/td>\n<td>4+0+4<\/td>\n<td>Zorunlu<\/td>\n<td width=\"220\">Prof. Dr. Ahmed Y\u00dcKSEL<br \/>\nDr. \u00d6\u011fr.\u00dcyesi \u0130smail TEM\u0130Z<br \/>\nDr. \u00d6\u011fr. \u00dcyesi Mehmet K\u00d6KL\u00dcDA\u011e<\/td>\n<\/tr>\n<tr>\n<td>\u0130LT305<\/td>\n<td>F\u0131k\u0131h Usul\u00fc<\/td>\n<td>4+0+4<\/td>\n<td>Zorunlu<\/td>\n<td width=\"220\">Prof. Dr. Osman \u015eAH\u0130N<br \/>\nProf. Dr. Ali Y\u00dcKSEK<\/td>\n<\/tr>\n<tr>\n<td>\u0130LT307<\/td>\n<td>Sistematik Kelam<\/td>\n<td>4+0+4<\/td>\n<td>Zorunlu<\/td>\n<td width=\"220\">Prof. Dr. Fethi Kerim KAZAN\u00c7<br \/>\nProf. Dr. Faruk SANCAR<br \/>\nDo\u00e7. Dr.\u00a0R\u0131za KORKMAZG\u00d6Z<\/td>\n<\/tr>\n<tr>\n<td>\u0130LT309<\/td>\n<td>Mant\u0131k<\/td>\n<td>2+0+2<\/td>\n<td>Zorunlu<\/td>\n<td>Prof. Dr. Cafer Sad\u0131k YARAN<\/td>\n<\/tr>\n<tr>\n<td>\u0130LT311<\/td>\n<td>Osmanl\u0131 T\u00fcrk\u00e7esi<\/td>\n<td>2+0+2<\/td>\n<td>Zorunlu<\/td>\n<td>Do\u00e7. Dr. Ahmet DA\u011eLI<br \/>\nDr. \u00d6\u011fr. \u00dcyesi Halil \u0130brahim HAKSEVER<\/td>\n<\/tr>\n<tr>\n<td>\u0130LT313<\/td>\n<td>\u0130leti\u015fim ve Halkla \u0130li\u015fkiler<\/td>\n<td>2+0+2<\/td>\n<td>Zorunlu<\/td>\n<td>Prof. Dr. Hasan DAM<\/td>\n<\/tr>\n<\/tbody>\n<\/table>\n<p>[\/vc_column_text][vc_column_text el_class=&#8221;menu-basligi&#8221; css=&#8221;.vc_custom_1443617784014{margin-top: 5px !important;}&#8221;]<\/p>\n<p><strong>3. SINIF BAHAR\u00a0YARIYILI DERSLER\u0130<\/strong><\/p>\n<p>[\/vc_column_text][vc_column_text el_class=&#8221;ders-tablosu&#8221;]<\/p>\n<table width=\"614\">\n<tbody>\n<tr>\n<td width=\"54\"><strong>Kodu<\/strong><\/td>\n<td width=\"144\"><strong>Ders Ad\u0131<\/strong><\/td>\n<td width=\"45\"><strong>D+U+L<\/strong><\/td>\n<td width=\"55\"><strong>Z\/S<\/strong><\/td>\n<td width=\"316\"><strong>\u00d6\u011fretim \u00dcyesi<\/strong><\/td>\n<\/tr>\n<tr>\n<td>\u0130LT302<\/td>\n<td>Kur\u2019an-\u0131 Kerim II<\/td>\n<td>2+0+2<\/td>\n<td>Zorunlu<\/td>\n<td width=\"316\">Prof. Dr. Mustafa KARA<br \/>\nDo\u00e7. Dr. Ya\u015far AKASLAN<br \/>\nDr. \u00d6\u011fr. \u00dcyesi Osman BOSTAN<br \/>\n\u00d6\u011fr. G\u00f6r. Dr. Resul AKCAN<\/td>\n<\/tr>\n<tr>\n<td>\u0130LT304<\/td>\n<td>Arap\u00e7a II<\/td>\n<td>4+0+4<\/td>\n<td>Zorunlu<\/td>\n<td width=\"316\">Prof. Dr. Ahmet Y\u00dcKSEL<br \/>\nDr. \u00d6\u011fr. \u00dcyesi Murat YILDIZ<br \/>\nDr. \u00d6\u011fr. \u00dcyesi \u0130smail TEM\u0130Z<\/td>\n<\/tr>\n<tr>\n<td>\u0130LT306<\/td>\n<td>\u0130slam Hukuku I<\/td>\n<td>4+0+4<\/td>\n<td>Zorunlu<\/td>\n<td width=\"316\">Prof. Dr. Osman \u015eAH\u0130N<br \/>\nProf. Dr. Ali Y\u00dcKSEK<br \/>\nDr. \u00d6\u011fr. \u00dcyesi \u015eule G\u00dcLD\u00dc<\/td>\n<\/tr>\n<tr>\n<td>\u0130LT308<\/td>\n<td>\u0130slam Ahlak Felsefesi<\/td>\n<td>2+0+2<\/td>\n<td>Zorunlu<\/td>\n<td>Prof. Dr. Cafer Sad\u0131k YARAN<\/td>\n<\/tr>\n<tr>\n<td>\u0130LT310<\/td>\n<td>Felsefe Tarihi<\/td>\n<td>2+0+2<\/td>\n<td>Zorunlu<\/td>\n<td>Dr. \u00d6\u011fr. \u00dcyesi Hasan ATSIZ<\/td>\n<\/tr>\n<tr>\n<td>\u0130LT312<\/td>\n<td>\u0130slam Tarihi I<\/td>\n<td>4+0+4<\/td>\n<td>Zorunlu<\/td>\n<td width=\"316\">Prof. Dr. \u0130srafil BALCI<br \/>\nProf. Dr. Metin Y\u0131lmaz<br \/>\nDo\u00e7 Dr. Kenan AYAR<\/td>\n<\/tr>\n<tr>\n<td>\u0130LT314<\/td>\n<td>Din E\u011fitimi<\/td>\n<td>2+0+2<\/td>\n<td>Zorunlu<\/td>\n<td>Prof. Dr. Mustafa K\u00d6YL\u00dc<br \/>\nDr. \u00d6\u011fr. \u00dcyesi Elif SOB\u0130<\/td>\n<\/tr>\n<\/tbody>\n<\/table>\n<p>[\/vc_column_text][vc_column_text el_class=&#8221;menu-basligi&#8221; css=&#8221;.vc_custom_1443618271242{margin-top: 5px !important;}&#8221;]<\/p>\n<p><strong>4. SINIF G\u00dcZ\u00a0YARIYILI DERSLER\u0130<\/strong><\/p>\n<p>[\/vc_column_text][vc_column_text el_class=&#8221;ders-tablosu&#8221;]<\/p>\n<table width=\"422\">\n<tbody>\n<tr>\n<td width=\"45\">Kodu<\/td>\n<td width=\"99\">Ders Ad\u0131<\/td>\n<td width=\"44\">D+U+L<\/td>\n<td width=\"49\">Z\/S<\/td>\n<td width=\"185\">\u00d6\u011fretim \u00dcyesi<\/td>\n<\/tr>\n<tr>\n<td>\u0130LT401<\/td>\n<td>Kur\u2019an-\u0131 Kerim III<\/td>\n<td>2+0+2<\/td>\n<td>Zorunlu<\/td>\n<td width=\"185\">Prof. Dr. Mustafa KARA<br \/>\nDo\u00e7. Dr. Ya\u015far AKASLAN<br \/>\nDr. \u00d6\u011fr. \u00dcyesi Osman BOSTAN<br \/>\n\u00d6\u011fr. G\u00f6r. Dr. Resul AKCAN<\/td>\n<\/tr>\n<tr>\n<td>\u0130LT403<\/td>\n<td>Tefsir Metinleri I<\/td>\n<td>4+0+4<\/td>\n<td>Zorunlu<\/td>\n<td width=\"185\">Prof. Dr. Mehmet OKUYAN<br \/>\nProf. Dr. Recep DEM\u0130R<br \/>\nDo\u00e7. Dr. Muhammet Sacit KURT<\/td>\n<\/tr>\n<tr>\n<td>\u0130LT405<\/td>\n<td>\u0130slam Hukuku II<\/td>\n<td>4+0+4<\/td>\n<td>Zorunlu<\/td>\n<td width=\"185\">Prof. Dr. Ali Y\u00dcKSEK<br \/>\nDr. \u00d6\u011fr. \u00dcyesi \u015eule G\u00dcLD\u00dc<\/td>\n<\/tr>\n<tr>\n<td>\u0130LT407<\/td>\n<td>\u0130slam Felsefesi<\/td>\n<td>4+0+4<\/td>\n<td>Zorunlu<\/td>\n<td>Prof. Dr. Burhanettin TATAR<\/td>\n<\/tr>\n<tr>\n<td>\u0130LT409<\/td>\n<td>Hadis Metinleri I<\/td>\n<td>4+0+4<\/td>\n<td>Zorunlu<\/td>\n<td width=\"185\">Prof. Dr. H\u00fcseyin AKG\u00dcN<br \/>\nProf. Dr. Muhittin D\u00dcZENL\u0130<br \/>\nDo\u00e7. Dr. Bekir \u00d6Z\u00dcDO\u011eRU<\/td>\n<\/tr>\n<tr>\n<td>\u0130LT411<\/td>\n<td>\u0130slam Tarihi II<\/td>\n<td>2+0+2<\/td>\n<td>Zorunlu<\/td>\n<td width=\"185\">Prof. Dr. \u0130srafil BALCI<br \/>\nDo\u00e7. Dr. Kenan AYAR<\/td>\n<\/tr>\n<\/tbody>\n<\/table>\n<p>[\/vc_column_text][vc_column_text el_class=&#8221;menu-basligi&#8221; css=&#8221;.vc_custom_1443619952573{margin-top: 5px !important;}&#8221;]<\/p>\n<p><strong>4. SINIF BAHAR\u00a0YARIYILI DERSLER\u0130<\/strong><\/p>\n<p>[\/vc_column_text][vc_column_text el_class=&#8221;ders-tablosu&#8221;]<\/p>\n<table width=\"454\">\n<tbody>\n<tr>\n<td width=\"54\"><strong>Kodu<\/strong><\/td>\n<td width=\"127\"><strong>Ders Ad\u0131<\/strong><\/td>\n<td width=\"45\"><strong>D+U+L<\/strong><\/td>\n<td width=\"55\"><strong>Z\/S<\/strong><\/td>\n<td width=\"173\"><strong>\u00d6\u011fretim \u00dcyesi<\/strong><\/td>\n<\/tr>\n<tr>\n<td>\u0130LT402<\/td>\n<td>Kur\u2019an-\u0131 Kerim IV<\/td>\n<td>2+0+2<\/td>\n<td>Zorunlu<\/td>\n<td>Prof. Dr. Mustafa KARA<br \/>\nDo\u00e7. Dr. Ya\u015far AKASLAN<br \/>\nDr. \u00d6\u011fr. \u00dcyesi Osman BOSTAN<\/td>\n<\/tr>\n<tr>\n<td>\u0130LT404<\/td>\n<td>Hadis Metinleri II<\/td>\n<td>4+0+4<\/td>\n<td>Zorunlu<\/td>\n<td width=\"173\">Prof. Dr. Muhittin D\u00dcZENL\u0130<br \/>\nDo\u00e7. Dr. Bekir \u00d6Z\u00dcDO\u011eRU<\/td>\n<\/tr>\n<tr>\n<td>\u0130LT406<\/td>\n<td>Tefsir Metinleri II<\/td>\n<td>4+0+4<\/td>\n<td>Zorunlu<\/td>\n<td>Prof. Dr. Mehmet OKUYAN<br \/>\nProf. Dr. Recep DEM\u0130R<br \/>\nDo\u00e7. Dr. Sacit KURT<\/td>\n<\/tr>\n<tr>\n<td>\u0130LT408<\/td>\n<td>Din Felsefesi<\/td>\n<td>2+0+2<\/td>\n<td>Zorunlu<\/td>\n<td>Prof. Dr. Metin YASA<\/td>\n<\/tr>\n<tr>\n<td>\u0130LT410<\/td>\n<td>Tasavvuf<\/td>\n<td>4+0+4<\/td>\n<td>Zorunlu<\/td>\n<td width=\"173\">Do\u00e7. Dr. Muammer Cengiz<\/td>\n<\/tr>\n<tr>\n<td>\u0130LT412<\/td>\n<td>Dinler Tarihi<\/td>\n<td>4+0+4<\/td>\n<td>Zorunlu<\/td>\n<td width=\"173\">Prof. Dr. Cengiz BATUK<br \/>\nDr. \u00d6\u011fr. \u00dcyesi Merve AR<\/td>\n<\/tr>\n<\/tbody>\n<\/table>\n<p>[\/vc_column_text][\/vc_column][vc_column width=&#8221;1\/4&#8243; css=&#8221;.vc_custom_1433425414336{margin-top: 20px !important;padding-right: 0px !important;}&#8221;][vc_widget_sidebar sidebar_id=&#8221;generated_sidebar-ilitam&#8221;][\/vc_column][\/vc_row]<\/p>\n","protected":false},"excerpt":{"rendered":"<p>[vc_row css=&#8221;.vc_custom_1427462343642{margin-top: -5px !important;margin-left: 0px !important;padding-left: 0px !important;}&#8221;][vc_column width=&#8221;3\/4&#8243; css=&#8221;.vc_custom_1450336503076{margin-top: 5px !important;margin-right: 0px !important;padding-right: 0px !important;padding-left: 0px !important;}&#8221;][vc_row_inner][vc_column_inner css=&#8221;.vc_custom_1450336519522{margin-bottom: 5px !important;padding-right: 0px !important;padding-left: 0px !important;}&#8221;][vc_widget_sidebar sidebar_id=&#8221;generated_sidebar-ilitam-ust-menu&#8221;][\/vc_column_inner][\/vc_row_inner][vc_column_text el_class=&#8221;menu-basligi&#8221;] DERS \u0130\u00c7ER\u0130KLER\u0130 [\/vc_column_text][vc_column_text el_class=&#8221;menu-basligi&#8221; css=&#8221;.vc_custom_1443617645104{margin-top: 5px !important;}&#8221;] 3. SINIF G\u00dcZ YARIYILI DERSLER\u0130 [\/vc_column_text][vc_column_text el_class=&#8221;ders-tablosu&#8221;] Kodu Ders Ad\u0131 D+U+L Z\/S \u00d6\u011fretim \u00dcyesi \u0130LT301 Kur\u2019an-\u0131 Kerim -I 2+0+2 Zorunlu Prof. Dr. Mustafa KARA Do\u00e7. Dr. Ya\u015far AKASLAN Dr. \u00d6\u011fr. \u00dcyesi Osman BOSTAN \u00d6\u011fr. G\u00f6r. Dr. Resul AKCAN \u0130LT303 Arap\u00e7a I 4+0+4 Zorunlu Prof. Dr. Ahmed Y\u00dcKSEL Dr. \u00d6\u011fr.\u00dcyesi \u0130smail TEM\u0130Z Dr. \u00d6\u011fr. \u00dcyesi Mehmet K\u00d6KL\u00dcDA\u011e \u0130LT305 F\u0131k\u0131h Usul\u00fc 4+0+4 Zorunlu Prof. Dr. Osman \u015eAH\u0130N Prof. Dr. Ali Y\u00dcKSEK \u0130LT307 Sistematik Kelam 4+0+4 Zorunlu Prof. Dr. Fethi Kerim KAZAN\u00c7 Prof. Dr. Faruk SANCAR Do\u00e7. Dr.\u00a0R\u0131za KORKMAZG\u00d6Z \u0130LT309 Mant\u0131k 2+0+2 Zorunlu Prof. Dr. Cafer Sad\u0131k YARAN \u0130LT311 Osmanl\u0131 T\u00fcrk\u00e7esi 2+0+2 Zorunlu Do\u00e7. Dr. Ahmet DA\u011eLI Dr. \u00d6\u011fr. \u00dcyesi Halil \u0130brahim HAKSEVER \u0130LT313 \u0130leti\u015fim ve Halkla \u0130li\u015fkiler 2+0+2 Zorunlu Prof. Dr. Hasan DAM [\/vc_column_text][vc_column_text el_class=&#8221;menu-basligi&#8221; css=&#8221;.vc_custom_1443617784014{margin-top: 5px !important;}&#8221;] 3. SINIF BAHAR\u00a0YARIYILI DERSLER\u0130 [\/vc_column_text][vc_column_text el_class=&#8221;ders-tablosu&#8221;] Kodu Ders Ad\u0131 D+U+L Z\/S \u00d6\u011fretim \u00dcyesi \u0130LT302 Kur\u2019an-\u0131 Kerim II 2+0+2 Zorunlu Prof. Dr. Mustafa KARA Do\u00e7. Dr. Ya\u015far AKASLAN Dr. \u00d6\u011fr. \u00dcyesi Osman BOSTAN \u00d6\u011fr. G\u00f6r. Dr. Resul AKCAN \u0130LT304 Arap\u00e7a II 4+0+4 Zorunlu Prof. Dr. Ahmet Y\u00dcKSEL Dr. \u00d6\u011fr. \u00dcyesi Murat YILDIZ Dr. \u00d6\u011fr. \u00dcyesi \u0130smail TEM\u0130Z \u0130LT306 \u0130slam Hukuku I 4+0+4 Zorunlu Prof. Dr. Osman \u015eAH\u0130N Prof. Dr. Ali Y\u00dcKSEK Dr. \u00d6\u011fr. \u00dcyesi \u015eule G\u00dcLD\u00dc \u0130LT308 \u0130slam Ahlak Felsefesi 2+0+2 Zorunlu Prof. Dr. Cafer Sad\u0131k YARAN \u0130LT310 Felsefe Tarihi 2+0+2 [&hellip;]<\/p>\n","protected":false},"author":5,"featured_media":0,"parent":0,"menu_order":0,"comment_status":"closed","ping_status":"closed","template":"","meta":[],"translation":{"provider":"WPGlobus","version":"2.12.2","language":"en","enabled_languages":["tr","en"],"languages":{"tr":{"title":true,"content":true,"excerpt":false},"en":{"title":false,"content":false,"excerpt":false}}},"yoast_head":"<!-- This site is optimized with the Yoast SEO plugin v17.4 - https:\/\/yoast.com\/wordpress\/plugins\/seo\/ -->\n<meta name=\"robots\" content=\"index, follow, max-snippet:-1, max-image-preview:large, max-video-preview:-1\" \/>\n<link rel=\"canonical\" href=\"https:\/\/uzem.omu.edu.tr\/ilahiyat-lisans-tamamlama-ders-icerikleri\/\" \/>\n<meta property=\"og:locale\" content=\"en_US\" \/>\n<meta property=\"og:type\" content=\"article\" \/>\n<meta property=\"og:title\" content=\"\u0130lahiyat Lisans Tamamlama | Ders \u0130\u00e7erikleri - OM\u00dc Uzaktan E\u011fitim Merkezi\" \/>\n<meta property=\"og:url\" content=\"https:\/\/uzem.omu.edu.tr\/ilahiyat-lisans-tamamlama-ders-icerikleri\/\" \/>\n<meta property=\"og:site_name\" content=\"OM\u00dc Uzaktan E\u011fitim Merkezi\" \/>\n<meta property=\"article:publisher\" content=\"https:\/\/www.facebook.com\/omu.uzem\" \/>\n<meta property=\"article:modified_time\" content=\"2026-04-14T12:36:32+00:00\" \/>\n<meta name=\"twitter:card\" content=\"summary_large_image\" \/>\n<meta name=\"twitter:site\" content=\"@omuuzem\" \/>\n<meta name=\"twitter:label1\" content=\"Est. reading time\" \/>\n\t<meta name=\"twitter:data1\" content=\"3 minutes\" \/>\n<script type=\"application\/ld+json\" class=\"yoast-schema-graph\">{\"@context\":\"https:\/\/schema.org\",\"@graph\":[{\"@type\":\"Organization\",\"@id\":\"https:\/\/uzem.omu.edu.tr\/#organization\",\"name\":\"UZEM\",\"url\":\"https:\/\/uzem.omu.edu.tr\/\",\"sameAs\":[\"https:\/\/www.facebook.com\/omu.uzem\",\"https:\/\/www.instagram.com\/omu.uzem\/\",\"https:\/\/www.youtube.com\/channel\/UCQ6c_wjaGQcIvBKTbPrOe2A\",\"https:\/\/twitter.com\/omuuzem\"],\"logo\":{\"@type\":\"ImageObject\",\"@id\":\"https:\/\/uzem.omu.edu.tr\/#logo\",\"inLanguage\":\"en-US\",\"url\":\"https:\/\/uzem.omu.edu.tr\/wp-content\/uploads\/ulogo-1.png\",\"contentUrl\":\"https:\/\/uzem.omu.edu.tr\/wp-content\/uploads\/ulogo-1.png\",\"width\":364,\"height\":39,\"caption\":\"UZEM\"},\"image\":{\"@id\":\"https:\/\/uzem.omu.edu.tr\/#logo\"}},{\"@type\":\"WebSite\",\"@id\":\"https:\/\/uzem.omu.edu.tr\/#website\",\"url\":\"https:\/\/uzem.omu.edu.tr\/\",\"name\":\"OM\\u00dc Uzaktan E\\u011fitim Merkezi\",\"description\":\"&quot;F\\u0131rsatlar Sunar&quot;\",\"publisher\":{\"@id\":\"https:\/\/uzem.omu.edu.tr\/#organization\"},\"potentialAction\":[{\"@type\":\"SearchAction\",\"target\":{\"@type\":\"EntryPoint\",\"urlTemplate\":\"https:\/\/uzem.omu.edu.tr\/?s={search_term_string}\"},\"query-input\":\"required name=search_term_string\"}],\"inLanguage\":\"en-US\"},{\"@type\":\"WebPage\",\"@id\":\"https:\/\/uzem.omu.edu.tr\/ilahiyat-lisans-tamamlama-ders-icerikleri\/#webpage\",\"url\":\"https:\/\/uzem.omu.edu.tr\/ilahiyat-lisans-tamamlama-ders-icerikleri\/\",\"name\":\"\\u0130lahiyat Lisans Tamamlama | Ders \\u0130\\u00e7erikleri - OM\\u00dc Uzaktan E\\u011fitim Merkezi\",\"isPartOf\":{\"@id\":\"https:\/\/uzem.omu.edu.tr\/#website\"},\"datePublished\":\"2015-05-08T12:59:07+00:00\",\"dateModified\":\"2026-04-14T12:36:32+00:00\",\"breadcrumb\":{\"@id\":\"https:\/\/uzem.omu.edu.tr\/ilahiyat-lisans-tamamlama-ders-icerikleri\/#breadcrumb\"},\"inLanguage\":\"en-US\",\"potentialAction\":[{\"@type\":\"ReadAction\",\"target\":[\"https:\/\/uzem.omu.edu.tr\/ilahiyat-lisans-tamamlama-ders-icerikleri\/\"]}]},{\"@type\":\"BreadcrumbList\",\"@id\":\"https:\/\/uzem.omu.edu.tr\/ilahiyat-lisans-tamamlama-ders-icerikleri\/#breadcrumb\",\"itemListElement\":[{\"@type\":\"ListItem\",\"position\":1,\"name\":\"Home\",\"item\":\"https:\/\/uzem.omu.edu.tr\/\"},{\"@type\":\"ListItem\",\"position\":2,\"name\":\"\\u0130lahiyat Lisans Tamamlama | Ders \\u0130\\u00e7erikleri\"}]}]}<\/script>\n<!-- \/ Yoast SEO plugin. -->","yoast_head_json":{"robots":{"index":"index","follow":"follow","max-snippet":"max-snippet:-1","max-image-preview":"max-image-preview:large","max-video-preview":"max-video-preview:-1"},"canonical":"https:\/\/uzem.omu.edu.tr\/ilahiyat-lisans-tamamlama-ders-icerikleri\/","og_locale":"en_US","og_type":"article","og_title":"\u0130lahiyat Lisans Tamamlama | Ders \u0130\u00e7erikleri - OM\u00dc Uzaktan E\u011fitim Merkezi","og_url":"https:\/\/uzem.omu.edu.tr\/ilahiyat-lisans-tamamlama-ders-icerikleri\/","og_site_name":"OM\u00dc Uzaktan E\u011fitim Merkezi","article_publisher":"https:\/\/www.facebook.com\/omu.uzem","article_modified_time":"2026-04-14T12:36:32+00:00","twitter_card":"summary_large_image","twitter_site":"@omuuzem","twitter_misc":{"Est. reading time":"3 minutes"},"schema":{"@context":"https:\/\/schema.org","@graph":[{"@type":"Organization","@id":"https:\/\/uzem.omu.edu.tr\/#organization","name":"UZEM","url":"https:\/\/uzem.omu.edu.tr\/","sameAs":["https:\/\/www.facebook.com\/omu.uzem","https:\/\/www.instagram.com\/omu.uzem\/","https:\/\/www.youtube.com\/channel\/UCQ6c_wjaGQcIvBKTbPrOe2A","https:\/\/twitter.com\/omuuzem"],"logo":{"@type":"ImageObject","@id":"https:\/\/uzem.omu.edu.tr\/#logo","inLanguage":"en-US","url":"https:\/\/uzem.omu.edu.tr\/wp-content\/uploads\/ulogo-1.png","contentUrl":"https:\/\/uzem.omu.edu.tr\/wp-content\/uploads\/ulogo-1.png","width":364,"height":39,"caption":"UZEM"},"image":{"@id":"https:\/\/uzem.omu.edu.tr\/#logo"}},{"@type":"WebSite","@id":"https:\/\/uzem.omu.edu.tr\/#website","url":"https:\/\/uzem.omu.edu.tr\/","name":"OM\u00dc Uzaktan E\u011fitim Merkezi","description":"&quot;F\u0131rsatlar Sunar&quot;","publisher":{"@id":"https:\/\/uzem.omu.edu.tr\/#organization"},"potentialAction":[{"@type":"SearchAction","target":{"@type":"EntryPoint","urlTemplate":"https:\/\/uzem.omu.edu.tr\/?s={search_term_string}"},"query-input":"required name=search_term_string"}],"inLanguage":"en-US"},{"@type":"WebPage","@id":"https:\/\/uzem.omu.edu.tr\/ilahiyat-lisans-tamamlama-ders-icerikleri\/#webpage","url":"https:\/\/uzem.omu.edu.tr\/ilahiyat-lisans-tamamlama-ders-icerikleri\/","name":"\u0130lahiyat Lisans Tamamlama | Ders \u0130\u00e7erikleri - OM\u00dc Uzaktan E\u011fitim Merkezi","isPartOf":{"@id":"https:\/\/uzem.omu.edu.tr\/#website"},"datePublished":"2015-05-08T12:59:07+00:00","dateModified":"2026-04-14T12:36:32+00:00","breadcrumb":{"@id":"https:\/\/uzem.omu.edu.tr\/ilahiyat-lisans-tamamlama-ders-icerikleri\/#breadcrumb"},"inLanguage":"en-US","potentialAction":[{"@type":"ReadAction","target":["https:\/\/uzem.omu.edu.tr\/ilahiyat-lisans-tamamlama-ders-icerikleri\/"]}]},{"@type":"BreadcrumbList","@id":"https:\/\/uzem.omu.edu.tr\/ilahiyat-lisans-tamamlama-ders-icerikleri\/#breadcrumb","itemListElement":[{"@type":"ListItem","position":1,"name":"Home","item":"https:\/\/uzem.omu.edu.tr\/"},{"@type":"ListItem","position":2,"name":"\u0130lahiyat Lisans Tamamlama | Ders \u0130\u00e7erikleri"}]}]}},"_links":{"self":[{"href":"https:\/\/uzem.omu.edu.tr\/en\/wp-json\/wp\/v2\/pages\/1401"}],"collection":[{"href":"https:\/\/uzem.omu.edu.tr\/en\/wp-json\/wp\/v2\/pages"}],"about":[{"href":"https:\/\/uzem.omu.edu.tr\/en\/wp-json\/wp\/v2\/types\/page"}],"author":[{"embeddable":true,"href":"https:\/\/uzem.omu.edu.tr\/en\/wp-json\/wp\/v2\/users\/5"}],"replies":[{"embeddable":true,"href":"https:\/\/uzem.omu.edu.tr\/en\/wp-json\/wp\/v2\/comments?post=1401"}],"version-history":[{"count":61,"href":"https:\/\/uzem.omu.edu.tr\/en\/wp-json\/wp\/v2\/pages\/1401\/revisions"}],"predecessor-version":[{"id":27541,"href":"https:\/\/uzem.omu.edu.tr\/en\/wp-json\/wp\/v2\/pages\/1401\/revisions\/27541"}],"wp:attachment":[{"href":"https:\/\/uzem.omu.edu.tr\/en\/wp-json\/wp\/v2\/media?parent=1401"}],"curies":[{"name":"wp","href":"https:\/\/api.w.org\/{rel}","templated":true}]}}