{"id":1399,"date":"2015-05-08T12:58:39","date_gmt":"2015-05-08T12:58:39","guid":{"rendered":"https:\/\/uzem.omu.edu.tr\/?page_id=1399"},"modified":"2020-05-12T11:39:15","modified_gmt":"2020-05-12T08:39:15","slug":"ilahiyat-lisans-tamamlama-akademik-takvim","status":"publish","type":"page","link":"https:\/\/uzem.omu.edu.tr\/en\/ilahiyat-lisans-tamamlama-akademik-takvim\/","title":{"rendered":"\u0130lahiyat Lisans Tamamlama | Akademik Takvim"},"content":{"rendered":"<p>[vc_row css=&#8221;.vc_custom_1427462343642{margin-top: -5px !important;margin-left: 0px !important;padding-left: 0px !important;}&#8221;][vc_column width=&#8221;3\/4&#8243; css=&#8221;.vc_custom_1450183808420{margin-top: 5px !important;margin-right: 0px !important;padding-right: 0px !important;padding-left: 0px !important;}&#8221;][vc_row_inner][vc_column_inner css=&#8221;.vc_custom_1450183823454{margin-bottom: 5px !important;padding-right: 0px !important;padding-left: 0px !important;}&#8221;][vc_widget_sidebar sidebar_id=&#8221;generated_sidebar-ilitam-ust-menu&#8221;][\/vc_column_inner][\/vc_row_inner][vc_column_text el_class=&#8221;.menu-basligi&#8221;]<\/p>\n<p><strong>AKADEM\u0130K TAKV\u0130M<\/strong><\/p>\n<p>[\/vc_column_text][vc_column_text el_class=&#8221;ders-tablosu&#8221;]<\/p>\n<table width=\"693\">\n<tbody>\n<tr>\n<td width=\"162\">G\u00dcZ YARIYILI<\/td>\n<td width=\"531\">OLAY<\/td>\n<\/tr>\n<tr>\n<td>5 Eyl\u00fcl 2019<\/td>\n<td>Bilgi paketi-Ders Katalo\u011fu g\u00fcncelleme son tarih<\/td>\n<\/tr>\n<tr>\n<td>05 &#8211; 30 Eyl\u00fcl 2019<\/td>\n<td>Yeni Kay\u0131tlanan\/Devam Eden \u00d6\u011frencilerin \u00d6\u011frenim \u00dccreti ve Materyal \u00dccreti Taksitinin Yat\u0131r\u0131lmas\u0131<\/td>\n<\/tr>\n<tr>\n<td>16 &#8211; 30 Eyl\u00fcl 2019<\/td>\n<td>Yeni Kay\u0131tlanan\/Devam Eden \u00d6\u011frencilerin \u0130nternetten Ders<br \/>\nKay\u0131tlar\u0131n\u0131 Yapmas\u0131<\/td>\n<\/tr>\n<tr>\n<td>16 Eyl\u00fcl 2019<\/td>\n<td>A-Senkron Derslerin Ba\u015flamas\u0131<\/td>\n<\/tr>\n<tr>\n<td>23 Eyl\u00fcl 2019<\/td>\n<td>Senkron Derslerin Ba\u015flamas\u0131<\/td>\n<\/tr>\n<tr>\n<td>23 &#8211; 30 Eyl\u00fcl 2019<\/td>\n<td>Dan\u0131\u015fman Onay\u0131 Ba\u015flang\u0131c\u0131 ve Bitimi<\/td>\n<\/tr>\n<tr>\n<td>18 Ekim 2019<\/td>\n<td>\u0130nternet \u00dczerinden Mazeretli Ders Kay\u0131tlar\u0131n\u0131n Yapmas\u0131<\/td>\n<\/tr>\n<tr>\n<td>09-17 Kas\u0131m 2019<\/td>\n<td>Ara S\u0131navlar (\u0130nternet \u00dczerinden)<\/td>\n<\/tr>\n<tr>\n<td>27 Aral\u0131k 2019<\/td>\n<td>Senkron Derslerin Bitimi<\/td>\n<\/tr>\n<tr>\n<td>UZEM Taraf\u0131ndan Belirlenecektir<\/td>\n<td>Uygulama Dersi Ba\u015flama ve Bitimi<\/td>\n<\/tr>\n<tr>\n<td>04-05 Ocak 2020<\/td>\n<td>Yar\u0131y\u0131l Sonu S\u0131navlar\u0131<\/td>\n<\/tr>\n<tr>\n<td>25-26 Ocak 2020<\/td>\n<td>B\u00fct\u00fcnleme S\u0131navlar\u0131<\/td>\n<\/tr>\n<tr>\n<td>31 Ocak 2020<\/td>\n<td>Tek Ders S\u0131navlar\u0131 \u0130\u00e7in Akademik Birime Ba\u015fvurunun Son G\u00fcn\u00fc<\/td>\n<\/tr>\n<tr>\n<td>03 &#8211; 04 \u015eubat 2020<\/td>\n<td>Tek Ders S\u0131navlar\u0131<\/td>\n<\/tr>\n<\/tbody>\n<\/table>\n<p>[\/vc_column_text][vc_column_text el_class=&#8221;ders-tablosu&#8221;]<\/p>\n<table width=\"1164\">\n<tbody>\n<tr>\n<td width=\"209\">BAHAR YARIYILI<\/td>\n<td width=\"955\">OLAY<\/td>\n<\/tr>\n<tr>\n<td>27 Ocak 2020<\/td>\n<td>Bilgi Paketi-Ders Katalo\u011fu G\u00fcncelleme Son Tarih<\/td>\n<\/tr>\n<tr>\n<td>01 &#8211; 12 \u015eubat 2020<\/td>\n<td>T\u00fcm \u00d6\u011frencilerin Kesin Kay\u0131t\/Ders Kay\u0131tlar\u0131 \u2013 Materyal Gideri ve \u00d6\u011frenim \u00dccretlerinin \u00d6denmesi \/ Devam Eden \u00d6\u011frencilerin \u0130nternetten Ders Kay\u0131tlar\u0131<\/td>\n<\/tr>\n<tr>\n<td>10 &#8211; 17 \u015eubat 2020<\/td>\n<td>Dan\u0131\u015fman Onay\u0131 Ba\u015flang\u0131c\u0131 ve Bitimi<\/td>\n<\/tr>\n<tr>\n<td>03 \u015eubat 2020<\/td>\n<td>A-Senkron Derslerin Ba\u015flamas\u0131<\/td>\n<\/tr>\n<tr>\n<td>10 \u015eubat 2020<\/td>\n<td>Senkron Derslerin Ba\u015flamas\u0131<\/td>\n<\/tr>\n<tr>\n<td>06 Mart 2020<\/td>\n<td>\u0130nternetten Mazeretli Ders Kay\u0131tlar\u0131n\u0131n Yap\u0131lmas\u0131 Son G\u00fcn\u00fc<\/td>\n<\/tr>\n<tr>\n<td>28 Mart-05 Nisan 2020<\/td>\n<td>Ara S\u0131navlar<\/td>\n<\/tr>\n<tr>\n<td>15 May\u0131s 2020<\/td>\n<td>Senkron Derslerin Bitimi<\/td>\n<\/tr>\n<tr>\n<td>UZEM Taraf\u0131ndan Belirlenecektir<\/td>\n<td>Uygulama Dersi Ba\u015flama Bitimi<\/td>\n<\/tr>\n<tr>\n<td>30 May\u0131s &#8211; 07 Haziran 2020<\/td>\n<td>Yar\u0131y\u0131l Sonu S\u0131navlar\u0131<\/td>\n<\/tr>\n<tr>\n<td>04-05 Temmuz 2020<\/td>\n<td>B\u00fct\u00fcnleme S\u0131navlar\u0131<\/td>\n<\/tr>\n<tr>\n<td>10 Temmuz 2020<\/td>\n<td>Tek Ders S\u0131navlar\u0131 \u0130\u00e7in Akademik Birime Ba\u015fvurunun Son G\u00fcn\u00fc<\/td>\n<\/tr>\n<tr>\n<td>13-14 Temmuz 2020<\/td>\n<td>Tek Ders S\u0131navlar\u0131<\/td>\n<\/tr>\n<\/tbody>\n<\/table>\n<p>[\/vc_column_text][vc_message message_box_style=&#8221;solid&#8221; style=&#8221;square&#8221; message_box_color=&#8221;green&#8221; icon_fontawesome=&#8221;fa fa-bell&#8221;]<\/p>\n<p>\u00d6\u011frencilerimizin Tek Ders S\u0131nav Takvimi ayr\u0131nt\u0131lar\u0131 i\u00e7in <a href=\"http:\/\/ilahiyat.omu.edu.tr\/\" target=\"_blank\" rel=\"noopener noreferrer\">\u0130lahiyat Fak\u00fcltesi\u00a0web sayfas\u0131n\u0131 <i class=\"fa fa-external-link \" ><\/i><\/a> ziyaret etmeleri veya okullar\u0131yla ileti\u015fime ge\u00e7meleri gerekmektedir.<\/p>\n<p>[\/vc_message][\/vc_column][vc_column width=&#8221;1\/4&#8243; css=&#8221;.vc_custom_1433425355408{margin-top: 20px !important;padding-right: 0px !important;}&#8221;][vc_widget_sidebar sidebar_id=&#8221;generated_sidebar-ilitam&#8221;][\/vc_column][\/vc_row]<\/p>\n","protected":false},"excerpt":{"rendered":"<p>[vc_row css=&#8221;.vc_custom_1427462343642{margin-top: -5px !important;margin-left: 0px !important;padding-left: 0px !important;}&#8221;][vc_column width=&#8221;3\/4&#8243; css=&#8221;.vc_custom_1450183808420{margin-top: 5px !important;margin-right: 0px !important;padding-right: 0px !important;padding-left: 0px !important;}&#8221;][vc_row_inner][vc_column_inner css=&#8221;.vc_custom_1450183823454{margin-bottom: 5px !important;padding-right: 0px !important;padding-left: 0px !important;}&#8221;][vc_widget_sidebar sidebar_id=&#8221;generated_sidebar-ilitam-ust-menu&#8221;][\/vc_column_inner][\/vc_row_inner][vc_column_text el_class=&#8221;.menu-basligi&#8221;] AKADEM\u0130K TAKV\u0130M [\/vc_column_text][vc_column_text el_class=&#8221;ders-tablosu&#8221;] G\u00dcZ YARIYILI OLAY 5 Eyl\u00fcl 2019 Bilgi paketi-Ders Katalo\u011fu g\u00fcncelleme son tarih 05 &#8211; 30 Eyl\u00fcl 2019 Yeni Kay\u0131tlanan\/Devam Eden \u00d6\u011frencilerin \u00d6\u011frenim \u00dccreti ve Materyal \u00dccreti Taksitinin Yat\u0131r\u0131lmas\u0131 16 &#8211; 30 Eyl\u00fcl 2019 Yeni Kay\u0131tlanan\/Devam Eden \u00d6\u011frencilerin \u0130nternetten Ders Kay\u0131tlar\u0131n\u0131 Yapmas\u0131 16 Eyl\u00fcl 2019 A-Senkron Derslerin Ba\u015flamas\u0131 23 Eyl\u00fcl 2019 Senkron Derslerin Ba\u015flamas\u0131 23 &#8211; 30 Eyl\u00fcl 2019 Dan\u0131\u015fman Onay\u0131 Ba\u015flang\u0131c\u0131 ve Bitimi 18 Ekim 2019 \u0130nternet \u00dczerinden Mazeretli Ders Kay\u0131tlar\u0131n\u0131n Yapmas\u0131 09-17 Kas\u0131m 2019 Ara S\u0131navlar (\u0130nternet \u00dczerinden) 27 Aral\u0131k 2019 Senkron Derslerin Bitimi UZEM Taraf\u0131ndan Belirlenecektir Uygulama Dersi Ba\u015flama ve Bitimi 04-05 Ocak 2020 Yar\u0131y\u0131l Sonu S\u0131navlar\u0131 25-26 Ocak 2020 B\u00fct\u00fcnleme S\u0131navlar\u0131 31 Ocak 2020 Tek Ders S\u0131navlar\u0131 \u0130\u00e7in Akademik Birime Ba\u015fvurunun Son G\u00fcn\u00fc 03 &#8211; 04 \u015eubat 2020 Tek Ders S\u0131navlar\u0131 [\/vc_column_text][vc_column_text el_class=&#8221;ders-tablosu&#8221;] BAHAR YARIYILI OLAY 27 Ocak 2020 Bilgi Paketi-Ders Katalo\u011fu G\u00fcncelleme Son Tarih 01 &#8211; 12 \u015eubat 2020 T\u00fcm \u00d6\u011frencilerin Kesin Kay\u0131t\/Ders Kay\u0131tlar\u0131 \u2013 Materyal Gideri ve \u00d6\u011frenim \u00dccretlerinin \u00d6denmesi \/ Devam Eden \u00d6\u011frencilerin \u0130nternetten Ders Kay\u0131tlar\u0131 10 &#8211; 17 \u015eubat 2020 Dan\u0131\u015fman Onay\u0131 Ba\u015flang\u0131c\u0131 ve Bitimi 03 \u015eubat 2020 A-Senkron Derslerin Ba\u015flamas\u0131 10 \u015eubat 2020 Senkron Derslerin Ba\u015flamas\u0131 06 Mart 2020 \u0130nternetten Mazeretli Ders Kay\u0131tlar\u0131n\u0131n Yap\u0131lmas\u0131 Son G\u00fcn\u00fc 28 Mart-05 Nisan 2020 Ara S\u0131navlar 15 May\u0131s 2020 Senkron Derslerin Bitimi UZEM Taraf\u0131ndan Belirlenecektir Uygulama Dersi Ba\u015flama Bitimi 30 May\u0131s &#8211; 07 Haziran 2020 [&hellip;]<\/p>\n","protected":false},"author":5,"featured_media":0,"parent":0,"menu_order":0,"comment_status":"closed","ping_status":"closed","template":"","meta":[],"translation":{"provider":"WPGlobus","version":"2.12.2","language":"en","enabled_languages":["tr","en"],"languages":{"tr":{"title":true,"content":true,"excerpt":false},"en":{"title":false,"content":false,"excerpt":false}}},"yoast_head":"<!-- This site is optimized with the Yoast SEO plugin v17.4 - https:\/\/yoast.com\/wordpress\/plugins\/seo\/ -->\n<meta name=\"robots\" content=\"index, follow, max-snippet:-1, max-image-preview:large, max-video-preview:-1\" \/>\n<link rel=\"canonical\" href=\"https:\/\/uzem.omu.edu.tr\/ilahiyat-lisans-tamamlama-akademik-takvim\/\" \/>\n<meta property=\"og:locale\" content=\"en_US\" \/>\n<meta property=\"og:type\" content=\"article\" \/>\n<meta property=\"og:title\" content=\"\u0130lahiyat Lisans Tamamlama | Akademik Takvim - OM\u00dc Uzaktan E\u011fitim Merkezi\" \/>\n<meta property=\"og:url\" content=\"https:\/\/uzem.omu.edu.tr\/ilahiyat-lisans-tamamlama-akademik-takvim\/\" \/>\n<meta property=\"og:site_name\" content=\"OM\u00dc Uzaktan E\u011fitim Merkezi\" \/>\n<meta property=\"article:publisher\" content=\"https:\/\/www.facebook.com\/omu.uzem\" \/>\n<meta property=\"article:modified_time\" content=\"2020-05-12T08:39:15+00:00\" \/>\n<meta name=\"twitter:card\" content=\"summary_large_image\" \/>\n<meta name=\"twitter:site\" content=\"@omuuzem\" \/>\n<meta name=\"twitter:label1\" content=\"Est. reading time\" \/>\n\t<meta name=\"twitter:data1\" content=\"2 minutes\" \/>\n<script type=\"application\/ld+json\" class=\"yoast-schema-graph\">{\"@context\":\"https:\/\/schema.org\",\"@graph\":[{\"@type\":\"Organization\",\"@id\":\"https:\/\/uzem.omu.edu.tr\/#organization\",\"name\":\"UZEM\",\"url\":\"https:\/\/uzem.omu.edu.tr\/\",\"sameAs\":[\"https:\/\/www.facebook.com\/omu.uzem\",\"https:\/\/www.instagram.com\/omu.uzem\/\",\"https:\/\/www.youtube.com\/channel\/UCQ6c_wjaGQcIvBKTbPrOe2A\",\"https:\/\/twitter.com\/omuuzem\"],\"logo\":{\"@type\":\"ImageObject\",\"@id\":\"https:\/\/uzem.omu.edu.tr\/#logo\",\"inLanguage\":\"en-US\",\"url\":\"https:\/\/uzem.omu.edu.tr\/wp-content\/uploads\/ulogo-1.png\",\"contentUrl\":\"https:\/\/uzem.omu.edu.tr\/wp-content\/uploads\/ulogo-1.png\",\"width\":364,\"height\":39,\"caption\":\"UZEM\"},\"image\":{\"@id\":\"https:\/\/uzem.omu.edu.tr\/#logo\"}},{\"@type\":\"WebSite\",\"@id\":\"https:\/\/uzem.omu.edu.tr\/#website\",\"url\":\"https:\/\/uzem.omu.edu.tr\/\",\"name\":\"OM\\u00dc Uzaktan E\\u011fitim Merkezi\",\"description\":\"&quot;F\\u0131rsatlar Sunar&quot;\",\"publisher\":{\"@id\":\"https:\/\/uzem.omu.edu.tr\/#organization\"},\"potentialAction\":[{\"@type\":\"SearchAction\",\"target\":{\"@type\":\"EntryPoint\",\"urlTemplate\":\"https:\/\/uzem.omu.edu.tr\/?s={search_term_string}\"},\"query-input\":\"required name=search_term_string\"}],\"inLanguage\":\"en-US\"},{\"@type\":\"WebPage\",\"@id\":\"https:\/\/uzem.omu.edu.tr\/ilahiyat-lisans-tamamlama-akademik-takvim\/#webpage\",\"url\":\"https:\/\/uzem.omu.edu.tr\/ilahiyat-lisans-tamamlama-akademik-takvim\/\",\"name\":\"\\u0130lahiyat Lisans Tamamlama | Akademik Takvim - OM\\u00dc Uzaktan E\\u011fitim Merkezi\",\"isPartOf\":{\"@id\":\"https:\/\/uzem.omu.edu.tr\/#website\"},\"datePublished\":\"2015-05-08T12:58:39+00:00\",\"dateModified\":\"2020-05-12T08:39:15+00:00\",\"breadcrumb\":{\"@id\":\"https:\/\/uzem.omu.edu.tr\/ilahiyat-lisans-tamamlama-akademik-takvim\/#breadcrumb\"},\"inLanguage\":\"en-US\",\"potentialAction\":[{\"@type\":\"ReadAction\",\"target\":[\"https:\/\/uzem.omu.edu.tr\/ilahiyat-lisans-tamamlama-akademik-takvim\/\"]}]},{\"@type\":\"BreadcrumbList\",\"@id\":\"https:\/\/uzem.omu.edu.tr\/ilahiyat-lisans-tamamlama-akademik-takvim\/#breadcrumb\",\"itemListElement\":[{\"@type\":\"ListItem\",\"position\":1,\"name\":\"Home\",\"item\":\"https:\/\/uzem.omu.edu.tr\/\"},{\"@type\":\"ListItem\",\"position\":2,\"name\":\"\\u0130lahiyat Lisans Tamamlama | Akademik Takvim\"}]}]}<\/script>\n<!-- \/ Yoast SEO plugin. -->","yoast_head_json":{"robots":{"index":"index","follow":"follow","max-snippet":"max-snippet:-1","max-image-preview":"max-image-preview:large","max-video-preview":"max-video-preview:-1"},"canonical":"https:\/\/uzem.omu.edu.tr\/ilahiyat-lisans-tamamlama-akademik-takvim\/","og_locale":"en_US","og_type":"article","og_title":"\u0130lahiyat Lisans Tamamlama | Akademik Takvim - OM\u00dc Uzaktan E\u011fitim Merkezi","og_url":"https:\/\/uzem.omu.edu.tr\/ilahiyat-lisans-tamamlama-akademik-takvim\/","og_site_name":"OM\u00dc Uzaktan E\u011fitim Merkezi","article_publisher":"https:\/\/www.facebook.com\/omu.uzem","article_modified_time":"2020-05-12T08:39:15+00:00","twitter_card":"summary_large_image","twitter_site":"@omuuzem","twitter_misc":{"Est. reading time":"2 minutes"},"schema":{"@context":"https:\/\/schema.org","@graph":[{"@type":"Organization","@id":"https:\/\/uzem.omu.edu.tr\/#organization","name":"UZEM","url":"https:\/\/uzem.omu.edu.tr\/","sameAs":["https:\/\/www.facebook.com\/omu.uzem","https:\/\/www.instagram.com\/omu.uzem\/","https:\/\/www.youtube.com\/channel\/UCQ6c_wjaGQcIvBKTbPrOe2A","https:\/\/twitter.com\/omuuzem"],"logo":{"@type":"ImageObject","@id":"https:\/\/uzem.omu.edu.tr\/#logo","inLanguage":"en-US","url":"https:\/\/uzem.omu.edu.tr\/wp-content\/uploads\/ulogo-1.png","contentUrl":"https:\/\/uzem.omu.edu.tr\/wp-content\/uploads\/ulogo-1.png","width":364,"height":39,"caption":"UZEM"},"image":{"@id":"https:\/\/uzem.omu.edu.tr\/#logo"}},{"@type":"WebSite","@id":"https:\/\/uzem.omu.edu.tr\/#website","url":"https:\/\/uzem.omu.edu.tr\/","name":"OM\u00dc Uzaktan E\u011fitim Merkezi","description":"&quot;F\u0131rsatlar Sunar&quot;","publisher":{"@id":"https:\/\/uzem.omu.edu.tr\/#organization"},"potentialAction":[{"@type":"SearchAction","target":{"@type":"EntryPoint","urlTemplate":"https:\/\/uzem.omu.edu.tr\/?s={search_term_string}"},"query-input":"required name=search_term_string"}],"inLanguage":"en-US"},{"@type":"WebPage","@id":"https:\/\/uzem.omu.edu.tr\/ilahiyat-lisans-tamamlama-akademik-takvim\/#webpage","url":"https:\/\/uzem.omu.edu.tr\/ilahiyat-lisans-tamamlama-akademik-takvim\/","name":"\u0130lahiyat Lisans Tamamlama | Akademik Takvim - OM\u00dc Uzaktan E\u011fitim Merkezi","isPartOf":{"@id":"https:\/\/uzem.omu.edu.tr\/#website"},"datePublished":"2015-05-08T12:58:39+00:00","dateModified":"2020-05-12T08:39:15+00:00","breadcrumb":{"@id":"https:\/\/uzem.omu.edu.tr\/ilahiyat-lisans-tamamlama-akademik-takvim\/#breadcrumb"},"inLanguage":"en-US","potentialAction":[{"@type":"ReadAction","target":["https:\/\/uzem.omu.edu.tr\/ilahiyat-lisans-tamamlama-akademik-takvim\/"]}]},{"@type":"BreadcrumbList","@id":"https:\/\/uzem.omu.edu.tr\/ilahiyat-lisans-tamamlama-akademik-takvim\/#breadcrumb","itemListElement":[{"@type":"ListItem","position":1,"name":"Home","item":"https:\/\/uzem.omu.edu.tr\/"},{"@type":"ListItem","position":2,"name":"\u0130lahiyat Lisans Tamamlama | Akademik Takvim"}]}]}},"_links":{"self":[{"href":"https:\/\/uzem.omu.edu.tr\/en\/wp-json\/wp\/v2\/pages\/1399"}],"collection":[{"href":"https:\/\/uzem.omu.edu.tr\/en\/wp-json\/wp\/v2\/pages"}],"about":[{"href":"https:\/\/uzem.omu.edu.tr\/en\/wp-json\/wp\/v2\/types\/page"}],"author":[{"embeddable":true,"href":"https:\/\/uzem.omu.edu.tr\/en\/wp-json\/wp\/v2\/users\/5"}],"replies":[{"embeddable":true,"href":"https:\/\/uzem.omu.edu.tr\/en\/wp-json\/wp\/v2\/comments?post=1399"}],"version-history":[{"count":14,"href":"https:\/\/uzem.omu.edu.tr\/en\/wp-json\/wp\/v2\/pages\/1399\/revisions"}],"predecessor-version":[{"id":20564,"href":"https:\/\/uzem.omu.edu.tr\/en\/wp-json\/wp\/v2\/pages\/1399\/revisions\/20564"}],"wp:attachment":[{"href":"https:\/\/uzem.omu.edu.tr\/en\/wp-json\/wp\/v2\/media?parent=1399"}],"curies":[{"name":"wp","href":"https:\/\/api.w.org\/{rel}","templated":true}]}}